











{"id":13004,"date":"2023-12-18T11:55:39","date_gmt":"2023-12-18T11:55:39","guid":{"rendered":"https:\/\/www.ginefiv.com\/?page_id=13004"},"modified":"2023-12-18T12:38:52","modified_gmt":"2023-12-18T12:38:52","slug":"gracias-interes-prediagnostico","status":"publish","type":"page","link":"https:\/\/www.ginefiv.com\/ca\/gracias-interes-prediagnostico\/","title":{"rendered":"TYP CAT | Prediagnostico | Typeform"},"content":{"rendered":"<section class=\"page-cover has-thumbnail dark-theme\">   <div class=\"page-cover__container container\">     <div class=\"row\">       <div class=\"col-12 col-lg-8\">         <div class=\"page-cover__heading\">           <div class=\"page-cover__heading-wrapper\">                           <div class=\"page-cover__heading-title heading-title title-display hero-title\">               <h1>Moltes gr\u00e0cies pel teu inter\u00e8s!<\/h1> <p>Hem rebut les teves respostes i en breu t&#8217;enviarem la informaci\u00f3 i preus del tractament que podria ser m\u00e9s adequat per a tu.<\/p>             <\/div>                                     <\/div>         <\/div>       <\/div>     <\/div>   <\/div>         <div class=\"parallax-trigger fullsize page-cover-thumbnail\" data-magic=\"parallax\">       <picture class=\"page-cover__picture parallax-trigger__item\" data-item=\"parallax-item\">         <img decoding=\"async\" src=\"https:\/\/www.ginefiv.com\/wp-content\/uploads\/2023\/06\/fondo-home-21-scaled.jpg\" alt=\"TYP CAT | Prediagnostico | Typeform\">       <\/picture>     <\/div>     <\/section>","protected":false},"excerpt":{"rendered":"","protected":false},"author":1,"featured_media":373,"parent":0,"menu_order":0,"comment_status":"closed","ping_status":"closed","template":"","meta":{"_acf_changed":false,"footnotes":""},"class_list":["post-13004","page","type-page","status-publish","has-post-thumbnail","hentry"],"acf":[],"yoast_head":"<!-- This site is optimized with the Yoast SEO plugin v27.0 - https:\/\/yoast.com\/product\/yoast-seo-wordpress\/ -->\n<title>Gracias<\/title>\n<meta name=\"robots\" content=\"index, follow, max-snippet:-1, max-image-preview:large, max-video-preview:-1\" \/>\n<link rel=\"canonical\" href=\"https:\/\/www.ginefiv.com\/ca\/gracias-interes-prediagnostico\/\" \/>\n<meta property=\"og:locale\" content=\"ca_ES\" \/>\n<meta property=\"og:type\" content=\"article\" \/>\n<meta property=\"og:title\" content=\"Gracias\" \/>\n<meta property=\"og:url\" content=\"https:\/\/www.ginefiv.com\/ca\/gracias-interes-prediagnostico\/\" \/>\n<meta property=\"og:site_name\" content=\"Ginefiv Espa\u00f1a\" \/>\n<meta property=\"article:modified_time\" content=\"2023-12-18T12:38:52+00:00\" \/>\n<meta property=\"og:image\" content=\"https:\/\/www.ginefiv.com\/wp-content\/uploads\/2023\/06\/fondo-home-21-scaled.jpg\" \/>\n\t<meta property=\"og:image:width\" content=\"2560\" \/>\n\t<meta property=\"og:image:height\" content=\"1707\" \/>\n\t<meta property=\"og:image:type\" content=\"image\/jpeg\" \/>\n<meta name=\"twitter:card\" content=\"summary_large_image\" \/>\n<script type=\"application\/ld+json\" class=\"yoast-schema-graph\">{\"@context\":\"https:\/\/schema.org\",\"@graph\":[{\"@type\":\"WebPage\",\"@id\":\"https:\/\/www.ginefiv.com\/ca\/gracias-interes-prediagnostico\/\",\"url\":\"https:\/\/www.ginefiv.com\/ca\/gracias-interes-prediagnostico\/\",\"name\":\"Gracias\",\"isPartOf\":{\"@id\":\"https:\/\/www.ginefiv.com\/ca\/#website\"},\"primaryImageOfPage\":{\"@id\":\"https:\/\/www.ginefiv.com\/ca\/gracias-interes-prediagnostico\/#primaryimage\"},\"image\":{\"@id\":\"https:\/\/www.ginefiv.com\/ca\/gracias-interes-prediagnostico\/#primaryimage\"},\"thumbnailUrl\":\"https:\/\/www.ginefiv.com\/wp-content\/uploads\/2023\/06\/fondo-home-21-scaled.jpg\",\"datePublished\":\"2023-12-18T11:55:39+00:00\",\"dateModified\":\"2023-12-18T12:38:52+00:00\",\"breadcrumb\":{\"@id\":\"https:\/\/www.ginefiv.com\/ca\/gracias-interes-prediagnostico\/#breadcrumb\"},\"inLanguage\":\"ca\",\"potentialAction\":[{\"@type\":\"ReadAction\",\"target\":[\"https:\/\/www.ginefiv.com\/ca\/gracias-interes-prediagnostico\/\"]}]},{\"@type\":\"ImageObject\",\"inLanguage\":\"ca\",\"@id\":\"https:\/\/www.ginefiv.com\/ca\/gracias-interes-prediagnostico\/#primaryimage\",\"url\":\"https:\/\/www.ginefiv.com\/wp-content\/uploads\/2023\/06\/fondo-home-21-scaled.jpg\",\"contentUrl\":\"https:\/\/www.ginefiv.com\/wp-content\/uploads\/2023\/06\/fondo-home-21-scaled.jpg\",\"width\":2560,\"height\":1707},{\"@type\":\"BreadcrumbList\",\"@id\":\"https:\/\/www.ginefiv.com\/ca\/gracias-interes-prediagnostico\/#breadcrumb\",\"itemListElement\":[{\"@type\":\"ListItem\",\"position\":1,\"name\":\"Home\",\"item\":\"https:\/\/www.ginefiv.com\/ca\/\"},{\"@type\":\"ListItem\",\"position\":2,\"name\":\"TYP CAT | Prediagnostico | Typeform\"}]},{\"@type\":\"WebSite\",\"@id\":\"https:\/\/www.ginefiv.com\/ca\/#website\",\"url\":\"https:\/\/www.ginefiv.com\/ca\/\",\"name\":\"Ginefiv Espa\u00f1a\",\"description\":\"Ginefiv, tu cl\u00ednica de reproducci\u00f3n asistida. 35 a\u00f1os de experiencia en inseminaci\u00f3n artificial y fecundaci\u00f3n in vitro\",\"publisher\":{\"@id\":\"https:\/\/www.ginefiv.com\/ca\/#organization\"},\"potentialAction\":[{\"@type\":\"SearchAction\",\"target\":{\"@type\":\"EntryPoint\",\"urlTemplate\":\"https:\/\/www.ginefiv.com\/ca\/?s={search_term_string}\"},\"query-input\":{\"@type\":\"PropertyValueSpecification\",\"valueRequired\":true,\"valueName\":\"search_term_string\"}}],\"inLanguage\":\"ca\"},{\"@type\":\"Organization\",\"@id\":\"https:\/\/www.ginefiv.com\/ca\/#organization\",\"name\":\"Ginefiv\",\"url\":\"https:\/\/www.ginefiv.com\/ca\/\",\"logo\":{\"@type\":\"ImageObject\",\"inLanguage\":\"ca\",\"@id\":\"https:\/\/www.ginefiv.com\/ca\/#\/schema\/logo\/image\/\",\"url\":\"https:\/\/www.ginefiv.com\/wp-content\/uploads\/2023\/12\/descarga.png\",\"contentUrl\":\"https:\/\/www.ginefiv.com\/wp-content\/uploads\/2023\/12\/descarga.png\",\"width\":437,\"height\":115,\"caption\":\"Ginefiv\"},\"image\":{\"@id\":\"https:\/\/www.ginefiv.com\/ca\/#\/schema\/logo\/image\/\"}}]}<\/script>\n<!-- \/ Yoast SEO plugin. -->","yoast_head_json":{"title":"Gracias","robots":{"index":"index","follow":"follow","max-snippet":"max-snippet:-1","max-image-preview":"max-image-preview:large","max-video-preview":"max-video-preview:-1"},"canonical":"https:\/\/www.ginefiv.com\/ca\/gracias-interes-prediagnostico\/","og_locale":"ca_ES","og_type":"article","og_title":"Gracias","og_url":"https:\/\/www.ginefiv.com\/ca\/gracias-interes-prediagnostico\/","og_site_name":"Ginefiv Espa\u00f1a","article_modified_time":"2023-12-18T12:38:52+00:00","og_image":[{"width":2560,"height":1707,"url":"https:\/\/www.ginefiv.com\/wp-content\/uploads\/2023\/06\/fondo-home-21-scaled.jpg","type":"image\/jpeg"}],"twitter_card":"summary_large_image","schema":{"@context":"https:\/\/schema.org","@graph":[{"@type":"WebPage","@id":"https:\/\/www.ginefiv.com\/ca\/gracias-interes-prediagnostico\/","url":"https:\/\/www.ginefiv.com\/ca\/gracias-interes-prediagnostico\/","name":"Gracias","isPartOf":{"@id":"https:\/\/www.ginefiv.com\/ca\/#website"},"primaryImageOfPage":{"@id":"https:\/\/www.ginefiv.com\/ca\/gracias-interes-prediagnostico\/#primaryimage"},"image":{"@id":"https:\/\/www.ginefiv.com\/ca\/gracias-interes-prediagnostico\/#primaryimage"},"thumbnailUrl":"https:\/\/www.ginefiv.com\/wp-content\/uploads\/2023\/06\/fondo-home-21-scaled.jpg","datePublished":"2023-12-18T11:55:39+00:00","dateModified":"2023-12-18T12:38:52+00:00","breadcrumb":{"@id":"https:\/\/www.ginefiv.com\/ca\/gracias-interes-prediagnostico\/#breadcrumb"},"inLanguage":"ca","potentialAction":[{"@type":"ReadAction","target":["https:\/\/www.ginefiv.com\/ca\/gracias-interes-prediagnostico\/"]}]},{"@type":"ImageObject","inLanguage":"ca","@id":"https:\/\/www.ginefiv.com\/ca\/gracias-interes-prediagnostico\/#primaryimage","url":"https:\/\/www.ginefiv.com\/wp-content\/uploads\/2023\/06\/fondo-home-21-scaled.jpg","contentUrl":"https:\/\/www.ginefiv.com\/wp-content\/uploads\/2023\/06\/fondo-home-21-scaled.jpg","width":2560,"height":1707},{"@type":"BreadcrumbList","@id":"https:\/\/www.ginefiv.com\/ca\/gracias-interes-prediagnostico\/#breadcrumb","itemListElement":[{"@type":"ListItem","position":1,"name":"Home","item":"https:\/\/www.ginefiv.com\/ca\/"},{"@type":"ListItem","position":2,"name":"TYP CAT | Prediagnostico | Typeform"}]},{"@type":"WebSite","@id":"https:\/\/www.ginefiv.com\/ca\/#website","url":"https:\/\/www.ginefiv.com\/ca\/","name":"Ginefiv Espa\u00f1a","description":"Ginefiv, tu cl\u00ednica de reproducci\u00f3n asistida. 35 a\u00f1os de experiencia en inseminaci\u00f3n artificial y fecundaci\u00f3n in vitro","publisher":{"@id":"https:\/\/www.ginefiv.com\/ca\/#organization"},"potentialAction":[{"@type":"SearchAction","target":{"@type":"EntryPoint","urlTemplate":"https:\/\/www.ginefiv.com\/ca\/?s={search_term_string}"},"query-input":{"@type":"PropertyValueSpecification","valueRequired":true,"valueName":"search_term_string"}}],"inLanguage":"ca"},{"@type":"Organization","@id":"https:\/\/www.ginefiv.com\/ca\/#organization","name":"Ginefiv","url":"https:\/\/www.ginefiv.com\/ca\/","logo":{"@type":"ImageObject","inLanguage":"ca","@id":"https:\/\/www.ginefiv.com\/ca\/#\/schema\/logo\/image\/","url":"https:\/\/www.ginefiv.com\/wp-content\/uploads\/2023\/12\/descarga.png","contentUrl":"https:\/\/www.ginefiv.com\/wp-content\/uploads\/2023\/12\/descarga.png","width":437,"height":115,"caption":"Ginefiv"},"image":{"@id":"https:\/\/www.ginefiv.com\/ca\/#\/schema\/logo\/image\/"}}]}},"_links":{"self":[{"href":"https:\/\/www.ginefiv.com\/ca\/wp-json\/wp\/v2\/pages\/13004","targetHints":{"allow":["GET"]}}],"collection":[{"href":"https:\/\/www.ginefiv.com\/ca\/wp-json\/wp\/v2\/pages"}],"about":[{"href":"https:\/\/www.ginefiv.com\/ca\/wp-json\/wp\/v2\/types\/page"}],"author":[{"embeddable":true,"href":"https:\/\/www.ginefiv.com\/ca\/wp-json\/wp\/v2\/users\/1"}],"replies":[{"embeddable":true,"href":"https:\/\/www.ginefiv.com\/ca\/wp-json\/wp\/v2\/comments?post=13004"}],"version-history":[{"count":0,"href":"https:\/\/www.ginefiv.com\/ca\/wp-json\/wp\/v2\/pages\/13004\/revisions"}],"wp:featuredmedia":[{"embeddable":true,"href":"https:\/\/www.ginefiv.com\/ca\/wp-json\/wp\/v2\/media\/373"}],"wp:attachment":[{"href":"https:\/\/www.ginefiv.com\/ca\/wp-json\/wp\/v2\/media?parent=13004"}],"curies":[{"name":"wp","href":"https:\/\/api.w.org\/{rel}","templated":true}]}}