











{"id":5081,"date":"2023-10-18T09:04:36","date_gmt":"2023-10-18T09:04:36","guid":{"rendered":"https:\/\/www.ginefiv.com\/contacto-rdv\/"},"modified":"2024-09-16T09:09:59","modified_gmt":"2024-09-16T09:09:59","slug":"contacte","status":"publish","type":"page","link":"https:\/\/www.ginefiv.com\/ca\/contacte\/","title":{"rendered":"Contacte"},"content":{"rendered":"<section class=\"page-cover has-thumbnail dark-theme\">   <div class=\"page-cover__container container\">     <div class=\"row\">       <div class=\"col-12 col-lg-8\">         <div class=\"page-cover__heading\">           <div class=\"page-cover__heading-wrapper\">                           <div class=\"page-cover__heading-title heading-title title-display hero-title\">               <h1 class=\"heading-title title-display hero-title\">Contacte<\/h1>            <\/div>                                     <\/div>         <\/div>       <\/div>     <\/div>   <\/div>         <div class=\"parallax-trigger fullsize page-cover-thumbnail\" data-magic=\"parallax\">       <picture class=\"page-cover__picture parallax-trigger__item\" data-item=\"parallax-item\">         <img decoding=\"async\" src=\"https:\/\/www.ginefiv.com\/wp-content\/uploads\/2023\/10\/precios.png\" alt=\"Contacte\">       <\/picture>     <\/div>     <\/section>   <section  class=\"form-shortcodes-block background-accent-lightest custom-block-padding\">     <div class=\"container\">         <div class=\"row\">             <div class=\"col-12\">                 <div class=\"form-shortcodes-block__text-wrapper\">                                         <div class=\"text-wrapper__text-content\">                         <h1 class=\"title-display\">Parlem?<\/h1>                     <\/div>                 <\/div>                                      <div class=\"form-shortcodes-block__shortcode-wrapper\">                          <div class=\"wpcf7 no-js\" id=\"wpcf7-f8606-o1\" lang=\"ca\" dir=\"ltr\" data-wpcf7-id=\"8606\"> <div class=\"screen-reader-response\"><p role=\"status\" aria-live=\"polite\" aria-atomic=\"true\"><\/p> <ul><\/ul><\/div> <form action=\"\/ca\/wp-json\/wp\/v2\/pages\/5081#wpcf7-f8606-o1\" method=\"post\" class=\"wpcf7-form init\" aria-label=\"Formulari de contacte\" novalidate=\"novalidate\" data-status=\"init\"> <fieldset class=\"hidden-fields-container\"><input type=\"hidden\" name=\"_wpcf7\" value=\"8606\" \/><input type=\"hidden\" name=\"_wpcf7_version\" value=\"6.1.5\" \/><input type=\"hidden\" name=\"_wpcf7_locale\" value=\"ca\" \/><input type=\"hidden\" name=\"_wpcf7_unit_tag\" value=\"wpcf7-f8606-o1\" \/><input type=\"hidden\" name=\"_wpcf7_container_post\" value=\"0\" \/><input type=\"hidden\" name=\"_wpcf7_posted_data_hash\" value=\"\" \/><input type=\"hidden\" name=\"_wpcf7_recaptcha_response\" value=\"\" \/> <\/fieldset> <div class=\"row\">   <div class=\"col-6\">     <label class=\"w-100\"> Nom <span class=\"form-required-decorator\">*<\/span>     <span class=\"wpcf7-form-control-wrap\" data-name=\"firstname\"><input size=\"40\" maxlength=\"400\" class=\"wpcf7-form-control wpcf7-text wpcf7-validates-as-required\" aria-required=\"true\" aria-invalid=\"false\" value=\"\" type=\"text\" name=\"firstname\" \/><\/span> <\/label>   <\/div>    <div class=\"col-6\">     <label class=\"w-100\"> Cognoms <span class=\"form-required-decorator\">*<\/span>     <span class=\"wpcf7-form-control-wrap\" data-name=\"apellidos\"><input size=\"40\" maxlength=\"400\" class=\"wpcf7-form-control wpcf7-text wpcf7-validates-as-required\" aria-required=\"true\" aria-invalid=\"false\" value=\"\" type=\"text\" name=\"apellidos\" \/><\/span> <\/label>   <\/div> <\/div>  <div class=\"row\">   <div class=\"col-12\">     <label class=\"w-100\"> Edat <span class=\"form-required-decorator\">*<\/span>     <span class=\"wpcf7-form-control-wrap\" data-name=\"edad\"><input class=\"wpcf7-form-control wpcf7-number wpcf7-validates-as-required wpcf7-validates-as-number\" aria-required=\"true\" aria-invalid=\"false\" value=\"\" type=\"number\" name=\"edad\" \/><\/span> <\/label>   <\/div> <\/div>  <div class=\"row\">   <div class=\"col-12\">     <label class=\"w-100\"> Tria la teva cl\u00ednica <span class=\"form-required-decorator\">*<\/span>     <select name=\"elige_tu_clinica\" class=\"wpcf7-validates-as-required\" id=\"elige_tu_clinica\" aria-required=\"true\" required=\"required\" aria-invalid=\"false\"> <option value=\"Zurbano-Mtnez\">Madrid (Zurbano-Mtnez. Campos)<\/option><option value=\"San Sebasti\u00e1n de los Reyes\">San Sebasti\u00e1n de los Reyes<\/option><option value=\"Getafe\">Getafe<\/option><option value=\"Barcelona\">Barcelona<\/option> <\/select> <\/label>   <\/div> <\/div>  <div class=\"row\">   <div class=\"col-6\">     <label class=\"w-100\"> Tel\u00e8fon <span class=\"form-required-decorator\">*<\/span>     <span class=\"wpcf7-form-control-wrap\" data-name=\"phone\"><input size=\"40\" maxlength=\"400\" class=\"wpcf7-form-control wpcf7-tel wpcf7-validates-as-required wpcf7-text wpcf7-validates-as-tel\" aria-required=\"true\" aria-invalid=\"false\" value=\"\" type=\"tel\" name=\"phone\" \/><\/span> <\/label>   <\/div>    <div class=\"col-6\">     <label class=\"w-100\"> Correu electr\u00f2nic <span class=\"form-required-decorator\">*<\/span>     <span class=\"wpcf7-form-control-wrap\" data-name=\"email\"><input size=\"40\" maxlength=\"400\" class=\"wpcf7-form-control wpcf7-email wpcf7-validates-as-required wpcf7-text wpcf7-validates-as-email\" autocomplete=\"email\" aria-required=\"true\" aria-invalid=\"false\" value=\"\" type=\"email\" name=\"email\" \/><\/span> <\/label>   <\/div> <\/div>  <div class=\"row\">   <div class=\"col-12\">     <label> Contactar per <\/label>     <span class=\"wpcf7-form-control-wrap\" data-name=\"contactarme_por__form_contacto_\"><span class=\"wpcf7-form-control wpcf7-radio radio-list-container\"><span class=\"wpcf7-list-item first\"><label><input type=\"radio\" name=\"contactarme_por__form_contacto_\" value=\"Tel\u00e9fono\" checked=\"checked\" \/><span class=\"wpcf7-list-item-label\">Tel\u00e9fono<\/span><\/label><\/span><span class=\"wpcf7-list-item\"><label><input type=\"radio\" name=\"contactarme_por__form_contacto_\" value=\"Email\" \/><span class=\"wpcf7-list-item-label\">Email<\/span><\/label><\/span><span class=\"wpcf7-list-item last\"><label><input type=\"radio\" name=\"contactarme_por__form_contacto_\" value=\"WhatsApp\" \/><span class=\"wpcf7-list-item-label\">WhatsApp<\/span><\/label><\/span><\/span><\/span>   <\/div> <\/div>  <div class=\"row\">   <div class=\"col-12\">     <label class=\"w-100\"> Asseguran\u00e7a m\u00e8dica <span class=\"form-required-decorator\">*<\/span>     <select name=\"seguro_medico__form_contacto_\" class=\"wpcf7-validates-as-required\" id=\"seguro_medico__form_contacto_\" aria-required=\"true\" required=\"required\" aria-invalid=\"false\"> <option value=\"\" disabled selected>Trieu una opci\u00f3<\/option><option value=\"Adeslas\">Adeslas<\/option><option value=\"Antares\">Antares<\/option><option value=\"Aresa\">Aresa<\/option><option value=\"Asisa\">Asisa<\/option><option value=\"Avantsalud\">Avantsalud<\/option><option value=\"Caser\">Caser<\/option><option value=\"DKV\">DKV<\/option><option value=\"Groupama\">Groupama<\/option><option value=\"Hna\">Hna<\/option><option value=\"Mapfre\">Mapfre<\/option><option value=\"Mutua Madrile\u00f1a\">Mutua Madrile\u00f1a<\/option><option value=\"Sanitas\">Sanitas<\/option><option value=\"Ninguno\">Ninguno<\/option><option value=\"Otra\">Otra<\/option> <\/select> <\/label>   <\/div> <\/div>  <div class=\"row specific-insurance-wrapper\">   <div class=\"col-12\">     <label class=\"w-100\"> Nombre de tu seguro m\u00e9dico     <span class=\"wpcf7-form-control-wrap\" data-name=\"especificar_seguro_medico\"><input size=\"40\" maxlength=\"400\" class=\"wpcf7-form-control wpcf7-text col-12\" aria-invalid=\"false\" value=\"\" type=\"text\" name=\"especificar_seguro_medico\" \/><\/span> <\/label>   <\/div> <\/div>  <div class=\"row\">   <div class=\"col-12\">     <label class=\"w-100\"> Horari en el que podem localitzar-te     <span class=\"wpcf7-form-control-wrap\" data-name=\"group_contacto_horario\"><input size=\"40\" maxlength=\"400\" class=\"wpcf7-form-control wpcf7-text col-12\" aria-invalid=\"false\" value=\"\" type=\"text\" name=\"group_contacto_horario\" \/><\/span> <\/label>   <\/div> <\/div>  <div class=\"row\">   <div class=\"col-12\">     <label class=\"w-100\"> El teu missatge     <span class=\"wpcf7-form-control-wrap\" data-name=\"observaciones\"><textarea cols=\"40\" rows=\"10\" maxlength=\"2000\" class=\"wpcf7-form-control wpcf7-textarea col-12\" aria-invalid=\"false\" name=\"observaciones\"><\/textarea><\/span> <\/label>   <\/div> <\/div>  <div class=\"row\">   <div class=\"col-12\">     <div class=\"acceptance-container\">       <span class=\"wpcf7-form-control-wrap\" data-name=\"legal_consent\"><span class=\"wpcf7-form-control wpcf7-acceptance\"><span class=\"wpcf7-list-item\"><input type=\"checkbox\" name=\"legal_consent\" value=\"1\" class=\"acceptance-container__shortcode\" aria-invalid=\"false\" \/><\/span><\/span><\/span>       <label class=\"acceptance-label\">He llegit i accepto la <a href=\"https:\/\/www.ginefiv.com\/ca\/politica-del-sistema-de-gestio-de-la-privacitat\/\" target=\"_blank\">Pol\u00edtica de privadesa<\/a> i <a href=\"https:\/\/www.ginefiv.com\/ca\/avis-legal\/\" target=\"_blank\"> Av\u00eds legal<\/a><span class=\"form-required-decorator\">*<\/span><\/label>     <\/div>   <\/div>    <div class=\"col-12\">     <label> En fer clic a Envia, acceptes que Ginefiv emmagatzemi i processi la informaci\u00f3 personal subministrada a dalt per proporcionar-te el contingut sol\u00b7licitat.<\/label>   <\/div> <\/div>  <input class=\"wpcf7-form-control wpcf7-hidden\" id=\"form-name\" value=\"appointment_cat\" type=\"hidden\" name=\"form-name\" \/> <input type=\"hidden\" name=\"utm_campaign\" value=\"\" \/>   <input type=\"hidden\" name=\"utm_source\" value=\"\" \/>   <input type=\"hidden\" name=\"utm_medium\" value=\"\" \/>   <input type=\"hidden\" name=\"utm_term\" value=\"\" \/>   <input type=\"hidden\" name=\"utm_content\" value=\"\" \/>   <input type=\"hidden\" name=\"gclid\" value=\"\" \/>  <input class=\"wpcf7-form-control wpcf7-submit has-spinner\" type=\"submit\" value=\"Enviar\" \/><div class=\"wpcf7-response-output\" aria-hidden=\"true\"><\/div> <\/form> <\/div>                     <\/div>                             <\/div>         <\/div>     <\/div> <\/section>   <section> \t<div class=\"cta-block-container\"> \t\t<div class=\"cta-block-container__title\"> \t\t\t<p><h2>\u00bfTens dubtes?<\/h2> <\/p> \t\t<\/div> \t\t<div class=\"cta-block-container__separator d-none d-md-flex\"> \t\t\t<picture> \t\t\t\t<img decoding=\"async\" class=\"separator__img\" src=\"https:\/\/www.ginefiv.com\/wp-content\/themes\/wac-theme\/assets\/images\/icons\/cta-separator.webp\" alt=\"\"> \t\t\t<\/picture> \t\t<\/div> \t\t<div class=\"cta-block-container__icons-row\"> \t\t\t\t\t\t\t<div class=\"actions\"> \t\t\t\t\t<picture class=\"action__thumbnail\"> \t\t\t\t\t\t<img decoding=\"async\" class=\"action__img\" src=\"https:\/\/www.ginefiv.com\/wp-content\/themes\/wac-theme\/assets\/images\/icons\/cta-phone.webp\" alt=\"\"> \t\t\t\t\t<\/picture> \t\t\t\t\t<div class=\"action__text\"> \t\t\t\t\t\t\t\t\t\t\t\t\t<a class=\"action__text\" href=\"tel:900 908 988\" target=\"_blank\"> \t\t\t\t\t\t\t\t<p> \t\t\t\t\t\t\t\t\tLl\u00e1manos gratis al <br><strong>900 908 988<\/strong>\t\t\t\t\t\t\t\t<\/p> \t\t\t\t\t\t\t<\/a> \t\t\t\t\t\t\t\t\t\t\t<\/div> \t\t\t\t<\/div> \t\t\t\t\t\t\t<div class=\"actions\"> \t\t\t\t\t<picture class=\"action__thumbnail\"> \t\t\t\t\t\t<img decoding=\"async\" class=\"action__img\" src=\"https:\/\/www.ginefiv.com\/wp-content\/themes\/wac-theme\/assets\/images\/icons\/cta-clinics.webp\" alt=\"\"> \t\t\t\t\t<\/picture> \t\t\t\t\t<a class=\"action__text permalink underlined\" href=\"https:\/\/www.ginefiv.com\/clinicas\/\"> \t\t\t\t\t\t<p>Visitans en les<\/p> \t\t\t\t\t\t<strong>nostres cl\u00edniques Ginefiv<\/strong> \t\t\t\t\t<\/a> \t\t\t\t<\/div> \t\t\t\t\t\t\t<div class=\"actions\"> \t\t\t\t\t<picture class=\"action__thumbnail\"> \t\t\t\t\t\t<img decoding=\"async\" class=\"action__img\" src=\"https:\/\/www.ginefiv.com\/wp-content\/themes\/wac-theme\/assets\/images\/icons\/cta-appointment.webp\" alt=\"\"> \t\t\t\t\t<\/picture> \t\t\t\t\t<a class=\"action__text permalink underlined\" href=\"https:\/\/www.ginefiv.com\/ca\/demana-cita\/\"> \t\t\t\t\t\t<p>Demana una<\/p> \t\t\t\t\t\t<strong>cita amb Ginefiv<\/strong> \t\t\t\t\t<\/a> \t\t\t\t<\/div> \t\t\t\t\t<\/div> \t<\/div> <\/section>","protected":false},"excerpt":{"rendered":"","protected":false},"author":1,"featured_media":2343,"parent":0,"menu_order":0,"comment_status":"closed","ping_status":"closed","template":"templates\/appointment.php","meta":{"_acf_changed":false,"footnotes":""},"class_list":["post-5081","page","type-page","status-publish","has-post-thumbnail","hentry"],"acf":[],"yoast_head":"<!-- This site is optimized with the Yoast SEO plugin v27.0 - https:\/\/yoast.com\/product\/yoast-seo-wordpress\/ -->\n<title>Contacta amb Ginefiv: Dubtes i Cites | Ginefiv Espa\u00f1a<\/title>\n<meta name=\"robots\" content=\"index, follow, max-snippet:-1, max-image-preview:large, max-video-preview:-1\" \/>\n<link rel=\"canonical\" href=\"https:\/\/www.ginefiv.com\/ca\/contacte\/\" \/>\n<meta property=\"og:locale\" content=\"ca_ES\" \/>\n<meta property=\"og:type\" content=\"article\" \/>\n<meta property=\"og:title\" content=\"Contacta amb Ginefiv: Dubtes i Cites | Ginefiv Espa\u00f1a\" \/>\n<meta property=\"og:url\" content=\"https:\/\/www.ginefiv.com\/ca\/contacte\/\" \/>\n<meta property=\"og:site_name\" content=\"Ginefiv Espa\u00f1a\" \/>\n<meta property=\"article:modified_time\" content=\"2024-09-16T09:09:59+00:00\" \/>\n<meta property=\"og:image\" content=\"https:\/\/www.ginefiv.com\/wp-content\/uploads\/2023\/10\/precios-1024x793.png\" \/>\n\t<meta property=\"og:image:width\" content=\"1024\" \/>\n\t<meta property=\"og:image:height\" content=\"793\" \/>\n\t<meta property=\"og:image:type\" content=\"image\/png\" \/>\n<meta name=\"twitter:card\" content=\"summary_large_image\" \/>\n<meta name=\"twitter:label1\" content=\"Temps estimat de lectura\" \/>\n\t<meta name=\"twitter:data1\" content=\"1 minut\" \/>\n<script type=\"application\/ld+json\" class=\"yoast-schema-graph\">{\"@context\":\"https:\/\/schema.org\",\"@graph\":[{\"@type\":\"WebPage\",\"@id\":\"https:\/\/www.ginefiv.com\/ca\/contacte\/\",\"url\":\"https:\/\/www.ginefiv.com\/ca\/contacte\/\",\"name\":\"Contacta amb Ginefiv: Dubtes i Cites | Ginefiv Espa\u00f1a\",\"isPartOf\":{\"@id\":\"https:\/\/www.ginefiv.com\/ca\/#website\"},\"primaryImageOfPage\":{\"@id\":\"https:\/\/www.ginefiv.com\/ca\/contacte\/#primaryimage\"},\"image\":{\"@id\":\"https:\/\/www.ginefiv.com\/ca\/contacte\/#primaryimage\"},\"thumbnailUrl\":\"https:\/\/www.ginefiv.com\/wp-content\/uploads\/2023\/10\/precios.png\",\"datePublished\":\"2023-10-18T09:04:36+00:00\",\"dateModified\":\"2024-09-16T09:09:59+00:00\",\"breadcrumb\":{\"@id\":\"https:\/\/www.ginefiv.com\/ca\/contacte\/#breadcrumb\"},\"inLanguage\":\"ca\",\"potentialAction\":[{\"@type\":\"ReadAction\",\"target\":[\"https:\/\/www.ginefiv.com\/ca\/contacte\/\"]}]},{\"@type\":\"ImageObject\",\"inLanguage\":\"ca\",\"@id\":\"https:\/\/www.ginefiv.com\/ca\/contacte\/#primaryimage\",\"url\":\"https:\/\/www.ginefiv.com\/wp-content\/uploads\/2023\/10\/precios.png\",\"contentUrl\":\"https:\/\/www.ginefiv.com\/wp-content\/uploads\/2023\/10\/precios.png\",\"width\":6000,\"height\":4647},{\"@type\":\"BreadcrumbList\",\"@id\":\"https:\/\/www.ginefiv.com\/ca\/contacte\/#breadcrumb\",\"itemListElement\":[{\"@type\":\"ListItem\",\"position\":1,\"name\":\"Home\",\"item\":\"https:\/\/www.ginefiv.com\/ca\/\"},{\"@type\":\"ListItem\",\"position\":2,\"name\":\"Contacte\"}]},{\"@type\":\"WebSite\",\"@id\":\"https:\/\/www.ginefiv.com\/ca\/#website\",\"url\":\"https:\/\/www.ginefiv.com\/ca\/\",\"name\":\"Ginefiv Espa\u00f1a\",\"description\":\"Ginefiv, tu cl\u00ednica de reproducci\u00f3n asistida. 35 a\u00f1os de experiencia en inseminaci\u00f3n artificial y fecundaci\u00f3n in vitro\",\"publisher\":{\"@id\":\"https:\/\/www.ginefiv.com\/ca\/#organization\"},\"potentialAction\":[{\"@type\":\"SearchAction\",\"target\":{\"@type\":\"EntryPoint\",\"urlTemplate\":\"https:\/\/www.ginefiv.com\/ca\/?s={search_term_string}\"},\"query-input\":{\"@type\":\"PropertyValueSpecification\",\"valueRequired\":true,\"valueName\":\"search_term_string\"}}],\"inLanguage\":\"ca\"},{\"@type\":\"Organization\",\"@id\":\"https:\/\/www.ginefiv.com\/ca\/#organization\",\"name\":\"Ginefiv\",\"url\":\"https:\/\/www.ginefiv.com\/ca\/\",\"logo\":{\"@type\":\"ImageObject\",\"inLanguage\":\"ca\",\"@id\":\"https:\/\/www.ginefiv.com\/ca\/#\/schema\/logo\/image\/\",\"url\":\"https:\/\/www.ginefiv.com\/wp-content\/uploads\/2023\/12\/descarga.png\",\"contentUrl\":\"https:\/\/www.ginefiv.com\/wp-content\/uploads\/2023\/12\/descarga.png\",\"width\":437,\"height\":115,\"caption\":\"Ginefiv\"},\"image\":{\"@id\":\"https:\/\/www.ginefiv.com\/ca\/#\/schema\/logo\/image\/\"}}]}<\/script>\n<!-- \/ Yoast SEO plugin. -->","yoast_head_json":{"title":"Contacta amb Ginefiv: Dubtes i Cites | Ginefiv Espa\u00f1a","robots":{"index":"index","follow":"follow","max-snippet":"max-snippet:-1","max-image-preview":"max-image-preview:large","max-video-preview":"max-video-preview:-1"},"canonical":"https:\/\/www.ginefiv.com\/ca\/contacte\/","og_locale":"ca_ES","og_type":"article","og_title":"Contacta amb Ginefiv: Dubtes i Cites | Ginefiv Espa\u00f1a","og_url":"https:\/\/www.ginefiv.com\/ca\/contacte\/","og_site_name":"Ginefiv Espa\u00f1a","article_modified_time":"2024-09-16T09:09:59+00:00","og_image":[{"width":1024,"height":793,"url":"https:\/\/www.ginefiv.com\/wp-content\/uploads\/2023\/10\/precios-1024x793.png","type":"image\/png"}],"twitter_card":"summary_large_image","twitter_misc":{"Temps estimat de lectura":"1 minut"},"schema":{"@context":"https:\/\/schema.org","@graph":[{"@type":"WebPage","@id":"https:\/\/www.ginefiv.com\/ca\/contacte\/","url":"https:\/\/www.ginefiv.com\/ca\/contacte\/","name":"Contacta amb Ginefiv: Dubtes i Cites | Ginefiv Espa\u00f1a","isPartOf":{"@id":"https:\/\/www.ginefiv.com\/ca\/#website"},"primaryImageOfPage":{"@id":"https:\/\/www.ginefiv.com\/ca\/contacte\/#primaryimage"},"image":{"@id":"https:\/\/www.ginefiv.com\/ca\/contacte\/#primaryimage"},"thumbnailUrl":"https:\/\/www.ginefiv.com\/wp-content\/uploads\/2023\/10\/precios.png","datePublished":"2023-10-18T09:04:36+00:00","dateModified":"2024-09-16T09:09:59+00:00","breadcrumb":{"@id":"https:\/\/www.ginefiv.com\/ca\/contacte\/#breadcrumb"},"inLanguage":"ca","potentialAction":[{"@type":"ReadAction","target":["https:\/\/www.ginefiv.com\/ca\/contacte\/"]}]},{"@type":"ImageObject","inLanguage":"ca","@id":"https:\/\/www.ginefiv.com\/ca\/contacte\/#primaryimage","url":"https:\/\/www.ginefiv.com\/wp-content\/uploads\/2023\/10\/precios.png","contentUrl":"https:\/\/www.ginefiv.com\/wp-content\/uploads\/2023\/10\/precios.png","width":6000,"height":4647},{"@type":"BreadcrumbList","@id":"https:\/\/www.ginefiv.com\/ca\/contacte\/#breadcrumb","itemListElement":[{"@type":"ListItem","position":1,"name":"Home","item":"https:\/\/www.ginefiv.com\/ca\/"},{"@type":"ListItem","position":2,"name":"Contacte"}]},{"@type":"WebSite","@id":"https:\/\/www.ginefiv.com\/ca\/#website","url":"https:\/\/www.ginefiv.com\/ca\/","name":"Ginefiv Espa\u00f1a","description":"Ginefiv, tu cl\u00ednica de reproducci\u00f3n asistida. 35 a\u00f1os de experiencia en inseminaci\u00f3n artificial y fecundaci\u00f3n in vitro","publisher":{"@id":"https:\/\/www.ginefiv.com\/ca\/#organization"},"potentialAction":[{"@type":"SearchAction","target":{"@type":"EntryPoint","urlTemplate":"https:\/\/www.ginefiv.com\/ca\/?s={search_term_string}"},"query-input":{"@type":"PropertyValueSpecification","valueRequired":true,"valueName":"search_term_string"}}],"inLanguage":"ca"},{"@type":"Organization","@id":"https:\/\/www.ginefiv.com\/ca\/#organization","name":"Ginefiv","url":"https:\/\/www.ginefiv.com\/ca\/","logo":{"@type":"ImageObject","inLanguage":"ca","@id":"https:\/\/www.ginefiv.com\/ca\/#\/schema\/logo\/image\/","url":"https:\/\/www.ginefiv.com\/wp-content\/uploads\/2023\/12\/descarga.png","contentUrl":"https:\/\/www.ginefiv.com\/wp-content\/uploads\/2023\/12\/descarga.png","width":437,"height":115,"caption":"Ginefiv"},"image":{"@id":"https:\/\/www.ginefiv.com\/ca\/#\/schema\/logo\/image\/"}}]}},"_links":{"self":[{"href":"https:\/\/www.ginefiv.com\/ca\/wp-json\/wp\/v2\/pages\/5081","targetHints":{"allow":["GET"]}}],"collection":[{"href":"https:\/\/www.ginefiv.com\/ca\/wp-json\/wp\/v2\/pages"}],"about":[{"href":"https:\/\/www.ginefiv.com\/ca\/wp-json\/wp\/v2\/types\/page"}],"author":[{"embeddable":true,"href":"https:\/\/www.ginefiv.com\/ca\/wp-json\/wp\/v2\/users\/1"}],"replies":[{"embeddable":true,"href":"https:\/\/www.ginefiv.com\/ca\/wp-json\/wp\/v2\/comments?post=5081"}],"version-history":[{"count":0,"href":"https:\/\/www.ginefiv.com\/ca\/wp-json\/wp\/v2\/pages\/5081\/revisions"}],"wp:featuredmedia":[{"embeddable":true,"href":"https:\/\/www.ginefiv.com\/ca\/wp-json\/wp\/v2\/media\/2343"}],"wp:attachment":[{"href":"https:\/\/www.ginefiv.com\/ca\/wp-json\/wp\/v2\/media?parent=5081"}],"curies":[{"name":"wp","href":"https:\/\/api.w.org\/{rel}","templated":true}]}}