











{"id":5160,"date":"2023-08-08T06:41:03","date_gmt":"2023-08-08T06:41:03","guid":{"rendered":"https:\/\/www.ginefiv.com\/?page_id=5160"},"modified":"2024-09-06T10:48:43","modified_gmt":"2024-09-06T10:48:43","slug":"faq","status":"publish","type":"page","link":"https:\/\/www.ginefiv.com\/ca\/faq\/","title":{"rendered":"FAQS"},"content":{"rendered":"<section class=\"page-cover has-thumbnail dark-theme\">   <div class=\"page-cover__container container\">     <div class=\"row\">       <div class=\"col-12 col-lg-8\">         <div class=\"page-cover__heading\">           <div class=\"page-cover__heading-wrapper\">                           <div class=\"page-cover__heading-title heading-title title-display hero-title\">               <h1 class=\"title-display\">Preguntes freq\u00fcents sobre la reproducci\u00f3 assistida<\/h1>             <\/div>                            <div class=\"page-cover__heading-content text-lg\">                 <p>Quan no aconsegueixes un embar\u00e0s de manera natural, \u00e9s completament normal comen\u00e7ar a fer-te preguntes i tenir dubtes per resoldre.<\/p>               <\/div>                                    <\/div>         <\/div>       <\/div>     <\/div>   <\/div>         <div class=\"parallax-trigger fullsize page-cover-thumbnail\" data-magic=\"parallax\">       <picture class=\"page-cover__picture parallax-trigger__item\" data-item=\"parallax-item\">         <img decoding=\"async\" src=\"https:\/\/www.ginefiv.com\/wp-content\/uploads\/2023\/08\/fondo_faqs.png\" alt=\"FAQS\">       <\/picture>     <\/div>     <\/section>   <section class=\"wp-block-breadcrumbs\">   <div class=\"content-wrapper\">     <ul>                   <li>               <a href=\"https:\/\/www.ginefiv.com\/ca\/\" title=\"Ginefiv Espa\u00f1a\">                 Ginefiv              <\/a>             <\/li>                         <li>               <span class=\"current\" title=\"FAQS\">                 FAQS              <\/span>             <\/li>                 <\/ul>   <\/div> <\/section>    <div class=\"wp-block-columns is-layout-flex wp-container-core-columns-is-layout-28f84493 wp-block-columns-is-layout-flex\"> <div class=\"wp-block-column is-layout-flow wp-block-column-is-layout-flow\"> <p>Passa el mateix si ja saps que necessitar\u00e0s rec\u00f3rrer a tractaments de reproducci\u00f3 assistida, o fins i tot durant i despr\u00e9s del tractament. En aquesta secci\u00f3 mirarem de resoldre els dubtes i les preguntes m\u00e9s freq\u00fcents que et puguin sorgir.<\/p>    <p>Consulta cada apartat per aclarir els teus dubtes. Tamb\u00e9 et pots posar en contacte amb nosaltres per resoldre qualsevol q\u00fcesti\u00f3 en tot moment.<\/p>    <p><strong><a href=\"https:\/\/www.ginefiv.com\/ca\/faq\/abans-tractament\/\">&gt; Preguntes freq\u00fcents abans del tractament<\/a><\/strong><\/p>    <p><strong><a href=\"https:\/\/www.ginefiv.com\/ca\/faq\/durant-tractament\/\">&gt; Preguntes freq\u00fcents durant el tractament<\/a><\/strong><\/p>    <p><strong><a href=\"https:\/\/www.ginefiv.com\/ca\/faq\/despres-tractament\/\">&gt; Preguntes freq\u00fcents despr\u00e9s del tractament<\/a><\/strong><\/p>    <p><strong><a href=\"https:\/\/www.ginefiv.com\/ca\/faq\/medicaments\/\">&gt; Preguntes freq\u00fcents sobre els medicaments<\/a><\/strong><\/p> <\/div> <\/div>    <div class=\"wp-block-columns is-layout-flex wp-container-core-columns-is-layout-28f84493 wp-block-columns-is-layout-flex\"> <div class=\"wp-block-column wp-column-is-centred is-layout-flow wp-block-column-is-layout-flow\" style=\"flex-basis:650px\"> <h2 class=\"wp-block-heading has-text-align-center\">Contacta amb nosaltres per resoldre qualsevol altre dubte<\/h2>    <p><\/p>    <p class=\"has-text-align-center\">Omple el formulari de contacte amb les teves dades i un especialista es posar\u00e0 en contacte amb tu per resoldre qualsevol dubte o concertar una visita.<\/p>    <div class=\"wp-block-buttons is-content-justification-center is-layout-flex wp-container-core-buttons-is-layout-a89b3969 wp-block-buttons-is-layout-flex\"> <div class=\"wp-block-button\"><a class=\"wp-block-button__link has-orange-background-color has-background wp-element-button\" href=\"https:\/\/www.ginefiv.com\/ca\/contacte\/\" style=\"border-radius:5px\">Contacta&#8217;ns<\/a><\/div> <\/div> <\/div> <\/div>    <div class=\"wp-block-columns alignfull has-turquoise-teal-background-color has-background is-layout-flex wp-container-core-columns-is-layout-28f84493 wp-block-columns-is-layout-flex\"> <div class=\"wp-block-column is-layout-flow wp-block-column-is-layout-flow\"> <section class=\"grid-icons-block content-wrapper\">        <div class=\"grid-icon\">             <picture class=\"grid-icon__thumbnail\">         <img loading=\"lazy\" decoding=\"async\" width=\"700\" height=\"700\" src=\"https:\/\/www.ginefiv.com\/wp-content\/uploads\/2023\/10\/35anos.png\" class=\"attachment-large size-large\" alt=\"\" srcset=\"https:\/\/www.ginefiv.com\/wp-content\/uploads\/2023\/10\/35anos.png 700w, https:\/\/www.ginefiv.com\/wp-content\/uploads\/2023\/10\/35anos-300x300.png 300w, https:\/\/www.ginefiv.com\/wp-content\/uploads\/2023\/10\/35anos-150x150.png 150w, https:\/\/www.ginefiv.com\/wp-content\/uploads\/2023\/10\/35anos-420x420.png 420w\" sizes=\"auto, (max-width: 700px) 100vw, 700px\" \/>      <\/picture>             <div class=\"grid-icon__text\">         35 anys d&#8217;experi\u00e8ncia      <\/div>     <\/div>         <div class=\"grid-icon\">             <picture class=\"grid-icon__thumbnail\">         <img loading=\"lazy\" decoding=\"async\" width=\"700\" height=\"700\" src=\"https:\/\/www.ginefiv.com\/wp-content\/uploads\/2023\/10\/mano-cruz.png\" class=\"attachment-large size-large\" alt=\"\" srcset=\"https:\/\/www.ginefiv.com\/wp-content\/uploads\/2023\/10\/mano-cruz.png 700w, https:\/\/www.ginefiv.com\/wp-content\/uploads\/2023\/10\/mano-cruz-300x300.png 300w, https:\/\/www.ginefiv.com\/wp-content\/uploads\/2023\/10\/mano-cruz-150x150.png 150w, https:\/\/www.ginefiv.com\/wp-content\/uploads\/2023\/10\/mano-cruz-420x420.png 420w\" sizes=\"auto, (max-width: 700px) 100vw, 700px\" \/>      <\/picture>             <div class=\"grid-icon__text\">         Seguretat garantida      <\/div>     <\/div>         <div class=\"grid-icon\">             <picture class=\"grid-icon__thumbnail\">         <img loading=\"lazy\" decoding=\"async\" width=\"700\" height=\"700\" src=\"https:\/\/www.ginefiv.com\/wp-content\/uploads\/2023\/10\/auriculares.png\" class=\"attachment-large size-large\" alt=\"\" srcset=\"https:\/\/www.ginefiv.com\/wp-content\/uploads\/2023\/10\/auriculares.png 700w, https:\/\/www.ginefiv.com\/wp-content\/uploads\/2023\/10\/auriculares-300x300.png 300w, https:\/\/www.ginefiv.com\/wp-content\/uploads\/2023\/10\/auriculares-150x150.png 150w, https:\/\/www.ginefiv.com\/wp-content\/uploads\/2023\/10\/auriculares-420x420.png 420w\" sizes=\"auto, (max-width: 700px) 100vw, 700px\" \/>      <\/picture>             <div class=\"grid-icon__text\">         Assist\u00e8ncia personalitzada      <\/div>     <\/div>         <div class=\"grid-icon\">             <picture class=\"grid-icon__thumbnail\">         <img loading=\"lazy\" decoding=\"async\" width=\"700\" height=\"700\" src=\"https:\/\/www.ginefiv.com\/wp-content\/uploads\/2023\/10\/ovulo.png\" class=\"attachment-large size-large\" alt=\"\" srcset=\"https:\/\/www.ginefiv.com\/wp-content\/uploads\/2023\/10\/ovulo.png 700w, https:\/\/www.ginefiv.com\/wp-content\/uploads\/2023\/10\/ovulo-300x300.png 300w, https:\/\/www.ginefiv.com\/wp-content\/uploads\/2023\/10\/ovulo-150x150.png 150w, https:\/\/www.ginefiv.com\/wp-content\/uploads\/2023\/10\/ovulo-420x420.png 420w\" sizes=\"auto, (max-width: 700px) 100vw, 700px\" \/>      <\/picture>             <div class=\"grid-icon__text\">         A l&#8217;avantguarda tecnol\u00f2gica      <\/div>     <\/div>         <div class=\"grid-icon\">             <picture class=\"grid-icon__thumbnail\">         <img loading=\"lazy\" decoding=\"async\" width=\"700\" height=\"700\" src=\"https:\/\/www.ginefiv.com\/wp-content\/uploads\/2023\/10\/medalla.png\" class=\"attachment-large size-large\" alt=\"\" srcset=\"https:\/\/www.ginefiv.com\/wp-content\/uploads\/2023\/10\/medalla.png 700w, https:\/\/www.ginefiv.com\/wp-content\/uploads\/2023\/10\/medalla-300x300.png 300w, https:\/\/www.ginefiv.com\/wp-content\/uploads\/2023\/10\/medalla-150x150.png 150w, https:\/\/www.ginefiv.com\/wp-content\/uploads\/2023\/10\/medalla-420x420.png 420w\" sizes=\"auto, (max-width: 700px) 100vw, 700px\" \/>      <\/picture>             <div class=\"grid-icon__text\">         Taxa d&#8217;\u00e8xit elevada      <\/div>     <\/div>         <div class=\"grid-icon\">             <picture class=\"grid-icon__thumbnail\">         <img loading=\"lazy\" decoding=\"async\" width=\"700\" height=\"700\" src=\"https:\/\/www.ginefiv.com\/wp-content\/uploads\/2023\/10\/mano-ok.png\" class=\"attachment-large size-large\" alt=\"\" srcset=\"https:\/\/www.ginefiv.com\/wp-content\/uploads\/2023\/10\/mano-ok.png 700w, https:\/\/www.ginefiv.com\/wp-content\/uploads\/2023\/10\/mano-ok-300x300.png 300w, https:\/\/www.ginefiv.com\/wp-content\/uploads\/2023\/10\/mano-ok-150x150.png 150w, https:\/\/www.ginefiv.com\/wp-content\/uploads\/2023\/10\/mano-ok-420x420.png 420w\" sizes=\"auto, (max-width: 700px) 100vw, 700px\" \/>      <\/picture>             <div class=\"grid-icon__text\">         Tarifes econ\u00f2miques      <\/div>     <\/div>     <\/section><\/div> <\/div>","protected":false},"excerpt":{"rendered":"<p>Passa el mateix si ja saps que necessitar\u00e0s rec\u00f3rrer a tractaments de reproducci\u00f3 assistida, o fins i tot durant i&#8230;<\/p>\n","protected":false},"author":2,"featured_media":1053,"parent":0,"menu_order":0,"comment_status":"closed","ping_status":"closed","template":"","meta":{"_acf_changed":false,"footnotes":""},"class_list":["post-5160","page","type-page","status-publish","has-post-thumbnail","hentry"],"acf":[],"yoast_head":"<!-- This site is optimized with the Yoast SEO plugin v27.0 - https:\/\/yoast.com\/product\/yoast-seo-wordpress\/ -->\n<title>Preguntes Freq\u00fcents sobre Reproducci\u00f3 Assistida | Ginefiv Espa\u00f1a<\/title>\n<meta name=\"description\" content=\"Responem a totes les teves preguntes sobre els tractaments de reproducci\u00f3 assistida a les nostres cl\u00edniques de Madrid, Barcelona i Getafe.\" \/>\n<meta name=\"robots\" content=\"index, follow, max-snippet:-1, max-image-preview:large, max-video-preview:-1\" \/>\n<link rel=\"canonical\" href=\"https:\/\/www.ginefiv.com\/ca\/faq\/\" \/>\n<meta property=\"og:locale\" content=\"ca_ES\" \/>\n<meta property=\"og:type\" content=\"article\" \/>\n<meta property=\"og:title\" content=\"Preguntes Freq\u00fcents sobre Reproducci\u00f3 Assistida | Ginefiv Espa\u00f1a\" \/>\n<meta property=\"og:description\" content=\"Responem a totes les teves preguntes sobre els tractaments de reproducci\u00f3 assistida a les nostres cl\u00edniques de Madrid, Barcelona i Getafe.\" \/>\n<meta property=\"og:url\" content=\"https:\/\/www.ginefiv.com\/ca\/faq\/\" \/>\n<meta property=\"og:site_name\" content=\"Ginefiv Espa\u00f1a\" \/>\n<meta property=\"article:modified_time\" content=\"2024-09-06T10:48:43+00:00\" \/>\n<meta property=\"og:image\" content=\"https:\/\/www.ginefiv.com\/wp-content\/uploads\/2023\/08\/fondo_faqs-1024x683.png\" \/>\n\t<meta property=\"og:image:width\" content=\"1024\" \/>\n\t<meta property=\"og:image:height\" content=\"683\" \/>\n\t<meta property=\"og:image:type\" content=\"image\/png\" \/>\n<meta name=\"twitter:card\" content=\"summary_large_image\" \/>\n<meta name=\"twitter:label1\" content=\"Temps estimat de lectura\" \/>\n\t<meta name=\"twitter:data1\" content=\"1 minut\" \/>\n<script type=\"application\/ld+json\" class=\"yoast-schema-graph\">{\"@context\":\"https:\/\/schema.org\",\"@graph\":[{\"@type\":\"WebPage\",\"@id\":\"https:\/\/www.ginefiv.com\/ca\/faq\/\",\"url\":\"https:\/\/www.ginefiv.com\/ca\/faq\/\",\"name\":\"Preguntes Freq\u00fcents sobre Reproducci\u00f3 Assistida | Ginefiv Espa\u00f1a\",\"isPartOf\":{\"@id\":\"https:\/\/www.ginefiv.com\/ca\/#website\"},\"primaryImageOfPage\":{\"@id\":\"https:\/\/www.ginefiv.com\/ca\/faq\/#primaryimage\"},\"image\":{\"@id\":\"https:\/\/www.ginefiv.com\/ca\/faq\/#primaryimage\"},\"thumbnailUrl\":\"https:\/\/www.ginefiv.com\/wp-content\/uploads\/2023\/08\/fondo_faqs.png\",\"datePublished\":\"2023-08-08T06:41:03+00:00\",\"dateModified\":\"2024-09-06T10:48:43+00:00\",\"description\":\"Responem a totes les teves preguntes sobre els tractaments de reproducci\u00f3 assistida a les nostres cl\u00edniques de Madrid, Barcelona i Getafe.\",\"breadcrumb\":{\"@id\":\"https:\/\/www.ginefiv.com\/ca\/faq\/#breadcrumb\"},\"inLanguage\":\"ca\",\"potentialAction\":[{\"@type\":\"ReadAction\",\"target\":[\"https:\/\/www.ginefiv.com\/ca\/faq\/\"]}]},{\"@type\":\"ImageObject\",\"inLanguage\":\"ca\",\"@id\":\"https:\/\/www.ginefiv.com\/ca\/faq\/#primaryimage\",\"url\":\"https:\/\/www.ginefiv.com\/wp-content\/uploads\/2023\/08\/fondo_faqs.png\",\"contentUrl\":\"https:\/\/www.ginefiv.com\/wp-content\/uploads\/2023\/08\/fondo_faqs.png\",\"width\":4500,\"height\":3000},{\"@type\":\"BreadcrumbList\",\"@id\":\"https:\/\/www.ginefiv.com\/ca\/faq\/#breadcrumb\",\"itemListElement\":[{\"@type\":\"ListItem\",\"position\":1,\"name\":\"Home\",\"item\":\"https:\/\/www.ginefiv.com\/ca\/\"},{\"@type\":\"ListItem\",\"position\":2,\"name\":\"FAQS\"}]},{\"@type\":\"WebSite\",\"@id\":\"https:\/\/www.ginefiv.com\/ca\/#website\",\"url\":\"https:\/\/www.ginefiv.com\/ca\/\",\"name\":\"Ginefiv Espa\u00f1a\",\"description\":\"Ginefiv, tu cl\u00ednica de reproducci\u00f3n asistida. 35 a\u00f1os de experiencia en inseminaci\u00f3n artificial y fecundaci\u00f3n in vitro\",\"publisher\":{\"@id\":\"https:\/\/www.ginefiv.com\/ca\/#organization\"},\"potentialAction\":[{\"@type\":\"SearchAction\",\"target\":{\"@type\":\"EntryPoint\",\"urlTemplate\":\"https:\/\/www.ginefiv.com\/ca\/?s={search_term_string}\"},\"query-input\":{\"@type\":\"PropertyValueSpecification\",\"valueRequired\":true,\"valueName\":\"search_term_string\"}}],\"inLanguage\":\"ca\"},{\"@type\":\"Organization\",\"@id\":\"https:\/\/www.ginefiv.com\/ca\/#organization\",\"name\":\"Ginefiv\",\"url\":\"https:\/\/www.ginefiv.com\/ca\/\",\"logo\":{\"@type\":\"ImageObject\",\"inLanguage\":\"ca\",\"@id\":\"https:\/\/www.ginefiv.com\/ca\/#\/schema\/logo\/image\/\",\"url\":\"https:\/\/www.ginefiv.com\/wp-content\/uploads\/2023\/12\/descarga.png\",\"contentUrl\":\"https:\/\/www.ginefiv.com\/wp-content\/uploads\/2023\/12\/descarga.png\",\"width\":437,\"height\":115,\"caption\":\"Ginefiv\"},\"image\":{\"@id\":\"https:\/\/www.ginefiv.com\/ca\/#\/schema\/logo\/image\/\"}}]}<\/script>\n<!-- \/ Yoast SEO plugin. -->","yoast_head_json":{"title":"Preguntes Freq\u00fcents sobre Reproducci\u00f3 Assistida | Ginefiv Espa\u00f1a","description":"Responem a totes les teves preguntes sobre els tractaments de reproducci\u00f3 assistida a les nostres cl\u00edniques de Madrid, Barcelona i Getafe.","robots":{"index":"index","follow":"follow","max-snippet":"max-snippet:-1","max-image-preview":"max-image-preview:large","max-video-preview":"max-video-preview:-1"},"canonical":"https:\/\/www.ginefiv.com\/ca\/faq\/","og_locale":"ca_ES","og_type":"article","og_title":"Preguntes Freq\u00fcents sobre Reproducci\u00f3 Assistida | Ginefiv Espa\u00f1a","og_description":"Responem a totes les teves preguntes sobre els tractaments de reproducci\u00f3 assistida a les nostres cl\u00edniques de Madrid, Barcelona i Getafe.","og_url":"https:\/\/www.ginefiv.com\/ca\/faq\/","og_site_name":"Ginefiv Espa\u00f1a","article_modified_time":"2024-09-06T10:48:43+00:00","og_image":[{"width":1024,"height":683,"url":"https:\/\/www.ginefiv.com\/wp-content\/uploads\/2023\/08\/fondo_faqs-1024x683.png","type":"image\/png"}],"twitter_card":"summary_large_image","twitter_misc":{"Temps estimat de lectura":"1 minut"},"schema":{"@context":"https:\/\/schema.org","@graph":[{"@type":"WebPage","@id":"https:\/\/www.ginefiv.com\/ca\/faq\/","url":"https:\/\/www.ginefiv.com\/ca\/faq\/","name":"Preguntes Freq\u00fcents sobre Reproducci\u00f3 Assistida | Ginefiv Espa\u00f1a","isPartOf":{"@id":"https:\/\/www.ginefiv.com\/ca\/#website"},"primaryImageOfPage":{"@id":"https:\/\/www.ginefiv.com\/ca\/faq\/#primaryimage"},"image":{"@id":"https:\/\/www.ginefiv.com\/ca\/faq\/#primaryimage"},"thumbnailUrl":"https:\/\/www.ginefiv.com\/wp-content\/uploads\/2023\/08\/fondo_faqs.png","datePublished":"2023-08-08T06:41:03+00:00","dateModified":"2024-09-06T10:48:43+00:00","description":"Responem a totes les teves preguntes sobre els tractaments de reproducci\u00f3 assistida a les nostres cl\u00edniques de Madrid, Barcelona i Getafe.","breadcrumb":{"@id":"https:\/\/www.ginefiv.com\/ca\/faq\/#breadcrumb"},"inLanguage":"ca","potentialAction":[{"@type":"ReadAction","target":["https:\/\/www.ginefiv.com\/ca\/faq\/"]}]},{"@type":"ImageObject","inLanguage":"ca","@id":"https:\/\/www.ginefiv.com\/ca\/faq\/#primaryimage","url":"https:\/\/www.ginefiv.com\/wp-content\/uploads\/2023\/08\/fondo_faqs.png","contentUrl":"https:\/\/www.ginefiv.com\/wp-content\/uploads\/2023\/08\/fondo_faqs.png","width":4500,"height":3000},{"@type":"BreadcrumbList","@id":"https:\/\/www.ginefiv.com\/ca\/faq\/#breadcrumb","itemListElement":[{"@type":"ListItem","position":1,"name":"Home","item":"https:\/\/www.ginefiv.com\/ca\/"},{"@type":"ListItem","position":2,"name":"FAQS"}]},{"@type":"WebSite","@id":"https:\/\/www.ginefiv.com\/ca\/#website","url":"https:\/\/www.ginefiv.com\/ca\/","name":"Ginefiv Espa\u00f1a","description":"Ginefiv, tu cl\u00ednica de reproducci\u00f3n asistida. 35 a\u00f1os de experiencia en inseminaci\u00f3n artificial y fecundaci\u00f3n in vitro","publisher":{"@id":"https:\/\/www.ginefiv.com\/ca\/#organization"},"potentialAction":[{"@type":"SearchAction","target":{"@type":"EntryPoint","urlTemplate":"https:\/\/www.ginefiv.com\/ca\/?s={search_term_string}"},"query-input":{"@type":"PropertyValueSpecification","valueRequired":true,"valueName":"search_term_string"}}],"inLanguage":"ca"},{"@type":"Organization","@id":"https:\/\/www.ginefiv.com\/ca\/#organization","name":"Ginefiv","url":"https:\/\/www.ginefiv.com\/ca\/","logo":{"@type":"ImageObject","inLanguage":"ca","@id":"https:\/\/www.ginefiv.com\/ca\/#\/schema\/logo\/image\/","url":"https:\/\/www.ginefiv.com\/wp-content\/uploads\/2023\/12\/descarga.png","contentUrl":"https:\/\/www.ginefiv.com\/wp-content\/uploads\/2023\/12\/descarga.png","width":437,"height":115,"caption":"Ginefiv"},"image":{"@id":"https:\/\/www.ginefiv.com\/ca\/#\/schema\/logo\/image\/"}}]}},"_links":{"self":[{"href":"https:\/\/www.ginefiv.com\/ca\/wp-json\/wp\/v2\/pages\/5160","targetHints":{"allow":["GET"]}}],"collection":[{"href":"https:\/\/www.ginefiv.com\/ca\/wp-json\/wp\/v2\/pages"}],"about":[{"href":"https:\/\/www.ginefiv.com\/ca\/wp-json\/wp\/v2\/types\/page"}],"author":[{"embeddable":true,"href":"https:\/\/www.ginefiv.com\/ca\/wp-json\/wp\/v2\/users\/2"}],"replies":[{"embeddable":true,"href":"https:\/\/www.ginefiv.com\/ca\/wp-json\/wp\/v2\/comments?post=5160"}],"version-history":[{"count":0,"href":"https:\/\/www.ginefiv.com\/ca\/wp-json\/wp\/v2\/pages\/5160\/revisions"}],"wp:featuredmedia":[{"embeddable":true,"href":"https:\/\/www.ginefiv.com\/ca\/wp-json\/wp\/v2\/media\/1053"}],"wp:attachment":[{"href":"https:\/\/www.ginefiv.com\/ca\/wp-json\/wp\/v2\/media?parent=5160"}],"curies":[{"name":"wp","href":"https:\/\/api.w.org\/{rel}","templated":true}]}}