











{"id":5738,"date":"2023-10-02T12:38:10","date_gmt":"2023-10-02T12:38:10","guid":{"rendered":"https:\/\/www.ginefiv.com\/programa-garantia-embarazo\/"},"modified":"2024-11-22T08:57:57","modified_gmt":"2024-11-22T08:57:57","slug":"programa-garantia-embarazo","status":"publish","type":"page","link":"https:\/\/www.ginefiv.com\/ca\/programa-garantia-embarazo\/","title":{"rendered":"Programa de garantia"},"content":{"rendered":"<section class=\"page-cover has-thumbnail dark-theme\">   <div class=\"page-cover__container container\">     <div class=\"row\">       <div class=\"col-12 col-lg-8\">         <div class=\"page-cover__heading\">           <div class=\"page-cover__heading-wrapper\">                           <div class=\"page-cover__heading-title heading-title title-display hero-title\">               <h1 class=\"title-display\">Programa de Garantia d\u2019embar\u00e0s de Ginefiv<\/h1>             <\/div>                            <div class=\"page-cover__heading-content text-lg\">                 <p>A la <strong>cl\u00ednica de fertilitat Ginefiv<\/strong> volem complir el teu somni de ser mare. Per aix\u00f2 ens comprometem a aconseguir-lo en un termini de 24 mesos, amb el millor <strong>programa de Garantia d\u2019embar\u00e0s.<\/strong><\/p>               <\/div>                                    <\/div>         <\/div>       <\/div>     <\/div>   <\/div>         <div class=\"parallax-trigger fullsize page-cover-thumbnail\" data-magic=\"parallax\">       <picture class=\"page-cover__picture parallax-trigger__item\" data-item=\"parallax-item\">         <img decoding=\"async\" src=\"https:\/\/www.ginefiv.com\/wp-content\/uploads\/2023\/10\/cabecera-03-1.jpg\" alt=\"Programa de garantia\">       <\/picture>     <\/div>     <\/section>   <section class=\"wp-block-breadcrumbs\">   <div class=\"content-wrapper\">     <ul>                   <li>               <a href=\"https:\/\/www.ginefiv.com\/ca\/\" title=\"Ginefiv Espa\u00f1a\">                 Ginefiv              <\/a>             <\/li>                         <li>               <span class=\"current\" title=\"Programa de garantia\">                 Programa de garantia              <\/span>             <\/li>                 <\/ul>   <\/div> <\/section>    <div class=\"wp-block-columns is-layout-flex wp-container-core-columns-is-layout-28f84493 wp-block-columns-is-layout-flex\"> <div class=\"wp-block-column is-layout-flow wp-block-column-is-layout-flow\"> <figure class=\"wp-block-image size-full\"><img loading=\"lazy\" decoding=\"async\" width=\"500\" height=\"375\" src=\"https:\/\/www.ginefiv.com\/wp-content\/uploads\/2023\/10\/garantia-01.webp\" alt=\"\" class=\"wp-image-2326\" srcset=\"https:\/\/www.ginefiv.com\/wp-content\/uploads\/2023\/10\/garantia-01.webp 500w, https:\/\/www.ginefiv.com\/wp-content\/uploads\/2023\/10\/garantia-01-300x225.webp 300w\" sizes=\"auto, (max-width: 500px) 100vw, 500px\" \/><\/figure> <\/div>    <div class=\"wp-block-column is-layout-flow wp-block-column-is-layout-flow\"> <h2 class=\"wp-block-heading\">Qu\u00e8 \u00e9s el programa de Garantia d\u2019embar\u00e0s?<\/h2>    <p>Un programa que t\u2019ofereix tots els avantatges dels nostres tractaments\u00a0<a href=\"https:\/\/www.ginefiv.com\/ca\/reproduccio-assistida\/ovodonacio\/\">d\u2019ovodonaci\u00f3<\/a>\u00a0amb el nostre\u00a0<strong>comprom\u00eds d\u2019aconseguir el teu embar\u00e0s viable en 24 mesos<\/strong>.<\/p>    <p>Aquest programa de garantia d\u2019embar\u00e0s est\u00e0 especialment recomanat per:<\/p>    <ul class=\"wp-block-list\"> <li>Dones de fins a 49 anys (edat m\u00e0xima a la data de contractaci\u00f3 del programa).<\/li>    <li>Amb bon estat de salut general i ginecol\u00f2gica, i sense contraindicaci\u00f3 m\u00e8dica per l\u2019embar\u00e0s.<\/li>    <li>Compromeses a seguir en tot moment les directrius del nostre equip i a realitzar la totalitat dels tractaments inclosos a la garantia.<\/li> <\/ul> <\/div> <\/div>   <section  class=\"text-block background-light\">   <div class=\"container\">     <div class=\"row\">       <div class=\"col-12\">         <div class=\"text-block__text-wrapper text-heading-block alignment-left\" data-magic=\"appear-in\">                     <p><strong>Nom\u00e9s la cl\u00ednica Ginefiv pot comprometre\u2019s<\/strong> a un programa de garantia d\u2019embar\u00e0s en el que es garanteix el naixement del teu beb\u00e8, <strong>ja que comptem amb les millors taxes d\u2019\u00e8xit d\u2019embar\u00e0s<\/strong> i els millors laboratoris i especialistes en <a href=\"https:\/\/www.ginefiv.com\/ca\/reproduccio-assistida\/\">reproducci\u00f3 assistida.<\/a><\/p> <p>A m\u00e9s, <strong>apostem per la innovaci\u00f3 i la investigaci\u00f3 de forma cont\u00ednua<\/strong>. Per tot aix\u00f2, sabem que disposem de la millor garantia per a que les nostres pacients puguin complir el seu somni de tenir un fill.<\/p>                   <\/div>       <\/div>     <\/div>   <\/div>  <\/section>  <section  class=\"text-block background-light custom-block-spacing\">   <div class=\"container\">     <div class=\"row\">       <div class=\"col-12\">         <div class=\"text-block__text-wrapper text-heading-block alignment-left\" data-magic=\"appear-in\">                     <h3 class=\"title-display\">Quina \u00e9s exactament la garantia que t\u2019ofereix?<\/h3> <p>Ens comprometem a aconseguir el teu embar\u00e0s i el naixement del teu nad\u00f3 i, per a aix\u00f2, posarem tot el nostre coneixement, experi\u00e8ncia i mitjans t\u00e8cnics i humans a la teva disposici\u00f3.<\/p> <p>Ens comprometem a assolir aquest objectiu en un termini de 24 mesos. Excepcionalment, si es don\u00e9s el cas que s&#8217;exced\u00eds aquest temps per causes alienes a la pacient, aquest termini es podr\u00e0 revisar sempre sota criteri de la direcci\u00f3 de la <strong>cl\u00ednica de reproducci\u00f3 assistida<\/strong>.<\/p> <p>Si no s&#8217;aconsegueix, et tornarem la totalitat de l&#8217;import que hagis abonat.<\/p>                   <\/div>       <\/div>     <\/div>   <\/div>  <\/section>  <section  class=\"text-block background-light custom-block-spacing\">   <div class=\"container\">     <div class=\"row\">       <div class=\"col-12\">         <div class=\"text-block__text-wrapper text-heading-block alignment-left\" data-magic=\"appear-in\">                     <h3 class=\"title-display\">Com pots accedir a aquesta garantia?<\/h3> <p>Per a poder accedir al programa de garantia d&#8217;embar\u00e0s de Ginefiv, t\u2019haur\u00e0s de sotmetre a una <strong>avaluaci\u00f3 individualitzada<\/strong> a consulta, per part d&#8217;un especialista de l&#8217;equip m\u00e8dic de Ginefiv.<\/p> <p>Ser\u00e0 sempre el criteri m\u00e8dic el que imperi a l&#8217;hora de poder accedir a la seva contractaci\u00f3.<\/p>                   <\/div>       <\/div>     <\/div>   <\/div>  <\/section>  <section  class=\"text-block background-light custom-block-spacing\">   <div class=\"container\">     <div class=\"row\">       <div class=\"col-12\">         <div class=\"text-block__text-wrapper text-heading-block alignment-left\" data-magic=\"appear-in\">                     <h3 class=\"title-display\">Qu\u00e8 demanem a canvi?<\/h3> <p><strong>CONFIAN\u00c7A<\/strong>: Que segueixis cadascuna de les recomanacions de tractament que indiqui l&#8217;equip m\u00e8dic.<\/p> <p><strong>COMPROM\u00cdS<\/strong>: Que hi hagi continu\u00eftat en el tractament; que no s&#8217;abandoni durant llargs per\u00edodes de temps.<\/p> <p><strong>VERACITAT<\/strong>: Que ens proporcionis informaci\u00f3 vera\u00e7 sobre la teva hist\u00f2ria cl\u00ednica, aix\u00ed com sobre tractaments previs i resultats de proves efectuades.<\/p>                   <\/div>       <\/div>     <\/div>   <\/div>  <\/section>  <section  class=\"image-text-block custom-block-spacing align-left\" data-magic=\"float-zigzag\">   <div class=\"container\">         <div class=\"row\">       <div class=\"img-col col-12 col-md-6\">                   <picture class=\"image-text-block__img-wrapper image-wrapper zigzag-element\">                         <img data-src=\"https:\/\/www.ginefiv.com\/wp-content\/uploads\/2023\/10\/garantia-02-540x380.webp\" alt=\"\">           <\/picture>               <\/div>       <div class=\"text-col col-12 col-md-6\">         <div class=\"image-text-block__text-wrapper text-heading-block zigzag-element\">           <div class=\"image-text-block__text-wrapper__content\">             <div class=\"text-block-wrapper\">                             <h3 class=\"title-display\">Quin preu t\u00e9 la garantia d&#8217;embar\u00e0s?<\/h3>               <p>El programa Garantia d&#8217;embar\u00e0s de Ginefiv t\u00e9 un preu de 16.000 \u20ac*.<\/p> <p>Aquest preu no \u00e9s compatible amb els acords que mantenim amb asseguradores i col\u00b7lectius, i el seu import total s&#8217;haur\u00e0 d&#8217;abonar abans del comen\u00e7ament del tractament.<\/p> <p>(*) <strong>Preu 100% finan\u00e7able<\/strong> (consultar condicions).<\/p>             <\/div>                       <\/div>         <\/div>       <\/div>     <\/div>   <\/div>  <\/section>  <section  class=\"text-block background-light custom-block-spacing\">   <div class=\"container\">     <div class=\"row\">       <div class=\"col-12\">         <div class=\"text-block__text-wrapper text-heading-block alignment-left\" data-magic=\"appear-in\">                     <h2 class=\"title-display\">Qu\u00e8 inclou la garantia?<\/h2> <p>El programa de garantia d&#8217;embar\u00e0s de Ginefiv inclou els conceptes seg\u00fcents:<\/p> <ul> <li>Tots els controls m\u00e8dics i gen\u00e8tics de les donants.<\/li> <li>Conservaci\u00f3 d&#8217;ADN de la donant.<\/li> <li>La criopreservaci\u00f3 dels embrions que s&#8217;obtinguin durant el per\u00edode de vig\u00e8ncia de la garantia.<\/li> <li>Totes les t\u00e8cniques de laboratori que puguin estar indicades.<\/li> <li>La congelaci\u00f3 i la conservaci\u00f3 de mostres de semen durant tot el per\u00edode de garantia.<\/li> <li>Totes les transfer\u00e8ncies dels embrions congelats que es generin durant els tractaments.<\/li> <\/ul>                   <\/div>       <\/div>     <\/div>   <\/div>  <\/section>  <section  class=\"text-block background-light custom-block-spacing\">   <div class=\"container\">     <div class=\"row\">       <div class=\"col-12\">         <div class=\"text-block__text-wrapper text-heading-block alignment-left\" data-magic=\"appear-in\">                     <h3 class=\"title-display\">Qu\u00e8 no inclou?<\/h3> <p>Els serveis seg\u00fcents no estan inclosos al programa Garantia d&#8217;embar\u00e0s i per tant s&#8217;abonaran d&#8217;acord amb les tarifes vigents:?<\/p> <ul> <li>Consultes i proves pr\u00e8vies a la contractaci\u00f3 d\u2019aquesta garantia.<\/li> <li>Proves diagn\u00f2stiques orientades al tractament de la fallada d\u2019implantaci\u00f3 que puguin requerir-se en cas que no hi hagi embar\u00e0s despr\u00e9s de les primeres transfer\u00e8ncies.<\/li> <li>Proves gen\u00e8tiques o cromos\u00f2miques que poguessin ser necess\u00e0ries durant el tractament.<\/li> <li>Procediments quir\u00fargics i diagn\u00f2stics, com histerosc\u00f2pies o laparosc\u00f2pies i raspats.<\/li> <li>Proves i tractaments androl\u00f2gics, excepte el seminograma.<\/li> <li>Obtenci\u00f3 d&#8217;espermatozous directament del testicle per bi\u00f2psia (TESE) ni la seva criopreservaci\u00f3 i manteniment.<\/li> <li>Mostra de semen de donant, si cal.<\/li> <li>El part, els controls i els seguiments obst\u00e8trics de l&#8217;embar\u00e0s posteriors a la primera visita de comprovaci\u00f3 de gestaci\u00f3.<\/li> <li>Test de compatibilitat gen\u00e8tica (TCG).<\/li> <li>El manteniment dels embrions sobrants despr\u00e9s de la finalitzaci\u00f3 del programa de garantia.<\/li> <li>La devoluci\u00f3 dels interessos meritats pel finan\u00e7ament bancari en cas d&#8217;haver-la sol\u00b7licitat.<\/li> <\/ul>                   <\/div>       <\/div>     <\/div>   <\/div>  <\/section>   <div class=\"wp-block-columns is-layout-flex wp-container-core-columns-is-layout-28f84493 wp-block-columns-is-layout-flex\"> <div class=\"wp-block-column wp-column-is-centred is-layout-flow wp-block-column-is-layout-flow\" style=\"flex-basis:610px\"> <h2 class=\"wp-block-heading has-text-align-center\">Demana cita o consulta amb un especialista<\/h2>    <p class=\"has-text-align-center\">Tens l&#8217;opci\u00f3 de fer la teva primera consulta in situ a la cl\u00ednica o per videoconfer\u00e8ncia. Tria l&#8217;opci\u00f3 m\u00e9s adequada per a tu.<\/p>    <div class=\"wp-block-buttons is-content-justification-center is-layout-flex wp-container-core-buttons-is-layout-a89b3969 wp-block-buttons-is-layout-flex\"> <div class=\"wp-block-button\"><a class=\"wp-block-button__link has-orange-background-color has-background wp-element-button\" href=\"https:\/\/www.ginefiv.com\/ca\/contacte\/\" style=\"border-radius:5px\">Contacta&#8217;ns<\/a><\/div> <\/div> <\/div> <\/div>    <section> \t<div class=\"cta-block-container\"> \t\t<div class=\"cta-block-container__title\"> \t\t\t<p><h2>\u00bfTens dubtes?<\/h2> <\/p> \t\t<\/div> \t\t<div class=\"cta-block-container__separator d-none d-md-flex\"> \t\t\t<picture> \t\t\t\t<img decoding=\"async\" class=\"separator__img\" src=\"https:\/\/www.ginefiv.com\/wp-content\/themes\/wac-theme\/assets\/images\/icons\/cta-separator.webp\" alt=\"\"> \t\t\t<\/picture> \t\t<\/div> \t\t<div class=\"cta-block-container__icons-row\"> \t\t\t\t\t\t\t<div class=\"actions\"> \t\t\t\t\t<picture class=\"action__thumbnail\"> \t\t\t\t\t\t<img decoding=\"async\" class=\"action__img\" src=\"https:\/\/www.ginefiv.com\/wp-content\/themes\/wac-theme\/assets\/images\/icons\/cta-phone.webp\" alt=\"\"> \t\t\t\t\t<\/picture> \t\t\t\t\t<div class=\"action__text\"> \t\t\t\t\t\t\t\t\t\t\t\t\t<a class=\"action__text\" href=\"tel:900 908 988\" target=\"_blank\"> \t\t\t\t\t\t\t\t<p> \t\t\t\t\t\t\t\t\tLl\u00e1manos gratis al <br><strong>900 908 988<\/strong>\t\t\t\t\t\t\t\t<\/p> \t\t\t\t\t\t\t<\/a> \t\t\t\t\t\t\t\t\t\t\t<\/div> \t\t\t\t<\/div> \t\t\t\t\t\t\t<div class=\"actions\"> \t\t\t\t\t<picture class=\"action__thumbnail\"> \t\t\t\t\t\t<img decoding=\"async\" class=\"action__img\" src=\"https:\/\/www.ginefiv.com\/wp-content\/themes\/wac-theme\/assets\/images\/icons\/cta-clinics.webp\" alt=\"\"> \t\t\t\t\t<\/picture> \t\t\t\t\t<a class=\"action__text permalink underlined\" href=\"https:\/\/www.ginefiv.com\/clinicas\/\"> \t\t\t\t\t\t<p>Visitans en les<\/p> \t\t\t\t\t\t<strong>nostres cl\u00edniques Ginefiv<\/strong> \t\t\t\t\t<\/a> \t\t\t\t<\/div> \t\t\t\t\t\t\t<div class=\"actions\"> \t\t\t\t\t<picture class=\"action__thumbnail\"> \t\t\t\t\t\t<img decoding=\"async\" class=\"action__img\" src=\"https:\/\/www.ginefiv.com\/wp-content\/themes\/wac-theme\/assets\/images\/icons\/cta-appointment.webp\" alt=\"\"> \t\t\t\t\t<\/picture> \t\t\t\t\t<a class=\"action__text permalink underlined\" href=\"https:\/\/www.ginefiv.com\/ca\/demana-cita\/\"> \t\t\t\t\t\t<p>Demana una<\/p> \t\t\t\t\t\t<strong>cita amb Ginefiv<\/strong> \t\t\t\t\t<\/a> \t\t\t\t<\/div> \t\t\t\t\t<\/div> \t<\/div> <\/section>","protected":false},"excerpt":{"rendered":"<p>Qu\u00e8 \u00e9s el programa de Garantia d\u2019embar\u00e0s? Un programa que t\u2019ofereix tots els avantatges dels nostres tractaments\u00a0d\u2019ovodonaci\u00f3\u00a0amb el nostre\u00a0comprom\u00eds d\u2019aconseguir&#8230;<\/p>\n","protected":false},"author":1,"featured_media":2320,"parent":0,"menu_order":0,"comment_status":"closed","ping_status":"closed","template":"","meta":{"_acf_changed":false,"footnotes":""},"class_list":["post-5738","page","type-page","status-publish","has-post-thumbnail","hentry"],"acf":[],"yoast_head":"<!-- This site is optimized with the Yoast SEO plugin v27.0 - https:\/\/yoast.com\/product\/yoast-seo-wordpress\/ -->\n<title>Programa de garantia | Ginefiv Espa\u00f1a<\/title>\n<meta name=\"robots\" content=\"index, follow, max-snippet:-1, max-image-preview:large, max-video-preview:-1\" \/>\n<link rel=\"canonical\" href=\"https:\/\/www.ginefiv.com\/ca\/programa-garantia-embarazo\/\" \/>\n<meta property=\"og:locale\" content=\"ca_ES\" \/>\n<meta property=\"og:type\" content=\"article\" \/>\n<meta property=\"og:title\" content=\"Programa de garantia | Ginefiv Espa\u00f1a\" \/>\n<meta property=\"og:description\" content=\"Qu\u00e8 \u00e9s el programa de Garantia d\u2019embar\u00e0s? Un programa que t\u2019ofereix tots els avantatges dels nostres tractaments\u00a0d\u2019ovodonaci\u00f3\u00a0amb el nostre\u00a0comprom\u00eds d\u2019aconseguir...\" \/>\n<meta property=\"og:url\" content=\"https:\/\/www.ginefiv.com\/ca\/programa-garantia-embarazo\/\" \/>\n<meta property=\"og:site_name\" content=\"Ginefiv Espa\u00f1a\" \/>\n<meta property=\"article:modified_time\" content=\"2024-11-22T08:57:57+00:00\" \/>\n<meta property=\"og:image\" content=\"https:\/\/www.ginefiv.com\/wp-content\/uploads\/2023\/10\/cabecera-03-1.jpg\" \/>\n\t<meta property=\"og:image:width\" content=\"1920\" \/>\n\t<meta property=\"og:image:height\" content=\"675\" \/>\n\t<meta property=\"og:image:type\" content=\"image\/jpeg\" \/>\n<meta name=\"twitter:card\" content=\"summary_large_image\" \/>\n<meta name=\"twitter:label1\" content=\"Temps estimat de lectura\" \/>\n\t<meta name=\"twitter:data1\" content=\"3 minuts\" \/>\n<script type=\"application\/ld+json\" class=\"yoast-schema-graph\">{\"@context\":\"https:\/\/schema.org\",\"@graph\":[{\"@type\":\"WebPage\",\"@id\":\"https:\/\/www.ginefiv.com\/ca\/programa-garantia-embarazo\/\",\"url\":\"https:\/\/www.ginefiv.com\/ca\/programa-garantia-embarazo\/\",\"name\":\"Programa de garantia | Ginefiv Espa\u00f1a\",\"isPartOf\":{\"@id\":\"https:\/\/www.ginefiv.com\/ca\/#website\"},\"primaryImageOfPage\":{\"@id\":\"https:\/\/www.ginefiv.com\/ca\/programa-garantia-embarazo\/#primaryimage\"},\"image\":{\"@id\":\"https:\/\/www.ginefiv.com\/ca\/programa-garantia-embarazo\/#primaryimage\"},\"thumbnailUrl\":\"https:\/\/www.ginefiv.com\/wp-content\/uploads\/2023\/10\/cabecera-03-1.jpg\",\"datePublished\":\"2023-10-02T12:38:10+00:00\",\"dateModified\":\"2024-11-22T08:57:57+00:00\",\"breadcrumb\":{\"@id\":\"https:\/\/www.ginefiv.com\/ca\/programa-garantia-embarazo\/#breadcrumb\"},\"inLanguage\":\"ca\",\"potentialAction\":[{\"@type\":\"ReadAction\",\"target\":[\"https:\/\/www.ginefiv.com\/ca\/programa-garantia-embarazo\/\"]}]},{\"@type\":\"ImageObject\",\"inLanguage\":\"ca\",\"@id\":\"https:\/\/www.ginefiv.com\/ca\/programa-garantia-embarazo\/#primaryimage\",\"url\":\"https:\/\/www.ginefiv.com\/wp-content\/uploads\/2023\/10\/cabecera-03-1.jpg\",\"contentUrl\":\"https:\/\/www.ginefiv.com\/wp-content\/uploads\/2023\/10\/cabecera-03-1.jpg\",\"width\":1920,\"height\":675},{\"@type\":\"BreadcrumbList\",\"@id\":\"https:\/\/www.ginefiv.com\/ca\/programa-garantia-embarazo\/#breadcrumb\",\"itemListElement\":[{\"@type\":\"ListItem\",\"position\":1,\"name\":\"Home\",\"item\":\"https:\/\/www.ginefiv.com\/ca\/\"},{\"@type\":\"ListItem\",\"position\":2,\"name\":\"Programa de garantia\"}]},{\"@type\":\"WebSite\",\"@id\":\"https:\/\/www.ginefiv.com\/ca\/#website\",\"url\":\"https:\/\/www.ginefiv.com\/ca\/\",\"name\":\"Ginefiv Espa\u00f1a\",\"description\":\"Ginefiv, tu cl\u00ednica de reproducci\u00f3n asistida. 35 a\u00f1os de experiencia en inseminaci\u00f3n artificial y fecundaci\u00f3n in vitro\",\"publisher\":{\"@id\":\"https:\/\/www.ginefiv.com\/ca\/#organization\"},\"potentialAction\":[{\"@type\":\"SearchAction\",\"target\":{\"@type\":\"EntryPoint\",\"urlTemplate\":\"https:\/\/www.ginefiv.com\/ca\/?s={search_term_string}\"},\"query-input\":{\"@type\":\"PropertyValueSpecification\",\"valueRequired\":true,\"valueName\":\"search_term_string\"}}],\"inLanguage\":\"ca\"},{\"@type\":\"Organization\",\"@id\":\"https:\/\/www.ginefiv.com\/ca\/#organization\",\"name\":\"Ginefiv\",\"url\":\"https:\/\/www.ginefiv.com\/ca\/\",\"logo\":{\"@type\":\"ImageObject\",\"inLanguage\":\"ca\",\"@id\":\"https:\/\/www.ginefiv.com\/ca\/#\/schema\/logo\/image\/\",\"url\":\"https:\/\/www.ginefiv.com\/wp-content\/uploads\/2023\/12\/descarga.png\",\"contentUrl\":\"https:\/\/www.ginefiv.com\/wp-content\/uploads\/2023\/12\/descarga.png\",\"width\":437,\"height\":115,\"caption\":\"Ginefiv\"},\"image\":{\"@id\":\"https:\/\/www.ginefiv.com\/ca\/#\/schema\/logo\/image\/\"}}]}<\/script>\n<!-- \/ Yoast SEO plugin. -->","yoast_head_json":{"title":"Programa de garantia | Ginefiv Espa\u00f1a","robots":{"index":"index","follow":"follow","max-snippet":"max-snippet:-1","max-image-preview":"max-image-preview:large","max-video-preview":"max-video-preview:-1"},"canonical":"https:\/\/www.ginefiv.com\/ca\/programa-garantia-embarazo\/","og_locale":"ca_ES","og_type":"article","og_title":"Programa de garantia | Ginefiv Espa\u00f1a","og_description":"Qu\u00e8 \u00e9s el programa de Garantia d\u2019embar\u00e0s? Un programa que t\u2019ofereix tots els avantatges dels nostres tractaments\u00a0d\u2019ovodonaci\u00f3\u00a0amb el nostre\u00a0comprom\u00eds d\u2019aconseguir...","og_url":"https:\/\/www.ginefiv.com\/ca\/programa-garantia-embarazo\/","og_site_name":"Ginefiv Espa\u00f1a","article_modified_time":"2024-11-22T08:57:57+00:00","og_image":[{"width":1920,"height":675,"url":"https:\/\/www.ginefiv.com\/wp-content\/uploads\/2023\/10\/cabecera-03-1.jpg","type":"image\/jpeg"}],"twitter_card":"summary_large_image","twitter_misc":{"Temps estimat de lectura":"3 minuts"},"schema":{"@context":"https:\/\/schema.org","@graph":[{"@type":"WebPage","@id":"https:\/\/www.ginefiv.com\/ca\/programa-garantia-embarazo\/","url":"https:\/\/www.ginefiv.com\/ca\/programa-garantia-embarazo\/","name":"Programa de garantia | Ginefiv Espa\u00f1a","isPartOf":{"@id":"https:\/\/www.ginefiv.com\/ca\/#website"},"primaryImageOfPage":{"@id":"https:\/\/www.ginefiv.com\/ca\/programa-garantia-embarazo\/#primaryimage"},"image":{"@id":"https:\/\/www.ginefiv.com\/ca\/programa-garantia-embarazo\/#primaryimage"},"thumbnailUrl":"https:\/\/www.ginefiv.com\/wp-content\/uploads\/2023\/10\/cabecera-03-1.jpg","datePublished":"2023-10-02T12:38:10+00:00","dateModified":"2024-11-22T08:57:57+00:00","breadcrumb":{"@id":"https:\/\/www.ginefiv.com\/ca\/programa-garantia-embarazo\/#breadcrumb"},"inLanguage":"ca","potentialAction":[{"@type":"ReadAction","target":["https:\/\/www.ginefiv.com\/ca\/programa-garantia-embarazo\/"]}]},{"@type":"ImageObject","inLanguage":"ca","@id":"https:\/\/www.ginefiv.com\/ca\/programa-garantia-embarazo\/#primaryimage","url":"https:\/\/www.ginefiv.com\/wp-content\/uploads\/2023\/10\/cabecera-03-1.jpg","contentUrl":"https:\/\/www.ginefiv.com\/wp-content\/uploads\/2023\/10\/cabecera-03-1.jpg","width":1920,"height":675},{"@type":"BreadcrumbList","@id":"https:\/\/www.ginefiv.com\/ca\/programa-garantia-embarazo\/#breadcrumb","itemListElement":[{"@type":"ListItem","position":1,"name":"Home","item":"https:\/\/www.ginefiv.com\/ca\/"},{"@type":"ListItem","position":2,"name":"Programa de garantia"}]},{"@type":"WebSite","@id":"https:\/\/www.ginefiv.com\/ca\/#website","url":"https:\/\/www.ginefiv.com\/ca\/","name":"Ginefiv Espa\u00f1a","description":"Ginefiv, tu cl\u00ednica de reproducci\u00f3n asistida. 35 a\u00f1os de experiencia en inseminaci\u00f3n artificial y fecundaci\u00f3n in vitro","publisher":{"@id":"https:\/\/www.ginefiv.com\/ca\/#organization"},"potentialAction":[{"@type":"SearchAction","target":{"@type":"EntryPoint","urlTemplate":"https:\/\/www.ginefiv.com\/ca\/?s={search_term_string}"},"query-input":{"@type":"PropertyValueSpecification","valueRequired":true,"valueName":"search_term_string"}}],"inLanguage":"ca"},{"@type":"Organization","@id":"https:\/\/www.ginefiv.com\/ca\/#organization","name":"Ginefiv","url":"https:\/\/www.ginefiv.com\/ca\/","logo":{"@type":"ImageObject","inLanguage":"ca","@id":"https:\/\/www.ginefiv.com\/ca\/#\/schema\/logo\/image\/","url":"https:\/\/www.ginefiv.com\/wp-content\/uploads\/2023\/12\/descarga.png","contentUrl":"https:\/\/www.ginefiv.com\/wp-content\/uploads\/2023\/12\/descarga.png","width":437,"height":115,"caption":"Ginefiv"},"image":{"@id":"https:\/\/www.ginefiv.com\/ca\/#\/schema\/logo\/image\/"}}]}},"_links":{"self":[{"href":"https:\/\/www.ginefiv.com\/ca\/wp-json\/wp\/v2\/pages\/5738","targetHints":{"allow":["GET"]}}],"collection":[{"href":"https:\/\/www.ginefiv.com\/ca\/wp-json\/wp\/v2\/pages"}],"about":[{"href":"https:\/\/www.ginefiv.com\/ca\/wp-json\/wp\/v2\/types\/page"}],"author":[{"embeddable":true,"href":"https:\/\/www.ginefiv.com\/ca\/wp-json\/wp\/v2\/users\/1"}],"replies":[{"embeddable":true,"href":"https:\/\/www.ginefiv.com\/ca\/wp-json\/wp\/v2\/comments?post=5738"}],"version-history":[{"count":0,"href":"https:\/\/www.ginefiv.com\/ca\/wp-json\/wp\/v2\/pages\/5738\/revisions"}],"wp:featuredmedia":[{"embeddable":true,"href":"https:\/\/www.ginefiv.com\/ca\/wp-json\/wp\/v2\/media\/2320"}],"wp:attachment":[{"href":"https:\/\/www.ginefiv.com\/ca\/wp-json\/wp\/v2\/media?parent=5738"}],"curies":[{"name":"wp","href":"https:\/\/api.w.org\/{rel}","templated":true}]}}