











{"id":12983,"date":"2023-12-18T11:55:39","date_gmt":"2023-12-18T11:55:39","guid":{"rendered":"https:\/\/www.ginefiv.com\/?page_id=12983"},"modified":"2023-12-18T12:25:58","modified_gmt":"2023-12-18T12:25:58","slug":"danke-interesse-vor-diagnose","status":"publish","type":"page","link":"https:\/\/www.ginefiv.com\/de\/danke-interesse-vor-diagnose\/","title":{"rendered":"TYP DE | Prediagnostico | Typeform"},"content":{"rendered":"<section class=\"page-cover has-thumbnail dark-theme\">   <div class=\"page-cover__container container\">     <div class=\"row\">       <div class=\"col-12 col-lg-8\">         <div class=\"page-cover__heading\">           <div class=\"page-cover__heading-wrapper\">                           <div class=\"page-cover__heading-title heading-title title-display hero-title\">               <h1>Vielen dank f\u00fcr Ihr Interesse!<\/h1> <p>Wir haben Ihre Anworten erhalten und in K\u00fcrze werden wir Ihnen Informationen und Preise zusenden f\u00fcr die bestm\u00f6glichste Behandlung f\u00fcr Sie.<\/p>             <\/div>                                     <\/div>         <\/div>       <\/div>     <\/div>   <\/div>         <div class=\"parallax-trigger fullsize page-cover-thumbnail\" data-magic=\"parallax\">       <picture class=\"page-cover__picture parallax-trigger__item\" data-item=\"parallax-item\">         <img decoding=\"async\" src=\"https:\/\/www.ginefiv.com\/wp-content\/uploads\/2023\/06\/fondo-home-21-scaled.jpg\" alt=\"TYP DE | Prediagnostico | Typeform\">       <\/picture>     <\/div>     <\/section>","protected":false},"excerpt":{"rendered":"","protected":false},"author":1,"featured_media":376,"parent":0,"menu_order":0,"comment_status":"closed","ping_status":"closed","template":"","meta":{"_acf_changed":false,"footnotes":""},"class_list":["post-12983","page","type-page","status-publish","has-post-thumbnail","hentry"],"acf":[],"yoast_head":"<!-- This site is optimized with the Yoast SEO plugin v27.0 - https:\/\/yoast.com\/product\/yoast-seo-wordpress\/ -->\n<title>Dank<\/title>\n<meta name=\"robots\" content=\"noindex, follow\" \/>\n<meta property=\"og:locale\" content=\"de_DE\" \/>\n<meta property=\"og:type\" content=\"article\" \/>\n<meta property=\"og:title\" content=\"Dank\" \/>\n<meta property=\"og:url\" content=\"https:\/\/www.ginefiv.com\/de\/danke-interesse-vor-diagnose\/\" \/>\n<meta property=\"og:site_name\" content=\"Ginefiv Espa\u00f1a\" \/>\n<meta property=\"article:modified_time\" content=\"2023-12-18T12:25:58+00:00\" \/>\n<meta property=\"og:image\" content=\"https:\/\/www.ginefiv.com\/wp-content\/uploads\/2023\/06\/fondo-home-21-scaled.jpg\" \/>\n\t<meta property=\"og:image:width\" content=\"2560\" \/>\n\t<meta property=\"og:image:height\" content=\"1707\" \/>\n\t<meta property=\"og:image:type\" content=\"image\/jpeg\" \/>\n<meta name=\"twitter:card\" content=\"summary_large_image\" \/>\n<script type=\"application\/ld+json\" class=\"yoast-schema-graph\">{\"@context\":\"https:\/\/schema.org\",\"@graph\":[{\"@type\":\"WebPage\",\"@id\":\"https:\/\/www.ginefiv.com\/de\/danke-interesse-vor-diagnose\/\",\"url\":\"https:\/\/www.ginefiv.com\/de\/danke-interesse-vor-diagnose\/\",\"name\":\"Dank\",\"isPartOf\":{\"@id\":\"https:\/\/www.ginefiv.com\/de\/#website\"},\"primaryImageOfPage\":{\"@id\":\"https:\/\/www.ginefiv.com\/de\/danke-interesse-vor-diagnose\/#primaryimage\"},\"image\":{\"@id\":\"https:\/\/www.ginefiv.com\/de\/danke-interesse-vor-diagnose\/#primaryimage\"},\"thumbnailUrl\":\"https:\/\/www.ginefiv.com\/wp-content\/uploads\/2023\/06\/fondo-home-21-scaled.jpg\",\"datePublished\":\"2023-12-18T11:55:39+00:00\",\"dateModified\":\"2023-12-18T12:25:58+00:00\",\"breadcrumb\":{\"@id\":\"https:\/\/www.ginefiv.com\/de\/danke-interesse-vor-diagnose\/#breadcrumb\"},\"inLanguage\":\"de\",\"potentialAction\":[{\"@type\":\"ReadAction\",\"target\":[\"https:\/\/www.ginefiv.com\/de\/danke-interesse-vor-diagnose\/\"]}]},{\"@type\":\"ImageObject\",\"inLanguage\":\"de\",\"@id\":\"https:\/\/www.ginefiv.com\/de\/danke-interesse-vor-diagnose\/#primaryimage\",\"url\":\"https:\/\/www.ginefiv.com\/wp-content\/uploads\/2023\/06\/fondo-home-21-scaled.jpg\",\"contentUrl\":\"https:\/\/www.ginefiv.com\/wp-content\/uploads\/2023\/06\/fondo-home-21-scaled.jpg\",\"width\":2560,\"height\":1707},{\"@type\":\"BreadcrumbList\",\"@id\":\"https:\/\/www.ginefiv.com\/de\/danke-interesse-vor-diagnose\/#breadcrumb\",\"itemListElement\":[{\"@type\":\"ListItem\",\"position\":1,\"name\":\"Home\",\"item\":\"https:\/\/www.ginefiv.com\/de\/\"},{\"@type\":\"ListItem\",\"position\":2,\"name\":\"TYP DE | Prediagnostico | Typeform\"}]},{\"@type\":\"WebSite\",\"@id\":\"https:\/\/www.ginefiv.com\/de\/#website\",\"url\":\"https:\/\/www.ginefiv.com\/de\/\",\"name\":\"Ginefiv Espa\u00f1a\",\"description\":\"Ginefiv, tu cl\u00ednica de reproducci\u00f3n asistida. 35 a\u00f1os de experiencia en inseminaci\u00f3n artificial y fecundaci\u00f3n in vitro\",\"publisher\":{\"@id\":\"https:\/\/www.ginefiv.com\/de\/#organization\"},\"potentialAction\":[{\"@type\":\"SearchAction\",\"target\":{\"@type\":\"EntryPoint\",\"urlTemplate\":\"https:\/\/www.ginefiv.com\/de\/?s={search_term_string}\"},\"query-input\":{\"@type\":\"PropertyValueSpecification\",\"valueRequired\":true,\"valueName\":\"search_term_string\"}}],\"inLanguage\":\"de\"},{\"@type\":\"Organization\",\"@id\":\"https:\/\/www.ginefiv.com\/de\/#organization\",\"name\":\"Ginefiv\",\"url\":\"https:\/\/www.ginefiv.com\/de\/\",\"logo\":{\"@type\":\"ImageObject\",\"inLanguage\":\"de\",\"@id\":\"https:\/\/www.ginefiv.com\/de\/#\/schema\/logo\/image\/\",\"url\":\"https:\/\/www.ginefiv.com\/wp-content\/uploads\/2023\/12\/descarga.png\",\"contentUrl\":\"https:\/\/www.ginefiv.com\/wp-content\/uploads\/2023\/12\/descarga.png\",\"width\":437,\"height\":115,\"caption\":\"Ginefiv\"},\"image\":{\"@id\":\"https:\/\/www.ginefiv.com\/de\/#\/schema\/logo\/image\/\"}}]}<\/script>\n<!-- \/ Yoast SEO plugin. -->","yoast_head_json":{"title":"Dank","robots":{"index":"noindex","follow":"follow"},"og_locale":"de_DE","og_type":"article","og_title":"Dank","og_url":"https:\/\/www.ginefiv.com\/de\/danke-interesse-vor-diagnose\/","og_site_name":"Ginefiv Espa\u00f1a","article_modified_time":"2023-12-18T12:25:58+00:00","og_image":[{"width":2560,"height":1707,"url":"https:\/\/www.ginefiv.com\/wp-content\/uploads\/2023\/06\/fondo-home-21-scaled.jpg","type":"image\/jpeg"}],"twitter_card":"summary_large_image","schema":{"@context":"https:\/\/schema.org","@graph":[{"@type":"WebPage","@id":"https:\/\/www.ginefiv.com\/de\/danke-interesse-vor-diagnose\/","url":"https:\/\/www.ginefiv.com\/de\/danke-interesse-vor-diagnose\/","name":"Dank","isPartOf":{"@id":"https:\/\/www.ginefiv.com\/de\/#website"},"primaryImageOfPage":{"@id":"https:\/\/www.ginefiv.com\/de\/danke-interesse-vor-diagnose\/#primaryimage"},"image":{"@id":"https:\/\/www.ginefiv.com\/de\/danke-interesse-vor-diagnose\/#primaryimage"},"thumbnailUrl":"https:\/\/www.ginefiv.com\/wp-content\/uploads\/2023\/06\/fondo-home-21-scaled.jpg","datePublished":"2023-12-18T11:55:39+00:00","dateModified":"2023-12-18T12:25:58+00:00","breadcrumb":{"@id":"https:\/\/www.ginefiv.com\/de\/danke-interesse-vor-diagnose\/#breadcrumb"},"inLanguage":"de","potentialAction":[{"@type":"ReadAction","target":["https:\/\/www.ginefiv.com\/de\/danke-interesse-vor-diagnose\/"]}]},{"@type":"ImageObject","inLanguage":"de","@id":"https:\/\/www.ginefiv.com\/de\/danke-interesse-vor-diagnose\/#primaryimage","url":"https:\/\/www.ginefiv.com\/wp-content\/uploads\/2023\/06\/fondo-home-21-scaled.jpg","contentUrl":"https:\/\/www.ginefiv.com\/wp-content\/uploads\/2023\/06\/fondo-home-21-scaled.jpg","width":2560,"height":1707},{"@type":"BreadcrumbList","@id":"https:\/\/www.ginefiv.com\/de\/danke-interesse-vor-diagnose\/#breadcrumb","itemListElement":[{"@type":"ListItem","position":1,"name":"Home","item":"https:\/\/www.ginefiv.com\/de\/"},{"@type":"ListItem","position":2,"name":"TYP DE | Prediagnostico | Typeform"}]},{"@type":"WebSite","@id":"https:\/\/www.ginefiv.com\/de\/#website","url":"https:\/\/www.ginefiv.com\/de\/","name":"Ginefiv Espa\u00f1a","description":"Ginefiv, tu cl\u00ednica de reproducci\u00f3n asistida. 35 a\u00f1os de experiencia en inseminaci\u00f3n artificial y fecundaci\u00f3n in vitro","publisher":{"@id":"https:\/\/www.ginefiv.com\/de\/#organization"},"potentialAction":[{"@type":"SearchAction","target":{"@type":"EntryPoint","urlTemplate":"https:\/\/www.ginefiv.com\/de\/?s={search_term_string}"},"query-input":{"@type":"PropertyValueSpecification","valueRequired":true,"valueName":"search_term_string"}}],"inLanguage":"de"},{"@type":"Organization","@id":"https:\/\/www.ginefiv.com\/de\/#organization","name":"Ginefiv","url":"https:\/\/www.ginefiv.com\/de\/","logo":{"@type":"ImageObject","inLanguage":"de","@id":"https:\/\/www.ginefiv.com\/de\/#\/schema\/logo\/image\/","url":"https:\/\/www.ginefiv.com\/wp-content\/uploads\/2023\/12\/descarga.png","contentUrl":"https:\/\/www.ginefiv.com\/wp-content\/uploads\/2023\/12\/descarga.png","width":437,"height":115,"caption":"Ginefiv"},"image":{"@id":"https:\/\/www.ginefiv.com\/de\/#\/schema\/logo\/image\/"}}]}},"_links":{"self":[{"href":"https:\/\/www.ginefiv.com\/de\/wp-json\/wp\/v2\/pages\/12983","targetHints":{"allow":["GET"]}}],"collection":[{"href":"https:\/\/www.ginefiv.com\/de\/wp-json\/wp\/v2\/pages"}],"about":[{"href":"https:\/\/www.ginefiv.com\/de\/wp-json\/wp\/v2\/types\/page"}],"author":[{"embeddable":true,"href":"https:\/\/www.ginefiv.com\/de\/wp-json\/wp\/v2\/users\/1"}],"replies":[{"embeddable":true,"href":"https:\/\/www.ginefiv.com\/de\/wp-json\/wp\/v2\/comments?post=12983"}],"version-history":[{"count":0,"href":"https:\/\/www.ginefiv.com\/de\/wp-json\/wp\/v2\/pages\/12983\/revisions"}],"wp:featuredmedia":[{"embeddable":true,"href":"https:\/\/www.ginefiv.com\/de\/wp-json\/wp\/v2\/media\/376"}],"wp:attachment":[{"href":"https:\/\/www.ginefiv.com\/de\/wp-json\/wp\/v2\/media?parent=12983"}],"curies":[{"name":"wp","href":"https:\/\/api.w.org\/{rel}","templated":true}]}}