











{"id":16023,"date":"2024-01-12T09:22:39","date_gmt":"2024-01-12T09:22:39","guid":{"rendered":"https:\/\/www.ginefiv.com\/?page_id=16023"},"modified":"2024-02-12T06:36:23","modified_gmt":"2024-02-12T06:36:23","slug":"datenschutz-politik-und-verwaltung","status":"publish","type":"page","link":"https:\/\/www.ginefiv.com\/de\/datenschutz-politik-und-verwaltung\/","title":{"rendered":"Datenschutz-Politik und Verwaltung"},"content":{"rendered":"<div class=\"wp-block-cover\" style=\"min-height:50vh;aspect-ratio:unset;\"><span aria-hidden=\"true\" class=\"wp-block-cover__background has-background-dim-40 has-background-dim\"><\/span><img loading=\"lazy\" decoding=\"async\" width=\"4500\" height=\"3000\" class=\"wp-block-cover__image-background wp-image-3510\" alt=\"\" src=\"https:\/\/www.ginefiv.com\/wp-content\/uploads\/2023\/10\/aviso-legal.png\" data-object-fit=\"cover\" srcset=\"https:\/\/www.ginefiv.com\/wp-content\/uploads\/2023\/10\/aviso-legal.png 4500w, https:\/\/www.ginefiv.com\/wp-content\/uploads\/2023\/10\/aviso-legal-300x200.png 300w, https:\/\/www.ginefiv.com\/wp-content\/uploads\/2023\/10\/aviso-legal-1024x683.png 1024w, https:\/\/www.ginefiv.com\/wp-content\/uploads\/2023\/10\/aviso-legal-768x512.png 768w\" sizes=\"auto, (max-width: 4500px) 100vw, 4500px\" \/><div class=\"wp-block-cover__inner-container is-layout-constrained wp-block-cover-is-layout-constrained\"> <div class=\"wp-block-columns is-layout-flex wp-container-core-columns-is-layout-28f84493 wp-block-columns-is-layout-flex\"> <div class=\"wp-block-column is-layout-flow wp-block-column-is-layout-flow\"> <h2 class=\"wp-block-heading\">Datenschutz-Politik und Verwaltung<\/h2>    <p class=\"has-medium-font-size\"><\/p> <\/div>    <div class=\"wp-block-column is-layout-flow wp-block-column-is-layout-flow\"><\/div> <\/div> <\/div><\/div>    <section class=\"wp-block-breadcrumbs\">   <div class=\"content-wrapper\">     <ul>                   <li>               <a href=\"https:\/\/www.ginefiv.com\/de\/\" title=\"Ginefiv Espa\u00f1a\">                 Ginefiv              <\/a>             <\/li>                         <li>               <span class=\"current\" title=\"Datenschutz-Politik und Verwaltung\">                 Datenschutz-Politik und Verwaltung              <\/span>             <\/li>                 <\/ul>   <\/div> <\/section>    <div class=\"wp-block-columns is-layout-flex wp-container-core-columns-is-layout-28f84493 wp-block-columns-is-layout-flex\"> <div class=\"wp-block-column is-layout-flow wp-block-column-is-layout-flow\"> <p>Die Datenschutz-Politik und Verwaltung GINEFIV, S.L., basiert auf der vom europ\u00e4ischen Parlament und des Rates verankerten allgemeinen europ\u00e4ischen Relegung (EU) 2016\/679, vom 27. April 2016, zum Schutz nat\u00fcrlicher Personen bei der Verarbeitung personenbezogener Daten und freien Datenverkehrs dieser. (Datenschutzgrundverordnung DSGVO), auf dem Organgesetz 3\/2018, vom 5. Dezember, zum Schutz personenpezognener Daten und zur Garantie digitaler Rechte laut Erop\u00e4ischer Datenschutzverordnung (GDPR\/LOPDGDD), ebenso wie auf den intenationen Standards der Datenschutz-Politik und Verwaltung zu Sicherheitsinformationen (ISO 27001) und Privatsph\u00e4re (ISO 27701).<\/p>    <p>GINEFIV, S.L, verpflichtet sich zum Datenschutz innerhalb des Betriebs um das personenbezogene Datonschutzrecht der Interessierten durch Durchsetzung und Aus\u00fcbung ihrer Aktivit\u00e4t zu gew\u00e4hren.<\/p>    <p>Die Datenschutz-Politik und Verwaltung, unter Verantworgung der Direktion st\u00fctzt sich auf die folgenden Prinzipien:<\/p>    <ol class=\"wp-block-list\"> <li>Den Datenschutz zu einem Basisziel der Organisation zu machen, d.h f\u00fcr das gesamte Personal sich mit Erfolg dieser Aufgabe zu widmen.<\/li>    <li>Eine ehrliche Verpflichtung anzunehmen und daher die Datenschutz-Politik und Vewwaltung f\u00fcr jede\/n unter den Interesssierten zug\u00e4nglich zu machen<\/li>    <li>Die pers\u00f6nlichen Daten rechtm\u00e4ssig, zwecktreu und transparent zu verwalten; Diese auf eindeutige und einsichtbare Weise darzustellen und deren Ziel warum diese aufgenommen wurden.<\/li>    <li>Aufnahme der pers\u00f6nlichen Daten nur zu bestimmten, legitimen und konkreten Zwecken und diese nicht des Weiteren auf inkompatible Weise mit der Zweckvereinbarung zu verwenden.<\/li>    <li>Datenerhebung-und Verwaltung pers\u00f6nlicher Daten ausschliesslich entsprechend, sachdienlich und beschr\u00e4nkt auf das Notwendige, zweckbezogen auf die Ergebnisse.<\/li>    <li>Genaue und aktualisierte Speicherung der pers\u00f6nlichen Daten, daher alle sinnvollen Massnahmen anzuwenden damit diese ohne Aufschub enfernt oder rektifiziert werden k\u00f6nnen falls diese zweckdienlich verwaltungstechnisch nicht korrekt sind.<br>7.Verf\u00fcgungstellung von Systemen zur Aktualisierung ihrer pers\u00f6nlichen Daten f\u00fcr Interessenten.<\/li>    <li>Nach dem Ablauf der notwenigen Zeit zum Zweck der erzielten pers\u00f6nlichen Datenwerwaltung die Information zur Identifizierung der Interessenten nicht weiter zu speichern.<\/li>    <li>Die personenbezogenen Daten des Nutzers durch Anwendung technischer und entsprechender organisatorischer Mittel so zu verwalten, dass die Sicherheit gew\u00e4hrleistet wird, inklusive Schutz gegen nicht autorisierte oder verbotene Verwendung bzw.gegen Verlust, Zerst\u00f6rung oder zuf\u00e4lligen Schaden.<\/li>    <li>Immer eine Einverst\u00e4ndniserkl\u00e4rung vom Interessenten zu fordern, sollte es notwendig sein um die pesonenbezogenen Daten zu verwalten.<\/li>    <li>Verwaltung sensibler Daten durch Spezialkategorien.<\/li>    <li>Systematische Bewertung der Wiksamkeit der angewandten Mittel um die Sicherheit zu garantieren, damit die Verwaltung des Datenschutzes gest\u00fctzt und basierend auf objektiven Daten bleibt, somit einer dauerhaften Verbesserung zweckdienlich.<\/li>    <li>Verringerung und Beseitigung der mit der Aktivit\u00e4t verbundenen Risiken durch ein Identifikations-und Bewertungssystem.<\/li>    <li>Informationserhalt und laufende Ausbildung als Grundlage f\u00fcr das gesamte Personal des betreffenden Instituts als Einbindung zur Verwaltung pers\u00f6nlicher Daten damit der Datenschutz der Nutzer als ein Grundrecht erfahren wird.<\/li>    <li>Garantie der Rechtsaus\u00fcbung zum Schutz personenbezogene Daten betreffend, eine Zeit- und formgerechte Antwort versichernd.<\/li> <\/ol> <\/div> <\/div>","protected":false},"excerpt":{"rendered":"<p>Die Datenschutz-Politik und Verwaltung GINEFIV, S.L., basiert auf der vom europ\u00e4ischen Parlament und des Rates verankerten allgemeinen europ\u00e4ischen Relegung (EU)&#8230;<\/p>\n","protected":false},"author":1,"featured_media":3514,"parent":0,"menu_order":0,"comment_status":"closed","ping_status":"closed","template":"","meta":{"_acf_changed":false,"footnotes":""},"class_list":["post-16023","page","type-page","status-publish","has-post-thumbnail","hentry"],"acf":[],"yoast_head":"<!-- This site is optimized with the Yoast SEO plugin v27.0 - https:\/\/yoast.com\/product\/yoast-seo-wordpress\/ -->\n<title>Datenschutz-Politik und Verwaltung | Ginefiv Espa\u00f1a<\/title>\n<meta name=\"robots\" content=\"index, follow, max-snippet:-1, max-image-preview:large, max-video-preview:-1\" \/>\n<link rel=\"canonical\" href=\"https:\/\/www.ginefiv.com\/de\/datenschutz-politik-und-verwaltung\/\" \/>\n<meta property=\"og:locale\" content=\"de_DE\" \/>\n<meta property=\"og:type\" content=\"article\" \/>\n<meta property=\"og:title\" content=\"Datenschutz-Politik und Verwaltung | Ginefiv Espa\u00f1a\" \/>\n<meta property=\"og:description\" content=\"Die Datenschutz-Politik und Verwaltung GINEFIV, S.L., basiert auf der vom europ\u00e4ischen Parlament und des Rates verankerten allgemeinen europ\u00e4ischen Relegung (EU)...\" \/>\n<meta property=\"og:url\" content=\"https:\/\/www.ginefiv.com\/de\/datenschutz-politik-und-verwaltung\/\" \/>\n<meta property=\"og:site_name\" content=\"Ginefiv Espa\u00f1a\" \/>\n<meta property=\"article:modified_time\" content=\"2024-02-12T06:36:23+00:00\" \/>\n<meta property=\"og:image\" content=\"https:\/\/www.ginefiv.com\/wp-content\/uploads\/2023\/10\/aviso-legal-1024x683.png\" \/>\n\t<meta property=\"og:image:width\" content=\"1024\" \/>\n\t<meta property=\"og:image:height\" content=\"683\" \/>\n\t<meta property=\"og:image:type\" content=\"image\/png\" \/>\n<meta name=\"twitter:card\" content=\"summary_large_image\" \/>\n<meta name=\"twitter:label1\" content=\"Gesch\u00e4tzte Lesezeit\" \/>\n\t<meta name=\"twitter:data1\" content=\"3\u00a0Minuten\" \/>\n<script type=\"application\/ld+json\" class=\"yoast-schema-graph\">{\"@context\":\"https:\/\/schema.org\",\"@graph\":[{\"@type\":\"WebPage\",\"@id\":\"https:\/\/www.ginefiv.com\/de\/datenschutz-politik-und-verwaltung\/\",\"url\":\"https:\/\/www.ginefiv.com\/de\/datenschutz-politik-und-verwaltung\/\",\"name\":\"Datenschutz-Politik und Verwaltung | Ginefiv Espa\u00f1a\",\"isPartOf\":{\"@id\":\"https:\/\/www.ginefiv.com\/de\/#website\"},\"primaryImageOfPage\":{\"@id\":\"https:\/\/www.ginefiv.com\/de\/datenschutz-politik-und-verwaltung\/#primaryimage\"},\"image\":{\"@id\":\"https:\/\/www.ginefiv.com\/de\/datenschutz-politik-und-verwaltung\/#primaryimage\"},\"thumbnailUrl\":\"https:\/\/www.ginefiv.com\/wp-content\/uploads\/2023\/10\/aviso-legal.png\",\"datePublished\":\"2024-01-12T09:22:39+00:00\",\"dateModified\":\"2024-02-12T06:36:23+00:00\",\"breadcrumb\":{\"@id\":\"https:\/\/www.ginefiv.com\/de\/datenschutz-politik-und-verwaltung\/#breadcrumb\"},\"inLanguage\":\"de\",\"potentialAction\":[{\"@type\":\"ReadAction\",\"target\":[\"https:\/\/www.ginefiv.com\/de\/datenschutz-politik-und-verwaltung\/\"]}]},{\"@type\":\"ImageObject\",\"inLanguage\":\"de\",\"@id\":\"https:\/\/www.ginefiv.com\/de\/datenschutz-politik-und-verwaltung\/#primaryimage\",\"url\":\"https:\/\/www.ginefiv.com\/wp-content\/uploads\/2023\/10\/aviso-legal.png\",\"contentUrl\":\"https:\/\/www.ginefiv.com\/wp-content\/uploads\/2023\/10\/aviso-legal.png\",\"width\":4500,\"height\":3000},{\"@type\":\"BreadcrumbList\",\"@id\":\"https:\/\/www.ginefiv.com\/de\/datenschutz-politik-und-verwaltung\/#breadcrumb\",\"itemListElement\":[{\"@type\":\"ListItem\",\"position\":1,\"name\":\"Home\",\"item\":\"https:\/\/www.ginefiv.com\/de\/\"},{\"@type\":\"ListItem\",\"position\":2,\"name\":\"Datenschutz-Politik und Verwaltung\"}]},{\"@type\":\"WebSite\",\"@id\":\"https:\/\/www.ginefiv.com\/de\/#website\",\"url\":\"https:\/\/www.ginefiv.com\/de\/\",\"name\":\"Ginefiv Espa\u00f1a\",\"description\":\"Ginefiv, tu cl\u00ednica de reproducci\u00f3n asistida. 35 a\u00f1os de experiencia en inseminaci\u00f3n artificial y fecundaci\u00f3n in vitro\",\"publisher\":{\"@id\":\"https:\/\/www.ginefiv.com\/de\/#organization\"},\"potentialAction\":[{\"@type\":\"SearchAction\",\"target\":{\"@type\":\"EntryPoint\",\"urlTemplate\":\"https:\/\/www.ginefiv.com\/de\/?s={search_term_string}\"},\"query-input\":{\"@type\":\"PropertyValueSpecification\",\"valueRequired\":true,\"valueName\":\"search_term_string\"}}],\"inLanguage\":\"de\"},{\"@type\":\"Organization\",\"@id\":\"https:\/\/www.ginefiv.com\/de\/#organization\",\"name\":\"Ginefiv\",\"url\":\"https:\/\/www.ginefiv.com\/de\/\",\"logo\":{\"@type\":\"ImageObject\",\"inLanguage\":\"de\",\"@id\":\"https:\/\/www.ginefiv.com\/de\/#\/schema\/logo\/image\/\",\"url\":\"https:\/\/www.ginefiv.com\/wp-content\/uploads\/2023\/12\/descarga.png\",\"contentUrl\":\"https:\/\/www.ginefiv.com\/wp-content\/uploads\/2023\/12\/descarga.png\",\"width\":437,\"height\":115,\"caption\":\"Ginefiv\"},\"image\":{\"@id\":\"https:\/\/www.ginefiv.com\/de\/#\/schema\/logo\/image\/\"}}]}<\/script>\n<!-- \/ Yoast SEO plugin. -->","yoast_head_json":{"title":"Datenschutz-Politik und Verwaltung | Ginefiv Espa\u00f1a","robots":{"index":"index","follow":"follow","max-snippet":"max-snippet:-1","max-image-preview":"max-image-preview:large","max-video-preview":"max-video-preview:-1"},"canonical":"https:\/\/www.ginefiv.com\/de\/datenschutz-politik-und-verwaltung\/","og_locale":"de_DE","og_type":"article","og_title":"Datenschutz-Politik und Verwaltung | Ginefiv Espa\u00f1a","og_description":"Die Datenschutz-Politik und Verwaltung GINEFIV, S.L., basiert auf der vom europ\u00e4ischen Parlament und des Rates verankerten allgemeinen europ\u00e4ischen Relegung (EU)...","og_url":"https:\/\/www.ginefiv.com\/de\/datenschutz-politik-und-verwaltung\/","og_site_name":"Ginefiv Espa\u00f1a","article_modified_time":"2024-02-12T06:36:23+00:00","og_image":[{"width":1024,"height":683,"url":"https:\/\/www.ginefiv.com\/wp-content\/uploads\/2023\/10\/aviso-legal-1024x683.png","type":"image\/png"}],"twitter_card":"summary_large_image","twitter_misc":{"Gesch\u00e4tzte Lesezeit":"3\u00a0Minuten"},"schema":{"@context":"https:\/\/schema.org","@graph":[{"@type":"WebPage","@id":"https:\/\/www.ginefiv.com\/de\/datenschutz-politik-und-verwaltung\/","url":"https:\/\/www.ginefiv.com\/de\/datenschutz-politik-und-verwaltung\/","name":"Datenschutz-Politik und Verwaltung | Ginefiv Espa\u00f1a","isPartOf":{"@id":"https:\/\/www.ginefiv.com\/de\/#website"},"primaryImageOfPage":{"@id":"https:\/\/www.ginefiv.com\/de\/datenschutz-politik-und-verwaltung\/#primaryimage"},"image":{"@id":"https:\/\/www.ginefiv.com\/de\/datenschutz-politik-und-verwaltung\/#primaryimage"},"thumbnailUrl":"https:\/\/www.ginefiv.com\/wp-content\/uploads\/2023\/10\/aviso-legal.png","datePublished":"2024-01-12T09:22:39+00:00","dateModified":"2024-02-12T06:36:23+00:00","breadcrumb":{"@id":"https:\/\/www.ginefiv.com\/de\/datenschutz-politik-und-verwaltung\/#breadcrumb"},"inLanguage":"de","potentialAction":[{"@type":"ReadAction","target":["https:\/\/www.ginefiv.com\/de\/datenschutz-politik-und-verwaltung\/"]}]},{"@type":"ImageObject","inLanguage":"de","@id":"https:\/\/www.ginefiv.com\/de\/datenschutz-politik-und-verwaltung\/#primaryimage","url":"https:\/\/www.ginefiv.com\/wp-content\/uploads\/2023\/10\/aviso-legal.png","contentUrl":"https:\/\/www.ginefiv.com\/wp-content\/uploads\/2023\/10\/aviso-legal.png","width":4500,"height":3000},{"@type":"BreadcrumbList","@id":"https:\/\/www.ginefiv.com\/de\/datenschutz-politik-und-verwaltung\/#breadcrumb","itemListElement":[{"@type":"ListItem","position":1,"name":"Home","item":"https:\/\/www.ginefiv.com\/de\/"},{"@type":"ListItem","position":2,"name":"Datenschutz-Politik und Verwaltung"}]},{"@type":"WebSite","@id":"https:\/\/www.ginefiv.com\/de\/#website","url":"https:\/\/www.ginefiv.com\/de\/","name":"Ginefiv Espa\u00f1a","description":"Ginefiv, tu cl\u00ednica de reproducci\u00f3n asistida. 35 a\u00f1os de experiencia en inseminaci\u00f3n artificial y fecundaci\u00f3n in vitro","publisher":{"@id":"https:\/\/www.ginefiv.com\/de\/#organization"},"potentialAction":[{"@type":"SearchAction","target":{"@type":"EntryPoint","urlTemplate":"https:\/\/www.ginefiv.com\/de\/?s={search_term_string}"},"query-input":{"@type":"PropertyValueSpecification","valueRequired":true,"valueName":"search_term_string"}}],"inLanguage":"de"},{"@type":"Organization","@id":"https:\/\/www.ginefiv.com\/de\/#organization","name":"Ginefiv","url":"https:\/\/www.ginefiv.com\/de\/","logo":{"@type":"ImageObject","inLanguage":"de","@id":"https:\/\/www.ginefiv.com\/de\/#\/schema\/logo\/image\/","url":"https:\/\/www.ginefiv.com\/wp-content\/uploads\/2023\/12\/descarga.png","contentUrl":"https:\/\/www.ginefiv.com\/wp-content\/uploads\/2023\/12\/descarga.png","width":437,"height":115,"caption":"Ginefiv"},"image":{"@id":"https:\/\/www.ginefiv.com\/de\/#\/schema\/logo\/image\/"}}]}},"_links":{"self":[{"href":"https:\/\/www.ginefiv.com\/de\/wp-json\/wp\/v2\/pages\/16023","targetHints":{"allow":["GET"]}}],"collection":[{"href":"https:\/\/www.ginefiv.com\/de\/wp-json\/wp\/v2\/pages"}],"about":[{"href":"https:\/\/www.ginefiv.com\/de\/wp-json\/wp\/v2\/types\/page"}],"author":[{"embeddable":true,"href":"https:\/\/www.ginefiv.com\/de\/wp-json\/wp\/v2\/users\/1"}],"replies":[{"embeddable":true,"href":"https:\/\/www.ginefiv.com\/de\/wp-json\/wp\/v2\/comments?post=16023"}],"version-history":[{"count":0,"href":"https:\/\/www.ginefiv.com\/de\/wp-json\/wp\/v2\/pages\/16023\/revisions"}],"wp:featuredmedia":[{"embeddable":true,"href":"https:\/\/www.ginefiv.com\/de\/wp-json\/wp\/v2\/media\/3514"}],"wp:attachment":[{"href":"https:\/\/www.ginefiv.com\/de\/wp-json\/wp\/v2\/media?parent=16023"}],"curies":[{"name":"wp","href":"https:\/\/api.w.org\/{rel}","templated":true}]}}