











{"id":20874,"date":"2024-02-27T14:58:46","date_gmt":"2024-02-27T14:58:46","guid":{"rendered":"https:\/\/www.ginefiv.com\/?page_id=20874"},"modified":"2025-10-03T07:36:22","modified_gmt":"2025-10-03T07:36:22","slug":"barcelona","status":"publish","type":"page","link":"https:\/\/www.ginefiv.com\/en\/clinics\/barcelona\/","title":{"rendered":"Barcelona"},"content":{"rendered":"<div class=\"wp-block-cover alignfull\" style=\"min-height:80vh;aspect-ratio:unset;\"><img loading=\"lazy\" decoding=\"async\" width=\"1919\" height=\"1079\" class=\"wp-block-cover__image-background wp-image-2083\" alt=\"\" src=\"https:\/\/www.ginefiv.com\/wp-content\/uploads\/2023\/09\/clinica_bcn.webp\" data-object-fit=\"cover\" srcset=\"https:\/\/www.ginefiv.com\/wp-content\/uploads\/2023\/09\/clinica_bcn.webp 1919w, https:\/\/www.ginefiv.com\/wp-content\/uploads\/2023\/09\/clinica_bcn-300x169.webp 300w, https:\/\/www.ginefiv.com\/wp-content\/uploads\/2023\/09\/clinica_bcn-1024x576.webp 1024w, https:\/\/www.ginefiv.com\/wp-content\/uploads\/2023\/09\/clinica_bcn-768x432.webp 768w\" sizes=\"auto, (max-width: 1919px) 100vw, 1919px\" \/><span aria-hidden=\"true\" class=\"wp-block-cover__background has-background-dim\"><\/span><div class=\"wp-block-cover__inner-container is-layout-constrained wp-block-cover-is-layout-constrained\"> <div class=\"wp-block-columns is-layout-flex wp-container-core-columns-is-layout-28f84493 wp-block-columns-is-layout-flex\"> <div class=\"wp-block-column is-layout-flow wp-block-column-is-layout-flow\"> <h1 class=\"wp-block-heading\">Assisted reproduction clinics: Ginefiv Barcelona<\/h1> <\/div>    <div class=\"wp-block-column is-layout-flow wp-block-column-is-layout-flow\"><\/div> <\/div> <\/div><\/div>    <section class=\"wp-block-breadcrumbs\">   <div class=\"content-wrapper\">     <ul>                   <li>               <a href=\"https:\/\/www.ginefiv.com\/en\/\" title=\"Ginefiv Espa\u00f1a\">                 Ginefiv              <\/a>             <\/li>                         <li>               <span class=\"current\" title=\"Barcelona\">                 Barcelona              <\/span>             <\/li>                 <\/ul>   <\/div> <\/section>    <div class=\"wp-block-columns is-layout-flex wp-container-core-columns-is-layout-28f84493 wp-block-columns-is-layout-flex\"> <div class=\"wp-block-column is-layout-flow wp-block-column-is-layout-flow\"> <h2 class=\"wp-block-heading\">Design and cutting-edge technology<\/h2> <\/div> <\/div>    <div class=\"wp-block-columns is-layout-flex wp-container-core-columns-is-layout-28f84493 wp-block-columns-is-layout-flex\"> <div class=\"wp-block-column is-layout-flow wp-block-column-is-layout-flow\"> <p>Our new clinic in Barcelona offers you 1,100 m<sup>2<\/sup> of comfort and design in the city centre. With the latest technological advances in assisted reproduction and over 35 years&#8217; experience in the treatment of infertility, Ginefiv Barcelona has been designed down to the last detail with a dual purpose:<\/p>    <ul class=\"wp-block-list\"> <li>To offer you all assisted reproduction treatments and a wide variety of specialised units for highly complex cases, with which we are able to adapt to the specific needs of all our patients.<\/li>    <li>Our main premise is that our patients are comfortable and well cared for during their whole stay at the centre, and that our team is able to carry out their healthcare activity with the maximum guarantees of quality and safety.<\/li> <\/ul> <\/div>    <div class=\"wp-block-column is-layout-flow wp-block-column-is-layout-flow\"> <p>The facilities at the Ginefiv Barcelona are at the forefront of assisted reproduction and have been specifically designed to offer you the maximum safety, quality and probability of success in each of the processes required in fertility treatments:<\/p>    <ul class=\"wp-block-list\"> <li><a href=\"https:\/\/www.ginefiv.com\/en\/assisted-reproduction\/artificial-insemination\/\">Artificial insemination in Barcelona<\/a><\/li>    <li><a href=\"https:\/\/www.ginefiv.com\/en\/assisted-reproduction\/in-vitro-fertilization\/\">In vitro fertilisation in Barcelona<\/a><\/li>    <li><a href=\"https:\/\/www.ginefiv.com\/en\/assisted-reproduction\/fertility-preservation\/\">Fertility preservation in Barcelona<\/a><\/li> <\/ul> <\/div> <\/div>    <section class=\"content-wrapper content-location\">    <div class=\"block-columns pb-4\">          <div class=\"wp-block-column\">       <h3 class=\"wp-block-heading\">         Barcelona      <\/h3>     <\/div>    <\/div>    <div class=\"wp-block-columns content-location--grid\">      <div class=\"wp-block-column\">       <div class=\"flex-location-item\">         <div class=\"flex-location-item--icon\">           <img decoding=\"async\" src=\"https:\/\/www.ginefiv.com\/wp-content\/themes\/wac-theme\/assets\/images\/icons\/clinic_address.webp\" alt=\"Address image\">         <\/div>         <div class=\"flex-location-item--desc\">           <p class=\"pb-2\"><strong>Address<\/strong><\/p>           Gran V\u00eda de Les Corts Catalanes, 456 \u2013 08015 Barcelona        <\/div>       <\/div>        <div class=\"flex-location-item\">       <div class=\"flex-location-item--icon\">           <img decoding=\"async\" src=\"https:\/\/www.ginefiv.com\/wp-content\/themes\/wac-theme\/assets\/images\/icons\/clinic_schedule.webp\" alt=\"Schedule image\">         <\/div>         <div class=\"flex-location-item--desc\">           <p class=\"pb-2\"><strong>Opening hours<\/strong><\/p>                       <p class=\"pb-0\">               <strong>Monday to Friday<\/strong>:               9:00h to 19:30            <\/p>                   <\/div>       <\/div>        <div class=\"flex-location-item\">         <div class=\"flex-location-item--icon\">           <img decoding=\"async\" src=\"https:\/\/www.ginefiv.com\/wp-content\/themes\/wac-theme\/assets\/images\/icons\/clinic_phone.webp\" alt=\"Contact image\">         <\/div>         <div class=\"flex-location-item--desc\">           <p class=\"pb-2\"><strong>Telephone<\/strong><\/p>                       <p class=\"pb-0\">               <strong>Customer Services from Monday to Friday 9:00 to 21:00<\/strong>               <br>               +442031293419 o +34 917 888 070              <br><br>             <\/p>                   <\/div>       <\/div>      <\/div>      <div class=\"wp-block-column\">       <iframe src=\"https:\/\/www.google.com\/maps\/embed?pb=!1m18!1m12!1m3!1d2993.781357392319!2d2.1523738765658007!3d41.37883479652481!2m3!1f0!2f0!3f0!3m2!1i1024!2i768!4f13.1!3m3!1m2!1s0x12a4a3ec97e0d613%3A0xb00c48b33152ca3d!2sCl%C3%ADnica%20Ginefiv%20Barcelona%20-%20Cl%C3%ADnica%20de%20Reproducci%C3%B3n%20Asistida%20(Fertilidad%3A%20Fecunfaci%C3%B3n%20in%20vitro%2C%20Inseminaci%C3%B3n%20Artificial)!5e0!3m2!1sen!2sen!4v1717509387199!5m2!1sen!2sen\" width=\"600\" height=\"450\" allowfullscreen=\"\" loading=\"lazy\" referrerpolicy=\"no-referrer-when-downgrade\"><\/iframe>    <\/div>    <\/div>  <\/section>   <p><\/p>    <div style=\"height:2rem\" aria-hidden=\"true\" class=\"wp-block-spacer\"><\/div>    <div class=\"wp-block-columns alignfull mb-0 has-pale-peach-background-color has-background is-layout-flex wp-container-core-columns-is-layout-f0342b05 wp-block-columns-is-layout-flex\" style=\"margin-top:0;margin-bottom:0\"> <div class=\"wp-block-column is-layout-flow wp-block-column-is-layout-flow\"> <div class=\"wp-block-columns is-layout-flex wp-container-core-columns-is-layout-28f84493 wp-block-columns-is-layout-flex\"> <div class=\"wp-block-column is-vertically-aligned-center is-layout-flow wp-block-column-is-layout-flow\"> <h2 class=\"wp-block-heading\">Ginefiv Maternity<\/h2>    <p class=\"has-medium-font-size\">The pregnancy guarantee program that ensures the birth of your baby or you will be refunded.<\/p>    <div class=\"wp-block-buttons is-layout-flex wp-block-buttons-is-layout-flex\"> <div class=\"wp-block-button\"><a class=\"wp-block-button__link has-turquoise-teal-background-color has-background wp-element-button\" href=\"https:\/\/www.ginefiv.com\/en\/assisted-reproduction\/ginefiv-maternity\/\" style=\"border-radius:10px\">Learn about Ginefiv Maternity<\/a><\/div> <\/div> <\/div>    <div class=\"wp-block-column is-layout-flow wp-block-column-is-layout-flow\"> <figure class=\"wp-block-image size-full is-style-rounded\"><img loading=\"lazy\" decoding=\"async\" width=\"640\" height=\"474\" src=\"https:\/\/www.ginefiv.com\/wp-content\/uploads\/2024\/09\/imagen-para-el-banner.jpg\" alt=\"\" class=\"wp-image-34174\" srcset=\"https:\/\/www.ginefiv.com\/wp-content\/uploads\/2024\/09\/imagen-para-el-banner.jpg 640w, https:\/\/www.ginefiv.com\/wp-content\/uploads\/2024\/09\/imagen-para-el-banner-300x222.jpg 300w\" sizes=\"auto, (max-width: 640px) 100vw, 640px\" \/><\/figure> <\/div> <\/div> <\/div> <\/div>    <div style=\"height:2rem\" aria-hidden=\"true\" class=\"wp-block-spacer\"><\/div>    <div class=\"wp-block-columns is-layout-flex wp-container-core-columns-is-layout-1be7feac wp-block-columns-is-layout-flex\" style=\"margin-bottom:var(--wp--preset--spacing--2)\"> <div class=\"wp-block-column is-layout-flow wp-block-column-is-layout-flow\"> <figure class=\"wp-block-gallery has-nested-images columns-default is-cropped wp-block-gallery-1 is-layout-flex wp-block-gallery-is-layout-flex\"> <figure class=\"wp-block-image size-large\"><img decoding=\"async\" src=\"https:\/\/www.ginefiv.com\/wp-content\/uploads\/2025\/07\/barcelona-diapositiva1.jpg\" alt=\"recepcion-ginefiv-barcelona\"\/><\/figure>    <figure class=\"wp-block-image size-large\"><img decoding=\"async\" src=\"https:\/\/www.ginefiv.com\/wp-content\/uploads\/2025\/07\/barcelona-diapositiva2.jpg\" alt=\"consulta-ginefiv-barcelona\"\/><\/figure>    <figure class=\"wp-block-image size-large\"><img decoding=\"async\" src=\"https:\/\/www.ginefiv.com\/wp-content\/uploads\/2025\/07\/barcelona-diapositiva3.jpg\" alt=\"laboratorio-ginefiv-barcelona\"\/><\/figure> <\/figure> <\/div> <\/div>    <p><\/p>","protected":false},"excerpt":{"rendered":"<p>Design and cutting-edge technology Our new clinic in Barcelona offers you 1,100 m2 of comfort and design in the city&#8230;<\/p>\n","protected":false},"author":1,"featured_media":0,"parent":21499,"menu_order":0,"comment_status":"closed","ping_status":"closed","template":"","meta":{"_acf_changed":false,"footnotes":""},"class_list":["post-20874","page","type-page","status-publish","hentry"],"acf":[],"yoast_head":"<!-- This site is optimized with the Yoast SEO plugin v27.0 - https:\/\/yoast.com\/product\/yoast-seo-wordpress\/ -->\n<title>Assisted Reproduction and Fertility Clinic in Barcelona | Ginefiv Espa\u00f1a<\/title>\n<meta name=\"description\" content=\"Discover our assisted reproduction and fertility clinic in Barcelona. At the forefront of assisted reproduction techniques.\" \/>\n<meta name=\"robots\" content=\"index, follow, max-snippet:-1, max-image-preview:large, max-video-preview:-1\" \/>\n<link rel=\"canonical\" href=\"https:\/\/www.ginefiv.com\/en\/clinics\/barcelona\/\" \/>\n<meta property=\"og:locale\" content=\"en_US\" \/>\n<meta property=\"og:type\" content=\"article\" \/>\n<meta property=\"og:title\" content=\"Assisted Reproduction and Fertility Clinic in Barcelona | Ginefiv Espa\u00f1a\" \/>\n<meta property=\"og:description\" content=\"Discover our assisted reproduction and fertility clinic in Barcelona. At the forefront of assisted reproduction techniques.\" \/>\n<meta property=\"og:url\" content=\"https:\/\/www.ginefiv.com\/en\/clinics\/barcelona\/\" \/>\n<meta property=\"og:site_name\" content=\"Ginefiv Espa\u00f1a\" \/>\n<meta property=\"article:modified_time\" content=\"2025-10-03T07:36:22+00:00\" \/>\n<meta property=\"og:image\" content=\"https:\/\/www.ginefiv.com\/wp-content\/uploads\/2023\/09\/clinica_bcn.webp\" \/>\n\t<meta property=\"og:image:width\" content=\"1919\" \/>\n\t<meta property=\"og:image:height\" content=\"1079\" \/>\n\t<meta property=\"og:image:type\" content=\"image\/webp\" \/>\n<meta name=\"twitter:card\" content=\"summary_large_image\" \/>\n<meta name=\"twitter:label1\" content=\"Est. reading time\" \/>\n\t<meta name=\"twitter:data1\" content=\"2 minutes\" \/>\n<script type=\"application\/ld+json\" class=\"yoast-schema-graph\">{\"@context\":\"https:\/\/schema.org\",\"@graph\":[{\"@type\":\"WebPage\",\"@id\":\"https:\/\/www.ginefiv.com\/en\/clinics\/barcelona\/\",\"url\":\"https:\/\/www.ginefiv.com\/en\/clinics\/barcelona\/\",\"name\":\"Assisted Reproduction and Fertility Clinic in Barcelona | Ginefiv Espa\u00f1a\",\"isPartOf\":{\"@id\":\"https:\/\/www.ginefiv.com\/en\/#website\"},\"primaryImageOfPage\":{\"@id\":\"https:\/\/www.ginefiv.com\/en\/clinics\/barcelona\/#primaryimage\"},\"image\":{\"@id\":\"https:\/\/www.ginefiv.com\/en\/clinics\/barcelona\/#primaryimage\"},\"thumbnailUrl\":\"https:\/\/www.ginefiv.com\/wp-content\/uploads\/2023\/09\/clinica_bcn.webp\",\"datePublished\":\"2024-02-27T14:58:46+00:00\",\"dateModified\":\"2025-10-03T07:36:22+00:00\",\"description\":\"Discover our assisted reproduction and fertility clinic in Barcelona. At the forefront of assisted reproduction techniques.\",\"breadcrumb\":{\"@id\":\"https:\/\/www.ginefiv.com\/en\/clinics\/barcelona\/#breadcrumb\"},\"inLanguage\":\"en-US\",\"potentialAction\":[{\"@type\":\"ReadAction\",\"target\":[\"https:\/\/www.ginefiv.com\/en\/clinics\/barcelona\/\"]}]},{\"@type\":\"ImageObject\",\"inLanguage\":\"en-US\",\"@id\":\"https:\/\/www.ginefiv.com\/en\/clinics\/barcelona\/#primaryimage\",\"url\":\"https:\/\/www.ginefiv.com\/wp-content\/uploads\/2023\/09\/clinica_bcn.webp\",\"contentUrl\":\"https:\/\/www.ginefiv.com\/wp-content\/uploads\/2023\/09\/clinica_bcn.webp\"},{\"@type\":\"BreadcrumbList\",\"@id\":\"https:\/\/www.ginefiv.com\/en\/clinics\/barcelona\/#breadcrumb\",\"itemListElement\":[{\"@type\":\"ListItem\",\"position\":1,\"name\":\"Home\",\"item\":\"https:\/\/www.ginefiv.com\/en\/\"},{\"@type\":\"ListItem\",\"position\":2,\"name\":\"Our Clinics\",\"item\":\"https:\/\/www.ginefiv.com\/en\/clinics\/\"},{\"@type\":\"ListItem\",\"position\":3,\"name\":\"Barcelona\"}]},{\"@type\":\"WebSite\",\"@id\":\"https:\/\/www.ginefiv.com\/en\/#website\",\"url\":\"https:\/\/www.ginefiv.com\/en\/\",\"name\":\"Ginefiv Espa\u00f1a\",\"description\":\"Ginefiv, tu cl\u00ednica de reproducci\u00f3n asistida. 35 a\u00f1os de experiencia en inseminaci\u00f3n artificial y fecundaci\u00f3n in vitro\",\"publisher\":{\"@id\":\"https:\/\/www.ginefiv.com\/en\/#organization\"},\"potentialAction\":[{\"@type\":\"SearchAction\",\"target\":{\"@type\":\"EntryPoint\",\"urlTemplate\":\"https:\/\/www.ginefiv.com\/en\/?s={search_term_string}\"},\"query-input\":{\"@type\":\"PropertyValueSpecification\",\"valueRequired\":true,\"valueName\":\"search_term_string\"}}],\"inLanguage\":\"en-US\"},{\"@type\":\"Organization\",\"@id\":\"https:\/\/www.ginefiv.com\/en\/#organization\",\"name\":\"Ginefiv\",\"url\":\"https:\/\/www.ginefiv.com\/en\/\",\"logo\":{\"@type\":\"ImageObject\",\"inLanguage\":\"en-US\",\"@id\":\"https:\/\/www.ginefiv.com\/en\/#\/schema\/logo\/image\/\",\"url\":\"https:\/\/www.ginefiv.com\/wp-content\/uploads\/2023\/12\/descarga.png\",\"contentUrl\":\"https:\/\/www.ginefiv.com\/wp-content\/uploads\/2023\/12\/descarga.png\",\"width\":437,\"height\":115,\"caption\":\"Ginefiv\"},\"image\":{\"@id\":\"https:\/\/www.ginefiv.com\/en\/#\/schema\/logo\/image\/\"}}]}<\/script>\n<!-- \/ Yoast SEO plugin. -->","yoast_head_json":{"title":"Assisted Reproduction and Fertility Clinic in Barcelona | Ginefiv Espa\u00f1a","description":"Discover our assisted reproduction and fertility clinic in Barcelona. At the forefront of assisted reproduction techniques.","robots":{"index":"index","follow":"follow","max-snippet":"max-snippet:-1","max-image-preview":"max-image-preview:large","max-video-preview":"max-video-preview:-1"},"canonical":"https:\/\/www.ginefiv.com\/en\/clinics\/barcelona\/","og_locale":"en_US","og_type":"article","og_title":"Assisted Reproduction and Fertility Clinic in Barcelona | Ginefiv Espa\u00f1a","og_description":"Discover our assisted reproduction and fertility clinic in Barcelona. At the forefront of assisted reproduction techniques.","og_url":"https:\/\/www.ginefiv.com\/en\/clinics\/barcelona\/","og_site_name":"Ginefiv Espa\u00f1a","article_modified_time":"2025-10-03T07:36:22+00:00","og_image":[{"width":1919,"height":1079,"url":"https:\/\/www.ginefiv.com\/wp-content\/uploads\/2023\/09\/clinica_bcn.webp","type":"image\/webp"}],"twitter_card":"summary_large_image","twitter_misc":{"Est. reading time":"2 minutes"},"schema":{"@context":"https:\/\/schema.org","@graph":[{"@type":"WebPage","@id":"https:\/\/www.ginefiv.com\/en\/clinics\/barcelona\/","url":"https:\/\/www.ginefiv.com\/en\/clinics\/barcelona\/","name":"Assisted Reproduction and Fertility Clinic in Barcelona | Ginefiv Espa\u00f1a","isPartOf":{"@id":"https:\/\/www.ginefiv.com\/en\/#website"},"primaryImageOfPage":{"@id":"https:\/\/www.ginefiv.com\/en\/clinics\/barcelona\/#primaryimage"},"image":{"@id":"https:\/\/www.ginefiv.com\/en\/clinics\/barcelona\/#primaryimage"},"thumbnailUrl":"https:\/\/www.ginefiv.com\/wp-content\/uploads\/2023\/09\/clinica_bcn.webp","datePublished":"2024-02-27T14:58:46+00:00","dateModified":"2025-10-03T07:36:22+00:00","description":"Discover our assisted reproduction and fertility clinic in Barcelona. At the forefront of assisted reproduction techniques.","breadcrumb":{"@id":"https:\/\/www.ginefiv.com\/en\/clinics\/barcelona\/#breadcrumb"},"inLanguage":"en-US","potentialAction":[{"@type":"ReadAction","target":["https:\/\/www.ginefiv.com\/en\/clinics\/barcelona\/"]}]},{"@type":"ImageObject","inLanguage":"en-US","@id":"https:\/\/www.ginefiv.com\/en\/clinics\/barcelona\/#primaryimage","url":"https:\/\/www.ginefiv.com\/wp-content\/uploads\/2023\/09\/clinica_bcn.webp","contentUrl":"https:\/\/www.ginefiv.com\/wp-content\/uploads\/2023\/09\/clinica_bcn.webp"},{"@type":"BreadcrumbList","@id":"https:\/\/www.ginefiv.com\/en\/clinics\/barcelona\/#breadcrumb","itemListElement":[{"@type":"ListItem","position":1,"name":"Home","item":"https:\/\/www.ginefiv.com\/en\/"},{"@type":"ListItem","position":2,"name":"Our Clinics","item":"https:\/\/www.ginefiv.com\/en\/clinics\/"},{"@type":"ListItem","position":3,"name":"Barcelona"}]},{"@type":"WebSite","@id":"https:\/\/www.ginefiv.com\/en\/#website","url":"https:\/\/www.ginefiv.com\/en\/","name":"Ginefiv Espa\u00f1a","description":"Ginefiv, tu cl\u00ednica de reproducci\u00f3n asistida. 35 a\u00f1os de experiencia en inseminaci\u00f3n artificial y fecundaci\u00f3n in vitro","publisher":{"@id":"https:\/\/www.ginefiv.com\/en\/#organization"},"potentialAction":[{"@type":"SearchAction","target":{"@type":"EntryPoint","urlTemplate":"https:\/\/www.ginefiv.com\/en\/?s={search_term_string}"},"query-input":{"@type":"PropertyValueSpecification","valueRequired":true,"valueName":"search_term_string"}}],"inLanguage":"en-US"},{"@type":"Organization","@id":"https:\/\/www.ginefiv.com\/en\/#organization","name":"Ginefiv","url":"https:\/\/www.ginefiv.com\/en\/","logo":{"@type":"ImageObject","inLanguage":"en-US","@id":"https:\/\/www.ginefiv.com\/en\/#\/schema\/logo\/image\/","url":"https:\/\/www.ginefiv.com\/wp-content\/uploads\/2023\/12\/descarga.png","contentUrl":"https:\/\/www.ginefiv.com\/wp-content\/uploads\/2023\/12\/descarga.png","width":437,"height":115,"caption":"Ginefiv"},"image":{"@id":"https:\/\/www.ginefiv.com\/en\/#\/schema\/logo\/image\/"}}]}},"_links":{"self":[{"href":"https:\/\/www.ginefiv.com\/en\/wp-json\/wp\/v2\/pages\/20874","targetHints":{"allow":["GET"]}}],"collection":[{"href":"https:\/\/www.ginefiv.com\/en\/wp-json\/wp\/v2\/pages"}],"about":[{"href":"https:\/\/www.ginefiv.com\/en\/wp-json\/wp\/v2\/types\/page"}],"author":[{"embeddable":true,"href":"https:\/\/www.ginefiv.com\/en\/wp-json\/wp\/v2\/users\/1"}],"replies":[{"embeddable":true,"href":"https:\/\/www.ginefiv.com\/en\/wp-json\/wp\/v2\/comments?post=20874"}],"version-history":[{"count":2,"href":"https:\/\/www.ginefiv.com\/en\/wp-json\/wp\/v2\/pages\/20874\/revisions"}],"predecessor-version":[{"id":60900,"href":"https:\/\/www.ginefiv.com\/en\/wp-json\/wp\/v2\/pages\/20874\/revisions\/60900"}],"up":[{"embeddable":true,"href":"https:\/\/www.ginefiv.com\/en\/wp-json\/wp\/v2\/pages\/21499"}],"wp:attachment":[{"href":"https:\/\/www.ginefiv.com\/en\/wp-json\/wp\/v2\/media?parent=20874"}],"curies":[{"name":"wp","href":"https:\/\/api.w.org\/{rel}","templated":true}]}}