











{"id":21158,"date":"2023-09-14T12:01:25","date_gmt":"2023-09-14T12:01:25","guid":{"rendered":"https:\/\/www.ginefiv.com\/?page_id=21158"},"modified":"2024-04-03T13:41:12","modified_gmt":"2024-04-03T13:41:12","slug":"discover-ginefiv","status":"publish","type":"page","link":"https:\/\/www.ginefiv.com\/en\/discover-ginefiv\/","title":{"rendered":"Discover Ginefiv"},"content":{"rendered":"<div class=\"wp-block-cover alignfull\" style=\"min-height:80vh;aspect-ratio:unset;\"><span aria-hidden=\"true\" class=\"wp-block-cover__background has-background-dim-40 has-background-dim\"><\/span><img loading=\"lazy\" decoding=\"async\" width=\"2560\" height=\"1707\" src=\"https:\/\/www.ginefiv.com\/wp-content\/uploads\/2023\/09\/conoce_ginefiv-scaled.jpg\" class=\"wp-block-cover__image-background wp-post-image\" alt=\"\" data-object-fit=\"cover\" srcset=\"https:\/\/www.ginefiv.com\/wp-content\/uploads\/2023\/09\/conoce_ginefiv-scaled.jpg 2560w, https:\/\/www.ginefiv.com\/wp-content\/uploads\/2023\/09\/conoce_ginefiv-300x200.jpg 300w, https:\/\/www.ginefiv.com\/wp-content\/uploads\/2023\/09\/conoce_ginefiv-1024x683.jpg 1024w, https:\/\/www.ginefiv.com\/wp-content\/uploads\/2023\/09\/conoce_ginefiv-768x512.jpg 768w\" sizes=\"auto, (max-width: 2560px) 100vw, 2560px\" \/><div class=\"wp-block-cover__inner-container is-layout-constrained wp-block-cover-is-layout-constrained\"> <div class=\"wp-block-columns is-layout-flex wp-container-core-columns-is-layout-28f84493 wp-block-columns-is-layout-flex\"> <div class=\"wp-block-column is-layout-flow wp-block-column-is-layout-flow\" style=\"flex-basis:60%\"> <h1 class=\"wp-block-heading\">About Ginefiv<\/h1>    <p class=\"has-medium-font-size\">With 35 years of experience, Ginefiv is an international benchmark in assisted reproduction medicine, with one of the best-trained professional teams in Spain and Europe, the latest technological advances and excellent success rates.<\/p>    <p class=\"has-medium-font-size\">Find out more about Ginefiv on this page.<\/p> <\/div>    <div class=\"wp-block-column is-layout-flow wp-block-column-is-layout-flow\"><\/div> <\/div> <\/div><\/div>    <section class=\"wp-block-breadcrumbs\">   <div class=\"content-wrapper\">     <ul>                   <li>               <a href=\"https:\/\/www.ginefiv.com\/en\/\" title=\"Ginefiv Espa\u00f1a\">                 Ginefiv              <\/a>             <\/li>                         <li>               <span class=\"current\" title=\"Discover Ginefiv\">                 Discover Ginefiv              <\/span>             <\/li>                 <\/ul>   <\/div> <\/section>    <section  class=\"banner-testimonies-block-container\">     <div class=\"banner-testimonies-bg\" style=\"background-image:url(https:\/\/www.ginefiv.com\/wp-content\/themes\/wac-theme\/assets\/images\/bg-testimonial-logo.svg)\"><\/div>     <div class=\"banner-testimonies-block\">         <div class=\"banner-testimonies-block__content\">             <!--h3 class=\"testimonies-block__title heading-md\"-->                 Dreams that came true            <!--\/h3-->             <div class=\"testimonies-block__cards-container\" data-slider=\"testimony\">                                     <div class=\"testimony\">                         <img decoding=\"async\" class=\"testimony__decorator\" src=\"https:\/\/www.ginefiv.com\/wp-content\/themes\/wac-theme\/assets\/images\/icons\/testimony_decorator.png\" alt=\"Testimony decorator\">                         <div class=\"testimony__text\">                             <p>We went to Ginefiv because it worked for a few of my friends and they are mums<br \/> now. The prognosis wasn\u2019t very favourable because my ovarian reserve was low, but<br \/> the doctor told us that the eggs might be good quality.<\/p> <p>I went for my first insemination and it was really emotional knowing that it was virtually impossible that it would happen on the first try, but at the beta test I already<br \/> suspected that I was pregnant. And they gave us the news we had been hoping for:<br \/> we were pregnant! Yes, it worked on the first go.<\/p> <p>Our little Olivia was born nine months later and we couldn\u2019t be more in love<\/p>                         <\/div>                         <p class=\"testimony__author\">                             Mar\u00eda y Rodrigo                        <\/p>                     <\/div>                                     <div class=\"testimony\">                         <img decoding=\"async\" class=\"testimony__decorator\" src=\"https:\/\/www.ginefiv.com\/wp-content\/themes\/wac-theme\/assets\/images\/icons\/testimony_decorator.png\" alt=\"Testimony decorator\">                         <div class=\"testimony__text\">                             <p>We were advised to get IVF with microinjection and we got good embryos from it.<\/p> <p>Three of these \u2018little ones\u2019 were transferred to me and I became pregnant with Cristina.<\/p> <p>It all went so well and it was so easy that after 15 months we decided to go for a little<br \/> brother. It didn\u2019t happen at first but we were lucky on the third try with frozen<br \/> embryos and we had our second child, Carolina. We couldn\u2019t be happier<\/p>                         <\/div>                         <p class=\"testimony__author\">                             Pilu                        <\/p>                     <\/div>                                     <div class=\"testimony\">                         <img decoding=\"async\" class=\"testimony__decorator\" src=\"https:\/\/www.ginefiv.com\/wp-content\/themes\/wac-theme\/assets\/images\/icons\/testimony_decorator.png\" alt=\"Testimony decorator\">                         <div class=\"testimony__text\">                             <p>We were fed up with another clinic so we came here and what a good move that<br \/> was. I couldn\u2019t get pregnant even after months and months, and the tests showed<br \/> there was nothing stopping it.<\/p> <p>After a while though, it did happen for us. And even though I spent so long worrying<br \/> about my health, thinking about my baby changed my mood completely.<\/p> <p>Thank-you all for the hard work.<\/p>                         <\/div>                         <p class=\"testimony__author\">                             Carla Ruiz                        <\/p>                     <\/div>                                     <div class=\"testimony\">                         <img decoding=\"async\" class=\"testimony__decorator\" src=\"https:\/\/www.ginefiv.com\/wp-content\/themes\/wac-theme\/assets\/images\/icons\/testimony_decorator.png\" alt=\"Testimony decorator\">                         <div class=\"testimony__text\">                             <p>We were recommended to go to Ginefiv by some friends and after our first visit,<br \/> looking at other clinics didn\u2019t even cross our minds.<\/p> <p>We went there after 7 years of unsuccessful treatments with the Social Security<br \/> healthcare system.<\/p> <p>At Ginefiv I got pregnant with the second transfer.<\/p> <p>I\u2019ve only got good things to say about Ginefiv and the way they took care of us. We<br \/> found the best clinic and doctor in the world<\/p>                         <\/div>                         <p class=\"testimony__author\">                             Roberto y Aurora                        <\/p>                     <\/div>                             <\/div>         <\/div>     <\/div> <\/section>  <section  class=\"banner-icons-block background-accent-lightest\">     <div class=\"container\">         <div class=\"row\">             <div class=\"col-12 col-lg-4\">                 <div class=\"banner-icons-block__info-container\">                     <div class=\"info__title\">                         <h3 class=\"title-display heading-md\"><span dir=\"ltr\" role=\"presentation\">Your first visit step by step<\/span><\/h3>                     <\/div>                     <div class=\"info__text\">                         <p><span dir=\"ltr\" role=\"presentation\">At Ginefiv clinics we are ready to accompany you on your journey and help you fulfil your <\/span><span dir=\"ltr\" role=\"presentation\">dream of having a child<\/span>.<\/p>                     <\/div>                         <div class=\"button-wrapper info__buttons mt-4\">       <a  href=\"https:\/\/www.ginefiv.com\/pide-cita\/\" class=\"gbutton gbutton-default  accent contained size-xl\" >Find out more here<\/a>    <\/div>                 <\/div>             <\/div>             <div class=\"col-12 col-lg-8\">                 <div class=\"banner-icons-block__icons-container\">                                             <img decoding=\"async\" class=\"banner-decorator\" src=\"https:\/\/www.ginefiv.com\/wp-content\/themes\/wac-theme\/assets\/images\/icons\/banner-icons-decorator.png\" alt=\"Banner decorator\">                         <div class=\"banner-icon\">                             <picture class=\"banner-icon__thumbnail\">                                 <img decoding=\"async\" class=\"banner-icon__img\" src=\"https:\/\/www.ginefiv.com\/wp-content\/uploads\/2023\/09\/step-icon-04@2x.png\" alt=\"\">                             <\/picture>                             <div class=\"banner-icon__text\">                                 The clinical history                            <\/div>                         <\/div>                                             <img decoding=\"async\" class=\"banner-decorator\" src=\"https:\/\/www.ginefiv.com\/wp-content\/themes\/wac-theme\/assets\/images\/icons\/banner-icons-decorator.png\" alt=\"Banner decorator\">                         <div class=\"banner-icon\">                             <picture class=\"banner-icon__thumbnail\">                                 <img decoding=\"async\" class=\"banner-icon__img\" src=\"https:\/\/www.ginefiv.com\/wp-content\/uploads\/2023\/09\/step-icon-01@2x.png\" alt=\"\">                             <\/picture>                             <div class=\"banner-icon__text\">                                 The ultrasound scan                            <\/div>                         <\/div>                                             <img decoding=\"async\" class=\"banner-decorator\" src=\"https:\/\/www.ginefiv.com\/wp-content\/themes\/wac-theme\/assets\/images\/icons\/banner-icons-decorator.png\" alt=\"Banner decorator\">                         <div class=\"banner-icon\">                             <picture class=\"banner-icon__thumbnail\">                                 <img decoding=\"async\" class=\"banner-icon__img\" src=\"https:\/\/www.ginefiv.com\/wp-content\/uploads\/2023\/09\/step-icon-02@2x.png\" alt=\"\">                             <\/picture>                             <div class=\"banner-icon__text\">                                 Sperm sample                            <\/div>                         <\/div>                                             <img decoding=\"async\" class=\"banner-decorator\" src=\"https:\/\/www.ginefiv.com\/wp-content\/themes\/wac-theme\/assets\/images\/icons\/banner-icons-decorator.png\" alt=\"Banner decorator\">                         <div class=\"banner-icon\">                             <picture class=\"banner-icon__thumbnail\">                                 <img decoding=\"async\" class=\"banner-icon__img\" src=\"https:\/\/www.ginefiv.com\/wp-content\/uploads\/2023\/09\/step-icon-03@2x.png\" alt=\"\">                             <\/picture>                             <div class=\"banner-icon__text\">                                 Results                            <\/div>                         <\/div>                                     <\/div>             <\/div>         <\/div>     <\/div> <\/section>   <section> \t<div class=\"cta-block-container\"> \t\t<div class=\"cta-block-container__title\"> \t\t\t<p><h2><span dir=\"ltr\" role=\"presentation\">Any questions?<\/span><\/h2> <\/p> \t\t<\/div> \t\t<div class=\"cta-block-container__separator d-none d-md-flex\"> \t\t\t<picture> \t\t\t\t<img decoding=\"async\" class=\"separator__img\" src=\"https:\/\/www.ginefiv.com\/wp-content\/themes\/wac-theme\/assets\/images\/icons\/cta-separator.webp\" alt=\"\"> \t\t\t<\/picture> \t\t<\/div> \t\t<div class=\"cta-block-container__icons-row\"> \t\t\t\t\t\t\t<div class=\"actions\"> \t\t\t\t\t<picture class=\"action__thumbnail\"> \t\t\t\t\t\t<img decoding=\"async\" class=\"action__img\" src=\"https:\/\/www.ginefiv.com\/wp-content\/themes\/wac-theme\/assets\/images\/icons\/cta-phone.webp\" alt=\"\"> \t\t\t\t\t<\/picture> \t\t\t\t\t<div class=\"action__text\"> \t\t\t\t\t\t\t\t\t\t\t\t\t<a class=\"action__text\" href=\"tel:900 908 988\" target=\"_blank\"> \t\t\t\t\t\t\t\t<p> \t\t\t\t\t\t\t\t\tLl\u00e1manos gratis al <br><strong>900 908 988<\/strong>\t\t\t\t\t\t\t\t<\/p> \t\t\t\t\t\t\t<\/a> \t\t\t\t\t\t\t\t\t\t\t<\/div> \t\t\t\t<\/div> \t\t\t\t\t\t\t<div class=\"actions\"> \t\t\t\t\t<picture class=\"action__thumbnail\"> \t\t\t\t\t\t<img decoding=\"async\" class=\"action__img\" src=\"https:\/\/www.ginefiv.com\/wp-content\/themes\/wac-theme\/assets\/images\/icons\/cta-clinics.webp\" alt=\"\"> \t\t\t\t\t<\/picture> \t\t\t\t\t<a class=\"action__text permalink underlined\" href=\"https:\/\/www.ginefiv.com\/en\/clinics\/\"> \t\t\t\t\t\t<p>Visit us in<\/p> \t\t\t\t\t\t<strong>our Ginefiv clinics<\/strong> \t\t\t\t\t<\/a> \t\t\t\t<\/div> \t\t\t\t\t\t\t<div class=\"actions\"> \t\t\t\t\t<picture class=\"action__thumbnail\"> \t\t\t\t\t\t<img decoding=\"async\" class=\"action__img\" src=\"https:\/\/www.ginefiv.com\/wp-content\/themes\/wac-theme\/assets\/images\/icons\/cta-appointment.webp\" alt=\"\"> \t\t\t\t\t<\/picture> \t\t\t\t\t<a class=\"action__text permalink underlined\" href=\"https:\/\/www.ginefiv.com\/en\/book-an-appointment\/\"> \t\t\t\t\t\t<p>Ask for an<\/p> \t\t\t\t\t\t<strong>appointment with Ginefiv<\/strong> \t\t\t\t\t<\/a> \t\t\t\t<\/div> \t\t\t\t\t<\/div> \t<\/div> <\/section>","protected":false},"excerpt":{"rendered":"","protected":false},"author":1,"featured_media":1193,"parent":0,"menu_order":0,"comment_status":"closed","ping_status":"closed","template":"","meta":{"_acf_changed":false,"footnotes":""},"class_list":["post-21158","page","type-page","status-publish","has-post-thumbnail","hentry"],"acf":[],"yoast_head":"<!-- This site is optimized with the Yoast SEO plugin v27.0 - https:\/\/yoast.com\/product\/yoast-seo-wordpress\/ -->\n<title>Discover Ginefiv | Ginefiv Espa\u00f1a<\/title>\n<meta name=\"robots\" content=\"index, follow, max-snippet:-1, max-image-preview:large, max-video-preview:-1\" \/>\n<link rel=\"canonical\" href=\"https:\/\/www.ginefiv.com\/en\/discover-ginefiv\/\" \/>\n<meta property=\"og:locale\" content=\"en_US\" \/>\n<meta property=\"og:type\" content=\"article\" \/>\n<meta property=\"og:title\" content=\"Discover Ginefiv | Ginefiv Espa\u00f1a\" \/>\n<meta property=\"og:url\" content=\"https:\/\/www.ginefiv.com\/en\/discover-ginefiv\/\" \/>\n<meta property=\"og:site_name\" content=\"Ginefiv Espa\u00f1a\" \/>\n<meta property=\"article:modified_time\" content=\"2024-04-03T13:41:12+00:00\" \/>\n<meta property=\"og:image\" content=\"https:\/\/www.ginefiv.com\/wp-content\/uploads\/2023\/09\/conoce_ginefiv-scaled.jpg\" \/>\n\t<meta property=\"og:image:width\" content=\"2560\" \/>\n\t<meta property=\"og:image:height\" content=\"1707\" \/>\n\t<meta property=\"og:image:type\" content=\"image\/jpeg\" \/>\n<meta name=\"twitter:card\" content=\"summary_large_image\" \/>\n<meta name=\"twitter:label1\" content=\"Est. reading time\" \/>\n\t<meta name=\"twitter:data1\" content=\"1 minute\" \/>\n<script type=\"application\/ld+json\" class=\"yoast-schema-graph\">{\"@context\":\"https:\/\/schema.org\",\"@graph\":[{\"@type\":\"WebPage\",\"@id\":\"https:\/\/www.ginefiv.com\/en\/discover-ginefiv\/\",\"url\":\"https:\/\/www.ginefiv.com\/en\/discover-ginefiv\/\",\"name\":\"Discover Ginefiv | Ginefiv Espa\u00f1a\",\"isPartOf\":{\"@id\":\"https:\/\/www.ginefiv.com\/en\/#website\"},\"primaryImageOfPage\":{\"@id\":\"https:\/\/www.ginefiv.com\/en\/discover-ginefiv\/#primaryimage\"},\"image\":{\"@id\":\"https:\/\/www.ginefiv.com\/en\/discover-ginefiv\/#primaryimage\"},\"thumbnailUrl\":\"https:\/\/www.ginefiv.com\/wp-content\/uploads\/2023\/09\/conoce_ginefiv-scaled.jpg\",\"datePublished\":\"2023-09-14T12:01:25+00:00\",\"dateModified\":\"2024-04-03T13:41:12+00:00\",\"breadcrumb\":{\"@id\":\"https:\/\/www.ginefiv.com\/en\/discover-ginefiv\/#breadcrumb\"},\"inLanguage\":\"en-US\",\"potentialAction\":[{\"@type\":\"ReadAction\",\"target\":[\"https:\/\/www.ginefiv.com\/en\/discover-ginefiv\/\"]}]},{\"@type\":\"ImageObject\",\"inLanguage\":\"en-US\",\"@id\":\"https:\/\/www.ginefiv.com\/en\/discover-ginefiv\/#primaryimage\",\"url\":\"https:\/\/www.ginefiv.com\/wp-content\/uploads\/2023\/09\/conoce_ginefiv-scaled.jpg\",\"contentUrl\":\"https:\/\/www.ginefiv.com\/wp-content\/uploads\/2023\/09\/conoce_ginefiv-scaled.jpg\",\"width\":2560,\"height\":1707},{\"@type\":\"BreadcrumbList\",\"@id\":\"https:\/\/www.ginefiv.com\/en\/discover-ginefiv\/#breadcrumb\",\"itemListElement\":[{\"@type\":\"ListItem\",\"position\":1,\"name\":\"Home\",\"item\":\"https:\/\/www.ginefiv.com\/en\/\"},{\"@type\":\"ListItem\",\"position\":2,\"name\":\"Discover Ginefiv\"}]},{\"@type\":\"WebSite\",\"@id\":\"https:\/\/www.ginefiv.com\/en\/#website\",\"url\":\"https:\/\/www.ginefiv.com\/en\/\",\"name\":\"Ginefiv Espa\u00f1a\",\"description\":\"Ginefiv, tu cl\u00ednica de reproducci\u00f3n asistida. 35 a\u00f1os de experiencia en inseminaci\u00f3n artificial y fecundaci\u00f3n in vitro\",\"publisher\":{\"@id\":\"https:\/\/www.ginefiv.com\/en\/#organization\"},\"potentialAction\":[{\"@type\":\"SearchAction\",\"target\":{\"@type\":\"EntryPoint\",\"urlTemplate\":\"https:\/\/www.ginefiv.com\/en\/?s={search_term_string}\"},\"query-input\":{\"@type\":\"PropertyValueSpecification\",\"valueRequired\":true,\"valueName\":\"search_term_string\"}}],\"inLanguage\":\"en-US\"},{\"@type\":\"Organization\",\"@id\":\"https:\/\/www.ginefiv.com\/en\/#organization\",\"name\":\"Ginefiv\",\"url\":\"https:\/\/www.ginefiv.com\/en\/\",\"logo\":{\"@type\":\"ImageObject\",\"inLanguage\":\"en-US\",\"@id\":\"https:\/\/www.ginefiv.com\/en\/#\/schema\/logo\/image\/\",\"url\":\"https:\/\/www.ginefiv.com\/wp-content\/uploads\/2023\/12\/descarga.png\",\"contentUrl\":\"https:\/\/www.ginefiv.com\/wp-content\/uploads\/2023\/12\/descarga.png\",\"width\":437,\"height\":115,\"caption\":\"Ginefiv\"},\"image\":{\"@id\":\"https:\/\/www.ginefiv.com\/en\/#\/schema\/logo\/image\/\"}}]}<\/script>\n<!-- \/ Yoast SEO plugin. -->","yoast_head_json":{"title":"Discover Ginefiv | Ginefiv Espa\u00f1a","robots":{"index":"index","follow":"follow","max-snippet":"max-snippet:-1","max-image-preview":"max-image-preview:large","max-video-preview":"max-video-preview:-1"},"canonical":"https:\/\/www.ginefiv.com\/en\/discover-ginefiv\/","og_locale":"en_US","og_type":"article","og_title":"Discover Ginefiv | Ginefiv Espa\u00f1a","og_url":"https:\/\/www.ginefiv.com\/en\/discover-ginefiv\/","og_site_name":"Ginefiv Espa\u00f1a","article_modified_time":"2024-04-03T13:41:12+00:00","og_image":[{"width":2560,"height":1707,"url":"https:\/\/www.ginefiv.com\/wp-content\/uploads\/2023\/09\/conoce_ginefiv-scaled.jpg","type":"image\/jpeg"}],"twitter_card":"summary_large_image","twitter_misc":{"Est. reading time":"1 minute"},"schema":{"@context":"https:\/\/schema.org","@graph":[{"@type":"WebPage","@id":"https:\/\/www.ginefiv.com\/en\/discover-ginefiv\/","url":"https:\/\/www.ginefiv.com\/en\/discover-ginefiv\/","name":"Discover Ginefiv | Ginefiv Espa\u00f1a","isPartOf":{"@id":"https:\/\/www.ginefiv.com\/en\/#website"},"primaryImageOfPage":{"@id":"https:\/\/www.ginefiv.com\/en\/discover-ginefiv\/#primaryimage"},"image":{"@id":"https:\/\/www.ginefiv.com\/en\/discover-ginefiv\/#primaryimage"},"thumbnailUrl":"https:\/\/www.ginefiv.com\/wp-content\/uploads\/2023\/09\/conoce_ginefiv-scaled.jpg","datePublished":"2023-09-14T12:01:25+00:00","dateModified":"2024-04-03T13:41:12+00:00","breadcrumb":{"@id":"https:\/\/www.ginefiv.com\/en\/discover-ginefiv\/#breadcrumb"},"inLanguage":"en-US","potentialAction":[{"@type":"ReadAction","target":["https:\/\/www.ginefiv.com\/en\/discover-ginefiv\/"]}]},{"@type":"ImageObject","inLanguage":"en-US","@id":"https:\/\/www.ginefiv.com\/en\/discover-ginefiv\/#primaryimage","url":"https:\/\/www.ginefiv.com\/wp-content\/uploads\/2023\/09\/conoce_ginefiv-scaled.jpg","contentUrl":"https:\/\/www.ginefiv.com\/wp-content\/uploads\/2023\/09\/conoce_ginefiv-scaled.jpg","width":2560,"height":1707},{"@type":"BreadcrumbList","@id":"https:\/\/www.ginefiv.com\/en\/discover-ginefiv\/#breadcrumb","itemListElement":[{"@type":"ListItem","position":1,"name":"Home","item":"https:\/\/www.ginefiv.com\/en\/"},{"@type":"ListItem","position":2,"name":"Discover Ginefiv"}]},{"@type":"WebSite","@id":"https:\/\/www.ginefiv.com\/en\/#website","url":"https:\/\/www.ginefiv.com\/en\/","name":"Ginefiv Espa\u00f1a","description":"Ginefiv, tu cl\u00ednica de reproducci\u00f3n asistida. 35 a\u00f1os de experiencia en inseminaci\u00f3n artificial y fecundaci\u00f3n in vitro","publisher":{"@id":"https:\/\/www.ginefiv.com\/en\/#organization"},"potentialAction":[{"@type":"SearchAction","target":{"@type":"EntryPoint","urlTemplate":"https:\/\/www.ginefiv.com\/en\/?s={search_term_string}"},"query-input":{"@type":"PropertyValueSpecification","valueRequired":true,"valueName":"search_term_string"}}],"inLanguage":"en-US"},{"@type":"Organization","@id":"https:\/\/www.ginefiv.com\/en\/#organization","name":"Ginefiv","url":"https:\/\/www.ginefiv.com\/en\/","logo":{"@type":"ImageObject","inLanguage":"en-US","@id":"https:\/\/www.ginefiv.com\/en\/#\/schema\/logo\/image\/","url":"https:\/\/www.ginefiv.com\/wp-content\/uploads\/2023\/12\/descarga.png","contentUrl":"https:\/\/www.ginefiv.com\/wp-content\/uploads\/2023\/12\/descarga.png","width":437,"height":115,"caption":"Ginefiv"},"image":{"@id":"https:\/\/www.ginefiv.com\/en\/#\/schema\/logo\/image\/"}}]}},"_links":{"self":[{"href":"https:\/\/www.ginefiv.com\/en\/wp-json\/wp\/v2\/pages\/21158","targetHints":{"allow":["GET"]}}],"collection":[{"href":"https:\/\/www.ginefiv.com\/en\/wp-json\/wp\/v2\/pages"}],"about":[{"href":"https:\/\/www.ginefiv.com\/en\/wp-json\/wp\/v2\/types\/page"}],"author":[{"embeddable":true,"href":"https:\/\/www.ginefiv.com\/en\/wp-json\/wp\/v2\/users\/1"}],"replies":[{"embeddable":true,"href":"https:\/\/www.ginefiv.com\/en\/wp-json\/wp\/v2\/comments?post=21158"}],"version-history":[{"count":0,"href":"https:\/\/www.ginefiv.com\/en\/wp-json\/wp\/v2\/pages\/21158\/revisions"}],"wp:featuredmedia":[{"embeddable":true,"href":"https:\/\/www.ginefiv.com\/en\/wp-json\/wp\/v2\/media\/1193"}],"wp:attachment":[{"href":"https:\/\/www.ginefiv.com\/en\/wp-json\/wp\/v2\/media?parent=21158"}],"curies":[{"name":"wp","href":"https:\/\/api.w.org\/{rel}","templated":true}]}}