











{"id":23474,"date":"2023-10-02T12:38:10","date_gmt":"2023-10-02T12:38:10","guid":{"rendered":"https:\/\/www.ginefiv.com\/?page_id=23474"},"modified":"2024-04-08T14:10:34","modified_gmt":"2024-04-08T14:10:34","slug":"pregnancy-guarantee-programme","status":"publish","type":"page","link":"https:\/\/www.ginefiv.com\/en\/pregnancy-guarantee-programme\/","title":{"rendered":"Pregnancy guarantee programme"},"content":{"rendered":"<div class=\"wp-block-cover alignfull\" style=\"min-height:80vh;aspect-ratio:unset;\"><span aria-hidden=\"true\" class=\"wp-block-cover__background has-background-dim\"><\/span><img loading=\"lazy\" decoding=\"async\" width=\"1920\" height=\"675\" src=\"https:\/\/www.ginefiv.com\/wp-content\/uploads\/2023\/10\/cabecera-03-1.jpg\" class=\"wp-block-cover__image-background wp-post-image\" alt=\"\" data-object-fit=\"cover\" data-object-position=\"42% 36%\" style=\"object-position:42% 36%;\" srcset=\"https:\/\/www.ginefiv.com\/wp-content\/uploads\/2023\/10\/cabecera-03-1.jpg 1920w, https:\/\/www.ginefiv.com\/wp-content\/uploads\/2023\/10\/cabecera-03-1-300x105.jpg 300w, https:\/\/www.ginefiv.com\/wp-content\/uploads\/2023\/10\/cabecera-03-1-1024x360.jpg 1024w, https:\/\/www.ginefiv.com\/wp-content\/uploads\/2023\/10\/cabecera-03-1-768x270.jpg 768w\" sizes=\"auto, (max-width: 1920px) 100vw, 1920px\" \/><div class=\"wp-block-cover__inner-container is-layout-constrained wp-block-cover-is-layout-constrained\"> <div class=\"wp-block-columns is-layout-flex wp-container-core-columns-is-layout-28f84493 wp-block-columns-is-layout-flex\"> <div class=\"wp-block-column is-layout-flow wp-block-column-is-layout-flow\" style=\"flex-basis:57%\"> <h1 class=\"wp-block-heading\">Ginefiv Pregnancy Guarantee<br>Programme<\/h1>    <p class=\"has-medium-font-size\">At <strong>Ginefiv fertility clinic<\/strong> we want you to fulfil your dream of becoming a mother. That is why we are committed to achieving it within 24 months, with the best <strong>Pregnancy Guarantee programme<\/strong>.<\/p> <\/div>    <div class=\"wp-block-column is-layout-flow wp-block-column-is-layout-flow\"><\/div> <\/div> <\/div><\/div>    <section class=\"wp-block-breadcrumbs\">   <div class=\"content-wrapper\">     <ul>                   <li>               <a href=\"https:\/\/www.ginefiv.com\/en\/\" title=\"Ginefiv Espa\u00f1a\">                 Ginefiv              <\/a>             <\/li>                         <li>               <span class=\"current\" title=\"Pregnancy guarantee programme\">                 Pregnancy guarantee programme              <\/span>             <\/li>                 <\/ul>   <\/div> <\/section>    <div class=\"wp-block-columns is-layout-flex wp-container-core-columns-is-layout-28f84493 wp-block-columns-is-layout-flex\"> <div class=\"wp-block-column is-layout-flow wp-block-column-is-layout-flow\"> <figure class=\"wp-block-image size-full is-style-rounded\"><img loading=\"lazy\" decoding=\"async\" width=\"500\" height=\"375\" src=\"https:\/\/www.ginefiv.com\/wp-content\/uploads\/2023\/10\/garantia-01.webp\" alt=\"\" class=\"wp-image-2325\" srcset=\"https:\/\/www.ginefiv.com\/wp-content\/uploads\/2023\/10\/garantia-01.webp 500w, https:\/\/www.ginefiv.com\/wp-content\/uploads\/2023\/10\/garantia-01-300x225.webp 300w\" sizes=\"auto, (max-width: 500px) 100vw, 500px\" \/><\/figure> <\/div>    <div class=\"wp-block-column is-layout-flow wp-block-column-is-layout-flow\"> <h2 class=\"wp-block-heading\">What is the Pregnancy Guarantee programme?<\/h2>    <p>It is a programme that offers you all the advantages of our treatments, with our commitment to achieve a viable pregnancy in 24 months.<\/p>    <p>This Pregnancy Guarantee programme is especially recommended for:<\/p>    <ul class=\"wp-block-list\"> <li>Women in good general and gynaecological health, and without medical contraindication for pregnancy.<\/li>    <li>Committed to follow the guidelines of our team at all times and to carry out all the treatments included in the guarantee.<\/li> <\/ul> <\/div> <\/div>    <div class=\"wp-block-columns is-layout-flex wp-container-core-columns-is-layout-28f84493 wp-block-columns-is-layout-flex\"> <div class=\"wp-block-column is-layout-flow wp-block-column-is-layout-flow\"> <p><strong>Only Ginefiv can commit<\/strong> to a programme that guarantees the birth of your baby, as we <strong>have the best<\/strong> pregnancy <a href=\"https:\/\/www.ginefiv.com\/en\/discover-ginefiv\/ginefiv-success-rates\/\">success rates<\/a> and the best laboratories and specialists in <a href=\"https:\/\/www.ginefiv.com\/en\/assisted-reproduction\/\">assisted reproduction<\/a>.<\/p>    <p>In addition, <strong>we are committed to innovation and research on an ongoing basis<\/strong>. For all these reasons, we know that we have the best guarantee so that our patients can fulfil their dream of having a child<\/p> <\/div> <\/div>    <div class=\"wp-block-columns is-layout-flex wp-container-core-columns-is-layout-28f84493 wp-block-columns-is-layout-flex\"> <div class=\"wp-block-column is-layout-flow wp-block-column-is-layout-flow\"> <h3 class=\"wp-block-heading\">What exactly is the guarantee we offer you?<\/h3>    <p>We are committed to achieve your pregnancy and the birth of your baby and, to do so, we will put all our knowledge, experience and technical and human resources at your disposal.<\/p>    <p>We also commit to achieve this objective within 24 months. Exceptionally, if this period is exceeded for reasons beyond the patient&#8217;s control, this period may be revised, always at the discretion of the management of the <strong>assisted reproduction clinic<\/strong>.<\/p>    <p>If a viable pregnancy is not achieved, we will refund the full amount you have paid.<\/p> <\/div> <\/div>    <div class=\"wp-block-columns is-layout-flex wp-container-core-columns-is-layout-28f84493 wp-block-columns-is-layout-flex\"> <div class=\"wp-block-column is-layout-flow wp-block-column-is-layout-flow\"> <h3 class=\"wp-block-heading\">How can you access this guarantee?<\/h3>    <p>In order to access the Ginefiv Pregnancy Guarantee programme, you must undergo an individualised assessment in consultation with a specialist from our medical team. It will always be the medical criterion that prevails when it comes to being able to access your contract.<\/p> <\/div> <\/div>    <div class=\"wp-block-columns is-layout-flex wp-container-core-columns-is-layout-28f84493 wp-block-columns-is-layout-flex\"> <div class=\"wp-block-column is-layout-flow wp-block-column-is-layout-flow\"> <h3 class=\"wp-block-heading\">What do we ask for in return?<\/h3>    <p><strong>CONFIDENCE: <\/strong>That you follow each of the treatment recommendations indicated by the medical team.<\/p>    <p><strong>COMMITMENT:<\/strong> That there is continuity in the treatment; that it is not abandoned for long periods of time.<\/p>    <p><strong>TRUTH: <\/strong>That you provide us with truthful information about your medical history, as well as about previous treatments and test results<\/p> <\/div> <\/div>    <div class=\"wp-block-columns is-layout-flex wp-container-core-columns-is-layout-28f84493 wp-block-columns-is-layout-flex\"> <div class=\"wp-block-column is-layout-flow wp-block-column-is-layout-flow\"> <h3 class=\"wp-block-heading\">What does the guarantee include?<\/h3>    <p>The Ginefiv pregnancy guarantee programme includes the following concepts:<\/p>    <ul class=\"wp-block-list\"> <li>All medical and genetic controls of the donors.<\/li>    <li>Cryopreservation of the embryos obtained during the period of validity of the guarantee.<\/li>    <li>All laboratory techniques that may be indicated.<\/li>    <li>The freezing and conservation of sperm samples during the entire period of the guarantee.<\/li>    <li>All transfers of frozen embryos generated during the treatments.<\/li> <\/ul> <\/div> <\/div>    <div class=\"wp-block-columns is-layout-flex wp-container-core-columns-is-layout-28f84493 wp-block-columns-is-layout-flex\"> <div class=\"wp-block-column is-layout-flow wp-block-column-is-layout-flow\"> <h3 class=\"wp-block-heading\">What is not included?<\/h3>    <p>The following services are not included in the Pregnancy Guarantee programme and will therefore be paid for in accordance with the current rates:<\/p>    <ul class=\"wp-block-list\"> <li>Consultations and tests prior to contracting this guarantee.<\/li>    <li>Diagnostic tests aimed at the treatment of implantation failure, which may be required in the event that there is no pregnancy after the first transfers.<\/li>    <li>Genetic or chromosomal tests that may be necessary during treatment.<\/li>    <li>Surgical and diagnostic procedures, such as hysteroscopy or laparoscopy and curettage.<\/li>    <li>Andrological tests and treatments, with the exception of seminogram.<\/li>    <li>Obtaining spermatozoa directly from the testicle by biopsy (TESE) or their cryopreservation and maintenance.<\/li>    <li>Donor sperm sample if necessary.<\/li>    <li>Delivery, controls and obstetric follow-ups of the pregnancy after the first gestational check-up visit.<\/li>    <li>Genetic compatibility test (GCT).<\/li>    <li>The maintenance of surplus embryos after the end of the guarantee programme.<\/li>    <li>Reimbursement of interest accrued on bank financing if requested.<\/li> <\/ul> <\/div> <\/div>    <section> \t<div class=\"cta-block-container\"> \t\t<div class=\"cta-block-container__title\"> \t\t\t<p><h2><span dir=\"ltr\" role=\"presentation\">Any questions?<\/span><\/h2> <\/p> \t\t<\/div> \t\t<div class=\"cta-block-container__separator d-none d-md-flex\"> \t\t\t<picture> \t\t\t\t<img decoding=\"async\" class=\"separator__img\" src=\"https:\/\/www.ginefiv.com\/wp-content\/themes\/wac-theme\/assets\/images\/icons\/cta-separator.webp\" alt=\"\"> \t\t\t<\/picture> \t\t<\/div> \t\t<div class=\"cta-block-container__icons-row\"> \t\t\t\t\t\t\t<div class=\"actions\"> \t\t\t\t\t<picture class=\"action__thumbnail\"> \t\t\t\t\t\t<img decoding=\"async\" class=\"action__img\" src=\"https:\/\/www.ginefiv.com\/wp-content\/themes\/wac-theme\/assets\/images\/icons\/cta-phone.webp\" alt=\"\"> \t\t\t\t\t<\/picture> \t\t\t\t\t<div class=\"action__text\"> \t\t\t\t\t\t\t\t\t\t\t\t\t<a class=\"action__text\" href=\"tel:900 908 988\" target=\"_blank\"> \t\t\t\t\t\t\t\t<p> \t\t\t\t\t\t\t\t\tLl\u00e1manos gratis al <br><strong>900 908 988<\/strong>\t\t\t\t\t\t\t\t<\/p> \t\t\t\t\t\t\t<\/a> \t\t\t\t\t\t\t\t\t\t\t<\/div> \t\t\t\t<\/div> \t\t\t\t\t\t\t<div class=\"actions\"> \t\t\t\t\t<picture class=\"action__thumbnail\"> \t\t\t\t\t\t<img decoding=\"async\" class=\"action__img\" src=\"https:\/\/www.ginefiv.com\/wp-content\/themes\/wac-theme\/assets\/images\/icons\/cta-clinics.webp\" alt=\"\"> \t\t\t\t\t<\/picture> \t\t\t\t\t<a class=\"action__text permalink underlined\" href=\"https:\/\/www.ginefiv.com\/en\/clinics\/\"> \t\t\t\t\t\t<p>Visit us in<\/p> \t\t\t\t\t\t<strong>our Ginefiv clinics<\/strong> \t\t\t\t\t<\/a> \t\t\t\t<\/div> \t\t\t\t\t\t\t<div class=\"actions\"> \t\t\t\t\t<picture class=\"action__thumbnail\"> \t\t\t\t\t\t<img decoding=\"async\" class=\"action__img\" src=\"https:\/\/www.ginefiv.com\/wp-content\/themes\/wac-theme\/assets\/images\/icons\/cta-appointment.webp\" alt=\"\"> \t\t\t\t\t<\/picture> \t\t\t\t\t<a class=\"action__text permalink underlined\" href=\"https:\/\/www.ginefiv.com\/en\/book-an-appointment\/\"> \t\t\t\t\t\t<p>Ask for an<\/p> \t\t\t\t\t\t<strong>appointment with Ginefiv<\/strong> \t\t\t\t\t<\/a> \t\t\t\t<\/div> \t\t\t\t\t<\/div> \t<\/div> <\/section>","protected":false},"excerpt":{"rendered":"<p>What is the Pregnancy Guarantee programme? It is a programme that offers you all the advantages of our treatments, with&#8230;<\/p>\n","protected":false},"author":1,"featured_media":2321,"parent":0,"menu_order":0,"comment_status":"closed","ping_status":"closed","template":"","meta":{"_acf_changed":false,"footnotes":""},"class_list":["post-23474","page","type-page","status-publish","has-post-thumbnail","hentry"],"acf":[],"yoast_head":"<!-- This site is optimized with the Yoast SEO plugin v27.0 - https:\/\/yoast.com\/product\/yoast-seo-wordpress\/ -->\n<title>Pregnancy guarantee programme | Ginefiv Espa\u00f1a<\/title>\n<meta name=\"robots\" content=\"index, follow, max-snippet:-1, max-image-preview:large, max-video-preview:-1\" \/>\n<link rel=\"canonical\" href=\"https:\/\/www.ginefiv.com\/en\/pregnancy-guarantee-programme\/\" \/>\n<meta property=\"og:locale\" content=\"en_US\" \/>\n<meta property=\"og:type\" content=\"article\" \/>\n<meta property=\"og:title\" content=\"Pregnancy guarantee programme | Ginefiv Espa\u00f1a\" \/>\n<meta property=\"og:description\" content=\"What is the Pregnancy Guarantee programme? It is a programme that offers you all the advantages of our treatments, with...\" \/>\n<meta property=\"og:url\" content=\"https:\/\/www.ginefiv.com\/en\/pregnancy-guarantee-programme\/\" \/>\n<meta property=\"og:site_name\" content=\"Ginefiv Espa\u00f1a\" \/>\n<meta property=\"article:modified_time\" content=\"2024-04-08T14:10:34+00:00\" \/>\n<meta property=\"og:image\" content=\"https:\/\/www.ginefiv.com\/wp-content\/uploads\/2023\/10\/cabecera-03-1.jpg\" \/>\n\t<meta property=\"og:image:width\" content=\"1920\" \/>\n\t<meta property=\"og:image:height\" content=\"675\" \/>\n\t<meta property=\"og:image:type\" content=\"image\/jpeg\" \/>\n<meta name=\"twitter:card\" content=\"summary_large_image\" \/>\n<meta name=\"twitter:label1\" content=\"Est. reading time\" \/>\n\t<meta name=\"twitter:data1\" content=\"4 minutes\" \/>\n<script type=\"application\/ld+json\" class=\"yoast-schema-graph\">{\"@context\":\"https:\/\/schema.org\",\"@graph\":[{\"@type\":\"WebPage\",\"@id\":\"https:\/\/www.ginefiv.com\/en\/pregnancy-guarantee-programme\/\",\"url\":\"https:\/\/www.ginefiv.com\/en\/pregnancy-guarantee-programme\/\",\"name\":\"Pregnancy guarantee programme | Ginefiv Espa\u00f1a\",\"isPartOf\":{\"@id\":\"https:\/\/www.ginefiv.com\/en\/#website\"},\"primaryImageOfPage\":{\"@id\":\"https:\/\/www.ginefiv.com\/en\/pregnancy-guarantee-programme\/#primaryimage\"},\"image\":{\"@id\":\"https:\/\/www.ginefiv.com\/en\/pregnancy-guarantee-programme\/#primaryimage\"},\"thumbnailUrl\":\"https:\/\/www.ginefiv.com\/wp-content\/uploads\/2023\/10\/cabecera-03-1.jpg\",\"datePublished\":\"2023-10-02T12:38:10+00:00\",\"dateModified\":\"2024-04-08T14:10:34+00:00\",\"breadcrumb\":{\"@id\":\"https:\/\/www.ginefiv.com\/en\/pregnancy-guarantee-programme\/#breadcrumb\"},\"inLanguage\":\"en-US\",\"potentialAction\":[{\"@type\":\"ReadAction\",\"target\":[\"https:\/\/www.ginefiv.com\/en\/pregnancy-guarantee-programme\/\"]}]},{\"@type\":\"ImageObject\",\"inLanguage\":\"en-US\",\"@id\":\"https:\/\/www.ginefiv.com\/en\/pregnancy-guarantee-programme\/#primaryimage\",\"url\":\"https:\/\/www.ginefiv.com\/wp-content\/uploads\/2023\/10\/cabecera-03-1.jpg\",\"contentUrl\":\"https:\/\/www.ginefiv.com\/wp-content\/uploads\/2023\/10\/cabecera-03-1.jpg\",\"width\":1920,\"height\":675},{\"@type\":\"BreadcrumbList\",\"@id\":\"https:\/\/www.ginefiv.com\/en\/pregnancy-guarantee-programme\/#breadcrumb\",\"itemListElement\":[{\"@type\":\"ListItem\",\"position\":1,\"name\":\"Home\",\"item\":\"https:\/\/www.ginefiv.com\/en\/\"},{\"@type\":\"ListItem\",\"position\":2,\"name\":\"Pregnancy guarantee programme\"}]},{\"@type\":\"WebSite\",\"@id\":\"https:\/\/www.ginefiv.com\/en\/#website\",\"url\":\"https:\/\/www.ginefiv.com\/en\/\",\"name\":\"Ginefiv Espa\u00f1a\",\"description\":\"Ginefiv, tu cl\u00ednica de reproducci\u00f3n asistida. 35 a\u00f1os de experiencia en inseminaci\u00f3n artificial y fecundaci\u00f3n in vitro\",\"publisher\":{\"@id\":\"https:\/\/www.ginefiv.com\/en\/#organization\"},\"potentialAction\":[{\"@type\":\"SearchAction\",\"target\":{\"@type\":\"EntryPoint\",\"urlTemplate\":\"https:\/\/www.ginefiv.com\/en\/?s={search_term_string}\"},\"query-input\":{\"@type\":\"PropertyValueSpecification\",\"valueRequired\":true,\"valueName\":\"search_term_string\"}}],\"inLanguage\":\"en-US\"},{\"@type\":\"Organization\",\"@id\":\"https:\/\/www.ginefiv.com\/en\/#organization\",\"name\":\"Ginefiv\",\"url\":\"https:\/\/www.ginefiv.com\/en\/\",\"logo\":{\"@type\":\"ImageObject\",\"inLanguage\":\"en-US\",\"@id\":\"https:\/\/www.ginefiv.com\/en\/#\/schema\/logo\/image\/\",\"url\":\"https:\/\/www.ginefiv.com\/wp-content\/uploads\/2023\/12\/descarga.png\",\"contentUrl\":\"https:\/\/www.ginefiv.com\/wp-content\/uploads\/2023\/12\/descarga.png\",\"width\":437,\"height\":115,\"caption\":\"Ginefiv\"},\"image\":{\"@id\":\"https:\/\/www.ginefiv.com\/en\/#\/schema\/logo\/image\/\"}}]}<\/script>\n<!-- \/ Yoast SEO plugin. -->","yoast_head_json":{"title":"Pregnancy guarantee programme | Ginefiv Espa\u00f1a","robots":{"index":"index","follow":"follow","max-snippet":"max-snippet:-1","max-image-preview":"max-image-preview:large","max-video-preview":"max-video-preview:-1"},"canonical":"https:\/\/www.ginefiv.com\/en\/pregnancy-guarantee-programme\/","og_locale":"en_US","og_type":"article","og_title":"Pregnancy guarantee programme | Ginefiv Espa\u00f1a","og_description":"What is the Pregnancy Guarantee programme? It is a programme that offers you all the advantages of our treatments, with...","og_url":"https:\/\/www.ginefiv.com\/en\/pregnancy-guarantee-programme\/","og_site_name":"Ginefiv Espa\u00f1a","article_modified_time":"2024-04-08T14:10:34+00:00","og_image":[{"width":1920,"height":675,"url":"https:\/\/www.ginefiv.com\/wp-content\/uploads\/2023\/10\/cabecera-03-1.jpg","type":"image\/jpeg"}],"twitter_card":"summary_large_image","twitter_misc":{"Est. reading time":"4 minutes"},"schema":{"@context":"https:\/\/schema.org","@graph":[{"@type":"WebPage","@id":"https:\/\/www.ginefiv.com\/en\/pregnancy-guarantee-programme\/","url":"https:\/\/www.ginefiv.com\/en\/pregnancy-guarantee-programme\/","name":"Pregnancy guarantee programme | Ginefiv Espa\u00f1a","isPartOf":{"@id":"https:\/\/www.ginefiv.com\/en\/#website"},"primaryImageOfPage":{"@id":"https:\/\/www.ginefiv.com\/en\/pregnancy-guarantee-programme\/#primaryimage"},"image":{"@id":"https:\/\/www.ginefiv.com\/en\/pregnancy-guarantee-programme\/#primaryimage"},"thumbnailUrl":"https:\/\/www.ginefiv.com\/wp-content\/uploads\/2023\/10\/cabecera-03-1.jpg","datePublished":"2023-10-02T12:38:10+00:00","dateModified":"2024-04-08T14:10:34+00:00","breadcrumb":{"@id":"https:\/\/www.ginefiv.com\/en\/pregnancy-guarantee-programme\/#breadcrumb"},"inLanguage":"en-US","potentialAction":[{"@type":"ReadAction","target":["https:\/\/www.ginefiv.com\/en\/pregnancy-guarantee-programme\/"]}]},{"@type":"ImageObject","inLanguage":"en-US","@id":"https:\/\/www.ginefiv.com\/en\/pregnancy-guarantee-programme\/#primaryimage","url":"https:\/\/www.ginefiv.com\/wp-content\/uploads\/2023\/10\/cabecera-03-1.jpg","contentUrl":"https:\/\/www.ginefiv.com\/wp-content\/uploads\/2023\/10\/cabecera-03-1.jpg","width":1920,"height":675},{"@type":"BreadcrumbList","@id":"https:\/\/www.ginefiv.com\/en\/pregnancy-guarantee-programme\/#breadcrumb","itemListElement":[{"@type":"ListItem","position":1,"name":"Home","item":"https:\/\/www.ginefiv.com\/en\/"},{"@type":"ListItem","position":2,"name":"Pregnancy guarantee programme"}]},{"@type":"WebSite","@id":"https:\/\/www.ginefiv.com\/en\/#website","url":"https:\/\/www.ginefiv.com\/en\/","name":"Ginefiv Espa\u00f1a","description":"Ginefiv, tu cl\u00ednica de reproducci\u00f3n asistida. 35 a\u00f1os de experiencia en inseminaci\u00f3n artificial y fecundaci\u00f3n in vitro","publisher":{"@id":"https:\/\/www.ginefiv.com\/en\/#organization"},"potentialAction":[{"@type":"SearchAction","target":{"@type":"EntryPoint","urlTemplate":"https:\/\/www.ginefiv.com\/en\/?s={search_term_string}"},"query-input":{"@type":"PropertyValueSpecification","valueRequired":true,"valueName":"search_term_string"}}],"inLanguage":"en-US"},{"@type":"Organization","@id":"https:\/\/www.ginefiv.com\/en\/#organization","name":"Ginefiv","url":"https:\/\/www.ginefiv.com\/en\/","logo":{"@type":"ImageObject","inLanguage":"en-US","@id":"https:\/\/www.ginefiv.com\/en\/#\/schema\/logo\/image\/","url":"https:\/\/www.ginefiv.com\/wp-content\/uploads\/2023\/12\/descarga.png","contentUrl":"https:\/\/www.ginefiv.com\/wp-content\/uploads\/2023\/12\/descarga.png","width":437,"height":115,"caption":"Ginefiv"},"image":{"@id":"https:\/\/www.ginefiv.com\/en\/#\/schema\/logo\/image\/"}}]}},"_links":{"self":[{"href":"https:\/\/www.ginefiv.com\/en\/wp-json\/wp\/v2\/pages\/23474","targetHints":{"allow":["GET"]}}],"collection":[{"href":"https:\/\/www.ginefiv.com\/en\/wp-json\/wp\/v2\/pages"}],"about":[{"href":"https:\/\/www.ginefiv.com\/en\/wp-json\/wp\/v2\/types\/page"}],"author":[{"embeddable":true,"href":"https:\/\/www.ginefiv.com\/en\/wp-json\/wp\/v2\/users\/1"}],"replies":[{"embeddable":true,"href":"https:\/\/www.ginefiv.com\/en\/wp-json\/wp\/v2\/comments?post=23474"}],"version-history":[{"count":0,"href":"https:\/\/www.ginefiv.com\/en\/wp-json\/wp\/v2\/pages\/23474\/revisions"}],"wp:featuredmedia":[{"embeddable":true,"href":"https:\/\/www.ginefiv.com\/en\/wp-json\/wp\/v2\/media\/2321"}],"wp:attachment":[{"href":"https:\/\/www.ginefiv.com\/en\/wp-json\/wp\/v2\/media?parent=23474"}],"curies":[{"name":"wp","href":"https:\/\/api.w.org\/{rel}","templated":true}]}}