











{"id":23733,"date":"2023-07-19T07:09:45","date_gmt":"2023-07-19T07:09:45","guid":{"rendered":"https:\/\/www.ginefiv.com\/?page_id=23733"},"modified":"2024-09-24T12:06:50","modified_gmt":"2024-09-24T12:06:50","slug":"book-an-appointment","status":"publish","type":"page","link":"https:\/\/www.ginefiv.com\/en\/book-an-appointment\/","title":{"rendered":"Book an appointment"},"content":{"rendered":"<div class=\"wp-block-cover alignfull mb-0\"><span aria-hidden=\"true\" class=\"wp-block-cover__background has-background-dim-40 has-background-dim\"><\/span><img loading=\"lazy\" decoding=\"async\" width=\"1024\" height=\"683\" src=\"https:\/\/www.ginefiv.com\/wp-content\/uploads\/2024\/07\/fondo-home-21-1024x683-31web1.jpg\" class=\"wp-block-cover__image-background wp-post-image\" alt=\"\" data-object-fit=\"cover\" srcset=\"https:\/\/www.ginefiv.com\/wp-content\/uploads\/2024\/07\/fondo-home-21-1024x683-31web1.jpg 1024w, https:\/\/www.ginefiv.com\/wp-content\/uploads\/2024\/07\/fondo-home-21-1024x683-31web1-300x200.jpg 300w, https:\/\/www.ginefiv.com\/wp-content\/uploads\/2024\/07\/fondo-home-21-1024x683-31web1-768x512.jpg 768w\" sizes=\"auto, (max-width: 1024px) 100vw, 1024px\" \/><div class=\"wp-block-cover__inner-container is-layout-constrained wp-block-cover-is-layout-constrained\"> <div class=\"wp-block-columns is-layout-flex wp-container-core-columns-is-layout-28f84493 wp-block-columns-is-layout-flex\"> <div class=\"wp-block-column is-layout-flow wp-block-column-is-layout-flow\"> <h3 class=\"wp-block-heading\">Don\u2019t wait any longer and book your first consultation<\/h3>    <hr class=\"wp-block-separator has-alpha-channel-opacity\"\/>    <p>Your first assisted reproduction consultation will help us to get to know you as a patient and to begin a study which will allow us to offer you a personalised treatment.<\/p>    <p>Leave us your details and we\u2019ll contact you as soon as possible.<\/p>    <p>You can also call us for free on +44 (0) 203 129 34 19<\/p> <\/div>    <div class=\"wp-block-column has-washed-black-color has-white-background-color has-text-color has-background has-link-color wp-elements-9b6d67dd26b10223df64d6e728ce280b is-layout-flow wp-block-column-is-layout-flow\"> <h2 class=\"wp-block-heading\">Book an appointment<\/h2>    <div class=\"wpcf7 no-js\" id=\"wpcf7-f23736-o1\" lang=\"en-US\" dir=\"ltr\" data-wpcf7-id=\"23736\"> <div class=\"screen-reader-response\"><p role=\"status\" aria-live=\"polite\" aria-atomic=\"true\"><\/p> <ul><\/ul><\/div> <form action=\"\/en\/wp-json\/wp\/v2\/pages\/23733#wpcf7-f23736-o1\" method=\"post\" class=\"wpcf7-form init\" aria-label=\"Contact form\" novalidate=\"novalidate\" data-status=\"init\"> <fieldset class=\"hidden-fields-container\"><input type=\"hidden\" name=\"_wpcf7\" value=\"23736\" \/><input type=\"hidden\" name=\"_wpcf7_version\" value=\"6.1.5\" \/><input type=\"hidden\" name=\"_wpcf7_locale\" value=\"en_US\" \/><input type=\"hidden\" name=\"_wpcf7_unit_tag\" value=\"wpcf7-f23736-o1\" \/><input type=\"hidden\" name=\"_wpcf7_container_post\" value=\"0\" \/><input type=\"hidden\" name=\"_wpcf7_posted_data_hash\" value=\"\" \/><input type=\"hidden\" name=\"_wpcf7_recaptcha_response\" value=\"\" \/> <\/fieldset> <div class=\"content-form\">      <div class=\"field-grid-2\">     <div class=\"field\">       <label for=\"firstname\">Name <span class=\"req\">*<\/span>       <span class=\"wpcf7-form-control-wrap\" data-name=\"firstname\"><input size=\"40\" maxlength=\"400\" class=\"wpcf7-form-control wpcf7-text wpcf7-validates-as-required text\" id=\"firstname\" aria-required=\"true\" aria-invalid=\"false\" value=\"\" type=\"text\" name=\"firstname\" \/><\/span>      <\/div>     <div class=\"field\">       <label for=\"apellidos\">Surname <span class=\"req\">*<\/span><\/label>       <span class=\"wpcf7-form-control-wrap\" data-name=\"apellidos\"><input size=\"40\" maxlength=\"400\" class=\"wpcf7-form-control wpcf7-text wpcf7-validates-as-required\" id=\"apellidos\" aria-required=\"true\" aria-invalid=\"false\" value=\"\" type=\"text\" name=\"apellidos\" \/><\/span>     <\/div>   <\/div>      <div class=\"field\">     <label for=\"edad\">Age <span class=\"req\">*<\/span><\/label>     <span class=\"wpcf7-form-control-wrap\" data-name=\"edad\"><input class=\"wpcf7-form-control wpcf7-number wpcf7-validates-as-required wpcf7-validates-as-number text\" id=\"edad\" min=\"18\" aria-required=\"true\" aria-invalid=\"false\" value=\"\" type=\"number\" name=\"edad\" \/><\/span>    <\/div>      <div class=\"field\">     <label for=\"elige_tu_clinica\">Choose your clinic <span class=\"req\">*<\/span><\/label>     <select name=\"elige_tu_clinica\" class=\"wpcf7-validates-as-required\" id=\"elige_tu_clinica\" aria-required=\"true\" required=\"required\" aria-invalid=\"false\"> <option value=\"Zurbano-Mtnez\">Madrid (Zurbano-Mtnez. Campos)<\/option><option value=\"Barcelona\">Barcelona<\/option> <\/select>    <\/div>      <div class=\"field-grid-2\">     <div class=\"field\">       <label for=\"phone\">Telephone <span class=\"req\">*<\/span><\/label>       <span class=\"wpcf7-form-control-wrap\" data-name=\"phone\"><input size=\"40\" maxlength=\"400\" class=\"wpcf7-form-control wpcf7-tel wpcf7-validates-as-required wpcf7-text wpcf7-validates-as-tel text\" id=\"phone\" aria-required=\"true\" aria-invalid=\"false\" value=\"\" type=\"tel\" name=\"phone\" \/><\/span>     <\/div>        <div class=\"field\">       <label for=\"email\">Email <span class=\"req\">*<\/span><\/label>       <span class=\"wpcf7-form-control-wrap\" data-name=\"email\"><input size=\"40\" maxlength=\"400\" class=\"wpcf7-form-control wpcf7-email wpcf7-validates-as-required wpcf7-text wpcf7-validates-as-email\" id=\"email\" autocomplete=\"email\" aria-required=\"true\" aria-invalid=\"false\" value=\"\" type=\"email\" name=\"email\" \/><\/span>      <\/div>   <\/div>      <div class=\"field\">     <label for=\"contactarme_por__form_contacto_\"> I prefer to be contacted by <\/label>     <span class=\"wpcf7-form-control-wrap\" data-name=\"contactarme_por__form_contacto_\"><span class=\"wpcf7-form-control wpcf7-radio radio-list-container\" id=\"contactarme_por__form_contacto_\"><span class=\"wpcf7-list-item first\"><label><input type=\"radio\" name=\"contactarme_por__form_contacto_\" value=\"Tel\u00e9fono\" checked=\"checked\" \/><span class=\"wpcf7-list-item-label\">Tel\u00e9fono<\/span><\/label><\/span><span class=\"wpcf7-list-item\"><label><input type=\"radio\" name=\"contactarme_por__form_contacto_\" value=\"Email\" \/><span class=\"wpcf7-list-item-label\">Email<\/span><\/label><\/span><span class=\"wpcf7-list-item last\"><label><input type=\"radio\" name=\"contactarme_por__form_contacto_\" value=\"WhatsApp\" \/><span class=\"wpcf7-list-item-label\">WhatsApp<\/span><\/label><\/span><\/span><\/span>   <\/div>        <div class=\"field\" style=\"display:none;\">     <label for=\"especificar_seguro_medico\">Please specify:<\/label>     <span class=\"wpcf7-form-control-wrap\" data-name=\"especificar_seguro_medico\"><input size=\"40\" maxlength=\"400\" class=\"wpcf7-form-control wpcf7-text text\" id=\"especificar_seguro_medico\" aria-invalid=\"false\" value=\"\" type=\"text\" name=\"especificar_seguro_medico\" \/><\/span>   <\/div>      <div class=\"field\">     <label for=\"group_contacto_horario\"> Best time to contact you<\/label>     <span class=\"wpcf7-form-control-wrap\" data-name=\"group_contacto_horario\"><span class=\"wpcf7-form-control wpcf7-radio radio-list-container\" id=\"group_contacto_horario\"><span class=\"wpcf7-list-item first\"><label><input type=\"radio\" name=\"group_contacto_horario\" value=\"Any time\" checked=\"checked\" \/><span class=\"wpcf7-list-item-label\">Any time<\/span><\/label><\/span><span class=\"wpcf7-list-item\"><label><input type=\"radio\" name=\"group_contacto_horario\" value=\"In the morning (From 9:00 to 14:00)\" \/><span class=\"wpcf7-list-item-label\">In the morning (From 9:00 to 14:00)<\/span><\/label><\/span><span class=\"wpcf7-list-item\"><label><input type=\"radio\" name=\"group_contacto_horario\" value=\"In the afternoon (From 14:00 to 17:00)\" \/><span class=\"wpcf7-list-item-label\">In the afternoon (From 14:00 to 17:00)<\/span><\/label><\/span><span class=\"wpcf7-list-item last\"><label><input type=\"radio\" name=\"group_contacto_horario\" value=\"In the evening (From 17:00 to 20:30)\" \/><span class=\"wpcf7-list-item-label\">In the evening (From 17:00 to 20:30)<\/span><\/label><\/span><\/span><\/span>   <\/div>      <div class=\"field\">     <label for=\"observaciones\">Do you have anything important to tell us?<\/label>     <span class=\"wpcf7-form-control-wrap\" data-name=\"observaciones\"><textarea cols=\"40\" rows=\"10\" maxlength=\"2000\" class=\"wpcf7-form-control wpcf7-textarea\" id=\"observaciones\" aria-invalid=\"false\" name=\"observaciones\"><\/textarea><\/span>   <\/div>      <div class=\"field none\">     <span class=\"wpcf7-form-control-wrap\" data-name=\"acepto_recibir_informacion_comercial\"><span class=\"wpcf7-form-control wpcf7-acceptance optional\"><span class=\"wpcf7-list-item\"><label><input type=\"checkbox\" name=\"acepto_recibir_informacion_comercial\" value=\"1\" class=\"checkbox\" aria-invalid=\"false\" \/><span class=\"wpcf7-list-item-label\">Doy mi consentimiento para que Ginefiv pueda remitirme informaci\u00f3n comercial.<\/span><\/label><\/span><\/span><\/span>   <\/div>    <div class=\"field\">     <span class=\"wpcf7-form-control-wrap\" data-name=\"legal_consent\"><span class=\"wpcf7-form-control wpcf7-acceptance\"><span class=\"wpcf7-list-item\"><label><input type=\"checkbox\" name=\"legal_consent\" value=\"1\" class=\"checkbox\" aria-invalid=\"false\" \/><span class=\"wpcf7-list-item-label\">I have read the <a href=\"https:\/\/www.ginefiv.com\/en\/privacy-management-system-policy\/\" target=\"_blank\" rel=\"nofollow\">Privacy policy<\/a> and the <a href=\"https:\/\/www.ginefiv.com\/en\/legal-notice\/\" target=\"_blank\" rel=\"nofollow\">Legal notice<\/a>*<\/span><\/label><\/span><\/span><\/span>   <\/div>      <p>By clicking on Send, you accept that Ginefiv will store and process the information you have entered above in order to provide the requested content.<\/p>      <input class=\"wpcf7-form-control wpcf7-hidden\" id=\"form-name\" value=\"appointment\" type=\"hidden\" name=\"form-name\" \/>   <input type=\"hidden\" name=\"tipoVozitel\" value=\"Formulario web Pide cita (EN)\" \/>   <input type=\"hidden\" name=\"utm_campaign\" value=\"\" \/>   <input type=\"hidden\" name=\"utm_source\" value=\"\" \/>   <input type=\"hidden\" name=\"utm_medium\" value=\"\" \/>   <input type=\"hidden\" name=\"utm_term\" value=\"\" \/>   <input type=\"hidden\" name=\"utm_content\" value=\"\" \/>       <input type=\"hidden\" name=\"gclid\" value=\"\" \/>      <input type=\"hidden\" name=\"cf7-label\" value=\"pide-cita\" \/>   <input type=\"hidden\" name=\"formulario\" value=\"Ginefiv-contacto\" \/>   <input type=\"hidden\" name=\"redirect-typ\" id=\"redirect-typ\" value=\"https:\/\/www.ginefiv.com\/gracias-contactar\/\">         <input class=\"wpcf7-form-control wpcf7-submit has-spinner\" type=\"submit\" value=\"Book an appoinment\" \/> <\/div><div class=\"wpcf7-response-output\" aria-hidden=\"true\"><\/div> <\/form> <\/div>     <p>In the 35 years we have spent helping women and couples to fulfil their dreams of becoming parents, we have tried to make the <strong>service offered in our assisted reproduction clinic<\/strong> the best it can possibly be. That\u2019s <strong>why each Ginefiv clinic remains at the forefront of reproductive technology<\/strong>, allowing us to be the first to successfully implement certain assisted reproduction techniques. <\/p>    <p>If you are looking for a solution to your problem, <strong>you will be in good hands at a Ginefiv fertility clinic<\/strong>. Book an appointment at Ginefiv and start your <a href=\"https:\/\/www.ginefiv.com\/en\/assisted-reproduction\/\">assisted reproduction treatment with us<\/a>.<\/p> <\/div> <\/div> <\/div><\/div>    <div class=\"wp-block-columns alignfull mb-0 has-pale-peach-background-color has-background is-layout-flex wp-container-core-columns-is-layout-f0342b05 wp-block-columns-is-layout-flex\" style=\"margin-top:0;margin-bottom:0\"> <div class=\"wp-block-column is-layout-flow wp-block-column-is-layout-flow\"> <div class=\"wp-block-columns is-layout-flex wp-container-core-columns-is-layout-28f84493 wp-block-columns-is-layout-flex\"> <div class=\"wp-block-column is-vertically-aligned-center is-layout-flow wp-block-column-is-layout-flow\"> <h2 class=\"wp-block-heading\">Ginefiv Maternity<\/h2>    <p class=\"has-medium-font-size\">The pregnancy guarantee program that ensures the birth of your baby or you will be refunded.<\/p>    <div class=\"wp-block-buttons is-layout-flex wp-block-buttons-is-layout-flex\"> <div class=\"wp-block-button\"><a class=\"wp-block-button__link has-turquoise-teal-background-color has-background wp-element-button\" href=\"https:\/\/www.ginefiv.com\/en\/assisted-reproduction\/ginefiv-maternity\/\" style=\"border-radius:10px\">Learn about Ginefiv Maternity<\/a><\/div> <\/div> <\/div>    <div class=\"wp-block-column is-layout-flow wp-block-column-is-layout-flow\"> <figure class=\"wp-block-image size-full is-style-rounded\"><img loading=\"lazy\" decoding=\"async\" width=\"640\" height=\"474\" src=\"https:\/\/www.ginefiv.com\/wp-content\/uploads\/2024\/09\/imagen-para-el-banner.jpg\" alt=\"\" class=\"wp-image-34174\" srcset=\"https:\/\/www.ginefiv.com\/wp-content\/uploads\/2024\/09\/imagen-para-el-banner.jpg 640w, https:\/\/www.ginefiv.com\/wp-content\/uploads\/2024\/09\/imagen-para-el-banner-300x222.jpg 300w\" sizes=\"auto, (max-width: 640px) 100vw, 640px\" \/><\/figure> <\/div> <\/div> <\/div> <\/div>","protected":false},"excerpt":{"rendered":"","protected":false},"author":1,"featured_media":30795,"parent":0,"menu_order":0,"comment_status":"closed","ping_status":"closed","template":"templates\/appointment.php","meta":{"_acf_changed":false,"footnotes":""},"class_list":["post-23733","page","type-page","status-publish","has-post-thumbnail","hentry"],"acf":[],"yoast_head":"<!-- This site is optimized with the Yoast SEO plugin v27.0 - https:\/\/yoast.com\/product\/yoast-seo-wordpress\/ -->\n<title>Book an appointment | Ginefiv Espa\u00f1a<\/title>\n<meta name=\"robots\" content=\"index, follow, max-snippet:-1, max-image-preview:large, max-video-preview:-1\" \/>\n<link rel=\"canonical\" href=\"https:\/\/www.ginefiv.com\/en\/book-an-appointment\/\" \/>\n<meta property=\"og:locale\" content=\"en_US\" \/>\n<meta property=\"og:type\" content=\"article\" \/>\n<meta property=\"og:title\" content=\"Book an appointment | Ginefiv Espa\u00f1a\" \/>\n<meta property=\"og:url\" content=\"https:\/\/www.ginefiv.com\/en\/book-an-appointment\/\" \/>\n<meta property=\"og:site_name\" content=\"Ginefiv Espa\u00f1a\" \/>\n<meta property=\"article:modified_time\" content=\"2024-09-24T12:06:50+00:00\" \/>\n<meta property=\"og:image\" content=\"https:\/\/www.ginefiv.com\/wp-content\/uploads\/2024\/07\/fondo-home-21-1024x683-31web1.jpg\" \/>\n\t<meta property=\"og:image:width\" content=\"1024\" \/>\n\t<meta property=\"og:image:height\" content=\"683\" \/>\n\t<meta property=\"og:image:type\" content=\"image\/jpeg\" \/>\n<meta name=\"twitter:card\" content=\"summary_large_image\" \/>\n<meta name=\"twitter:label1\" content=\"Est. reading time\" \/>\n\t<meta name=\"twitter:data1\" content=\"2 minutes\" \/>\n<script type=\"application\/ld+json\" class=\"yoast-schema-graph\">{\"@context\":\"https:\/\/schema.org\",\"@graph\":[{\"@type\":\"WebPage\",\"@id\":\"https:\/\/www.ginefiv.com\/en\/book-an-appointment\/\",\"url\":\"https:\/\/www.ginefiv.com\/en\/book-an-appointment\/\",\"name\":\"Book an appointment | Ginefiv Espa\u00f1a\",\"isPartOf\":{\"@id\":\"https:\/\/www.ginefiv.com\/en\/#website\"},\"primaryImageOfPage\":{\"@id\":\"https:\/\/www.ginefiv.com\/en\/book-an-appointment\/#primaryimage\"},\"image\":{\"@id\":\"https:\/\/www.ginefiv.com\/en\/book-an-appointment\/#primaryimage\"},\"thumbnailUrl\":\"https:\/\/www.ginefiv.com\/wp-content\/uploads\/2024\/07\/fondo-home-21-1024x683-31web1.jpg\",\"datePublished\":\"2023-07-19T07:09:45+00:00\",\"dateModified\":\"2024-09-24T12:06:50+00:00\",\"breadcrumb\":{\"@id\":\"https:\/\/www.ginefiv.com\/en\/book-an-appointment\/#breadcrumb\"},\"inLanguage\":\"en-US\",\"potentialAction\":[{\"@type\":\"ReadAction\",\"target\":[\"https:\/\/www.ginefiv.com\/en\/book-an-appointment\/\"]}]},{\"@type\":\"ImageObject\",\"inLanguage\":\"en-US\",\"@id\":\"https:\/\/www.ginefiv.com\/en\/book-an-appointment\/#primaryimage\",\"url\":\"https:\/\/www.ginefiv.com\/wp-content\/uploads\/2024\/07\/fondo-home-21-1024x683-31web1.jpg\",\"contentUrl\":\"https:\/\/www.ginefiv.com\/wp-content\/uploads\/2024\/07\/fondo-home-21-1024x683-31web1.jpg\",\"width\":1024,\"height\":683},{\"@type\":\"BreadcrumbList\",\"@id\":\"https:\/\/www.ginefiv.com\/en\/book-an-appointment\/#breadcrumb\",\"itemListElement\":[{\"@type\":\"ListItem\",\"position\":1,\"name\":\"Home\",\"item\":\"https:\/\/www.ginefiv.com\/en\/\"},{\"@type\":\"ListItem\",\"position\":2,\"name\":\"Book an appointment\"}]},{\"@type\":\"WebSite\",\"@id\":\"https:\/\/www.ginefiv.com\/en\/#website\",\"url\":\"https:\/\/www.ginefiv.com\/en\/\",\"name\":\"Ginefiv Espa\u00f1a\",\"description\":\"Ginefiv, tu cl\u00ednica de reproducci\u00f3n asistida. 35 a\u00f1os de experiencia en inseminaci\u00f3n artificial y fecundaci\u00f3n in vitro\",\"publisher\":{\"@id\":\"https:\/\/www.ginefiv.com\/en\/#organization\"},\"potentialAction\":[{\"@type\":\"SearchAction\",\"target\":{\"@type\":\"EntryPoint\",\"urlTemplate\":\"https:\/\/www.ginefiv.com\/en\/?s={search_term_string}\"},\"query-input\":{\"@type\":\"PropertyValueSpecification\",\"valueRequired\":true,\"valueName\":\"search_term_string\"}}],\"inLanguage\":\"en-US\"},{\"@type\":\"Organization\",\"@id\":\"https:\/\/www.ginefiv.com\/en\/#organization\",\"name\":\"Ginefiv\",\"url\":\"https:\/\/www.ginefiv.com\/en\/\",\"logo\":{\"@type\":\"ImageObject\",\"inLanguage\":\"en-US\",\"@id\":\"https:\/\/www.ginefiv.com\/en\/#\/schema\/logo\/image\/\",\"url\":\"https:\/\/www.ginefiv.com\/wp-content\/uploads\/2023\/12\/descarga.png\",\"contentUrl\":\"https:\/\/www.ginefiv.com\/wp-content\/uploads\/2023\/12\/descarga.png\",\"width\":437,\"height\":115,\"caption\":\"Ginefiv\"},\"image\":{\"@id\":\"https:\/\/www.ginefiv.com\/en\/#\/schema\/logo\/image\/\"}}]}<\/script>\n<!-- \/ Yoast SEO plugin. -->","yoast_head_json":{"title":"Book an appointment | Ginefiv Espa\u00f1a","robots":{"index":"index","follow":"follow","max-snippet":"max-snippet:-1","max-image-preview":"max-image-preview:large","max-video-preview":"max-video-preview:-1"},"canonical":"https:\/\/www.ginefiv.com\/en\/book-an-appointment\/","og_locale":"en_US","og_type":"article","og_title":"Book an appointment | Ginefiv Espa\u00f1a","og_url":"https:\/\/www.ginefiv.com\/en\/book-an-appointment\/","og_site_name":"Ginefiv Espa\u00f1a","article_modified_time":"2024-09-24T12:06:50+00:00","og_image":[{"width":1024,"height":683,"url":"https:\/\/www.ginefiv.com\/wp-content\/uploads\/2024\/07\/fondo-home-21-1024x683-31web1.jpg","type":"image\/jpeg"}],"twitter_card":"summary_large_image","twitter_misc":{"Est. reading time":"2 minutes"},"schema":{"@context":"https:\/\/schema.org","@graph":[{"@type":"WebPage","@id":"https:\/\/www.ginefiv.com\/en\/book-an-appointment\/","url":"https:\/\/www.ginefiv.com\/en\/book-an-appointment\/","name":"Book an appointment | Ginefiv Espa\u00f1a","isPartOf":{"@id":"https:\/\/www.ginefiv.com\/en\/#website"},"primaryImageOfPage":{"@id":"https:\/\/www.ginefiv.com\/en\/book-an-appointment\/#primaryimage"},"image":{"@id":"https:\/\/www.ginefiv.com\/en\/book-an-appointment\/#primaryimage"},"thumbnailUrl":"https:\/\/www.ginefiv.com\/wp-content\/uploads\/2024\/07\/fondo-home-21-1024x683-31web1.jpg","datePublished":"2023-07-19T07:09:45+00:00","dateModified":"2024-09-24T12:06:50+00:00","breadcrumb":{"@id":"https:\/\/www.ginefiv.com\/en\/book-an-appointment\/#breadcrumb"},"inLanguage":"en-US","potentialAction":[{"@type":"ReadAction","target":["https:\/\/www.ginefiv.com\/en\/book-an-appointment\/"]}]},{"@type":"ImageObject","inLanguage":"en-US","@id":"https:\/\/www.ginefiv.com\/en\/book-an-appointment\/#primaryimage","url":"https:\/\/www.ginefiv.com\/wp-content\/uploads\/2024\/07\/fondo-home-21-1024x683-31web1.jpg","contentUrl":"https:\/\/www.ginefiv.com\/wp-content\/uploads\/2024\/07\/fondo-home-21-1024x683-31web1.jpg","width":1024,"height":683},{"@type":"BreadcrumbList","@id":"https:\/\/www.ginefiv.com\/en\/book-an-appointment\/#breadcrumb","itemListElement":[{"@type":"ListItem","position":1,"name":"Home","item":"https:\/\/www.ginefiv.com\/en\/"},{"@type":"ListItem","position":2,"name":"Book an appointment"}]},{"@type":"WebSite","@id":"https:\/\/www.ginefiv.com\/en\/#website","url":"https:\/\/www.ginefiv.com\/en\/","name":"Ginefiv Espa\u00f1a","description":"Ginefiv, tu cl\u00ednica de reproducci\u00f3n asistida. 35 a\u00f1os de experiencia en inseminaci\u00f3n artificial y fecundaci\u00f3n in vitro","publisher":{"@id":"https:\/\/www.ginefiv.com\/en\/#organization"},"potentialAction":[{"@type":"SearchAction","target":{"@type":"EntryPoint","urlTemplate":"https:\/\/www.ginefiv.com\/en\/?s={search_term_string}"},"query-input":{"@type":"PropertyValueSpecification","valueRequired":true,"valueName":"search_term_string"}}],"inLanguage":"en-US"},{"@type":"Organization","@id":"https:\/\/www.ginefiv.com\/en\/#organization","name":"Ginefiv","url":"https:\/\/www.ginefiv.com\/en\/","logo":{"@type":"ImageObject","inLanguage":"en-US","@id":"https:\/\/www.ginefiv.com\/en\/#\/schema\/logo\/image\/","url":"https:\/\/www.ginefiv.com\/wp-content\/uploads\/2023\/12\/descarga.png","contentUrl":"https:\/\/www.ginefiv.com\/wp-content\/uploads\/2023\/12\/descarga.png","width":437,"height":115,"caption":"Ginefiv"},"image":{"@id":"https:\/\/www.ginefiv.com\/en\/#\/schema\/logo\/image\/"}}]}},"_links":{"self":[{"href":"https:\/\/www.ginefiv.com\/en\/wp-json\/wp\/v2\/pages\/23733","targetHints":{"allow":["GET"]}}],"collection":[{"href":"https:\/\/www.ginefiv.com\/en\/wp-json\/wp\/v2\/pages"}],"about":[{"href":"https:\/\/www.ginefiv.com\/en\/wp-json\/wp\/v2\/types\/page"}],"author":[{"embeddable":true,"href":"https:\/\/www.ginefiv.com\/en\/wp-json\/wp\/v2\/users\/1"}],"replies":[{"embeddable":true,"href":"https:\/\/www.ginefiv.com\/en\/wp-json\/wp\/v2\/comments?post=23733"}],"version-history":[{"count":0,"href":"https:\/\/www.ginefiv.com\/en\/wp-json\/wp\/v2\/pages\/23733\/revisions"}],"wp:featuredmedia":[{"embeddable":true,"href":"https:\/\/www.ginefiv.com\/en\/wp-json\/wp\/v2\/media\/30795"}],"wp:attachment":[{"href":"https:\/\/www.ginefiv.com\/en\/wp-json\/wp\/v2\/media?parent=23733"}],"curies":[{"name":"wp","href":"https:\/\/api.w.org\/{rel}","templated":true}]}}