











{"id":23752,"date":"2023-09-16T16:36:27","date_gmt":"2023-09-16T16:36:27","guid":{"rendered":"https:\/\/www.ginefiv.com\/?page_id=23752"},"modified":"2024-04-11T09:52:03","modified_gmt":"2024-04-11T09:52:03","slug":"request-information","status":"publish","type":"page","link":"https:\/\/www.ginefiv.com\/en\/request-information\/","title":{"rendered":"Request information"},"content":{"rendered":"<div class=\"wp-block-cover alignfull\"><span aria-hidden=\"true\" class=\"wp-block-cover__background has-background-dim\"><\/span><img loading=\"lazy\" decoding=\"async\" width=\"2560\" height=\"1707\" src=\"https:\/\/www.ginefiv.com\/wp-content\/uploads\/2023\/06\/fondo-home-21-scaled.jpg\" class=\"wp-block-cover__image-background wp-post-image\" alt=\"\" data-object-fit=\"cover\" srcset=\"https:\/\/www.ginefiv.com\/wp-content\/uploads\/2023\/06\/fondo-home-21-scaled.jpg 2560w, https:\/\/www.ginefiv.com\/wp-content\/uploads\/2023\/06\/fondo-home-21-300x200.jpg 300w, https:\/\/www.ginefiv.com\/wp-content\/uploads\/2023\/06\/fondo-home-21-1024x683.jpg 1024w, https:\/\/www.ginefiv.com\/wp-content\/uploads\/2023\/06\/fondo-home-21-768x512.jpg 768w\" sizes=\"auto, (max-width: 2560px) 100vw, 2560px\" \/><div class=\"wp-block-cover__inner-container is-layout-constrained wp-block-cover-is-layout-constrained\"> <div class=\"wp-block-columns is-layout-flex wp-container-core-columns-is-layout-28f84493 wp-block-columns-is-layout-flex\"> <div class=\"wp-block-column is-layout-flow wp-block-column-is-layout-flow\"> <h3 class=\"wp-block-heading\">Don\u2019t give up on your dream of having a child<\/h3>    <hr class=\"wp-block-separator has-alpha-channel-opacity\"\/>    <p>For over 35 years we have helped women and couples to fulfil their dreams of forming a family.<\/p>    <p>Leave us your details and we\u2019ll contact you as soon as possible.<\/p>    <p>You can also call us for free on <a href=\"tel:+44 (0) 203 129 34 19\">+44 (0) 203 129 34 19<\/a><\/p> <\/div>    <div class=\"wp-block-column has-washed-black-color has-white-background-color has-text-color has-background has-link-color wp-elements-6d914f3f921b1fa62f088218dc9eb5b7 is-layout-flow wp-block-column-is-layout-flow\"> <h2 class=\"wp-block-heading\">Request information<\/h2>    <div class=\"wpcf7 no-js\" id=\"wpcf7-f23757-o1\" lang=\"en-US\" dir=\"ltr\" data-wpcf7-id=\"23757\"> <div class=\"screen-reader-response\"><p role=\"status\" aria-live=\"polite\" aria-atomic=\"true\"><\/p> <ul><\/ul><\/div> <form action=\"\/en\/wp-json\/wp\/v2\/pages\/23752#wpcf7-f23757-o1\" method=\"post\" class=\"wpcf7-form init\" aria-label=\"Contact form\" novalidate=\"novalidate\" data-status=\"init\"> <fieldset class=\"hidden-fields-container\"><input type=\"hidden\" name=\"_wpcf7\" value=\"23757\" \/><input type=\"hidden\" name=\"_wpcf7_version\" value=\"6.1.5\" \/><input type=\"hidden\" name=\"_wpcf7_locale\" value=\"en_US\" \/><input type=\"hidden\" name=\"_wpcf7_unit_tag\" value=\"wpcf7-f23757-o1\" \/><input type=\"hidden\" name=\"_wpcf7_container_post\" value=\"0\" \/><input type=\"hidden\" name=\"_wpcf7_posted_data_hash\" value=\"\" \/><input type=\"hidden\" name=\"_wpcf7_recaptcha_response\" value=\"\" \/> <\/fieldset> <div class=\"content-form\">      <div class=\"field-grid-2\">     <div class=\"field\">       <label for=\"firstname\"> Name <span class=\"req\">*<\/span><\/label>       <span class=\"wpcf7-form-control-wrap\" data-name=\"firstname\"><input size=\"40\" maxlength=\"400\" class=\"wpcf7-form-control wpcf7-text wpcf7-validates-as-required\" id=\"firstname\" aria-required=\"true\" aria-invalid=\"false\" value=\"\" type=\"text\" name=\"firstname\" \/><\/span>     <\/div>          <div class=\"field\">       <label for=\"apellidos\"> Surname <span class=\"req\">*<\/span><\/label>       <span class=\"wpcf7-form-control-wrap\" data-name=\"apellidos\"><input size=\"40\" maxlength=\"400\" class=\"wpcf7-form-control wpcf7-text wpcf7-validates-as-required\" id=\"apellidos\" aria-required=\"true\" aria-invalid=\"false\" value=\"\" type=\"text\" name=\"apellidos\" \/><\/span>     <\/div>   <\/div>      <div class=\"field\">     <label for=\"elige_tu_clinica\"> Choose your clinic <span class=\"req\">*<\/span><\/label>     <select name=\"elige_tu_clinica\" class=\"wpcf7-validates-as-required\" id=\"elige_tu_clinica\" aria-required=\"true\" required=\"required\" aria-invalid=\"false\"> <option value=\"Zurbano-Mtnez\">Madrid (Zurbano-Mtnez. Campos)<\/option><option value=\"Barcelona\">Barcelona<\/option> <\/select>   <\/div>      <div class=\"field-grid-2\">     <div class=\"field\">       <label for=\"phone\"> Telephone <span class=\"req\">*<\/span><\/label>       <span class=\"wpcf7-form-control-wrap\" data-name=\"phone\"><input size=\"40\" maxlength=\"400\" class=\"wpcf7-form-control wpcf7-tel wpcf7-validates-as-required wpcf7-text wpcf7-validates-as-tel\" id=\"phone\" aria-required=\"true\" aria-invalid=\"false\" value=\"\" type=\"tel\" name=\"phone\" \/><\/span>     <\/div>          <div class=\"field\">       <label for=\"email\"> Email <span class=\"req\">*<\/span><\/label>       <span class=\"wpcf7-form-control-wrap\" data-name=\"email\"><input size=\"40\" maxlength=\"400\" class=\"wpcf7-form-control wpcf7-email wpcf7-validates-as-required wpcf7-text wpcf7-validates-as-email\" id=\"email\" autocomplete=\"email\" aria-required=\"true\" aria-invalid=\"false\" value=\"\" type=\"email\" name=\"email\" \/><\/span>     <\/div>   <\/div>      <div class=\"field\">     <label for=\"contactarme_por__form_contacto_\"> I prefer to be contacted by: <\/label>     <span class=\"wpcf7-form-control-wrap\" data-name=\"contactarme_por__form_contacto_\"><span class=\"wpcf7-form-control wpcf7-radio radio-list-container\" id=\"contactarme_por__form_contacto_\"><span class=\"wpcf7-list-item first\"><label><input type=\"radio\" name=\"contactarme_por__form_contacto_\" value=\"Tel\u00e9fono\" checked=\"checked\" \/><span class=\"wpcf7-list-item-label\">Tel\u00e9fono<\/span><\/label><\/span><span class=\"wpcf7-list-item\"><label><input type=\"radio\" name=\"contactarme_por__form_contacto_\" value=\"Email\" \/><span class=\"wpcf7-list-item-label\">Email<\/span><\/label><\/span><span class=\"wpcf7-list-item last\"><label><input type=\"radio\" name=\"contactarme_por__form_contacto_\" value=\"WhatsApp\" \/><span class=\"wpcf7-list-item-label\">WhatsApp<\/span><\/label><\/span><\/span><\/span>   <\/div>      <div class=\"field\">     <label for=\"horario_en_que_prefiero_ser_contactado\"> Time when I prefer to be contacted:<\/label>     <span class=\"wpcf7-form-control-wrap\" data-name=\"horario_en_que_prefiero_ser_contactado\"><span class=\"wpcf7-form-control wpcf7-radio radio-list-container\" id=\"horario_en_que_prefiero_ser_contactado\"><span class=\"wpcf7-list-item first\"><label><input type=\"radio\" name=\"horario_en_que_prefiero_ser_contactado\" value=\"No time preference\" checked=\"checked\" \/><span class=\"wpcf7-list-item-label\">No time preference<\/span><\/label><\/span><span class=\"wpcf7-list-item\"><label><input type=\"radio\" name=\"horario_en_que_prefiero_ser_contactado\" value=\"In the morning (From 9am to 2pm)\" \/><span class=\"wpcf7-list-item-label\">In the morning (From 9am to 2pm)<\/span><\/label><\/span><span class=\"wpcf7-list-item last\"><label><input type=\"radio\" name=\"horario_en_que_prefiero_ser_contactado\" value=\"Early afternoon (From 2pm to 5pm)\" \/><span class=\"wpcf7-list-item-label\">Early afternoon (From 2pm to 5pm)<\/span><\/label><\/span><\/span><\/span>   <\/div>      <div class=\"field none\">     <span class=\"wpcf7-form-control-wrap\" data-name=\"acepto_recibir_informacion_comercial\"><span class=\"wpcf7-form-control wpcf7-acceptance optional\"><span class=\"wpcf7-list-item\"><label><input type=\"checkbox\" name=\"acepto_recibir_informacion_comercial\" value=\"1\" class=\"checkbox\" aria-invalid=\"false\" \/><span class=\"wpcf7-list-item-label\">Doy mi consentimiento para que Ginefiv pueda remitirme informaci\u00f3n comercial.<\/span><\/label><\/span><\/span><\/span>   <\/div>    <div class=\"field\"> \t<span class=\"wpcf7-form-control-wrap\" data-name=\"legal_consent\"><span class=\"wpcf7-form-control wpcf7-acceptance\"><span class=\"wpcf7-list-item\"><label><input type=\"checkbox\" name=\"legal_consent\" value=\"1\" class=\"checkbox\" aria-invalid=\"false\" \/><span class=\"wpcf7-list-item-label\">I have read the <a href=\"https:\/\/www.ginefiv.com\/en\/privacy-management-system-policy\/\" target=\"_blank\" rel=\"nofollow\">Privacy policy<\/a> and the <a href=\"https:\/\/www.ginefiv.com\/en\/legal-notice\/\" target=\"_blank\" rel=\"nofollow\">Legal notice<\/a> *<\/span><\/label><\/span><\/span><\/span> <\/div>      <div class=\"field\">     <label>By clicking on Send, you accept that Ginefiv will store and process the information you have entered above in order to provide the requested content.<\/label>   <\/div>      <input type=\"hidden\" name=\"cf7-label\" value=\"solicita-informacion\" \/>   <input type=\"hidden\" name=\"redirect-typ\" id=\"redirect-typ\" value=\"https:\/\/www.ginefiv.com\/gracias-contactar\">   <input type=\"hidden\" name=\"tipoVozitel\" value=\"Formulario web Solicita informaci\u00f3n (EN)\" \/>   <input class=\"wpcf7-form-control wpcf7-hidden\" id=\"form-name\" value=\"information\" type=\"hidden\" name=\"form-name\" \/>   <input type=\"hidden\" name=\"utm_campaign\" value=\"\" \/>       <input type=\"hidden\" name=\"utm_source\" value=\"\" \/>       <input type=\"hidden\" name=\"utm_medium\" value=\"\" \/>       <input type=\"hidden\" name=\"utm_term\" value=\"\" \/>       <input type=\"hidden\" name=\"utm_content\" value=\"\" \/>       <input type=\"hidden\" name=\"gclid\" value=\"\" \/>      <input class=\"wpcf7-form-control wpcf7-submit has-spinner\" type=\"submit\" value=\"Request information\" \/> <\/div><div class=\"wpcf7-response-output\" aria-hidden=\"true\"><\/div> <\/form> <\/div>     <p>In the 35 years we have spent helping women and couples to fulfil their dreams of becoming parents, we have tried to make the <strong>service offered in our assisted reproduction clinic<\/strong> the best it can possibly be. That\u2019s why <strong>each Ginefiv clinic remains at the forefront of reproductive technology<\/strong>, allowing us to be the first to successfully implement certain assisted reproduction techniques.<\/p>    <p>If you are looking for a solution to your problem, <strong>you will be in good hands at a Ginefiv fertility clinic<\/strong>. Book an appointment at Ginefiv and start your assisted reproduction treatment with us.<\/p> <\/div> <\/div> <\/div><\/div>","protected":false},"excerpt":{"rendered":"","protected":false},"author":1,"featured_media":374,"parent":0,"menu_order":0,"comment_status":"closed","ping_status":"closed","template":"","meta":{"_acf_changed":false,"footnotes":""},"class_list":["post-23752","page","type-page","status-publish","has-post-thumbnail","hentry"],"acf":[],"yoast_head":"<!-- This site is optimized with the Yoast SEO plugin v27.0 - https:\/\/yoast.com\/product\/yoast-seo-wordpress\/ -->\n<title>Request information | Ginefiv Espa\u00f1a<\/title>\n<meta name=\"robots\" content=\"index, follow, max-snippet:-1, max-image-preview:large, max-video-preview:-1\" \/>\n<link rel=\"canonical\" href=\"https:\/\/www.ginefiv.com\/en\/request-information\/\" \/>\n<meta property=\"og:locale\" content=\"en_US\" \/>\n<meta property=\"og:type\" content=\"article\" \/>\n<meta property=\"og:title\" content=\"Request information | Ginefiv Espa\u00f1a\" \/>\n<meta property=\"og:url\" content=\"https:\/\/www.ginefiv.com\/en\/request-information\/\" \/>\n<meta property=\"og:site_name\" content=\"Ginefiv Espa\u00f1a\" \/>\n<meta property=\"article:modified_time\" content=\"2024-04-11T09:52:03+00:00\" \/>\n<meta property=\"og:image\" content=\"https:\/\/www.ginefiv.com\/wp-content\/uploads\/2023\/06\/fondo-home-21-scaled.jpg\" \/>\n\t<meta property=\"og:image:width\" content=\"2560\" \/>\n\t<meta property=\"og:image:height\" content=\"1707\" \/>\n\t<meta property=\"og:image:type\" content=\"image\/jpeg\" \/>\n<meta name=\"twitter:card\" content=\"summary_large_image\" \/>\n<meta name=\"twitter:label1\" content=\"Est. reading time\" \/>\n\t<meta name=\"twitter:data1\" content=\"1 minute\" \/>\n<script type=\"application\/ld+json\" class=\"yoast-schema-graph\">{\"@context\":\"https:\/\/schema.org\",\"@graph\":[{\"@type\":\"WebPage\",\"@id\":\"https:\/\/www.ginefiv.com\/en\/request-information\/\",\"url\":\"https:\/\/www.ginefiv.com\/en\/request-information\/\",\"name\":\"Request information | Ginefiv Espa\u00f1a\",\"isPartOf\":{\"@id\":\"https:\/\/www.ginefiv.com\/en\/#website\"},\"primaryImageOfPage\":{\"@id\":\"https:\/\/www.ginefiv.com\/en\/request-information\/#primaryimage\"},\"image\":{\"@id\":\"https:\/\/www.ginefiv.com\/en\/request-information\/#primaryimage\"},\"thumbnailUrl\":\"https:\/\/www.ginefiv.com\/wp-content\/uploads\/2023\/06\/fondo-home-21-scaled.jpg\",\"datePublished\":\"2023-09-16T16:36:27+00:00\",\"dateModified\":\"2024-04-11T09:52:03+00:00\",\"breadcrumb\":{\"@id\":\"https:\/\/www.ginefiv.com\/en\/request-information\/#breadcrumb\"},\"inLanguage\":\"en-US\",\"potentialAction\":[{\"@type\":\"ReadAction\",\"target\":[\"https:\/\/www.ginefiv.com\/en\/request-information\/\"]}]},{\"@type\":\"ImageObject\",\"inLanguage\":\"en-US\",\"@id\":\"https:\/\/www.ginefiv.com\/en\/request-information\/#primaryimage\",\"url\":\"https:\/\/www.ginefiv.com\/wp-content\/uploads\/2023\/06\/fondo-home-21-scaled.jpg\",\"contentUrl\":\"https:\/\/www.ginefiv.com\/wp-content\/uploads\/2023\/06\/fondo-home-21-scaled.jpg\",\"width\":2560,\"height\":1707},{\"@type\":\"BreadcrumbList\",\"@id\":\"https:\/\/www.ginefiv.com\/en\/request-information\/#breadcrumb\",\"itemListElement\":[{\"@type\":\"ListItem\",\"position\":1,\"name\":\"Home\",\"item\":\"https:\/\/www.ginefiv.com\/en\/\"},{\"@type\":\"ListItem\",\"position\":2,\"name\":\"Request information\"}]},{\"@type\":\"WebSite\",\"@id\":\"https:\/\/www.ginefiv.com\/en\/#website\",\"url\":\"https:\/\/www.ginefiv.com\/en\/\",\"name\":\"Ginefiv Espa\u00f1a\",\"description\":\"Ginefiv, tu cl\u00ednica de reproducci\u00f3n asistida. 35 a\u00f1os de experiencia en inseminaci\u00f3n artificial y fecundaci\u00f3n in vitro\",\"publisher\":{\"@id\":\"https:\/\/www.ginefiv.com\/en\/#organization\"},\"potentialAction\":[{\"@type\":\"SearchAction\",\"target\":{\"@type\":\"EntryPoint\",\"urlTemplate\":\"https:\/\/www.ginefiv.com\/en\/?s={search_term_string}\"},\"query-input\":{\"@type\":\"PropertyValueSpecification\",\"valueRequired\":true,\"valueName\":\"search_term_string\"}}],\"inLanguage\":\"en-US\"},{\"@type\":\"Organization\",\"@id\":\"https:\/\/www.ginefiv.com\/en\/#organization\",\"name\":\"Ginefiv\",\"url\":\"https:\/\/www.ginefiv.com\/en\/\",\"logo\":{\"@type\":\"ImageObject\",\"inLanguage\":\"en-US\",\"@id\":\"https:\/\/www.ginefiv.com\/en\/#\/schema\/logo\/image\/\",\"url\":\"https:\/\/www.ginefiv.com\/wp-content\/uploads\/2023\/12\/descarga.png\",\"contentUrl\":\"https:\/\/www.ginefiv.com\/wp-content\/uploads\/2023\/12\/descarga.png\",\"width\":437,\"height\":115,\"caption\":\"Ginefiv\"},\"image\":{\"@id\":\"https:\/\/www.ginefiv.com\/en\/#\/schema\/logo\/image\/\"}}]}<\/script>\n<!-- \/ Yoast SEO plugin. -->","yoast_head_json":{"title":"Request information | Ginefiv Espa\u00f1a","robots":{"index":"index","follow":"follow","max-snippet":"max-snippet:-1","max-image-preview":"max-image-preview:large","max-video-preview":"max-video-preview:-1"},"canonical":"https:\/\/www.ginefiv.com\/en\/request-information\/","og_locale":"en_US","og_type":"article","og_title":"Request information | Ginefiv Espa\u00f1a","og_url":"https:\/\/www.ginefiv.com\/en\/request-information\/","og_site_name":"Ginefiv Espa\u00f1a","article_modified_time":"2024-04-11T09:52:03+00:00","og_image":[{"width":2560,"height":1707,"url":"https:\/\/www.ginefiv.com\/wp-content\/uploads\/2023\/06\/fondo-home-21-scaled.jpg","type":"image\/jpeg"}],"twitter_card":"summary_large_image","twitter_misc":{"Est. reading time":"1 minute"},"schema":{"@context":"https:\/\/schema.org","@graph":[{"@type":"WebPage","@id":"https:\/\/www.ginefiv.com\/en\/request-information\/","url":"https:\/\/www.ginefiv.com\/en\/request-information\/","name":"Request information | Ginefiv Espa\u00f1a","isPartOf":{"@id":"https:\/\/www.ginefiv.com\/en\/#website"},"primaryImageOfPage":{"@id":"https:\/\/www.ginefiv.com\/en\/request-information\/#primaryimage"},"image":{"@id":"https:\/\/www.ginefiv.com\/en\/request-information\/#primaryimage"},"thumbnailUrl":"https:\/\/www.ginefiv.com\/wp-content\/uploads\/2023\/06\/fondo-home-21-scaled.jpg","datePublished":"2023-09-16T16:36:27+00:00","dateModified":"2024-04-11T09:52:03+00:00","breadcrumb":{"@id":"https:\/\/www.ginefiv.com\/en\/request-information\/#breadcrumb"},"inLanguage":"en-US","potentialAction":[{"@type":"ReadAction","target":["https:\/\/www.ginefiv.com\/en\/request-information\/"]}]},{"@type":"ImageObject","inLanguage":"en-US","@id":"https:\/\/www.ginefiv.com\/en\/request-information\/#primaryimage","url":"https:\/\/www.ginefiv.com\/wp-content\/uploads\/2023\/06\/fondo-home-21-scaled.jpg","contentUrl":"https:\/\/www.ginefiv.com\/wp-content\/uploads\/2023\/06\/fondo-home-21-scaled.jpg","width":2560,"height":1707},{"@type":"BreadcrumbList","@id":"https:\/\/www.ginefiv.com\/en\/request-information\/#breadcrumb","itemListElement":[{"@type":"ListItem","position":1,"name":"Home","item":"https:\/\/www.ginefiv.com\/en\/"},{"@type":"ListItem","position":2,"name":"Request information"}]},{"@type":"WebSite","@id":"https:\/\/www.ginefiv.com\/en\/#website","url":"https:\/\/www.ginefiv.com\/en\/","name":"Ginefiv Espa\u00f1a","description":"Ginefiv, tu cl\u00ednica de reproducci\u00f3n asistida. 35 a\u00f1os de experiencia en inseminaci\u00f3n artificial y fecundaci\u00f3n in vitro","publisher":{"@id":"https:\/\/www.ginefiv.com\/en\/#organization"},"potentialAction":[{"@type":"SearchAction","target":{"@type":"EntryPoint","urlTemplate":"https:\/\/www.ginefiv.com\/en\/?s={search_term_string}"},"query-input":{"@type":"PropertyValueSpecification","valueRequired":true,"valueName":"search_term_string"}}],"inLanguage":"en-US"},{"@type":"Organization","@id":"https:\/\/www.ginefiv.com\/en\/#organization","name":"Ginefiv","url":"https:\/\/www.ginefiv.com\/en\/","logo":{"@type":"ImageObject","inLanguage":"en-US","@id":"https:\/\/www.ginefiv.com\/en\/#\/schema\/logo\/image\/","url":"https:\/\/www.ginefiv.com\/wp-content\/uploads\/2023\/12\/descarga.png","contentUrl":"https:\/\/www.ginefiv.com\/wp-content\/uploads\/2023\/12\/descarga.png","width":437,"height":115,"caption":"Ginefiv"},"image":{"@id":"https:\/\/www.ginefiv.com\/en\/#\/schema\/logo\/image\/"}}]}},"_links":{"self":[{"href":"https:\/\/www.ginefiv.com\/en\/wp-json\/wp\/v2\/pages\/23752","targetHints":{"allow":["GET"]}}],"collection":[{"href":"https:\/\/www.ginefiv.com\/en\/wp-json\/wp\/v2\/pages"}],"about":[{"href":"https:\/\/www.ginefiv.com\/en\/wp-json\/wp\/v2\/types\/page"}],"author":[{"embeddable":true,"href":"https:\/\/www.ginefiv.com\/en\/wp-json\/wp\/v2\/users\/1"}],"replies":[{"embeddable":true,"href":"https:\/\/www.ginefiv.com\/en\/wp-json\/wp\/v2\/comments?post=23752"}],"version-history":[{"count":0,"href":"https:\/\/www.ginefiv.com\/en\/wp-json\/wp\/v2\/pages\/23752\/revisions"}],"wp:featuredmedia":[{"embeddable":true,"href":"https:\/\/www.ginefiv.com\/en\/wp-json\/wp\/v2\/media\/374"}],"wp:attachment":[{"href":"https:\/\/www.ginefiv.com\/en\/wp-json\/wp\/v2\/media?parent=23752"}],"curies":[{"name":"wp","href":"https:\/\/api.w.org\/{rel}","templated":true}]}}