











{"id":23777,"date":"2024-01-12T09:22:39","date_gmt":"2024-01-12T09:22:39","guid":{"rendered":"https:\/\/www.ginefiv.com\/?page_id=23777"},"modified":"2024-04-11T09:44:32","modified_gmt":"2024-04-11T09:44:32","slug":"privacy-management-system-policy","status":"publish","type":"page","link":"https:\/\/www.ginefiv.com\/en\/privacy-management-system-policy\/","title":{"rendered":"Privacy management system policy"},"content":{"rendered":"<div class=\"wp-block-cover alignfull\"><span aria-hidden=\"true\" class=\"wp-block-cover__background has-background-dim-40 has-background-dim\"><\/span><img loading=\"lazy\" decoding=\"async\" width=\"4500\" height=\"3000\" src=\"https:\/\/www.ginefiv.com\/wp-content\/uploads\/2023\/10\/aviso-legal.png\" class=\"wp-block-cover__image-background wp-post-image\" alt=\"\" data-object-fit=\"cover\" srcset=\"https:\/\/www.ginefiv.com\/wp-content\/uploads\/2023\/10\/aviso-legal.png 4500w, https:\/\/www.ginefiv.com\/wp-content\/uploads\/2023\/10\/aviso-legal-300x200.png 300w, https:\/\/www.ginefiv.com\/wp-content\/uploads\/2023\/10\/aviso-legal-1024x683.png 1024w, https:\/\/www.ginefiv.com\/wp-content\/uploads\/2023\/10\/aviso-legal-768x512.png 768w\" sizes=\"auto, (max-width: 4500px) 100vw, 4500px\" \/><div class=\"wp-block-cover__inner-container is-layout-constrained wp-block-cover-is-layout-constrained\"> <div class=\"wp-block-columns is-layout-flex wp-container-core-columns-is-layout-28f84493 wp-block-columns-is-layout-flex\"> <div class=\"wp-block-column is-layout-flow wp-block-column-is-layout-flow\" style=\"flex-basis:66.66%\"> <h1 class=\"wp-block-heading\">Privacy management system policy<\/h1> <\/div>    <div class=\"wp-block-column is-layout-flow wp-block-column-is-layout-flow\" style=\"flex-basis:33.33%\"><\/div> <\/div> <\/div><\/div>    <section class=\"wp-block-breadcrumbs\">   <div class=\"content-wrapper\">     <ul>                   <li>               <a href=\"https:\/\/www.ginefiv.com\/en\/\" title=\"Ginefiv Espa\u00f1a\">                 Ginefiv              <\/a>             <\/li>                         <li>               <span class=\"current\" title=\"Privacy management system policy\">                 Privacy management system policy              <\/span>             <\/li>                 <\/ul>   <\/div> <\/section>    <div class=\"wp-block-columns is-layout-flex wp-container-core-columns-is-layout-28f84493 wp-block-columns-is-layout-flex\"> <div class=\"wp-block-column is-layout-flow wp-block-column-is-layout-flow\"> <p>The Privacy Management System Policy of GINEFIV, S.L. is based on the regulations established in Regulation (EU) 2016\/679 of the 27th of April 2016 on the protection of natural persons with regard to the processing of personal data and on the free movement of such data (GDPR), Spanish Organic Law 3\/2018 of the 5th of December on the Protection of Personal Data and the Guarantee of Digital Rights (LOPDGDD from the Spanish), as well as the international standards of information security management (ISO 27001) and privacy (ISO 27701).<\/p>    <p>GINEFIV, S.L. is committed to the protection of privacy within the organisation in order to guarantee the right to data protection of all interested parties involved in the development of its activity.<\/p>    <p>The Privacy Management System Policy, supervised by the Board, upholds the following principles:<\/p>    <ol class=\"wp-block-list\"> <li>To make privacy a basic objective of the organisation, implicating all staff in it and committing itself to the success thereof.<\/li>    <li>To make a sincere commitment to privacy, to which end it has published a Privacy Management System Policy, and to undertake to make this available to all interested parties.<\/li>    <li>To process personal data legally, in good faith and transparently, clearly and specifically identifying the purposes for which it is obtained.<\/li>    <li>To gather the personal data for particular, explicit and legitimate purposes and to subsequently not process said data in a way which is incompatible with said purposes.<\/li>    <li>To only gather and process data of a personal nature which is suitable, pertinent and limited to that which is necessary as regards the purposes for which it is obtained.<\/li>    <li>To always keep personal data correct and up-to-date, adopting all reasonable measures to do this, and deleting or rectifying it without delay when it is incorrect as regards the purposes for which is it processed.<\/li>    <li>To offer the interested parties systems to update their personal data.<\/li>    <li>To not retain information which identifies the interested parties for any longer than the time needed to accomplish the purposes for which said personal data is processed.<\/li>    <li>To process the data of a personal nature in such a way that guarantees its security, including protection against unauthorised or illegal processing and against its loss, destruction or accidental damage, applying the appropriate technical and organisational measures.<\/li>    <li>To ask for the consent of the interested party whenever it is necessary to process their data of a personal nature.<\/li>    <li>To process sensitive data with special categories.<\/li>    <li>To systematically assess the effectiveness of the measures adopted to guarantee its security, so that privacy management is supported and based on objective data that will lead to continuous improvement.<\/li>    <li>To reduce and eliminate the risks arising from the activity, using an identification and evaluation system.<\/li>    <li>To produce information and provide continuous training so that all the organisation\u2019s staff involved in processing personal data take part in protecting the privacy of the interested parties and think of this as a fundamental right.<\/li>    <li>To guarantee the exercise of rights concerning the protection of data of a personal nature, ensuring a timely and appropriate response.<\/li> <\/ol> <\/div> <\/div>    <section> \t<div class=\"cta-block-container\"> \t\t<div class=\"cta-block-container__title\"> \t\t\t<p><h2><span dir=\"ltr\" role=\"presentation\">Any questions?<\/span><\/h2> <\/p> \t\t<\/div> \t\t<div class=\"cta-block-container__separator d-none d-md-flex\"> \t\t\t<picture> \t\t\t\t<img decoding=\"async\" class=\"separator__img\" src=\"https:\/\/www.ginefiv.com\/wp-content\/themes\/wac-theme\/assets\/images\/icons\/cta-separator.webp\" alt=\"\"> \t\t\t<\/picture> \t\t<\/div> \t\t<div class=\"cta-block-container__icons-row\"> \t\t\t\t\t\t\t<div class=\"actions\"> \t\t\t\t\t<picture class=\"action__thumbnail\"> \t\t\t\t\t\t<img decoding=\"async\" class=\"action__img\" src=\"https:\/\/www.ginefiv.com\/wp-content\/themes\/wac-theme\/assets\/images\/icons\/cta-phone.webp\" alt=\"\"> \t\t\t\t\t<\/picture> \t\t\t\t\t<div class=\"action__text\"> \t\t\t\t\t\t\t\t\t\t\t\t\t<a class=\"action__text\" href=\"tel:900 908 988\" target=\"_blank\"> \t\t\t\t\t\t\t\t<p> \t\t\t\t\t\t\t\t\tLl\u00e1manos gratis al <br><strong>900 908 988<\/strong>\t\t\t\t\t\t\t\t<\/p> \t\t\t\t\t\t\t<\/a> \t\t\t\t\t\t\t\t\t\t\t<\/div> \t\t\t\t<\/div> \t\t\t\t\t\t\t<div class=\"actions\"> \t\t\t\t\t<picture class=\"action__thumbnail\"> \t\t\t\t\t\t<img decoding=\"async\" class=\"action__img\" src=\"https:\/\/www.ginefiv.com\/wp-content\/themes\/wac-theme\/assets\/images\/icons\/cta-clinics.webp\" alt=\"\"> \t\t\t\t\t<\/picture> \t\t\t\t\t<a class=\"action__text permalink underlined\" href=\"https:\/\/www.ginefiv.com\/en\/clinics\/\"> \t\t\t\t\t\t<p>Visit us in<\/p> \t\t\t\t\t\t<strong>our Ginefiv clinics<\/strong> \t\t\t\t\t<\/a> \t\t\t\t<\/div> \t\t\t\t\t\t\t<div class=\"actions\"> \t\t\t\t\t<picture class=\"action__thumbnail\"> \t\t\t\t\t\t<img decoding=\"async\" class=\"action__img\" src=\"https:\/\/www.ginefiv.com\/wp-content\/themes\/wac-theme\/assets\/images\/icons\/cta-appointment.webp\" alt=\"\"> \t\t\t\t\t<\/picture> \t\t\t\t\t<a class=\"action__text permalink underlined\" href=\"https:\/\/www.ginefiv.com\/en\/book-an-appointment\/\"> \t\t\t\t\t\t<p>Ask for an<\/p> \t\t\t\t\t\t<strong>appointment with Ginefiv<\/strong> \t\t\t\t\t<\/a> \t\t\t\t<\/div> \t\t\t\t\t<\/div> \t<\/div> <\/section>","protected":false},"excerpt":{"rendered":"<p>The Privacy Management System Policy of GINEFIV, S.L. is based on the regulations established in Regulation (EU) 2016\/679 of the&#8230;<\/p>\n","protected":false},"author":1,"featured_media":3512,"parent":0,"menu_order":0,"comment_status":"closed","ping_status":"closed","template":"","meta":{"_acf_changed":false,"footnotes":""},"class_list":["post-23777","page","type-page","status-publish","has-post-thumbnail","hentry"],"acf":[],"yoast_head":"<!-- This site is optimized with the Yoast SEO plugin v27.0 - https:\/\/yoast.com\/product\/yoast-seo-wordpress\/ -->\n<title>Privacy management system policy | Ginefiv Espa\u00f1a<\/title>\n<meta name=\"robots\" content=\"index, follow, max-snippet:-1, max-image-preview:large, max-video-preview:-1\" \/>\n<link rel=\"canonical\" href=\"https:\/\/www.ginefiv.com\/en\/privacy-management-system-policy\/\" \/>\n<meta property=\"og:locale\" content=\"en_US\" \/>\n<meta property=\"og:type\" content=\"article\" \/>\n<meta property=\"og:title\" content=\"Privacy management system policy | Ginefiv Espa\u00f1a\" \/>\n<meta property=\"og:description\" content=\"The Privacy Management System Policy of GINEFIV, S.L. is based on the regulations established in Regulation (EU) 2016\/679 of the...\" \/>\n<meta property=\"og:url\" content=\"https:\/\/www.ginefiv.com\/en\/privacy-management-system-policy\/\" \/>\n<meta property=\"og:site_name\" content=\"Ginefiv Espa\u00f1a\" \/>\n<meta property=\"article:modified_time\" content=\"2024-04-11T09:44:32+00:00\" \/>\n<meta property=\"og:image\" content=\"https:\/\/www.ginefiv.com\/wp-content\/uploads\/2023\/10\/aviso-legal-1024x683.png\" \/>\n\t<meta property=\"og:image:width\" content=\"1024\" \/>\n\t<meta property=\"og:image:height\" content=\"683\" \/>\n\t<meta property=\"og:image:type\" content=\"image\/png\" \/>\n<meta name=\"twitter:card\" content=\"summary_large_image\" \/>\n<meta name=\"twitter:label1\" content=\"Est. reading time\" \/>\n\t<meta name=\"twitter:data1\" content=\"3 minutes\" \/>\n<script type=\"application\/ld+json\" class=\"yoast-schema-graph\">{\"@context\":\"https:\/\/schema.org\",\"@graph\":[{\"@type\":\"WebPage\",\"@id\":\"https:\/\/www.ginefiv.com\/en\/privacy-management-system-policy\/\",\"url\":\"https:\/\/www.ginefiv.com\/en\/privacy-management-system-policy\/\",\"name\":\"Privacy management system policy | Ginefiv Espa\u00f1a\",\"isPartOf\":{\"@id\":\"https:\/\/www.ginefiv.com\/en\/#website\"},\"primaryImageOfPage\":{\"@id\":\"https:\/\/www.ginefiv.com\/en\/privacy-management-system-policy\/#primaryimage\"},\"image\":{\"@id\":\"https:\/\/www.ginefiv.com\/en\/privacy-management-system-policy\/#primaryimage\"},\"thumbnailUrl\":\"https:\/\/www.ginefiv.com\/wp-content\/uploads\/2023\/10\/aviso-legal.png\",\"datePublished\":\"2024-01-12T09:22:39+00:00\",\"dateModified\":\"2024-04-11T09:44:32+00:00\",\"breadcrumb\":{\"@id\":\"https:\/\/www.ginefiv.com\/en\/privacy-management-system-policy\/#breadcrumb\"},\"inLanguage\":\"en-US\",\"potentialAction\":[{\"@type\":\"ReadAction\",\"target\":[\"https:\/\/www.ginefiv.com\/en\/privacy-management-system-policy\/\"]}]},{\"@type\":\"ImageObject\",\"inLanguage\":\"en-US\",\"@id\":\"https:\/\/www.ginefiv.com\/en\/privacy-management-system-policy\/#primaryimage\",\"url\":\"https:\/\/www.ginefiv.com\/wp-content\/uploads\/2023\/10\/aviso-legal.png\",\"contentUrl\":\"https:\/\/www.ginefiv.com\/wp-content\/uploads\/2023\/10\/aviso-legal.png\",\"width\":4500,\"height\":3000},{\"@type\":\"BreadcrumbList\",\"@id\":\"https:\/\/www.ginefiv.com\/en\/privacy-management-system-policy\/#breadcrumb\",\"itemListElement\":[{\"@type\":\"ListItem\",\"position\":1,\"name\":\"Home\",\"item\":\"https:\/\/www.ginefiv.com\/en\/\"},{\"@type\":\"ListItem\",\"position\":2,\"name\":\"Privacy management system policy\"}]},{\"@type\":\"WebSite\",\"@id\":\"https:\/\/www.ginefiv.com\/en\/#website\",\"url\":\"https:\/\/www.ginefiv.com\/en\/\",\"name\":\"Ginefiv Espa\u00f1a\",\"description\":\"Ginefiv, tu cl\u00ednica de reproducci\u00f3n asistida. 35 a\u00f1os de experiencia en inseminaci\u00f3n artificial y fecundaci\u00f3n in vitro\",\"publisher\":{\"@id\":\"https:\/\/www.ginefiv.com\/en\/#organization\"},\"potentialAction\":[{\"@type\":\"SearchAction\",\"target\":{\"@type\":\"EntryPoint\",\"urlTemplate\":\"https:\/\/www.ginefiv.com\/en\/?s={search_term_string}\"},\"query-input\":{\"@type\":\"PropertyValueSpecification\",\"valueRequired\":true,\"valueName\":\"search_term_string\"}}],\"inLanguage\":\"en-US\"},{\"@type\":\"Organization\",\"@id\":\"https:\/\/www.ginefiv.com\/en\/#organization\",\"name\":\"Ginefiv\",\"url\":\"https:\/\/www.ginefiv.com\/en\/\",\"logo\":{\"@type\":\"ImageObject\",\"inLanguage\":\"en-US\",\"@id\":\"https:\/\/www.ginefiv.com\/en\/#\/schema\/logo\/image\/\",\"url\":\"https:\/\/www.ginefiv.com\/wp-content\/uploads\/2023\/12\/descarga.png\",\"contentUrl\":\"https:\/\/www.ginefiv.com\/wp-content\/uploads\/2023\/12\/descarga.png\",\"width\":437,\"height\":115,\"caption\":\"Ginefiv\"},\"image\":{\"@id\":\"https:\/\/www.ginefiv.com\/en\/#\/schema\/logo\/image\/\"}}]}<\/script>\n<!-- \/ Yoast SEO plugin. -->","yoast_head_json":{"title":"Privacy management system policy | Ginefiv Espa\u00f1a","robots":{"index":"index","follow":"follow","max-snippet":"max-snippet:-1","max-image-preview":"max-image-preview:large","max-video-preview":"max-video-preview:-1"},"canonical":"https:\/\/www.ginefiv.com\/en\/privacy-management-system-policy\/","og_locale":"en_US","og_type":"article","og_title":"Privacy management system policy | Ginefiv Espa\u00f1a","og_description":"The Privacy Management System Policy of GINEFIV, S.L. is based on the regulations established in Regulation (EU) 2016\/679 of the...","og_url":"https:\/\/www.ginefiv.com\/en\/privacy-management-system-policy\/","og_site_name":"Ginefiv Espa\u00f1a","article_modified_time":"2024-04-11T09:44:32+00:00","og_image":[{"width":1024,"height":683,"url":"https:\/\/www.ginefiv.com\/wp-content\/uploads\/2023\/10\/aviso-legal-1024x683.png","type":"image\/png"}],"twitter_card":"summary_large_image","twitter_misc":{"Est. reading time":"3 minutes"},"schema":{"@context":"https:\/\/schema.org","@graph":[{"@type":"WebPage","@id":"https:\/\/www.ginefiv.com\/en\/privacy-management-system-policy\/","url":"https:\/\/www.ginefiv.com\/en\/privacy-management-system-policy\/","name":"Privacy management system policy | Ginefiv Espa\u00f1a","isPartOf":{"@id":"https:\/\/www.ginefiv.com\/en\/#website"},"primaryImageOfPage":{"@id":"https:\/\/www.ginefiv.com\/en\/privacy-management-system-policy\/#primaryimage"},"image":{"@id":"https:\/\/www.ginefiv.com\/en\/privacy-management-system-policy\/#primaryimage"},"thumbnailUrl":"https:\/\/www.ginefiv.com\/wp-content\/uploads\/2023\/10\/aviso-legal.png","datePublished":"2024-01-12T09:22:39+00:00","dateModified":"2024-04-11T09:44:32+00:00","breadcrumb":{"@id":"https:\/\/www.ginefiv.com\/en\/privacy-management-system-policy\/#breadcrumb"},"inLanguage":"en-US","potentialAction":[{"@type":"ReadAction","target":["https:\/\/www.ginefiv.com\/en\/privacy-management-system-policy\/"]}]},{"@type":"ImageObject","inLanguage":"en-US","@id":"https:\/\/www.ginefiv.com\/en\/privacy-management-system-policy\/#primaryimage","url":"https:\/\/www.ginefiv.com\/wp-content\/uploads\/2023\/10\/aviso-legal.png","contentUrl":"https:\/\/www.ginefiv.com\/wp-content\/uploads\/2023\/10\/aviso-legal.png","width":4500,"height":3000},{"@type":"BreadcrumbList","@id":"https:\/\/www.ginefiv.com\/en\/privacy-management-system-policy\/#breadcrumb","itemListElement":[{"@type":"ListItem","position":1,"name":"Home","item":"https:\/\/www.ginefiv.com\/en\/"},{"@type":"ListItem","position":2,"name":"Privacy management system policy"}]},{"@type":"WebSite","@id":"https:\/\/www.ginefiv.com\/en\/#website","url":"https:\/\/www.ginefiv.com\/en\/","name":"Ginefiv Espa\u00f1a","description":"Ginefiv, tu cl\u00ednica de reproducci\u00f3n asistida. 35 a\u00f1os de experiencia en inseminaci\u00f3n artificial y fecundaci\u00f3n in vitro","publisher":{"@id":"https:\/\/www.ginefiv.com\/en\/#organization"},"potentialAction":[{"@type":"SearchAction","target":{"@type":"EntryPoint","urlTemplate":"https:\/\/www.ginefiv.com\/en\/?s={search_term_string}"},"query-input":{"@type":"PropertyValueSpecification","valueRequired":true,"valueName":"search_term_string"}}],"inLanguage":"en-US"},{"@type":"Organization","@id":"https:\/\/www.ginefiv.com\/en\/#organization","name":"Ginefiv","url":"https:\/\/www.ginefiv.com\/en\/","logo":{"@type":"ImageObject","inLanguage":"en-US","@id":"https:\/\/www.ginefiv.com\/en\/#\/schema\/logo\/image\/","url":"https:\/\/www.ginefiv.com\/wp-content\/uploads\/2023\/12\/descarga.png","contentUrl":"https:\/\/www.ginefiv.com\/wp-content\/uploads\/2023\/12\/descarga.png","width":437,"height":115,"caption":"Ginefiv"},"image":{"@id":"https:\/\/www.ginefiv.com\/en\/#\/schema\/logo\/image\/"}}]}},"_links":{"self":[{"href":"https:\/\/www.ginefiv.com\/en\/wp-json\/wp\/v2\/pages\/23777","targetHints":{"allow":["GET"]}}],"collection":[{"href":"https:\/\/www.ginefiv.com\/en\/wp-json\/wp\/v2\/pages"}],"about":[{"href":"https:\/\/www.ginefiv.com\/en\/wp-json\/wp\/v2\/types\/page"}],"author":[{"embeddable":true,"href":"https:\/\/www.ginefiv.com\/en\/wp-json\/wp\/v2\/users\/1"}],"replies":[{"embeddable":true,"href":"https:\/\/www.ginefiv.com\/en\/wp-json\/wp\/v2\/comments?post=23777"}],"version-history":[{"count":0,"href":"https:\/\/www.ginefiv.com\/en\/wp-json\/wp\/v2\/pages\/23777\/revisions"}],"wp:featuredmedia":[{"embeddable":true,"href":"https:\/\/www.ginefiv.com\/en\/wp-json\/wp\/v2\/media\/3512"}],"wp:attachment":[{"href":"https:\/\/www.ginefiv.com\/en\/wp-json\/wp\/v2\/media?parent=23777"}],"curies":[{"name":"wp","href":"https:\/\/api.w.org\/{rel}","templated":true}]}}