











{"id":24342,"date":"2023-08-08T06:41:03","date_gmt":"2023-08-08T06:41:03","guid":{"rendered":"https:\/\/www.ginefiv.com\/?page_id=24342"},"modified":"2024-08-17T06:59:56","modified_gmt":"2024-08-17T06:59:56","slug":"faq","status":"publish","type":"page","link":"https:\/\/www.ginefiv.com\/en\/faq\/","title":{"rendered":"FAQS"},"content":{"rendered":"<div class=\"wp-block-cover alignfull\" style=\"min-height:80vh;aspect-ratio:unset;\"><span aria-hidden=\"true\" class=\"wp-block-cover__background has-background-dim-40 has-background-dim\"><\/span><img loading=\"lazy\" decoding=\"async\" width=\"4500\" height=\"3000\" src=\"https:\/\/www.ginefiv.com\/wp-content\/uploads\/2023\/08\/fondo_faqs.png\" class=\"wp-block-cover__image-background wp-post-image\" alt=\"\" data-object-fit=\"cover\" srcset=\"https:\/\/www.ginefiv.com\/wp-content\/uploads\/2023\/08\/fondo_faqs.png 4500w, https:\/\/www.ginefiv.com\/wp-content\/uploads\/2023\/08\/fondo_faqs-300x200.png 300w, https:\/\/www.ginefiv.com\/wp-content\/uploads\/2023\/08\/fondo_faqs-1024x683.png 1024w, https:\/\/www.ginefiv.com\/wp-content\/uploads\/2023\/08\/fondo_faqs-768x512.png 768w\" sizes=\"auto, (max-width: 4500px) 100vw, 4500px\" \/><div class=\"wp-block-cover__inner-container is-layout-constrained wp-block-cover-is-layout-constrained\"> <div class=\"wp-block-columns is-layout-flex wp-container-core-columns-is-layout-28f84493 wp-block-columns-is-layout-flex\"> <div class=\"wp-block-column is-layout-flow wp-block-column-is-layout-flow\" style=\"flex-basis:60%\"> <h1 class=\"wp-block-heading\">Frequently asked questions about assisted reproduction<\/h1>    <p class=\"has-medium-font-size\">When you find that you are unable to become pregnant naturally, it is completely normal to start asking yourself questions and to need to resolve your doubts.<\/p> <\/div>    <div class=\"wp-block-column is-layout-flow wp-block-column-is-layout-flow\"><\/div> <\/div> <\/div><\/div>    <section class=\"wp-block-breadcrumbs\">   <div class=\"content-wrapper\">     <ul>                   <li>               <a href=\"https:\/\/www.ginefiv.com\/en\/\" title=\"Ginefiv Espa\u00f1a\">                 Ginefiv              <\/a>             <\/li>                         <li>               <span class=\"current\" title=\"FAQS\">                 FAQS              <\/span>             <\/li>                 <\/ul>   <\/div> <\/section>    <div class=\"wp-block-columns is-layout-flex wp-container-core-columns-is-layout-28f84493 wp-block-columns-is-layout-flex\"> <div class=\"wp-block-column is-layout-flow wp-block-column-is-layout-flow\"> <p><a href=\"https:\/\/www.ginefiv.com\/en\/assisted-reproduction\/\">Assisted reproduction<\/a> is a way of helping women who wish to become mothers but are unable to achieve pregnancy naturally, due to differing reasons. If you are seeking a pregnancy but it doesn\u2019t happen, it is normal for you to have a lot of<strong> questions about assisted reproduction<\/strong>. This is even more so given the wide selection of treatments we offer.<\/p>    <p>This can occur <strong>whether you already know you will need to turn to assisted reproduction<\/strong>, or during the treatment or even after it. In this section, we\u2019ll try and resolve your doubts and answer the most frequently asked <strong>questions about assisted reproduction, IVF and artificial insemination<\/strong>.<\/p> <\/div> <\/div>    <div class=\"wp-block-columns is-layout-flex wp-container-core-columns-is-layout-28f84493 wp-block-columns-is-layout-flex\"> <div class=\"wp-block-column is-layout-flow wp-block-column-is-layout-flow\"> <p>Check each section to find the answer to your questions about assisted reproduction. You can also contact us at any time to resolve any doubts you may have.<\/p>    <ul class=\"wp-block-list\"> <li><a href=\"https:\/\/www.ginefiv.com\/en\/faq\/before-treatment\/\">FAQs before an assisted reproduction treatment<\/a><\/li>    <li><a href=\"https:\/\/www.ginefiv.com\/en\/faq\/during-treatment\/\">FAQs during an assisted reproduction treatment<\/a><\/li>    <li><a href=\"https:\/\/www.ginefiv.com\/en\/faq\/after-treatment\/\">FAQs after an assisted reproduction treatment<\/a><\/li>    <li><a href=\"https:\/\/www.ginefiv.com\/en\/faq\/medication\/\">FAQs about the medication in assisted reproduction<\/a><\/li> <\/ul>    <p>Here at Ginefiv, we want to help you fulfil your dream of becoming a mother. If that\u2019s your objective, you will be in good hands at Ginefiv. Our cutting edge technology, our wide range of treatments and our team of over 100 professionals will help that dream come true.<\/p>    <p>Ample experience gained over 35 years and all the technological and professional quality you may need, certified by various accreditations such as the Best Healthcare Institution Prize and, of course, by our excellent success rates.<\/p>    <p>Furthermore, if you are looking to <strong>guarantee your pregnancy<\/strong>, you have the chance to do so using our <a href=\"https:\/\/www.ginefiv.com\/en\/pregnancy-guarantee-programme\/\">Guaranteed Pregnancy Programme<\/a>, an option in which we promise to make your dream of becoming a mother come true within a maximum of 24 months. If you have any questions about this programme, don\u2019t hesitate to <a href=\"https:\/\/www.ginefiv.com\/en\/request-information\/\">contact Ginefiv<\/a>.<\/p> <\/div> <\/div>    <div class=\"wp-block-columns alignfull has-turquoise-teal-background-color has-background is-layout-flex wp-container-core-columns-is-layout-28f84493 wp-block-columns-is-layout-flex\"> <div class=\"wp-block-column is-layout-flow wp-block-column-is-layout-flow\"> <section class=\"grid-icons-block content-wrapper\">        <div class=\"grid-icon\">             <picture class=\"grid-icon__thumbnail\">         <img loading=\"lazy\" decoding=\"async\" width=\"700\" height=\"700\" src=\"https:\/\/www.ginefiv.com\/wp-content\/uploads\/2023\/10\/35anos.png\" class=\"attachment-large size-large\" alt=\"\" srcset=\"https:\/\/www.ginefiv.com\/wp-content\/uploads\/2023\/10\/35anos.png 700w, https:\/\/www.ginefiv.com\/wp-content\/uploads\/2023\/10\/35anos-300x300.png 300w, https:\/\/www.ginefiv.com\/wp-content\/uploads\/2023\/10\/35anos-150x150.png 150w, https:\/\/www.ginefiv.com\/wp-content\/uploads\/2023\/10\/35anos-420x420.png 420w\" sizes=\"auto, (max-width: 700px) 100vw, 700px\" \/>      <\/picture>             <div class=\"grid-icon__text\">         35 years of experience      <\/div>     <\/div>         <div class=\"grid-icon\">             <picture class=\"grid-icon__thumbnail\">         <img loading=\"lazy\" decoding=\"async\" width=\"700\" height=\"700\" src=\"https:\/\/www.ginefiv.com\/wp-content\/uploads\/2023\/10\/mano-cruz.png\" class=\"attachment-large size-large\" alt=\"\" srcset=\"https:\/\/www.ginefiv.com\/wp-content\/uploads\/2023\/10\/mano-cruz.png 700w, https:\/\/www.ginefiv.com\/wp-content\/uploads\/2023\/10\/mano-cruz-300x300.png 300w, https:\/\/www.ginefiv.com\/wp-content\/uploads\/2023\/10\/mano-cruz-150x150.png 150w, https:\/\/www.ginefiv.com\/wp-content\/uploads\/2023\/10\/mano-cruz-420x420.png 420w\" sizes=\"auto, (max-width: 700px) 100vw, 700px\" \/>      <\/picture>             <div class=\"grid-icon__text\">         Safety Guaranteed      <\/div>     <\/div>         <div class=\"grid-icon\">             <picture class=\"grid-icon__thumbnail\">         <img loading=\"lazy\" decoding=\"async\" width=\"700\" height=\"700\" src=\"https:\/\/www.ginefiv.com\/wp-content\/uploads\/2023\/10\/auriculares.png\" class=\"attachment-large size-large\" alt=\"\" srcset=\"https:\/\/www.ginefiv.com\/wp-content\/uploads\/2023\/10\/auriculares.png 700w, https:\/\/www.ginefiv.com\/wp-content\/uploads\/2023\/10\/auriculares-300x300.png 300w, https:\/\/www.ginefiv.com\/wp-content\/uploads\/2023\/10\/auriculares-150x150.png 150w, https:\/\/www.ginefiv.com\/wp-content\/uploads\/2023\/10\/auriculares-420x420.png 420w\" sizes=\"auto, (max-width: 700px) 100vw, 700px\" \/>      <\/picture>             <div class=\"grid-icon__text\">         Top quality care      <\/div>     <\/div>         <div class=\"grid-icon\">             <picture class=\"grid-icon__thumbnail\">         <img loading=\"lazy\" decoding=\"async\" width=\"700\" height=\"700\" src=\"https:\/\/www.ginefiv.com\/wp-content\/uploads\/2023\/10\/ovulo.png\" class=\"attachment-large size-large\" alt=\"\" srcset=\"https:\/\/www.ginefiv.com\/wp-content\/uploads\/2023\/10\/ovulo.png 700w, https:\/\/www.ginefiv.com\/wp-content\/uploads\/2023\/10\/ovulo-300x300.png 300w, https:\/\/www.ginefiv.com\/wp-content\/uploads\/2023\/10\/ovulo-150x150.png 150w, https:\/\/www.ginefiv.com\/wp-content\/uploads\/2023\/10\/ovulo-420x420.png 420w\" sizes=\"auto, (max-width: 700px) 100vw, 700px\" \/>      <\/picture>             <div class=\"grid-icon__text\">         Cutting edge technology      <\/div>     <\/div>         <div class=\"grid-icon\">             <picture class=\"grid-icon__thumbnail\">         <img loading=\"lazy\" decoding=\"async\" width=\"700\" height=\"700\" src=\"https:\/\/www.ginefiv.com\/wp-content\/uploads\/2023\/10\/medalla.png\" class=\"attachment-large size-large\" alt=\"\" srcset=\"https:\/\/www.ginefiv.com\/wp-content\/uploads\/2023\/10\/medalla.png 700w, https:\/\/www.ginefiv.com\/wp-content\/uploads\/2023\/10\/medalla-300x300.png 300w, https:\/\/www.ginefiv.com\/wp-content\/uploads\/2023\/10\/medalla-150x150.png 150w, https:\/\/www.ginefiv.com\/wp-content\/uploads\/2023\/10\/medalla-420x420.png 420w\" sizes=\"auto, (max-width: 700px) 100vw, 700px\" \/>      <\/picture>             <div class=\"grid-icon__text\">         High success rates      <\/div>     <\/div>         <div class=\"grid-icon\">             <picture class=\"grid-icon__thumbnail\">         <img loading=\"lazy\" decoding=\"async\" width=\"700\" height=\"700\" src=\"https:\/\/www.ginefiv.com\/wp-content\/uploads\/2023\/10\/mano-ok.png\" class=\"attachment-large size-large\" alt=\"\" srcset=\"https:\/\/www.ginefiv.com\/wp-content\/uploads\/2023\/10\/mano-ok.png 700w, https:\/\/www.ginefiv.com\/wp-content\/uploads\/2023\/10\/mano-ok-300x300.png 300w, https:\/\/www.ginefiv.com\/wp-content\/uploads\/2023\/10\/mano-ok-150x150.png 150w, https:\/\/www.ginefiv.com\/wp-content\/uploads\/2023\/10\/mano-ok-420x420.png 420w\" sizes=\"auto, (max-width: 700px) 100vw, 700px\" \/>      <\/picture>             <div class=\"grid-icon__text\">         Affordable prices      <\/div>     <\/div>     <\/section><\/div> <\/div>","protected":false},"excerpt":{"rendered":"<p>Assisted reproduction is a way of helping women who wish to become mothers but are unable to achieve pregnancy naturally,&#8230;<\/p>\n","protected":false},"author":1,"featured_media":1054,"parent":0,"menu_order":0,"comment_status":"closed","ping_status":"closed","template":"","meta":{"_acf_changed":false,"footnotes":""},"class_list":["post-24342","page","type-page","status-publish","has-post-thumbnail","hentry"],"acf":[],"yoast_head":"<!-- This site is optimized with the Yoast SEO plugin v27.0 - https:\/\/yoast.com\/product\/yoast-seo-wordpress\/ -->\n<title>FAQS | Ginefiv Espa\u00f1a<\/title>\n<meta name=\"robots\" content=\"index, follow, max-snippet:-1, max-image-preview:large, max-video-preview:-1\" \/>\n<link rel=\"canonical\" href=\"https:\/\/www.ginefiv.com\/en\/faq\/\" \/>\n<meta property=\"og:locale\" content=\"en_US\" \/>\n<meta property=\"og:type\" content=\"article\" \/>\n<meta property=\"og:title\" content=\"FAQS | Ginefiv Espa\u00f1a\" \/>\n<meta property=\"og:description\" content=\"Assisted reproduction is a way of helping women who wish to become mothers but are unable to achieve pregnancy naturally,...\" \/>\n<meta property=\"og:url\" content=\"https:\/\/www.ginefiv.com\/en\/faq\/\" \/>\n<meta property=\"og:site_name\" content=\"Ginefiv Espa\u00f1a\" \/>\n<meta property=\"article:modified_time\" content=\"2024-08-17T06:59:56+00:00\" \/>\n<meta property=\"og:image\" content=\"https:\/\/www.ginefiv.com\/wp-content\/uploads\/2023\/08\/fondo_faqs-1024x683.png\" \/>\n\t<meta property=\"og:image:width\" content=\"1024\" \/>\n\t<meta property=\"og:image:height\" content=\"683\" \/>\n\t<meta property=\"og:image:type\" content=\"image\/png\" \/>\n<meta name=\"twitter:card\" content=\"summary_large_image\" \/>\n<meta name=\"twitter:label1\" content=\"Est. reading time\" \/>\n\t<meta name=\"twitter:data1\" content=\"2 minutes\" \/>\n<script type=\"application\/ld+json\" class=\"yoast-schema-graph\">{\"@context\":\"https:\/\/schema.org\",\"@graph\":[{\"@type\":\"WebPage\",\"@id\":\"https:\/\/www.ginefiv.com\/en\/faq\/\",\"url\":\"https:\/\/www.ginefiv.com\/en\/faq\/\",\"name\":\"FAQS | Ginefiv Espa\u00f1a\",\"isPartOf\":{\"@id\":\"https:\/\/www.ginefiv.com\/en\/#website\"},\"primaryImageOfPage\":{\"@id\":\"https:\/\/www.ginefiv.com\/en\/faq\/#primaryimage\"},\"image\":{\"@id\":\"https:\/\/www.ginefiv.com\/en\/faq\/#primaryimage\"},\"thumbnailUrl\":\"https:\/\/www.ginefiv.com\/wp-content\/uploads\/2023\/08\/fondo_faqs.png\",\"datePublished\":\"2023-08-08T06:41:03+00:00\",\"dateModified\":\"2024-08-17T06:59:56+00:00\",\"breadcrumb\":{\"@id\":\"https:\/\/www.ginefiv.com\/en\/faq\/#breadcrumb\"},\"inLanguage\":\"en-US\",\"potentialAction\":[{\"@type\":\"ReadAction\",\"target\":[\"https:\/\/www.ginefiv.com\/en\/faq\/\"]}]},{\"@type\":\"ImageObject\",\"inLanguage\":\"en-US\",\"@id\":\"https:\/\/www.ginefiv.com\/en\/faq\/#primaryimage\",\"url\":\"https:\/\/www.ginefiv.com\/wp-content\/uploads\/2023\/08\/fondo_faqs.png\",\"contentUrl\":\"https:\/\/www.ginefiv.com\/wp-content\/uploads\/2023\/08\/fondo_faqs.png\",\"width\":4500,\"height\":3000},{\"@type\":\"BreadcrumbList\",\"@id\":\"https:\/\/www.ginefiv.com\/en\/faq\/#breadcrumb\",\"itemListElement\":[{\"@type\":\"ListItem\",\"position\":1,\"name\":\"Home\",\"item\":\"https:\/\/www.ginefiv.com\/en\/\"},{\"@type\":\"ListItem\",\"position\":2,\"name\":\"FAQS\"}]},{\"@type\":\"WebSite\",\"@id\":\"https:\/\/www.ginefiv.com\/en\/#website\",\"url\":\"https:\/\/www.ginefiv.com\/en\/\",\"name\":\"Ginefiv Espa\u00f1a\",\"description\":\"Ginefiv, tu cl\u00ednica de reproducci\u00f3n asistida. 35 a\u00f1os de experiencia en inseminaci\u00f3n artificial y fecundaci\u00f3n in vitro\",\"publisher\":{\"@id\":\"https:\/\/www.ginefiv.com\/en\/#organization\"},\"potentialAction\":[{\"@type\":\"SearchAction\",\"target\":{\"@type\":\"EntryPoint\",\"urlTemplate\":\"https:\/\/www.ginefiv.com\/en\/?s={search_term_string}\"},\"query-input\":{\"@type\":\"PropertyValueSpecification\",\"valueRequired\":true,\"valueName\":\"search_term_string\"}}],\"inLanguage\":\"en-US\"},{\"@type\":\"Organization\",\"@id\":\"https:\/\/www.ginefiv.com\/en\/#organization\",\"name\":\"Ginefiv\",\"url\":\"https:\/\/www.ginefiv.com\/en\/\",\"logo\":{\"@type\":\"ImageObject\",\"inLanguage\":\"en-US\",\"@id\":\"https:\/\/www.ginefiv.com\/en\/#\/schema\/logo\/image\/\",\"url\":\"https:\/\/www.ginefiv.com\/wp-content\/uploads\/2023\/12\/descarga.png\",\"contentUrl\":\"https:\/\/www.ginefiv.com\/wp-content\/uploads\/2023\/12\/descarga.png\",\"width\":437,\"height\":115,\"caption\":\"Ginefiv\"},\"image\":{\"@id\":\"https:\/\/www.ginefiv.com\/en\/#\/schema\/logo\/image\/\"}}]}<\/script>\n<!-- \/ Yoast SEO plugin. -->","yoast_head_json":{"title":"FAQS | Ginefiv Espa\u00f1a","robots":{"index":"index","follow":"follow","max-snippet":"max-snippet:-1","max-image-preview":"max-image-preview:large","max-video-preview":"max-video-preview:-1"},"canonical":"https:\/\/www.ginefiv.com\/en\/faq\/","og_locale":"en_US","og_type":"article","og_title":"FAQS | Ginefiv Espa\u00f1a","og_description":"Assisted reproduction is a way of helping women who wish to become mothers but are unable to achieve pregnancy naturally,...","og_url":"https:\/\/www.ginefiv.com\/en\/faq\/","og_site_name":"Ginefiv Espa\u00f1a","article_modified_time":"2024-08-17T06:59:56+00:00","og_image":[{"width":1024,"height":683,"url":"https:\/\/www.ginefiv.com\/wp-content\/uploads\/2023\/08\/fondo_faqs-1024x683.png","type":"image\/png"}],"twitter_card":"summary_large_image","twitter_misc":{"Est. reading time":"2 minutes"},"schema":{"@context":"https:\/\/schema.org","@graph":[{"@type":"WebPage","@id":"https:\/\/www.ginefiv.com\/en\/faq\/","url":"https:\/\/www.ginefiv.com\/en\/faq\/","name":"FAQS | Ginefiv Espa\u00f1a","isPartOf":{"@id":"https:\/\/www.ginefiv.com\/en\/#website"},"primaryImageOfPage":{"@id":"https:\/\/www.ginefiv.com\/en\/faq\/#primaryimage"},"image":{"@id":"https:\/\/www.ginefiv.com\/en\/faq\/#primaryimage"},"thumbnailUrl":"https:\/\/www.ginefiv.com\/wp-content\/uploads\/2023\/08\/fondo_faqs.png","datePublished":"2023-08-08T06:41:03+00:00","dateModified":"2024-08-17T06:59:56+00:00","breadcrumb":{"@id":"https:\/\/www.ginefiv.com\/en\/faq\/#breadcrumb"},"inLanguage":"en-US","potentialAction":[{"@type":"ReadAction","target":["https:\/\/www.ginefiv.com\/en\/faq\/"]}]},{"@type":"ImageObject","inLanguage":"en-US","@id":"https:\/\/www.ginefiv.com\/en\/faq\/#primaryimage","url":"https:\/\/www.ginefiv.com\/wp-content\/uploads\/2023\/08\/fondo_faqs.png","contentUrl":"https:\/\/www.ginefiv.com\/wp-content\/uploads\/2023\/08\/fondo_faqs.png","width":4500,"height":3000},{"@type":"BreadcrumbList","@id":"https:\/\/www.ginefiv.com\/en\/faq\/#breadcrumb","itemListElement":[{"@type":"ListItem","position":1,"name":"Home","item":"https:\/\/www.ginefiv.com\/en\/"},{"@type":"ListItem","position":2,"name":"FAQS"}]},{"@type":"WebSite","@id":"https:\/\/www.ginefiv.com\/en\/#website","url":"https:\/\/www.ginefiv.com\/en\/","name":"Ginefiv Espa\u00f1a","description":"Ginefiv, tu cl\u00ednica de reproducci\u00f3n asistida. 35 a\u00f1os de experiencia en inseminaci\u00f3n artificial y fecundaci\u00f3n in vitro","publisher":{"@id":"https:\/\/www.ginefiv.com\/en\/#organization"},"potentialAction":[{"@type":"SearchAction","target":{"@type":"EntryPoint","urlTemplate":"https:\/\/www.ginefiv.com\/en\/?s={search_term_string}"},"query-input":{"@type":"PropertyValueSpecification","valueRequired":true,"valueName":"search_term_string"}}],"inLanguage":"en-US"},{"@type":"Organization","@id":"https:\/\/www.ginefiv.com\/en\/#organization","name":"Ginefiv","url":"https:\/\/www.ginefiv.com\/en\/","logo":{"@type":"ImageObject","inLanguage":"en-US","@id":"https:\/\/www.ginefiv.com\/en\/#\/schema\/logo\/image\/","url":"https:\/\/www.ginefiv.com\/wp-content\/uploads\/2023\/12\/descarga.png","contentUrl":"https:\/\/www.ginefiv.com\/wp-content\/uploads\/2023\/12\/descarga.png","width":437,"height":115,"caption":"Ginefiv"},"image":{"@id":"https:\/\/www.ginefiv.com\/en\/#\/schema\/logo\/image\/"}}]}},"_links":{"self":[{"href":"https:\/\/www.ginefiv.com\/en\/wp-json\/wp\/v2\/pages\/24342","targetHints":{"allow":["GET"]}}],"collection":[{"href":"https:\/\/www.ginefiv.com\/en\/wp-json\/wp\/v2\/pages"}],"about":[{"href":"https:\/\/www.ginefiv.com\/en\/wp-json\/wp\/v2\/types\/page"}],"author":[{"embeddable":true,"href":"https:\/\/www.ginefiv.com\/en\/wp-json\/wp\/v2\/users\/1"}],"replies":[{"embeddable":true,"href":"https:\/\/www.ginefiv.com\/en\/wp-json\/wp\/v2\/comments?post=24342"}],"version-history":[{"count":0,"href":"https:\/\/www.ginefiv.com\/en\/wp-json\/wp\/v2\/pages\/24342\/revisions"}],"wp:featuredmedia":[{"embeddable":true,"href":"https:\/\/www.ginefiv.com\/en\/wp-json\/wp\/v2\/media\/1054"}],"wp:attachment":[{"href":"https:\/\/www.ginefiv.com\/en\/wp-json\/wp\/v2\/media?parent=24342"}],"curies":[{"name":"wp","href":"https:\/\/api.w.org\/{rel}","templated":true}]}}