











{"id":32380,"date":"2024-08-17T06:08:16","date_gmt":"2024-08-17T06:08:16","guid":{"rendered":"https:\/\/www.ginefiv.com\/?page_id=32380"},"modified":"2024-09-06T10:53:31","modified_gmt":"2024-09-06T10:53:31","slug":"during-treatment","status":"publish","type":"page","link":"https:\/\/www.ginefiv.com\/en\/faq\/during-treatment\/","title":{"rendered":"FAQs during assisted reproduction"},"content":{"rendered":"<div class=\"wp-block-cover alignfull\" style=\"min-height:80vh;aspect-ratio:unset;\"><span aria-hidden=\"true\" class=\"wp-block-cover__background has-background-dim-40 has-background-dim\"><\/span><img loading=\"lazy\" decoding=\"async\" width=\"1444\" height=\"970\" src=\"https:\/\/www.ginefiv.com\/wp-content\/uploads\/2023\/08\/antes-tratamiento.webp\" class=\"wp-block-cover__image-background wp-post-image\" alt=\"\" data-object-fit=\"cover\" srcset=\"https:\/\/www.ginefiv.com\/wp-content\/uploads\/2023\/08\/antes-tratamiento.webp 1444w, https:\/\/www.ginefiv.com\/wp-content\/uploads\/2023\/08\/antes-tratamiento-300x202.webp 300w, https:\/\/www.ginefiv.com\/wp-content\/uploads\/2023\/08\/antes-tratamiento-1024x688.webp 1024w, https:\/\/www.ginefiv.com\/wp-content\/uploads\/2023\/08\/antes-tratamiento-768x516.webp 768w\" sizes=\"auto, (max-width: 1444px) 100vw, 1444px\" \/><div class=\"wp-block-cover__inner-container is-layout-constrained wp-block-cover-is-layout-constrained\"> <div class=\"wp-block-columns is-layout-flex wp-container-core-columns-is-layout-28f84493 wp-block-columns-is-layout-flex\"> <div class=\"wp-block-column is-layout-flow wp-block-column-is-layout-flow\" style=\"flex-basis:60%\"> <h1 class=\"wp-block-heading\">FAQs during assisted reproduction<\/h1>    <p>In this section we will try to answer the <strong>most common questions<\/strong> that are asked<br><strong>during an assisted reproduction treatment<\/strong>.<\/p> <\/div>    <div class=\"wp-block-column is-layout-flow wp-block-column-is-layout-flow\"><\/div> <\/div> <\/div><\/div>    <section class=\"wp-block-breadcrumbs\">   <div class=\"content-wrapper\">     <ul>                   <li>               <a href=\"https:\/\/www.ginefiv.com\/en\/\" title=\"Ginefiv Espa\u00f1a\">                 Ginefiv              <\/a>             <\/li>                         <li>               <span class=\"current\" title=\"FAQs during assisted reproduction\">                 FAQs during assisted reproduction              <\/span>             <\/li>                 <\/ul>   <\/div> <\/section>    <div class=\"wp-block-columns is-layout-flex wp-container-core-columns-is-layout-28f84493 wp-block-columns-is-layout-flex\"> <div class=\"wp-block-column is-layout-flow wp-block-column-is-layout-flow\" style=\"flex-basis:33.33%\"> <section class=\"tienes-dudas\">    <h3 class=\"wp-block-heading pb-4\">     Do you have questions?  <\/h3>    <a class=\"chip mb-4\" href=\"tel:900 908 988\" target=\"_blank\">     <picture>       <img decoding=\"async\" class=\"d-block\" src=\"https:\/\/www.ginefiv.com\/wp-content\/themes\/wac-theme\/assets\/images\/icons\/clinic_phone.webp\" alt=\"\">     <\/picture>     <p>       Ll\u00e1manos gratis al <br><strong>900 908 988<\/strong>    <\/p>   <\/a>    <a class=\"chip mb-4\" href=\"https:\/\/www.ginefiv.com\/en\/clinics\/\" target=\"_blank\">     <picture>       <img decoding=\"async\" class=\"d-block\" src=\"https:\/\/www.ginefiv.com\/wp-content\/themes\/wac-theme\/assets\/images\/icons\/clinic_address.webp\" alt=\"\">     <\/picture>     <p>       <strong>         Visit us in      <\/strong>       <strong>         our Ginefiv clinics      <\/strong>     <\/p>   <\/a>    <a class=\"chip\" href=\"https:\/\/www.ginefiv.com\/en\/book-an-appointment\/\" target=\"_blank\">     <picture>       <img decoding=\"async\" class=\"d-block\" src=\"https:\/\/www.ginefiv.com\/wp-content\/themes\/wac-theme\/assets\/images\/icons\/clinic_schedule.webp\" alt=\"\">     <\/picture>     <p>       <strong>         Ask for an      <\/strong>       <strong>         appointment with Ginefiv      <\/strong>     <\/p>   <\/a>  <\/section><\/div>    <div class=\"wp-block-column is-layout-flow wp-block-column-is-layout-flow\" style=\"flex-basis:66.66%\"> <section class=\"faq-accordion\">  <article data-item-id=\"faq-32031\" class=\"faq-accordion__item accordion__item\">   <header class=\"accordion__title\">     <h3 class=\"wp-block-heading\">       How many eggs are usually extracted and how many embryos need to be obtained?    <\/h3>   <\/header>   <div class=\"accordion__content\">     <div class=\"accordion__content-inner\">       <p>It\u2019s important to know that not necessarily all follicles will contain an egg and that some of the eggs obtained will not be suitable for fertilisation.<\/p> <p>The <strong>number of eggs<\/strong> we obtain can vary a lot depending on factors such as age, possible pathologies and response to treatment. The average number of eggs obtained is between 5 and 10 (and between 3 and 6 fertilised embryos) in women aged under 35.<\/p> <p>Even when we transfer only a single embryo to the uterus, there is still a possibility of pregnancy, so there is no need to worry that the number of eggs we obtain or the number of fertilised embryos is low<\/p>    <\/div>   <\/div> <\/article><article data-item-id=\"faq-32026\" class=\"faq-accordion__item accordion__item\">   <header class=\"accordion__title\">     <h3 class=\"wp-block-heading\">       Will I always be seen by the same gynaecologist?    <\/h3>   <\/header>   <div class=\"accordion__content\">     <div class=\"accordion__content-inner\">       <p><strong>We will assign you a specialist who will handle your case<\/strong>, depending on the specific issue causing your infertility. During your assisted reproduction treatment, we will do all we can to always book your appointments with the same doctor. However, you need to be aware that, due to our ample consultation opening times, it would be difficult for you to see the same doctor throughout the entire process. In any case, the progress of your case will be constantly monitored and supervised by your assigned specialist throughout the whole assisted reproduction treatment and the entire <a href=\"https:\/\/www.ginefiv.com\/en\/team\/\">Ginefiv medical team<\/a> will do the same in clinical sessions<\/p>    <\/div>   <\/div> <\/article><article data-item-id=\"faq-32027\" class=\"faq-accordion__item accordion__item\">   <header class=\"accordion__title\">     <h3 class=\"wp-block-heading\">       What are the main techniques of assisted reproduction?    <\/h3>   <\/header>   <div class=\"accordion__content\">     <div class=\"accordion__content-inner\">       <p>The main techniques of assisted reproduction are artificial insemination and in vitro fertilisation (IVF). Within IVF, we need to differentiate between conventional IVF and <a href=\"https:\/\/www.ginefiv.com\/en\/assisted-reproduction\/icsi\/\">ICSI (sperm microinjection)<\/a>. For more information, visit our section on assisted reproduction treatments.<\/p>    <\/div>   <\/div> <\/article><article data-item-id=\"faq-32028\" class=\"faq-accordion__item accordion__item\">   <header class=\"accordion__title\">     <h3 class=\"wp-block-heading\">       What are the differences between artificial insemination and IVF? Which is better?    <\/h3>   <\/header>   <div class=\"accordion__content\">     <div class=\"accordion__content-inner\">       <p>They are distinct techniques and each one is suitable for specific cases.<\/p> <p><a href=\"https:\/\/www.ginefiv.com\/en\/assisted-reproduction\/artificial-insemination\/\">Artificial insemination<\/a> is <strong>simpler<\/strong> and it consists of depositing spermatozoa, which have been previously selected and improved in the lab, into the woman\u2019s uterus at the optimum point of ovulation.<\/p> <p><a href=\"https:\/\/www.ginefiv.com\/en\/assisted-reproduction\/in-vitro-fertilization\/\">IVF<\/a> is <strong>more complex<\/strong> because it first requires an egg retrieval process to extract the woman\u2019s oocytes. These are then fertilised with the spermatozoa in the lab and developed for 2 to 5 days in special incubators. The resulting embryos are then deposited in the uterus with the expectation that the natural pregnancy process will continue.<\/p>    <\/div>   <\/div> <\/article><article data-item-id=\"faq-32029\" class=\"faq-accordion__item accordion__item\">   <header class=\"accordion__title\">     <h3 class=\"wp-block-heading\">       Are these treatments painful?    <\/h3>   <\/header>   <div class=\"accordion__content\">     <div class=\"accordion__content-inner\">       <p><a href=\"https:\/\/www.ginefiv.com\/en\/assisted-reproduction\/\">Assisted reproduction treatments<\/a> involve highly tolerable processes which shouldn&#8217;t be a cause for pain. The patient is responsible for the subcutaneous administration of all their medication.<\/p> <p>Artificial insemination is a simple procedure which is carried out in the consultancy and does not require anaesthesia. And in the case of IVF, <a href=\"https:\/\/www.ginefiv.com\/en\/assisted-reproduction\/egg-retrieval\/\">ovarian puncture (egg retrieval)<\/a> is the most invasive procedure, but it is painless as it is performed under sedation in surgery.<\/p> <p><a href=\"https:\/\/www.ginefiv.com\/en\/assisted-reproduction\/blastocyst-transfer\/\">Embryo transfer<\/a> is performed using ultrasound guidance and is no more uncomfortable than a pap smear in a routine gynaecological check-up.<\/p>    <\/div>   <\/div> <\/article><article data-item-id=\"faq-32030\" class=\"faq-accordion__item accordion__item\">   <header class=\"accordion__title\">     <h3 class=\"wp-block-heading\">       What availability do these treatments require? Will I have to take many days off work?    <\/h3>   <\/header>   <div class=\"accordion__content\">     <div class=\"accordion__content-inner\">       <p><strong>For artificial insemination:<\/strong><\/p> <p><strong>During an artificial insemination cycle<\/strong>, you will have to come to the clinic <strong>3 to 5 times<\/strong> for tests to be run. The duration of each consultation is usually around 15 minutes. On the day of the artificial insemination, if your partner is the person providing the sperm sample, they will need to provide it a minimum of 2 hours before the procedure is performed. Artificial insemination is a process which also takes about 15 minutes and it does not require special rest on the day itself or those that follow, so you can go to work with no problems, avoiding over-exertions. Thanks to the ample opening times of our consultancies, you can come along for your check- ups and artificial insemination outside of your working hours.<\/p> <p><strong>For IVF:<\/strong><\/p> <p>During IVF treatment, you will have to <strong>come to the clinic for check-ups 3 to 5 times<\/strong>, depending on the timeline being used. The duration of each consultation is usually around 15 minutes. On the day of egg retrieval, your partner must provide the sperm sample and you will spend 30 minutes in surgery, after which you can go home. 3-5 days later you have to return to the clinic for the embryo transfer. This takes about 15 minutes and then we advise a rest period of about 24 hours. After that, until you know whether or not you are pregnant (approximately 15 days), you can work as normal.<\/p> <p><strong>**<\/strong> If you are from outside of Madrid, you should know that <strong>you will not need to spend any nights in Madrid<\/strong>. Cycle check-ups can be performed in our centre or with any gynaecologist in your area who knows about these treatments. Therefore, you will only need to come to Madrid on the day of egg extraction and on the day of embryo transfer<\/p>    <\/div>   <\/div> <\/article><article data-item-id=\"faq-32032\" class=\"faq-accordion__item accordion__item\">   <header class=\"accordion__title\">     <h3 class=\"wp-block-heading\">       I\u2019m having a tough time with the whole process: I\u2019m really nervous. What can I do?    <\/h3>   <\/header>   <div class=\"accordion__content\">     <div class=\"accordion__content-inner\">       <p>Assisted reproduction techniques involve <strong>complex process<\/strong> which will affect aspects of your personal life and that of your partner. You may have doubts and fears which run parallel to feelings of great excitement and impatience.<\/p> <p>Ginefiv offers its patients a Patient Care Service that will handle the situation, guide you through it, resolve any of your doubts and answer any questions you may have about <strong>assisted reproduction<\/strong>, relying on its extensive experience. We also offer a <a href=\"https:\/\/www.ginefiv.com\/en\/assisted-reproduction\/psychology-and-fertility\/\">free psychological care service to all our patients<\/a>, with the objective of helping them to handle the assisted reproduction treatment as well as they can, reducing any anxiety they may have regarding the process<\/p>    <\/div>   <\/div> <\/article> <\/section>  <\/div> <\/div>    <div class=\"wp-block-columns alignfull has-turquoise-teal-background-color has-background is-layout-flex wp-container-core-columns-is-layout-28f84493 wp-block-columns-is-layout-flex\"> <div class=\"wp-block-column is-layout-flow wp-block-column-is-layout-flow\"> <section class=\"grid-icons-block content-wrapper\">        <div class=\"grid-icon\">             <picture class=\"grid-icon__thumbnail\">         <img loading=\"lazy\" decoding=\"async\" width=\"700\" height=\"700\" src=\"https:\/\/www.ginefiv.com\/wp-content\/uploads\/2023\/10\/35anos.png\" class=\"attachment-large size-large\" alt=\"\" srcset=\"https:\/\/www.ginefiv.com\/wp-content\/uploads\/2023\/10\/35anos.png 700w, https:\/\/www.ginefiv.com\/wp-content\/uploads\/2023\/10\/35anos-300x300.png 300w, https:\/\/www.ginefiv.com\/wp-content\/uploads\/2023\/10\/35anos-150x150.png 150w, https:\/\/www.ginefiv.com\/wp-content\/uploads\/2023\/10\/35anos-420x420.png 420w\" sizes=\"auto, (max-width: 700px) 100vw, 700px\" \/>      <\/picture>             <div class=\"grid-icon__text\">         35 years of experience      <\/div>     <\/div>         <div class=\"grid-icon\">             <picture class=\"grid-icon__thumbnail\">         <img loading=\"lazy\" decoding=\"async\" width=\"700\" height=\"700\" src=\"https:\/\/www.ginefiv.com\/wp-content\/uploads\/2023\/10\/mano-cruz.png\" class=\"attachment-large size-large\" alt=\"\" srcset=\"https:\/\/www.ginefiv.com\/wp-content\/uploads\/2023\/10\/mano-cruz.png 700w, https:\/\/www.ginefiv.com\/wp-content\/uploads\/2023\/10\/mano-cruz-300x300.png 300w, https:\/\/www.ginefiv.com\/wp-content\/uploads\/2023\/10\/mano-cruz-150x150.png 150w, https:\/\/www.ginefiv.com\/wp-content\/uploads\/2023\/10\/mano-cruz-420x420.png 420w\" sizes=\"auto, (max-width: 700px) 100vw, 700px\" \/>      <\/picture>             <div class=\"grid-icon__text\">         Safety Guaranteed      <\/div>     <\/div>         <div class=\"grid-icon\">             <picture class=\"grid-icon__thumbnail\">         <img loading=\"lazy\" decoding=\"async\" width=\"700\" height=\"700\" src=\"https:\/\/www.ginefiv.com\/wp-content\/uploads\/2023\/10\/auriculares.png\" class=\"attachment-large size-large\" alt=\"\" srcset=\"https:\/\/www.ginefiv.com\/wp-content\/uploads\/2023\/10\/auriculares.png 700w, https:\/\/www.ginefiv.com\/wp-content\/uploads\/2023\/10\/auriculares-300x300.png 300w, https:\/\/www.ginefiv.com\/wp-content\/uploads\/2023\/10\/auriculares-150x150.png 150w, https:\/\/www.ginefiv.com\/wp-content\/uploads\/2023\/10\/auriculares-420x420.png 420w\" sizes=\"auto, (max-width: 700px) 100vw, 700px\" \/>      <\/picture>             <div class=\"grid-icon__text\">         Top quality care      <\/div>     <\/div>         <div class=\"grid-icon\">             <picture class=\"grid-icon__thumbnail\">         <img loading=\"lazy\" decoding=\"async\" width=\"700\" height=\"700\" src=\"https:\/\/www.ginefiv.com\/wp-content\/uploads\/2023\/10\/ovulo.png\" class=\"attachment-large size-large\" alt=\"\" srcset=\"https:\/\/www.ginefiv.com\/wp-content\/uploads\/2023\/10\/ovulo.png 700w, https:\/\/www.ginefiv.com\/wp-content\/uploads\/2023\/10\/ovulo-300x300.png 300w, https:\/\/www.ginefiv.com\/wp-content\/uploads\/2023\/10\/ovulo-150x150.png 150w, https:\/\/www.ginefiv.com\/wp-content\/uploads\/2023\/10\/ovulo-420x420.png 420w\" sizes=\"auto, (max-width: 700px) 100vw, 700px\" \/>      <\/picture>             <div class=\"grid-icon__text\">         Cutting edge technology      <\/div>     <\/div>         <div class=\"grid-icon\">             <picture class=\"grid-icon__thumbnail\">         <img loading=\"lazy\" decoding=\"async\" width=\"700\" height=\"700\" src=\"https:\/\/www.ginefiv.com\/wp-content\/uploads\/2023\/10\/medalla.png\" class=\"attachment-large size-large\" alt=\"\" srcset=\"https:\/\/www.ginefiv.com\/wp-content\/uploads\/2023\/10\/medalla.png 700w, https:\/\/www.ginefiv.com\/wp-content\/uploads\/2023\/10\/medalla-300x300.png 300w, https:\/\/www.ginefiv.com\/wp-content\/uploads\/2023\/10\/medalla-150x150.png 150w, https:\/\/www.ginefiv.com\/wp-content\/uploads\/2023\/10\/medalla-420x420.png 420w\" sizes=\"auto, (max-width: 700px) 100vw, 700px\" \/>      <\/picture>             <div class=\"grid-icon__text\">         High success rates      <\/div>     <\/div>         <div class=\"grid-icon\">             <picture class=\"grid-icon__thumbnail\">         <img loading=\"lazy\" decoding=\"async\" width=\"700\" height=\"700\" src=\"https:\/\/www.ginefiv.com\/wp-content\/uploads\/2023\/10\/mano-ok.png\" class=\"attachment-large size-large\" alt=\"\" srcset=\"https:\/\/www.ginefiv.com\/wp-content\/uploads\/2023\/10\/mano-ok.png 700w, https:\/\/www.ginefiv.com\/wp-content\/uploads\/2023\/10\/mano-ok-300x300.png 300w, https:\/\/www.ginefiv.com\/wp-content\/uploads\/2023\/10\/mano-ok-150x150.png 150w, https:\/\/www.ginefiv.com\/wp-content\/uploads\/2023\/10\/mano-ok-420x420.png 420w\" sizes=\"auto, (max-width: 700px) 100vw, 700px\" \/>      <\/picture>             <div class=\"grid-icon__text\">         Affordable prices      <\/div>     <\/div>     <\/section><\/div> <\/div>","protected":false},"excerpt":{"rendered":"","protected":false},"author":1,"featured_media":1047,"parent":24342,"menu_order":0,"comment_status":"closed","ping_status":"closed","template":"page-templates\/faqs.php","meta":{"_acf_changed":false,"footnotes":""},"class_list":["post-32380","page","type-page","status-publish","has-post-thumbnail","hentry"],"acf":[],"yoast_head":"<!-- This site is optimized with the Yoast SEO plugin v27.0 - https:\/\/yoast.com\/product\/yoast-seo-wordpress\/ -->\n<title>FAQs during assisted reproduction | Ginefiv Espa\u00f1a<\/title>\n<meta name=\"robots\" content=\"index, follow, max-snippet:-1, max-image-preview:large, max-video-preview:-1\" \/>\n<link rel=\"canonical\" href=\"https:\/\/www.ginefiv.com\/en\/faq\/during-treatment\/\" \/>\n<meta property=\"og:locale\" content=\"en_US\" \/>\n<meta property=\"og:type\" content=\"article\" \/>\n<meta property=\"og:title\" content=\"FAQs during assisted reproduction | Ginefiv Espa\u00f1a\" \/>\n<meta property=\"og:url\" content=\"https:\/\/www.ginefiv.com\/en\/faq\/during-treatment\/\" \/>\n<meta property=\"og:site_name\" content=\"Ginefiv Espa\u00f1a\" \/>\n<meta property=\"article:modified_time\" content=\"2024-09-06T10:53:31+00:00\" \/>\n<meta property=\"og:image\" content=\"https:\/\/www.ginefiv.com\/wp-content\/uploads\/2023\/08\/antes-tratamiento.webp\" \/>\n\t<meta property=\"og:image:width\" content=\"1444\" \/>\n\t<meta property=\"og:image:height\" content=\"970\" \/>\n\t<meta property=\"og:image:type\" content=\"image\/webp\" \/>\n<meta name=\"twitter:card\" content=\"summary_large_image\" \/>\n<meta name=\"twitter:label1\" content=\"Est. reading time\" \/>\n\t<meta name=\"twitter:data1\" content=\"1 minute\" \/>\n<script type=\"application\/ld+json\" class=\"yoast-schema-graph\">{\"@context\":\"https:\/\/schema.org\",\"@graph\":[{\"@type\":\"WebPage\",\"@id\":\"https:\/\/www.ginefiv.com\/en\/faq\/during-treatment\/\",\"url\":\"https:\/\/www.ginefiv.com\/en\/faq\/during-treatment\/\",\"name\":\"FAQs during assisted reproduction | Ginefiv Espa\u00f1a\",\"isPartOf\":{\"@id\":\"https:\/\/www.ginefiv.com\/en\/#website\"},\"primaryImageOfPage\":{\"@id\":\"https:\/\/www.ginefiv.com\/en\/faq\/during-treatment\/#primaryimage\"},\"image\":{\"@id\":\"https:\/\/www.ginefiv.com\/en\/faq\/during-treatment\/#primaryimage\"},\"thumbnailUrl\":\"https:\/\/www.ginefiv.com\/wp-content\/uploads\/2023\/08\/antes-tratamiento.webp\",\"datePublished\":\"2024-08-17T06:08:16+00:00\",\"dateModified\":\"2024-09-06T10:53:31+00:00\",\"breadcrumb\":{\"@id\":\"https:\/\/www.ginefiv.com\/en\/faq\/during-treatment\/#breadcrumb\"},\"inLanguage\":\"en-US\",\"potentialAction\":[{\"@type\":\"ReadAction\",\"target\":[\"https:\/\/www.ginefiv.com\/en\/faq\/during-treatment\/\"]}]},{\"@type\":\"ImageObject\",\"inLanguage\":\"en-US\",\"@id\":\"https:\/\/www.ginefiv.com\/en\/faq\/during-treatment\/#primaryimage\",\"url\":\"https:\/\/www.ginefiv.com\/wp-content\/uploads\/2023\/08\/antes-tratamiento.webp\",\"contentUrl\":\"https:\/\/www.ginefiv.com\/wp-content\/uploads\/2023\/08\/antes-tratamiento.webp\",\"width\":1444,\"height\":970},{\"@type\":\"BreadcrumbList\",\"@id\":\"https:\/\/www.ginefiv.com\/en\/faq\/during-treatment\/#breadcrumb\",\"itemListElement\":[{\"@type\":\"ListItem\",\"position\":1,\"name\":\"Home\",\"item\":\"https:\/\/www.ginefiv.com\/en\/\"},{\"@type\":\"ListItem\",\"position\":2,\"name\":\"FAQS\",\"item\":\"https:\/\/www.ginefiv.com\/en\/faq\/\"},{\"@type\":\"ListItem\",\"position\":3,\"name\":\"FAQs during assisted reproduction\"}]},{\"@type\":\"WebSite\",\"@id\":\"https:\/\/www.ginefiv.com\/en\/#website\",\"url\":\"https:\/\/www.ginefiv.com\/en\/\",\"name\":\"Ginefiv Espa\u00f1a\",\"description\":\"Ginefiv, tu cl\u00ednica de reproducci\u00f3n asistida. 35 a\u00f1os de experiencia en inseminaci\u00f3n artificial y fecundaci\u00f3n in vitro\",\"publisher\":{\"@id\":\"https:\/\/www.ginefiv.com\/en\/#organization\"},\"potentialAction\":[{\"@type\":\"SearchAction\",\"target\":{\"@type\":\"EntryPoint\",\"urlTemplate\":\"https:\/\/www.ginefiv.com\/en\/?s={search_term_string}\"},\"query-input\":{\"@type\":\"PropertyValueSpecification\",\"valueRequired\":true,\"valueName\":\"search_term_string\"}}],\"inLanguage\":\"en-US\"},{\"@type\":\"Organization\",\"@id\":\"https:\/\/www.ginefiv.com\/en\/#organization\",\"name\":\"Ginefiv\",\"url\":\"https:\/\/www.ginefiv.com\/en\/\",\"logo\":{\"@type\":\"ImageObject\",\"inLanguage\":\"en-US\",\"@id\":\"https:\/\/www.ginefiv.com\/en\/#\/schema\/logo\/image\/\",\"url\":\"https:\/\/www.ginefiv.com\/wp-content\/uploads\/2023\/12\/descarga.png\",\"contentUrl\":\"https:\/\/www.ginefiv.com\/wp-content\/uploads\/2023\/12\/descarga.png\",\"width\":437,\"height\":115,\"caption\":\"Ginefiv\"},\"image\":{\"@id\":\"https:\/\/www.ginefiv.com\/en\/#\/schema\/logo\/image\/\"}}]}<\/script>\n<!-- \/ Yoast SEO plugin. -->","yoast_head_json":{"title":"FAQs during assisted reproduction | Ginefiv Espa\u00f1a","robots":{"index":"index","follow":"follow","max-snippet":"max-snippet:-1","max-image-preview":"max-image-preview:large","max-video-preview":"max-video-preview:-1"},"canonical":"https:\/\/www.ginefiv.com\/en\/faq\/during-treatment\/","og_locale":"en_US","og_type":"article","og_title":"FAQs during assisted reproduction | Ginefiv Espa\u00f1a","og_url":"https:\/\/www.ginefiv.com\/en\/faq\/during-treatment\/","og_site_name":"Ginefiv Espa\u00f1a","article_modified_time":"2024-09-06T10:53:31+00:00","og_image":[{"width":1444,"height":970,"url":"https:\/\/www.ginefiv.com\/wp-content\/uploads\/2023\/08\/antes-tratamiento.webp","type":"image\/webp"}],"twitter_card":"summary_large_image","twitter_misc":{"Est. reading time":"1 minute"},"schema":{"@context":"https:\/\/schema.org","@graph":[{"@type":"WebPage","@id":"https:\/\/www.ginefiv.com\/en\/faq\/during-treatment\/","url":"https:\/\/www.ginefiv.com\/en\/faq\/during-treatment\/","name":"FAQs during assisted reproduction | Ginefiv Espa\u00f1a","isPartOf":{"@id":"https:\/\/www.ginefiv.com\/en\/#website"},"primaryImageOfPage":{"@id":"https:\/\/www.ginefiv.com\/en\/faq\/during-treatment\/#primaryimage"},"image":{"@id":"https:\/\/www.ginefiv.com\/en\/faq\/during-treatment\/#primaryimage"},"thumbnailUrl":"https:\/\/www.ginefiv.com\/wp-content\/uploads\/2023\/08\/antes-tratamiento.webp","datePublished":"2024-08-17T06:08:16+00:00","dateModified":"2024-09-06T10:53:31+00:00","breadcrumb":{"@id":"https:\/\/www.ginefiv.com\/en\/faq\/during-treatment\/#breadcrumb"},"inLanguage":"en-US","potentialAction":[{"@type":"ReadAction","target":["https:\/\/www.ginefiv.com\/en\/faq\/during-treatment\/"]}]},{"@type":"ImageObject","inLanguage":"en-US","@id":"https:\/\/www.ginefiv.com\/en\/faq\/during-treatment\/#primaryimage","url":"https:\/\/www.ginefiv.com\/wp-content\/uploads\/2023\/08\/antes-tratamiento.webp","contentUrl":"https:\/\/www.ginefiv.com\/wp-content\/uploads\/2023\/08\/antes-tratamiento.webp","width":1444,"height":970},{"@type":"BreadcrumbList","@id":"https:\/\/www.ginefiv.com\/en\/faq\/during-treatment\/#breadcrumb","itemListElement":[{"@type":"ListItem","position":1,"name":"Home","item":"https:\/\/www.ginefiv.com\/en\/"},{"@type":"ListItem","position":2,"name":"FAQS","item":"https:\/\/www.ginefiv.com\/en\/faq\/"},{"@type":"ListItem","position":3,"name":"FAQs during assisted reproduction"}]},{"@type":"WebSite","@id":"https:\/\/www.ginefiv.com\/en\/#website","url":"https:\/\/www.ginefiv.com\/en\/","name":"Ginefiv Espa\u00f1a","description":"Ginefiv, tu cl\u00ednica de reproducci\u00f3n asistida. 35 a\u00f1os de experiencia en inseminaci\u00f3n artificial y fecundaci\u00f3n in vitro","publisher":{"@id":"https:\/\/www.ginefiv.com\/en\/#organization"},"potentialAction":[{"@type":"SearchAction","target":{"@type":"EntryPoint","urlTemplate":"https:\/\/www.ginefiv.com\/en\/?s={search_term_string}"},"query-input":{"@type":"PropertyValueSpecification","valueRequired":true,"valueName":"search_term_string"}}],"inLanguage":"en-US"},{"@type":"Organization","@id":"https:\/\/www.ginefiv.com\/en\/#organization","name":"Ginefiv","url":"https:\/\/www.ginefiv.com\/en\/","logo":{"@type":"ImageObject","inLanguage":"en-US","@id":"https:\/\/www.ginefiv.com\/en\/#\/schema\/logo\/image\/","url":"https:\/\/www.ginefiv.com\/wp-content\/uploads\/2023\/12\/descarga.png","contentUrl":"https:\/\/www.ginefiv.com\/wp-content\/uploads\/2023\/12\/descarga.png","width":437,"height":115,"caption":"Ginefiv"},"image":{"@id":"https:\/\/www.ginefiv.com\/en\/#\/schema\/logo\/image\/"}}]}},"_links":{"self":[{"href":"https:\/\/www.ginefiv.com\/en\/wp-json\/wp\/v2\/pages\/32380","targetHints":{"allow":["GET"]}}],"collection":[{"href":"https:\/\/www.ginefiv.com\/en\/wp-json\/wp\/v2\/pages"}],"about":[{"href":"https:\/\/www.ginefiv.com\/en\/wp-json\/wp\/v2\/types\/page"}],"author":[{"embeddable":true,"href":"https:\/\/www.ginefiv.com\/en\/wp-json\/wp\/v2\/users\/1"}],"replies":[{"embeddable":true,"href":"https:\/\/www.ginefiv.com\/en\/wp-json\/wp\/v2\/comments?post=32380"}],"version-history":[{"count":0,"href":"https:\/\/www.ginefiv.com\/en\/wp-json\/wp\/v2\/pages\/32380\/revisions"}],"up":[{"embeddable":true,"href":"https:\/\/www.ginefiv.com\/en\/wp-json\/wp\/v2\/pages\/24342"}],"wp:featuredmedia":[{"embeddable":true,"href":"https:\/\/www.ginefiv.com\/en\/wp-json\/wp\/v2\/media\/1047"}],"wp:attachment":[{"href":"https:\/\/www.ginefiv.com\/en\/wp-json\/wp\/v2\/media?parent=32380"}],"curies":[{"name":"wp","href":"https:\/\/api.w.org\/{rel}","templated":true}]}}