











{"id":12885,"date":"2023-12-14T07:54:56","date_gmt":"2023-12-14T07:54:56","guid":{"rendered":"https:\/\/www.ginefiv.com\/?page_id=12885"},"modified":"2026-01-13T17:33:50","modified_gmt":"2026-01-13T17:33:50","slug":"nos-prochains-rendez-vous-en-france","status":"publish","type":"page","link":"https:\/\/www.ginefiv.com\/fr\/nos-prochains-rendez-vous-en-france\/","title":{"rendered":"Nos prochains rendez-vous en France"},"content":{"rendered":"<div class=\"wp-block-cover\" style=\"min-height:240px;aspect-ratio:unset;\"><img loading=\"lazy\" decoding=\"async\" width=\"1280\" height=\"359\" class=\"wp-block-cover__image-background wp-image-12886\" alt=\"\" src=\"https:\/\/www.ginefiv.com\/wp-content\/uploads\/2023\/12\/hands-on1.webp\" style=\"object-position:51% 0%\" data-object-fit=\"cover\" data-object-position=\"51% 0%\" srcset=\"https:\/\/www.ginefiv.com\/wp-content\/uploads\/2023\/12\/hands-on1.webp 1280w, https:\/\/www.ginefiv.com\/wp-content\/uploads\/2023\/12\/hands-on1-300x84.webp 300w, https:\/\/www.ginefiv.com\/wp-content\/uploads\/2023\/12\/hands-on1-1024x287.webp 1024w, https:\/\/www.ginefiv.com\/wp-content\/uploads\/2023\/12\/hands-on1-768x215.webp 768w\" sizes=\"auto, (max-width: 1280px) 100vw, 1280px\" \/><span aria-hidden=\"true\" class=\"wp-block-cover__background has-background-dim-30 has-background-dim\"><\/span><div class=\"wp-block-cover__inner-container is-layout-constrained wp-block-cover-is-layout-constrained\"> <p class=\"has-text-align-center has-large-font-size\"><\/p> <\/div><\/div>    <section class=\"wp-block-breadcrumbs\">   <div class=\"content-wrapper\">     <ul>                   <li>               <a href=\"https:\/\/www.ginefiv.com\/fr\/\" title=\"Ginefiv Espa\u00f1a\">                 Ginefiv              <\/a>             <\/li>                         <li>               <span class=\"current\" title=\"Nos prochains rendez-vous en France\">                 Nos prochains rendez-vous en France              <\/span>             <\/li>                 <\/ul>   <\/div> <\/section>    <div class=\"wp-block-columns is-layout-flex wp-container-core-columns-is-layout-28f84493 wp-block-columns-is-layout-flex\"> <div class=\"wp-block-column is-layout-flow wp-block-column-is-layout-flow\"> <h2 class=\"wp-block-heading\">Nos prochains rendez-vous en France<\/h2>    <p>D\u00e9buter un traitement de procr\u00e9ation m\u00e9dicalement assist\u00e9e c&rsquo;est commencer un r\u00eave, faire le premier pas pour que celui-ci devienne r\u00e9alit\u00e9. Cependant, nous sommes conscients des doutes et pr\u00e9occupations qui peuvent survenir.<\/p>    <p>Ginefiv met \u00e0 votre disposition son \u00e9quipe m\u00e9dicale professionnelle pour que vous puissiez nous faire part de vos inqui\u00e9tudes et y trouver des r\u00e9ponses.<\/p>    <ul class=\"wp-block-list\"> <li>Nantes<\/li>    <li>Paris<\/li>    <li>Lyon<\/li>    <li>Toulouse<\/li>    <li>Marseille &#8211; Aix en Provence<\/li>    <li>Bordeaux<\/li>    <li>Lille<\/li>    <li>Strasbourg<\/li> <\/ul>    <p><strong>Remplissez le formulaire et nous vous contacterons.<\/strong><\/p> <\/div>    <div class=\"wp-block-column has-pale-peach-background-color has-background is-layout-flow wp-block-column-is-layout-flow\"> <div class=\"wpcf7 no-js\" id=\"wpcf7-f12860-o1\" lang=\"fr-FR\" dir=\"ltr\" data-wpcf7-id=\"12860\"> <div class=\"screen-reader-response\"><p role=\"status\" aria-live=\"polite\" aria-atomic=\"true\"><\/p> <ul><\/ul><\/div> <form action=\"\/fr\/wp-json\/wp\/v2\/pages\/12885#wpcf7-f12860-o1\" method=\"post\" class=\"wpcf7-form init\" aria-label=\"Formulaire de contact\" novalidate=\"novalidate\" data-status=\"init\"> <fieldset class=\"hidden-fields-container\"><input type=\"hidden\" name=\"_wpcf7\" value=\"12860\" \/><input type=\"hidden\" name=\"_wpcf7_version\" value=\"6.1.5\" \/><input type=\"hidden\" name=\"_wpcf7_locale\" value=\"fr_FR\" \/><input type=\"hidden\" name=\"_wpcf7_unit_tag\" value=\"wpcf7-f12860-o1\" \/><input type=\"hidden\" name=\"_wpcf7_container_post\" value=\"0\" \/><input type=\"hidden\" name=\"_wpcf7_posted_data_hash\" value=\"\" \/><input type=\"hidden\" name=\"_wpcf7_recaptcha_response\" value=\"\" \/> <\/fieldset> <div class=\"row field\">   <div class=\"col-12\">     <label for=\"firstname\">Pr\u00e9nom*<\/label>     <span class=\"wpcf7-form-control-wrap\" data-name=\"firstname\"><input size=\"40\" maxlength=\"400\" class=\"wpcf7-form-control wpcf7-text wpcf7-validates-as-required text\" id=\"firstname\" aria-required=\"true\" aria-invalid=\"false\" value=\"\" type=\"text\" name=\"firstname\" \/><\/span>   <\/div> <\/div>  <div class=\"row field\">   <div class=\"col-12\">     <label for=\"lastname\">Nom*<\/label>     <span class=\"wpcf7-form-control-wrap\" data-name=\"lastname\"><input size=\"40\" maxlength=\"400\" class=\"wpcf7-form-control wpcf7-text wpcf7-validates-as-required text\" id=\"lastname\" aria-required=\"true\" aria-invalid=\"false\" value=\"\" type=\"text\" name=\"lastname\" \/><\/span>   <\/div> <\/div>  <div class=\"row\">   <div class=\"col-6\">     <label for=\"email\">Mail*<\/label>     <span class=\"wpcf7-form-control-wrap\" data-name=\"email\"><input size=\"40\" maxlength=\"400\" class=\"wpcf7-form-control wpcf7-email wpcf7-validates-as-required wpcf7-text wpcf7-validates-as-email text\" id=\"email\" aria-required=\"true\" aria-invalid=\"false\" value=\"\" type=\"email\" name=\"email\" \/><\/span>   <\/div>   <div class=\"col-6\">     <label for=\"phone\">T\u00e9l\u00e9phone*<\/label>     <span class=\"wpcf7-form-control-wrap\" data-name=\"phone\"><input size=\"40\" maxlength=\"400\" class=\"wpcf7-form-control wpcf7-tel wpcf7-validates-as-required wpcf7-text wpcf7-validates-as-tel text\" id=\"phone\" aria-required=\"true\" aria-invalid=\"false\" value=\"\" type=\"tel\" name=\"phone\" \/><\/span>   <\/div> <\/div>   <div class=\"row field\">   <div class=\"col-12\">     <label for=\"contactarme_por__form_contacto_\">Me contacter par<\/label>     <span class=\"wpcf7-form-control-wrap\" data-name=\"contactarme_por__form_contacto_\"><span class=\"wpcf7-form-control wpcf7-radio radio-list-container\"><span class=\"wpcf7-list-item first\"><label><input type=\"radio\" name=\"contactarme_por__form_contacto_\" value=\"T\u00e9l\u00e9phone\" checked=\"checked\" \/><span class=\"wpcf7-list-item-label\">T\u00e9l\u00e9phone<\/span><\/label><\/span><span class=\"wpcf7-list-item last\"><label><input type=\"radio\" name=\"contactarme_por__form_contacto_\" value=\"Mail\" \/><span class=\"wpcf7-list-item-label\">Mail<\/span><\/label><\/span><\/span><\/span>   <\/div> <\/div>  <div class=\"row field\">   <div class=\"col-12\">     <label for=\"selectionnez_l_une_des_villes_suivantes\">S\u00e9lectionnez l'une des villes suivantes*<\/label>     <span class=\"wpcf7-form-control-wrap\" data-name=\"selectionnez_l_une_des_villes_suivantes\"><select class=\"wpcf7-form-control wpcf7-select\" id=\"selectionnez_l_une_des_villes_suivantes\" aria-invalid=\"false\" name=\"selectionnez_l_une_des_villes_suivantes\"><option value=\"Paris\">Paris<\/option><option value=\"Nantes\">Nantes<\/option><option value=\"Lyon\">Lyon<\/option><option value=\"Toulouse\">Toulouse<\/option><option value=\"Marseille - Aix en Provence\">Marseille - Aix en Provence<\/option><option value=\"Bordeaux\">Bordeaux<\/option><option value=\"Lille\">Lille<\/option><option value=\"Strasbourg\">Strasbourg<\/option><option value=\"Autre\">Autre<\/option><\/select><\/span>   <\/div> <\/div>  <div class=\"row field\" id=\"capa-ville\" style=\"display:none;\">   <div class=\"col-12\">     <label for=\"lastname\">Ville *<\/label>     <span class=\"wpcf7-form-control-wrap\" data-name=\"ville\"><input size=\"40\" maxlength=\"400\" class=\"wpcf7-form-control wpcf7-text text\" id=\"ville\" aria-invalid=\"false\" value=\"\" type=\"text\" name=\"ville\" \/><\/span>   <\/div> <\/div>  <div class=\"row\">   <div class=\"col-12\">     <div class=\"acceptance-container\">       <span class=\"wpcf7-form-control-wrap\" data-name=\"legal_consent\"><span class=\"wpcf7-form-control wpcf7-acceptance\"><span class=\"wpcf7-list-item\"><input type=\"checkbox\" name=\"legal_consent\" value=\"1\" class=\"acceptance-container__shortcode\" id=\"legal_consent\" aria-invalid=\"false\" \/><\/span><\/span><\/span>       <label class=\"acceptance-label\" for=\"legal_consent\">J'ai lu et accepte dans son int\u00e9gralit\u00e9 la <a href=\"https:\/\/www.ginefiv.com\/fr\/politique-confidentialite\/\" target=\"_blank\">Protection des donn\u00e9es au sein de Ginefiv<\/a> \u00a0ainsi que les <a href=\"https:\/\/www.ginefiv.com\/fr\/avis-legal\/\" target=\"_blank\">Mentions l\u00e9gales<\/a><span class=\"form-required-decorator\">*<\/span><\/label>     <\/div>   <\/div> <\/div>   <div class=\"col-12\">    <label> En cliquant sur \u00ab Envoyer \u00bb ci-dessous, vous autorisez l\u2019entreprise Ginefiv \u00e0 stocker et traiter les donn\u00e9es personnelles soumises ci-dessus afin qu\u2019elle vous fournisse le contenu demand\u00e9.<\/label> <\/div>  <input class=\"wpcf7-form-control wpcf7-hidden\" id=\"form-name\" value=\"rdv_physic_campaign\" type=\"hidden\" name=\"form-name\" \/> <input type=\"hidden\" name=\"utm_campaign\" value=\"\" \/> <input type=\"hidden\" name=\"utm_source\" value=\"\" \/> <input type=\"hidden\" name=\"utm_medium\" value=\"\" \/> <input type=\"hidden\" name=\"utm_term\" value=\"\" \/> <input type=\"hidden\" name=\"utm_content\" value=\"\" \/>  <input type=\"hidden\" name=\"gclid\" value=\"\" \/>    <input type=\"hidden\" name=\"cf7-label\" value=\"rdv-fisico\" \/> <input type=\"hidden\" name=\"formulario\" value=\"rdv-fisico\" \/> <input type=\"hidden\" name=\"redirect-typ\" id=\"redirect-typ\" value=\"https:\/\/www.ginefiv.com\/fr\/merci-rdv\">  <input class=\"wpcf7-form-control wpcf7-submit has-spinner\" type=\"submit\" value=\"Soumettre\" \/><div class=\"wpcf7-response-output\" aria-hidden=\"true\"><\/div> <\/form> <\/div>  <\/div> <\/div>    <div style=\"height:2rem\" aria-hidden=\"true\" class=\"wp-block-spacer\"><\/div>","protected":false},"excerpt":{"rendered":"<p>Nos prochains rendez-vous en France D\u00e9buter un traitement de procr\u00e9ation m\u00e9dicalement assist\u00e9e c&rsquo;est commencer un r\u00eave, faire le premier pas&#8230;<\/p>\n","protected":false},"author":1,"featured_media":12886,"parent":0,"menu_order":0,"comment_status":"closed","ping_status":"closed","template":"","meta":{"_acf_changed":false,"footnotes":""},"class_list":["post-12885","page","type-page","status-publish","has-post-thumbnail","hentry"],"acf":[],"yoast_head":"<!-- This site is optimized with the Yoast SEO plugin v27.0 - https:\/\/yoast.com\/product\/yoast-seo-wordpress\/ -->\n<title>Nos prochains rendez-vous en France | Ginefiv Espa\u00f1a<\/title>\n<meta name=\"robots\" content=\"index, follow, max-snippet:-1, max-image-preview:large, max-video-preview:-1\" \/>\n<link rel=\"canonical\" href=\"https:\/\/www.ginefiv.com\/fr\/nos-prochains-rendez-vous-en-france\/\" \/>\n<meta property=\"og:locale\" content=\"fr_FR\" \/>\n<meta property=\"og:type\" content=\"article\" \/>\n<meta property=\"og:title\" content=\"Nos prochains rendez-vous en France | Ginefiv Espa\u00f1a\" \/>\n<meta property=\"og:description\" content=\"Nos prochains rendez-vous en France D\u00e9buter un traitement de procr\u00e9ation m\u00e9dicalement assist\u00e9e c&rsquo;est commencer un r\u00eave, faire le premier pas...\" \/>\n<meta property=\"og:url\" content=\"https:\/\/www.ginefiv.com\/fr\/nos-prochains-rendez-vous-en-france\/\" \/>\n<meta property=\"og:site_name\" content=\"Ginefiv Espa\u00f1a\" \/>\n<meta property=\"article:modified_time\" content=\"2026-01-13T17:33:50+00:00\" \/>\n<meta property=\"og:image\" content=\"https:\/\/www.ginefiv.com\/wp-content\/uploads\/2023\/12\/hands-on1.webp\" \/>\n\t<meta property=\"og:image:width\" content=\"1280\" \/>\n\t<meta property=\"og:image:height\" content=\"359\" \/>\n\t<meta property=\"og:image:type\" content=\"image\/webp\" \/>\n<meta name=\"twitter:card\" content=\"summary_large_image\" \/>\n<meta name=\"twitter:label1\" content=\"Dur\u00e9e de lecture estim\u00e9e\" \/>\n\t<meta name=\"twitter:data1\" content=\"1 minute\" \/>\n<script type=\"application\/ld+json\" class=\"yoast-schema-graph\">{\"@context\":\"https:\/\/schema.org\",\"@graph\":[{\"@type\":\"WebPage\",\"@id\":\"https:\/\/www.ginefiv.com\/fr\/nos-prochains-rendez-vous-en-france\/\",\"url\":\"https:\/\/www.ginefiv.com\/fr\/nos-prochains-rendez-vous-en-france\/\",\"name\":\"Nos prochains rendez-vous en France | Ginefiv Espa\u00f1a\",\"isPartOf\":{\"@id\":\"https:\/\/www.ginefiv.com\/fr\/#website\"},\"primaryImageOfPage\":{\"@id\":\"https:\/\/www.ginefiv.com\/fr\/nos-prochains-rendez-vous-en-france\/#primaryimage\"},\"image\":{\"@id\":\"https:\/\/www.ginefiv.com\/fr\/nos-prochains-rendez-vous-en-france\/#primaryimage\"},\"thumbnailUrl\":\"https:\/\/www.ginefiv.com\/wp-content\/uploads\/2023\/12\/hands-on1.webp\",\"datePublished\":\"2023-12-14T07:54:56+00:00\",\"dateModified\":\"2026-01-13T17:33:50+00:00\",\"breadcrumb\":{\"@id\":\"https:\/\/www.ginefiv.com\/fr\/nos-prochains-rendez-vous-en-france\/#breadcrumb\"},\"inLanguage\":\"fr-FR\",\"potentialAction\":[{\"@type\":\"ReadAction\",\"target\":[\"https:\/\/www.ginefiv.com\/fr\/nos-prochains-rendez-vous-en-france\/\"]}]},{\"@type\":\"ImageObject\",\"inLanguage\":\"fr-FR\",\"@id\":\"https:\/\/www.ginefiv.com\/fr\/nos-prochains-rendez-vous-en-france\/#primaryimage\",\"url\":\"https:\/\/www.ginefiv.com\/wp-content\/uploads\/2023\/12\/hands-on1.webp\",\"contentUrl\":\"https:\/\/www.ginefiv.com\/wp-content\/uploads\/2023\/12\/hands-on1.webp\",\"width\":1280,\"height\":359},{\"@type\":\"BreadcrumbList\",\"@id\":\"https:\/\/www.ginefiv.com\/fr\/nos-prochains-rendez-vous-en-france\/#breadcrumb\",\"itemListElement\":[{\"@type\":\"ListItem\",\"position\":1,\"name\":\"Home\",\"item\":\"https:\/\/www.ginefiv.com\/fr\/\"},{\"@type\":\"ListItem\",\"position\":2,\"name\":\"Nos prochains rendez-vous en France\"}]},{\"@type\":\"WebSite\",\"@id\":\"https:\/\/www.ginefiv.com\/fr\/#website\",\"url\":\"https:\/\/www.ginefiv.com\/fr\/\",\"name\":\"Ginefiv Espa\u00f1a\",\"description\":\"Ginefiv, tu cl\u00ednica de reproducci\u00f3n asistida. 35 a\u00f1os de experiencia en inseminaci\u00f3n artificial y fecundaci\u00f3n in vitro\",\"publisher\":{\"@id\":\"https:\/\/www.ginefiv.com\/fr\/#organization\"},\"potentialAction\":[{\"@type\":\"SearchAction\",\"target\":{\"@type\":\"EntryPoint\",\"urlTemplate\":\"https:\/\/www.ginefiv.com\/fr\/?s={search_term_string}\"},\"query-input\":{\"@type\":\"PropertyValueSpecification\",\"valueRequired\":true,\"valueName\":\"search_term_string\"}}],\"inLanguage\":\"fr-FR\"},{\"@type\":\"Organization\",\"@id\":\"https:\/\/www.ginefiv.com\/fr\/#organization\",\"name\":\"Ginefiv\",\"url\":\"https:\/\/www.ginefiv.com\/fr\/\",\"logo\":{\"@type\":\"ImageObject\",\"inLanguage\":\"fr-FR\",\"@id\":\"https:\/\/www.ginefiv.com\/fr\/#\/schema\/logo\/image\/\",\"url\":\"https:\/\/www.ginefiv.com\/wp-content\/uploads\/2023\/12\/descarga.png\",\"contentUrl\":\"https:\/\/www.ginefiv.com\/wp-content\/uploads\/2023\/12\/descarga.png\",\"width\":437,\"height\":115,\"caption\":\"Ginefiv\"},\"image\":{\"@id\":\"https:\/\/www.ginefiv.com\/fr\/#\/schema\/logo\/image\/\"}}]}<\/script>\n<!-- \/ Yoast SEO plugin. -->","yoast_head_json":{"title":"Nos prochains rendez-vous en France | Ginefiv Espa\u00f1a","robots":{"index":"index","follow":"follow","max-snippet":"max-snippet:-1","max-image-preview":"max-image-preview:large","max-video-preview":"max-video-preview:-1"},"canonical":"https:\/\/www.ginefiv.com\/fr\/nos-prochains-rendez-vous-en-france\/","og_locale":"fr_FR","og_type":"article","og_title":"Nos prochains rendez-vous en France | Ginefiv Espa\u00f1a","og_description":"Nos prochains rendez-vous en France D\u00e9buter un traitement de procr\u00e9ation m\u00e9dicalement assist\u00e9e c&rsquo;est commencer un r\u00eave, faire le premier pas...","og_url":"https:\/\/www.ginefiv.com\/fr\/nos-prochains-rendez-vous-en-france\/","og_site_name":"Ginefiv Espa\u00f1a","article_modified_time":"2026-01-13T17:33:50+00:00","og_image":[{"width":1280,"height":359,"url":"https:\/\/www.ginefiv.com\/wp-content\/uploads\/2023\/12\/hands-on1.webp","type":"image\/webp"}],"twitter_card":"summary_large_image","twitter_misc":{"Dur\u00e9e de lecture estim\u00e9e":"1 minute"},"schema":{"@context":"https:\/\/schema.org","@graph":[{"@type":"WebPage","@id":"https:\/\/www.ginefiv.com\/fr\/nos-prochains-rendez-vous-en-france\/","url":"https:\/\/www.ginefiv.com\/fr\/nos-prochains-rendez-vous-en-france\/","name":"Nos prochains rendez-vous en France | Ginefiv Espa\u00f1a","isPartOf":{"@id":"https:\/\/www.ginefiv.com\/fr\/#website"},"primaryImageOfPage":{"@id":"https:\/\/www.ginefiv.com\/fr\/nos-prochains-rendez-vous-en-france\/#primaryimage"},"image":{"@id":"https:\/\/www.ginefiv.com\/fr\/nos-prochains-rendez-vous-en-france\/#primaryimage"},"thumbnailUrl":"https:\/\/www.ginefiv.com\/wp-content\/uploads\/2023\/12\/hands-on1.webp","datePublished":"2023-12-14T07:54:56+00:00","dateModified":"2026-01-13T17:33:50+00:00","breadcrumb":{"@id":"https:\/\/www.ginefiv.com\/fr\/nos-prochains-rendez-vous-en-france\/#breadcrumb"},"inLanguage":"fr-FR","potentialAction":[{"@type":"ReadAction","target":["https:\/\/www.ginefiv.com\/fr\/nos-prochains-rendez-vous-en-france\/"]}]},{"@type":"ImageObject","inLanguage":"fr-FR","@id":"https:\/\/www.ginefiv.com\/fr\/nos-prochains-rendez-vous-en-france\/#primaryimage","url":"https:\/\/www.ginefiv.com\/wp-content\/uploads\/2023\/12\/hands-on1.webp","contentUrl":"https:\/\/www.ginefiv.com\/wp-content\/uploads\/2023\/12\/hands-on1.webp","width":1280,"height":359},{"@type":"BreadcrumbList","@id":"https:\/\/www.ginefiv.com\/fr\/nos-prochains-rendez-vous-en-france\/#breadcrumb","itemListElement":[{"@type":"ListItem","position":1,"name":"Home","item":"https:\/\/www.ginefiv.com\/fr\/"},{"@type":"ListItem","position":2,"name":"Nos prochains rendez-vous en France"}]},{"@type":"WebSite","@id":"https:\/\/www.ginefiv.com\/fr\/#website","url":"https:\/\/www.ginefiv.com\/fr\/","name":"Ginefiv Espa\u00f1a","description":"Ginefiv, tu cl\u00ednica de reproducci\u00f3n asistida. 35 a\u00f1os de experiencia en inseminaci\u00f3n artificial y fecundaci\u00f3n in vitro","publisher":{"@id":"https:\/\/www.ginefiv.com\/fr\/#organization"},"potentialAction":[{"@type":"SearchAction","target":{"@type":"EntryPoint","urlTemplate":"https:\/\/www.ginefiv.com\/fr\/?s={search_term_string}"},"query-input":{"@type":"PropertyValueSpecification","valueRequired":true,"valueName":"search_term_string"}}],"inLanguage":"fr-FR"},{"@type":"Organization","@id":"https:\/\/www.ginefiv.com\/fr\/#organization","name":"Ginefiv","url":"https:\/\/www.ginefiv.com\/fr\/","logo":{"@type":"ImageObject","inLanguage":"fr-FR","@id":"https:\/\/www.ginefiv.com\/fr\/#\/schema\/logo\/image\/","url":"https:\/\/www.ginefiv.com\/wp-content\/uploads\/2023\/12\/descarga.png","contentUrl":"https:\/\/www.ginefiv.com\/wp-content\/uploads\/2023\/12\/descarga.png","width":437,"height":115,"caption":"Ginefiv"},"image":{"@id":"https:\/\/www.ginefiv.com\/fr\/#\/schema\/logo\/image\/"}}]}},"_links":{"self":[{"href":"https:\/\/www.ginefiv.com\/fr\/wp-json\/wp\/v2\/pages\/12885","targetHints":{"allow":["GET"]}}],"collection":[{"href":"https:\/\/www.ginefiv.com\/fr\/wp-json\/wp\/v2\/pages"}],"about":[{"href":"https:\/\/www.ginefiv.com\/fr\/wp-json\/wp\/v2\/types\/page"}],"author":[{"embeddable":true,"href":"https:\/\/www.ginefiv.com\/fr\/wp-json\/wp\/v2\/users\/1"}],"replies":[{"embeddable":true,"href":"https:\/\/www.ginefiv.com\/fr\/wp-json\/wp\/v2\/comments?post=12885"}],"version-history":[{"count":1,"href":"https:\/\/www.ginefiv.com\/fr\/wp-json\/wp\/v2\/pages\/12885\/revisions"}],"predecessor-version":[{"id":66689,"href":"https:\/\/www.ginefiv.com\/fr\/wp-json\/wp\/v2\/pages\/12885\/revisions\/66689"}],"wp:featuredmedia":[{"embeddable":true,"href":"https:\/\/www.ginefiv.com\/fr\/wp-json\/wp\/v2\/media\/12886"}],"wp:attachment":[{"href":"https:\/\/www.ginefiv.com\/fr\/wp-json\/wp\/v2\/media?parent=12885"}],"curies":[{"name":"wp","href":"https:\/\/api.w.org\/{rel}","templated":true}]}}