











{"id":12962,"date":"2023-12-18T11:55:39","date_gmt":"2023-12-18T11:55:39","guid":{"rendered":"https:\/\/www.ginefiv.com\/?page_id=12962"},"modified":"2024-06-04T12:06:35","modified_gmt":"2024-06-04T12:06:35","slug":"merci-de-remplir-le-pre-diagnostic","status":"publish","type":"page","link":"https:\/\/www.ginefiv.com\/fr\/merci-de-remplir-le-pre-diagnostic\/","title":{"rendered":"TYP FR | Prediagnostico | Typeform"},"content":{"rendered":"<div class=\"wp-block-cover alignfull\" style=\"min-height:50vh;aspect-ratio:unset;\"><span aria-hidden=\"true\" class=\"wp-block-cover__background has-background-dim\"><\/span><img loading=\"lazy\" decoding=\"async\" width=\"2560\" height=\"1707\" src=\"https:\/\/www.ginefiv.com\/wp-content\/uploads\/2023\/06\/fondo-home-21-scaled.jpg\" class=\"wp-block-cover__image-background wp-post-image\" alt=\"\" data-object-fit=\"cover\" data-object-position=\"50% 25%\" style=\"object-position:50% 25%;\" srcset=\"https:\/\/www.ginefiv.com\/wp-content\/uploads\/2023\/06\/fondo-home-21-scaled.jpg 2560w, https:\/\/www.ginefiv.com\/wp-content\/uploads\/2023\/06\/fondo-home-21-300x200.jpg 300w, https:\/\/www.ginefiv.com\/wp-content\/uploads\/2023\/06\/fondo-home-21-1024x683.jpg 1024w, https:\/\/www.ginefiv.com\/wp-content\/uploads\/2023\/06\/fondo-home-21-768x512.jpg 768w\" sizes=\"auto, (max-width: 2560px) 100vw, 2560px\" \/><div class=\"wp-block-cover__inner-container is-layout-constrained wp-block-cover-is-layout-constrained\"> <div class=\"wp-block-columns is-layout-flex wp-container-core-columns-is-layout-28f84493 wp-block-columns-is-layout-flex\"> <div class=\"wp-block-column is-layout-flow wp-block-column-is-layout-flow\"> <h2 class=\"wp-block-heading\">Nous vous remercions pour votre int\u00e9r\u00eat<\/h2>    <p>Nous avons re\u00e7u vos r\u00e9ponses et nous vous enverrons dans les plus brefs d\u00e9lais les informations et les tarifs du traitement le plus appropi\u00e9 pour vous.<\/p> <\/div>    <div class=\"wp-block-column is-layout-flow wp-block-column-is-layout-flow\"><\/div> <\/div> <\/div><\/div>   <section  class=\"text-block background-light custom-block-spacing\">   <div class=\"container\">     <div class=\"row\">       <div class=\"col-12 col-md-10 col-lg-8 offset-md-1 offset-lg-2\">         <div class=\"text-block__text-wrapper text-heading-block alignment-center\" data-magic=\"appear-in\">                     <p style=\"text-align: center;\">Merci beaucoup pour votre pr\u00e9diagnostic, votre devis personnalis\u00e9 arrivera sous peu au compte de messagerie sp\u00e9cifi\u00e9.<\/p> <p style=\"text-align: center;\">Si vous ne le recevez pas, v\u00e9rifiez le courrier ind\u00e9sirable ou le dossier courrier ind\u00e9sirable.<\/p>                   <\/div>       <\/div>     <\/div>   <\/div>  <\/section>","protected":false},"excerpt":{"rendered":"","protected":false},"author":1,"featured_media":375,"parent":0,"menu_order":0,"comment_status":"closed","ping_status":"closed","template":"","meta":{"_acf_changed":false,"footnotes":""},"class_list":["post-12962","page","type-page","status-publish","has-post-thumbnail","hentry"],"acf":[],"yoast_head":"<!-- This site is optimized with the Yoast SEO plugin v27.0 - https:\/\/yoast.com\/product\/yoast-seo-wordpress\/ -->\n<title>Merci d\u2019avoir rempli le pr\u00e9-diagnostic<\/title>\n<meta name=\"robots\" content=\"noindex, follow\" \/>\n<meta property=\"og:locale\" content=\"fr_FR\" \/>\n<meta property=\"og:type\" content=\"article\" \/>\n<meta property=\"og:title\" content=\"Merci d\u2019avoir rempli le pr\u00e9-diagnostic\" \/>\n<meta property=\"og:url\" content=\"https:\/\/www.ginefiv.com\/fr\/merci-de-remplir-le-pre-diagnostic\/\" \/>\n<meta property=\"og:site_name\" content=\"Ginefiv Espa\u00f1a\" \/>\n<meta property=\"article:modified_time\" content=\"2024-06-04T12:06:35+00:00\" \/>\n<meta property=\"og:image\" content=\"https:\/\/www.ginefiv.com\/wp-content\/uploads\/2023\/06\/fondo-home-21-scaled.jpg\" \/>\n\t<meta property=\"og:image:width\" content=\"2560\" \/>\n\t<meta property=\"og:image:height\" content=\"1707\" \/>\n\t<meta property=\"og:image:type\" content=\"image\/jpeg\" \/>\n<meta name=\"twitter:card\" content=\"summary_large_image\" \/>\n<meta name=\"twitter:label1\" content=\"Dur\u00e9e de lecture estim\u00e9e\" \/>\n\t<meta name=\"twitter:data1\" content=\"1 minute\" \/>\n<script type=\"application\/ld+json\" class=\"yoast-schema-graph\">{\"@context\":\"https:\/\/schema.org\",\"@graph\":[{\"@type\":\"WebPage\",\"@id\":\"https:\/\/www.ginefiv.com\/fr\/merci-de-remplir-le-pre-diagnostic\/\",\"url\":\"https:\/\/www.ginefiv.com\/fr\/merci-de-remplir-le-pre-diagnostic\/\",\"name\":\"Merci d\u2019avoir rempli le pr\u00e9-diagnostic\",\"isPartOf\":{\"@id\":\"https:\/\/www.ginefiv.com\/fr\/#website\"},\"primaryImageOfPage\":{\"@id\":\"https:\/\/www.ginefiv.com\/fr\/merci-de-remplir-le-pre-diagnostic\/#primaryimage\"},\"image\":{\"@id\":\"https:\/\/www.ginefiv.com\/fr\/merci-de-remplir-le-pre-diagnostic\/#primaryimage\"},\"thumbnailUrl\":\"https:\/\/www.ginefiv.com\/wp-content\/uploads\/2023\/06\/fondo-home-21-scaled.jpg\",\"datePublished\":\"2023-12-18T11:55:39+00:00\",\"dateModified\":\"2024-06-04T12:06:35+00:00\",\"breadcrumb\":{\"@id\":\"https:\/\/www.ginefiv.com\/fr\/merci-de-remplir-le-pre-diagnostic\/#breadcrumb\"},\"inLanguage\":\"fr-FR\",\"potentialAction\":[{\"@type\":\"ReadAction\",\"target\":[\"https:\/\/www.ginefiv.com\/fr\/merci-de-remplir-le-pre-diagnostic\/\"]}]},{\"@type\":\"ImageObject\",\"inLanguage\":\"fr-FR\",\"@id\":\"https:\/\/www.ginefiv.com\/fr\/merci-de-remplir-le-pre-diagnostic\/#primaryimage\",\"url\":\"https:\/\/www.ginefiv.com\/wp-content\/uploads\/2023\/06\/fondo-home-21-scaled.jpg\",\"contentUrl\":\"https:\/\/www.ginefiv.com\/wp-content\/uploads\/2023\/06\/fondo-home-21-scaled.jpg\",\"width\":2560,\"height\":1707},{\"@type\":\"BreadcrumbList\",\"@id\":\"https:\/\/www.ginefiv.com\/fr\/merci-de-remplir-le-pre-diagnostic\/#breadcrumb\",\"itemListElement\":[{\"@type\":\"ListItem\",\"position\":1,\"name\":\"Home\",\"item\":\"https:\/\/www.ginefiv.com\/fr\/\"},{\"@type\":\"ListItem\",\"position\":2,\"name\":\"TYP FR | Prediagnostico | Typeform\"}]},{\"@type\":\"WebSite\",\"@id\":\"https:\/\/www.ginefiv.com\/fr\/#website\",\"url\":\"https:\/\/www.ginefiv.com\/fr\/\",\"name\":\"Ginefiv Espa\u00f1a\",\"description\":\"Ginefiv, tu cl\u00ednica de reproducci\u00f3n asistida. 35 a\u00f1os de experiencia en inseminaci\u00f3n artificial y fecundaci\u00f3n in vitro\",\"publisher\":{\"@id\":\"https:\/\/www.ginefiv.com\/fr\/#organization\"},\"potentialAction\":[{\"@type\":\"SearchAction\",\"target\":{\"@type\":\"EntryPoint\",\"urlTemplate\":\"https:\/\/www.ginefiv.com\/fr\/?s={search_term_string}\"},\"query-input\":{\"@type\":\"PropertyValueSpecification\",\"valueRequired\":true,\"valueName\":\"search_term_string\"}}],\"inLanguage\":\"fr-FR\"},{\"@type\":\"Organization\",\"@id\":\"https:\/\/www.ginefiv.com\/fr\/#organization\",\"name\":\"Ginefiv\",\"url\":\"https:\/\/www.ginefiv.com\/fr\/\",\"logo\":{\"@type\":\"ImageObject\",\"inLanguage\":\"fr-FR\",\"@id\":\"https:\/\/www.ginefiv.com\/fr\/#\/schema\/logo\/image\/\",\"url\":\"https:\/\/www.ginefiv.com\/wp-content\/uploads\/2023\/12\/descarga.png\",\"contentUrl\":\"https:\/\/www.ginefiv.com\/wp-content\/uploads\/2023\/12\/descarga.png\",\"width\":437,\"height\":115,\"caption\":\"Ginefiv\"},\"image\":{\"@id\":\"https:\/\/www.ginefiv.com\/fr\/#\/schema\/logo\/image\/\"}}]}<\/script>\n<!-- \/ Yoast SEO plugin. -->","yoast_head_json":{"title":"Merci d\u2019avoir rempli le pr\u00e9-diagnostic","robots":{"index":"noindex","follow":"follow"},"og_locale":"fr_FR","og_type":"article","og_title":"Merci d\u2019avoir rempli le pr\u00e9-diagnostic","og_url":"https:\/\/www.ginefiv.com\/fr\/merci-de-remplir-le-pre-diagnostic\/","og_site_name":"Ginefiv Espa\u00f1a","article_modified_time":"2024-06-04T12:06:35+00:00","og_image":[{"width":2560,"height":1707,"url":"https:\/\/www.ginefiv.com\/wp-content\/uploads\/2023\/06\/fondo-home-21-scaled.jpg","type":"image\/jpeg"}],"twitter_card":"summary_large_image","twitter_misc":{"Dur\u00e9e de lecture estim\u00e9e":"1 minute"},"schema":{"@context":"https:\/\/schema.org","@graph":[{"@type":"WebPage","@id":"https:\/\/www.ginefiv.com\/fr\/merci-de-remplir-le-pre-diagnostic\/","url":"https:\/\/www.ginefiv.com\/fr\/merci-de-remplir-le-pre-diagnostic\/","name":"Merci d\u2019avoir rempli le pr\u00e9-diagnostic","isPartOf":{"@id":"https:\/\/www.ginefiv.com\/fr\/#website"},"primaryImageOfPage":{"@id":"https:\/\/www.ginefiv.com\/fr\/merci-de-remplir-le-pre-diagnostic\/#primaryimage"},"image":{"@id":"https:\/\/www.ginefiv.com\/fr\/merci-de-remplir-le-pre-diagnostic\/#primaryimage"},"thumbnailUrl":"https:\/\/www.ginefiv.com\/wp-content\/uploads\/2023\/06\/fondo-home-21-scaled.jpg","datePublished":"2023-12-18T11:55:39+00:00","dateModified":"2024-06-04T12:06:35+00:00","breadcrumb":{"@id":"https:\/\/www.ginefiv.com\/fr\/merci-de-remplir-le-pre-diagnostic\/#breadcrumb"},"inLanguage":"fr-FR","potentialAction":[{"@type":"ReadAction","target":["https:\/\/www.ginefiv.com\/fr\/merci-de-remplir-le-pre-diagnostic\/"]}]},{"@type":"ImageObject","inLanguage":"fr-FR","@id":"https:\/\/www.ginefiv.com\/fr\/merci-de-remplir-le-pre-diagnostic\/#primaryimage","url":"https:\/\/www.ginefiv.com\/wp-content\/uploads\/2023\/06\/fondo-home-21-scaled.jpg","contentUrl":"https:\/\/www.ginefiv.com\/wp-content\/uploads\/2023\/06\/fondo-home-21-scaled.jpg","width":2560,"height":1707},{"@type":"BreadcrumbList","@id":"https:\/\/www.ginefiv.com\/fr\/merci-de-remplir-le-pre-diagnostic\/#breadcrumb","itemListElement":[{"@type":"ListItem","position":1,"name":"Home","item":"https:\/\/www.ginefiv.com\/fr\/"},{"@type":"ListItem","position":2,"name":"TYP FR | Prediagnostico | Typeform"}]},{"@type":"WebSite","@id":"https:\/\/www.ginefiv.com\/fr\/#website","url":"https:\/\/www.ginefiv.com\/fr\/","name":"Ginefiv Espa\u00f1a","description":"Ginefiv, tu cl\u00ednica de reproducci\u00f3n asistida. 35 a\u00f1os de experiencia en inseminaci\u00f3n artificial y fecundaci\u00f3n in vitro","publisher":{"@id":"https:\/\/www.ginefiv.com\/fr\/#organization"},"potentialAction":[{"@type":"SearchAction","target":{"@type":"EntryPoint","urlTemplate":"https:\/\/www.ginefiv.com\/fr\/?s={search_term_string}"},"query-input":{"@type":"PropertyValueSpecification","valueRequired":true,"valueName":"search_term_string"}}],"inLanguage":"fr-FR"},{"@type":"Organization","@id":"https:\/\/www.ginefiv.com\/fr\/#organization","name":"Ginefiv","url":"https:\/\/www.ginefiv.com\/fr\/","logo":{"@type":"ImageObject","inLanguage":"fr-FR","@id":"https:\/\/www.ginefiv.com\/fr\/#\/schema\/logo\/image\/","url":"https:\/\/www.ginefiv.com\/wp-content\/uploads\/2023\/12\/descarga.png","contentUrl":"https:\/\/www.ginefiv.com\/wp-content\/uploads\/2023\/12\/descarga.png","width":437,"height":115,"caption":"Ginefiv"},"image":{"@id":"https:\/\/www.ginefiv.com\/fr\/#\/schema\/logo\/image\/"}}]}},"_links":{"self":[{"href":"https:\/\/www.ginefiv.com\/fr\/wp-json\/wp\/v2\/pages\/12962","targetHints":{"allow":["GET"]}}],"collection":[{"href":"https:\/\/www.ginefiv.com\/fr\/wp-json\/wp\/v2\/pages"}],"about":[{"href":"https:\/\/www.ginefiv.com\/fr\/wp-json\/wp\/v2\/types\/page"}],"author":[{"embeddable":true,"href":"https:\/\/www.ginefiv.com\/fr\/wp-json\/wp\/v2\/users\/1"}],"replies":[{"embeddable":true,"href":"https:\/\/www.ginefiv.com\/fr\/wp-json\/wp\/v2\/comments?post=12962"}],"version-history":[{"count":0,"href":"https:\/\/www.ginefiv.com\/fr\/wp-json\/wp\/v2\/pages\/12962\/revisions"}],"wp:featuredmedia":[{"embeddable":true,"href":"https:\/\/www.ginefiv.com\/fr\/wp-json\/wp\/v2\/media\/375"}],"wp:attachment":[{"href":"https:\/\/www.ginefiv.com\/fr\/wp-json\/wp\/v2\/media?parent=12962"}],"curies":[{"name":"wp","href":"https:\/\/api.w.org\/{rel}","templated":true}]}}