











{"id":14367,"date":"2024-01-12T09:22:39","date_gmt":"2024-01-12T09:22:39","guid":{"rendered":"https:\/\/www.ginefiv.com\/?page_id=14367"},"modified":"2024-09-21T08:51:20","modified_gmt":"2024-09-21T08:51:20","slug":"politique-confidentialite","status":"publish","type":"page","link":"https:\/\/www.ginefiv.com\/fr\/politique-confidentialite\/","title":{"rendered":"Politique de confidentialit\u00e9"},"content":{"rendered":"<div class=\"wp-block-cover\" style=\"min-height:50vh;aspect-ratio:unset;\"><span aria-hidden=\"true\" class=\"wp-block-cover__background has-background-dim-40 has-background-dim\"><\/span><img loading=\"lazy\" decoding=\"async\" width=\"4500\" height=\"3000\" class=\"wp-block-cover__image-background wp-image-3513\" alt=\"\" src=\"https:\/\/www.ginefiv.com\/wp-content\/uploads\/2023\/10\/aviso-legal.png\" data-object-fit=\"cover\" srcset=\"https:\/\/www.ginefiv.com\/wp-content\/uploads\/2023\/10\/aviso-legal.png 4500w, https:\/\/www.ginefiv.com\/wp-content\/uploads\/2023\/10\/aviso-legal-300x200.png 300w, https:\/\/www.ginefiv.com\/wp-content\/uploads\/2023\/10\/aviso-legal-1024x683.png 1024w, https:\/\/www.ginefiv.com\/wp-content\/uploads\/2023\/10\/aviso-legal-768x512.png 768w\" sizes=\"auto, (max-width: 4500px) 100vw, 4500px\" \/><div class=\"wp-block-cover__inner-container is-layout-constrained wp-block-cover-is-layout-constrained\"> <h2 class=\"wp-block-heading\">Politique de confidentialit\u00e9<\/h2> <\/div><\/div>    <section class=\"wp-block-breadcrumbs\">   <div class=\"content-wrapper\">     <ul>                   <li>               <a href=\"https:\/\/www.ginefiv.com\/fr\/\" title=\"Ginefiv Espa\u00f1a\">                 Ginefiv              <\/a>             <\/li>                         <li>               <span class=\"current\" title=\"Politique de confidentialit\u00e9\">                 Politique de confidentialit\u00e9              <\/span>             <\/li>                 <\/ul>   <\/div> <\/section>    <div class=\"wp-block-columns is-layout-flex wp-container-core-columns-is-layout-28f84493 wp-block-columns-is-layout-flex\"> <div class=\"wp-block-column is-layout-flow wp-block-column-is-layout-flow\"> <p>La politique du syst\u00e8me de gestion de la confidentialit\u00e9 de GINEFIV, S.L., est fond\u00e9e sur les r\u00e8gles \u00e9nonc\u00e9es dans le r\u00e8glement (UE) 2016\/679 du 27 avril 2016 relatif \u00e0 la protection des personnes physiques \u00e0 l&rsquo;\u00e9gard du traitement des donn\u00e9es \u00e0 caract\u00e8re personnel et \u00e0 la libre circulation de ces donn\u00e9es (GDPR), la loi organique 3\/2018 du 5 d\u00e9cembre relative \u00e0 la protection des donn\u00e9es \u00e0 caract\u00e8re personnel et \u00e0 la garantie des droits num\u00e9riques (LOPDGDD), ainsi que les normes internationales relatives aux syst\u00e8mes de gestion de la s\u00e9curit\u00e9 de l&rsquo;information (ISO 27001) et \u00e0 la protection de la vie priv\u00e9e (ISO 27701).<\/p>    <p>GINEFIV, S.L., s&rsquo;engage \u00e0 prot\u00e9ger la vie priv\u00e9e au sein de l&rsquo;organisation afin de garantir le droit \u00e0 la protection des donn\u00e9es de toutes les parties int\u00e9ress\u00e9es impliqu\u00e9es dans le d\u00e9veloppement de son activit\u00e9.<\/p>    <p>La politique du syst\u00e8me de gestion de la vie priv\u00e9e, men\u00e9e par la direction, repose sur les principes suivants :<\/p>    <ol class=\"wp-block-list\"> <li>Faire de la protection de la vie priv\u00e9e un objectif fondamental de l&rsquo;organisation, en impliquant l&rsquo;ensemble du personnel engag\u00e9 dans la r\u00e9ussite de cet objectif.<\/li>    <li>S&rsquo;engager sinc\u00e8rement et, \u00e0 cette fin, publier la politique du syst\u00e8me de gestion de la vie priv\u00e9e et s&rsquo;engager \u00e0 la mettre \u00e0 la disposition de toute personne int\u00e9ress\u00e9e.<\/li>    <li>traiter les donn\u00e9es \u00e0 caract\u00e8re personnel de mani\u00e8re licite, loyale et transparente, en identifiant clairement et sp\u00e9cifiquement la finalit\u00e9 pour laquelle elles ont \u00e9t\u00e9 obtenues<\/li>    <li>Collecter les donn\u00e9es \u00e0 caract\u00e8re personnel pour des finalit\u00e9s d\u00e9termin\u00e9es, explicites et l\u00e9gitimes et ne pas les traiter ult\u00e9rieurement de mani\u00e8re incompatible avec ces finalit\u00e9s.<\/li>    <li>Ne collecter et ne traiter que des donn\u00e9es \u00e0 caract\u00e8re personnel ad\u00e9quates, pertinentes et limit\u00e9es \u00e0 ce qui est n\u00e9cessaire au regard des finalit\u00e9s pour lesquelles elles sont obtenues.<\/li>    <li>Conserver \u00e0 tout moment des donn\u00e9es \u00e0 caract\u00e8re personnel exactes et \u00e0 jour, en prenant toutes les mesures raisonnables pour s&rsquo;assurer qu&rsquo;elles sont supprim\u00e9es ou rectifi\u00e9es rapidement si elles sont inexactes au regard des finalit\u00e9s pour lesquelles elles sont trait\u00e9es.<\/li>    <li>Fournir aux personnes concern\u00e9es des syst\u00e8mes de mise \u00e0 jour de leurs donn\u00e9es \u00e0 caract\u00e8re personnel.<\/li>    <li>Ne pas conserver des informations identifiant les personnes concern\u00e9es au-del\u00e0 du temps n\u00e9cessaire \u00e0 la r\u00e9alisation des finalit\u00e9s pour lesquelles les donn\u00e9es \u00e0 caract\u00e8re personnel ont \u00e9t\u00e9 trait\u00e9es.<br>9.Traiter les donn\u00e9es \u00e0 caract\u00e8re personnel d&rsquo;une mani\u00e8re qui garantisse leur s\u00e9curit\u00e9, y compris la protection contre le traitement non autoris\u00e9 ou illicite et contre la perte, la destruction ou les dommages accidentels, en mettant en \u0153uvre les mesures techniques ou organisationnelles appropri\u00e9es.10. Demander le consentement de la personne concern\u00e9e chaque fois que cela est n\u00e9cessaire pour le traitement de ses donn\u00e9es \u00e0 caract\u00e8re personnel.<\/li>    <li>Traiter les donn\u00e9es sensibles selon des cat\u00e9gories particuli\u00e8res.<\/li>    <li>\u00c9valuer syst\u00e9matiquement l&rsquo;efficacit\u00e9 des mesures prises pour garantir la s\u00e9curit\u00e9, de sorte que la gestion de la vie priv\u00e9e soit \u00e9tay\u00e9e et fond\u00e9e sur des donn\u00e9es objectives en vue d&rsquo;une am\u00e9lioration continue.<\/li>    <li>R\u00e9duire et \u00e9liminer les risques d\u00e9coulant de l&rsquo;activit\u00e9, gr\u00e2ce \u00e0 un syst\u00e8me d&rsquo;identification et d&rsquo;\u00e9valuation.<\/li>    <li>Concevoir l&rsquo;information et la formation continue comme la base pour que tout le personnel de l&rsquo;Organisation impliqu\u00e9 dans le traitement des donn\u00e9es personnelles s&rsquo;implique dans la protection de la vie priv\u00e9e des personnes concern\u00e9es et la con\u00e7oive comme un droit fondamental.<\/li>    <li>Garantir l&rsquo;exercice des droits de protection des donn\u00e9es personnelles, en assurant une r\u00e9ponse en temps et en forme.<\/li> <\/ol> <\/div> <\/div>","protected":false},"excerpt":{"rendered":"<p>La politique du syst\u00e8me de gestion de la confidentialit\u00e9 de GINEFIV, S.L., est fond\u00e9e sur les r\u00e8gles \u00e9nonc\u00e9es dans le&#8230;<\/p>\n","protected":false},"author":1,"featured_media":3513,"parent":0,"menu_order":0,"comment_status":"closed","ping_status":"closed","template":"","meta":{"_acf_changed":false,"footnotes":""},"class_list":["post-14367","page","type-page","status-publish","has-post-thumbnail","hentry"],"acf":[],"yoast_head":"<!-- This site is optimized with the Yoast SEO plugin v27.0 - https:\/\/yoast.com\/product\/yoast-seo-wordpress\/ -->\n<title>Pol\u00edtica del sistema de gesti\u00f3n de la privacidad | Ginefiv Espa\u00f1a<\/title>\n<meta name=\"robots\" content=\"noindex, follow\" \/>\n<meta property=\"og:locale\" content=\"fr_FR\" \/>\n<meta property=\"og:type\" content=\"article\" \/>\n<meta property=\"og:title\" content=\"Pol\u00edtica del sistema de gesti\u00f3n de la privacidad | Ginefiv Espa\u00f1a\" \/>\n<meta property=\"og:description\" content=\"La politique du syst\u00e8me de gestion de la confidentialit\u00e9 de GINEFIV, S.L., est fond\u00e9e sur les r\u00e8gles \u00e9nonc\u00e9es dans le...\" \/>\n<meta property=\"og:url\" content=\"https:\/\/www.ginefiv.com\/fr\/politique-confidentialite\/\" \/>\n<meta property=\"og:site_name\" content=\"Ginefiv Espa\u00f1a\" \/>\n<meta property=\"article:modified_time\" content=\"2024-09-21T08:51:20+00:00\" \/>\n<meta property=\"og:image\" content=\"https:\/\/www.ginefiv.com\/wp-content\/uploads\/2023\/10\/aviso-legal-1024x683.png\" \/>\n\t<meta property=\"og:image:width\" content=\"1024\" \/>\n\t<meta property=\"og:image:height\" content=\"683\" \/>\n\t<meta property=\"og:image:type\" content=\"image\/png\" \/>\n<meta name=\"twitter:card\" content=\"summary_large_image\" \/>\n<meta name=\"twitter:label1\" content=\"Dur\u00e9e de lecture estim\u00e9e\" \/>\n\t<meta name=\"twitter:data1\" content=\"3 minutes\" \/>\n<script type=\"application\/ld+json\" class=\"yoast-schema-graph\">{\"@context\":\"https:\/\/schema.org\",\"@graph\":[{\"@type\":\"WebPage\",\"@id\":\"https:\/\/www.ginefiv.com\/fr\/politique-confidentialite\/\",\"url\":\"https:\/\/www.ginefiv.com\/fr\/politique-confidentialite\/\",\"name\":\"Pol\u00edtica del sistema de gesti\u00f3n de la privacidad | Ginefiv Espa\u00f1a\",\"isPartOf\":{\"@id\":\"https:\/\/www.ginefiv.com\/fr\/#website\"},\"primaryImageOfPage\":{\"@id\":\"https:\/\/www.ginefiv.com\/fr\/politique-confidentialite\/#primaryimage\"},\"image\":{\"@id\":\"https:\/\/www.ginefiv.com\/fr\/politique-confidentialite\/#primaryimage\"},\"thumbnailUrl\":\"https:\/\/www.ginefiv.com\/wp-content\/uploads\/2023\/10\/aviso-legal.png\",\"datePublished\":\"2024-01-12T09:22:39+00:00\",\"dateModified\":\"2024-09-21T08:51:20+00:00\",\"breadcrumb\":{\"@id\":\"https:\/\/www.ginefiv.com\/fr\/politique-confidentialite\/#breadcrumb\"},\"inLanguage\":\"fr-FR\",\"potentialAction\":[{\"@type\":\"ReadAction\",\"target\":[\"https:\/\/www.ginefiv.com\/fr\/politique-confidentialite\/\"]}]},{\"@type\":\"ImageObject\",\"inLanguage\":\"fr-FR\",\"@id\":\"https:\/\/www.ginefiv.com\/fr\/politique-confidentialite\/#primaryimage\",\"url\":\"https:\/\/www.ginefiv.com\/wp-content\/uploads\/2023\/10\/aviso-legal.png\",\"contentUrl\":\"https:\/\/www.ginefiv.com\/wp-content\/uploads\/2023\/10\/aviso-legal.png\",\"width\":4500,\"height\":3000},{\"@type\":\"BreadcrumbList\",\"@id\":\"https:\/\/www.ginefiv.com\/fr\/politique-confidentialite\/#breadcrumb\",\"itemListElement\":[{\"@type\":\"ListItem\",\"position\":1,\"name\":\"Home\",\"item\":\"https:\/\/www.ginefiv.com\/fr\/\"},{\"@type\":\"ListItem\",\"position\":2,\"name\":\"Politique de confidentialit\u00e9\"}]},{\"@type\":\"WebSite\",\"@id\":\"https:\/\/www.ginefiv.com\/fr\/#website\",\"url\":\"https:\/\/www.ginefiv.com\/fr\/\",\"name\":\"Ginefiv Espa\u00f1a\",\"description\":\"Ginefiv, tu cl\u00ednica de reproducci\u00f3n asistida. 35 a\u00f1os de experiencia en inseminaci\u00f3n artificial y fecundaci\u00f3n in vitro\",\"publisher\":{\"@id\":\"https:\/\/www.ginefiv.com\/fr\/#organization\"},\"potentialAction\":[{\"@type\":\"SearchAction\",\"target\":{\"@type\":\"EntryPoint\",\"urlTemplate\":\"https:\/\/www.ginefiv.com\/fr\/?s={search_term_string}\"},\"query-input\":{\"@type\":\"PropertyValueSpecification\",\"valueRequired\":true,\"valueName\":\"search_term_string\"}}],\"inLanguage\":\"fr-FR\"},{\"@type\":\"Organization\",\"@id\":\"https:\/\/www.ginefiv.com\/fr\/#organization\",\"name\":\"Ginefiv\",\"url\":\"https:\/\/www.ginefiv.com\/fr\/\",\"logo\":{\"@type\":\"ImageObject\",\"inLanguage\":\"fr-FR\",\"@id\":\"https:\/\/www.ginefiv.com\/fr\/#\/schema\/logo\/image\/\",\"url\":\"https:\/\/www.ginefiv.com\/wp-content\/uploads\/2023\/12\/descarga.png\",\"contentUrl\":\"https:\/\/www.ginefiv.com\/wp-content\/uploads\/2023\/12\/descarga.png\",\"width\":437,\"height\":115,\"caption\":\"Ginefiv\"},\"image\":{\"@id\":\"https:\/\/www.ginefiv.com\/fr\/#\/schema\/logo\/image\/\"}}]}<\/script>\n<!-- \/ Yoast SEO plugin. -->","yoast_head_json":{"title":"Pol\u00edtica del sistema de gesti\u00f3n de la privacidad | Ginefiv Espa\u00f1a","robots":{"index":"noindex","follow":"follow"},"og_locale":"fr_FR","og_type":"article","og_title":"Pol\u00edtica del sistema de gesti\u00f3n de la privacidad | Ginefiv Espa\u00f1a","og_description":"La politique du syst\u00e8me de gestion de la confidentialit\u00e9 de GINEFIV, S.L., est fond\u00e9e sur les r\u00e8gles \u00e9nonc\u00e9es dans le...","og_url":"https:\/\/www.ginefiv.com\/fr\/politique-confidentialite\/","og_site_name":"Ginefiv Espa\u00f1a","article_modified_time":"2024-09-21T08:51:20+00:00","og_image":[{"width":1024,"height":683,"url":"https:\/\/www.ginefiv.com\/wp-content\/uploads\/2023\/10\/aviso-legal-1024x683.png","type":"image\/png"}],"twitter_card":"summary_large_image","twitter_misc":{"Dur\u00e9e de lecture estim\u00e9e":"3 minutes"},"schema":{"@context":"https:\/\/schema.org","@graph":[{"@type":"WebPage","@id":"https:\/\/www.ginefiv.com\/fr\/politique-confidentialite\/","url":"https:\/\/www.ginefiv.com\/fr\/politique-confidentialite\/","name":"Pol\u00edtica del sistema de gesti\u00f3n de la privacidad | Ginefiv Espa\u00f1a","isPartOf":{"@id":"https:\/\/www.ginefiv.com\/fr\/#website"},"primaryImageOfPage":{"@id":"https:\/\/www.ginefiv.com\/fr\/politique-confidentialite\/#primaryimage"},"image":{"@id":"https:\/\/www.ginefiv.com\/fr\/politique-confidentialite\/#primaryimage"},"thumbnailUrl":"https:\/\/www.ginefiv.com\/wp-content\/uploads\/2023\/10\/aviso-legal.png","datePublished":"2024-01-12T09:22:39+00:00","dateModified":"2024-09-21T08:51:20+00:00","breadcrumb":{"@id":"https:\/\/www.ginefiv.com\/fr\/politique-confidentialite\/#breadcrumb"},"inLanguage":"fr-FR","potentialAction":[{"@type":"ReadAction","target":["https:\/\/www.ginefiv.com\/fr\/politique-confidentialite\/"]}]},{"@type":"ImageObject","inLanguage":"fr-FR","@id":"https:\/\/www.ginefiv.com\/fr\/politique-confidentialite\/#primaryimage","url":"https:\/\/www.ginefiv.com\/wp-content\/uploads\/2023\/10\/aviso-legal.png","contentUrl":"https:\/\/www.ginefiv.com\/wp-content\/uploads\/2023\/10\/aviso-legal.png","width":4500,"height":3000},{"@type":"BreadcrumbList","@id":"https:\/\/www.ginefiv.com\/fr\/politique-confidentialite\/#breadcrumb","itemListElement":[{"@type":"ListItem","position":1,"name":"Home","item":"https:\/\/www.ginefiv.com\/fr\/"},{"@type":"ListItem","position":2,"name":"Politique de confidentialit\u00e9"}]},{"@type":"WebSite","@id":"https:\/\/www.ginefiv.com\/fr\/#website","url":"https:\/\/www.ginefiv.com\/fr\/","name":"Ginefiv Espa\u00f1a","description":"Ginefiv, tu cl\u00ednica de reproducci\u00f3n asistida. 35 a\u00f1os de experiencia en inseminaci\u00f3n artificial y fecundaci\u00f3n in vitro","publisher":{"@id":"https:\/\/www.ginefiv.com\/fr\/#organization"},"potentialAction":[{"@type":"SearchAction","target":{"@type":"EntryPoint","urlTemplate":"https:\/\/www.ginefiv.com\/fr\/?s={search_term_string}"},"query-input":{"@type":"PropertyValueSpecification","valueRequired":true,"valueName":"search_term_string"}}],"inLanguage":"fr-FR"},{"@type":"Organization","@id":"https:\/\/www.ginefiv.com\/fr\/#organization","name":"Ginefiv","url":"https:\/\/www.ginefiv.com\/fr\/","logo":{"@type":"ImageObject","inLanguage":"fr-FR","@id":"https:\/\/www.ginefiv.com\/fr\/#\/schema\/logo\/image\/","url":"https:\/\/www.ginefiv.com\/wp-content\/uploads\/2023\/12\/descarga.png","contentUrl":"https:\/\/www.ginefiv.com\/wp-content\/uploads\/2023\/12\/descarga.png","width":437,"height":115,"caption":"Ginefiv"},"image":{"@id":"https:\/\/www.ginefiv.com\/fr\/#\/schema\/logo\/image\/"}}]}},"_links":{"self":[{"href":"https:\/\/www.ginefiv.com\/fr\/wp-json\/wp\/v2\/pages\/14367","targetHints":{"allow":["GET"]}}],"collection":[{"href":"https:\/\/www.ginefiv.com\/fr\/wp-json\/wp\/v2\/pages"}],"about":[{"href":"https:\/\/www.ginefiv.com\/fr\/wp-json\/wp\/v2\/types\/page"}],"author":[{"embeddable":true,"href":"https:\/\/www.ginefiv.com\/fr\/wp-json\/wp\/v2\/users\/1"}],"replies":[{"embeddable":true,"href":"https:\/\/www.ginefiv.com\/fr\/wp-json\/wp\/v2\/comments?post=14367"}],"version-history":[{"count":0,"href":"https:\/\/www.ginefiv.com\/fr\/wp-json\/wp\/v2\/pages\/14367\/revisions"}],"wp:featuredmedia":[{"embeddable":true,"href":"https:\/\/www.ginefiv.com\/fr\/wp-json\/wp\/v2\/media\/3513"}],"wp:attachment":[{"href":"https:\/\/www.ginefiv.com\/fr\/wp-json\/wp\/v2\/media?parent=14367"}],"curies":[{"name":"wp","href":"https:\/\/api.w.org\/{rel}","templated":true}]}}