











{"id":15441,"date":"2024-01-25T10:52:28","date_gmt":"2024-01-25T10:52:28","guid":{"rendered":"https:\/\/www.ginefiv.com\/?page_id=15441"},"modified":"2024-08-29T08:01:59","modified_gmt":"2024-08-29T08:01:59","slug":"merci-rdv","status":"publish","type":"page","link":"https:\/\/www.ginefiv.com\/fr\/merci-rdv\/","title":{"rendered":"Merci RDV"},"content":{"rendered":"<section class=\"page-cover has-thumbnail dark-theme\">   <div class=\"page-cover__container container\">     <div class=\"row\">       <div class=\"col-12 col-lg-8\">         <div class=\"page-cover__heading\">           <div class=\"page-cover__heading-wrapper\">                           <div class=\"page-cover__heading-title heading-title title-display hero-title\">               <h1 class=\"title-display\">Merci de remplir le formulaire<\/h1>             <\/div>                                     <\/div>         <\/div>       <\/div>     <\/div>   <\/div>         <div class=\"parallax-trigger fullsize page-cover-thumbnail\" data-magic=\"parallax\">       <picture class=\"page-cover__picture parallax-trigger__item\" data-item=\"parallax-item\">         <img decoding=\"async\" src=\"https:\/\/www.ginefiv.com\/wp-content\/uploads\/2023\/12\/precios.jpg\" alt=\"Merci RDV\">       <\/picture>     <\/div>     <\/section>   <div class=\"wp-block-columns is-layout-flex wp-container-core-columns-is-layout-28f84493 wp-block-columns-is-layout-flex\"> <div class=\"wp-block-column is-layout-flow wp-block-column-is-layout-flow\"> <div style=\"height:2rem\" aria-hidden=\"true\" class=\"wp-block-spacer\"><\/div>    <p class=\"has-text-align-center\"><strong>Votre message a bien \u00e9t\u00e9 re\u00e7u<\/strong>, vous recevrez une r\u00e9ponse.<\/p>    <div style=\"height:2rem\" aria-hidden=\"true\" class=\"wp-block-spacer\"><\/div> <\/div> <\/div>","protected":false},"excerpt":{"rendered":"<p>Votre message a bien \u00e9t\u00e9 re\u00e7u, vous recevrez une r\u00e9ponse.<\/p>\n","protected":false},"author":1,"featured_media":13011,"parent":0,"menu_order":0,"comment_status":"closed","ping_status":"closed","template":"","meta":{"_acf_changed":false,"footnotes":""},"class_list":["post-15441","page","type-page","status-publish","has-post-thumbnail","hentry"],"acf":[],"yoast_head":"<!-- This site is optimized with the Yoast SEO plugin v27.0 - https:\/\/yoast.com\/product\/yoast-seo-wordpress\/ -->\n<title>Merci de remplir le formulaire | Ginefiv Espa\u00f1a<\/title>\n<meta name=\"robots\" content=\"noindex, follow\" \/>\n<meta property=\"og:locale\" content=\"fr_FR\" \/>\n<meta property=\"og:type\" content=\"article\" \/>\n<meta property=\"og:title\" content=\"Merci de remplir le formulaire | Ginefiv Espa\u00f1a\" \/>\n<meta property=\"og:description\" content=\"Votre message a bien \u00e9t\u00e9 re\u00e7u, vous recevrez une r\u00e9ponse.\" \/>\n<meta property=\"og:url\" content=\"https:\/\/www.ginefiv.com\/fr\/merci-rdv\/\" \/>\n<meta property=\"og:site_name\" content=\"Ginefiv Espa\u00f1a\" \/>\n<meta property=\"article:modified_time\" content=\"2024-08-29T08:01:59+00:00\" \/>\n<meta property=\"og:image\" content=\"https:\/\/www.ginefiv.com\/wp-content\/uploads\/2023\/12\/precios.jpg\" \/>\n\t<meta property=\"og:image:width\" content=\"1280\" \/>\n\t<meta property=\"og:image:height\" content=\"991\" \/>\n\t<meta property=\"og:image:type\" content=\"image\/jpeg\" \/>\n<meta name=\"twitter:card\" content=\"summary_large_image\" \/>\n<meta name=\"twitter:label1\" content=\"Dur\u00e9e de lecture estim\u00e9e\" \/>\n\t<meta name=\"twitter:data1\" content=\"1 minute\" \/>\n<script type=\"application\/ld+json\" class=\"yoast-schema-graph\">{\"@context\":\"https:\/\/schema.org\",\"@graph\":[{\"@type\":\"WebPage\",\"@id\":\"https:\/\/www.ginefiv.com\/fr\/merci-rdv\/\",\"url\":\"https:\/\/www.ginefiv.com\/fr\/merci-rdv\/\",\"name\":\"Merci de remplir le formulaire | Ginefiv Espa\u00f1a\",\"isPartOf\":{\"@id\":\"https:\/\/www.ginefiv.com\/fr\/#website\"},\"primaryImageOfPage\":{\"@id\":\"https:\/\/www.ginefiv.com\/fr\/merci-rdv\/#primaryimage\"},\"image\":{\"@id\":\"https:\/\/www.ginefiv.com\/fr\/merci-rdv\/#primaryimage\"},\"thumbnailUrl\":\"https:\/\/www.ginefiv.com\/wp-content\/uploads\/2023\/12\/precios.jpg\",\"datePublished\":\"2024-01-25T10:52:28+00:00\",\"dateModified\":\"2024-08-29T08:01:59+00:00\",\"breadcrumb\":{\"@id\":\"https:\/\/www.ginefiv.com\/fr\/merci-rdv\/#breadcrumb\"},\"inLanguage\":\"fr-FR\",\"potentialAction\":[{\"@type\":\"ReadAction\",\"target\":[\"https:\/\/www.ginefiv.com\/fr\/merci-rdv\/\"]}]},{\"@type\":\"ImageObject\",\"inLanguage\":\"fr-FR\",\"@id\":\"https:\/\/www.ginefiv.com\/fr\/merci-rdv\/#primaryimage\",\"url\":\"https:\/\/www.ginefiv.com\/wp-content\/uploads\/2023\/12\/precios.jpg\",\"contentUrl\":\"https:\/\/www.ginefiv.com\/wp-content\/uploads\/2023\/12\/precios.jpg\",\"width\":1280,\"height\":991},{\"@type\":\"BreadcrumbList\",\"@id\":\"https:\/\/www.ginefiv.com\/fr\/merci-rdv\/#breadcrumb\",\"itemListElement\":[{\"@type\":\"ListItem\",\"position\":1,\"name\":\"Home\",\"item\":\"https:\/\/www.ginefiv.com\/fr\/\"},{\"@type\":\"ListItem\",\"position\":2,\"name\":\"Merci RDV\"}]},{\"@type\":\"WebSite\",\"@id\":\"https:\/\/www.ginefiv.com\/fr\/#website\",\"url\":\"https:\/\/www.ginefiv.com\/fr\/\",\"name\":\"Ginefiv Espa\u00f1a\",\"description\":\"Ginefiv, tu cl\u00ednica de reproducci\u00f3n asistida. 35 a\u00f1os de experiencia en inseminaci\u00f3n artificial y fecundaci\u00f3n in vitro\",\"publisher\":{\"@id\":\"https:\/\/www.ginefiv.com\/fr\/#organization\"},\"potentialAction\":[{\"@type\":\"SearchAction\",\"target\":{\"@type\":\"EntryPoint\",\"urlTemplate\":\"https:\/\/www.ginefiv.com\/fr\/?s={search_term_string}\"},\"query-input\":{\"@type\":\"PropertyValueSpecification\",\"valueRequired\":true,\"valueName\":\"search_term_string\"}}],\"inLanguage\":\"fr-FR\"},{\"@type\":\"Organization\",\"@id\":\"https:\/\/www.ginefiv.com\/fr\/#organization\",\"name\":\"Ginefiv\",\"url\":\"https:\/\/www.ginefiv.com\/fr\/\",\"logo\":{\"@type\":\"ImageObject\",\"inLanguage\":\"fr-FR\",\"@id\":\"https:\/\/www.ginefiv.com\/fr\/#\/schema\/logo\/image\/\",\"url\":\"https:\/\/www.ginefiv.com\/wp-content\/uploads\/2023\/12\/descarga.png\",\"contentUrl\":\"https:\/\/www.ginefiv.com\/wp-content\/uploads\/2023\/12\/descarga.png\",\"width\":437,\"height\":115,\"caption\":\"Ginefiv\"},\"image\":{\"@id\":\"https:\/\/www.ginefiv.com\/fr\/#\/schema\/logo\/image\/\"}}]}<\/script>\n<!-- \/ Yoast SEO plugin. -->","yoast_head_json":{"title":"Merci de remplir le formulaire | Ginefiv Espa\u00f1a","robots":{"index":"noindex","follow":"follow"},"og_locale":"fr_FR","og_type":"article","og_title":"Merci de remplir le formulaire | Ginefiv Espa\u00f1a","og_description":"Votre message a bien \u00e9t\u00e9 re\u00e7u, vous recevrez une r\u00e9ponse.","og_url":"https:\/\/www.ginefiv.com\/fr\/merci-rdv\/","og_site_name":"Ginefiv Espa\u00f1a","article_modified_time":"2024-08-29T08:01:59+00:00","og_image":[{"width":1280,"height":991,"url":"https:\/\/www.ginefiv.com\/wp-content\/uploads\/2023\/12\/precios.jpg","type":"image\/jpeg"}],"twitter_card":"summary_large_image","twitter_misc":{"Dur\u00e9e de lecture estim\u00e9e":"1 minute"},"schema":{"@context":"https:\/\/schema.org","@graph":[{"@type":"WebPage","@id":"https:\/\/www.ginefiv.com\/fr\/merci-rdv\/","url":"https:\/\/www.ginefiv.com\/fr\/merci-rdv\/","name":"Merci de remplir le formulaire | Ginefiv Espa\u00f1a","isPartOf":{"@id":"https:\/\/www.ginefiv.com\/fr\/#website"},"primaryImageOfPage":{"@id":"https:\/\/www.ginefiv.com\/fr\/merci-rdv\/#primaryimage"},"image":{"@id":"https:\/\/www.ginefiv.com\/fr\/merci-rdv\/#primaryimage"},"thumbnailUrl":"https:\/\/www.ginefiv.com\/wp-content\/uploads\/2023\/12\/precios.jpg","datePublished":"2024-01-25T10:52:28+00:00","dateModified":"2024-08-29T08:01:59+00:00","breadcrumb":{"@id":"https:\/\/www.ginefiv.com\/fr\/merci-rdv\/#breadcrumb"},"inLanguage":"fr-FR","potentialAction":[{"@type":"ReadAction","target":["https:\/\/www.ginefiv.com\/fr\/merci-rdv\/"]}]},{"@type":"ImageObject","inLanguage":"fr-FR","@id":"https:\/\/www.ginefiv.com\/fr\/merci-rdv\/#primaryimage","url":"https:\/\/www.ginefiv.com\/wp-content\/uploads\/2023\/12\/precios.jpg","contentUrl":"https:\/\/www.ginefiv.com\/wp-content\/uploads\/2023\/12\/precios.jpg","width":1280,"height":991},{"@type":"BreadcrumbList","@id":"https:\/\/www.ginefiv.com\/fr\/merci-rdv\/#breadcrumb","itemListElement":[{"@type":"ListItem","position":1,"name":"Home","item":"https:\/\/www.ginefiv.com\/fr\/"},{"@type":"ListItem","position":2,"name":"Merci RDV"}]},{"@type":"WebSite","@id":"https:\/\/www.ginefiv.com\/fr\/#website","url":"https:\/\/www.ginefiv.com\/fr\/","name":"Ginefiv Espa\u00f1a","description":"Ginefiv, tu cl\u00ednica de reproducci\u00f3n asistida. 35 a\u00f1os de experiencia en inseminaci\u00f3n artificial y fecundaci\u00f3n in vitro","publisher":{"@id":"https:\/\/www.ginefiv.com\/fr\/#organization"},"potentialAction":[{"@type":"SearchAction","target":{"@type":"EntryPoint","urlTemplate":"https:\/\/www.ginefiv.com\/fr\/?s={search_term_string}"},"query-input":{"@type":"PropertyValueSpecification","valueRequired":true,"valueName":"search_term_string"}}],"inLanguage":"fr-FR"},{"@type":"Organization","@id":"https:\/\/www.ginefiv.com\/fr\/#organization","name":"Ginefiv","url":"https:\/\/www.ginefiv.com\/fr\/","logo":{"@type":"ImageObject","inLanguage":"fr-FR","@id":"https:\/\/www.ginefiv.com\/fr\/#\/schema\/logo\/image\/","url":"https:\/\/www.ginefiv.com\/wp-content\/uploads\/2023\/12\/descarga.png","contentUrl":"https:\/\/www.ginefiv.com\/wp-content\/uploads\/2023\/12\/descarga.png","width":437,"height":115,"caption":"Ginefiv"},"image":{"@id":"https:\/\/www.ginefiv.com\/fr\/#\/schema\/logo\/image\/"}}]}},"_links":{"self":[{"href":"https:\/\/www.ginefiv.com\/fr\/wp-json\/wp\/v2\/pages\/15441","targetHints":{"allow":["GET"]}}],"collection":[{"href":"https:\/\/www.ginefiv.com\/fr\/wp-json\/wp\/v2\/pages"}],"about":[{"href":"https:\/\/www.ginefiv.com\/fr\/wp-json\/wp\/v2\/types\/page"}],"author":[{"embeddable":true,"href":"https:\/\/www.ginefiv.com\/fr\/wp-json\/wp\/v2\/users\/1"}],"replies":[{"embeddable":true,"href":"https:\/\/www.ginefiv.com\/fr\/wp-json\/wp\/v2\/comments?post=15441"}],"version-history":[{"count":0,"href":"https:\/\/www.ginefiv.com\/fr\/wp-json\/wp\/v2\/pages\/15441\/revisions"}],"wp:featuredmedia":[{"embeddable":true,"href":"https:\/\/www.ginefiv.com\/fr\/wp-json\/wp\/v2\/media\/13011"}],"wp:attachment":[{"href":"https:\/\/www.ginefiv.com\/fr\/wp-json\/wp\/v2\/media?parent=15441"}],"curies":[{"name":"wp","href":"https:\/\/api.w.org\/{rel}","templated":true}]}}