











{"id":18983,"date":"2024-02-27T14:58:46","date_gmt":"2024-02-27T14:58:46","guid":{"rendered":"https:\/\/www.ginefiv.com\/?page_id=18983"},"modified":"2024-09-22T09:15:23","modified_gmt":"2024-09-22T09:15:23","slug":"barcelone","status":"publish","type":"page","link":"https:\/\/www.ginefiv.com\/fr\/cliniques\/barcelone\/","title":{"rendered":"Barcelone"},"content":{"rendered":"<div class=\"wp-block-cover\" style=\"min-height:80vh;aspect-ratio:unset;\"><span aria-hidden=\"true\" class=\"wp-block-cover__background has-background-dim\"><\/span><img loading=\"lazy\" decoding=\"async\" width=\"1919\" height=\"1079\" class=\"wp-block-cover__image-background wp-image-2083\" alt=\"\" src=\"https:\/\/www.ginefiv.com\/wp-content\/uploads\/2023\/09\/clinica_bcn.webp\" data-object-fit=\"cover\" srcset=\"https:\/\/www.ginefiv.com\/wp-content\/uploads\/2023\/09\/clinica_bcn.webp 1919w, https:\/\/www.ginefiv.com\/wp-content\/uploads\/2023\/09\/clinica_bcn-300x169.webp 300w, https:\/\/www.ginefiv.com\/wp-content\/uploads\/2023\/09\/clinica_bcn-1024x576.webp 1024w, https:\/\/www.ginefiv.com\/wp-content\/uploads\/2023\/09\/clinica_bcn-768x432.webp 768w\" sizes=\"auto, (max-width: 1919px) 100vw, 1919px\" \/><div class=\"wp-block-cover__inner-container is-layout-constrained wp-block-cover-is-layout-constrained\"> <div class=\"wp-block-columns is-layout-flex wp-container-core-columns-is-layout-28f84493 wp-block-columns-is-layout-flex\"> <div class=\"wp-block-column is-layout-flow wp-block-column-is-layout-flow\"> <h1 class=\"wp-block-heading\">Clinique de PMA Ginefiv<br>Barcelone<\/h1> <\/div>    <div class=\"wp-block-column is-layout-flow wp-block-column-is-layout-flow\"><\/div> <\/div> <\/div><\/div>    <section class=\"wp-block-breadcrumbs\">   <div class=\"content-wrapper\">     <ul>                   <li>               <a href=\"https:\/\/www.ginefiv.com\/fr\/\" title=\"Ginefiv Espa\u00f1a\">                 Ginefiv              <\/a>             <\/li>                         <li>               <span class=\"current\" title=\"Barcelone\">                 Barcelone              <\/span>             <\/li>                 <\/ul>   <\/div> <\/section>    <div class=\"wp-block-columns is-layout-flex wp-container-core-columns-is-layout-28f84493 wp-block-columns-is-layout-flex\"> <div class=\"wp-block-column is-layout-flow wp-block-column-is-layout-flow\"> <h2 class=\"wp-block-heading\">Design et technologie de pointe<\/h2> <\/div> <\/div>    <div class=\"wp-block-columns is-layout-flex wp-container-core-columns-is-layout-28f84493 wp-block-columns-is-layout-flex\"> <div class=\"wp-block-column is-layout-flow wp-block-column-is-layout-flow\"> <p>Design et technologie de pointe Notre nouvelle clinique Ginefiv \u00e0 Barcelone, c\u2019est 1 100 m2 de design tout confort en plein centre de Barcelone.<\/p>    <p>Dot\u00e9e des derni\u00e8res avanc\u00e9es technologiques en mati\u00e8re de procr\u00e9ation m\u00e9dicalement assist\u00e9e et forte de plus de 30 ans d\u2019exp\u00e9rience dans le traitement de l\u2019infertilit\u00e9, la clinique Ginefiv de Barcelone a \u00e9t\u00e9 soigneusement con\u00e7ue dans les moindres d\u00e9tails avec un double objectif:<\/p>    <p>Que nos patients se sentent \u00e0 l\u2019aise et bien accompagn\u00e9s lors de leur parcours dans notre centre.<\/p>    <p>Que notre \u00e9quipe puisse offrir \u00e0 nos patients une prise en charge d&rsquo;une qualit\u00e9 maximale dans les plus strictes conditions de s\u00e9curit\u00e9<\/p> <\/div>    <div class=\"wp-block-column is-layout-flow wp-block-column-is-layout-flow\"> <p>Les locaux et les \u00e9quipements de Ginefiv \u00e0 Barcelone sont \u00e0 la pointe de la technologie en mati\u00e8re de PMA. Ils ont \u00e9t\u00e9 sp\u00e9cialement con\u00e7us pour garantir une s\u00e9curit\u00e9 et une qualit\u00e9 optimales, afin de veiller au succ\u00e8s de chaque \u00e9tape de nos traitements, qu\u2019il s\u2019agisse d\u2019une ins\u00e9mination artificielle, d\u2019une f\u00e9condation in vitro, d\u2019un don d\u2019ovocytes ou d\u2019une pr\u00e9servation de la fertilit\u00e9.<\/p>    <p><a href=\"https:\/\/www.ginefiv.com\/fr\/pma\/insemination-artificielle\/\">Ins\u00e9mination artificielle \u00e0 Barcelone<\/a><\/p>    <p><a href=\"https:\/\/www.ginefiv.com\/fr\/pma\/fiv\/\">F\u00e9condation in vitro \u00e0 Barcelone<\/a><\/p>    <p><a href=\"https:\/\/www.ginefiv.com\/fr\/pma\/programme-reception-ovocytes\/\">Don d&rsquo;ovocytes \u00e0 Barcelone<\/a><\/p>    <p><a href=\"https:\/\/www.ginefiv.com\/fr\/pma\/preservation-de-la-fertilite-feminine\/\">Pr\u00e9servation de la fertilit\u00e9 \u00e1 Barcelone<\/a><\/p>    <p><a href=\"https:\/\/www.ginefiv.com\/fr\/treatment\/insemination-artificielle\/\"><\/a><\/p> <\/div> <\/div>    <section class=\"content-wrapper content-location\">    <div class=\"block-columns pb-4\">          <div class=\"wp-block-column\">       <h3 class=\"wp-block-heading\">         Barcelona      <\/h3>     <\/div>    <\/div>    <div class=\"wp-block-columns content-location--grid\">      <div class=\"wp-block-column\">       <div class=\"flex-location-item\">         <div class=\"flex-location-item--icon\">           <img decoding=\"async\" src=\"https:\/\/www.ginefiv.com\/wp-content\/themes\/wac-theme\/assets\/images\/icons\/clinic_address.webp\" alt=\"Address image\">         <\/div>         <div class=\"flex-location-item--desc\">           <p class=\"pb-2\"><strong>Adresse<\/strong><\/p>           Gran V\u00eda de Les Corts Catalanes, 456 \u2013 08015 Barcelona        <\/div>       <\/div>        <div class=\"flex-location-item\">       <div class=\"flex-location-item--icon\">           <img decoding=\"async\" src=\"https:\/\/www.ginefiv.com\/wp-content\/themes\/wac-theme\/assets\/images\/icons\/clinic_schedule.webp\" alt=\"Schedule image\">         <\/div>         <div class=\"flex-location-item--desc\">           <p class=\"pb-2\"><strong>Horaires<\/strong><\/p>                       <p class=\"pb-0\">               <strong>Du lundi au vendredi<\/strong>:               de 09:00h \u00e0 19:30h            <\/p>                   <\/div>       <\/div>        <div class=\"flex-location-item\">         <div class=\"flex-location-item--icon\">           <img decoding=\"async\" src=\"https:\/\/www.ginefiv.com\/wp-content\/themes\/wac-theme\/assets\/images\/icons\/clinic_phone.webp\" alt=\"Contact image\">         <\/div>         <div class=\"flex-location-item--desc\">           <p class=\"pb-2\"><strong>T\u00e9l\u00e9phone<\/strong><\/p>                       <p class=\"pb-0\">               <strong> Heures d&rsquo;ouverture du lundi au vendredi de 9:00h \u00e0 21:00h<\/strong>               <br>               0033 182 88 31 03 o (+34) 917 888 080              <br><br>             <\/p>                   <\/div>       <\/div>      <\/div>      <div class=\"wp-block-column\">       <iframe src=\"https:\/\/www.google.com\/maps\/embed?pb=!1m18!1m12!1m3!1d2993.781357392319!2d2.1523738765658007!3d41.37883479652481!2m3!1f0!2f0!3f0!3m2!1i1024!2i768!4f13.1!3m3!1m2!1s0x12a4a3ec97e0d613%3A0xb00c48b33152ca3d!2sCl%C3%ADnica%20Ginefiv%20Barcelona%20-%20Cl%C3%ADnica%20de%20Reproducci%C3%B3n%20Asistida%20(Fertilidad%3A%20Fecunfaci%C3%B3n%20in%20vitro%2C%20Inseminaci%C3%B3n%20Artificial)!5e0!3m2!1sfr!2sfr!4v1717509387199!5m2!1sfr!2sfr\" width=\"600\" height=\"450\" allowfullscreen=\"\" loading=\"lazy\" referrerpolicy=\"no-referrer-when-downgrade\"><\/iframe>    <\/div>    <\/div>  <\/section>   <div class=\"wp-block-columns alignfull has-pale-peach-background-color has-background is-layout-flex wp-container-core-columns-is-layout-28f84493 wp-block-columns-is-layout-flex\"> <div class=\"wp-block-column is-layout-flow wp-block-column-is-layout-flow\"> <div class=\"wp-block-columns is-layout-flex wp-container-core-columns-is-layout-28f84493 wp-block-columns-is-layout-flex\"> <div class=\"wp-block-column is-layout-flow wp-block-column-is-layout-flow\"> <h2 class=\"wp-block-heading\">Sollicitez ici votre premi\u00e8re visite<\/h2>    <div class=\"wpcf7 no-js\" id=\"wpcf7-f8607-o1\" lang=\"fr-FR\" dir=\"ltr\" data-wpcf7-id=\"8607\"> <div class=\"screen-reader-response\"><p role=\"status\" aria-live=\"polite\" aria-atomic=\"true\"><\/p> <ul><\/ul><\/div> <form action=\"\/fr\/wp-json\/wp\/v2\/pages\/18983#wpcf7-f8607-o1\" method=\"post\" class=\"wpcf7-form init\" aria-label=\"Formulaire de contact\" novalidate=\"novalidate\" data-status=\"init\"> <fieldset class=\"hidden-fields-container\"><input type=\"hidden\" name=\"_wpcf7\" value=\"8607\" \/><input type=\"hidden\" name=\"_wpcf7_version\" value=\"6.1.5\" \/><input type=\"hidden\" name=\"_wpcf7_locale\" value=\"fr_FR\" \/><input type=\"hidden\" name=\"_wpcf7_unit_tag\" value=\"wpcf7-f8607-o1\" \/><input type=\"hidden\" name=\"_wpcf7_container_post\" value=\"0\" \/><input type=\"hidden\" name=\"_wpcf7_posted_data_hash\" value=\"\" \/><input type=\"hidden\" name=\"_wpcf7_recaptcha_response\" value=\"\" \/> <\/fieldset> <div class=\"row\">   <div class=\"col-6\">     <label class=\"w-100\"> Pr\u00e9nom <span class=\"form-required-decorator\">*<\/span>     <span class=\"wpcf7-form-control-wrap\" data-name=\"firstname\"><input size=\"40\" maxlength=\"400\" class=\"wpcf7-form-control wpcf7-text wpcf7-validates-as-required\" aria-required=\"true\" aria-invalid=\"false\" value=\"\" type=\"text\" name=\"firstname\" \/><\/span> <\/label>   <\/div>    <div class=\"col-6\">     <label class=\"w-100\"> Nom <span class=\"form-required-decorator\">*<\/span>     <span class=\"wpcf7-form-control-wrap\" data-name=\"apellidos\"><input size=\"40\" maxlength=\"400\" class=\"wpcf7-form-control wpcf7-text wpcf7-validates-as-required\" aria-required=\"true\" aria-invalid=\"false\" value=\"\" type=\"text\" name=\"apellidos\" \/><\/span> <\/label>   <\/div> <\/div>  <div class=\"row\">   <div class=\"col-12\">     <label class=\"w-100\"> \u00c2ge <span class=\"form-required-decorator\">*<\/span>     <span class=\"wpcf7-form-control-wrap\" data-name=\"edad\"><input class=\"wpcf7-form-control wpcf7-number wpcf7-validates-as-required wpcf7-validates-as-number\" aria-required=\"true\" aria-invalid=\"false\" value=\"\" type=\"number\" name=\"edad\" \/><\/span> <\/label>   <\/div> <\/div>  <div class=\"row\">   <div class=\"col-12\">     <label class=\"w-100\"> Choisissez votre clinique <span class=\"form-required-decorator\">*<\/span>     <select name=\"elige_tu_clinica\" class=\"wpcf7-validates-as-required\" id=\"elige_tu_clinica\" aria-required=\"true\" required=\"required\" aria-invalid=\"false\"> <option value=\"Zurbano-Mtnez\">Madrid (Zurbano-Mtnez. Campos)<\/option><option value=\"Barcelona\">Barcelona<\/option> <\/select> <\/label>   <\/div> <\/div>  <div class=\"row\">   <div class=\"col-6\">     <label class=\"w-100\"> T\u00e9l\u00e9phone <span class=\"form-required-decorator\">*<\/span>     <span class=\"wpcf7-form-control-wrap\" data-name=\"phone\"><input size=\"40\" maxlength=\"400\" class=\"wpcf7-form-control wpcf7-tel wpcf7-validates-as-required wpcf7-text wpcf7-validates-as-tel wpcf7-tel-fr\" aria-required=\"true\" aria-invalid=\"false\" value=\"\" type=\"tel\" name=\"phone\" \/><\/span> <\/label>   <\/div>    <div class=\"col-6\">     <label class=\"w-100\"> Email <span class=\"form-required-decorator\">*<\/span>     <span class=\"wpcf7-form-control-wrap\" data-name=\"email\"><input size=\"40\" maxlength=\"400\" class=\"wpcf7-form-control wpcf7-email wpcf7-validates-as-required wpcf7-text wpcf7-validates-as-email\" autocomplete=\"email\" aria-required=\"true\" aria-invalid=\"false\" value=\"\" type=\"email\" name=\"email\" \/><\/span> <\/label>   <\/div> <\/div>  <div class=\"row\">   <div class=\"col-12\">     <label> Contactez moi <\/label>     <span class=\"wpcf7-form-control-wrap\" data-name=\"contactarme_por__form_contacto_\"><span class=\"wpcf7-form-control wpcf7-radio radio-list-container\"><span class=\"wpcf7-list-item first\"><label><input type=\"radio\" name=\"contactarme_por__form_contacto_\" value=\"T\u00e9l\u00e9phone\" checked=\"checked\" \/><span class=\"wpcf7-list-item-label\">T\u00e9l\u00e9phone<\/span><\/label><\/span><span class=\"wpcf7-list-item last\"><label><input type=\"radio\" name=\"contactarme_por__form_contacto_\" value=\"Email\" \/><span class=\"wpcf7-list-item-label\">Email<\/span><\/label><\/span><\/span><\/span>   <\/div> <\/div>  <div class=\"row\">   <div class=\"col-12\">     <label class=\"w-100\"> Heures auxquelles nous pouvons vous joindre     <span class=\"wpcf7-form-control-wrap\" data-name=\"group_contacto_horario\"><input size=\"40\" maxlength=\"400\" class=\"wpcf7-form-control wpcf7-text col-12\" aria-invalid=\"false\" value=\"\" type=\"text\" name=\"group_contacto_horario\" \/><\/span> <\/label>   <\/div> <\/div>  <div class=\"row\">   <div class=\"col-12\">     <label class=\"w-100\"> Votre message     <span class=\"wpcf7-form-control-wrap\" data-name=\"observaciones\"><textarea cols=\"40\" rows=\"10\" maxlength=\"2000\" class=\"wpcf7-form-control wpcf7-textarea col-12\" aria-invalid=\"false\" name=\"observaciones\"><\/textarea><\/span> <\/label>   <\/div> <\/div>  <div class=\"row\">   <div class=\"col-12\">     <div class=\"acceptance-container\">       <span class=\"wpcf7-form-control-wrap\" data-name=\"legal_consent\"><span class=\"wpcf7-form-control wpcf7-acceptance\"><span class=\"wpcf7-list-item\"><input type=\"checkbox\" name=\"legal_consent\" value=\"1\" class=\"acceptance-container__shortcode\" aria-invalid=\"false\" \/><\/span><\/span><\/span>       <label class=\"acceptance-label\">J'ai lu et accepte dans son int\u00e9gralit\u00e9 la <a href=\"https:\/\/www.ginefiv.com\/fr\/politique-confidentialite\/\" target=\"_blank\">Protection des donn\u00e9es au sein de Ginefiv<\/a> \u00a0ainsi que les <a href=\"https:\/\/www.ginefiv.com\/fr\/avis-legal\/\" target=\"_blank\">Mentions l\u00e9gales<\/a><span class=\"form-required-decorator\">*<\/span><\/label>     <\/div>   <\/div>    <div class=\"col-12\">     <label> En cliquant sur \u00ab Envoyer \u00bb ci-dessous, vous autorisez l\u2019entreprise Ginefiv \u00e0 stocker et traiter les donn\u00e9es personnelles soumises ci-dessus afin qu\u2019elle vous fournisse le contenu demand\u00e9.<\/label>   <\/div> <\/div>  <input class=\"wpcf7-form-control wpcf7-hidden\" id=\"form-name\" value=\"appointment_fr\" type=\"hidden\" name=\"form-name\" \/> <input type=\"hidden\" name=\"utm_campaign\" value=\"\" \/>   <input type=\"hidden\" name=\"utm_source\" value=\"\" \/>   <input type=\"hidden\" name=\"utm_medium\" value=\"\" \/>   <input type=\"hidden\" name=\"utm_term\" value=\"\" \/>   <input type=\"hidden\" name=\"utm_content\" value=\"\" \/>   <input type=\"hidden\" name=\"gclid\" value=\"\" \/>  <input class=\"wpcf7-form-control wpcf7-submit has-spinner\" type=\"submit\" value=\"Soumettre\" \/><div class=\"wpcf7-response-output\" aria-hidden=\"true\"><\/div> <\/form> <\/div>  <\/div> <\/div> <\/div> <\/div>","protected":false},"excerpt":{"rendered":"<p>Design et technologie de pointe Design et technologie de pointe Notre nouvelle clinique Ginefiv \u00e0 Barcelone, c\u2019est 1 100 m2&#8230;<\/p>\n","protected":false},"author":1,"featured_media":0,"parent":8374,"menu_order":0,"comment_status":"closed","ping_status":"closed","template":"","meta":{"_acf_changed":false,"footnotes":""},"class_list":["post-18983","page","type-page","status-publish","hentry"],"acf":[],"yoast_head":"<!-- This site is optimized with the Yoast SEO plugin v27.0 - https:\/\/yoast.com\/product\/yoast-seo-wordpress\/ -->\n<title>Clinique de PMA \u00e0 Barcelone | Ginefiv Espa\u00f1a<\/title>\n<meta name=\"description\" content=\"Notre clinique Ginefiv \u00e0 Barcelone met \u00e0 votre disposition un avec les derni\u00e8res avanc\u00e9es technologiques en mati\u00e8re de procr\u00e9ation assist\u00e9e\" \/>\n<meta name=\"robots\" content=\"index, follow, max-snippet:-1, max-image-preview:large, max-video-preview:-1\" \/>\n<link rel=\"canonical\" href=\"https:\/\/www.ginefiv.com\/fr\/cliniques\/barcelone\/\" \/>\n<meta property=\"og:locale\" content=\"fr_FR\" \/>\n<meta property=\"og:type\" content=\"article\" \/>\n<meta property=\"og:title\" content=\"Clinique de PMA \u00e0 Barcelone | Ginefiv Espa\u00f1a\" \/>\n<meta property=\"og:description\" content=\"Notre clinique Ginefiv \u00e0 Barcelone met \u00e0 votre disposition un avec les derni\u00e8res avanc\u00e9es technologiques en mati\u00e8re de procr\u00e9ation assist\u00e9e\" \/>\n<meta property=\"og:url\" content=\"https:\/\/www.ginefiv.com\/fr\/cliniques\/barcelone\/\" \/>\n<meta property=\"og:site_name\" content=\"Ginefiv Espa\u00f1a\" \/>\n<meta property=\"article:modified_time\" content=\"2024-09-22T09:15:23+00:00\" \/>\n<meta property=\"og:image\" content=\"https:\/\/www.ginefiv.com\/wp-content\/uploads\/2023\/09\/clinica_bcn.webp\" \/>\n<meta name=\"twitter:card\" content=\"summary_large_image\" \/>\n<meta name=\"twitter:label1\" content=\"Dur\u00e9e de lecture estim\u00e9e\" \/>\n\t<meta name=\"twitter:data1\" content=\"2 minutes\" \/>\n<script type=\"application\/ld+json\" class=\"yoast-schema-graph\">{\"@context\":\"https:\/\/schema.org\",\"@graph\":[{\"@type\":\"WebPage\",\"@id\":\"https:\/\/www.ginefiv.com\/fr\/cliniques\/barcelone\/\",\"url\":\"https:\/\/www.ginefiv.com\/fr\/cliniques\/barcelone\/\",\"name\":\"Clinique de PMA \u00e0 Barcelone | Ginefiv Espa\u00f1a\",\"isPartOf\":{\"@id\":\"https:\/\/www.ginefiv.com\/fr\/#website\"},\"primaryImageOfPage\":{\"@id\":\"https:\/\/www.ginefiv.com\/fr\/cliniques\/barcelone\/#primaryimage\"},\"image\":{\"@id\":\"https:\/\/www.ginefiv.com\/fr\/cliniques\/barcelone\/#primaryimage\"},\"thumbnailUrl\":\"https:\/\/www.ginefiv.com\/wp-content\/uploads\/2023\/09\/clinica_bcn.webp\",\"datePublished\":\"2024-02-27T14:58:46+00:00\",\"dateModified\":\"2024-09-22T09:15:23+00:00\",\"description\":\"Notre clinique Ginefiv \u00e0 Barcelone met \u00e0 votre disposition un avec les derni\u00e8res avanc\u00e9es technologiques en mati\u00e8re de procr\u00e9ation assist\u00e9e\",\"breadcrumb\":{\"@id\":\"https:\/\/www.ginefiv.com\/fr\/cliniques\/barcelone\/#breadcrumb\"},\"inLanguage\":\"fr-FR\",\"potentialAction\":[{\"@type\":\"ReadAction\",\"target\":[\"https:\/\/www.ginefiv.com\/fr\/cliniques\/barcelone\/\"]}]},{\"@type\":\"ImageObject\",\"inLanguage\":\"fr-FR\",\"@id\":\"https:\/\/www.ginefiv.com\/fr\/cliniques\/barcelone\/#primaryimage\",\"url\":\"https:\/\/www.ginefiv.com\/wp-content\/uploads\/2023\/09\/clinica_bcn.webp\",\"contentUrl\":\"https:\/\/www.ginefiv.com\/wp-content\/uploads\/2023\/09\/clinica_bcn.webp\"},{\"@type\":\"BreadcrumbList\",\"@id\":\"https:\/\/www.ginefiv.com\/fr\/cliniques\/barcelone\/#breadcrumb\",\"itemListElement\":[{\"@type\":\"ListItem\",\"position\":1,\"name\":\"Home\",\"item\":\"https:\/\/www.ginefiv.com\/fr\/\"},{\"@type\":\"ListItem\",\"position\":2,\"name\":\"Cliniques de PMA Ginefiv\",\"item\":\"https:\/\/www.ginefiv.com\/fr\/cliniques\/\"},{\"@type\":\"ListItem\",\"position\":3,\"name\":\"Barcelone\"}]},{\"@type\":\"WebSite\",\"@id\":\"https:\/\/www.ginefiv.com\/fr\/#website\",\"url\":\"https:\/\/www.ginefiv.com\/fr\/\",\"name\":\"Ginefiv Espa\u00f1a\",\"description\":\"Ginefiv, tu cl\u00ednica de reproducci\u00f3n asistida. 35 a\u00f1os de experiencia en inseminaci\u00f3n artificial y fecundaci\u00f3n in vitro\",\"publisher\":{\"@id\":\"https:\/\/www.ginefiv.com\/fr\/#organization\"},\"potentialAction\":[{\"@type\":\"SearchAction\",\"target\":{\"@type\":\"EntryPoint\",\"urlTemplate\":\"https:\/\/www.ginefiv.com\/fr\/?s={search_term_string}\"},\"query-input\":{\"@type\":\"PropertyValueSpecification\",\"valueRequired\":true,\"valueName\":\"search_term_string\"}}],\"inLanguage\":\"fr-FR\"},{\"@type\":\"Organization\",\"@id\":\"https:\/\/www.ginefiv.com\/fr\/#organization\",\"name\":\"Ginefiv\",\"url\":\"https:\/\/www.ginefiv.com\/fr\/\",\"logo\":{\"@type\":\"ImageObject\",\"inLanguage\":\"fr-FR\",\"@id\":\"https:\/\/www.ginefiv.com\/fr\/#\/schema\/logo\/image\/\",\"url\":\"https:\/\/www.ginefiv.com\/wp-content\/uploads\/2023\/12\/descarga.png\",\"contentUrl\":\"https:\/\/www.ginefiv.com\/wp-content\/uploads\/2023\/12\/descarga.png\",\"width\":437,\"height\":115,\"caption\":\"Ginefiv\"},\"image\":{\"@id\":\"https:\/\/www.ginefiv.com\/fr\/#\/schema\/logo\/image\/\"}}]}<\/script>\n<!-- \/ Yoast SEO plugin. -->","yoast_head_json":{"title":"Clinique de PMA \u00e0 Barcelone | Ginefiv Espa\u00f1a","description":"Notre clinique Ginefiv \u00e0 Barcelone met \u00e0 votre disposition un avec les derni\u00e8res avanc\u00e9es technologiques en mati\u00e8re de procr\u00e9ation assist\u00e9e","robots":{"index":"index","follow":"follow","max-snippet":"max-snippet:-1","max-image-preview":"max-image-preview:large","max-video-preview":"max-video-preview:-1"},"canonical":"https:\/\/www.ginefiv.com\/fr\/cliniques\/barcelone\/","og_locale":"fr_FR","og_type":"article","og_title":"Clinique de PMA \u00e0 Barcelone | Ginefiv Espa\u00f1a","og_description":"Notre clinique Ginefiv \u00e0 Barcelone met \u00e0 votre disposition un avec les derni\u00e8res avanc\u00e9es technologiques en mati\u00e8re de procr\u00e9ation assist\u00e9e","og_url":"https:\/\/www.ginefiv.com\/fr\/cliniques\/barcelone\/","og_site_name":"Ginefiv Espa\u00f1a","article_modified_time":"2024-09-22T09:15:23+00:00","og_image":[{"url":"https:\/\/www.ginefiv.com\/wp-content\/uploads\/2023\/09\/clinica_bcn.webp","type":"","width":"","height":""}],"twitter_card":"summary_large_image","twitter_misc":{"Dur\u00e9e de lecture estim\u00e9e":"2 minutes"},"schema":{"@context":"https:\/\/schema.org","@graph":[{"@type":"WebPage","@id":"https:\/\/www.ginefiv.com\/fr\/cliniques\/barcelone\/","url":"https:\/\/www.ginefiv.com\/fr\/cliniques\/barcelone\/","name":"Clinique de PMA \u00e0 Barcelone | Ginefiv Espa\u00f1a","isPartOf":{"@id":"https:\/\/www.ginefiv.com\/fr\/#website"},"primaryImageOfPage":{"@id":"https:\/\/www.ginefiv.com\/fr\/cliniques\/barcelone\/#primaryimage"},"image":{"@id":"https:\/\/www.ginefiv.com\/fr\/cliniques\/barcelone\/#primaryimage"},"thumbnailUrl":"https:\/\/www.ginefiv.com\/wp-content\/uploads\/2023\/09\/clinica_bcn.webp","datePublished":"2024-02-27T14:58:46+00:00","dateModified":"2024-09-22T09:15:23+00:00","description":"Notre clinique Ginefiv \u00e0 Barcelone met \u00e0 votre disposition un avec les derni\u00e8res avanc\u00e9es technologiques en mati\u00e8re de procr\u00e9ation assist\u00e9e","breadcrumb":{"@id":"https:\/\/www.ginefiv.com\/fr\/cliniques\/barcelone\/#breadcrumb"},"inLanguage":"fr-FR","potentialAction":[{"@type":"ReadAction","target":["https:\/\/www.ginefiv.com\/fr\/cliniques\/barcelone\/"]}]},{"@type":"ImageObject","inLanguage":"fr-FR","@id":"https:\/\/www.ginefiv.com\/fr\/cliniques\/barcelone\/#primaryimage","url":"https:\/\/www.ginefiv.com\/wp-content\/uploads\/2023\/09\/clinica_bcn.webp","contentUrl":"https:\/\/www.ginefiv.com\/wp-content\/uploads\/2023\/09\/clinica_bcn.webp"},{"@type":"BreadcrumbList","@id":"https:\/\/www.ginefiv.com\/fr\/cliniques\/barcelone\/#breadcrumb","itemListElement":[{"@type":"ListItem","position":1,"name":"Home","item":"https:\/\/www.ginefiv.com\/fr\/"},{"@type":"ListItem","position":2,"name":"Cliniques de PMA Ginefiv","item":"https:\/\/www.ginefiv.com\/fr\/cliniques\/"},{"@type":"ListItem","position":3,"name":"Barcelone"}]},{"@type":"WebSite","@id":"https:\/\/www.ginefiv.com\/fr\/#website","url":"https:\/\/www.ginefiv.com\/fr\/","name":"Ginefiv Espa\u00f1a","description":"Ginefiv, tu cl\u00ednica de reproducci\u00f3n asistida. 35 a\u00f1os de experiencia en inseminaci\u00f3n artificial y fecundaci\u00f3n in vitro","publisher":{"@id":"https:\/\/www.ginefiv.com\/fr\/#organization"},"potentialAction":[{"@type":"SearchAction","target":{"@type":"EntryPoint","urlTemplate":"https:\/\/www.ginefiv.com\/fr\/?s={search_term_string}"},"query-input":{"@type":"PropertyValueSpecification","valueRequired":true,"valueName":"search_term_string"}}],"inLanguage":"fr-FR"},{"@type":"Organization","@id":"https:\/\/www.ginefiv.com\/fr\/#organization","name":"Ginefiv","url":"https:\/\/www.ginefiv.com\/fr\/","logo":{"@type":"ImageObject","inLanguage":"fr-FR","@id":"https:\/\/www.ginefiv.com\/fr\/#\/schema\/logo\/image\/","url":"https:\/\/www.ginefiv.com\/wp-content\/uploads\/2023\/12\/descarga.png","contentUrl":"https:\/\/www.ginefiv.com\/wp-content\/uploads\/2023\/12\/descarga.png","width":437,"height":115,"caption":"Ginefiv"},"image":{"@id":"https:\/\/www.ginefiv.com\/fr\/#\/schema\/logo\/image\/"}}]}},"_links":{"self":[{"href":"https:\/\/www.ginefiv.com\/fr\/wp-json\/wp\/v2\/pages\/18983","targetHints":{"allow":["GET"]}}],"collection":[{"href":"https:\/\/www.ginefiv.com\/fr\/wp-json\/wp\/v2\/pages"}],"about":[{"href":"https:\/\/www.ginefiv.com\/fr\/wp-json\/wp\/v2\/types\/page"}],"author":[{"embeddable":true,"href":"https:\/\/www.ginefiv.com\/fr\/wp-json\/wp\/v2\/users\/1"}],"replies":[{"embeddable":true,"href":"https:\/\/www.ginefiv.com\/fr\/wp-json\/wp\/v2\/comments?post=18983"}],"version-history":[{"count":0,"href":"https:\/\/www.ginefiv.com\/fr\/wp-json\/wp\/v2\/pages\/18983\/revisions"}],"up":[{"embeddable":true,"href":"https:\/\/www.ginefiv.com\/fr\/wp-json\/wp\/v2\/pages\/8374"}],"wp:attachment":[{"href":"https:\/\/www.ginefiv.com\/fr\/wp-json\/wp\/v2\/media?parent=18983"}],"curies":[{"name":"wp","href":"https:\/\/api.w.org\/{rel}","templated":true}]}}