











{"id":6189,"date":"2023-10-02T12:38:10","date_gmt":"2023-10-02T12:38:10","guid":{"rendered":"https:\/\/www.ginefiv.com\/programa-garantia-embarazo\/"},"modified":"2024-02-12T06:49:58","modified_gmt":"2024-02-12T06:49:58","slug":"programme-garantie-gorssesse","status":"publish","type":"page","link":"https:\/\/www.ginefiv.com\/fr\/programme-garantie-gorssesse\/","title":{"rendered":"Programme de garantie"},"content":{"rendered":"<section class=\"page-cover has-thumbnail dark-theme\">   <div class=\"page-cover__container container\">     <div class=\"row\">       <div class=\"col-12 col-lg-8\">         <div class=\"page-cover__heading\">           <div class=\"page-cover__heading-wrapper\">                           <div class=\"page-cover__heading-title heading-title title-display hero-title\">               <h1 class=\"title-display\">Programme de Garantie de Grossesse Ginefiv<\/h1>             <\/div>                            <div class=\"page-cover__heading-content text-lg\">                 <p>\u00c0 la clinique de <span style=\"font-weight: bold;\">fertilit\u00e9 Ginefiv<\/span>, nous voulons que vous r\u00e9alisiez votre r\u00eave de devenir m\u00e8re. C&rsquo;est pourquoi nous nous engageons \u00e0 l&rsquo;atteindre en 24 mois avec le meilleur <span style=\"font-weight: bold;\">programme de garantie de grossesse.<\/span><\/p>               <\/div>                                    <\/div>         <\/div>       <\/div>     <\/div>   <\/div>         <div class=\"parallax-trigger fullsize page-cover-thumbnail\" data-magic=\"parallax\">       <picture class=\"page-cover__picture parallax-trigger__item\" data-item=\"parallax-item\">         <img decoding=\"async\" src=\"https:\/\/www.ginefiv.com\/wp-content\/uploads\/2023\/10\/cabecera-03-1.jpg\" alt=\"Programme de garantie\">       <\/picture>     <\/div>     <\/section>   <section class=\"wp-block-breadcrumbs\">   <div class=\"content-wrapper\">     <ul>                   <li>               <a href=\"https:\/\/www.ginefiv.com\/fr\/\" title=\"Ginefiv Espa\u00f1a\">                 Ginefiv              <\/a>             <\/li>                         <li>               <span class=\"current\" title=\"Programme de garantie\">                 Programme de garantie              <\/span>             <\/li>                 <\/ul>   <\/div> <\/section>   <section  class=\"image-text-block custom-block-spacing align-left\" data-magic=\"float-zigzag\">   <div class=\"container\">         <div class=\"row\">       <div class=\"img-col col-12 col-md-6\">                   <picture class=\"image-text-block__img-wrapper image-wrapper zigzag-element\">                         <img data-src=\"https:\/\/www.ginefiv.com\/wp-content\/uploads\/2023\/10\/garantia-01.webp\" alt=\"\">           <\/picture>               <\/div>       <div class=\"text-col col-12 col-md-6\">         <div class=\"image-text-block__text-wrapper text-heading-block zigzag-element\">           <div class=\"image-text-block__text-wrapper__content\">             <div class=\"text-block-wrapper\">                             <h2 class=\"title-display\">Qu&rsquo;est-ce que le Programme de Garantie de Grossesse?<\/h2>               <p>Un programme qui vous offre tous les avantages de nos<a href=\"https:\/\/www.ginefiv.com\/fr\/pma\/programme-reception-ovocytes\/\" rel=\"noopener\"> traitements de don d\u2019ovocytes<\/a>, avec notre <span style=\"font-weight: bold;\">engagement \u00e0 obtenir une grossesse viable en 24 mois.<\/span><\/p> <p>Ce programme de garantie de grossesse est particuli\u00e8rement recommand\u00e9 pour :<\/p> <ul> <li>Des femmes jusqu&rsquo;\u00e0 49 ans (\u00e2ge maximum \u00e0 la date de souscription du programme).<\/li> <li>Des femmes en bonne sant\u00e9 g\u00e9n\u00e9rale et gyn\u00e9cologique, et sans contre-indication m\u00e9dicale \u00e0 la grossesse.<\/li> <li>Des femmes engag\u00e9es \u00e0 suivre \u00e0 tout moment les directives de notre \u00e9quipe et \u00e0 effectuer tous les traitements inclus dans la garantie.<\/li> <\/ul>             <\/div>                       <\/div>         <\/div>       <\/div>     <\/div>   <\/div>  <\/section>  <section  class=\"text-block background-light\">   <div class=\"container\">     <div class=\"row\">       <div class=\"col-12\">         <div class=\"text-block__text-wrapper text-heading-block alignment-left\" data-magic=\"appear-in\">                     <p><span style=\"font-weight: bold;\">La clinique Ginefiv est la seule \u00e0 pouvoir s&rsquo;engager<\/span> dans un programme de garantie de grossesse o\u00f9 la naissance de votre b\u00e9b\u00e9 est assur\u00e9e, car <span style=\"color: #438c89;\"><a href=\"https:\/\/www.ginefiv.com\/fr\/nos-resultats\/\" rel=\"noopener\" style=\"font-weight: bold; color: #438c89;\">nous avons les meilleurs <\/a><span style=\"font-weight: bold;\">taux de r\u00e9ussite<\/span><\/span> et les meilleurs laboratoires et sp\u00e9cialistes en <a href=\"https:\/\/www.ginefiv.com\/fr\/pma\/\" rel=\"noopener\" id=\"__hsNewLink\">reproduction assist\u00e9e.<\/a><\/p> <p>En outre, <span style=\"font-weight: bold;\">nous sommes engag\u00e9s dans l&rsquo;innovation et la recherche en continu<\/span>. Pour toutes ces raisons, nous savons que nous poss\u00e9dons la meilleure garantie pour que nos patients puissent r\u00e9aliser leur r\u00eave d&rsquo;avoir un enfant.<\/p>                   <\/div>       <\/div>     <\/div>   <\/div>  <\/section>  <section  class=\"text-block background-light custom-block-spacing\">   <div class=\"container\">     <div class=\"row\">       <div class=\"col-12\">         <div class=\"text-block__text-wrapper text-heading-block alignment-left\" data-magic=\"appear-in\">                     <h2 class=\"title-display\">Quelle est exactement la garantie que nous vous offrons?<\/h2> <p>Nous nous engageons \u00e0 mener \u00e0 bien votre grossesse et la naissance de votre b\u00e9b\u00e9 et, pour ce faire, nous mettrons \u00e0 votre disposition toutes nos connaissances, notre exp\u00e9rience et nos ressources techniques et humaines.<\/p> <p>Nous nous engageons \u00e0 atteindre cet objectif dans les 24 mois. Exceptionnellement, si ce d\u00e9lai est d\u00e9pass\u00e9 pour des raisons ind\u00e9pendantes de la volont\u00e9 du patient, le d\u00e9lai peut \u00eatre r\u00e9vis\u00e9 \u00e0 la <span style=\"font-weight: bold;\">discr\u00e9tion de la direction de la clinique.<br \/><\/span><br \/>Si l\u2019objectif n\u2019est pas atteint, nous vous rembourserons l&rsquo;int\u00e9gralit\u00e9 du montant que vous avez pay\u00e9. <\/p>                   <\/div>       <\/div>     <\/div>   <\/div>  <\/section>  <section  class=\"text-block background-light custom-block-spacing\">   <div class=\"container\">     <div class=\"row\">       <div class=\"col-12\">         <div class=\"text-block__text-wrapper text-heading-block alignment-left\" data-magic=\"appear-in\">                     <h2 class=\"title-display\">Comment acc\u00e9der \u00e0 cette garantie?<\/h2> <p>Pour acc\u00e9der au Programme de Garantie de Grossesse Ginefiv, vous devrez faire l&rsquo;objet d&rsquo;un <span style=\"font-weight: bold;\">bilan individualis\u00e9<\/span> en consultation avec un sp\u00e9cialiste de l&rsquo;\u00e9quipe m\u00e9dicale de Ginefiv.<\/p> <p>Ce sera toujours le crit\u00e8re m\u00e9dical qui pr\u00e9vaudra lorsqu&rsquo;il s&rsquo;agira de pouvoir acc\u00e9der \u00e0 votre contrat de garantie.<\/p>                   <\/div>       <\/div>     <\/div>   <\/div>  <\/section>  <section  class=\"text-block background-light custom-block-spacing\">   <div class=\"container\">     <div class=\"row\">       <div class=\"col-12\">         <div class=\"text-block__text-wrapper text-heading-block alignment-left\" data-magic=\"appear-in\">                     <h2 class=\"title-display\">Que demandons-nous en retour?<\/h2> <p><span style=\"font-weight: bold; color: #438c89;\">CONFIANCE:<\/span> Que vous suivez chacune des recommandations de traitement indiqu\u00e9es par l&rsquo;\u00e9quipe m\u00e9dicale.<\/p> <p><span style=\"font-weight: bold; color: #438c89;\">ENGAGEMENT:<\/span> Qu&rsquo;il y ait une continuit\u00e9 dans le traitement ; qu&rsquo;il ne soit pas abandonn\u00e9 pendant de longues p\u00e9riodes.<\/p> <p><span style=\"font-weight: bold; color: #438c89;\">V\u00c9RACIT\u00c9: <\/span>Que vous nous fournissiez des informations v\u00e9ridiques sur vos ant\u00e9c\u00e9dents m\u00e9dicaux, ainsi que sur vos traitements ant\u00e9rieurs et les r\u00e9sultats de vos examens.<\/p>                   <\/div>       <\/div>     <\/div>   <\/div>  <\/section>  <section  class=\"image-text-block custom-block-spacing align-left\" data-magic=\"float-zigzag\">   <div class=\"container\">         <div class=\"row\">       <div class=\"img-col col-12 col-md-6\">                   <picture class=\"image-text-block__img-wrapper image-wrapper zigzag-element\">                         <img data-src=\"https:\/\/www.ginefiv.com\/wp-content\/uploads\/2023\/10\/garantia-02-540x380.webp\" alt=\"\">           <\/picture>               <\/div>       <div class=\"text-col col-12 col-md-6\">         <div class=\"image-text-block__text-wrapper text-heading-block zigzag-element\">           <div class=\"image-text-block__text-wrapper__content\">             <div class=\"text-block-wrapper\">                             <h2 class=\"title-display\">Quel est le co\u00fbt de la garantie de grossesse?<\/h2>               <p>Contactez-nous pour en savoir plus sur nos tarifs et nos modes de paiement pour les patients internationaux.<\/p>             <\/div>                       <\/div>         <\/div>       <\/div>     <\/div>   <\/div>  <\/section>  <section  class=\"text-block background-light custom-block-spacing\">   <div class=\"container\">     <div class=\"row\">       <div class=\"col-12\">         <div class=\"text-block__text-wrapper text-heading-block alignment-left\" data-magic=\"appear-in\">                     <h2 class=\"title-display\">Que comprend la garantie?<\/h2> <p>Le Programme de Garantie de Grossesse de Ginefiv comprend les \u00e9l\u00e9ments suivants:<\/p> <ul> <li>Tous les contr\u00f4les m\u00e9dicaux et g\u00e9n\u00e9tiques des donneuses.<\/li> <li>La conservation de l&rsquo;ADN de la donneuse.<\/li> <li>La cryopr\u00e9servation des embryons obtenus pendant la p\u00e9riode p\u00e9riode de validit\u00e9 du contrat.<\/li> <li>Toutes les techniques de laboratoire qui peuvent \u00eatre n\u00e9cessaires.<\/li> <li>La cong\u00e9lation et la conservation des \u00e9chantillons de sperme durant toute la p\u00e9riode de validit\u00e9 du contrat.<\/li> <li>Tous les transferts d&#8217;embryons congel\u00e9s vitrifi\u00e9s qui seront g\u00e9n\u00e9r\u00e9s durant les traitements..<\/li> <\/ul>                   <\/div>       <\/div>     <\/div>   <\/div>  <\/section>  <section  class=\"text-block background-light custom-block-spacing\">   <div class=\"container\">     <div class=\"row\">       <div class=\"col-12\">         <div class=\"text-block__text-wrapper text-heading-block alignment-left\" data-magic=\"appear-in\">                     <h2 class=\"title-display\">Qu&rsquo;est-ce qui n&rsquo;est pas inclus?<\/h2> <p>Les services suivants ne sont pas inclus dans le Programme de Garantie de Grossesse et seront donc pay\u00e9s selon les tarifs en vigueur:<\/p> <ul> <li>Rendez-vous et examens pr\u00e9alables \u00e0 la souscription de cette garantie.<\/li> <li>Examens diagnostiques orient\u00e9s au traitement d\u2019\u00e9chec d\u2019implantation, qui pourront \u00eatre sollicit\u00e9s au cas o\u00f9 il n\u2019y ait pas de grossesse suite aux premiers transferts.<\/li> <li>Examens g\u00e9n\u00e9tiques ou chromosomiques qui pourraient \u00eatre n\u00e9cessaires durant le traitement.<\/li> <li>Op\u00e9rations chirurgicales et diagnostiques, telles que les hyst\u00e9roscopies, laparoscopies et curetages.<\/li> <li>Examens et traitements andrologiques, \u00e0 l\u2019exception du spermogramme.<\/li> <li>Obtention des spermatozo\u00efdes directement du testicule par biopsie (TESE), ni leur cryopr\u00e9servation et maintien.<\/li> <li>\u00c9chantillon de sperme de donneur, si n\u00e9cessaire.<\/li> <li>Accouchement, les contr\u00f4les et les suivis obst\u00e9triques de la grossesse post\u00e9rieurs \u00e0 la premi\u00e8re visite de confirmation de la gestation.<\/li> <li>Test de compatibilit\u00e9 g\u00e9n\u00e9tique (TCG).<\/li> <li>Maintien des embryons restants suite \u00e0 la finalisation du programme de garantie.<\/li> <li>Remboursement des int\u00e9r\u00eats courus pour le financement bancaire, si demand\u00e9.<\/li> <\/ul>                   <\/div>       <\/div>     <\/div>   <\/div>  <\/section>  <section  class=\"text-block background-light custom-block-spacing\">   <div class=\"container\">     <div class=\"row\">       <div class=\"col-12 col-md-10 col-lg-8 offset-md-1 offset-lg-2\">         <div class=\"text-block__text-wrapper text-heading-block alignment-center\" data-magic=\"appear-in\">                     <h2 class=\"title-display\">Votre premi\u00e8re visite<\/h2> <p>Vous avez la possibilit\u00e9 de r\u00e9aliser votre prem\u00e8re consultation sur place \u00e0 la clinique ou par vid\u00e9oconf\u00e9rence. Choisissez l\u2019option qui vous convient le mieux.<\/p>               <div class=\"button-wrapper text-block__buttons\">       <a  href=\"https:\/\/www.ginefiv.com\/solicita-informacion\/\" class=\"gbutton gbutton-default  accent contained size-xl\" >Contactez-nous<\/a>    <\/div>         <\/div>       <\/div>     <\/div>   <\/div>  <\/section>   <section> \t<div class=\"cta-block-container\"> \t\t<div class=\"cta-block-container__title\"> \t\t\t<p><h2>Avez-vous<br \/> des doutes ?<\/h2> <\/p> \t\t<\/div> \t\t<div class=\"cta-block-container__separator d-none d-md-flex\"> \t\t\t<picture> \t\t\t\t<img decoding=\"async\" class=\"separator__img\" src=\"https:\/\/www.ginefiv.com\/wp-content\/themes\/wac-theme\/assets\/images\/icons\/cta-separator.webp\" alt=\"\"> \t\t\t<\/picture> \t\t<\/div> \t\t<div class=\"cta-block-container__icons-row\"> \t\t\t\t\t\t\t<div class=\"actions\"> \t\t\t\t\t<picture class=\"action__thumbnail\"> \t\t\t\t\t\t<img decoding=\"async\" class=\"action__img\" src=\"https:\/\/www.ginefiv.com\/wp-content\/themes\/wac-theme\/assets\/images\/icons\/cta-phone.webp\" alt=\"\"> \t\t\t\t\t<\/picture> \t\t\t\t\t<div class=\"action__text\"> \t\t\t\t\t\t\t\t\t\t\t\t\t<a class=\"action__text\" href=\"tel:0033 182 88 31 03\" target=\"_blank\"> \t\t\t\t\t\t\t\t<p> \t\t\t\t\t\t\t\t\tLl\u00e1manos gratis al <br><strong>0033 182 88 31 03<\/strong>\t\t\t\t\t\t\t\t<\/p> \t\t\t\t\t\t\t<\/a> \t\t\t\t\t\t\t\t\t\t\t<\/div> \t\t\t\t<\/div> \t\t\t\t\t\t\t<div class=\"actions\"> \t\t\t\t\t<picture class=\"action__thumbnail\"> \t\t\t\t\t\t<img decoding=\"async\" class=\"action__img\" src=\"https:\/\/www.ginefiv.com\/wp-content\/themes\/wac-theme\/assets\/images\/icons\/cta-clinics.webp\" alt=\"\"> \t\t\t\t\t<\/picture> \t\t\t\t\t<a class=\"action__text permalink underlined\" href=\"https:\/\/www.ginefiv.com\/clinicas\/\"> \t\t\t\t\t\t<p>Visitez-nous dans<\/p> \t\t\t\t\t\t<strong>nos cliniques ginefiv<\/strong> \t\t\t\t\t<\/a> \t\t\t\t<\/div> \t\t\t\t\t\t\t<div class=\"actions\"> \t\t\t\t\t<picture class=\"action__thumbnail\"> \t\t\t\t\t\t<img decoding=\"async\" class=\"action__img\" src=\"https:\/\/www.ginefiv.com\/wp-content\/themes\/wac-theme\/assets\/images\/icons\/cta-appointment.webp\" alt=\"\"> \t\t\t\t\t<\/picture> \t\t\t\t\t<a class=\"action__text permalink underlined\" href=\"https:\/\/www.ginefiv.com\/fr\/contact\/\"> \t\t\t\t\t\t<p>Contactez-nous<\/p> \t\t\t\t\t\t<strong> <\/strong> \t\t\t\t\t<\/a> \t\t\t\t<\/div> \t\t\t\t\t<\/div> \t<\/div> <\/section>","protected":false},"excerpt":{"rendered":"","protected":false},"author":1,"featured_media":2322,"parent":0,"menu_order":0,"comment_status":"closed","ping_status":"closed","template":"","meta":{"_acf_changed":false,"footnotes":""},"class_list":["post-6189","page","type-page","status-publish","has-post-thumbnail","hentry"],"acf":[],"yoast_head":"<!-- This site is optimized with the Yoast SEO plugin v27.0 - https:\/\/yoast.com\/product\/yoast-seo-wordpress\/ -->\n<title>Programme de garantie | Ginefiv Espa\u00f1a<\/title>\n<meta name=\"robots\" content=\"index, follow, max-snippet:-1, max-image-preview:large, max-video-preview:-1\" \/>\n<link rel=\"canonical\" href=\"https:\/\/www.ginefiv.com\/fr\/programme-garantie-gorssesse\/\" \/>\n<meta property=\"og:locale\" content=\"fr_FR\" \/>\n<meta property=\"og:type\" content=\"article\" \/>\n<meta property=\"og:title\" content=\"Programme de garantie | Ginefiv Espa\u00f1a\" \/>\n<meta property=\"og:url\" content=\"https:\/\/www.ginefiv.com\/fr\/programme-garantie-gorssesse\/\" \/>\n<meta property=\"og:site_name\" content=\"Ginefiv Espa\u00f1a\" \/>\n<meta property=\"article:modified_time\" content=\"2024-02-12T06:49:58+00:00\" \/>\n<meta property=\"og:image\" content=\"https:\/\/www.ginefiv.com\/wp-content\/uploads\/2023\/10\/cabecera-03-1.jpg\" \/>\n\t<meta property=\"og:image:width\" content=\"1920\" \/>\n\t<meta property=\"og:image:height\" content=\"675\" \/>\n\t<meta property=\"og:image:type\" content=\"image\/jpeg\" \/>\n<meta name=\"twitter:card\" content=\"summary_large_image\" \/>\n<meta name=\"twitter:label1\" content=\"Dur\u00e9e de lecture estim\u00e9e\" \/>\n\t<meta name=\"twitter:data1\" content=\"1 minute\" \/>\n<script type=\"application\/ld+json\" class=\"yoast-schema-graph\">{\"@context\":\"https:\/\/schema.org\",\"@graph\":[{\"@type\":\"WebPage\",\"@id\":\"https:\/\/www.ginefiv.com\/fr\/programme-garantie-gorssesse\/\",\"url\":\"https:\/\/www.ginefiv.com\/fr\/programme-garantie-gorssesse\/\",\"name\":\"Programme de garantie | Ginefiv Espa\u00f1a\",\"isPartOf\":{\"@id\":\"https:\/\/www.ginefiv.com\/fr\/#website\"},\"primaryImageOfPage\":{\"@id\":\"https:\/\/www.ginefiv.com\/fr\/programme-garantie-gorssesse\/#primaryimage\"},\"image\":{\"@id\":\"https:\/\/www.ginefiv.com\/fr\/programme-garantie-gorssesse\/#primaryimage\"},\"thumbnailUrl\":\"https:\/\/www.ginefiv.com\/wp-content\/uploads\/2023\/10\/cabecera-03-1.jpg\",\"datePublished\":\"2023-10-02T12:38:10+00:00\",\"dateModified\":\"2024-02-12T06:49:58+00:00\",\"breadcrumb\":{\"@id\":\"https:\/\/www.ginefiv.com\/fr\/programme-garantie-gorssesse\/#breadcrumb\"},\"inLanguage\":\"fr-FR\",\"potentialAction\":[{\"@type\":\"ReadAction\",\"target\":[\"https:\/\/www.ginefiv.com\/fr\/programme-garantie-gorssesse\/\"]}]},{\"@type\":\"ImageObject\",\"inLanguage\":\"fr-FR\",\"@id\":\"https:\/\/www.ginefiv.com\/fr\/programme-garantie-gorssesse\/#primaryimage\",\"url\":\"https:\/\/www.ginefiv.com\/wp-content\/uploads\/2023\/10\/cabecera-03-1.jpg\",\"contentUrl\":\"https:\/\/www.ginefiv.com\/wp-content\/uploads\/2023\/10\/cabecera-03-1.jpg\",\"width\":1920,\"height\":675},{\"@type\":\"BreadcrumbList\",\"@id\":\"https:\/\/www.ginefiv.com\/fr\/programme-garantie-gorssesse\/#breadcrumb\",\"itemListElement\":[{\"@type\":\"ListItem\",\"position\":1,\"name\":\"Home\",\"item\":\"https:\/\/www.ginefiv.com\/fr\/\"},{\"@type\":\"ListItem\",\"position\":2,\"name\":\"Programme de garantie\"}]},{\"@type\":\"WebSite\",\"@id\":\"https:\/\/www.ginefiv.com\/fr\/#website\",\"url\":\"https:\/\/www.ginefiv.com\/fr\/\",\"name\":\"Ginefiv Espa\u00f1a\",\"description\":\"Ginefiv, tu cl\u00ednica de reproducci\u00f3n asistida. 35 a\u00f1os de experiencia en inseminaci\u00f3n artificial y fecundaci\u00f3n in vitro\",\"publisher\":{\"@id\":\"https:\/\/www.ginefiv.com\/fr\/#organization\"},\"potentialAction\":[{\"@type\":\"SearchAction\",\"target\":{\"@type\":\"EntryPoint\",\"urlTemplate\":\"https:\/\/www.ginefiv.com\/fr\/?s={search_term_string}\"},\"query-input\":{\"@type\":\"PropertyValueSpecification\",\"valueRequired\":true,\"valueName\":\"search_term_string\"}}],\"inLanguage\":\"fr-FR\"},{\"@type\":\"Organization\",\"@id\":\"https:\/\/www.ginefiv.com\/fr\/#organization\",\"name\":\"Ginefiv\",\"url\":\"https:\/\/www.ginefiv.com\/fr\/\",\"logo\":{\"@type\":\"ImageObject\",\"inLanguage\":\"fr-FR\",\"@id\":\"https:\/\/www.ginefiv.com\/fr\/#\/schema\/logo\/image\/\",\"url\":\"https:\/\/www.ginefiv.com\/wp-content\/uploads\/2023\/12\/descarga.png\",\"contentUrl\":\"https:\/\/www.ginefiv.com\/wp-content\/uploads\/2023\/12\/descarga.png\",\"width\":437,\"height\":115,\"caption\":\"Ginefiv\"},\"image\":{\"@id\":\"https:\/\/www.ginefiv.com\/fr\/#\/schema\/logo\/image\/\"}}]}<\/script>\n<!-- \/ Yoast SEO plugin. -->","yoast_head_json":{"title":"Programme de garantie | Ginefiv Espa\u00f1a","robots":{"index":"index","follow":"follow","max-snippet":"max-snippet:-1","max-image-preview":"max-image-preview:large","max-video-preview":"max-video-preview:-1"},"canonical":"https:\/\/www.ginefiv.com\/fr\/programme-garantie-gorssesse\/","og_locale":"fr_FR","og_type":"article","og_title":"Programme de garantie | Ginefiv Espa\u00f1a","og_url":"https:\/\/www.ginefiv.com\/fr\/programme-garantie-gorssesse\/","og_site_name":"Ginefiv Espa\u00f1a","article_modified_time":"2024-02-12T06:49:58+00:00","og_image":[{"width":1920,"height":675,"url":"https:\/\/www.ginefiv.com\/wp-content\/uploads\/2023\/10\/cabecera-03-1.jpg","type":"image\/jpeg"}],"twitter_card":"summary_large_image","twitter_misc":{"Dur\u00e9e de lecture estim\u00e9e":"1 minute"},"schema":{"@context":"https:\/\/schema.org","@graph":[{"@type":"WebPage","@id":"https:\/\/www.ginefiv.com\/fr\/programme-garantie-gorssesse\/","url":"https:\/\/www.ginefiv.com\/fr\/programme-garantie-gorssesse\/","name":"Programme de garantie | Ginefiv Espa\u00f1a","isPartOf":{"@id":"https:\/\/www.ginefiv.com\/fr\/#website"},"primaryImageOfPage":{"@id":"https:\/\/www.ginefiv.com\/fr\/programme-garantie-gorssesse\/#primaryimage"},"image":{"@id":"https:\/\/www.ginefiv.com\/fr\/programme-garantie-gorssesse\/#primaryimage"},"thumbnailUrl":"https:\/\/www.ginefiv.com\/wp-content\/uploads\/2023\/10\/cabecera-03-1.jpg","datePublished":"2023-10-02T12:38:10+00:00","dateModified":"2024-02-12T06:49:58+00:00","breadcrumb":{"@id":"https:\/\/www.ginefiv.com\/fr\/programme-garantie-gorssesse\/#breadcrumb"},"inLanguage":"fr-FR","potentialAction":[{"@type":"ReadAction","target":["https:\/\/www.ginefiv.com\/fr\/programme-garantie-gorssesse\/"]}]},{"@type":"ImageObject","inLanguage":"fr-FR","@id":"https:\/\/www.ginefiv.com\/fr\/programme-garantie-gorssesse\/#primaryimage","url":"https:\/\/www.ginefiv.com\/wp-content\/uploads\/2023\/10\/cabecera-03-1.jpg","contentUrl":"https:\/\/www.ginefiv.com\/wp-content\/uploads\/2023\/10\/cabecera-03-1.jpg","width":1920,"height":675},{"@type":"BreadcrumbList","@id":"https:\/\/www.ginefiv.com\/fr\/programme-garantie-gorssesse\/#breadcrumb","itemListElement":[{"@type":"ListItem","position":1,"name":"Home","item":"https:\/\/www.ginefiv.com\/fr\/"},{"@type":"ListItem","position":2,"name":"Programme de garantie"}]},{"@type":"WebSite","@id":"https:\/\/www.ginefiv.com\/fr\/#website","url":"https:\/\/www.ginefiv.com\/fr\/","name":"Ginefiv Espa\u00f1a","description":"Ginefiv, tu cl\u00ednica de reproducci\u00f3n asistida. 35 a\u00f1os de experiencia en inseminaci\u00f3n artificial y fecundaci\u00f3n in vitro","publisher":{"@id":"https:\/\/www.ginefiv.com\/fr\/#organization"},"potentialAction":[{"@type":"SearchAction","target":{"@type":"EntryPoint","urlTemplate":"https:\/\/www.ginefiv.com\/fr\/?s={search_term_string}"},"query-input":{"@type":"PropertyValueSpecification","valueRequired":true,"valueName":"search_term_string"}}],"inLanguage":"fr-FR"},{"@type":"Organization","@id":"https:\/\/www.ginefiv.com\/fr\/#organization","name":"Ginefiv","url":"https:\/\/www.ginefiv.com\/fr\/","logo":{"@type":"ImageObject","inLanguage":"fr-FR","@id":"https:\/\/www.ginefiv.com\/fr\/#\/schema\/logo\/image\/","url":"https:\/\/www.ginefiv.com\/wp-content\/uploads\/2023\/12\/descarga.png","contentUrl":"https:\/\/www.ginefiv.com\/wp-content\/uploads\/2023\/12\/descarga.png","width":437,"height":115,"caption":"Ginefiv"},"image":{"@id":"https:\/\/www.ginefiv.com\/fr\/#\/schema\/logo\/image\/"}}]}},"_links":{"self":[{"href":"https:\/\/www.ginefiv.com\/fr\/wp-json\/wp\/v2\/pages\/6189","targetHints":{"allow":["GET"]}}],"collection":[{"href":"https:\/\/www.ginefiv.com\/fr\/wp-json\/wp\/v2\/pages"}],"about":[{"href":"https:\/\/www.ginefiv.com\/fr\/wp-json\/wp\/v2\/types\/page"}],"author":[{"embeddable":true,"href":"https:\/\/www.ginefiv.com\/fr\/wp-json\/wp\/v2\/users\/1"}],"replies":[{"embeddable":true,"href":"https:\/\/www.ginefiv.com\/fr\/wp-json\/wp\/v2\/comments?post=6189"}],"version-history":[{"count":0,"href":"https:\/\/www.ginefiv.com\/fr\/wp-json\/wp\/v2\/pages\/6189\/revisions"}],"wp:featuredmedia":[{"embeddable":true,"href":"https:\/\/www.ginefiv.com\/fr\/wp-json\/wp\/v2\/media\/2322"}],"wp:attachment":[{"href":"https:\/\/www.ginefiv.com\/fr\/wp-json\/wp\/v2\/media?parent=6189"}],"curies":[{"name":"wp","href":"https:\/\/api.w.org\/{rel}","templated":true}]}}