











{"id":6205,"date":"2023-10-02T12:51:25","date_gmt":"2023-10-02T12:51:25","guid":{"rendered":"https:\/\/www.ginefiv.com\/precios\/"},"modified":"2024-09-06T10:55:03","modified_gmt":"2024-09-06T10:55:03","slug":"prix","status":"publish","type":"page","link":"https:\/\/www.ginefiv.com\/fr\/prix\/","title":{"rendered":"Prix"},"content":{"rendered":"<div class=\"wp-block-cover\" style=\"min-height:80vh;aspect-ratio:unset;\"><span aria-hidden=\"true\" class=\"wp-block-cover__background has-background-dim-40 has-background-dim\"><\/span><img loading=\"lazy\" decoding=\"async\" width=\"1920\" height=\"1488\" class=\"wp-block-cover__image-background wp-image-16494\" alt=\"\" src=\"https:\/\/www.ginefiv.com\/wp-content\/uploads\/2024\/02\/precios2.jpg\" style=\"object-position:50% 30%\" data-object-fit=\"cover\" data-object-position=\"50% 30%\" srcset=\"https:\/\/www.ginefiv.com\/wp-content\/uploads\/2024\/02\/precios2.jpg 1920w, https:\/\/www.ginefiv.com\/wp-content\/uploads\/2024\/02\/precios2-300x233.jpg 300w, https:\/\/www.ginefiv.com\/wp-content\/uploads\/2024\/02\/precios2-1024x794.jpg 1024w, https:\/\/www.ginefiv.com\/wp-content\/uploads\/2024\/02\/precios2-768x595.jpg 768w\" sizes=\"auto, (max-width: 1920px) 100vw, 1920px\" \/><div class=\"wp-block-cover__inner-container is-layout-constrained wp-block-cover-is-layout-constrained\"> <div class=\"wp-block-columns is-layout-flex wp-container-core-columns-is-layout-28f84493 wp-block-columns-is-layout-flex\"> <div class=\"wp-block-column is-layout-flow wp-block-column-is-layout-flow\" style=\"flex-basis:66.66%\"> <h1 class=\"wp-block-heading\">Tarifs de la procr\u00e9ation m\u00e9dicalement assist\u00e9e chez Ginefiv<\/h1>    <p class=\"has-medium-font-size\">Les <strong>tarifs<\/strong> des traitements de PMA chez Ginefiv sont le reflet de notre effort pour vous offrir la plus haute qualit\u00e9 technique et l\u2019excellence m\u00e9dicale aux tarifs les plus abordables.<\/p> <\/div>    <div class=\"wp-block-column is-layout-flow wp-block-column-is-layout-flow\" style=\"flex-basis:33.33%\"><\/div> <\/div> <\/div><\/div>    <section class=\"wp-block-breadcrumbs\">   <div class=\"content-wrapper\">     <ul>                   <li>               <a href=\"https:\/\/www.ginefiv.com\/fr\/\" title=\"Ginefiv Espa\u00f1a\">                 Ginefiv              <\/a>             <\/li>                         <li>               <span class=\"current\" title=\"Prix\">                 Prix              <\/span>             <\/li>                 <\/ul>   <\/div> <\/section>   <section  class=\"image-text-block custom-block-spacing align-left\" data-magic=\"float-zigzag\">   <div class=\"container\">         <div class=\"row\">       <div class=\"img-col col-12 col-md-6\">                   <picture class=\"image-text-block__img-wrapper image-wrapper zigzag-element\">                         <img data-src=\"https:\/\/www.ginefiv.com\/wp-content\/uploads\/2023\/10\/embarazo-turner-sindrome-540x380.webp\" alt=\"\">           <\/picture>               <\/div>       <div class=\"text-col col-12 col-md-6\">         <div class=\"image-text-block__text-wrapper text-heading-block zigzag-element\">           <div class=\"image-text-block__text-wrapper__content\">             <div class=\"text-block-wrapper\">                                           <p>Si vous vous demandez quels sont les tarifs d\u2019un traitement de PMA, contactez-nous et demandez un devis personnalis\u00e9. Apr\u00e8s avoir \u00e9valu\u00e9 votre cas, nous vous expliquerons quel traitement de fertilit\u00e9 est le plus appropri\u00e9 pour votre cas et nous vous informerons des tarifs et des diff\u00e9rentes options de r\u00e9glement disponibles.<\/p> <p>Ce devis sera enti\u00e8rement personnalis\u00e9 et sans engagement. Vous pouvez nous rendre visite dans l&rsquo;une de nos cliniques Ginefiv tout \u00e0 fait gratuitement.<\/p> <p>D&rsquo;autre part,nous venons r\u00e9guli\u00e8rement en France pour des rendez-vous individuels, gratuits et sans engagement<\/span><\/strong><span style=\"color: black; background-color: white;\">. Les\u00a0<strong>prochaines r\u00e9unions<\/strong> auront lieu \u00e0 <\/span>Paris,\u00a0Lyon,\u00a0Bordeaux,\u00a0Lille,\u00a0Marseille \/ Aix-en-Provence,\u00a0Toulouse et\u00a0Nantes.\u00a0<\/p>             <\/div>                       <\/div>         <\/div>       <\/div>     <\/div>   <\/div>  <\/section>   <div class=\"wp-block-columns is-layout-flex wp-container-core-columns-is-layout-28f84493 wp-block-columns-is-layout-flex\"> <div class=\"wp-block-column wp-column-is-centred is-layout-flow wp-block-column-is-layout-flow\" style=\"flex-basis:750px\"> <h2 class=\"wp-block-heading has-text-align-center\">Vous ne savez pas quel traitement est le mieux adapt\u00e9 \u00e0 votre cas?<\/h2>    <p class=\"has-text-align-center\">D\u00e9couvrez ici quel traitement de fertilit\u00e9 vous conviendrait le mieux et demandez votre devis personnalis\u00e9 ainsi que les diff\u00e9rentes options de r\u00e9glement.<\/p>    <p class=\"has-text-align-center\">Nous vous enverrons un courriel contenant le prix du traitement de fertilit\u00e9 le mieux adapt\u00e9 \u00e0 votre situation et toutes les informations n\u00e9cessaires.<\/p> <\/div> <\/div>    <div class=\"wp-block-group container is-layout-constrained wp-block-group-is-layout-constrained\"> <p><iframe style=\"border: none; transform: translateZ(0px); width: 100%; height: 100%; overflow: hidden; border-radius: 8px;min-height:600px;\" title=\"Prediagnostico V3\" src=\"https:\/\/form.typeform.com\/to\/PIgjFOpl?typeform-embed-id=8511923651980309&amp;typeform-embed=embed-widget&amp;typeform-source=ginefiv.com&amp;typeform-medium=embed-sdk&amp;typeform-medium-version=next&amp;embed-opacity=100&amp;typeform-embed-no-heading=true#prediagnostico3_fr=prediagnostico3_fr\" data-testid=\"iframe\"><\/iframe><\/p> <\/div>   <section  class=\"image-text-block custom-block-spacing align-right\" data-magic=\"float-zigzag\">   <div class=\"container\">         <div class=\"row\">       <div class=\"img-col col-12 col-md-6\">                   <picture class=\"image-text-block__img-wrapper image-wrapper zigzag-element\">                         <img data-src=\"https:\/\/www.ginefiv.com\/wp-content\/uploads\/2023\/10\/shutterstock_1305333748-540x380.webp\" alt=\"\">           <\/picture>               <\/div>       <div class=\"text-col col-12 col-md-6\">         <div class=\"image-text-block__text-wrapper text-heading-block zigzag-element\">           <div class=\"image-text-block__text-wrapper__content\">             <div class=\"text-block-wrapper\">                                           <p>Consultez Ginefiv et d\u00e9couvrez le prix de nos traitements de PMA avec une s\u00e9curit\u00e9 maximale et les meilleures techniques.<\/p>             <\/div>                       <\/div>         <\/div>       <\/div>     <\/div>   <\/div>  <\/section>","protected":false},"excerpt":{"rendered":"<p>Vous ne savez pas quel traitement est le mieux adapt\u00e9 \u00e0 votre cas? D\u00e9couvrez ici quel traitement de fertilit\u00e9 vous&#8230;<\/p>\n","protected":false},"author":1,"featured_media":2345,"parent":0,"menu_order":0,"comment_status":"closed","ping_status":"closed","template":"","meta":{"_acf_changed":false,"footnotes":""},"class_list":["post-6205","page","type-page","status-publish","has-post-thumbnail","hentry"],"acf":[],"yoast_head":"<!-- This site is optimized with the Yoast SEO plugin v27.0 - https:\/\/yoast.com\/product\/yoast-seo-wordpress\/ -->\n<title>Tarifs de la PMA chez Ginefiv | Ginefiv Espagne | Ginefiv Espa\u00f1a<\/title>\n<meta name=\"description\" content=\"Chez Ginefiv nous proposons des traitements de PMA et de fertilit\u00e9 de qualit\u00e9 sup\u00e9rieure \u00e0 des prix raisonnables.\" \/>\n<meta name=\"robots\" content=\"index, follow, max-snippet:-1, max-image-preview:large, max-video-preview:-1\" \/>\n<link rel=\"canonical\" href=\"https:\/\/www.ginefiv.com\/fr\/prix\/\" \/>\n<meta property=\"og:locale\" content=\"fr_FR\" \/>\n<meta property=\"og:type\" content=\"article\" \/>\n<meta property=\"og:title\" content=\"Tarifs de la PMA chez Ginefiv | Ginefiv Espagne | Ginefiv Espa\u00f1a\" \/>\n<meta property=\"og:description\" content=\"Chez Ginefiv nous proposons des traitements de PMA et de fertilit\u00e9 de qualit\u00e9 sup\u00e9rieure \u00e0 des prix raisonnables.\" \/>\n<meta property=\"og:url\" content=\"https:\/\/www.ginefiv.com\/fr\/prix\/\" \/>\n<meta property=\"og:site_name\" content=\"Ginefiv Espa\u00f1a\" \/>\n<meta property=\"article:modified_time\" content=\"2024-09-06T10:55:03+00:00\" \/>\n<meta property=\"og:image\" content=\"https:\/\/www.ginefiv.com\/wp-content\/uploads\/2023\/10\/precios-1024x793.png\" \/>\n\t<meta property=\"og:image:width\" content=\"1024\" \/>\n\t<meta property=\"og:image:height\" content=\"793\" \/>\n\t<meta property=\"og:image:type\" content=\"image\/png\" \/>\n<meta name=\"twitter:card\" content=\"summary_large_image\" \/>\n<meta name=\"twitter:label1\" content=\"Dur\u00e9e de lecture estim\u00e9e\" \/>\n\t<meta name=\"twitter:data1\" content=\"2 minutes\" \/>\n<script type=\"application\/ld+json\" class=\"yoast-schema-graph\">{\"@context\":\"https:\/\/schema.org\",\"@graph\":[{\"@type\":\"WebPage\",\"@id\":\"https:\/\/www.ginefiv.com\/fr\/prix\/\",\"url\":\"https:\/\/www.ginefiv.com\/fr\/prix\/\",\"name\":\"Tarifs de la PMA chez Ginefiv | Ginefiv Espagne | Ginefiv Espa\u00f1a\",\"isPartOf\":{\"@id\":\"https:\/\/www.ginefiv.com\/fr\/#website\"},\"primaryImageOfPage\":{\"@id\":\"https:\/\/www.ginefiv.com\/fr\/prix\/#primaryimage\"},\"image\":{\"@id\":\"https:\/\/www.ginefiv.com\/fr\/prix\/#primaryimage\"},\"thumbnailUrl\":\"https:\/\/www.ginefiv.com\/wp-content\/uploads\/2023\/10\/precios.png\",\"datePublished\":\"2023-10-02T12:51:25+00:00\",\"dateModified\":\"2024-09-06T10:55:03+00:00\",\"description\":\"Chez Ginefiv nous proposons des traitements de PMA et de fertilit\u00e9 de qualit\u00e9 sup\u00e9rieure \u00e0 des prix raisonnables.\",\"breadcrumb\":{\"@id\":\"https:\/\/www.ginefiv.com\/fr\/prix\/#breadcrumb\"},\"inLanguage\":\"fr-FR\",\"potentialAction\":[{\"@type\":\"ReadAction\",\"target\":[\"https:\/\/www.ginefiv.com\/fr\/prix\/\"]}]},{\"@type\":\"ImageObject\",\"inLanguage\":\"fr-FR\",\"@id\":\"https:\/\/www.ginefiv.com\/fr\/prix\/#primaryimage\",\"url\":\"https:\/\/www.ginefiv.com\/wp-content\/uploads\/2023\/10\/precios.png\",\"contentUrl\":\"https:\/\/www.ginefiv.com\/wp-content\/uploads\/2023\/10\/precios.png\",\"width\":6000,\"height\":4647},{\"@type\":\"BreadcrumbList\",\"@id\":\"https:\/\/www.ginefiv.com\/fr\/prix\/#breadcrumb\",\"itemListElement\":[{\"@type\":\"ListItem\",\"position\":1,\"name\":\"Home\",\"item\":\"https:\/\/www.ginefiv.com\/fr\/\"},{\"@type\":\"ListItem\",\"position\":2,\"name\":\"Prix\"}]},{\"@type\":\"WebSite\",\"@id\":\"https:\/\/www.ginefiv.com\/fr\/#website\",\"url\":\"https:\/\/www.ginefiv.com\/fr\/\",\"name\":\"Ginefiv Espa\u00f1a\",\"description\":\"Ginefiv, tu cl\u00ednica de reproducci\u00f3n asistida. 35 a\u00f1os de experiencia en inseminaci\u00f3n artificial y fecundaci\u00f3n in vitro\",\"publisher\":{\"@id\":\"https:\/\/www.ginefiv.com\/fr\/#organization\"},\"potentialAction\":[{\"@type\":\"SearchAction\",\"target\":{\"@type\":\"EntryPoint\",\"urlTemplate\":\"https:\/\/www.ginefiv.com\/fr\/?s={search_term_string}\"},\"query-input\":{\"@type\":\"PropertyValueSpecification\",\"valueRequired\":true,\"valueName\":\"search_term_string\"}}],\"inLanguage\":\"fr-FR\"},{\"@type\":\"Organization\",\"@id\":\"https:\/\/www.ginefiv.com\/fr\/#organization\",\"name\":\"Ginefiv\",\"url\":\"https:\/\/www.ginefiv.com\/fr\/\",\"logo\":{\"@type\":\"ImageObject\",\"inLanguage\":\"fr-FR\",\"@id\":\"https:\/\/www.ginefiv.com\/fr\/#\/schema\/logo\/image\/\",\"url\":\"https:\/\/www.ginefiv.com\/wp-content\/uploads\/2023\/12\/descarga.png\",\"contentUrl\":\"https:\/\/www.ginefiv.com\/wp-content\/uploads\/2023\/12\/descarga.png\",\"width\":437,\"height\":115,\"caption\":\"Ginefiv\"},\"image\":{\"@id\":\"https:\/\/www.ginefiv.com\/fr\/#\/schema\/logo\/image\/\"}}]}<\/script>\n<!-- \/ Yoast SEO plugin. -->","yoast_head_json":{"title":"Tarifs de la PMA chez Ginefiv | Ginefiv Espagne | Ginefiv Espa\u00f1a","description":"Chez Ginefiv nous proposons des traitements de PMA et de fertilit\u00e9 de qualit\u00e9 sup\u00e9rieure \u00e0 des prix raisonnables.","robots":{"index":"index","follow":"follow","max-snippet":"max-snippet:-1","max-image-preview":"max-image-preview:large","max-video-preview":"max-video-preview:-1"},"canonical":"https:\/\/www.ginefiv.com\/fr\/prix\/","og_locale":"fr_FR","og_type":"article","og_title":"Tarifs de la PMA chez Ginefiv | Ginefiv Espagne | Ginefiv Espa\u00f1a","og_description":"Chez Ginefiv nous proposons des traitements de PMA et de fertilit\u00e9 de qualit\u00e9 sup\u00e9rieure \u00e0 des prix raisonnables.","og_url":"https:\/\/www.ginefiv.com\/fr\/prix\/","og_site_name":"Ginefiv Espa\u00f1a","article_modified_time":"2024-09-06T10:55:03+00:00","og_image":[{"width":1024,"height":793,"url":"https:\/\/www.ginefiv.com\/wp-content\/uploads\/2023\/10\/precios-1024x793.png","type":"image\/png"}],"twitter_card":"summary_large_image","twitter_misc":{"Dur\u00e9e de lecture estim\u00e9e":"2 minutes"},"schema":{"@context":"https:\/\/schema.org","@graph":[{"@type":"WebPage","@id":"https:\/\/www.ginefiv.com\/fr\/prix\/","url":"https:\/\/www.ginefiv.com\/fr\/prix\/","name":"Tarifs de la PMA chez Ginefiv | Ginefiv Espagne | Ginefiv Espa\u00f1a","isPartOf":{"@id":"https:\/\/www.ginefiv.com\/fr\/#website"},"primaryImageOfPage":{"@id":"https:\/\/www.ginefiv.com\/fr\/prix\/#primaryimage"},"image":{"@id":"https:\/\/www.ginefiv.com\/fr\/prix\/#primaryimage"},"thumbnailUrl":"https:\/\/www.ginefiv.com\/wp-content\/uploads\/2023\/10\/precios.png","datePublished":"2023-10-02T12:51:25+00:00","dateModified":"2024-09-06T10:55:03+00:00","description":"Chez Ginefiv nous proposons des traitements de PMA et de fertilit\u00e9 de qualit\u00e9 sup\u00e9rieure \u00e0 des prix raisonnables.","breadcrumb":{"@id":"https:\/\/www.ginefiv.com\/fr\/prix\/#breadcrumb"},"inLanguage":"fr-FR","potentialAction":[{"@type":"ReadAction","target":["https:\/\/www.ginefiv.com\/fr\/prix\/"]}]},{"@type":"ImageObject","inLanguage":"fr-FR","@id":"https:\/\/www.ginefiv.com\/fr\/prix\/#primaryimage","url":"https:\/\/www.ginefiv.com\/wp-content\/uploads\/2023\/10\/precios.png","contentUrl":"https:\/\/www.ginefiv.com\/wp-content\/uploads\/2023\/10\/precios.png","width":6000,"height":4647},{"@type":"BreadcrumbList","@id":"https:\/\/www.ginefiv.com\/fr\/prix\/#breadcrumb","itemListElement":[{"@type":"ListItem","position":1,"name":"Home","item":"https:\/\/www.ginefiv.com\/fr\/"},{"@type":"ListItem","position":2,"name":"Prix"}]},{"@type":"WebSite","@id":"https:\/\/www.ginefiv.com\/fr\/#website","url":"https:\/\/www.ginefiv.com\/fr\/","name":"Ginefiv Espa\u00f1a","description":"Ginefiv, tu cl\u00ednica de reproducci\u00f3n asistida. 35 a\u00f1os de experiencia en inseminaci\u00f3n artificial y fecundaci\u00f3n in vitro","publisher":{"@id":"https:\/\/www.ginefiv.com\/fr\/#organization"},"potentialAction":[{"@type":"SearchAction","target":{"@type":"EntryPoint","urlTemplate":"https:\/\/www.ginefiv.com\/fr\/?s={search_term_string}"},"query-input":{"@type":"PropertyValueSpecification","valueRequired":true,"valueName":"search_term_string"}}],"inLanguage":"fr-FR"},{"@type":"Organization","@id":"https:\/\/www.ginefiv.com\/fr\/#organization","name":"Ginefiv","url":"https:\/\/www.ginefiv.com\/fr\/","logo":{"@type":"ImageObject","inLanguage":"fr-FR","@id":"https:\/\/www.ginefiv.com\/fr\/#\/schema\/logo\/image\/","url":"https:\/\/www.ginefiv.com\/wp-content\/uploads\/2023\/12\/descarga.png","contentUrl":"https:\/\/www.ginefiv.com\/wp-content\/uploads\/2023\/12\/descarga.png","width":437,"height":115,"caption":"Ginefiv"},"image":{"@id":"https:\/\/www.ginefiv.com\/fr\/#\/schema\/logo\/image\/"}}]}},"_links":{"self":[{"href":"https:\/\/www.ginefiv.com\/fr\/wp-json\/wp\/v2\/pages\/6205","targetHints":{"allow":["GET"]}}],"collection":[{"href":"https:\/\/www.ginefiv.com\/fr\/wp-json\/wp\/v2\/pages"}],"about":[{"href":"https:\/\/www.ginefiv.com\/fr\/wp-json\/wp\/v2\/types\/page"}],"author":[{"embeddable":true,"href":"https:\/\/www.ginefiv.com\/fr\/wp-json\/wp\/v2\/users\/1"}],"replies":[{"embeddable":true,"href":"https:\/\/www.ginefiv.com\/fr\/wp-json\/wp\/v2\/comments?post=6205"}],"version-history":[{"count":0,"href":"https:\/\/www.ginefiv.com\/fr\/wp-json\/wp\/v2\/pages\/6205\/revisions"}],"wp:featuredmedia":[{"embeddable":true,"href":"https:\/\/www.ginefiv.com\/fr\/wp-json\/wp\/v2\/media\/2345"}],"wp:attachment":[{"href":"https:\/\/www.ginefiv.com\/fr\/wp-json\/wp\/v2\/media?parent=6205"}],"curies":[{"name":"wp","href":"https:\/\/api.w.org\/{rel}","templated":true}]}}