











{"id":7405,"date":"2023-08-08T06:41:03","date_gmt":"2023-08-08T06:41:03","guid":{"rendered":"https:\/\/www.ginefiv.com\/faqs\/"},"modified":"2024-09-06T10:54:28","modified_gmt":"2024-09-06T10:54:28","slug":"faq","status":"publish","type":"page","link":"https:\/\/www.ginefiv.com\/fr\/faq\/","title":{"rendered":"FAQS"},"content":{"rendered":"<section class=\"page-cover has-thumbnail dark-theme\">   <div class=\"page-cover__container container\">     <div class=\"row\">       <div class=\"col-12 col-lg-8\">         <div class=\"page-cover__heading\">           <div class=\"page-cover__heading-wrapper\">                           <div class=\"page-cover__heading-title heading-title title-display hero-title\">               <h1 class=\"title-display\">Questions-r\u00e9ponses sur la PMA<\/h1>             <\/div>                            <div class=\"page-cover__heading-content text-lg\">                 <p>Quand on ne tombe pas enceinte naturellement, il est tout \u00e0 fait normal de se poser des questions et de vouloir des r\u00e9ponses.<\/p>               <\/div>                                    <\/div>         <\/div>       <\/div>     <\/div>   <\/div>         <div class=\"parallax-trigger fullsize page-cover-thumbnail\" data-magic=\"parallax\">       <picture class=\"page-cover__picture parallax-trigger__item\" data-item=\"parallax-item\">         <img decoding=\"async\" src=\"https:\/\/www.ginefiv.com\/wp-content\/uploads\/2023\/08\/antes-tratamiento.webp\" alt=\"FAQS\">       <\/picture>     <\/div>     <\/section>   <section class=\"wp-block-breadcrumbs\">   <div class=\"content-wrapper\">     <ul>                   <li>               <a href=\"https:\/\/www.ginefiv.com\/fr\/\" title=\"Ginefiv Espa\u00f1a\">                 Ginefiv              <\/a>             <\/li>                         <li>               <span class=\"current\" title=\"FAQS\">                 FAQS              <\/span>             <\/li>                 <\/ul>   <\/div> <\/section>    <div class=\"wp-block-columns is-layout-flex wp-container-core-columns-is-layout-28f84493 wp-block-columns-is-layout-flex\"> <div class=\"wp-block-column is-layout-flow wp-block-column-is-layout-flow\"> <p class=\"has-text-align-center\">Il en va de m\u00eame si vous savez d\u00e9j\u00e0 que vous allez devoir recourir \u00e0 un traitement de procr\u00e9ation assist\u00e9e. Vous vous poserez sans doute des questions avant, pendant et apr\u00e8s ce traitement. Dans cette rubrique, nous nous effor\u00e7ons dissiper vos doutes en r\u00e9pondant aux questions les plus courantes.<\/p>    <p>Consultez chaque section pour dissiper vos doutes. Vous pouvez \u00e9galement nous contacter \u00e0 tout moment pour nous faire part de vos pr\u00e9occupations.<\/p>    <p><strong><a href=\"https:\/\/www.ginefiv.com\/fr\/faq\/avant-la-pma\/\">Foire aux questions avant de commencer un traitement<\/a><\/strong><\/p>    <p><strong><a href=\"https:\/\/www.ginefiv.com\/fr\/faq\/pendant-la-pma\/\">Foire aux questions pendant le traitement<\/a><\/strong><\/p>    <p><strong><a href=\"https:\/\/www.ginefiv.com\/fr\/faq\/apres-la-pma\/\">Foire aux questions apr\u00e8s le traitement<\/a><\/strong><\/p>    <p><strong><a href=\"https:\/\/www.ginefiv.com\/fr\/faq\/medicaments\/\">Foire aux questions m\u00e9dicaments<\/a><\/strong><\/p> <\/div> <\/div>    <div class=\"wp-block-columns is-layout-flex wp-container-core-columns-is-layout-28f84493 wp-block-columns-is-layout-flex\"> <div class=\"wp-block-column wp-column-is-centred is-layout-flow wp-block-column-is-layout-flow\" style=\"flex-basis:650px\"> <h3 class=\"wp-block-heading has-text-align-center\">Votre premi\u00e8re visite<\/h3>    <p class=\"has-text-align-center\">Vous avez la possibilit\u00e9 de r\u00e9aliser votre prem\u00e8re consultation sur place \u00e0 la clinique ou par vid\u00e9oconf\u00e9rence. Choisissez l\u2019option qui vous convient le mieux.<\/p>    <div class=\"wp-block-buttons is-content-justification-center is-layout-flex wp-container-core-buttons-is-layout-a89b3969 wp-block-buttons-is-layout-flex\"> <div class=\"wp-block-button\"><a class=\"wp-block-button__link has-orange-background-color has-background wp-element-button\" href=\"https:\/\/www.ginefiv.com\/fr\/contact\/\" style=\"border-radius:5px\">Contactez-nous<\/a><\/div> <\/div> <\/div> <\/div>    <div class=\"wp-block-columns alignfull has-turquoise-teal-background-color has-background is-layout-flex wp-container-core-columns-is-layout-28f84493 wp-block-columns-is-layout-flex\"> <div class=\"wp-block-column is-layout-flow wp-block-column-is-layout-flow\"> <section class=\"grid-icons-block content-wrapper\">        <div class=\"grid-icon\">             <picture class=\"grid-icon__thumbnail\">         <img loading=\"lazy\" decoding=\"async\" width=\"700\" height=\"700\" src=\"https:\/\/www.ginefiv.com\/wp-content\/uploads\/2023\/10\/35anos.png\" class=\"attachment-large size-large\" alt=\"\" srcset=\"https:\/\/www.ginefiv.com\/wp-content\/uploads\/2023\/10\/35anos.png 700w, https:\/\/www.ginefiv.com\/wp-content\/uploads\/2023\/10\/35anos-300x300.png 300w, https:\/\/www.ginefiv.com\/wp-content\/uploads\/2023\/10\/35anos-150x150.png 150w, https:\/\/www.ginefiv.com\/wp-content\/uploads\/2023\/10\/35anos-420x420.png 420w\" sizes=\"auto, (max-width: 700px) 100vw, 700px\" \/>      <\/picture>             <div class=\"grid-icon__text\">         35 ans d&rsquo;exp\u00e9rience      <\/div>     <\/div>         <div class=\"grid-icon\">             <picture class=\"grid-icon__thumbnail\">         <img loading=\"lazy\" decoding=\"async\" width=\"700\" height=\"700\" src=\"https:\/\/www.ginefiv.com\/wp-content\/uploads\/2023\/10\/mano-cruz.png\" class=\"attachment-large size-large\" alt=\"\" srcset=\"https:\/\/www.ginefiv.com\/wp-content\/uploads\/2023\/10\/mano-cruz.png 700w, https:\/\/www.ginefiv.com\/wp-content\/uploads\/2023\/10\/mano-cruz-300x300.png 300w, https:\/\/www.ginefiv.com\/wp-content\/uploads\/2023\/10\/mano-cruz-150x150.png 150w, https:\/\/www.ginefiv.com\/wp-content\/uploads\/2023\/10\/mano-cruz-420x420.png 420w\" sizes=\"auto, (max-width: 700px) 100vw, 700px\" \/>      <\/picture>             <div class=\"grid-icon__text\">          S\u00e9curit\u00e9 garantie       <\/div>     <\/div>         <div class=\"grid-icon\">             <picture class=\"grid-icon__thumbnail\">         <img loading=\"lazy\" decoding=\"async\" width=\"700\" height=\"700\" src=\"https:\/\/www.ginefiv.com\/wp-content\/uploads\/2023\/10\/auriculares.png\" class=\"attachment-large size-large\" alt=\"\" srcset=\"https:\/\/www.ginefiv.com\/wp-content\/uploads\/2023\/10\/auriculares.png 700w, https:\/\/www.ginefiv.com\/wp-content\/uploads\/2023\/10\/auriculares-300x300.png 300w, https:\/\/www.ginefiv.com\/wp-content\/uploads\/2023\/10\/auriculares-150x150.png 150w, https:\/\/www.ginefiv.com\/wp-content\/uploads\/2023\/10\/auriculares-420x420.png 420w\" sizes=\"auto, (max-width: 700px) 100vw, 700px\" \/>      <\/picture>             <div class=\"grid-icon__text\">         Assistance personnalis\u00e9      <\/div>     <\/div>         <div class=\"grid-icon\">             <picture class=\"grid-icon__thumbnail\">         <img loading=\"lazy\" decoding=\"async\" width=\"700\" height=\"700\" src=\"https:\/\/www.ginefiv.com\/wp-content\/uploads\/2023\/10\/ovulo.png\" class=\"attachment-large size-large\" alt=\"\" srcset=\"https:\/\/www.ginefiv.com\/wp-content\/uploads\/2023\/10\/ovulo.png 700w, https:\/\/www.ginefiv.com\/wp-content\/uploads\/2023\/10\/ovulo-300x300.png 300w, https:\/\/www.ginefiv.com\/wp-content\/uploads\/2023\/10\/ovulo-150x150.png 150w, https:\/\/www.ginefiv.com\/wp-content\/uploads\/2023\/10\/ovulo-420x420.png 420w\" sizes=\"auto, (max-width: 700px) 100vw, 700px\" \/>      <\/picture>             <div class=\"grid-icon__text\">         A la pointe de la technologie      <\/div>     <\/div>         <div class=\"grid-icon\">             <picture class=\"grid-icon__thumbnail\">         <img loading=\"lazy\" decoding=\"async\" width=\"700\" height=\"700\" src=\"https:\/\/www.ginefiv.com\/wp-content\/uploads\/2023\/10\/medalla.png\" class=\"attachment-large size-large\" alt=\"\" srcset=\"https:\/\/www.ginefiv.com\/wp-content\/uploads\/2023\/10\/medalla.png 700w, https:\/\/www.ginefiv.com\/wp-content\/uploads\/2023\/10\/medalla-300x300.png 300w, https:\/\/www.ginefiv.com\/wp-content\/uploads\/2023\/10\/medalla-150x150.png 150w, https:\/\/www.ginefiv.com\/wp-content\/uploads\/2023\/10\/medalla-420x420.png 420w\" sizes=\"auto, (max-width: 700px) 100vw, 700px\" \/>      <\/picture>             <div class=\"grid-icon__text\">         Taux de r\u00e9ussite \u00e9lev\u00e9      <\/div>     <\/div>         <div class=\"grid-icon\">             <picture class=\"grid-icon__thumbnail\">         <img loading=\"lazy\" decoding=\"async\" width=\"700\" height=\"700\" src=\"https:\/\/www.ginefiv.com\/wp-content\/uploads\/2023\/10\/mano-ok.png\" class=\"attachment-large size-large\" alt=\"\" srcset=\"https:\/\/www.ginefiv.com\/wp-content\/uploads\/2023\/10\/mano-ok.png 700w, https:\/\/www.ginefiv.com\/wp-content\/uploads\/2023\/10\/mano-ok-300x300.png 300w, https:\/\/www.ginefiv.com\/wp-content\/uploads\/2023\/10\/mano-ok-150x150.png 150w, https:\/\/www.ginefiv.com\/wp-content\/uploads\/2023\/10\/mano-ok-420x420.png 420w\" sizes=\"auto, (max-width: 700px) 100vw, 700px\" \/>      <\/picture>             <div class=\"grid-icon__text\">         Tarifs \u00e9conomiques      <\/div>     <\/div>     <\/section><\/div> <\/div>","protected":false},"excerpt":{"rendered":"<p>Il en va de m\u00eame si vous savez d\u00e9j\u00e0 que vous allez devoir recourir \u00e0 un traitement de procr\u00e9ation assist\u00e9e&#8230;.<\/p>\n","protected":false},"author":2,"featured_media":1048,"parent":0,"menu_order":0,"comment_status":"closed","ping_status":"closed","template":"","meta":{"_acf_changed":false,"footnotes":""},"class_list":["post-7405","page","type-page","status-publish","has-post-thumbnail","hentry"],"acf":[],"yoast_head":"<!-- This site is optimized with the Yoast SEO plugin v27.0 - https:\/\/yoast.com\/product\/yoast-seo-wordpress\/ -->\n<title>Questions-r\u00e9ponses sur la PMA | Ginefiv Espa\u00f1a<\/title>\n<meta name=\"description\" content=\"Nous r\u00e9pondons \u00e0 toutes vos questions sur les traitements de reproduction assist\u00e9e dans nos cliniques de Madrid, Barcelone et Getafe.\" \/>\n<meta name=\"robots\" content=\"index, follow, max-snippet:-1, max-image-preview:large, max-video-preview:-1\" \/>\n<link rel=\"canonical\" href=\"https:\/\/www.ginefiv.com\/fr\/faq\/\" \/>\n<meta property=\"og:locale\" content=\"fr_FR\" \/>\n<meta property=\"og:type\" content=\"article\" \/>\n<meta property=\"og:title\" content=\"Questions-r\u00e9ponses sur la PMA | Ginefiv Espa\u00f1a\" \/>\n<meta property=\"og:description\" content=\"Nous r\u00e9pondons \u00e0 toutes vos questions sur les traitements de reproduction assist\u00e9e dans nos cliniques de Madrid, Barcelone et Getafe.\" \/>\n<meta property=\"og:url\" content=\"https:\/\/www.ginefiv.com\/fr\/faq\/\" \/>\n<meta property=\"og:site_name\" content=\"Ginefiv Espa\u00f1a\" \/>\n<meta property=\"article:modified_time\" content=\"2024-09-06T10:54:28+00:00\" \/>\n<meta property=\"og:image\" content=\"https:\/\/www.ginefiv.com\/wp-content\/uploads\/2023\/08\/antes-tratamiento.webp\" \/>\n\t<meta property=\"og:image:width\" content=\"1444\" \/>\n\t<meta property=\"og:image:height\" content=\"970\" \/>\n\t<meta property=\"og:image:type\" content=\"image\/webp\" \/>\n<meta name=\"twitter:card\" content=\"summary_large_image\" \/>\n<meta name=\"twitter:label1\" content=\"Dur\u00e9e de lecture estim\u00e9e\" \/>\n\t<meta name=\"twitter:data1\" content=\"2 minutes\" \/>\n<script type=\"application\/ld+json\" class=\"yoast-schema-graph\">{\"@context\":\"https:\/\/schema.org\",\"@graph\":[{\"@type\":\"WebPage\",\"@id\":\"https:\/\/www.ginefiv.com\/fr\/faq\/\",\"url\":\"https:\/\/www.ginefiv.com\/fr\/faq\/\",\"name\":\"Questions-r\u00e9ponses sur la PMA | Ginefiv Espa\u00f1a\",\"isPartOf\":{\"@id\":\"https:\/\/www.ginefiv.com\/fr\/#website\"},\"primaryImageOfPage\":{\"@id\":\"https:\/\/www.ginefiv.com\/fr\/faq\/#primaryimage\"},\"image\":{\"@id\":\"https:\/\/www.ginefiv.com\/fr\/faq\/#primaryimage\"},\"thumbnailUrl\":\"https:\/\/www.ginefiv.com\/wp-content\/uploads\/2023\/08\/antes-tratamiento.webp\",\"datePublished\":\"2023-08-08T06:41:03+00:00\",\"dateModified\":\"2024-09-06T10:54:28+00:00\",\"description\":\"Nous r\u00e9pondons \u00e0 toutes vos questions sur les traitements de reproduction assist\u00e9e dans nos cliniques de Madrid, Barcelone et Getafe.\",\"breadcrumb\":{\"@id\":\"https:\/\/www.ginefiv.com\/fr\/faq\/#breadcrumb\"},\"inLanguage\":\"fr-FR\",\"potentialAction\":[{\"@type\":\"ReadAction\",\"target\":[\"https:\/\/www.ginefiv.com\/fr\/faq\/\"]}]},{\"@type\":\"ImageObject\",\"inLanguage\":\"fr-FR\",\"@id\":\"https:\/\/www.ginefiv.com\/fr\/faq\/#primaryimage\",\"url\":\"https:\/\/www.ginefiv.com\/wp-content\/uploads\/2023\/08\/antes-tratamiento.webp\",\"contentUrl\":\"https:\/\/www.ginefiv.com\/wp-content\/uploads\/2023\/08\/antes-tratamiento.webp\",\"width\":1444,\"height\":970},{\"@type\":\"BreadcrumbList\",\"@id\":\"https:\/\/www.ginefiv.com\/fr\/faq\/#breadcrumb\",\"itemListElement\":[{\"@type\":\"ListItem\",\"position\":1,\"name\":\"Home\",\"item\":\"https:\/\/www.ginefiv.com\/fr\/\"},{\"@type\":\"ListItem\",\"position\":2,\"name\":\"FAQS\"}]},{\"@type\":\"WebSite\",\"@id\":\"https:\/\/www.ginefiv.com\/fr\/#website\",\"url\":\"https:\/\/www.ginefiv.com\/fr\/\",\"name\":\"Ginefiv Espa\u00f1a\",\"description\":\"Ginefiv, tu cl\u00ednica de reproducci\u00f3n asistida. 35 a\u00f1os de experiencia en inseminaci\u00f3n artificial y fecundaci\u00f3n in vitro\",\"publisher\":{\"@id\":\"https:\/\/www.ginefiv.com\/fr\/#organization\"},\"potentialAction\":[{\"@type\":\"SearchAction\",\"target\":{\"@type\":\"EntryPoint\",\"urlTemplate\":\"https:\/\/www.ginefiv.com\/fr\/?s={search_term_string}\"},\"query-input\":{\"@type\":\"PropertyValueSpecification\",\"valueRequired\":true,\"valueName\":\"search_term_string\"}}],\"inLanguage\":\"fr-FR\"},{\"@type\":\"Organization\",\"@id\":\"https:\/\/www.ginefiv.com\/fr\/#organization\",\"name\":\"Ginefiv\",\"url\":\"https:\/\/www.ginefiv.com\/fr\/\",\"logo\":{\"@type\":\"ImageObject\",\"inLanguage\":\"fr-FR\",\"@id\":\"https:\/\/www.ginefiv.com\/fr\/#\/schema\/logo\/image\/\",\"url\":\"https:\/\/www.ginefiv.com\/wp-content\/uploads\/2023\/12\/descarga.png\",\"contentUrl\":\"https:\/\/www.ginefiv.com\/wp-content\/uploads\/2023\/12\/descarga.png\",\"width\":437,\"height\":115,\"caption\":\"Ginefiv\"},\"image\":{\"@id\":\"https:\/\/www.ginefiv.com\/fr\/#\/schema\/logo\/image\/\"}}]}<\/script>\n<!-- \/ Yoast SEO plugin. -->","yoast_head_json":{"title":"Questions-r\u00e9ponses sur la PMA | Ginefiv Espa\u00f1a","description":"Nous r\u00e9pondons \u00e0 toutes vos questions sur les traitements de reproduction assist\u00e9e dans nos cliniques de Madrid, Barcelone et Getafe.","robots":{"index":"index","follow":"follow","max-snippet":"max-snippet:-1","max-image-preview":"max-image-preview:large","max-video-preview":"max-video-preview:-1"},"canonical":"https:\/\/www.ginefiv.com\/fr\/faq\/","og_locale":"fr_FR","og_type":"article","og_title":"Questions-r\u00e9ponses sur la PMA | Ginefiv Espa\u00f1a","og_description":"Nous r\u00e9pondons \u00e0 toutes vos questions sur les traitements de reproduction assist\u00e9e dans nos cliniques de Madrid, Barcelone et Getafe.","og_url":"https:\/\/www.ginefiv.com\/fr\/faq\/","og_site_name":"Ginefiv Espa\u00f1a","article_modified_time":"2024-09-06T10:54:28+00:00","og_image":[{"width":1444,"height":970,"url":"https:\/\/www.ginefiv.com\/wp-content\/uploads\/2023\/08\/antes-tratamiento.webp","type":"image\/webp"}],"twitter_card":"summary_large_image","twitter_misc":{"Dur\u00e9e de lecture estim\u00e9e":"2 minutes"},"schema":{"@context":"https:\/\/schema.org","@graph":[{"@type":"WebPage","@id":"https:\/\/www.ginefiv.com\/fr\/faq\/","url":"https:\/\/www.ginefiv.com\/fr\/faq\/","name":"Questions-r\u00e9ponses sur la PMA | Ginefiv Espa\u00f1a","isPartOf":{"@id":"https:\/\/www.ginefiv.com\/fr\/#website"},"primaryImageOfPage":{"@id":"https:\/\/www.ginefiv.com\/fr\/faq\/#primaryimage"},"image":{"@id":"https:\/\/www.ginefiv.com\/fr\/faq\/#primaryimage"},"thumbnailUrl":"https:\/\/www.ginefiv.com\/wp-content\/uploads\/2023\/08\/antes-tratamiento.webp","datePublished":"2023-08-08T06:41:03+00:00","dateModified":"2024-09-06T10:54:28+00:00","description":"Nous r\u00e9pondons \u00e0 toutes vos questions sur les traitements de reproduction assist\u00e9e dans nos cliniques de Madrid, Barcelone et Getafe.","breadcrumb":{"@id":"https:\/\/www.ginefiv.com\/fr\/faq\/#breadcrumb"},"inLanguage":"fr-FR","potentialAction":[{"@type":"ReadAction","target":["https:\/\/www.ginefiv.com\/fr\/faq\/"]}]},{"@type":"ImageObject","inLanguage":"fr-FR","@id":"https:\/\/www.ginefiv.com\/fr\/faq\/#primaryimage","url":"https:\/\/www.ginefiv.com\/wp-content\/uploads\/2023\/08\/antes-tratamiento.webp","contentUrl":"https:\/\/www.ginefiv.com\/wp-content\/uploads\/2023\/08\/antes-tratamiento.webp","width":1444,"height":970},{"@type":"BreadcrumbList","@id":"https:\/\/www.ginefiv.com\/fr\/faq\/#breadcrumb","itemListElement":[{"@type":"ListItem","position":1,"name":"Home","item":"https:\/\/www.ginefiv.com\/fr\/"},{"@type":"ListItem","position":2,"name":"FAQS"}]},{"@type":"WebSite","@id":"https:\/\/www.ginefiv.com\/fr\/#website","url":"https:\/\/www.ginefiv.com\/fr\/","name":"Ginefiv Espa\u00f1a","description":"Ginefiv, tu cl\u00ednica de reproducci\u00f3n asistida. 35 a\u00f1os de experiencia en inseminaci\u00f3n artificial y fecundaci\u00f3n in vitro","publisher":{"@id":"https:\/\/www.ginefiv.com\/fr\/#organization"},"potentialAction":[{"@type":"SearchAction","target":{"@type":"EntryPoint","urlTemplate":"https:\/\/www.ginefiv.com\/fr\/?s={search_term_string}"},"query-input":{"@type":"PropertyValueSpecification","valueRequired":true,"valueName":"search_term_string"}}],"inLanguage":"fr-FR"},{"@type":"Organization","@id":"https:\/\/www.ginefiv.com\/fr\/#organization","name":"Ginefiv","url":"https:\/\/www.ginefiv.com\/fr\/","logo":{"@type":"ImageObject","inLanguage":"fr-FR","@id":"https:\/\/www.ginefiv.com\/fr\/#\/schema\/logo\/image\/","url":"https:\/\/www.ginefiv.com\/wp-content\/uploads\/2023\/12\/descarga.png","contentUrl":"https:\/\/www.ginefiv.com\/wp-content\/uploads\/2023\/12\/descarga.png","width":437,"height":115,"caption":"Ginefiv"},"image":{"@id":"https:\/\/www.ginefiv.com\/fr\/#\/schema\/logo\/image\/"}}]}},"_links":{"self":[{"href":"https:\/\/www.ginefiv.com\/fr\/wp-json\/wp\/v2\/pages\/7405","targetHints":{"allow":["GET"]}}],"collection":[{"href":"https:\/\/www.ginefiv.com\/fr\/wp-json\/wp\/v2\/pages"}],"about":[{"href":"https:\/\/www.ginefiv.com\/fr\/wp-json\/wp\/v2\/types\/page"}],"author":[{"embeddable":true,"href":"https:\/\/www.ginefiv.com\/fr\/wp-json\/wp\/v2\/users\/2"}],"replies":[{"embeddable":true,"href":"https:\/\/www.ginefiv.com\/fr\/wp-json\/wp\/v2\/comments?post=7405"}],"version-history":[{"count":0,"href":"https:\/\/www.ginefiv.com\/fr\/wp-json\/wp\/v2\/pages\/7405\/revisions"}],"wp:featuredmedia":[{"embeddable":true,"href":"https:\/\/www.ginefiv.com\/fr\/wp-json\/wp\/v2\/media\/1048"}],"wp:attachment":[{"href":"https:\/\/www.ginefiv.com\/fr\/wp-json\/wp\/v2\/media?parent=7405"}],"curies":[{"name":"wp","href":"https:\/\/api.w.org\/{rel}","templated":true}]}}