











{"id":7519,"date":"2023-10-17T14:56:22","date_gmt":"2023-10-17T14:56:22","guid":{"rendered":"https:\/\/www.ginefiv.com\/consultas-ginefiv\/"},"modified":"2024-09-21T08:30:20","modified_gmt":"2024-09-21T08:30:20","slug":"app-consultas-ginefiv","status":"publish","type":"page","link":"https:\/\/www.ginefiv.com\/fr\/app-consultas-ginefiv\/","title":{"rendered":"APP Consultas Ginefiv"},"content":{"rendered":"<section class=\"page-cover treatment-section has-thumbnail dark-theme\">     <div class=\"page-cover__container container treatment-page\">         <div class=\"row\">             <div class=\"col-12 col-lg-6 pt-4 pt-lg-0\">                 <div class=\"page-cover__heading\">                     <div class=\"page-cover__heading-wrapper treatment-heading\">                                                   <div class=\"page-cover__heading-subtitle heading-subtitle text-xxl\">                             <p>Fertilit\u00e9 app<\/p>                         <\/div>                          <div class=\"page-cover__heading-title heading-title title-display\">                             <h1 class=\"title-display\">APP Consultas Ginefiv<\/h1>                         <\/div>                                                      <div class=\"page-cover__heading-content text-lg\">                                 <p>\u00c0 travers un menu de navigation tr\u00e8s simple et un syst\u00e8me de notifications et d\u2019alertes, Consultas Ginefiv vous permet d&rsquo;avoir \u00e0 port\u00e9e de main une s\u00e9rie d&rsquo;informations utiles, comme les dates de vos prochains rendez-vous \u00e0 la clinique, indiqu\u00e9es sur un calendrier, ainsi que les m\u00e9dicaments \u00e0 prendre chaque jour pendant le traitement.<\/p>                             <\/div>                                                                      <\/div>                 <\/div>             <\/div>              <div class=\"col-12 col-lg-6 pt-5 pt-lg-0 pl-lg-5\">                 <div class=\"treatment-links-container\">                                     <\/div>             <\/div>         <\/div>     <\/div>               <div class=\"parallax-trigger fullsize page-cover-thumbnail treatment-thumbnail\" data-magic=\"parallax\">             <picture class=\"page-cover__picture parallax-trigger__item\" data-item=\"parallax-item\">                 <img decoding=\"async\" src=\"https:\/\/www.ginefiv.com\/wp-content\/uploads\/2023\/10\/app-paciente.jpg\" alt=\"APP Consultas Ginefiv\">             <\/picture>         <\/div>       <\/section>   <section class=\"wp-block-breadcrumbs\">   <div class=\"content-wrapper\">     <ul>                   <li>               <a href=\"https:\/\/www.ginefiv.com\/fr\/\" title=\"Ginefiv Espa\u00f1a\">                 Ginefiv              <\/a>             <\/li>                         <li>               <span class=\"current\" title=\"APP Consultas Ginefiv\">                 APP Consultas Ginefiv              <\/span>             <\/li>                 <\/ul>   <\/div> <\/section>    <div class=\"wp-block-columns is-layout-flex wp-container-core-columns-is-layout-28f84493 wp-block-columns-is-layout-flex\"> <div class=\"wp-block-column is-layout-flow wp-block-column-is-layout-flow\"> <p class=\"has-text-align-center has-medium-font-size\">Afin d\u2019\u00eatre le plus proche possible de nos patients pendant toute la dur\u00e9e de leur traitement, nous avons cr\u00e9e une application m\u00e9dicale qui facilite la communication avec eux de mani\u00e8re totalement s\u00e9curis\u00e9e et confidentielle, dot\u00e9e d\u2019un syst\u00e8me de double v\u00e9rification conforme \u00e0 la loi sur la protection des donn\u00e9es personnelles.<\/p> <\/div> <\/div>    <div class=\"wp-block-columns is-layout-flex wp-container-core-columns-is-layout-28f84493 wp-block-columns-is-layout-flex\"> <div class=\"wp-block-column is-layout-flow wp-block-column-is-layout-flow\"> <h3 class=\"wp-block-heading\">Fonctionnalit\u00e9s de l&rsquo;appli<\/h3>    <p>\u00c0 travers le chat de Consultas Ginefiv, les patients peuvent non seulement communiquer avec nous, mais aussi \u00e9changer des documents et des rapports m\u00e9dicaux avec notre service d\u2019aide au patient sans avoir \u00e0 recourir aux e-mails ni aux appels t\u00e9l\u00e9phoniques<\/p>    <p>Cette application simple et intuitive vous sera d\u2019une grande aide tout au long de votre traitement. Vous y trouverez \u00e9galement des liens directs vers notre blog contenant des articles en rapport avec la fertilit\u00e9, ainsi qu\u2019un forum de patients, gr\u00e2ce auquel vous pourrez bient\u00f4t \u00e9changer des informations avec d\u2019autres femmes ou couples dans la m\u00eame situation que vous.<\/p> <\/div>    <div class=\"wp-block-column is-layout-flow wp-block-column-is-layout-flow\"> <figure class=\"wp-block-image size-full is-resized\"><img loading=\"lazy\" decoding=\"async\" width=\"637\" height=\"477\" src=\"https:\/\/www.ginefiv.com\/wp-content\/uploads\/2023\/10\/app-paciente-movil.jpg\" alt=\"\" class=\"wp-image-3944\" style=\"width:568px;height:425px\" srcset=\"https:\/\/www.ginefiv.com\/wp-content\/uploads\/2023\/10\/app-paciente-movil.jpg 637w, https:\/\/www.ginefiv.com\/wp-content\/uploads\/2023\/10\/app-paciente-movil-300x225.jpg 300w\" sizes=\"auto, (max-width: 637px) 100vw, 637px\" \/><\/figure> <\/div> <\/div>   <section  class=\"text-block background-light custom-block-spacing\">   <div class=\"container\">     <div class=\"row\">       <div class=\"col-12\">         <div class=\"text-block__text-wrapper text-heading-block alignment-left\" data-magic=\"appear-in\">                     <h3 class=\"title-display\">Un traitement de fertilit\u00e9 plein d&rsquo;avantages<\/h3> <p>\u00c0 travers l\u2019application Consultas Ginefiv, nos patients peuvent :<\/p> <ul> <li> <p style=\"font-weight: bold;\">Recevoir un rappel de leur rendez-vous 24 h \u00e0 l\u2019avance.<\/p> <\/li> <li> <p style=\"font-weight: bold;\">Consulter le planning de leur traitement et leurs rendez-vous sur un calendrier, depuis le premier jour.<\/p> <\/li> <li> <p style=\"font-weight: bold;\">Communiquer ais\u00e9ment avec nous tout au long de la journ\u00e9e pour nous poser des questions (une r\u00e9ponse leur sera donn\u00e9e le plus rapidement possible, pendant les heures d&rsquo;ouverture du centre).<\/p> <\/li> <li> <p style=\"font-weight: bold;\">Recevoir des notifications de nos messages.<\/p> <\/li> <li> <p style=\"font-weight: bold;\">Envoyer et recevoir des documents de mani\u00e8re s\u00e9curis\u00e9e.<\/p> <\/li> <li> <p style=\"font-weight: bold;\">Lire des articles int\u00e9ressants dans notre blog.<\/p> <\/li> <li> <p style=\"font-weight: bold;\">Participer au forum des patients.<\/p> <\/li> <\/ul>                   <\/div>       <\/div>     <\/div>   <\/div>  <\/section>  <section  class=\"text-block background-light custom-block-spacing\">   <div class=\"container\">     <div class=\"row\">       <div class=\"col-12\">         <div class=\"text-block__text-wrapper text-heading-block alignment-left\" data-magic=\"appear-in\">                     <h3 class=\"title-display\">Comment \u00e7a marche ?<\/h3> <p>Si vous souhaitez utiliser l\u2019application Consultas Ginefiv :<\/p> <ul> <li> <p style=\"font-weight: bold;\">Indiquez \u00e0 notre service d\u2019aide au patient international que vous souhaitez vous inscrire sur l\u2019application Consultas Ginefiv.<\/p> <\/li> <li> <p style=\"font-weight: bold;\">Une fois l&rsquo;inscription r\u00e9alis\u00e9e, vous recevrez un code par e-mail.<\/p> <\/li> <li> <p style=\"font-weight: bold;\">T\u00e9l\u00e9chargez l\u2019application sur votre portable. Saisissez ce code lorsque vous y serez invit\u00e9 par l\u2019application pour vous inscrire.<\/p> <\/li> <li> <p style=\"font-weight: bold;\">Remplissez les autres champs (choisissez un nom d&rsquo;utilisateur et un mot de passe, saisissez votre e-mail). Voil\u00e0, vous pouvez maintenant commencer \u00e0 vous servir de l\u2019appli !<\/p> <\/li> <\/ul>                   <\/div>       <\/div>     <\/div>   <\/div>  <\/section>   <div class=\"wp-block-columns alignfull has-turquoise-teal-background-color has-background is-layout-flex wp-container-core-columns-is-layout-28f84493 wp-block-columns-is-layout-flex\"> <div class=\"wp-block-column is-layout-flow wp-block-column-is-layout-flow\"> <section class=\"grid-icons-block content-wrapper\">        <div class=\"grid-icon\">             <picture class=\"grid-icon__thumbnail\">         <img loading=\"lazy\" decoding=\"async\" width=\"700\" height=\"700\" src=\"https:\/\/www.ginefiv.com\/wp-content\/uploads\/2023\/10\/35anos.png\" class=\"attachment-large size-large\" alt=\"\" srcset=\"https:\/\/www.ginefiv.com\/wp-content\/uploads\/2023\/10\/35anos.png 700w, https:\/\/www.ginefiv.com\/wp-content\/uploads\/2023\/10\/35anos-300x300.png 300w, https:\/\/www.ginefiv.com\/wp-content\/uploads\/2023\/10\/35anos-150x150.png 150w, https:\/\/www.ginefiv.com\/wp-content\/uploads\/2023\/10\/35anos-420x420.png 420w\" sizes=\"auto, (max-width: 700px) 100vw, 700px\" \/>      <\/picture>             <div class=\"grid-icon__text\">         35 ans d&rsquo;exp\u00e9rience      <\/div>     <\/div>         <div class=\"grid-icon\">             <picture class=\"grid-icon__thumbnail\">         <img loading=\"lazy\" decoding=\"async\" width=\"700\" height=\"700\" src=\"https:\/\/www.ginefiv.com\/wp-content\/uploads\/2023\/10\/mano-cruz.png\" class=\"attachment-large size-large\" alt=\"\" srcset=\"https:\/\/www.ginefiv.com\/wp-content\/uploads\/2023\/10\/mano-cruz.png 700w, https:\/\/www.ginefiv.com\/wp-content\/uploads\/2023\/10\/mano-cruz-300x300.png 300w, https:\/\/www.ginefiv.com\/wp-content\/uploads\/2023\/10\/mano-cruz-150x150.png 150w, https:\/\/www.ginefiv.com\/wp-content\/uploads\/2023\/10\/mano-cruz-420x420.png 420w\" sizes=\"auto, (max-width: 700px) 100vw, 700px\" \/>      <\/picture>             <div class=\"grid-icon__text\">          S\u00e9curit\u00e9 garantie       <\/div>     <\/div>         <div class=\"grid-icon\">             <picture class=\"grid-icon__thumbnail\">         <img loading=\"lazy\" decoding=\"async\" width=\"700\" height=\"700\" src=\"https:\/\/www.ginefiv.com\/wp-content\/uploads\/2023\/10\/auriculares.png\" class=\"attachment-large size-large\" alt=\"\" srcset=\"https:\/\/www.ginefiv.com\/wp-content\/uploads\/2023\/10\/auriculares.png 700w, https:\/\/www.ginefiv.com\/wp-content\/uploads\/2023\/10\/auriculares-300x300.png 300w, https:\/\/www.ginefiv.com\/wp-content\/uploads\/2023\/10\/auriculares-150x150.png 150w, https:\/\/www.ginefiv.com\/wp-content\/uploads\/2023\/10\/auriculares-420x420.png 420w\" sizes=\"auto, (max-width: 700px) 100vw, 700px\" \/>      <\/picture>             <div class=\"grid-icon__text\">         Assistance personnalis\u00e9      <\/div>     <\/div>         <div class=\"grid-icon\">             <picture class=\"grid-icon__thumbnail\">         <img loading=\"lazy\" decoding=\"async\" width=\"700\" height=\"700\" src=\"https:\/\/www.ginefiv.com\/wp-content\/uploads\/2023\/10\/ovulo.png\" class=\"attachment-large size-large\" alt=\"\" srcset=\"https:\/\/www.ginefiv.com\/wp-content\/uploads\/2023\/10\/ovulo.png 700w, https:\/\/www.ginefiv.com\/wp-content\/uploads\/2023\/10\/ovulo-300x300.png 300w, https:\/\/www.ginefiv.com\/wp-content\/uploads\/2023\/10\/ovulo-150x150.png 150w, https:\/\/www.ginefiv.com\/wp-content\/uploads\/2023\/10\/ovulo-420x420.png 420w\" sizes=\"auto, (max-width: 700px) 100vw, 700px\" \/>      <\/picture>             <div class=\"grid-icon__text\">         A la pointe de la technologie      <\/div>     <\/div>         <div class=\"grid-icon\">             <picture class=\"grid-icon__thumbnail\">         <img loading=\"lazy\" decoding=\"async\" width=\"700\" height=\"700\" src=\"https:\/\/www.ginefiv.com\/wp-content\/uploads\/2023\/10\/medalla.png\" class=\"attachment-large size-large\" alt=\"\" srcset=\"https:\/\/www.ginefiv.com\/wp-content\/uploads\/2023\/10\/medalla.png 700w, https:\/\/www.ginefiv.com\/wp-content\/uploads\/2023\/10\/medalla-300x300.png 300w, https:\/\/www.ginefiv.com\/wp-content\/uploads\/2023\/10\/medalla-150x150.png 150w, https:\/\/www.ginefiv.com\/wp-content\/uploads\/2023\/10\/medalla-420x420.png 420w\" sizes=\"auto, (max-width: 700px) 100vw, 700px\" \/>      <\/picture>             <div class=\"grid-icon__text\">         Taux de r\u00e9ussite \u00e9lev\u00e9      <\/div>     <\/div>         <div class=\"grid-icon\">             <picture class=\"grid-icon__thumbnail\">         <img loading=\"lazy\" decoding=\"async\" width=\"700\" height=\"700\" src=\"https:\/\/www.ginefiv.com\/wp-content\/uploads\/2023\/10\/mano-ok.png\" class=\"attachment-large size-large\" alt=\"\" srcset=\"https:\/\/www.ginefiv.com\/wp-content\/uploads\/2023\/10\/mano-ok.png 700w, https:\/\/www.ginefiv.com\/wp-content\/uploads\/2023\/10\/mano-ok-300x300.png 300w, https:\/\/www.ginefiv.com\/wp-content\/uploads\/2023\/10\/mano-ok-150x150.png 150w, https:\/\/www.ginefiv.com\/wp-content\/uploads\/2023\/10\/mano-ok-420x420.png 420w\" sizes=\"auto, (max-width: 700px) 100vw, 700px\" \/>      <\/picture>             <div class=\"grid-icon__text\">         Tarifs \u00e9conomiques      <\/div>     <\/div>     <\/section><\/div> <\/div>","protected":false},"excerpt":{"rendered":"<p>Afin d\u2019\u00eatre le plus proche possible de nos patients pendant toute la dur\u00e9e de leur traitement, nous avons cr\u00e9e une&#8230;<\/p>\n","protected":false},"author":1,"featured_media":3912,"parent":0,"menu_order":0,"comment_status":"closed","ping_status":"closed","template":"","meta":{"_acf_changed":false,"footnotes":""},"class_list":["post-7519","page","type-page","status-publish","has-post-thumbnail","hentry"],"acf":[],"yoast_head":"<!-- This site is optimized with the Yoast SEO plugin v27.0 - https:\/\/yoast.com\/product\/yoast-seo-wordpress\/ -->\n<title>App Consultas | Ginefiv Espa\u00f1a<\/title>\n<meta name=\"description\" content=\"Consultations Ginefiv vous informe des prochains rendez-vous \u00e0 la clinique, ainsi que des m\u00e9dicaments dont vous avez besoin pendant le traitement.\" \/>\n<meta name=\"robots\" content=\"index, follow, max-snippet:-1, max-image-preview:large, max-video-preview:-1\" \/>\n<link rel=\"canonical\" href=\"https:\/\/www.ginefiv.com\/fr\/app-consultas-ginefiv\/\" \/>\n<meta property=\"og:locale\" content=\"fr_FR\" \/>\n<meta property=\"og:type\" content=\"article\" \/>\n<meta property=\"og:title\" content=\"App Consultas | Ginefiv Espa\u00f1a\" \/>\n<meta property=\"og:description\" content=\"Consultations Ginefiv vous informe des prochains rendez-vous \u00e0 la clinique, ainsi que des m\u00e9dicaments dont vous avez besoin pendant le traitement.\" \/>\n<meta property=\"og:url\" content=\"https:\/\/www.ginefiv.com\/fr\/app-consultas-ginefiv\/\" \/>\n<meta property=\"og:site_name\" content=\"Ginefiv Espa\u00f1a\" \/>\n<meta property=\"article:modified_time\" content=\"2024-09-21T08:30:20+00:00\" \/>\n<meta property=\"og:image\" content=\"https:\/\/www.ginefiv.com\/wp-content\/uploads\/2023\/10\/app-paciente.jpg\" \/>\n\t<meta property=\"og:image:width\" content=\"847\" \/>\n\t<meta property=\"og:image:height\" content=\"565\" \/>\n\t<meta property=\"og:image:type\" content=\"image\/jpeg\" \/>\n<meta name=\"twitter:card\" content=\"summary_large_image\" \/>\n<meta name=\"twitter:label1\" content=\"Dur\u00e9e de lecture estim\u00e9e\" \/>\n\t<meta name=\"twitter:data1\" content=\"3 minutes\" \/>\n<script type=\"application\/ld+json\" class=\"yoast-schema-graph\">{\"@context\":\"https:\/\/schema.org\",\"@graph\":[{\"@type\":\"WebPage\",\"@id\":\"https:\/\/www.ginefiv.com\/fr\/app-consultas-ginefiv\/\",\"url\":\"https:\/\/www.ginefiv.com\/fr\/app-consultas-ginefiv\/\",\"name\":\"App Consultas | Ginefiv Espa\u00f1a\",\"isPartOf\":{\"@id\":\"https:\/\/www.ginefiv.com\/fr\/#website\"},\"primaryImageOfPage\":{\"@id\":\"https:\/\/www.ginefiv.com\/fr\/app-consultas-ginefiv\/#primaryimage\"},\"image\":{\"@id\":\"https:\/\/www.ginefiv.com\/fr\/app-consultas-ginefiv\/#primaryimage\"},\"thumbnailUrl\":\"https:\/\/www.ginefiv.com\/wp-content\/uploads\/2023\/10\/app-paciente.jpg\",\"datePublished\":\"2023-10-17T14:56:22+00:00\",\"dateModified\":\"2024-09-21T08:30:20+00:00\",\"description\":\"Consultations Ginefiv vous informe des prochains rendez-vous \u00e0 la clinique, ainsi que des m\u00e9dicaments dont vous avez besoin pendant le traitement.\",\"breadcrumb\":{\"@id\":\"https:\/\/www.ginefiv.com\/fr\/app-consultas-ginefiv\/#breadcrumb\"},\"inLanguage\":\"fr-FR\",\"potentialAction\":[{\"@type\":\"ReadAction\",\"target\":[\"https:\/\/www.ginefiv.com\/fr\/app-consultas-ginefiv\/\"]}]},{\"@type\":\"ImageObject\",\"inLanguage\":\"fr-FR\",\"@id\":\"https:\/\/www.ginefiv.com\/fr\/app-consultas-ginefiv\/#primaryimage\",\"url\":\"https:\/\/www.ginefiv.com\/wp-content\/uploads\/2023\/10\/app-paciente.jpg\",\"contentUrl\":\"https:\/\/www.ginefiv.com\/wp-content\/uploads\/2023\/10\/app-paciente.jpg\",\"width\":847,\"height\":565},{\"@type\":\"BreadcrumbList\",\"@id\":\"https:\/\/www.ginefiv.com\/fr\/app-consultas-ginefiv\/#breadcrumb\",\"itemListElement\":[{\"@type\":\"ListItem\",\"position\":1,\"name\":\"Home\",\"item\":\"https:\/\/www.ginefiv.com\/fr\/\"},{\"@type\":\"ListItem\",\"position\":2,\"name\":\"APP Consultas Ginefiv\"}]},{\"@type\":\"WebSite\",\"@id\":\"https:\/\/www.ginefiv.com\/fr\/#website\",\"url\":\"https:\/\/www.ginefiv.com\/fr\/\",\"name\":\"Ginefiv Espa\u00f1a\",\"description\":\"Ginefiv, tu cl\u00ednica de reproducci\u00f3n asistida. 35 a\u00f1os de experiencia en inseminaci\u00f3n artificial y fecundaci\u00f3n in vitro\",\"publisher\":{\"@id\":\"https:\/\/www.ginefiv.com\/fr\/#organization\"},\"potentialAction\":[{\"@type\":\"SearchAction\",\"target\":{\"@type\":\"EntryPoint\",\"urlTemplate\":\"https:\/\/www.ginefiv.com\/fr\/?s={search_term_string}\"},\"query-input\":{\"@type\":\"PropertyValueSpecification\",\"valueRequired\":true,\"valueName\":\"search_term_string\"}}],\"inLanguage\":\"fr-FR\"},{\"@type\":\"Organization\",\"@id\":\"https:\/\/www.ginefiv.com\/fr\/#organization\",\"name\":\"Ginefiv\",\"url\":\"https:\/\/www.ginefiv.com\/fr\/\",\"logo\":{\"@type\":\"ImageObject\",\"inLanguage\":\"fr-FR\",\"@id\":\"https:\/\/www.ginefiv.com\/fr\/#\/schema\/logo\/image\/\",\"url\":\"https:\/\/www.ginefiv.com\/wp-content\/uploads\/2023\/12\/descarga.png\",\"contentUrl\":\"https:\/\/www.ginefiv.com\/wp-content\/uploads\/2023\/12\/descarga.png\",\"width\":437,\"height\":115,\"caption\":\"Ginefiv\"},\"image\":{\"@id\":\"https:\/\/www.ginefiv.com\/fr\/#\/schema\/logo\/image\/\"}}]}<\/script>\n<!-- \/ Yoast SEO plugin. -->","yoast_head_json":{"title":"App Consultas | Ginefiv Espa\u00f1a","description":"Consultations Ginefiv vous informe des prochains rendez-vous \u00e0 la clinique, ainsi que des m\u00e9dicaments dont vous avez besoin pendant le traitement.","robots":{"index":"index","follow":"follow","max-snippet":"max-snippet:-1","max-image-preview":"max-image-preview:large","max-video-preview":"max-video-preview:-1"},"canonical":"https:\/\/www.ginefiv.com\/fr\/app-consultas-ginefiv\/","og_locale":"fr_FR","og_type":"article","og_title":"App Consultas | Ginefiv Espa\u00f1a","og_description":"Consultations Ginefiv vous informe des prochains rendez-vous \u00e0 la clinique, ainsi que des m\u00e9dicaments dont vous avez besoin pendant le traitement.","og_url":"https:\/\/www.ginefiv.com\/fr\/app-consultas-ginefiv\/","og_site_name":"Ginefiv Espa\u00f1a","article_modified_time":"2024-09-21T08:30:20+00:00","og_image":[{"width":847,"height":565,"url":"https:\/\/www.ginefiv.com\/wp-content\/uploads\/2023\/10\/app-paciente.jpg","type":"image\/jpeg"}],"twitter_card":"summary_large_image","twitter_misc":{"Dur\u00e9e de lecture estim\u00e9e":"3 minutes"},"schema":{"@context":"https:\/\/schema.org","@graph":[{"@type":"WebPage","@id":"https:\/\/www.ginefiv.com\/fr\/app-consultas-ginefiv\/","url":"https:\/\/www.ginefiv.com\/fr\/app-consultas-ginefiv\/","name":"App Consultas | Ginefiv Espa\u00f1a","isPartOf":{"@id":"https:\/\/www.ginefiv.com\/fr\/#website"},"primaryImageOfPage":{"@id":"https:\/\/www.ginefiv.com\/fr\/app-consultas-ginefiv\/#primaryimage"},"image":{"@id":"https:\/\/www.ginefiv.com\/fr\/app-consultas-ginefiv\/#primaryimage"},"thumbnailUrl":"https:\/\/www.ginefiv.com\/wp-content\/uploads\/2023\/10\/app-paciente.jpg","datePublished":"2023-10-17T14:56:22+00:00","dateModified":"2024-09-21T08:30:20+00:00","description":"Consultations Ginefiv vous informe des prochains rendez-vous \u00e0 la clinique, ainsi que des m\u00e9dicaments dont vous avez besoin pendant le traitement.","breadcrumb":{"@id":"https:\/\/www.ginefiv.com\/fr\/app-consultas-ginefiv\/#breadcrumb"},"inLanguage":"fr-FR","potentialAction":[{"@type":"ReadAction","target":["https:\/\/www.ginefiv.com\/fr\/app-consultas-ginefiv\/"]}]},{"@type":"ImageObject","inLanguage":"fr-FR","@id":"https:\/\/www.ginefiv.com\/fr\/app-consultas-ginefiv\/#primaryimage","url":"https:\/\/www.ginefiv.com\/wp-content\/uploads\/2023\/10\/app-paciente.jpg","contentUrl":"https:\/\/www.ginefiv.com\/wp-content\/uploads\/2023\/10\/app-paciente.jpg","width":847,"height":565},{"@type":"BreadcrumbList","@id":"https:\/\/www.ginefiv.com\/fr\/app-consultas-ginefiv\/#breadcrumb","itemListElement":[{"@type":"ListItem","position":1,"name":"Home","item":"https:\/\/www.ginefiv.com\/fr\/"},{"@type":"ListItem","position":2,"name":"APP Consultas Ginefiv"}]},{"@type":"WebSite","@id":"https:\/\/www.ginefiv.com\/fr\/#website","url":"https:\/\/www.ginefiv.com\/fr\/","name":"Ginefiv Espa\u00f1a","description":"Ginefiv, tu cl\u00ednica de reproducci\u00f3n asistida. 35 a\u00f1os de experiencia en inseminaci\u00f3n artificial y fecundaci\u00f3n in vitro","publisher":{"@id":"https:\/\/www.ginefiv.com\/fr\/#organization"},"potentialAction":[{"@type":"SearchAction","target":{"@type":"EntryPoint","urlTemplate":"https:\/\/www.ginefiv.com\/fr\/?s={search_term_string}"},"query-input":{"@type":"PropertyValueSpecification","valueRequired":true,"valueName":"search_term_string"}}],"inLanguage":"fr-FR"},{"@type":"Organization","@id":"https:\/\/www.ginefiv.com\/fr\/#organization","name":"Ginefiv","url":"https:\/\/www.ginefiv.com\/fr\/","logo":{"@type":"ImageObject","inLanguage":"fr-FR","@id":"https:\/\/www.ginefiv.com\/fr\/#\/schema\/logo\/image\/","url":"https:\/\/www.ginefiv.com\/wp-content\/uploads\/2023\/12\/descarga.png","contentUrl":"https:\/\/www.ginefiv.com\/wp-content\/uploads\/2023\/12\/descarga.png","width":437,"height":115,"caption":"Ginefiv"},"image":{"@id":"https:\/\/www.ginefiv.com\/fr\/#\/schema\/logo\/image\/"}}]}},"_links":{"self":[{"href":"https:\/\/www.ginefiv.com\/fr\/wp-json\/wp\/v2\/pages\/7519","targetHints":{"allow":["GET"]}}],"collection":[{"href":"https:\/\/www.ginefiv.com\/fr\/wp-json\/wp\/v2\/pages"}],"about":[{"href":"https:\/\/www.ginefiv.com\/fr\/wp-json\/wp\/v2\/types\/page"}],"author":[{"embeddable":true,"href":"https:\/\/www.ginefiv.com\/fr\/wp-json\/wp\/v2\/users\/1"}],"replies":[{"embeddable":true,"href":"https:\/\/www.ginefiv.com\/fr\/wp-json\/wp\/v2\/comments?post=7519"}],"version-history":[{"count":0,"href":"https:\/\/www.ginefiv.com\/fr\/wp-json\/wp\/v2\/pages\/7519\/revisions"}],"wp:featuredmedia":[{"embeddable":true,"href":"https:\/\/www.ginefiv.com\/fr\/wp-json\/wp\/v2\/media\/3912"}],"wp:attachment":[{"href":"https:\/\/www.ginefiv.com\/fr\/wp-json\/wp\/v2\/media?parent=7519"}],"curies":[{"name":"wp","href":"https:\/\/api.w.org\/{rel}","templated":true}]}}