











{"id":7546,"date":"2023-10-17T07:41:09","date_gmt":"2023-10-17T07:41:09","guid":{"rendered":"https:\/\/www.ginefiv.com\/aviso-legal\/"},"modified":"2024-02-12T06:55:09","modified_gmt":"2024-02-12T06:55:09","slug":"avis-legal","status":"publish","type":"page","link":"https:\/\/www.ginefiv.com\/fr\/avis-legal\/","title":{"rendered":"Mentions l\u00e9gales"},"content":{"rendered":"<section class=\"page-cover has-thumbnail dark-theme\">   <div class=\"page-cover__container container\">     <div class=\"row\">       <div class=\"col-12 col-lg-8\">         <div class=\"page-cover__heading\">           <div class=\"page-cover__heading-wrapper\">                           <div class=\"page-cover__heading-title heading-title title-display hero-title\">               <h1 class=\"title-display\">Mentions l\u00e9gales<\/h1>             <\/div>                            <div class=\"page-cover__heading-content text-lg\">                 <p>GINEFIV, S.L., responsable du site web, d\u00e9nomm\u00e9e ci-apr\u00e8s \u00ab RESPONSABLE \u00bb, met \u00e0 la disposition des utilisateurs le pr\u00e9sent document, qui vise \u00e0 respecter les obligations de la loi 34\/2002 du 11 juillet sur les services de la soci\u00e9t\u00e9 de l\u2019information et du commerce \u00e9lectronique (LSSICE), BOE n\u00b0 166, ainsi qu\u2019\u00e0 informer l\u2019ensemble des utilisateurs du site web \u00e0 l\u2019\u00e9gard des conditions d\u2019utilisation.<\/p> <p>Toute personne qui acc\u00e8de \u00e0 ce site accepte d\u2019assumer la fonction d\u2019utilisateur et s\u2019engage \u00e0 respecter et \u00e0 mettre en \u0153uvre les dispositions mentionn\u00e9es ci-dessous expos\u00e9es, ainsi que toute autre disposition l\u00e9gale applicable.<\/p> <p>GINEFIV S.L. se r\u00e9serve le droit de modifier tout type d\u2019information pouvant figurer sur le site web, sans obligation d\u2019avertir au pr\u00e9alable ou d\u2019informer les utilisateurs de ces obligations, la publication sur le site web de GINEFIV S.L. \u00e9tant consid\u00e9r\u00e9e comme suffisante.<\/p>               <\/div>                                    <\/div>         <\/div>       <\/div>     <\/div>   <\/div>         <div class=\"parallax-trigger fullsize page-cover-thumbnail\" data-magic=\"parallax\">       <picture class=\"page-cover__picture parallax-trigger__item\" data-item=\"parallax-item\">         <img decoding=\"async\" src=\"https:\/\/www.ginefiv.com\/wp-content\/uploads\/2023\/10\/aviso-legal.png\" alt=\"Mentions l\u00e9gales\">       <\/picture>     <\/div>     <\/section>   <section class=\"wp-block-breadcrumbs\">   <div class=\"content-wrapper\">     <ul>                   <li>               <a href=\"https:\/\/www.ginefiv.com\/fr\/\" title=\"Ginefiv Espa\u00f1a\">                 Ginefiv              <\/a>             <\/li>                         <li>               <span class=\"current\" title=\"Mentions l\u00e9gales\">                 Mentions l\u00e9gales              <\/span>             <\/li>                 <\/ul>   <\/div> <\/section>   <section  class=\"text-block background-light mt-5\">   <div class=\"container\">     <div class=\"row\">       <div class=\"col-12\">         <div class=\"text-block__text-wrapper text-heading-block alignment-left\" data-magic=\"appear-in\">                     <h3 class=\"title-display\">1. DONN\u00c9ES D\u2019IDENTIFICATION<\/h3> <p>Nom de domaine : www.ginefiv.com<br \/>Nom commercial : GINEFIV<br \/>Raison sociale : GINEFIV S.L.<br \/>NIF : B-80.186.422.<br \/>Si\u00e8ge social : c \/ Jos\u00e9 Silva 18, 28043, Madrid (Espagne)<br \/>T\u00e9l. : +34 915197541<br \/><span>Adresse \u00e9lectronique : <\/span><a href=\"mailto:sap@ginefiv.com\" target=\"_blank\" rel=\"noopener\">sap@ginefiv.com<\/a><br \/>Inscrite au registre du commerce de Madrid, volume 1916, feuille 105, page M-34329, premi\u00e8re inscription,<\/p>                   <\/div>       <\/div>     <\/div>   <\/div>  <\/section>  <section  class=\"text-block background-light mt-5\">   <div class=\"container\">     <div class=\"row\">       <div class=\"col-12\">         <div class=\"text-block__text-wrapper text-heading-block alignment-left\" data-magic=\"appear-in\">                     <h3 class=\"title-display\">2. DROITS DE PROPRIETE INTELLECTUELLE ET INDUSTRIELLE<\/h3> <p>Le site web, qui inclut \u00e0 titre non exhaustif la programmation, l\u2019\u00e9dition, la compilation et d\u2019autres \u00e9l\u00e9ments n\u00e9cessaires \u00e0 son fonctionnement, ainsi que les dessins, logos, textes et\/ou graphiques, sont la propri\u00e9t\u00e9 du RESPONSABLE ou, le cas \u00e9ch\u00e9ant, dispose d\u2019une licence ou d\u2019une autorisation expresse des auteurs. Tous les contenus du site sont d\u00fbment prot\u00e9g\u00e9s par la r\u00e9glementation sur la propri\u00e9t\u00e9 intellectuelle et industrielle et sont inscrits dans les registres publics correspondants.<br \/>La reproduction totale ou partielle, l\u2019utilisation, l\u2019exploitation, la distribution et la commercialisation, quelle qu\u2019en soit leur finalit\u00e9, requi\u00e8rent dans tous les cas l\u2019autorisation pr\u00e9alable \u00e9crite du RESPONSABLE. Toute utilisation non autoris\u00e9e au pr\u00e9alable est consid\u00e9r\u00e9e comme une violation grave des droits de propri\u00e9t\u00e9 intellectuelle ou industrielle de l\u2019auteur.<\/p> <p>Les dessins, logos, textes et\/ou graphiques n\u2019appartenant pas au RESPONSABLE mais pouvant figurer sur le site appartiennent \u00e0 leurs propri\u00e9taires respectifs, \u00e9tant eux-m\u00eames responsables de tout diff\u00e9rend pouvant survenir \u00e0 leur \u00e9gard. Le RESPONSABLE autorise express\u00e9ment que des tiers puissent rediriger directement les utilisateurs vers les contenus du site et, dans tous les cas, les rediriger vers le site principal de <a href=\"\/\/www.ginefiv.com\">www.ginefiv.com<\/a>.<\/p> <p>Le RESPONSABLE reconna\u00eet l\u2019existence de droits de propri\u00e9t\u00e9 intellectuelle et industrielle en faveur de leurs titulaires, la simple mention ou apparition sur le site web n\u2019impliquant pas l\u2019existence de droits ou d\u2019une responsabilit\u00e9 \u00e0 leur \u00e9gard, ni le soutien, le parrainage ou la recommandation de sa part.<br \/>Pour nous informer de toute violation des droits de propri\u00e9t\u00e9 intellectuelle ou industrielle, ainsi que de l\u2019un quelconque des contenus du site, veuillez nous \u00e9crire \u00e0 l\u2019adresse \u00e9lectronique suivante : sap@ginefiv.com.<\/p>                   <\/div>       <\/div>     <\/div>   <\/div>  <\/section>  <section  class=\"text-block background-light mt-5\">   <div class=\"container\">     <div class=\"row\">       <div class=\"col-12\">         <div class=\"text-block__text-wrapper text-heading-block alignment-left\" data-magic=\"appear-in\">                     <h3 class=\"title-display\">3. CLAUSE DE NON-RESPONSABILIT\u00c9<\/h3> <p>Le RESPONSABLE est exon\u00e9r\u00e9 de toute responsabilit\u00e9 d\u00e9coulant des informations publi\u00e9es sur son site web, sous r\u00e9serve que ces informations aient \u00e9t\u00e9 manipul\u00e9es ou introduites par un tiers \u00e9tranger \u00e0 ce dernier.<\/p> <h4 class=\"title-display\">Utilisation de cookies<\/h4> <p>Ce site web peut utiliser des cookies techniques (petits fichiers d\u2019informations que le serveur envoie \u00e0 l\u2019ordinateur de l\u2019utilisateur) pour ex\u00e9cuter certaines fonctions qui sont consid\u00e9r\u00e9es comme indispensables pour le bon fonctionnement et la visualisation du site. Dans tous les cas, les cookies utilis\u00e9s sont temporaires et disparaissent \u00e0 la fin de la session de l\u2019utilisateur, ayant pour seul but de rendre la navigation plus efficace. Ces cookies ne fournissent en aucun cas des donn\u00e9es personnelles et ne sont pas utilis\u00e9s pour la collecte de ces donn\u00e9es.<\/p> <p>L\u2019utilisation de cookies permet au serveur o\u00f9 est h\u00e9berg\u00e9 le site de reconna\u00eetre le navigateur web utilis\u00e9 par l\u2019utilisateur, afin de rendre la navigation plus simple, ce qui permet notamment aux utilisateurs d\u00e9j\u00e0 inscrits d\u2019acc\u00e9der \u00e0 des sections, services, promotions ou concours qui leur sont exclusivement r\u00e9serv\u00e9s sans qu\u2019ils aient besoin de s\u2019inscrire \u00e0 chaque visite.<\/p> <p>Ce type de cookies peut \u00e9galement \u00eatre utilis\u00e9 dans le but de mesurer l\u2019audience et les param\u00e8tres de trafic, de contr\u00f4ler la progression et le nombre d\u2019entr\u00e9es, etc., s\u2019agissant dans ce cas de cookies techniquement non indispensables mais b\u00e9n\u00e9ficiant \u00e0 l\u2019utilisateur. Ce site n\u2019installera pas de cookies non indispensables sans le consentement pr\u00e9alable de l\u2019utilisateur.<\/p> <p>Ce site utilise des cookies analytiques (_ga ou _utm), propri\u00e9t\u00e9 de Google Analytics, qui persistent pendant 2 ans, afin d\u2019activer la fonction de contr\u00f4le de visites uniques permettant de faciliter la navigation. Tout utilisateur visitant le site est inform\u00e9 de l\u2019utilisation de ces cookies au moyen d\u2019une banni\u00e8re flottante, qui lui indique qu\u2019il accepte leur utilisation d\u00e8s qu\u2019il poursuit sa navigation. En acceptant leur utilisation, la banni\u00e8re dispara\u00eet, bien qu\u2019il soit toujours possible de r\u00e9voquer le consentement donn\u00e9 et d\u2019obtenir plus d\u2019informations en consultant notre politique relative aux cookies.<\/p> <p>L\u2019utilisateur a la possibilit\u00e9 de configurer son navigateur de mani\u00e8re \u00e0 \u00eatre pr\u00e9venu de la r\u00e9ception de cookies et d\u2019en emp\u00eacher l\u2019installation sur son appareil. Veuillez lire les instructions de votre navigateur pour de plus amples informations.<\/p> <h4 class=\"title-display\">Politique relative aux liens<\/h4> <p>Vous pouvez \u00eatre redirig\u00e9 vers le contenu de sites de tiers depuis le site web. \u00c9tant donn\u00e9 que le RESPONSABLE ne peut pas toujours contr\u00f4ler les contenus publi\u00e9s par des tiers sur leurs sites respectifs, il n\u2019assume aucune responsabilit\u00e9 quant \u00e0 ces contenus. Dans tous les cas, le RESPONSABLE proc\u00e9dera \u00e0 la suppression imm\u00e9diate de tout contenu pouvant enfreindre la l\u00e9gislation nationale ou internationale, la morale ou l\u2019ordre public, en retirant imm\u00e9diatement le lien de redirection vers ce site et informera les autorit\u00e9s comp\u00e9tentes du contenu en question.<\/p> <p>Le RESPONSABLE n\u2019assume aucune responsabilit\u00e9 quant au contenu et aux informations stock\u00e9es, y compris mais sans s\u2019y limiter, sur les forums, chats, g\u00e9n\u00e9rateurs de blogs, commentaires, r\u00e9seaux sociaux ou tout autre moyen permettant \u00e0 des tiers de publier du contenu de mani\u00e8re ind\u00e9pendante sur le site web du RESPONSABLE. Cependant, conform\u00e9ment aux dispositions des articles 11 et 16 de la LSSICE, le RESPONSABLE reste \u00e0 disposition de tous les utilisateurs, autorit\u00e9s et forces de s\u00e9curit\u00e9, en collaborant activement au retrait ou, le cas \u00e9ch\u00e9ant, au blocage de tous les contenus susceptibles d\u2019enfreindre la l\u00e9gislation nationale ou internationale, les droits des tiers, la morale et l\u2019ordre public. Dans le cas o\u00f9 l\u2019utilisateur estime qu\u2019il existe sur le site un contenu pouvant \u00eatre consid\u00e9r\u00e9 comme tel, il est pri\u00e9 d\u2019en informer imm\u00e9diatement l\u2019administrateur du site web.<\/p> <p>Ce site web a \u00e9t\u00e9 examin\u00e9 et test\u00e9 en vue de fonctionner correctement. En principe, son bon fonctionnement peut \u00eatre garanti 24 heures sur 24, 365 jours par an. Cependant, le RESPONSABLE n\u2019exclut pas la possibilit\u00e9 qu\u2019il y ait certaines erreurs de programmation, ou que ne se produisent des cas de force majeure, catastrophes naturelles, gr\u00e8ves ou circonstances similaires rendant impossible l\u2019acc\u00e8s au site.<\/p> <h4 class=\"title-display\">Adresses IP<\/h4> <p>Les serveurs du site web pourront d\u00e9tecter automatiquement l\u2019adresse IP et le nom de domaine utilis\u00e9s par l\u2019utilisateur. Une adresse IP est un num\u00e9ro attribu\u00e9 automatiquement \u00e0 un ordinateur au moment de sa connexion \u00e0 Internet. Toutes ces informations sont enregistr\u00e9es dans un fichier d\u2019activit\u00e9 du serveur d\u00fbment enregistr\u00e9 qui permet le traitement ult\u00e9rieur des donn\u00e9es afin d\u2019obtenir uniquement des mesures statistiques permettant de conna\u00eetre le nombre de pages imprim\u00e9es, le nombre de visites effectu\u00e9es sur les serveurs web, l\u2019ordre des visites, le point d\u2019acc\u00e8s, etc.<\/p>                   <\/div>       <\/div>     <\/div>   <\/div>  <\/section>  <section  class=\"text-block background-light custom-block-spacing mt-5 mb-5\">   <div class=\"container\">     <div class=\"row\">       <div class=\"col-12\">         <div class=\"text-block__text-wrapper text-heading-block alignment-left\" data-magic=\"appear-in\">                     <h3 class=\"title-display\">4. DROIT APPLICABLE ET JURIDICTION COMP\u00c9TENTE<\/h3> <p>La loi espagnole, \u00e0 laquelle les parties se soumettent express\u00e9ment, s\u2019appliquera en vue de la r\u00e9solution de tout diff\u00e9rend ou toute autre question li\u00e9e au pr\u00e9sent site web ou aux activit\u00e9s qui y sont exerc\u00e9es, les cours et tribunaux les plus proches de Madrid \u00e9tant comp\u00e9tents pour la r\u00e9solution de tout conflit d\u00e9coulant ou en lien avec son utilisation<\/p>                   <\/div>       <\/div>     <\/div>   <\/div>  <\/section>   <section> \t<div class=\"cta-block-container\"> \t\t<div class=\"cta-block-container__title\"> \t\t\t<p><h2>Avez-vous<br \/> des doutes ?<\/h2> <\/p> \t\t<\/div> \t\t<div class=\"cta-block-container__separator d-none d-md-flex\"> \t\t\t<picture> \t\t\t\t<img decoding=\"async\" class=\"separator__img\" src=\"https:\/\/www.ginefiv.com\/wp-content\/themes\/wac-theme\/assets\/images\/icons\/cta-separator.webp\" alt=\"\"> \t\t\t<\/picture> \t\t<\/div> \t\t<div class=\"cta-block-container__icons-row\"> \t\t\t\t\t\t\t<div class=\"actions\"> \t\t\t\t\t<picture class=\"action__thumbnail\"> \t\t\t\t\t\t<img decoding=\"async\" class=\"action__img\" src=\"https:\/\/www.ginefiv.com\/wp-content\/themes\/wac-theme\/assets\/images\/icons\/cta-phone.webp\" alt=\"\"> \t\t\t\t\t<\/picture> \t\t\t\t\t<div class=\"action__text\"> \t\t\t\t\t\t\t\t\t\t\t\t\t<a class=\"action__text\" href=\"tel:0033 182 88 31 03\" target=\"_blank\"> \t\t\t\t\t\t\t\t<p> \t\t\t\t\t\t\t\t\tLl\u00e1manos gratis al <br><strong>0033 182 88 31 03<\/strong>\t\t\t\t\t\t\t\t<\/p> \t\t\t\t\t\t\t<\/a> \t\t\t\t\t\t\t\t\t\t\t<\/div> \t\t\t\t<\/div> \t\t\t\t\t\t\t<div class=\"actions\"> \t\t\t\t\t<picture class=\"action__thumbnail\"> \t\t\t\t\t\t<img decoding=\"async\" class=\"action__img\" src=\"https:\/\/www.ginefiv.com\/wp-content\/themes\/wac-theme\/assets\/images\/icons\/cta-clinics.webp\" alt=\"\"> \t\t\t\t\t<\/picture> \t\t\t\t\t<a class=\"action__text permalink underlined\" href=\"https:\/\/www.ginefiv.com\/clinicas\/\"> \t\t\t\t\t\t<p>Visitez-nous dans<\/p> \t\t\t\t\t\t<strong>nos cliniques ginefiv<\/strong> \t\t\t\t\t<\/a> \t\t\t\t<\/div> \t\t\t\t\t\t\t<div class=\"actions\"> \t\t\t\t\t<picture class=\"action__thumbnail\"> \t\t\t\t\t\t<img decoding=\"async\" class=\"action__img\" src=\"https:\/\/www.ginefiv.com\/wp-content\/themes\/wac-theme\/assets\/images\/icons\/cta-appointment.webp\" alt=\"\"> \t\t\t\t\t<\/picture> \t\t\t\t\t<a class=\"action__text permalink underlined\" href=\"https:\/\/www.ginefiv.com\/fr\/contact\/\"> \t\t\t\t\t\t<p>Contactez-nous<\/p> \t\t\t\t\t\t<strong> <\/strong> \t\t\t\t\t<\/a> \t\t\t\t<\/div> \t\t\t\t\t<\/div> \t<\/div> <\/section>","protected":false},"excerpt":{"rendered":"","protected":false},"author":1,"featured_media":3513,"parent":0,"menu_order":0,"comment_status":"closed","ping_status":"closed","template":"","meta":{"_acf_changed":false,"footnotes":""},"class_list":["post-7546","page","type-page","status-publish","has-post-thumbnail","hentry"],"acf":[],"yoast_head":"<!-- This site is optimized with the Yoast SEO plugin v27.0 - https:\/\/yoast.com\/product\/yoast-seo-wordpress\/ -->\n<title>Mentions l\u00e9gales | Ginefiv Espa\u00f1a<\/title>\n<meta name=\"robots\" content=\"index, follow, max-snippet:-1, max-image-preview:large, max-video-preview:-1\" \/>\n<link rel=\"canonical\" href=\"https:\/\/www.ginefiv.com\/fr\/avis-legal\/\" \/>\n<meta property=\"og:locale\" content=\"fr_FR\" \/>\n<meta property=\"og:type\" content=\"article\" \/>\n<meta property=\"og:title\" content=\"Mentions l\u00e9gales | Ginefiv Espa\u00f1a\" \/>\n<meta property=\"og:url\" content=\"https:\/\/www.ginefiv.com\/fr\/avis-legal\/\" \/>\n<meta property=\"og:site_name\" content=\"Ginefiv Espa\u00f1a\" \/>\n<meta property=\"article:modified_time\" content=\"2024-02-12T06:55:09+00:00\" \/>\n<meta property=\"og:image\" content=\"https:\/\/www.ginefiv.com\/wp-content\/uploads\/2023\/10\/aviso-legal-1024x683.png\" \/>\n\t<meta property=\"og:image:width\" content=\"1024\" \/>\n\t<meta property=\"og:image:height\" content=\"683\" \/>\n\t<meta property=\"og:image:type\" content=\"image\/png\" \/>\n<meta name=\"twitter:card\" content=\"summary_large_image\" \/>\n<meta name=\"twitter:label1\" content=\"Dur\u00e9e de lecture estim\u00e9e\" \/>\n\t<meta name=\"twitter:data1\" content=\"1 minute\" \/>\n<script type=\"application\/ld+json\" class=\"yoast-schema-graph\">{\"@context\":\"https:\/\/schema.org\",\"@graph\":[{\"@type\":\"WebPage\",\"@id\":\"https:\/\/www.ginefiv.com\/fr\/avis-legal\/\",\"url\":\"https:\/\/www.ginefiv.com\/fr\/avis-legal\/\",\"name\":\"Mentions l\u00e9gales | Ginefiv Espa\u00f1a\",\"isPartOf\":{\"@id\":\"https:\/\/www.ginefiv.com\/fr\/#website\"},\"primaryImageOfPage\":{\"@id\":\"https:\/\/www.ginefiv.com\/fr\/avis-legal\/#primaryimage\"},\"image\":{\"@id\":\"https:\/\/www.ginefiv.com\/fr\/avis-legal\/#primaryimage\"},\"thumbnailUrl\":\"https:\/\/www.ginefiv.com\/wp-content\/uploads\/2023\/10\/aviso-legal.png\",\"datePublished\":\"2023-10-17T07:41:09+00:00\",\"dateModified\":\"2024-02-12T06:55:09+00:00\",\"breadcrumb\":{\"@id\":\"https:\/\/www.ginefiv.com\/fr\/avis-legal\/#breadcrumb\"},\"inLanguage\":\"fr-FR\",\"potentialAction\":[{\"@type\":\"ReadAction\",\"target\":[\"https:\/\/www.ginefiv.com\/fr\/avis-legal\/\"]}]},{\"@type\":\"ImageObject\",\"inLanguage\":\"fr-FR\",\"@id\":\"https:\/\/www.ginefiv.com\/fr\/avis-legal\/#primaryimage\",\"url\":\"https:\/\/www.ginefiv.com\/wp-content\/uploads\/2023\/10\/aviso-legal.png\",\"contentUrl\":\"https:\/\/www.ginefiv.com\/wp-content\/uploads\/2023\/10\/aviso-legal.png\",\"width\":4500,\"height\":3000},{\"@type\":\"BreadcrumbList\",\"@id\":\"https:\/\/www.ginefiv.com\/fr\/avis-legal\/#breadcrumb\",\"itemListElement\":[{\"@type\":\"ListItem\",\"position\":1,\"name\":\"Home\",\"item\":\"https:\/\/www.ginefiv.com\/fr\/\"},{\"@type\":\"ListItem\",\"position\":2,\"name\":\"Mentions l\u00e9gales\"}]},{\"@type\":\"WebSite\",\"@id\":\"https:\/\/www.ginefiv.com\/fr\/#website\",\"url\":\"https:\/\/www.ginefiv.com\/fr\/\",\"name\":\"Ginefiv Espa\u00f1a\",\"description\":\"Ginefiv, tu cl\u00ednica de reproducci\u00f3n asistida. 35 a\u00f1os de experiencia en inseminaci\u00f3n artificial y fecundaci\u00f3n in vitro\",\"publisher\":{\"@id\":\"https:\/\/www.ginefiv.com\/fr\/#organization\"},\"potentialAction\":[{\"@type\":\"SearchAction\",\"target\":{\"@type\":\"EntryPoint\",\"urlTemplate\":\"https:\/\/www.ginefiv.com\/fr\/?s={search_term_string}\"},\"query-input\":{\"@type\":\"PropertyValueSpecification\",\"valueRequired\":true,\"valueName\":\"search_term_string\"}}],\"inLanguage\":\"fr-FR\"},{\"@type\":\"Organization\",\"@id\":\"https:\/\/www.ginefiv.com\/fr\/#organization\",\"name\":\"Ginefiv\",\"url\":\"https:\/\/www.ginefiv.com\/fr\/\",\"logo\":{\"@type\":\"ImageObject\",\"inLanguage\":\"fr-FR\",\"@id\":\"https:\/\/www.ginefiv.com\/fr\/#\/schema\/logo\/image\/\",\"url\":\"https:\/\/www.ginefiv.com\/wp-content\/uploads\/2023\/12\/descarga.png\",\"contentUrl\":\"https:\/\/www.ginefiv.com\/wp-content\/uploads\/2023\/12\/descarga.png\",\"width\":437,\"height\":115,\"caption\":\"Ginefiv\"},\"image\":{\"@id\":\"https:\/\/www.ginefiv.com\/fr\/#\/schema\/logo\/image\/\"}}]}<\/script>\n<!-- \/ Yoast SEO plugin. -->","yoast_head_json":{"title":"Mentions l\u00e9gales | Ginefiv Espa\u00f1a","robots":{"index":"index","follow":"follow","max-snippet":"max-snippet:-1","max-image-preview":"max-image-preview:large","max-video-preview":"max-video-preview:-1"},"canonical":"https:\/\/www.ginefiv.com\/fr\/avis-legal\/","og_locale":"fr_FR","og_type":"article","og_title":"Mentions l\u00e9gales | Ginefiv Espa\u00f1a","og_url":"https:\/\/www.ginefiv.com\/fr\/avis-legal\/","og_site_name":"Ginefiv Espa\u00f1a","article_modified_time":"2024-02-12T06:55:09+00:00","og_image":[{"width":1024,"height":683,"url":"https:\/\/www.ginefiv.com\/wp-content\/uploads\/2023\/10\/aviso-legal-1024x683.png","type":"image\/png"}],"twitter_card":"summary_large_image","twitter_misc":{"Dur\u00e9e de lecture estim\u00e9e":"1 minute"},"schema":{"@context":"https:\/\/schema.org","@graph":[{"@type":"WebPage","@id":"https:\/\/www.ginefiv.com\/fr\/avis-legal\/","url":"https:\/\/www.ginefiv.com\/fr\/avis-legal\/","name":"Mentions l\u00e9gales | Ginefiv Espa\u00f1a","isPartOf":{"@id":"https:\/\/www.ginefiv.com\/fr\/#website"},"primaryImageOfPage":{"@id":"https:\/\/www.ginefiv.com\/fr\/avis-legal\/#primaryimage"},"image":{"@id":"https:\/\/www.ginefiv.com\/fr\/avis-legal\/#primaryimage"},"thumbnailUrl":"https:\/\/www.ginefiv.com\/wp-content\/uploads\/2023\/10\/aviso-legal.png","datePublished":"2023-10-17T07:41:09+00:00","dateModified":"2024-02-12T06:55:09+00:00","breadcrumb":{"@id":"https:\/\/www.ginefiv.com\/fr\/avis-legal\/#breadcrumb"},"inLanguage":"fr-FR","potentialAction":[{"@type":"ReadAction","target":["https:\/\/www.ginefiv.com\/fr\/avis-legal\/"]}]},{"@type":"ImageObject","inLanguage":"fr-FR","@id":"https:\/\/www.ginefiv.com\/fr\/avis-legal\/#primaryimage","url":"https:\/\/www.ginefiv.com\/wp-content\/uploads\/2023\/10\/aviso-legal.png","contentUrl":"https:\/\/www.ginefiv.com\/wp-content\/uploads\/2023\/10\/aviso-legal.png","width":4500,"height":3000},{"@type":"BreadcrumbList","@id":"https:\/\/www.ginefiv.com\/fr\/avis-legal\/#breadcrumb","itemListElement":[{"@type":"ListItem","position":1,"name":"Home","item":"https:\/\/www.ginefiv.com\/fr\/"},{"@type":"ListItem","position":2,"name":"Mentions l\u00e9gales"}]},{"@type":"WebSite","@id":"https:\/\/www.ginefiv.com\/fr\/#website","url":"https:\/\/www.ginefiv.com\/fr\/","name":"Ginefiv Espa\u00f1a","description":"Ginefiv, tu cl\u00ednica de reproducci\u00f3n asistida. 35 a\u00f1os de experiencia en inseminaci\u00f3n artificial y fecundaci\u00f3n in vitro","publisher":{"@id":"https:\/\/www.ginefiv.com\/fr\/#organization"},"potentialAction":[{"@type":"SearchAction","target":{"@type":"EntryPoint","urlTemplate":"https:\/\/www.ginefiv.com\/fr\/?s={search_term_string}"},"query-input":{"@type":"PropertyValueSpecification","valueRequired":true,"valueName":"search_term_string"}}],"inLanguage":"fr-FR"},{"@type":"Organization","@id":"https:\/\/www.ginefiv.com\/fr\/#organization","name":"Ginefiv","url":"https:\/\/www.ginefiv.com\/fr\/","logo":{"@type":"ImageObject","inLanguage":"fr-FR","@id":"https:\/\/www.ginefiv.com\/fr\/#\/schema\/logo\/image\/","url":"https:\/\/www.ginefiv.com\/wp-content\/uploads\/2023\/12\/descarga.png","contentUrl":"https:\/\/www.ginefiv.com\/wp-content\/uploads\/2023\/12\/descarga.png","width":437,"height":115,"caption":"Ginefiv"},"image":{"@id":"https:\/\/www.ginefiv.com\/fr\/#\/schema\/logo\/image\/"}}]}},"_links":{"self":[{"href":"https:\/\/www.ginefiv.com\/fr\/wp-json\/wp\/v2\/pages\/7546","targetHints":{"allow":["GET"]}}],"collection":[{"href":"https:\/\/www.ginefiv.com\/fr\/wp-json\/wp\/v2\/pages"}],"about":[{"href":"https:\/\/www.ginefiv.com\/fr\/wp-json\/wp\/v2\/types\/page"}],"author":[{"embeddable":true,"href":"https:\/\/www.ginefiv.com\/fr\/wp-json\/wp\/v2\/users\/1"}],"replies":[{"embeddable":true,"href":"https:\/\/www.ginefiv.com\/fr\/wp-json\/wp\/v2\/comments?post=7546"}],"version-history":[{"count":0,"href":"https:\/\/www.ginefiv.com\/fr\/wp-json\/wp\/v2\/pages\/7546\/revisions"}],"wp:featuredmedia":[{"embeddable":true,"href":"https:\/\/www.ginefiv.com\/fr\/wp-json\/wp\/v2\/media\/3513"}],"wp:attachment":[{"href":"https:\/\/www.ginefiv.com\/fr\/wp-json\/wp\/v2\/media?parent=7546"}],"curies":[{"name":"wp","href":"https:\/\/api.w.org\/{rel}","templated":true}]}}