











{"id":8572,"date":"2023-07-19T07:09:45","date_gmt":"2023-07-19T07:09:45","guid":{"rendered":"https:\/\/www.ginefiv.com\/pide-cita\/"},"modified":"2024-09-24T12:06:33","modified_gmt":"2024-09-24T12:06:33","slug":"contact","status":"publish","type":"page","link":"https:\/\/www.ginefiv.com\/fr\/contact\/","title":{"rendered":"Contactez-nous"},"content":{"rendered":"<section class=\"page-cover appointment-section has-thumbnail dark-theme\">     <div class=\"page-cover__container container appointment-page\">         <div class=\"row\">             <div class=\"col-12 col-lg-6\">                 <div class=\"page-cover__heading\">                     <div class=\"page-cover__heading-wrapper\">                                                   <div class=\"page-cover__heading-title heading-title title-display\">                             <h5 class=\"title-display\">Demandez votre premi\u00e8re consultation.<\/h5>                         <\/div>                          <hr>                                                      <div class=\"page-cover__heading-content text-lg\">                                 <p>La <strong>premi\u00e8re consultation<\/strong> de PMA nous permettra de vous conna\u00eetre en tant que patient et de commencer un \u00e9tude qui nous permettra de vous offrir un traitement personnalis\u00e9.<\/p> <p>Veuillez partager vos coordonn\u00e9es et nous vous contacterons dans les plus brefs d\u00e9lais.<\/p> <p>Vous pouvez \u00e9galement nous appeler gratuitement au <strong>0033 1 82 88 31 03.<\/strong><\/p>                             <\/div>                                                                      <\/div>                 <\/div>             <\/div>              <div class=\"col-12 col-lg-6\">                 <div class=\"appointment-container\">                     <h1 class=\"title-display heading-subtitle appointment-container__title\">Contactez-nous<\/h1>                      <div class=\"wpcf7 no-js\" id=\"wpcf7-f13292-o1\" lang=\"fr-FR\" dir=\"ltr\" data-wpcf7-id=\"13292\"> <div class=\"screen-reader-response\"><p role=\"status\" aria-live=\"polite\" aria-atomic=\"true\"><\/p> <ul><\/ul><\/div> <form action=\"\/fr\/wp-json\/wp\/v2\/pages\/8572#wpcf7-f13292-o1\" method=\"post\" class=\"wpcf7-form init\" aria-label=\"Formulaire de contact\" novalidate=\"novalidate\" data-status=\"init\"> <fieldset class=\"hidden-fields-container\"><input type=\"hidden\" name=\"_wpcf7\" value=\"13292\" \/><input type=\"hidden\" name=\"_wpcf7_version\" value=\"6.1.5\" \/><input type=\"hidden\" name=\"_wpcf7_locale\" value=\"fr_FR\" \/><input type=\"hidden\" name=\"_wpcf7_unit_tag\" value=\"wpcf7-f13292-o1\" \/><input type=\"hidden\" name=\"_wpcf7_container_post\" value=\"0\" \/><input type=\"hidden\" name=\"_wpcf7_posted_data_hash\" value=\"\" \/><input type=\"hidden\" name=\"_wpcf7_recaptcha_response\" value=\"\" \/> <\/fieldset> <div class=\"row\">   <div class=\"col-6\">     <label class=\"w-100\"> Pr\u00e9nom <span class=\"form-required-decorator\">*<\/span>     <span class=\"wpcf7-form-control-wrap\" data-name=\"firstname\"><input size=\"40\" maxlength=\"400\" class=\"wpcf7-form-control wpcf7-text wpcf7-validates-as-required\" aria-required=\"true\" aria-invalid=\"false\" value=\"\" type=\"text\" name=\"firstname\" \/><\/span> <\/label>   <\/div>    <div class=\"col-6\">     <label class=\"w-100\"> Nom <span class=\"form-required-decorator\">*<\/span>     <span class=\"wpcf7-form-control-wrap\" data-name=\"apellidos\"><input size=\"40\" maxlength=\"400\" class=\"wpcf7-form-control wpcf7-text wpcf7-validates-as-required\" aria-required=\"true\" aria-invalid=\"false\" value=\"\" type=\"text\" name=\"apellidos\" \/><\/span> <\/label>   <\/div> <\/div>  <div class=\"row\">   <div class=\"col-12\">     <label class=\"w-100\"> \u00c2ge <span class=\"form-required-decorator\">*<\/span>     <span class=\"wpcf7-form-control-wrap\" data-name=\"edad\"><input class=\"wpcf7-form-control wpcf7-number wpcf7-validates-as-required wpcf7-validates-as-number\" min=\"18\" aria-required=\"true\" aria-invalid=\"false\" value=\"\" type=\"number\" name=\"edad\" \/><\/span> <\/label>   <\/div> <\/div>  <div class=\"row\">   <div class=\"col-12\">     <label class=\"w-100\"> Choisissez votre clinique <span class=\"form-required-decorator\">*<\/span>     <select name=\"elige_tu_clinica\" class=\"wpcf7-validates-as-required\" id=\"elige_tu_clinica\" aria-required=\"true\" required=\"required\" aria-invalid=\"false\"> <option value=\"Zurbano-Mtnez\">Madrid (Zurbano-Mtnez. Campos)<\/option><option value=\"Barcelona\">Barcelona<\/option> <\/select> <\/label>   <\/div> <\/div>  <div class=\"row\">   <div class=\"col-6\">     <label class=\"w-100\"> T\u00e9l\u00e9phone <span class=\"form-required-decorator\">*<\/span>     <span class=\"wpcf7-form-control-wrap\" data-name=\"phone\"><input size=\"40\" maxlength=\"400\" class=\"wpcf7-form-control wpcf7-tel wpcf7-validates-as-required wpcf7-text wpcf7-validates-as-tel wpcf7-tel-fr\" aria-required=\"true\" aria-invalid=\"false\" value=\"\" type=\"tel\" name=\"phone\" \/><\/span> <\/label>     <label class=\"w-100\" style=\"font-size: 0.7rem;\"> (IMPORTANT: marquez votre pr\u00e9fixe national (ex. +33))<\/label>   <\/div>    <div class=\"col-6\">     <label class=\"w-100\"> Email <span class=\"form-required-decorator\">*<\/span>     <span class=\"wpcf7-form-control-wrap\" data-name=\"email\"><input size=\"40\" maxlength=\"400\" class=\"wpcf7-form-control wpcf7-email wpcf7-validates-as-required wpcf7-text wpcf7-validates-as-email\" autocomplete=\"email\" aria-required=\"true\" aria-invalid=\"false\" value=\"\" type=\"email\" name=\"email\" \/><\/span> <\/label>   <\/div> <\/div>  <div class=\"row\">   <div class=\"col-12\">     <label> Contactez moi <\/label>     <span class=\"wpcf7-form-control-wrap\" data-name=\"contactarme_por__form_contacto_\"><span class=\"wpcf7-form-control wpcf7-radio radio-list-container\"><span class=\"wpcf7-list-item first\"><label><input type=\"radio\" name=\"contactarme_por__form_contacto_\" value=\"T\u00e9l\u00e9phone\" checked=\"checked\" \/><span class=\"wpcf7-list-item-label\">T\u00e9l\u00e9phone<\/span><\/label><\/span><span class=\"wpcf7-list-item last\"><label><input type=\"radio\" name=\"contactarme_por__form_contacto_\" value=\"Email\" \/><span class=\"wpcf7-list-item-label\">Email<\/span><\/label><\/span><\/span><\/span>   <\/div> <\/div>  <div class=\"row\">   <div class=\"col-12\">     <label class=\"w-100\"> Heures auxquelles nous pouvons vous joindre     <span class=\"wpcf7-form-control-wrap\" data-name=\"group_contacto_horario\"><input size=\"40\" maxlength=\"400\" class=\"wpcf7-form-control wpcf7-text col-12\" aria-invalid=\"false\" value=\"\" type=\"text\" name=\"group_contacto_horario\" \/><\/span> <\/label>   <\/div> <\/div>  <div class=\"row\">   <div class=\"col-12\">     <label class=\"w-100\"> Votre message     <span class=\"wpcf7-form-control-wrap\" data-name=\"observaciones\"><textarea cols=\"40\" rows=\"10\" maxlength=\"2000\" class=\"wpcf7-form-control wpcf7-textarea col-12\" aria-invalid=\"false\" name=\"observaciones\"><\/textarea><\/span> <\/label>   <\/div> <\/div>  <div class=\"row\">   <div class=\"col-12\">     <div class=\"acceptance-container\">       <span class=\"wpcf7-form-control-wrap\" data-name=\"legal_consent\"><span class=\"wpcf7-form-control wpcf7-acceptance\"><span class=\"wpcf7-list-item\"><input type=\"checkbox\" name=\"legal_consent\" value=\"1\" class=\"acceptance-container__shortcode\" aria-invalid=\"false\" \/><\/span><\/span><\/span>       <label class=\"acceptance-label\">J&rsquo;ai lu et accepte dans son int\u00e9gralit\u00e9 la <a href=\"https:\/\/www.ginefiv.com\/fr\/politique-confidentialite\/\" target=\"_blank\">Protection des donn\u00e9es au sein de Ginefiv<\/a> \u00a0ainsi que les <a href=\"https:\/\/www.ginefiv.com\/fr\/avis-legal\/\" target=\"_blank\">Mentions l\u00e9gales<\/a><span class=\"form-required-decorator\">*<\/span><\/label>     <\/div>   <\/div>    <div class=\"col-12\">     <label> En cliquant sur \u00ab Envoyer \u00bb ci-dessous, vous autorisez l\u2019entreprise Ginefiv \u00e0 stocker et traiter les donn\u00e9es personnelles soumises ci-dessus afin qu\u2019elle vous fournisse le contenu demand\u00e9.<\/label>   <\/div> <\/div>  <input type=\"hidden\" name=\"redirect-typ\" id=\"redirect-typ\" value=\"https:\/\/www.ginefiv.com\/fr\/merci-de-remplir-le-formulaire\"> <input class=\"wpcf7-form-control wpcf7-hidden\" id=\"form-name\" value=\"appointment_fr\" type=\"hidden\" name=\"form-name\" \/> <input type=\"hidden\" name=\"utm_campaign\" value=\"\" \/>   <input type=\"hidden\" name=\"utm_source\" value=\"\" \/>   <input type=\"hidden\" name=\"utm_medium\" value=\"\" \/>   <input type=\"hidden\" name=\"utm_term\" value=\"\" \/>   <input type=\"hidden\" name=\"utm_content\" value=\"\" \/>   <input type=\"hidden\" name=\"gclid\" value=\"\" \/>  <input class=\"wpcf7-form-control wpcf7-submit has-spinner\" type=\"submit\" value=\"Soumettre\" \/><div class=\"wpcf7-response-output\" aria-hidden=\"true\"><\/div> <\/form> <\/div>                                      <\/div>             <\/div>         <\/div>     <\/div>               <div class=\"parallax-trigger fullsize page-cover-thumbnail appointment-thumbnail\" data-magic=\"parallax\">             <picture class=\"page-cover__picture parallax-trigger__item\" data-item=\"parallax-item\">                 <img decoding=\"async\" src=\"https:\/\/www.ginefiv.com\/wp-content\/uploads\/2024\/07\/fondo-home-21-1024x683-31web1.jpg\" alt=\"Contactez-nous\">             <\/picture>         <\/div>       <\/section>   <div class=\"wp-block-columns alignfull mb-0 has-pale-peach-background-color has-background is-layout-flex wp-container-core-columns-is-layout-f0342b05 wp-block-columns-is-layout-flex\" style=\"margin-top:0;margin-bottom:0\"> <div class=\"wp-block-column is-layout-flow wp-block-column-is-layout-flow\"> <div class=\"wp-block-columns is-layout-flex wp-container-core-columns-is-layout-28f84493 wp-block-columns-is-layout-flex\" id=\"ginefiv-maternity\"> <div class=\"wp-block-column is-vertically-aligned-center is-layout-flow wp-block-column-is-layout-flow\"> <h2 class=\"wp-block-heading\">Gin\u00e9fiv Maternit\u00e9<\/h2>    <p class=\"has-medium-font-size\">Le programme de garantie de grossesse qui assure la naissance de votre b\u00e9b\u00e9 ou vous serez rembours\u00e9e.<\/p>    <div class=\"wp-block-buttons is-layout-flex wp-block-buttons-is-layout-flex\"> <div class=\"wp-block-button\"><a class=\"wp-block-button__link has-turquoise-teal-background-color has-background wp-element-button\" href=\"https:\/\/www.ginefiv.com\/fr\/pma\/ginefiv-maternity\/\" style=\"border-radius:10px\">D\u00e9couvrez Ginefiv Maternit\u00e9<\/a><\/div> <\/div> <\/div>    <div class=\"wp-block-column is-layout-flow wp-block-column-is-layout-flow\"> <figure class=\"wp-block-image size-full is-style-rounded\"><img loading=\"lazy\" decoding=\"async\" width=\"640\" height=\"474\" src=\"https:\/\/www.ginefiv.com\/wp-content\/uploads\/2024\/09\/imagen-para-el-banner.jpg\" alt=\"\" class=\"wp-image-34174\" srcset=\"https:\/\/www.ginefiv.com\/wp-content\/uploads\/2024\/09\/imagen-para-el-banner.jpg 640w, https:\/\/www.ginefiv.com\/wp-content\/uploads\/2024\/09\/imagen-para-el-banner-300x222.jpg 300w\" sizes=\"auto, (max-width: 640px) 100vw, 640px\" \/><\/figure> <\/div> <\/div> <\/div> <\/div>    <section> \t<div class=\"cta-block-container\"> \t\t<div class=\"cta-block-container__title\"> \t\t\t<p><h2>Avez-vous<br \/> des doutes ?<\/h2> <\/p> \t\t<\/div> \t\t<div class=\"cta-block-container__separator d-none d-md-flex\"> \t\t\t<picture> \t\t\t\t<img decoding=\"async\" class=\"separator__img\" src=\"https:\/\/www.ginefiv.com\/wp-content\/themes\/wac-theme\/assets\/images\/icons\/cta-separator.webp\" alt=\"\"> \t\t\t<\/picture> \t\t<\/div> \t\t<div class=\"cta-block-container__icons-row\"> \t\t\t\t\t\t\t<div class=\"actions\"> \t\t\t\t\t<picture class=\"action__thumbnail\"> \t\t\t\t\t\t<img decoding=\"async\" class=\"action__img\" src=\"https:\/\/www.ginefiv.com\/wp-content\/themes\/wac-theme\/assets\/images\/icons\/cta-phone.webp\" alt=\"\"> \t\t\t\t\t<\/picture> \t\t\t\t\t<div class=\"action__text\"> \t\t\t\t\t\t\t\t\t\t\t\t\t<a class=\"action__text\" href=\"tel:0033 182 88 31 03\" target=\"_blank\"> \t\t\t\t\t\t\t\t<p> \t\t\t\t\t\t\t\t\tLl\u00e1manos gratis al <br><strong>0033 182 88 31 03<\/strong>\t\t\t\t\t\t\t\t<\/p> \t\t\t\t\t\t\t<\/a> \t\t\t\t\t\t\t\t\t\t\t<\/div> \t\t\t\t<\/div> \t\t\t\t\t\t\t<div class=\"actions\"> \t\t\t\t\t<picture class=\"action__thumbnail\"> \t\t\t\t\t\t<img decoding=\"async\" class=\"action__img\" src=\"https:\/\/www.ginefiv.com\/wp-content\/themes\/wac-theme\/assets\/images\/icons\/cta-clinics.webp\" alt=\"\"> \t\t\t\t\t<\/picture> \t\t\t\t\t<a class=\"action__text permalink underlined\" href=\"https:\/\/www.ginefiv.com\/clinicas\/\"> \t\t\t\t\t\t<p>Visitez-nous dans<\/p> \t\t\t\t\t\t<strong>nos cliniques ginefiv<\/strong> \t\t\t\t\t<\/a> \t\t\t\t<\/div> \t\t\t\t\t\t\t<div class=\"actions\"> \t\t\t\t\t<picture class=\"action__thumbnail\"> \t\t\t\t\t\t<img decoding=\"async\" class=\"action__img\" src=\"https:\/\/www.ginefiv.com\/wp-content\/themes\/wac-theme\/assets\/images\/icons\/cta-appointment.webp\" alt=\"\"> \t\t\t\t\t<\/picture> \t\t\t\t\t<a class=\"action__text permalink underlined\" href=\"https:\/\/www.ginefiv.com\/fr\/contact\/\"> \t\t\t\t\t\t<p>Contactez-nous<\/p> \t\t\t\t\t\t<strong> <\/strong> \t\t\t\t\t<\/a> \t\t\t\t<\/div> \t\t\t\t\t<\/div> \t<\/div> <\/section>   <p><\/p>","protected":false},"excerpt":{"rendered":"","protected":false},"author":1,"featured_media":30796,"parent":0,"menu_order":0,"comment_status":"closed","ping_status":"closed","template":"templates\/appointment.php","meta":{"_acf_changed":false,"footnotes":""},"class_list":["post-8572","page","type-page","status-publish","has-post-thumbnail","hentry"],"acf":[],"yoast_head":"<!-- This site is optimized with the Yoast SEO plugin v27.0 - https:\/\/yoast.com\/product\/yoast-seo-wordpress\/ -->\n<title>Contactez-nous | Ginefiv Espa\u00f1a<\/title>\n<meta name=\"robots\" content=\"index, follow, max-snippet:-1, max-image-preview:large, max-video-preview:-1\" \/>\n<link rel=\"canonical\" href=\"https:\/\/www.ginefiv.com\/fr\/contact\/\" \/>\n<meta property=\"og:locale\" content=\"fr_FR\" \/>\n<meta property=\"og:type\" content=\"article\" \/>\n<meta property=\"og:title\" content=\"Contactez-nous | Ginefiv Espa\u00f1a\" \/>\n<meta property=\"og:url\" content=\"https:\/\/www.ginefiv.com\/fr\/contact\/\" \/>\n<meta property=\"og:site_name\" content=\"Ginefiv Espa\u00f1a\" \/>\n<meta property=\"article:modified_time\" content=\"2024-09-24T12:06:33+00:00\" \/>\n<meta property=\"og:image\" content=\"https:\/\/www.ginefiv.com\/wp-content\/uploads\/2024\/07\/fondo-home-21-1024x683-31web1.jpg\" \/>\n\t<meta property=\"og:image:width\" content=\"1024\" \/>\n\t<meta property=\"og:image:height\" content=\"683\" \/>\n\t<meta property=\"og:image:type\" content=\"image\/jpeg\" \/>\n<meta name=\"twitter:card\" content=\"summary_large_image\" \/>\n<meta name=\"twitter:label1\" content=\"Dur\u00e9e de lecture estim\u00e9e\" \/>\n\t<meta name=\"twitter:data1\" content=\"1 minute\" \/>\n<script type=\"application\/ld+json\" class=\"yoast-schema-graph\">{\"@context\":\"https:\/\/schema.org\",\"@graph\":[{\"@type\":\"WebPage\",\"@id\":\"https:\/\/www.ginefiv.com\/fr\/contact\/\",\"url\":\"https:\/\/www.ginefiv.com\/fr\/contact\/\",\"name\":\"Contactez-nous | Ginefiv Espa\u00f1a\",\"isPartOf\":{\"@id\":\"https:\/\/www.ginefiv.com\/fr\/#website\"},\"primaryImageOfPage\":{\"@id\":\"https:\/\/www.ginefiv.com\/fr\/contact\/#primaryimage\"},\"image\":{\"@id\":\"https:\/\/www.ginefiv.com\/fr\/contact\/#primaryimage\"},\"thumbnailUrl\":\"https:\/\/www.ginefiv.com\/wp-content\/uploads\/2024\/07\/fondo-home-21-1024x683-31web1.jpg\",\"datePublished\":\"2023-07-19T07:09:45+00:00\",\"dateModified\":\"2024-09-24T12:06:33+00:00\",\"breadcrumb\":{\"@id\":\"https:\/\/www.ginefiv.com\/fr\/contact\/#breadcrumb\"},\"inLanguage\":\"fr-FR\",\"potentialAction\":[{\"@type\":\"ReadAction\",\"target\":[\"https:\/\/www.ginefiv.com\/fr\/contact\/\"]}]},{\"@type\":\"ImageObject\",\"inLanguage\":\"fr-FR\",\"@id\":\"https:\/\/www.ginefiv.com\/fr\/contact\/#primaryimage\",\"url\":\"https:\/\/www.ginefiv.com\/wp-content\/uploads\/2024\/07\/fondo-home-21-1024x683-31web1.jpg\",\"contentUrl\":\"https:\/\/www.ginefiv.com\/wp-content\/uploads\/2024\/07\/fondo-home-21-1024x683-31web1.jpg\",\"width\":1024,\"height\":683},{\"@type\":\"BreadcrumbList\",\"@id\":\"https:\/\/www.ginefiv.com\/fr\/contact\/#breadcrumb\",\"itemListElement\":[{\"@type\":\"ListItem\",\"position\":1,\"name\":\"Home\",\"item\":\"https:\/\/www.ginefiv.com\/fr\/\"},{\"@type\":\"ListItem\",\"position\":2,\"name\":\"Contactez-nous\"}]},{\"@type\":\"WebSite\",\"@id\":\"https:\/\/www.ginefiv.com\/fr\/#website\",\"url\":\"https:\/\/www.ginefiv.com\/fr\/\",\"name\":\"Ginefiv Espa\u00f1a\",\"description\":\"Ginefiv, tu cl\u00ednica de reproducci\u00f3n asistida. 35 a\u00f1os de experiencia en inseminaci\u00f3n artificial y fecundaci\u00f3n in vitro\",\"publisher\":{\"@id\":\"https:\/\/www.ginefiv.com\/fr\/#organization\"},\"potentialAction\":[{\"@type\":\"SearchAction\",\"target\":{\"@type\":\"EntryPoint\",\"urlTemplate\":\"https:\/\/www.ginefiv.com\/fr\/?s={search_term_string}\"},\"query-input\":{\"@type\":\"PropertyValueSpecification\",\"valueRequired\":true,\"valueName\":\"search_term_string\"}}],\"inLanguage\":\"fr-FR\"},{\"@type\":\"Organization\",\"@id\":\"https:\/\/www.ginefiv.com\/fr\/#organization\",\"name\":\"Ginefiv\",\"url\":\"https:\/\/www.ginefiv.com\/fr\/\",\"logo\":{\"@type\":\"ImageObject\",\"inLanguage\":\"fr-FR\",\"@id\":\"https:\/\/www.ginefiv.com\/fr\/#\/schema\/logo\/image\/\",\"url\":\"https:\/\/www.ginefiv.com\/wp-content\/uploads\/2023\/12\/descarga.png\",\"contentUrl\":\"https:\/\/www.ginefiv.com\/wp-content\/uploads\/2023\/12\/descarga.png\",\"width\":437,\"height\":115,\"caption\":\"Ginefiv\"},\"image\":{\"@id\":\"https:\/\/www.ginefiv.com\/fr\/#\/schema\/logo\/image\/\"}}]}<\/script>\n<!-- \/ Yoast SEO plugin. -->","yoast_head_json":{"title":"Contactez-nous | Ginefiv Espa\u00f1a","robots":{"index":"index","follow":"follow","max-snippet":"max-snippet:-1","max-image-preview":"max-image-preview:large","max-video-preview":"max-video-preview:-1"},"canonical":"https:\/\/www.ginefiv.com\/fr\/contact\/","og_locale":"fr_FR","og_type":"article","og_title":"Contactez-nous | Ginefiv Espa\u00f1a","og_url":"https:\/\/www.ginefiv.com\/fr\/contact\/","og_site_name":"Ginefiv Espa\u00f1a","article_modified_time":"2024-09-24T12:06:33+00:00","og_image":[{"width":1024,"height":683,"url":"https:\/\/www.ginefiv.com\/wp-content\/uploads\/2024\/07\/fondo-home-21-1024x683-31web1.jpg","type":"image\/jpeg"}],"twitter_card":"summary_large_image","twitter_misc":{"Dur\u00e9e de lecture estim\u00e9e":"1 minute"},"schema":{"@context":"https:\/\/schema.org","@graph":[{"@type":"WebPage","@id":"https:\/\/www.ginefiv.com\/fr\/contact\/","url":"https:\/\/www.ginefiv.com\/fr\/contact\/","name":"Contactez-nous | Ginefiv Espa\u00f1a","isPartOf":{"@id":"https:\/\/www.ginefiv.com\/fr\/#website"},"primaryImageOfPage":{"@id":"https:\/\/www.ginefiv.com\/fr\/contact\/#primaryimage"},"image":{"@id":"https:\/\/www.ginefiv.com\/fr\/contact\/#primaryimage"},"thumbnailUrl":"https:\/\/www.ginefiv.com\/wp-content\/uploads\/2024\/07\/fondo-home-21-1024x683-31web1.jpg","datePublished":"2023-07-19T07:09:45+00:00","dateModified":"2024-09-24T12:06:33+00:00","breadcrumb":{"@id":"https:\/\/www.ginefiv.com\/fr\/contact\/#breadcrumb"},"inLanguage":"fr-FR","potentialAction":[{"@type":"ReadAction","target":["https:\/\/www.ginefiv.com\/fr\/contact\/"]}]},{"@type":"ImageObject","inLanguage":"fr-FR","@id":"https:\/\/www.ginefiv.com\/fr\/contact\/#primaryimage","url":"https:\/\/www.ginefiv.com\/wp-content\/uploads\/2024\/07\/fondo-home-21-1024x683-31web1.jpg","contentUrl":"https:\/\/www.ginefiv.com\/wp-content\/uploads\/2024\/07\/fondo-home-21-1024x683-31web1.jpg","width":1024,"height":683},{"@type":"BreadcrumbList","@id":"https:\/\/www.ginefiv.com\/fr\/contact\/#breadcrumb","itemListElement":[{"@type":"ListItem","position":1,"name":"Home","item":"https:\/\/www.ginefiv.com\/fr\/"},{"@type":"ListItem","position":2,"name":"Contactez-nous"}]},{"@type":"WebSite","@id":"https:\/\/www.ginefiv.com\/fr\/#website","url":"https:\/\/www.ginefiv.com\/fr\/","name":"Ginefiv Espa\u00f1a","description":"Ginefiv, tu cl\u00ednica de reproducci\u00f3n asistida. 35 a\u00f1os de experiencia en inseminaci\u00f3n artificial y fecundaci\u00f3n in vitro","publisher":{"@id":"https:\/\/www.ginefiv.com\/fr\/#organization"},"potentialAction":[{"@type":"SearchAction","target":{"@type":"EntryPoint","urlTemplate":"https:\/\/www.ginefiv.com\/fr\/?s={search_term_string}"},"query-input":{"@type":"PropertyValueSpecification","valueRequired":true,"valueName":"search_term_string"}}],"inLanguage":"fr-FR"},{"@type":"Organization","@id":"https:\/\/www.ginefiv.com\/fr\/#organization","name":"Ginefiv","url":"https:\/\/www.ginefiv.com\/fr\/","logo":{"@type":"ImageObject","inLanguage":"fr-FR","@id":"https:\/\/www.ginefiv.com\/fr\/#\/schema\/logo\/image\/","url":"https:\/\/www.ginefiv.com\/wp-content\/uploads\/2023\/12\/descarga.png","contentUrl":"https:\/\/www.ginefiv.com\/wp-content\/uploads\/2023\/12\/descarga.png","width":437,"height":115,"caption":"Ginefiv"},"image":{"@id":"https:\/\/www.ginefiv.com\/fr\/#\/schema\/logo\/image\/"}}]}},"_links":{"self":[{"href":"https:\/\/www.ginefiv.com\/fr\/wp-json\/wp\/v2\/pages\/8572","targetHints":{"allow":["GET"]}}],"collection":[{"href":"https:\/\/www.ginefiv.com\/fr\/wp-json\/wp\/v2\/pages"}],"about":[{"href":"https:\/\/www.ginefiv.com\/fr\/wp-json\/wp\/v2\/types\/page"}],"author":[{"embeddable":true,"href":"https:\/\/www.ginefiv.com\/fr\/wp-json\/wp\/v2\/users\/1"}],"replies":[{"embeddable":true,"href":"https:\/\/www.ginefiv.com\/fr\/wp-json\/wp\/v2\/comments?post=8572"}],"version-history":[{"count":0,"href":"https:\/\/www.ginefiv.com\/fr\/wp-json\/wp\/v2\/pages\/8572\/revisions"}],"wp:featuredmedia":[{"embeddable":true,"href":"https:\/\/www.ginefiv.com\/fr\/wp-json\/wp\/v2\/media\/30796"}],"wp:attachment":[{"href":"https:\/\/www.ginefiv.com\/fr\/wp-json\/wp\/v2\/media?parent=8572"}],"curies":[{"name":"wp","href":"https:\/\/api.w.org\/{rel}","templated":true}]}}