











{"id":14471,"date":"2023-10-17T07:41:09","date_gmt":"2023-10-17T07:41:09","guid":{"rendered":"https:\/\/www.ginefiv.com\/rechtliche-hinweise\/"},"modified":"2024-09-21T08:57:27","modified_gmt":"2024-09-21T08:57:27","slug":"aviso-legal","status":"publish","type":"page","link":"https:\/\/www.ginefiv.com\/it\/aviso-legal\/","title":{"rendered":"Aviso legale di Ginefiv"},"content":{"rendered":"<section class=\"page-cover has-thumbnail dark-theme\">   <div class=\"page-cover__container container\">     <div class=\"row\">       <div class=\"col-12 col-lg-8\">         <div class=\"page-cover__heading\">           <div class=\"page-cover__heading-wrapper\">                           <div class=\"page-cover__heading-title heading-title title-display hero-title\">               <h1>Aviso legale di Ginefiv<\/h1>             <\/div>                            <div class=\"page-cover__heading-content text-lg\">                 <p>GINEFIV, S.L., responsabile del sito web, di seguito RESPONSABILE, mette a disposizione degli utenti il presente documento, con il quale intende adempiere agli obblighi previsti dalla legge spagnola 34\/2002, dell&#8217;11 luglio, sui Servizi della Societ\u00e0 dell&#8217;Informazione e del Commercio Elettronico (LSSICE), BOE n. 166, nonch\u00e9 informare tutti gli utenti del sito web in merito alle condizioni di utilizzo. Chiunque acceda a questo sito web assume il ruolo di utente, impegnandosi all&#8217;osservanza e al rigoroso rispetto delle disposizioni del presente documento, nonch\u00e9 di qualsiasi altra disposizione legale applicabile.<\/p> <p>GINEFIV, S.L. si riserva il diritto di modificare qualsiasi tipo di informazione che possa apparire sul sito web, senza alcun obbligo di preavviso o di informazione agli utenti, intendendo come sufficiente la pubblicazione sul sito web di GINEFIV, S.L.<\/p>               <\/div>                                    <\/div>         <\/div>       <\/div>     <\/div>   <\/div>         <div class=\"parallax-trigger fullsize page-cover-thumbnail\" data-magic=\"parallax\">       <picture class=\"page-cover__picture parallax-trigger__item\" data-item=\"parallax-item\">         <img decoding=\"async\" src=\"https:\/\/www.ginefiv.com\/wp-content\/uploads\/2023\/10\/aviso-legal.png\" alt=\"Aviso legale di Ginefiv\">       <\/picture>     <\/div>     <\/section>   <section class=\"wp-block-breadcrumbs\">   <div class=\"content-wrapper\">     <ul>                   <li>               <a href=\"https:\/\/www.ginefiv.com\/it\/\" title=\"Ginefiv Espa\u00f1a\">                 Ginefiv              <\/a>             <\/li>                         <li>               <span class=\"current\" title=\"Aviso legale di Ginefiv\">                 Aviso legale di Ginefiv              <\/span>             <\/li>                 <\/ul>   <\/div> <\/section>   <div class=\"wp-bootstrap-blocks-container container mb-2\"> \t  <h2 class=\"wp-block-heading\">1.DATI DI IDENTIFICAZIONE<\/h2>    <p>Nome di dominio: www.ginefiv.com<\/p>    <p>Nome commerciale: GINEFIV<\/p>    <p>Nome della societ\u00e0: GINEFIV, S.L.<\/p>    <p>CODICE FISCALE: B-80.186.422.<\/p>    <p>Sede legale: c\/ Jos\u00e9 Silva 18, 28043, Madrid<\/p>    <p>Telefono: 915197541<\/p>    <p>e-mail: sap@ginefiv.com<\/p>    <p>Iscritta nel Registro Mercantile di Madrid, Volume 1916, Folio 105, Pagina M-34329, 1a Iscrizione.<\/p>    <h2 class=\"wp-block-heading\">2. DIRITTI DI PROPIET\u00c0 INTELLECTTUALE E INDUSTRIALE<\/h2>    <p>Il sito web, compresi, a titolo esemplificativo e non esaustivo, la programmazione, la redazione, la compilazione e gli altri elementi necessari al suo funzionamento, i disegni, i loghi, i testi e\/o la grafica, sono di propriet\u00e0 della PARTE RESPONSABILE o, se del caso, dispone di una licenza o di un&#8217;autorizzazione espressa da parte degli autori. Tutti i contenuti del sito web sono debitamente protetti dalle norme sulla propriet\u00e0 intellettuale e industriale, nonch\u00e9 registrati nei corrispondenti registri pubblici.<\/p>    <p>Indipendentemente dallo scopo per cui sono stati concepiti, la riproduzione totale o parziale, l&#8217;uso, lo sfruttamento, la distribuzione e la commercializzazione richiedono in ogni caso la previa autorizzazione scritta del RESPONSABILE. Qualsiasi utilizzo non autorizzato \u00e8 considerato una grave violazione dei diritti di propriet\u00e0 intellettuale o industriale dell&#8217;autore.<\/p>    <p>I disegni, i loghi, i testi e\/o la grafica che non appartengono al RESPONSABILE e che possono comparire sul sito web appartengono ai rispettivi proprietari, e sono essi stessi responsabili di ogni possibile controversia che possa sorgere in merito. Il RESPONSABILE autorizza espressamente i terzi a reindirizzare direttamente ai contenuti specifici del sito web, e in ogni caso a reindirizzare al sito principale www.ginefiv.com.<\/p>    <p>Il RESPONSABILE riconosce i corrispondenti diritti di propriet\u00e0 intellettuale e industriale a favore dei loro proprietari, e la loro semplice menzione o apparizione sul sito web non implica l&#8217;esistenza di alcun diritto o responsabilit\u00e0 su di essi, n\u00e9 alcun avallo, sponsorizzazione o raccomandazione da parte dello stesso.<\/p>    <p>Per qualsiasi tipo di osservazione in merito a possibili violazioni dei diritti di propriet\u00e0 intellettuale o industriale, nonch\u00e9 in merito a qualsiasi contenuto del sito web, \u00e8 possibile farlo via e-mail: <a href=\"mailto:patient_care@ginefiv.com\">patient_care@ginefiv.com<\/a><\/p>    <h2 class=\"wp-block-heading\">3. ESENZIONE DI RESPONSABILIT\u00c0<\/h2>    <p>Il RESPONSABILE \u00e8 esente da qualsiasi tipo di responsabilit\u00e0 derivante dalle informazioni pubblicate sul suo sito web, a condizione che tali informazioni siano state manipolate o introdotte da terzi esterni allo stesso.<\/p>    <h3 class=\"wp-block-heading\">Uso dei Cookie<\/h3>    <p>Questo sito pu\u00f2 utilizzare cookie tecnici (piccoli file informativi che il server invia al computer di chi accede alla pagina) per svolgere alcune funzioni ritenute essenziali per il corretto funzionamento e la visualizzazione del sito. I cookie utilizzati sono comunque di natura temporanea, al solo scopo di rendere pi\u00f9 efficiente la navigazione, e scompaiono al termine della sessione dell&#8217;utente. In nessun caso questi cookie forniscono di per s\u00e9 dati di natura personale e non saranno utilizzati per raccogliere tali dati.<\/p>    <p>Attraverso l&#8217;uso dei cookie \u00e8 anche possibile che il server in cui si trova il sito web riconosca il browser utilizzato dall&#8217;utente per facilitare la navigazione, consentendo, ad esempio, agli utenti che si sono precedentemente registrati di accedere alle aree, ai servizi, alle promozioni o ai concorsi riservati esclusivamente a loro senza doversi registrare a ogni visita.<\/p>    <p>Possono anche essere utilizzati per misurare l&#8217;audience, i parametri di traffico, controllare l&#8217;andamento e il numero delle iscrizioni, ecc. Questo sito web non installer\u00e0 cookie dispensabili senza il preventivo consenso dell&#8217;utente.<\/p>    <p>Questo sito utilizza cookie analitici (_ga o _utm) di propriet\u00e0 di Google Analytics, persistenti per 2 anni, per abilitare la funzione di controllo delle visite uniche al fine di facilitare la navigazione. Tutti gli utenti che visitano il sito sono informati dell&#8217;utilizzo di questi cookie tramite un banner fluttuante, ritenendo che proseguendo la navigazione acconsentano al loro utilizzo. Se l&#8217;utente accetta il loro utilizzo, il banner scompare, anche se pu\u00f2 revocare il consenso in qualsiasi momento e ottenere maggiori informazioni consultando la nostra Cookies Policy.<\/p>    <p>L&#8217;utente ha la possibilit\u00e0 di configurare il proprio browser per essere avvisato della ricezione dei cookie e per impedirne l&#8217;installazione sul proprio computer. Per ulteriori informazioni, consultare le istruzioni del browser.<\/p>    <h3 class=\"wp-block-heading\">Politica di linking<\/h3>    <p>Dal sito web si pu\u00f2 essere reindirizzati a contenuti di siti web di terzi. Poich\u00e9 il RESPONSABILE non pu\u00f2 sempre controllare i contenuti introdotti da terzi nei rispettivi siti web, non si assume alcun tipo di responsabilit\u00e0 rispetto a tali contenuti. In ogni caso, proceder\u00e0 all&#8217;immediata rimozione di qualsiasi contenuto che possa contravvenire alla legislazione nazionale o internazionale, alla morale o all&#8217;ordine pubblico, procedendo all&#8217;immediato ritiro del reindirizzamento a tale sito web, informando le autorit\u00e0 competenti del contenuto in questione.<\/p>    <p>Il RESPONSABILE non \u00e8 responsabile delle informazioni e dei contenuti memorizzati, tra cui, a titolo esemplificativo e non esaustivo, nei forum, nelle chat, nei generatori di blog, nei commenti, nei social network o in qualsiasi altro mezzo che permetta a terzi di pubblicare contenuti in modo indipendente sul sito web del RESPONSABILE. Tuttavia, e in conformit\u00e0 con le disposizioni degli articoli 11 e 16 della LSSICE, si mette a disposizione di tutti gli utenti, delle autorit\u00e0 e delle forze di sicurezza, collaborando attivamente alla rimozione o, se del caso, al blocco di tutti i contenuti che possano pregiudicare o contravvenire alla legislazione nazionale o internazionale, ai diritti di terzi o al buon costume e all&#8217;ordine pubblico. Nel caso in cui l&#8217;utente ritenga che sul sito web siano presenti contenuti che potrebbero essere suscettibili di questa classificazione, dovr\u00e0 comunicarlo immediatamente all&#8217;amministratore del sito.<\/p>    <p>Questo sito web \u00e8 stato controllato e testato per garantirne il corretto funzionamento. Di norma, \u00e8 possibile garantirne il corretto funzionamento 365 giorni all&#8217;anno, 24 ore al giorno. Tuttavia, il RESPONSABILE non esclude la possibilit\u00e0 di alcuni errori di programmazione o il verificarsi di cause di forza maggiore, disastri naturali, scioperi o circostanze simili che rendano impossibile l&#8217;accesso al sito web.<\/p>    <h3 class=\"wp-block-heading\">Indirizzi IP<\/h3>    <p>I server del sito web possono rilevare automaticamente l&#8217;indirizzo IP e il nome di dominio utilizzati dall&#8217;utente. L&#8217;indirizzo IP \u00e8 un numero assegnato automaticamente a un computer quando si connette a Internet. Tutte queste informazioni vengono registrate in un file di attivit\u00e0 del server correttamente registrato che consente la successiva elaborazione dei dati per ottenere misurazioni puramente statistiche che permettono di conoscere il numero di impressioni di pagina, il numero di visite effettuate ai server web, l&#8217;ordine delle visite, il punto di accesso, ecc.<\/p>    <h2 class=\"wp-block-heading\">4. LEGGE APPLICABILE E CIURISDIZIONE<\/h2>    <p>Per la risoluzione di tutte le controversie o questioni relative al presente sito web o alle attivit\u00e0 in esso svolte, si applicher\u00e0 la legge spagnola, a cui le parti si sottomettono espressamente, e le Corti e i Tribunali pi\u00f9 vicini a Madrid saranno competenti per la risoluzione di tutte le controversie derivanti o correlate al suo utilizzo.<\/p>  <\/div>    <section> \t<div class=\"cta-block-container\"> \t\t<div class=\"cta-block-container__title\"> \t\t\t<p><h2>Ha qualche<br \/> dubbio?<\/h2> <\/p> \t\t<\/div> \t\t<div class=\"cta-block-container__separator d-none d-md-flex\"> \t\t\t<picture> \t\t\t\t<img decoding=\"async\" class=\"separator__img\" src=\"https:\/\/www.ginefiv.com\/wp-content\/themes\/wac-theme\/assets\/images\/icons\/cta-separator.webp\" alt=\"\"> \t\t\t<\/picture> \t\t<\/div> \t\t<div class=\"cta-block-container__icons-row\"> \t\t\t\t\t\t\t<div class=\"actions\"> \t\t\t\t\t<picture class=\"action__thumbnail\"> \t\t\t\t\t\t<img decoding=\"async\" class=\"action__img\" src=\"https:\/\/www.ginefiv.com\/wp-content\/themes\/wac-theme\/assets\/images\/icons\/cta-phone.webp\" alt=\"\"> \t\t\t\t\t<\/picture> \t\t\t\t\t<div class=\"action__text\"> \t\t\t\t\t\t\t\t\t\t\t\t\t<a class=\"action__text\" href=\"tel:+34 917 888 088\" target=\"_blank\"> \t\t\t\t\t\t\t\t<p> \t\t\t\t\t\t\t\t\tLl\u00e1manos gratis al <br><strong>+34 917 888 088<\/strong>\t\t\t\t\t\t\t\t<\/p> \t\t\t\t\t\t\t<\/a> \t\t\t\t\t\t\t\t\t\t\t<\/div> \t\t\t\t<\/div> \t\t\t\t\t\t\t<div class=\"actions\"> \t\t\t\t\t<picture class=\"action__thumbnail\"> \t\t\t\t\t\t<img decoding=\"async\" class=\"action__img\" src=\"https:\/\/www.ginefiv.com\/wp-content\/themes\/wac-theme\/assets\/images\/icons\/cta-clinics.webp\" alt=\"\"> \t\t\t\t\t<\/picture> \t\t\t\t\t<a class=\"action__text permalink underlined\" href=\"https:\/\/www.ginefiv.com\/clinicas\/\"> \t\t\t\t\t\t<p>Venga a visitarci nelle<\/p> \t\t\t\t\t\t<strong>nostre cliniche<\/strong> \t\t\t\t\t<\/a> \t\t\t\t<\/div> \t\t\t\t\t\t\t<div class=\"actions\"> \t\t\t\t\t<picture class=\"action__thumbnail\"> \t\t\t\t\t\t<img decoding=\"async\" class=\"action__img\" src=\"https:\/\/www.ginefiv.com\/wp-content\/themes\/wac-theme\/assets\/images\/icons\/cta-appointment.webp\" alt=\"\"> \t\t\t\t\t<\/picture> \t\t\t\t\t<a class=\"action__text permalink underlined\" href=\"https:\/\/www.ginefiv.com\/it\/prendi-un-appuntamento\/\"> \t\t\t\t\t\t<p>Chieda un<\/p> \t\t\t\t\t\t<strong>appuntamento<\/strong> \t\t\t\t\t<\/a> \t\t\t\t<\/div> \t\t\t\t\t<\/div> \t<\/div> <\/section>","protected":false},"excerpt":{"rendered":"","protected":false},"author":1,"featured_media":3515,"parent":0,"menu_order":0,"comment_status":"closed","ping_status":"closed","template":"","meta":{"_acf_changed":false,"footnotes":""},"class_list":["post-14471","page","type-page","status-publish","has-post-thumbnail","hentry"],"acf":[],"yoast_head":"<!-- This site is optimized with the Yoast SEO plugin v27.0 - https:\/\/yoast.com\/product\/yoast-seo-wordpress\/ -->\n<title>Aviso legal de la web de Ginefiv | Ginefiv Espa\u00f1a<\/title>\n<meta name=\"description\" content=\"Aviso legal para los usuarios de la web de Ginefiv: datos identificativos, propiedad intelectual e industrial, exenci\u00f3n de responsabilidades y ley aplicable\" \/>\n<meta name=\"robots\" content=\"index, follow, max-snippet:-1, max-image-preview:large, max-video-preview:-1\" \/>\n<link rel=\"canonical\" href=\"https:\/\/www.ginefiv.com\/it\/aviso-legal\/\" \/>\n<meta property=\"og:locale\" content=\"it_IT\" \/>\n<meta property=\"og:type\" content=\"article\" \/>\n<meta property=\"og:title\" content=\"Aviso legal de la web de Ginefiv | Ginefiv Espa\u00f1a\" \/>\n<meta property=\"og:description\" content=\"Aviso legal para los usuarios de la web de Ginefiv: datos identificativos, propiedad intelectual e industrial, exenci\u00f3n de responsabilidades y ley aplicable\" \/>\n<meta property=\"og:url\" content=\"https:\/\/www.ginefiv.com\/it\/aviso-legal\/\" \/>\n<meta property=\"og:site_name\" content=\"Ginefiv Espa\u00f1a\" \/>\n<meta property=\"article:modified_time\" content=\"2024-09-21T08:57:27+00:00\" \/>\n<meta property=\"og:image\" content=\"https:\/\/www.ginefiv.com\/wp-content\/uploads\/2023\/10\/aviso-legal-1024x683.png\" \/>\n\t<meta property=\"og:image:width\" content=\"1024\" \/>\n\t<meta property=\"og:image:height\" content=\"683\" \/>\n\t<meta property=\"og:image:type\" content=\"image\/png\" \/>\n<meta name=\"twitter:card\" content=\"summary_large_image\" \/>\n<meta name=\"twitter:label1\" content=\"Tempo di lettura stimato\" \/>\n\t<meta name=\"twitter:data1\" content=\"15 minuti\" \/>\n<script type=\"application\/ld+json\" class=\"yoast-schema-graph\">{\"@context\":\"https:\/\/schema.org\",\"@graph\":[{\"@type\":\"WebPage\",\"@id\":\"https:\/\/www.ginefiv.com\/it\/aviso-legal\/\",\"url\":\"https:\/\/www.ginefiv.com\/it\/aviso-legal\/\",\"name\":\"Aviso legal de la web de Ginefiv | Ginefiv Espa\u00f1a\",\"isPartOf\":{\"@id\":\"https:\/\/www.ginefiv.com\/it\/#website\"},\"primaryImageOfPage\":{\"@id\":\"https:\/\/www.ginefiv.com\/it\/aviso-legal\/#primaryimage\"},\"image\":{\"@id\":\"https:\/\/www.ginefiv.com\/it\/aviso-legal\/#primaryimage\"},\"thumbnailUrl\":\"https:\/\/www.ginefiv.com\/wp-content\/uploads\/2023\/10\/aviso-legal.png\",\"datePublished\":\"2023-10-17T07:41:09+00:00\",\"dateModified\":\"2024-09-21T08:57:27+00:00\",\"description\":\"Aviso legal para los usuarios de la web de Ginefiv: datos identificativos, propiedad intelectual e industrial, exenci\u00f3n de responsabilidades y ley aplicable\",\"breadcrumb\":{\"@id\":\"https:\/\/www.ginefiv.com\/it\/aviso-legal\/#breadcrumb\"},\"inLanguage\":\"it-IT\",\"potentialAction\":[{\"@type\":\"ReadAction\",\"target\":[\"https:\/\/www.ginefiv.com\/it\/aviso-legal\/\"]}]},{\"@type\":\"ImageObject\",\"inLanguage\":\"it-IT\",\"@id\":\"https:\/\/www.ginefiv.com\/it\/aviso-legal\/#primaryimage\",\"url\":\"https:\/\/www.ginefiv.com\/wp-content\/uploads\/2023\/10\/aviso-legal.png\",\"contentUrl\":\"https:\/\/www.ginefiv.com\/wp-content\/uploads\/2023\/10\/aviso-legal.png\",\"width\":4500,\"height\":3000},{\"@type\":\"BreadcrumbList\",\"@id\":\"https:\/\/www.ginefiv.com\/it\/aviso-legal\/#breadcrumb\",\"itemListElement\":[{\"@type\":\"ListItem\",\"position\":1,\"name\":\"Home\",\"item\":\"https:\/\/www.ginefiv.com\/it\/\"},{\"@type\":\"ListItem\",\"position\":2,\"name\":\"Aviso legale di Ginefiv\"}]},{\"@type\":\"WebSite\",\"@id\":\"https:\/\/www.ginefiv.com\/it\/#website\",\"url\":\"https:\/\/www.ginefiv.com\/it\/\",\"name\":\"Ginefiv Espa\u00f1a\",\"description\":\"Ginefiv, tu cl\u00ednica de reproducci\u00f3n asistida. 35 a\u00f1os de experiencia en inseminaci\u00f3n artificial y fecundaci\u00f3n in vitro\",\"publisher\":{\"@id\":\"https:\/\/www.ginefiv.com\/it\/#organization\"},\"potentialAction\":[{\"@type\":\"SearchAction\",\"target\":{\"@type\":\"EntryPoint\",\"urlTemplate\":\"https:\/\/www.ginefiv.com\/it\/?s={search_term_string}\"},\"query-input\":{\"@type\":\"PropertyValueSpecification\",\"valueRequired\":true,\"valueName\":\"search_term_string\"}}],\"inLanguage\":\"it-IT\"},{\"@type\":\"Organization\",\"@id\":\"https:\/\/www.ginefiv.com\/it\/#organization\",\"name\":\"Ginefiv\",\"url\":\"https:\/\/www.ginefiv.com\/it\/\",\"logo\":{\"@type\":\"ImageObject\",\"inLanguage\":\"it-IT\",\"@id\":\"https:\/\/www.ginefiv.com\/it\/#\/schema\/logo\/image\/\",\"url\":\"https:\/\/www.ginefiv.com\/wp-content\/uploads\/2023\/12\/descarga.png\",\"contentUrl\":\"https:\/\/www.ginefiv.com\/wp-content\/uploads\/2023\/12\/descarga.png\",\"width\":437,\"height\":115,\"caption\":\"Ginefiv\"},\"image\":{\"@id\":\"https:\/\/www.ginefiv.com\/it\/#\/schema\/logo\/image\/\"}}]}<\/script>\n<!-- \/ Yoast SEO plugin. -->","yoast_head_json":{"title":"Aviso legal de la web de Ginefiv | Ginefiv Espa\u00f1a","description":"Aviso legal para los usuarios de la web de Ginefiv: datos identificativos, propiedad intelectual e industrial, exenci\u00f3n de responsabilidades y ley aplicable","robots":{"index":"index","follow":"follow","max-snippet":"max-snippet:-1","max-image-preview":"max-image-preview:large","max-video-preview":"max-video-preview:-1"},"canonical":"https:\/\/www.ginefiv.com\/it\/aviso-legal\/","og_locale":"it_IT","og_type":"article","og_title":"Aviso legal de la web de Ginefiv | Ginefiv Espa\u00f1a","og_description":"Aviso legal para los usuarios de la web de Ginefiv: datos identificativos, propiedad intelectual e industrial, exenci\u00f3n de responsabilidades y ley aplicable","og_url":"https:\/\/www.ginefiv.com\/it\/aviso-legal\/","og_site_name":"Ginefiv Espa\u00f1a","article_modified_time":"2024-09-21T08:57:27+00:00","og_image":[{"width":1024,"height":683,"url":"https:\/\/www.ginefiv.com\/wp-content\/uploads\/2023\/10\/aviso-legal-1024x683.png","type":"image\/png"}],"twitter_card":"summary_large_image","twitter_misc":{"Tempo di lettura stimato":"15 minuti"},"schema":{"@context":"https:\/\/schema.org","@graph":[{"@type":"WebPage","@id":"https:\/\/www.ginefiv.com\/it\/aviso-legal\/","url":"https:\/\/www.ginefiv.com\/it\/aviso-legal\/","name":"Aviso legal de la web de Ginefiv | Ginefiv Espa\u00f1a","isPartOf":{"@id":"https:\/\/www.ginefiv.com\/it\/#website"},"primaryImageOfPage":{"@id":"https:\/\/www.ginefiv.com\/it\/aviso-legal\/#primaryimage"},"image":{"@id":"https:\/\/www.ginefiv.com\/it\/aviso-legal\/#primaryimage"},"thumbnailUrl":"https:\/\/www.ginefiv.com\/wp-content\/uploads\/2023\/10\/aviso-legal.png","datePublished":"2023-10-17T07:41:09+00:00","dateModified":"2024-09-21T08:57:27+00:00","description":"Aviso legal para los usuarios de la web de Ginefiv: datos identificativos, propiedad intelectual e industrial, exenci\u00f3n de responsabilidades y ley aplicable","breadcrumb":{"@id":"https:\/\/www.ginefiv.com\/it\/aviso-legal\/#breadcrumb"},"inLanguage":"it-IT","potentialAction":[{"@type":"ReadAction","target":["https:\/\/www.ginefiv.com\/it\/aviso-legal\/"]}]},{"@type":"ImageObject","inLanguage":"it-IT","@id":"https:\/\/www.ginefiv.com\/it\/aviso-legal\/#primaryimage","url":"https:\/\/www.ginefiv.com\/wp-content\/uploads\/2023\/10\/aviso-legal.png","contentUrl":"https:\/\/www.ginefiv.com\/wp-content\/uploads\/2023\/10\/aviso-legal.png","width":4500,"height":3000},{"@type":"BreadcrumbList","@id":"https:\/\/www.ginefiv.com\/it\/aviso-legal\/#breadcrumb","itemListElement":[{"@type":"ListItem","position":1,"name":"Home","item":"https:\/\/www.ginefiv.com\/it\/"},{"@type":"ListItem","position":2,"name":"Aviso legale di Ginefiv"}]},{"@type":"WebSite","@id":"https:\/\/www.ginefiv.com\/it\/#website","url":"https:\/\/www.ginefiv.com\/it\/","name":"Ginefiv Espa\u00f1a","description":"Ginefiv, tu cl\u00ednica de reproducci\u00f3n asistida. 35 a\u00f1os de experiencia en inseminaci\u00f3n artificial y fecundaci\u00f3n in vitro","publisher":{"@id":"https:\/\/www.ginefiv.com\/it\/#organization"},"potentialAction":[{"@type":"SearchAction","target":{"@type":"EntryPoint","urlTemplate":"https:\/\/www.ginefiv.com\/it\/?s={search_term_string}"},"query-input":{"@type":"PropertyValueSpecification","valueRequired":true,"valueName":"search_term_string"}}],"inLanguage":"it-IT"},{"@type":"Organization","@id":"https:\/\/www.ginefiv.com\/it\/#organization","name":"Ginefiv","url":"https:\/\/www.ginefiv.com\/it\/","logo":{"@type":"ImageObject","inLanguage":"it-IT","@id":"https:\/\/www.ginefiv.com\/it\/#\/schema\/logo\/image\/","url":"https:\/\/www.ginefiv.com\/wp-content\/uploads\/2023\/12\/descarga.png","contentUrl":"https:\/\/www.ginefiv.com\/wp-content\/uploads\/2023\/12\/descarga.png","width":437,"height":115,"caption":"Ginefiv"},"image":{"@id":"https:\/\/www.ginefiv.com\/it\/#\/schema\/logo\/image\/"}}]}},"_links":{"self":[{"href":"https:\/\/www.ginefiv.com\/it\/wp-json\/wp\/v2\/pages\/14471","targetHints":{"allow":["GET"]}}],"collection":[{"href":"https:\/\/www.ginefiv.com\/it\/wp-json\/wp\/v2\/pages"}],"about":[{"href":"https:\/\/www.ginefiv.com\/it\/wp-json\/wp\/v2\/types\/page"}],"author":[{"embeddable":true,"href":"https:\/\/www.ginefiv.com\/it\/wp-json\/wp\/v2\/users\/1"}],"replies":[{"embeddable":true,"href":"https:\/\/www.ginefiv.com\/it\/wp-json\/wp\/v2\/comments?post=14471"}],"version-history":[{"count":0,"href":"https:\/\/www.ginefiv.com\/it\/wp-json\/wp\/v2\/pages\/14471\/revisions"}],"wp:featuredmedia":[{"embeddable":true,"href":"https:\/\/www.ginefiv.com\/it\/wp-json\/wp\/v2\/media\/3515"}],"wp:attachment":[{"href":"https:\/\/www.ginefiv.com\/it\/wp-json\/wp\/v2\/media?parent=14471"}],"curies":[{"name":"wp","href":"https:\/\/api.w.org\/{rel}","templated":true}]}}