











{"id":16130,"date":"2024-01-12T09:22:39","date_gmt":"2024-01-12T09:22:39","guid":{"rendered":"https:\/\/www.ginefiv.com\/?page_id=16130"},"modified":"2024-02-01T16:03:50","modified_gmt":"2024-02-01T16:03:50","slug":"informazione-sul-sistema-di-gestione-della-privacy","status":"publish","type":"page","link":"https:\/\/www.ginefiv.com\/it\/informazione-sul-sistema-di-gestione-della-privacy\/","title":{"rendered":"Informazione sul sistema di gestione della privacy"},"content":{"rendered":"<div class=\"wp-block-cover\" style=\"min-height:50vh;aspect-ratio:unset;\"><span aria-hidden=\"true\" class=\"wp-block-cover__background has-background-dim-40 has-background-dim\"><\/span><img loading=\"lazy\" decoding=\"async\" width=\"4500\" height=\"3000\" class=\"wp-block-cover__image-background wp-image-3515\" alt=\"\" src=\"https:\/\/www.ginefiv.com\/wp-content\/uploads\/2023\/10\/aviso-legal.png\" data-object-fit=\"cover\" srcset=\"https:\/\/www.ginefiv.com\/wp-content\/uploads\/2023\/10\/aviso-legal.png 4500w, https:\/\/www.ginefiv.com\/wp-content\/uploads\/2023\/10\/aviso-legal-300x200.png 300w, https:\/\/www.ginefiv.com\/wp-content\/uploads\/2023\/10\/aviso-legal-1024x683.png 1024w, https:\/\/www.ginefiv.com\/wp-content\/uploads\/2023\/10\/aviso-legal-768x512.png 768w\" sizes=\"auto, (max-width: 4500px) 100vw, 4500px\" \/><div class=\"wp-block-cover__inner-container is-layout-constrained wp-block-cover-is-layout-constrained\"> <div class=\"wp-block-columns is-layout-flex wp-container-core-columns-is-layout-28f84493 wp-block-columns-is-layout-flex\"> <div class=\"wp-block-column is-layout-flow wp-block-column-is-layout-flow\"> <h2 class=\"wp-block-heading\">Informazione sul sistema di gestione della privacy<\/h2> <\/div>    <div class=\"wp-block-column is-layout-flow wp-block-column-is-layout-flow\"><\/div> <\/div> <\/div><\/div>    <div class=\"wp-block-columns is-layout-flex wp-container-core-columns-is-layout-28f84493 wp-block-columns-is-layout-flex\"> <div class=\"wp-block-column is-layout-flow wp-block-column-is-layout-flow\"><div class=\"yoast-breadcrumbs\"><span><span><a href=\"https:\/\/www.ginefiv.com\/it\/\">Home<\/a><\/span> &gt; <span class=\"breadcrumb_last\" aria-current=\"page\">Informazione sul sistema di gestione della privacy<\/span><\/span><\/div>   <p>La Politica del Sistema di Gestione della Privacy di GINEFIV, S.L., si basa sulle norme stabilite dal Regolamento (UE) 2016\/679 del 27 aprile 2016 relativo alla protezione delle persone fisiche con riguardo al trattamento dei dati personali e alla libera circolazione di tali dati (GDPR), sulla legge organica spagnola 3\/2018 del 5 dicembre sulla protezione dei dati personali e la garanzia dei diritti digitali (LOPDGDD), nonch\u00e9 sugli standard internazionali per i sistemi di gestione della sicurezza delle informazioni (ISO 27001) e della privacy (ISO 27701).<\/p>    <p>GINEFIV, S.L., si impegna a proteggere la privacy all&#8217;interno dell&#8217;organizzazione per garantire il diritto alla protezione dei dati di tutte le parti interessate coinvolte nello sviluppo della sua attivit\u00e0.<\/p>    <p>La politica del Sistema di Gestione della Privacy, guidata dalla Direzione, si basa sui seguenti principi:<\/p>    <ol class=\"wp-block-list\"> <li>Fare della privacy un obiettivo fondamentale dell&#8217;Organizzazione, coinvolgendo tutto il personale che si impegna per il suo successo.<\/li>    <li>Assumere un impegno sincero e, a tal fine, pubblicare la Politica del Sistema di Gestione della Privacy e impegnarsi a renderla disponibile a qualsiasi interessato.<\/li>    <li>Trattare i dati personali in modo lecito, leale e trasparente, identificando in modo chiaro e specifico lo scopo per cui sono stati raccolti.<\/li>    <li>Raccogliere i dati personali per finalit\u00e0 specifiche, esplicite e legittime e non trattarli successivamente in modo incompatibile con tali finalit\u00e0.<\/li>    <li>Raccogliere e trattare solo dati personali adeguati, pertinenti e limitati a quanto necessario in relazione alle finalit\u00e0 per cui sono stati ottenuti.<\/li>    <li>Mantenere sempre i dati personali accurati e aggiornati, adottando tutte le misure ragionevoli per garantire che siano cancellati o rettificati senza indugio qualora risultino inesatti in relazione alle finalit\u00e0 per cui sono trattati.<\/li>    <li>Mettere a disposizione degli interessati sistemi di aggiornamento dei propri dati personali.<\/li>    <li>Non conservare le informazioni che identificano gli interessati oltre il tempo necessario per raggiungere le finalit\u00e0 per cui i dati personali sono trattati.<\/li>    <li>Trattare i dati personali in modo da garantirne la sicurezza, compresa la protezione da un trattamento non autorizzato o illegale e dalla perdita, dalla distruzione o dal danneggiamento accidentali, attuando misure tecniche o organizzative adeguate.<\/li>    <li>Richiedere il consenso dell&#8217;interessato ogniqualvolta sia necessario per il trattamento dei suoi dati personali.<\/li>    <li>Trattare i dati sensibili con categorie speciali.<\/li>    <li>Valutare sistematicamente l&#8217;efficacia delle misure adottate per garantire la sicurezza, in modo che la gestione della privacy sia supportata e basata su dati oggettivi al fine di ottenere un miglioramento continuo.<\/li>    <li>Ridurre ed eliminare i rischi derivanti dall&#8217;attivit\u00e0, attraverso un sistema di identificazione e valutazione.<\/li>    <li>Concepire l&#8217;informazione e la formazione continua come base affinch\u00e9 tutto il personale dell&#8217;Organizzazione coinvolto nel trattamento dei dati personali sia coinvolto nella protezione della privacy degli interessati e la concepisca come un diritto fondamentale.<\/li>    <li>Garantire l&#8217;esercizio dei diritti di protezione dei dati personali, assicurando una risposta nei tempi e nelle forme dovute.<\/li> <\/ol> <\/div> <\/div>","protected":false},"excerpt":{"rendered":"<p>La Politica del Sistema di Gestione della Privacy di GINEFIV, S.L., si basa sulle norme stabilite dal Regolamento (UE) 2016\/679&#8230;<\/p>\n","protected":false},"author":1,"featured_media":3515,"parent":0,"menu_order":0,"comment_status":"closed","ping_status":"closed","template":"","meta":{"_acf_changed":false,"footnotes":""},"class_list":["post-16130","page","type-page","status-publish","has-post-thumbnail","hentry"],"acf":[],"yoast_head":"<!-- This site is optimized with the Yoast SEO plugin v27.0 - https:\/\/yoast.com\/product\/yoast-seo-wordpress\/ -->\n<title>Informazione sul sistema di gestione della privacy | Ginefiv Espa\u00f1a<\/title>\n<meta name=\"robots\" content=\"index, follow, max-snippet:-1, max-image-preview:large, max-video-preview:-1\" \/>\n<link rel=\"canonical\" href=\"https:\/\/www.ginefiv.com\/it\/informazione-sul-sistema-di-gestione-della-privacy\/\" \/>\n<meta property=\"og:locale\" content=\"it_IT\" \/>\n<meta property=\"og:type\" content=\"article\" \/>\n<meta property=\"og:title\" content=\"Informazione sul sistema di gestione della privacy | Ginefiv Espa\u00f1a\" \/>\n<meta property=\"og:description\" content=\"La Politica del Sistema di Gestione della Privacy di GINEFIV, S.L., si basa sulle norme stabilite dal Regolamento (UE) 2016\/679...\" \/>\n<meta property=\"og:url\" content=\"https:\/\/www.ginefiv.com\/it\/informazione-sul-sistema-di-gestione-della-privacy\/\" \/>\n<meta property=\"og:site_name\" content=\"Ginefiv Espa\u00f1a\" \/>\n<meta property=\"article:modified_time\" content=\"2024-02-01T16:03:50+00:00\" \/>\n<meta property=\"og:image\" content=\"https:\/\/www.ginefiv.com\/wp-content\/uploads\/2023\/10\/aviso-legal-1024x683.png\" \/>\n\t<meta property=\"og:image:width\" content=\"1024\" \/>\n\t<meta property=\"og:image:height\" content=\"683\" \/>\n\t<meta property=\"og:image:type\" content=\"image\/png\" \/>\n<meta name=\"twitter:card\" content=\"summary_large_image\" \/>\n<meta name=\"twitter:label1\" content=\"Tempo di lettura stimato\" \/>\n\t<meta name=\"twitter:data1\" content=\"3 minuti\" \/>\n<script type=\"application\/ld+json\" class=\"yoast-schema-graph\">{\"@context\":\"https:\/\/schema.org\",\"@graph\":[{\"@type\":\"WebPage\",\"@id\":\"https:\/\/www.ginefiv.com\/it\/informazione-sul-sistema-di-gestione-della-privacy\/\",\"url\":\"https:\/\/www.ginefiv.com\/it\/informazione-sul-sistema-di-gestione-della-privacy\/\",\"name\":\"Informazione sul sistema di gestione della privacy | Ginefiv Espa\u00f1a\",\"isPartOf\":{\"@id\":\"https:\/\/www.ginefiv.com\/it\/#website\"},\"primaryImageOfPage\":{\"@id\":\"https:\/\/www.ginefiv.com\/it\/informazione-sul-sistema-di-gestione-della-privacy\/#primaryimage\"},\"image\":{\"@id\":\"https:\/\/www.ginefiv.com\/it\/informazione-sul-sistema-di-gestione-della-privacy\/#primaryimage\"},\"thumbnailUrl\":\"https:\/\/www.ginefiv.com\/wp-content\/uploads\/2023\/10\/aviso-legal.png\",\"datePublished\":\"2024-01-12T09:22:39+00:00\",\"dateModified\":\"2024-02-01T16:03:50+00:00\",\"breadcrumb\":{\"@id\":\"https:\/\/www.ginefiv.com\/it\/informazione-sul-sistema-di-gestione-della-privacy\/#breadcrumb\"},\"inLanguage\":\"it-IT\",\"potentialAction\":[{\"@type\":\"ReadAction\",\"target\":[\"https:\/\/www.ginefiv.com\/it\/informazione-sul-sistema-di-gestione-della-privacy\/\"]}]},{\"@type\":\"ImageObject\",\"inLanguage\":\"it-IT\",\"@id\":\"https:\/\/www.ginefiv.com\/it\/informazione-sul-sistema-di-gestione-della-privacy\/#primaryimage\",\"url\":\"https:\/\/www.ginefiv.com\/wp-content\/uploads\/2023\/10\/aviso-legal.png\",\"contentUrl\":\"https:\/\/www.ginefiv.com\/wp-content\/uploads\/2023\/10\/aviso-legal.png\",\"width\":4500,\"height\":3000},{\"@type\":\"BreadcrumbList\",\"@id\":\"https:\/\/www.ginefiv.com\/it\/informazione-sul-sistema-di-gestione-della-privacy\/#breadcrumb\",\"itemListElement\":[{\"@type\":\"ListItem\",\"position\":1,\"name\":\"Home\",\"item\":\"https:\/\/www.ginefiv.com\/it\/\"},{\"@type\":\"ListItem\",\"position\":2,\"name\":\"Informazione sul sistema di gestione della privacy\"}]},{\"@type\":\"WebSite\",\"@id\":\"https:\/\/www.ginefiv.com\/it\/#website\",\"url\":\"https:\/\/www.ginefiv.com\/it\/\",\"name\":\"Ginefiv Espa\u00f1a\",\"description\":\"Ginefiv, tu cl\u00ednica de reproducci\u00f3n asistida. 35 a\u00f1os de experiencia en inseminaci\u00f3n artificial y fecundaci\u00f3n in vitro\",\"publisher\":{\"@id\":\"https:\/\/www.ginefiv.com\/it\/#organization\"},\"potentialAction\":[{\"@type\":\"SearchAction\",\"target\":{\"@type\":\"EntryPoint\",\"urlTemplate\":\"https:\/\/www.ginefiv.com\/it\/?s={search_term_string}\"},\"query-input\":{\"@type\":\"PropertyValueSpecification\",\"valueRequired\":true,\"valueName\":\"search_term_string\"}}],\"inLanguage\":\"it-IT\"},{\"@type\":\"Organization\",\"@id\":\"https:\/\/www.ginefiv.com\/it\/#organization\",\"name\":\"Ginefiv\",\"url\":\"https:\/\/www.ginefiv.com\/it\/\",\"logo\":{\"@type\":\"ImageObject\",\"inLanguage\":\"it-IT\",\"@id\":\"https:\/\/www.ginefiv.com\/it\/#\/schema\/logo\/image\/\",\"url\":\"https:\/\/www.ginefiv.com\/wp-content\/uploads\/2023\/12\/descarga.png\",\"contentUrl\":\"https:\/\/www.ginefiv.com\/wp-content\/uploads\/2023\/12\/descarga.png\",\"width\":437,\"height\":115,\"caption\":\"Ginefiv\"},\"image\":{\"@id\":\"https:\/\/www.ginefiv.com\/it\/#\/schema\/logo\/image\/\"}}]}<\/script>\n<!-- \/ Yoast SEO plugin. -->","yoast_head_json":{"title":"Informazione sul sistema di gestione della privacy | Ginefiv Espa\u00f1a","robots":{"index":"index","follow":"follow","max-snippet":"max-snippet:-1","max-image-preview":"max-image-preview:large","max-video-preview":"max-video-preview:-1"},"canonical":"https:\/\/www.ginefiv.com\/it\/informazione-sul-sistema-di-gestione-della-privacy\/","og_locale":"it_IT","og_type":"article","og_title":"Informazione sul sistema di gestione della privacy | Ginefiv Espa\u00f1a","og_description":"La Politica del Sistema di Gestione della Privacy di GINEFIV, S.L., si basa sulle norme stabilite dal Regolamento (UE) 2016\/679...","og_url":"https:\/\/www.ginefiv.com\/it\/informazione-sul-sistema-di-gestione-della-privacy\/","og_site_name":"Ginefiv Espa\u00f1a","article_modified_time":"2024-02-01T16:03:50+00:00","og_image":[{"width":1024,"height":683,"url":"https:\/\/www.ginefiv.com\/wp-content\/uploads\/2023\/10\/aviso-legal-1024x683.png","type":"image\/png"}],"twitter_card":"summary_large_image","twitter_misc":{"Tempo di lettura stimato":"3 minuti"},"schema":{"@context":"https:\/\/schema.org","@graph":[{"@type":"WebPage","@id":"https:\/\/www.ginefiv.com\/it\/informazione-sul-sistema-di-gestione-della-privacy\/","url":"https:\/\/www.ginefiv.com\/it\/informazione-sul-sistema-di-gestione-della-privacy\/","name":"Informazione sul sistema di gestione della privacy | Ginefiv Espa\u00f1a","isPartOf":{"@id":"https:\/\/www.ginefiv.com\/it\/#website"},"primaryImageOfPage":{"@id":"https:\/\/www.ginefiv.com\/it\/informazione-sul-sistema-di-gestione-della-privacy\/#primaryimage"},"image":{"@id":"https:\/\/www.ginefiv.com\/it\/informazione-sul-sistema-di-gestione-della-privacy\/#primaryimage"},"thumbnailUrl":"https:\/\/www.ginefiv.com\/wp-content\/uploads\/2023\/10\/aviso-legal.png","datePublished":"2024-01-12T09:22:39+00:00","dateModified":"2024-02-01T16:03:50+00:00","breadcrumb":{"@id":"https:\/\/www.ginefiv.com\/it\/informazione-sul-sistema-di-gestione-della-privacy\/#breadcrumb"},"inLanguage":"it-IT","potentialAction":[{"@type":"ReadAction","target":["https:\/\/www.ginefiv.com\/it\/informazione-sul-sistema-di-gestione-della-privacy\/"]}]},{"@type":"ImageObject","inLanguage":"it-IT","@id":"https:\/\/www.ginefiv.com\/it\/informazione-sul-sistema-di-gestione-della-privacy\/#primaryimage","url":"https:\/\/www.ginefiv.com\/wp-content\/uploads\/2023\/10\/aviso-legal.png","contentUrl":"https:\/\/www.ginefiv.com\/wp-content\/uploads\/2023\/10\/aviso-legal.png","width":4500,"height":3000},{"@type":"BreadcrumbList","@id":"https:\/\/www.ginefiv.com\/it\/informazione-sul-sistema-di-gestione-della-privacy\/#breadcrumb","itemListElement":[{"@type":"ListItem","position":1,"name":"Home","item":"https:\/\/www.ginefiv.com\/it\/"},{"@type":"ListItem","position":2,"name":"Informazione sul sistema di gestione della privacy"}]},{"@type":"WebSite","@id":"https:\/\/www.ginefiv.com\/it\/#website","url":"https:\/\/www.ginefiv.com\/it\/","name":"Ginefiv Espa\u00f1a","description":"Ginefiv, tu cl\u00ednica de reproducci\u00f3n asistida. 35 a\u00f1os de experiencia en inseminaci\u00f3n artificial y fecundaci\u00f3n in vitro","publisher":{"@id":"https:\/\/www.ginefiv.com\/it\/#organization"},"potentialAction":[{"@type":"SearchAction","target":{"@type":"EntryPoint","urlTemplate":"https:\/\/www.ginefiv.com\/it\/?s={search_term_string}"},"query-input":{"@type":"PropertyValueSpecification","valueRequired":true,"valueName":"search_term_string"}}],"inLanguage":"it-IT"},{"@type":"Organization","@id":"https:\/\/www.ginefiv.com\/it\/#organization","name":"Ginefiv","url":"https:\/\/www.ginefiv.com\/it\/","logo":{"@type":"ImageObject","inLanguage":"it-IT","@id":"https:\/\/www.ginefiv.com\/it\/#\/schema\/logo\/image\/","url":"https:\/\/www.ginefiv.com\/wp-content\/uploads\/2023\/12\/descarga.png","contentUrl":"https:\/\/www.ginefiv.com\/wp-content\/uploads\/2023\/12\/descarga.png","width":437,"height":115,"caption":"Ginefiv"},"image":{"@id":"https:\/\/www.ginefiv.com\/it\/#\/schema\/logo\/image\/"}}]}},"_links":{"self":[{"href":"https:\/\/www.ginefiv.com\/it\/wp-json\/wp\/v2\/pages\/16130","targetHints":{"allow":["GET"]}}],"collection":[{"href":"https:\/\/www.ginefiv.com\/it\/wp-json\/wp\/v2\/pages"}],"about":[{"href":"https:\/\/www.ginefiv.com\/it\/wp-json\/wp\/v2\/types\/page"}],"author":[{"embeddable":true,"href":"https:\/\/www.ginefiv.com\/it\/wp-json\/wp\/v2\/users\/1"}],"replies":[{"embeddable":true,"href":"https:\/\/www.ginefiv.com\/it\/wp-json\/wp\/v2\/comments?post=16130"}],"version-history":[{"count":0,"href":"https:\/\/www.ginefiv.com\/it\/wp-json\/wp\/v2\/pages\/16130\/revisions"}],"wp:featuredmedia":[{"embeddable":true,"href":"https:\/\/www.ginefiv.com\/it\/wp-json\/wp\/v2\/media\/3515"}],"wp:attachment":[{"href":"https:\/\/www.ginefiv.com\/it\/wp-json\/wp\/v2\/media?parent=16130"}],"curies":[{"name":"wp","href":"https:\/\/api.w.org\/{rel}","templated":true}]}}