











{"id":18989,"date":"2024-02-27T14:58:46","date_gmt":"2024-02-27T14:58:46","guid":{"rendered":"https:\/\/www.ginefiv.com\/?page_id=18989"},"modified":"2024-09-22T09:13:52","modified_gmt":"2024-09-22T09:13:52","slug":"barcellona","status":"publish","type":"page","link":"https:\/\/www.ginefiv.com\/it\/cliniche\/barcellona\/","title":{"rendered":"Barcellona"},"content":{"rendered":"<div class=\"wp-block-cover\" style=\"min-height:80vh;aspect-ratio:unset;\"><span aria-hidden=\"true\" class=\"wp-block-cover__background has-background-dim\"><\/span><img loading=\"lazy\" decoding=\"async\" width=\"1919\" height=\"1079\" class=\"wp-block-cover__image-background wp-image-2083\" alt=\"\" src=\"https:\/\/www.ginefiv.com\/wp-content\/uploads\/2023\/09\/clinica_bcn.webp\" data-object-fit=\"cover\" srcset=\"https:\/\/www.ginefiv.com\/wp-content\/uploads\/2023\/09\/clinica_bcn.webp 1919w, https:\/\/www.ginefiv.com\/wp-content\/uploads\/2023\/09\/clinica_bcn-300x169.webp 300w, https:\/\/www.ginefiv.com\/wp-content\/uploads\/2023\/09\/clinica_bcn-1024x576.webp 1024w, https:\/\/www.ginefiv.com\/wp-content\/uploads\/2023\/09\/clinica_bcn-768x432.webp 768w\" sizes=\"auto, (max-width: 1919px) 100vw, 1919px\" \/><div class=\"wp-block-cover__inner-container is-layout-constrained wp-block-cover-is-layout-constrained\"> <div class=\"wp-block-columns is-layout-flex wp-container-core-columns-is-layout-28f84493 wp-block-columns-is-layout-flex\"> <div class=\"wp-block-column is-layout-flow wp-block-column-is-layout-flow\"> <h1 class=\"wp-block-heading\">La nostra clinica di fertilit\u00e0 a<br>Barcellona<\/h1> <\/div>    <div class=\"wp-block-column is-layout-flow wp-block-column-is-layout-flow\"><\/div> <\/div> <\/div><\/div>    <section class=\"wp-block-breadcrumbs\">   <div class=\"content-wrapper\">     <ul>                   <li>               <a href=\"https:\/\/www.ginefiv.com\/it\/\" title=\"Ginefiv Espa\u00f1a\">                 Ginefiv              <\/a>             <\/li>                         <li>               <span class=\"current\" title=\"Barcellona\">                 Barcellona              <\/span>             <\/li>                 <\/ul>   <\/div> <\/section>    <div class=\"wp-block-columns is-layout-flex wp-container-core-columns-is-layout-28f84493 wp-block-columns-is-layout-flex\"> <div class=\"wp-block-column is-layout-flow wp-block-column-is-layout-flow\"> <h2 class=\"wp-block-heading\">La nostra clinica di fertilit\u00e0 a<br>Barcellona<\/h2> <\/div> <\/div>    <div class=\"wp-block-columns is-layout-flex wp-container-core-columns-is-layout-28f84493 wp-block-columns-is-layout-flex\"> <div class=\"wp-block-column is-layout-flow wp-block-column-is-layout-flow\"> <p>Il nostro nuovo centro di Ginefiv a Barcellona mette al tua disposizione 1.100 m2 di comfort e design nel centro di Barcellona. Grazie agli ultimi progressi tecnologici nella riproduzione assistita ed un\u2019esperienza di pi\u00f9 di 30 anni nelle cure dell\u2019infertilit\u00e0, la clinica Ginefiv di Barcellona \u00e8 stata disegnata fino all\u2019ultimo dettaglio con una doppia finalit\u00e0:<\/p>    <p>Far s\u00ec che i nostri pazienti si sentano comodi e ben accolti durante la loro visita al centro<\/p>    <p>Far s\u00ec che la nostra equipe realizzi la propria attivit\u00e0 assistenziale usando le massime garanzie di qualit\u00e0 e sicurezza<\/p> <\/div>    <div class=\"wp-block-column is-layout-flow wp-block-column-is-layout-flow\"> <p>Le installazioni di Ginefiv Barcellona sono all\u2019avanguardia nella riproduzione assistita per garantire il maggior successo in ognuno dei processi richiesti nei trattamenti di inseminazione artificiale, fecondazione in vitro, ovodonazione e conservazione della fertilit\u00e0.<\/p>    <p><a href=\"https:\/\/www.ginefiv.com\/it\/riproduzione-assistita\/inseminazione-artificiale\/\">Inseminazione artificiale a Barcellona<\/a><\/p>    <p><a href=\"https:\/\/www.ginefiv.com\/it\/riproduzione-assistita\/fecondazione-in-vitro\/\">Fecondazione in vitro a Barcellona<\/a><\/p> <\/div> <\/div>    <section class=\"content-wrapper content-location\">    <div class=\"block-columns pb-4\">          <div class=\"wp-block-column\">       <h3 class=\"wp-block-heading\">         Barcelona      <\/h3>     <\/div>    <\/div>    <div class=\"wp-block-columns content-location--grid\">      <div class=\"wp-block-column\">       <div class=\"flex-location-item\">         <div class=\"flex-location-item--icon\">           <img decoding=\"async\" src=\"https:\/\/www.ginefiv.com\/wp-content\/themes\/wac-theme\/assets\/images\/icons\/clinic_address.webp\" alt=\"Address image\">         <\/div>         <div class=\"flex-location-item--desc\">           <p class=\"pb-2\"><strong>Indirizzo<\/strong><\/p>           Gran V\u00eda de Les Corts Catalanes, 456 \u2013 08015 Barcelona        <\/div>       <\/div>        <div class=\"flex-location-item\">       <div class=\"flex-location-item--icon\">           <img decoding=\"async\" src=\"https:\/\/www.ginefiv.com\/wp-content\/themes\/wac-theme\/assets\/images\/icons\/clinic_schedule.webp\" alt=\"Schedule image\">         <\/div>         <div class=\"flex-location-item--desc\">           <p class=\"pb-2\"><strong>Orario<\/strong><\/p>                       <p class=\"pb-0\">               <strong>Dal luned\u00ec al venerd\u00ec<\/strong>:               dalle 09:00h alle 19:30h            <\/p>                   <\/div>       <\/div>        <div class=\"flex-location-item\">         <div class=\"flex-location-item--icon\">           <img decoding=\"async\" src=\"https:\/\/www.ginefiv.com\/wp-content\/themes\/wac-theme\/assets\/images\/icons\/clinic_phone.webp\" alt=\"Contact image\">         <\/div>         <div class=\"flex-location-item--desc\">           <p class=\"pb-2\"><strong>Telefono<\/strong><\/p>                       <p class=\"pb-0\">               <strong>Orario di apertura dal luned\u00ec al venerd\u00ec dalle 9:00h alle 21:00h<\/strong>               <br>               (+34) 917 888 088              <br><br>             <\/p>                   <\/div>       <\/div>      <\/div>      <div class=\"wp-block-column\">       <iframe src=\"https:\/\/www.google.com\/maps\/embed?pb=!1m18!1m12!1m3!1d2993.781357392319!2d2.1523738765658007!3d41.37883479652481!2m3!1f0!2f0!3f0!3m2!1i1024!2i768!4f13.1!3m3!1m2!1s0x12a4a3ec97e0d613%3A0xb00c48b33152ca3d!2sCl%C3%ADnica%20Ginefiv%20Barcelona%20-%20Cl%C3%ADnica%20de%20Reproducci%C3%B3n%20Asistida%20(Fertilidad%3A%20Fecunfaci%C3%B3n%20in%20vitro%2C%20Inseminaci%C3%B3n%20Artificial)!5e0!3m2!1sit!2sit!4v1717509387199!5m2!1sit!2sit\" width=\"600\" height=\"450\" allowfullscreen=\"\" loading=\"lazy\" referrerpolicy=\"no-referrer-when-downgrade\"><\/iframe>    <\/div>    <\/div>  <\/section>   <div class=\"wp-block-columns alignfull has-pale-peach-background-color has-background is-layout-flex wp-container-core-columns-is-layout-28f84493 wp-block-columns-is-layout-flex\"> <div class=\"wp-block-column is-layout-flow wp-block-column-is-layout-flow\"> <div class=\"wp-block-columns is-layout-flex wp-container-core-columns-is-layout-28f84493 wp-block-columns-is-layout-flex\"> <div class=\"wp-block-column is-layout-flow wp-block-column-is-layout-flow\"> <h2 class=\"wp-block-heading\">Richiedi il tuo appuntamento<\/h2>    <div class=\"wpcf7 no-js\" id=\"wpcf7-f8608-o1\" lang=\"it-IT\" dir=\"ltr\" data-wpcf7-id=\"8608\"> <div class=\"screen-reader-response\"><p role=\"status\" aria-live=\"polite\" aria-atomic=\"true\"><\/p> <ul><\/ul><\/div> <form action=\"\/it\/wp-json\/wp\/v2\/pages\/18989#wpcf7-f8608-o1\" method=\"post\" class=\"wpcf7-form init\" aria-label=\"Modulo di contatto\" novalidate=\"novalidate\" data-status=\"init\"> <fieldset class=\"hidden-fields-container\"><input type=\"hidden\" name=\"_wpcf7\" value=\"8608\" \/><input type=\"hidden\" name=\"_wpcf7_version\" value=\"6.1.5\" \/><input type=\"hidden\" name=\"_wpcf7_locale\" value=\"it_IT\" \/><input type=\"hidden\" name=\"_wpcf7_unit_tag\" value=\"wpcf7-f8608-o1\" \/><input type=\"hidden\" name=\"_wpcf7_container_post\" value=\"0\" \/><input type=\"hidden\" name=\"_wpcf7_posted_data_hash\" value=\"\" \/><input type=\"hidden\" name=\"_wpcf7_recaptcha_response\" value=\"\" \/> <\/fieldset> <div class=\"row\">   <div class=\"col-6\">     <label class=\"w-100\"> Nome <span class=\"form-required-decorator\">*<\/span>     <span class=\"wpcf7-form-control-wrap\" data-name=\"firstname\"><input size=\"40\" maxlength=\"400\" class=\"wpcf7-form-control wpcf7-text wpcf7-validates-as-required\" aria-required=\"true\" aria-invalid=\"false\" value=\"\" type=\"text\" name=\"firstname\" \/><\/span> <\/label>   <\/div>    <div class=\"col-6\">     <label class=\"w-100\"> Cognome <span class=\"form-required-decorator\">*<\/span>     <span class=\"wpcf7-form-control-wrap\" data-name=\"apellidos\"><input size=\"40\" maxlength=\"400\" class=\"wpcf7-form-control wpcf7-text wpcf7-validates-as-required\" aria-required=\"true\" aria-invalid=\"false\" value=\"\" type=\"text\" name=\"apellidos\" \/><\/span> <\/label>   <\/div> <\/div>  <div class=\"row\">   <div class=\"col-12\">     <label class=\"w-100\"> Scegli la tua clinica <span class=\"form-required-decorator\">*<\/span>     <select name=\"elige_tu_clinica\" class=\"wpcf7-validates-as-required\" id=\"elige_tu_clinica\" aria-required=\"true\" required=\"required\" aria-invalid=\"false\"> <option value=\"Zurbano-Mtnez\">Madrid (Zurbano-Mtnez. Campos)<\/option><option value=\"Barcelona\">Barcelona<\/option> <\/select> <\/label>   <\/div> <\/div>  <div class=\"row\">   <div class=\"col-6\">     <label class=\"w-100\"> Telefono <span class=\"form-required-decorator\">*<\/span>     <span class=\"wpcf7-form-control-wrap\" data-name=\"phone\"><input size=\"40\" maxlength=\"400\" class=\"wpcf7-form-control wpcf7-tel wpcf7-validates-as-required wpcf7-text wpcf7-validates-as-tel\" aria-required=\"true\" aria-invalid=\"false\" value=\"\" type=\"tel\" name=\"phone\" \/><\/span> <\/label>   <\/div>    <div class=\"col-6\">     <label> Contatta per <\/label>     <span class=\"wpcf7-form-control-wrap\" data-name=\"contactarme_por__form_contacto_\"><span class=\"wpcf7-form-control wpcf7-radio radio-list-container\"><span class=\"wpcf7-list-item first\"><label><input type=\"radio\" name=\"contactarme_por__form_contacto_\" value=\"Telefono\" checked=\"checked\" \/><span class=\"wpcf7-list-item-label\">Telefono<\/span><\/label><\/span><span class=\"wpcf7-list-item last\"><label><input type=\"radio\" name=\"contactarme_por__form_contacto_\" value=\"Email\" \/><span class=\"wpcf7-list-item-label\">Email<\/span><\/label><\/span><\/span><\/span>   <\/div> <\/div>  <div class=\"row\">   <div class=\"col-12\">     <label class=\"w-100\"> e-mail <span class=\"form-required-decorator\">*<\/span>     <span class=\"wpcf7-form-control-wrap\" data-name=\"email\"><input size=\"40\" maxlength=\"400\" class=\"wpcf7-form-control wpcf7-email wpcf7-validates-as-required wpcf7-text wpcf7-validates-as-email\" autocomplete=\"email\" aria-required=\"true\" aria-invalid=\"false\" value=\"\" type=\"email\" name=\"email\" \/><\/span> <\/label>   <\/div> <\/div>  <div class=\"row\">   <div class=\"col-12\">     <label class=\"w-100\"> Et\u00e0 <span class=\"form-required-decorator\">*<\/span>     <span class=\"wpcf7-form-control-wrap\" data-name=\"edad\"><input class=\"wpcf7-form-control wpcf7-number wpcf7-validates-as-required wpcf7-validates-as-number\" aria-required=\"true\" aria-invalid=\"false\" value=\"\" type=\"number\" name=\"edad\" \/><\/span> <\/label>   <\/div> <\/div>  <div class=\"row\">   <div class=\"col-12\">     <label class=\"w-100\"> Indicaci dove possiamo localizzarti     <span class=\"wpcf7-form-control-wrap\" data-name=\"group_contacto_horario\"><input size=\"40\" maxlength=\"400\" class=\"wpcf7-form-control wpcf7-text col-12\" aria-invalid=\"false\" value=\"\" type=\"text\" name=\"group_contacto_horario\" \/><\/span> <\/label>   <\/div> <\/div>  <div class=\"row\">   <div class=\"col-12\">     <label class=\"w-100\"> Il tuo messaggio     <span class=\"wpcf7-form-control-wrap\" data-name=\"observaciones\"><textarea cols=\"40\" rows=\"10\" maxlength=\"2000\" class=\"wpcf7-form-control wpcf7-textarea col-12\" aria-invalid=\"false\" name=\"observaciones\"><\/textarea><\/span> <\/label>   <\/div> <\/div>  <div class=\"row\">   <div class=\"col-12\">     <div class=\"acceptance-container\">       <span class=\"wpcf7-form-control-wrap\" data-name=\"legal_consent\"><span class=\"wpcf7-form-control wpcf7-acceptance\"><span class=\"wpcf7-list-item\"><input type=\"checkbox\" name=\"legal_consent\" value=\"1\" class=\"acceptance-container__shortcode\" aria-invalid=\"false\" \/><\/span><\/span><\/span>       <label class=\"acceptance-label\">Ho letto e accetto informativa\u00a0sulla <a href=\"https:\/\/www.ginefiv.com\/it\/protezione-dei-dati\/\" target=\"_blank\">privacy<\/a>\u00a0e <a href=\"https:\/\/www.ginefiv.com\/it\/aviso-legal\/\" target=\"_blank\">note legali<\/a><span class=\"form-required-decorator\">*<\/span><\/label>     <\/div>   <\/div>    <div class=\"col-12\">     <label> Facendo clic su Invia, accetti che Ginefiv memorizzer\u00e0 ed elaborer\u00e0 le informazioni personali fornite sopra per fornirti il \u200b\u200bcontenuto richiesto.<\/label>   <\/div> <\/div>  <input class=\"wpcf7-form-control wpcf7-hidden\" id=\"form-name\" value=\"appointment_it\" type=\"hidden\" name=\"form-name\" \/>   <input type=\"hidden\" name=\"tipoVozitel\" value=\"Formulario web Pide cita (IT)\" \/>  <input type=\"hidden\" name=\"utm_campaign\" value=\"\" \/>   <input type=\"hidden\" name=\"utm_source\" value=\"\" \/>   <input type=\"hidden\" name=\"utm_medium\" value=\"\" \/>   <input type=\"hidden\" name=\"utm_term\" value=\"\" \/>   <input type=\"hidden\" name=\"utm_content\" value=\"\" \/>   <input type=\"hidden\" name=\"gclid\" value=\"\" \/>  <input class=\"wpcf7-form-control wpcf7-submit has-spinner\" type=\"submit\" value=\"Spedire\" \/><div class=\"wpcf7-response-output\" aria-hidden=\"true\"><\/div> <\/form> <\/div>  <\/div> <\/div> <\/div> <\/div>","protected":false},"excerpt":{"rendered":"<p>La nostra clinica di fertilit\u00e0 aBarcellona Il nostro nuovo centro di Ginefiv a Barcellona mette al tua disposizione 1.100 m2&#8230;<\/p>\n","protected":false},"author":1,"featured_media":0,"parent":8357,"menu_order":0,"comment_status":"closed","ping_status":"closed","template":"","meta":{"_acf_changed":false,"footnotes":""},"class_list":["post-18989","page","type-page","status-publish","hentry"],"acf":[],"yoast_head":"<!-- This site is optimized with the Yoast SEO plugin v27.0 - https:\/\/yoast.com\/product\/yoast-seo-wordpress\/ -->\n<title>La nostra clinica di fertilit\u00e0 a Barcellona | Ginefiv Espa\u00f1a<\/title>\n<meta name=\"description\" content=\"Nuestro nuevo centro Ginefiv en Barcelona pone a tu servicio 1.100 m2 de confort y dise\u00f1o, con los \u00faltimos avances tecnol\u00f3gicos en reproducci\u00f3n asistida.\" \/>\n<meta name=\"robots\" content=\"index, follow, max-snippet:-1, max-image-preview:large, max-video-preview:-1\" \/>\n<link rel=\"canonical\" href=\"https:\/\/www.ginefiv.com\/it\/cliniche\/barcellona\/\" \/>\n<meta property=\"og:locale\" content=\"it_IT\" \/>\n<meta property=\"og:type\" content=\"article\" \/>\n<meta property=\"og:title\" content=\"La nostra clinica di fertilit\u00e0 a Barcellona | Ginefiv Espa\u00f1a\" \/>\n<meta property=\"og:description\" content=\"Nuestro nuevo centro Ginefiv en Barcelona pone a tu servicio 1.100 m2 de confort y dise\u00f1o, con los \u00faltimos avances tecnol\u00f3gicos en reproducci\u00f3n asistida.\" \/>\n<meta property=\"og:url\" content=\"https:\/\/www.ginefiv.com\/it\/cliniche\/barcellona\/\" \/>\n<meta property=\"og:site_name\" content=\"Ginefiv Espa\u00f1a\" \/>\n<meta property=\"article:modified_time\" content=\"2024-09-22T09:13:52+00:00\" \/>\n<meta property=\"og:image\" content=\"https:\/\/www.ginefiv.com\/wp-content\/uploads\/2023\/09\/clinica_bcn.webp\" \/>\n<meta name=\"twitter:card\" content=\"summary_large_image\" \/>\n<meta name=\"twitter:label1\" content=\"Tempo di lettura stimato\" \/>\n\t<meta name=\"twitter:data1\" content=\"1 minuto\" \/>\n<script type=\"application\/ld+json\" class=\"yoast-schema-graph\">{\"@context\":\"https:\/\/schema.org\",\"@graph\":[{\"@type\":\"WebPage\",\"@id\":\"https:\/\/www.ginefiv.com\/it\/cliniche\/barcellona\/\",\"url\":\"https:\/\/www.ginefiv.com\/it\/cliniche\/barcellona\/\",\"name\":\"La nostra clinica di fertilit\u00e0 a Barcellona | Ginefiv Espa\u00f1a\",\"isPartOf\":{\"@id\":\"https:\/\/www.ginefiv.com\/it\/#website\"},\"primaryImageOfPage\":{\"@id\":\"https:\/\/www.ginefiv.com\/it\/cliniche\/barcellona\/#primaryimage\"},\"image\":{\"@id\":\"https:\/\/www.ginefiv.com\/it\/cliniche\/barcellona\/#primaryimage\"},\"thumbnailUrl\":\"https:\/\/www.ginefiv.com\/wp-content\/uploads\/2023\/09\/clinica_bcn.webp\",\"datePublished\":\"2024-02-27T14:58:46+00:00\",\"dateModified\":\"2024-09-22T09:13:52+00:00\",\"description\":\"Nuestro nuevo centro Ginefiv en Barcelona pone a tu servicio 1.100 m2 de confort y dise\u00f1o, con los \u00faltimos avances tecnol\u00f3gicos en reproducci\u00f3n asistida.\",\"breadcrumb\":{\"@id\":\"https:\/\/www.ginefiv.com\/it\/cliniche\/barcellona\/#breadcrumb\"},\"inLanguage\":\"it-IT\",\"potentialAction\":[{\"@type\":\"ReadAction\",\"target\":[\"https:\/\/www.ginefiv.com\/it\/cliniche\/barcellona\/\"]}]},{\"@type\":\"ImageObject\",\"inLanguage\":\"it-IT\",\"@id\":\"https:\/\/www.ginefiv.com\/it\/cliniche\/barcellona\/#primaryimage\",\"url\":\"https:\/\/www.ginefiv.com\/wp-content\/uploads\/2023\/09\/clinica_bcn.webp\",\"contentUrl\":\"https:\/\/www.ginefiv.com\/wp-content\/uploads\/2023\/09\/clinica_bcn.webp\"},{\"@type\":\"BreadcrumbList\",\"@id\":\"https:\/\/www.ginefiv.com\/it\/cliniche\/barcellona\/#breadcrumb\",\"itemListElement\":[{\"@type\":\"ListItem\",\"position\":1,\"name\":\"Home\",\"item\":\"https:\/\/www.ginefiv.com\/it\/\"},{\"@type\":\"ListItem\",\"position\":2,\"name\":\"Cliniche di riproduzione assistita Ginefiv\",\"item\":\"https:\/\/www.ginefiv.com\/it\/cliniche\/\"},{\"@type\":\"ListItem\",\"position\":3,\"name\":\"Barcellona\"}]},{\"@type\":\"WebSite\",\"@id\":\"https:\/\/www.ginefiv.com\/it\/#website\",\"url\":\"https:\/\/www.ginefiv.com\/it\/\",\"name\":\"Ginefiv Espa\u00f1a\",\"description\":\"Ginefiv, tu cl\u00ednica de reproducci\u00f3n asistida. 35 a\u00f1os de experiencia en inseminaci\u00f3n artificial y fecundaci\u00f3n in vitro\",\"publisher\":{\"@id\":\"https:\/\/www.ginefiv.com\/it\/#organization\"},\"potentialAction\":[{\"@type\":\"SearchAction\",\"target\":{\"@type\":\"EntryPoint\",\"urlTemplate\":\"https:\/\/www.ginefiv.com\/it\/?s={search_term_string}\"},\"query-input\":{\"@type\":\"PropertyValueSpecification\",\"valueRequired\":true,\"valueName\":\"search_term_string\"}}],\"inLanguage\":\"it-IT\"},{\"@type\":\"Organization\",\"@id\":\"https:\/\/www.ginefiv.com\/it\/#organization\",\"name\":\"Ginefiv\",\"url\":\"https:\/\/www.ginefiv.com\/it\/\",\"logo\":{\"@type\":\"ImageObject\",\"inLanguage\":\"it-IT\",\"@id\":\"https:\/\/www.ginefiv.com\/it\/#\/schema\/logo\/image\/\",\"url\":\"https:\/\/www.ginefiv.com\/wp-content\/uploads\/2023\/12\/descarga.png\",\"contentUrl\":\"https:\/\/www.ginefiv.com\/wp-content\/uploads\/2023\/12\/descarga.png\",\"width\":437,\"height\":115,\"caption\":\"Ginefiv\"},\"image\":{\"@id\":\"https:\/\/www.ginefiv.com\/it\/#\/schema\/logo\/image\/\"}}]}<\/script>\n<!-- \/ Yoast SEO plugin. -->","yoast_head_json":{"title":"La nostra clinica di fertilit\u00e0 a Barcellona | Ginefiv Espa\u00f1a","description":"Nuestro nuevo centro Ginefiv en Barcelona pone a tu servicio 1.100 m2 de confort y dise\u00f1o, con los \u00faltimos avances tecnol\u00f3gicos en reproducci\u00f3n asistida.","robots":{"index":"index","follow":"follow","max-snippet":"max-snippet:-1","max-image-preview":"max-image-preview:large","max-video-preview":"max-video-preview:-1"},"canonical":"https:\/\/www.ginefiv.com\/it\/cliniche\/barcellona\/","og_locale":"it_IT","og_type":"article","og_title":"La nostra clinica di fertilit\u00e0 a Barcellona | Ginefiv Espa\u00f1a","og_description":"Nuestro nuevo centro Ginefiv en Barcelona pone a tu servicio 1.100 m2 de confort y dise\u00f1o, con los \u00faltimos avances tecnol\u00f3gicos en reproducci\u00f3n asistida.","og_url":"https:\/\/www.ginefiv.com\/it\/cliniche\/barcellona\/","og_site_name":"Ginefiv Espa\u00f1a","article_modified_time":"2024-09-22T09:13:52+00:00","og_image":[{"url":"https:\/\/www.ginefiv.com\/wp-content\/uploads\/2023\/09\/clinica_bcn.webp","type":"","width":"","height":""}],"twitter_card":"summary_large_image","twitter_misc":{"Tempo di lettura stimato":"1 minuto"},"schema":{"@context":"https:\/\/schema.org","@graph":[{"@type":"WebPage","@id":"https:\/\/www.ginefiv.com\/it\/cliniche\/barcellona\/","url":"https:\/\/www.ginefiv.com\/it\/cliniche\/barcellona\/","name":"La nostra clinica di fertilit\u00e0 a Barcellona | Ginefiv Espa\u00f1a","isPartOf":{"@id":"https:\/\/www.ginefiv.com\/it\/#website"},"primaryImageOfPage":{"@id":"https:\/\/www.ginefiv.com\/it\/cliniche\/barcellona\/#primaryimage"},"image":{"@id":"https:\/\/www.ginefiv.com\/it\/cliniche\/barcellona\/#primaryimage"},"thumbnailUrl":"https:\/\/www.ginefiv.com\/wp-content\/uploads\/2023\/09\/clinica_bcn.webp","datePublished":"2024-02-27T14:58:46+00:00","dateModified":"2024-09-22T09:13:52+00:00","description":"Nuestro nuevo centro Ginefiv en Barcelona pone a tu servicio 1.100 m2 de confort y dise\u00f1o, con los \u00faltimos avances tecnol\u00f3gicos en reproducci\u00f3n asistida.","breadcrumb":{"@id":"https:\/\/www.ginefiv.com\/it\/cliniche\/barcellona\/#breadcrumb"},"inLanguage":"it-IT","potentialAction":[{"@type":"ReadAction","target":["https:\/\/www.ginefiv.com\/it\/cliniche\/barcellona\/"]}]},{"@type":"ImageObject","inLanguage":"it-IT","@id":"https:\/\/www.ginefiv.com\/it\/cliniche\/barcellona\/#primaryimage","url":"https:\/\/www.ginefiv.com\/wp-content\/uploads\/2023\/09\/clinica_bcn.webp","contentUrl":"https:\/\/www.ginefiv.com\/wp-content\/uploads\/2023\/09\/clinica_bcn.webp"},{"@type":"BreadcrumbList","@id":"https:\/\/www.ginefiv.com\/it\/cliniche\/barcellona\/#breadcrumb","itemListElement":[{"@type":"ListItem","position":1,"name":"Home","item":"https:\/\/www.ginefiv.com\/it\/"},{"@type":"ListItem","position":2,"name":"Cliniche di riproduzione assistita Ginefiv","item":"https:\/\/www.ginefiv.com\/it\/cliniche\/"},{"@type":"ListItem","position":3,"name":"Barcellona"}]},{"@type":"WebSite","@id":"https:\/\/www.ginefiv.com\/it\/#website","url":"https:\/\/www.ginefiv.com\/it\/","name":"Ginefiv Espa\u00f1a","description":"Ginefiv, tu cl\u00ednica de reproducci\u00f3n asistida. 35 a\u00f1os de experiencia en inseminaci\u00f3n artificial y fecundaci\u00f3n in vitro","publisher":{"@id":"https:\/\/www.ginefiv.com\/it\/#organization"},"potentialAction":[{"@type":"SearchAction","target":{"@type":"EntryPoint","urlTemplate":"https:\/\/www.ginefiv.com\/it\/?s={search_term_string}"},"query-input":{"@type":"PropertyValueSpecification","valueRequired":true,"valueName":"search_term_string"}}],"inLanguage":"it-IT"},{"@type":"Organization","@id":"https:\/\/www.ginefiv.com\/it\/#organization","name":"Ginefiv","url":"https:\/\/www.ginefiv.com\/it\/","logo":{"@type":"ImageObject","inLanguage":"it-IT","@id":"https:\/\/www.ginefiv.com\/it\/#\/schema\/logo\/image\/","url":"https:\/\/www.ginefiv.com\/wp-content\/uploads\/2023\/12\/descarga.png","contentUrl":"https:\/\/www.ginefiv.com\/wp-content\/uploads\/2023\/12\/descarga.png","width":437,"height":115,"caption":"Ginefiv"},"image":{"@id":"https:\/\/www.ginefiv.com\/it\/#\/schema\/logo\/image\/"}}]}},"_links":{"self":[{"href":"https:\/\/www.ginefiv.com\/it\/wp-json\/wp\/v2\/pages\/18989","targetHints":{"allow":["GET"]}}],"collection":[{"href":"https:\/\/www.ginefiv.com\/it\/wp-json\/wp\/v2\/pages"}],"about":[{"href":"https:\/\/www.ginefiv.com\/it\/wp-json\/wp\/v2\/types\/page"}],"author":[{"embeddable":true,"href":"https:\/\/www.ginefiv.com\/it\/wp-json\/wp\/v2\/users\/1"}],"replies":[{"embeddable":true,"href":"https:\/\/www.ginefiv.com\/it\/wp-json\/wp\/v2\/comments?post=18989"}],"version-history":[{"count":0,"href":"https:\/\/www.ginefiv.com\/it\/wp-json\/wp\/v2\/pages\/18989\/revisions"}],"up":[{"embeddable":true,"href":"https:\/\/www.ginefiv.com\/it\/wp-json\/wp\/v2\/pages\/8357"}],"wp:attachment":[{"href":"https:\/\/www.ginefiv.com\/it\/wp-json\/wp\/v2\/media?parent=18989"}],"curies":[{"name":"wp","href":"https:\/\/api.w.org\/{rel}","templated":true}]}}