











{"id":4706,"date":"2023-09-14T12:01:25","date_gmt":"2023-09-14T12:01:25","guid":{"rendered":"https:\/\/www.ginefiv.com\/tasas-exito\/"},"modified":"2024-09-06T11:02:24","modified_gmt":"2024-09-06T11:02:24","slug":"tassi-successo","status":"publish","type":"page","link":"https:\/\/www.ginefiv.com\/it\/tassi-successo\/","title":{"rendered":"Tassi Successo"},"content":{"rendered":"<section class=\"page-cover has-thumbnail dark-theme\">   <div class=\"page-cover__container container\">     <div class=\"row\">       <div class=\"col-12 col-lg-8\">         <div class=\"page-cover__heading\">           <div class=\"page-cover__heading-wrapper\">                           <div class=\"page-cover__heading-title heading-title title-display hero-title\">               <h1 class=\"title-display heading-xl\">Tassi di successo di Ginefiv<\/h1>             <\/div>                            <div class=\"page-cover__heading-content text-lg\">                 <p>Con oltre <span style=\"font-weight: bold;\">35 anni di esperienza<\/span> e una delle migliori percentuali di successo, Ginefiv \u00e8 una delle cliniche della fertilit\u00e0 leader a livello nazionale ed europeo nel trattamento della sterilit\u00e0 e dell&#8217;infertilit\u00e0 in Spagna.<\/p>               <\/div>                                    <\/div>         <\/div>       <\/div>     <\/div>   <\/div>         <div class=\"parallax-trigger fullsize page-cover-thumbnail\" data-magic=\"parallax\">       <picture class=\"page-cover__picture parallax-trigger__item\" data-item=\"parallax-item\">         <img decoding=\"async\" src=\"https:\/\/www.ginefiv.com\/wp-content\/uploads\/2023\/10\/tasas-de-exito-scaled.webp\" alt=\"Tassi Successo\">       <\/picture>     <\/div>     <\/section>   <section class=\"wp-block-breadcrumbs\">   <div class=\"content-wrapper\">     <ul>                   <li>               <a href=\"https:\/\/www.ginefiv.com\/it\/\" title=\"Ginefiv Espa\u00f1a\">                 Ginefiv              <\/a>             <\/li>                         <li>               <span class=\"current\" title=\"Tassi Successo\">                 Tassi Successo              <\/span>             <\/li>                 <\/ul>   <\/div> <\/section>    <p class=\"has-text-align-center container\">Tra i risultati ottenuti da Ginefiv ci sono la nascita del primo bambino da embrioni congelati a Madrid nel 1988 e la prima nascita dopo la fecondazione mediante microiniezione di sperma nel 1996. A riprova di questa lunga esperienza e degli eccellenti risultati, Ginefiv \u00e8 stata riconosciuta come migliore istituzione sanitaria dell&#8217;anno nel 2013.<\/p>    <p class=\"has-text-align-center container\">Ogni anno continuiamo a investire per rimanere all&#8217;avanguardia nella riproduzione assistita. Offriamo ai nostri pazienti nuovi trattamenti e test diagnostici, oltre a un&#8217;assistenza di qualit\u00e0 eccellente. Grazie a questo e agli alti tassi di successo, Ginefiv si \u00e8 posizionata come una delle cliniche per la fertilit\u00e0 pi\u00f9 affidabili d&#8217;Europa.<\/p>    <p class=\"has-text-align-center container\">&nbsp;Di seguito, La informiamo sui<strong> risultati e sulle percentuali di successo di Ginefiv in alcuni dei principali trattamenti:<\/strong><\/p>    <figure class=\"wp-block-embed is-type-video is-provider-youtube wp-block-embed-youtube container d-flex justify-content-center wp-embed-aspect-16-9 wp-has-aspect-ratio mt-5 mb-5\"><div class=\"wp-block-embed__wrapper\"> <iframe loading=\"lazy\" title=\"TASAS DE EMBARAZO\" width=\"500\" height=\"281\" src=\"https:\/\/www.youtube.com\/embed\/XW8JnhVGZi4?feature=oembed\" frameborder=\"0\" allow=\"accelerometer; autoplay; clipboard-write; encrypted-media; gyroscope; picture-in-picture; web-share\" referrerpolicy=\"strict-origin-when-cross-origin\" allowfullscreen><\/iframe> <\/div><\/figure>   <section  class=\"text-block background-light\">   <div class=\"container\">     <div class=\"row\">       <div class=\"col-12\">         <div class=\"text-block__text-wrapper text-heading-block alignment-center\" data-magic=\"appear-in\">                     <h2 class=\"title-display\">Tasso di gravidanza cumulativo per ciclo: cicli FIV-ICSI<\/h2>                   <\/div>       <\/div>     <\/div>   <\/div>  <\/section>   <figure class=\"wp-block-image size-full is-resized container d-flex justify-content-center\"><img loading=\"lazy\" decoding=\"async\" width=\"900\" height=\"450\" src=\"https:\/\/www.ginefiv.com\/wp-content\/uploads\/2023\/10\/FIV-ICSI.webp\" alt=\"\" class=\"wp-image-2276\" style=\"width:900px;height:450px\" title=\"container\" srcset=\"https:\/\/www.ginefiv.com\/wp-content\/uploads\/2023\/10\/FIV-ICSI.webp 900w, https:\/\/www.ginefiv.com\/wp-content\/uploads\/2023\/10\/FIV-ICSI-300x150.webp 300w, https:\/\/www.ginefiv.com\/wp-content\/uploads\/2023\/10\/FIV-ICSI-768x384.webp 768w\" sizes=\"auto, (max-width: 900px) 100vw, 900px\" \/><\/figure>   <section  class=\"text-block background-light\">   <div class=\"container\">     <div class=\"row\">       <div class=\"col-12\">         <div class=\"text-block__text-wrapper text-heading-block alignment-center\" data-magic=\"appear-in\">                     <h2 class=\"title-display\">Tasso di gravidanza cumulativo per ciclo: cicli FIV-ICSI con sperma del marito\/donatore<\/h2>                   <\/div>       <\/div>     <\/div>   <\/div>  <\/section>   <figure class=\"wp-block-image size-full container d-flex justify-content-center\"><img loading=\"lazy\" decoding=\"async\" width=\"900\" height=\"450\" src=\"https:\/\/www.ginefiv.com\/wp-content\/uploads\/2023\/10\/FIV-ICSI-MARIDO-DONANTE.webp\" alt=\"\" class=\"wp-image-2291\" srcset=\"https:\/\/www.ginefiv.com\/wp-content\/uploads\/2023\/10\/FIV-ICSI-MARIDO-DONANTE.webp 900w, https:\/\/www.ginefiv.com\/wp-content\/uploads\/2023\/10\/FIV-ICSI-MARIDO-DONANTE-300x150.webp 300w, https:\/\/www.ginefiv.com\/wp-content\/uploads\/2023\/10\/FIV-ICSI-MARIDO-DONANTE-768x384.webp 768w\" sizes=\"auto, (max-width: 900px) 100vw, 900px\" \/><\/figure>   <section  class=\"text-block background-light\">   <div class=\"container\">     <div class=\"row\">       <div class=\"col-12\">         <div class=\"text-block__text-wrapper text-heading-block alignment-center\" data-magic=\"appear-in\">                     <h2 class=\"title-display\">Tasso di gravidanza cumulativo per ciclo: Cicli donazione ovocitaria<\/h2>                   <\/div>       <\/div>     <\/div>   <\/div>  <\/section>   <figure class=\"wp-block-image size-full container d-flex justify-content-center\"><img loading=\"lazy\" decoding=\"async\" width=\"900\" height=\"450\" src=\"https:\/\/www.ginefiv.com\/wp-content\/uploads\/2023\/10\/Ciclos-de-OVODON.webp\" alt=\"\" class=\"wp-image-2297\" srcset=\"https:\/\/www.ginefiv.com\/wp-content\/uploads\/2023\/10\/Ciclos-de-OVODON.webp 900w, https:\/\/www.ginefiv.com\/wp-content\/uploads\/2023\/10\/Ciclos-de-OVODON-300x150.webp 300w, https:\/\/www.ginefiv.com\/wp-content\/uploads\/2023\/10\/Ciclos-de-OVODON-768x384.webp 768w\" sizes=\"auto, (max-width: 900px) 100vw, 900px\" \/><\/figure>   <section  class=\"text-block background-light\">   <div class=\"container\">     <div class=\"row\">       <div class=\"col-12\">         <div class=\"text-block__text-wrapper text-heading-block alignment-center\" data-magic=\"appear-in\">                     <h2 class=\"title-display\">Tasso di gravidanza cumulativo: Cicli donazione ovocitaria con marito\/sperma di donatore<\/h2>                   <\/div>       <\/div>     <\/div>   <\/div>  <\/section>   <figure class=\"wp-block-image size-full container d-flex justify-content-center\"><img loading=\"lazy\" decoding=\"async\" width=\"900\" height=\"450\" src=\"https:\/\/www.ginefiv.com\/wp-content\/uploads\/2023\/10\/Ciclos-de-OVODON-con-semen-de-Marido-Donante.webp\" alt=\"\" class=\"wp-image-2303\" srcset=\"https:\/\/www.ginefiv.com\/wp-content\/uploads\/2023\/10\/Ciclos-de-OVODON-con-semen-de-Marido-Donante.webp 900w, https:\/\/www.ginefiv.com\/wp-content\/uploads\/2023\/10\/Ciclos-de-OVODON-con-semen-de-Marido-Donante-300x150.webp 300w, https:\/\/www.ginefiv.com\/wp-content\/uploads\/2023\/10\/Ciclos-de-OVODON-con-semen-de-Marido-Donante-768x384.webp 768w\" sizes=\"auto, (max-width: 900px) 100vw, 900px\" \/><\/figure>   <section  class=\"text-block background-light\">   <div class=\"container\">     <div class=\"row\">       <div class=\"col-12\">         <div class=\"text-block__text-wrapper text-heading-block alignment-center\" data-magic=\"appear-in\">                     <h2 class=\"title-display\">Tasso di gravidanza cumulativo di pazienti provenienti da un altro centro; cicli FIV-ICSI e donazione ovocitaria<\/h2>                   <\/div>       <\/div>     <\/div>   <\/div>  <\/section>   <figure class=\"wp-block-image size-full container d-flex justify-content-center\"><img loading=\"lazy\" decoding=\"async\" width=\"900\" height=\"450\" src=\"https:\/\/www.ginefiv.com\/wp-content\/uploads\/2023\/10\/Ciclos-de-FIV-ICSI-y-OVODON.webp\" alt=\"\" class=\"wp-image-2309\" srcset=\"https:\/\/www.ginefiv.com\/wp-content\/uploads\/2023\/10\/Ciclos-de-FIV-ICSI-y-OVODON.webp 900w, https:\/\/www.ginefiv.com\/wp-content\/uploads\/2023\/10\/Ciclos-de-FIV-ICSI-y-OVODON-300x150.webp 300w, https:\/\/www.ginefiv.com\/wp-content\/uploads\/2023\/10\/Ciclos-de-FIV-ICSI-y-OVODON-768x384.webp 768w\" sizes=\"auto, (max-width: 900px) 100vw, 900px\" \/><\/figure>    <p class=\"container\"><em>** Tasso di gravidanza cumulativo; \u00e8 il tasso di gravidanza cumulativo per ciclo che include il transfer a fresco pi\u00f9 eventuali transfer di embrioni vitrificati..<\/em><\/p>    <div class=\"wp-block-columns is-layout-flex wp-container-core-columns-is-layout-28f84493 wp-block-columns-is-layout-flex\"> <div class=\"wp-block-column wp-column-is-centred is-layout-flow wp-block-column-is-layout-flow\" style=\"flex-basis:610px\"> <h3 class=\"wp-block-heading has-text-align-center\" id=\"fissare\">Fissa un appuntamento con uno specialista<\/h3>    <p class=\"has-text-align-center\">Richieda di avere una consulenza in clinica o per videoconferenza, l&#8217;opzione che sia pi\u00fa conveniente per Lei<\/p>    <div class=\"wp-block-buttons is-content-justification-center is-layout-flex wp-container-core-buttons-is-layout-a89b3969 wp-block-buttons-is-layout-flex\"> <div class=\"wp-block-button\"><a class=\"wp-block-button__link has-orange-background-color has-background wp-element-button\" href=\"https:\/\/www.ginefiv.com\/it\/solicita-informacion\/\" style=\"border-radius:5px\">Contatteci<\/a><\/div> <\/div> <\/div> <\/div>    <section> \t<div class=\"cta-block-container\"> \t\t<div class=\"cta-block-container__title\"> \t\t\t<p><h2>Ha qualche<br \/> dubbio?<\/p> <h2> <\/p> \t\t<\/div> \t\t<div class=\"cta-block-container__separator d-none d-md-flex\"> \t\t\t<picture> \t\t\t\t<img decoding=\"async\" class=\"separator__img\" src=\"https:\/\/www.ginefiv.com\/wp-content\/themes\/wac-theme\/assets\/images\/icons\/cta-separator.webp\" alt=\"\"> \t\t\t<\/picture> \t\t<\/div> \t\t<div class=\"cta-block-container__icons-row\"> \t\t\t\t\t\t\t<div class=\"actions\"> \t\t\t\t\t<picture class=\"action__thumbnail\"> \t\t\t\t\t\t<img decoding=\"async\" class=\"action__img\" src=\"https:\/\/www.ginefiv.com\/wp-content\/themes\/wac-theme\/assets\/images\/icons\/cta-phone.webp\" alt=\"\"> \t\t\t\t\t<\/picture> \t\t\t\t\t<div class=\"action__text\"> \t\t\t\t\t\t\t\t\t\t\t\t\t<a class=\"action__text\" href=\"tel:+34 917 888 088\" target=\"_blank\"> \t\t\t\t\t\t\t\t<p> \t\t\t\t\t\t\t\t\tChiama gratis <br><strong>+34 917 888 088<\/strong>\t\t\t\t\t\t\t\t<\/p> \t\t\t\t\t\t\t<\/a> \t\t\t\t\t\t\t\t\t\t\t<\/div> \t\t\t\t<\/div> \t\t\t\t\t\t\t<div class=\"actions\"> \t\t\t\t\t<picture class=\"action__thumbnail\"> \t\t\t\t\t\t<img decoding=\"async\" class=\"action__img\" src=\"https:\/\/www.ginefiv.com\/wp-content\/themes\/wac-theme\/assets\/images\/icons\/cta-clinics.webp\" alt=\"\"> \t\t\t\t\t<\/picture> \t\t\t\t\t<a class=\"action__text permalink underlined\" href=\"https:\/\/www.ginefiv.com\/clinicas\/\"> \t\t\t\t\t\t<p>Venga a visitarci nelle<\/p> \t\t\t\t\t\t<strong>nostre cliniche<\/strong> \t\t\t\t\t<\/a> \t\t\t\t<\/div> \t\t\t\t\t\t\t<div class=\"actions\"> \t\t\t\t\t<picture class=\"action__thumbnail\"> \t\t\t\t\t\t<img decoding=\"async\" class=\"action__img\" src=\"https:\/\/www.ginefiv.com\/wp-content\/themes\/wac-theme\/assets\/images\/icons\/cta-appointment.webp\" alt=\"\"> \t\t\t\t\t<\/picture> \t\t\t\t\t<a class=\"action__text permalink underlined\" href=\"https:\/\/www.ginefiv.com\/it\/prendi-un-appuntamento\/\"> \t\t\t\t\t\t<p>Chieda un<\/p> \t\t\t\t\t\t<strong>appuntamento<\/strong> \t\t\t\t\t<\/a> \t\t\t\t<\/div> \t\t\t\t\t<\/div> \t<\/div> <\/section>","protected":false},"excerpt":{"rendered":"<p>Tra i risultati ottenuti da Ginefiv ci sono la nascita del primo bambino da embrioni congelati a Madrid nel 1988&#8230;<\/p>\n","protected":false},"author":1,"featured_media":2269,"parent":0,"menu_order":0,"comment_status":"closed","ping_status":"closed","template":"","meta":{"_acf_changed":false,"footnotes":""},"class_list":["post-4706","page","type-page","status-publish","has-post-thumbnail","hentry"],"acf":[],"yoast_head":"<!-- This site is optimized with the Yoast SEO plugin v27.0 - https:\/\/yoast.com\/product\/yoast-seo-wordpress\/ -->\n<title>Tassi Successo | Ginefiv Espa\u00f1a<\/title>\n<meta name=\"robots\" content=\"index, follow, max-snippet:-1, max-image-preview:large, max-video-preview:-1\" \/>\n<link rel=\"canonical\" href=\"https:\/\/www.ginefiv.com\/it\/tassi-successo\/\" \/>\n<meta property=\"og:locale\" content=\"it_IT\" \/>\n<meta property=\"og:type\" content=\"article\" \/>\n<meta property=\"og:title\" content=\"Tassi Successo | Ginefiv Espa\u00f1a\" \/>\n<meta property=\"og:description\" content=\"Tra i risultati ottenuti da Ginefiv ci sono la nascita del primo bambino da embrioni congelati a Madrid nel 1988...\" \/>\n<meta property=\"og:url\" content=\"https:\/\/www.ginefiv.com\/it\/tassi-successo\/\" \/>\n<meta property=\"og:site_name\" content=\"Ginefiv Espa\u00f1a\" \/>\n<meta property=\"article:modified_time\" content=\"2024-09-06T11:02:24+00:00\" \/>\n<meta property=\"og:image\" content=\"https:\/\/www.ginefiv.com\/wp-content\/uploads\/2023\/10\/tasas-de-exito-scaled.webp\" \/>\n\t<meta property=\"og:image:width\" content=\"2560\" \/>\n\t<meta property=\"og:image:height\" content=\"1280\" \/>\n\t<meta property=\"og:image:type\" content=\"image\/webp\" \/>\n<meta name=\"twitter:card\" content=\"summary_large_image\" \/>\n<meta name=\"twitter:label1\" content=\"Tempo di lettura stimato\" \/>\n\t<meta name=\"twitter:data1\" content=\"6 minuti\" \/>\n<script type=\"application\/ld+json\" class=\"yoast-schema-graph\">{\"@context\":\"https:\/\/schema.org\",\"@graph\":[{\"@type\":\"WebPage\",\"@id\":\"https:\/\/www.ginefiv.com\/it\/tassi-successo\/\",\"url\":\"https:\/\/www.ginefiv.com\/it\/tassi-successo\/\",\"name\":\"Tassi Successo | Ginefiv Espa\u00f1a\",\"isPartOf\":{\"@id\":\"https:\/\/www.ginefiv.com\/it\/#website\"},\"primaryImageOfPage\":{\"@id\":\"https:\/\/www.ginefiv.com\/it\/tassi-successo\/#primaryimage\"},\"image\":{\"@id\":\"https:\/\/www.ginefiv.com\/it\/tassi-successo\/#primaryimage\"},\"thumbnailUrl\":\"https:\/\/www.ginefiv.com\/wp-content\/uploads\/2023\/10\/tasas-de-exito-scaled.webp\",\"datePublished\":\"2023-09-14T12:01:25+00:00\",\"dateModified\":\"2024-09-06T11:02:24+00:00\",\"breadcrumb\":{\"@id\":\"https:\/\/www.ginefiv.com\/it\/tassi-successo\/#breadcrumb\"},\"inLanguage\":\"it-IT\",\"potentialAction\":[{\"@type\":\"ReadAction\",\"target\":[\"https:\/\/www.ginefiv.com\/it\/tassi-successo\/\"]}]},{\"@type\":\"ImageObject\",\"inLanguage\":\"it-IT\",\"@id\":\"https:\/\/www.ginefiv.com\/it\/tassi-successo\/#primaryimage\",\"url\":\"https:\/\/www.ginefiv.com\/wp-content\/uploads\/2023\/10\/tasas-de-exito-scaled.webp\",\"contentUrl\":\"https:\/\/www.ginefiv.com\/wp-content\/uploads\/2023\/10\/tasas-de-exito-scaled.webp\",\"width\":2560,\"height\":1280},{\"@type\":\"BreadcrumbList\",\"@id\":\"https:\/\/www.ginefiv.com\/it\/tassi-successo\/#breadcrumb\",\"itemListElement\":[{\"@type\":\"ListItem\",\"position\":1,\"name\":\"Home\",\"item\":\"https:\/\/www.ginefiv.com\/it\/\"},{\"@type\":\"ListItem\",\"position\":2,\"name\":\"Tassi Successo\"}]},{\"@type\":\"WebSite\",\"@id\":\"https:\/\/www.ginefiv.com\/it\/#website\",\"url\":\"https:\/\/www.ginefiv.com\/it\/\",\"name\":\"Ginefiv Espa\u00f1a\",\"description\":\"Ginefiv, tu cl\u00ednica de reproducci\u00f3n asistida. 35 a\u00f1os de experiencia en inseminaci\u00f3n artificial y fecundaci\u00f3n in vitro\",\"publisher\":{\"@id\":\"https:\/\/www.ginefiv.com\/it\/#organization\"},\"potentialAction\":[{\"@type\":\"SearchAction\",\"target\":{\"@type\":\"EntryPoint\",\"urlTemplate\":\"https:\/\/www.ginefiv.com\/it\/?s={search_term_string}\"},\"query-input\":{\"@type\":\"PropertyValueSpecification\",\"valueRequired\":true,\"valueName\":\"search_term_string\"}}],\"inLanguage\":\"it-IT\"},{\"@type\":\"Organization\",\"@id\":\"https:\/\/www.ginefiv.com\/it\/#organization\",\"name\":\"Ginefiv\",\"url\":\"https:\/\/www.ginefiv.com\/it\/\",\"logo\":{\"@type\":\"ImageObject\",\"inLanguage\":\"it-IT\",\"@id\":\"https:\/\/www.ginefiv.com\/it\/#\/schema\/logo\/image\/\",\"url\":\"https:\/\/www.ginefiv.com\/wp-content\/uploads\/2023\/12\/descarga.png\",\"contentUrl\":\"https:\/\/www.ginefiv.com\/wp-content\/uploads\/2023\/12\/descarga.png\",\"width\":437,\"height\":115,\"caption\":\"Ginefiv\"},\"image\":{\"@id\":\"https:\/\/www.ginefiv.com\/it\/#\/schema\/logo\/image\/\"}}]}<\/script>\n<!-- \/ Yoast SEO plugin. -->","yoast_head_json":{"title":"Tassi Successo | Ginefiv Espa\u00f1a","robots":{"index":"index","follow":"follow","max-snippet":"max-snippet:-1","max-image-preview":"max-image-preview:large","max-video-preview":"max-video-preview:-1"},"canonical":"https:\/\/www.ginefiv.com\/it\/tassi-successo\/","og_locale":"it_IT","og_type":"article","og_title":"Tassi Successo | Ginefiv Espa\u00f1a","og_description":"Tra i risultati ottenuti da Ginefiv ci sono la nascita del primo bambino da embrioni congelati a Madrid nel 1988...","og_url":"https:\/\/www.ginefiv.com\/it\/tassi-successo\/","og_site_name":"Ginefiv Espa\u00f1a","article_modified_time":"2024-09-06T11:02:24+00:00","og_image":[{"width":2560,"height":1280,"url":"https:\/\/www.ginefiv.com\/wp-content\/uploads\/2023\/10\/tasas-de-exito-scaled.webp","type":"image\/webp"}],"twitter_card":"summary_large_image","twitter_misc":{"Tempo di lettura stimato":"6 minuti"},"schema":{"@context":"https:\/\/schema.org","@graph":[{"@type":"WebPage","@id":"https:\/\/www.ginefiv.com\/it\/tassi-successo\/","url":"https:\/\/www.ginefiv.com\/it\/tassi-successo\/","name":"Tassi Successo | Ginefiv Espa\u00f1a","isPartOf":{"@id":"https:\/\/www.ginefiv.com\/it\/#website"},"primaryImageOfPage":{"@id":"https:\/\/www.ginefiv.com\/it\/tassi-successo\/#primaryimage"},"image":{"@id":"https:\/\/www.ginefiv.com\/it\/tassi-successo\/#primaryimage"},"thumbnailUrl":"https:\/\/www.ginefiv.com\/wp-content\/uploads\/2023\/10\/tasas-de-exito-scaled.webp","datePublished":"2023-09-14T12:01:25+00:00","dateModified":"2024-09-06T11:02:24+00:00","breadcrumb":{"@id":"https:\/\/www.ginefiv.com\/it\/tassi-successo\/#breadcrumb"},"inLanguage":"it-IT","potentialAction":[{"@type":"ReadAction","target":["https:\/\/www.ginefiv.com\/it\/tassi-successo\/"]}]},{"@type":"ImageObject","inLanguage":"it-IT","@id":"https:\/\/www.ginefiv.com\/it\/tassi-successo\/#primaryimage","url":"https:\/\/www.ginefiv.com\/wp-content\/uploads\/2023\/10\/tasas-de-exito-scaled.webp","contentUrl":"https:\/\/www.ginefiv.com\/wp-content\/uploads\/2023\/10\/tasas-de-exito-scaled.webp","width":2560,"height":1280},{"@type":"BreadcrumbList","@id":"https:\/\/www.ginefiv.com\/it\/tassi-successo\/#breadcrumb","itemListElement":[{"@type":"ListItem","position":1,"name":"Home","item":"https:\/\/www.ginefiv.com\/it\/"},{"@type":"ListItem","position":2,"name":"Tassi Successo"}]},{"@type":"WebSite","@id":"https:\/\/www.ginefiv.com\/it\/#website","url":"https:\/\/www.ginefiv.com\/it\/","name":"Ginefiv Espa\u00f1a","description":"Ginefiv, tu cl\u00ednica de reproducci\u00f3n asistida. 35 a\u00f1os de experiencia en inseminaci\u00f3n artificial y fecundaci\u00f3n in vitro","publisher":{"@id":"https:\/\/www.ginefiv.com\/it\/#organization"},"potentialAction":[{"@type":"SearchAction","target":{"@type":"EntryPoint","urlTemplate":"https:\/\/www.ginefiv.com\/it\/?s={search_term_string}"},"query-input":{"@type":"PropertyValueSpecification","valueRequired":true,"valueName":"search_term_string"}}],"inLanguage":"it-IT"},{"@type":"Organization","@id":"https:\/\/www.ginefiv.com\/it\/#organization","name":"Ginefiv","url":"https:\/\/www.ginefiv.com\/it\/","logo":{"@type":"ImageObject","inLanguage":"it-IT","@id":"https:\/\/www.ginefiv.com\/it\/#\/schema\/logo\/image\/","url":"https:\/\/www.ginefiv.com\/wp-content\/uploads\/2023\/12\/descarga.png","contentUrl":"https:\/\/www.ginefiv.com\/wp-content\/uploads\/2023\/12\/descarga.png","width":437,"height":115,"caption":"Ginefiv"},"image":{"@id":"https:\/\/www.ginefiv.com\/it\/#\/schema\/logo\/image\/"}}]}},"_links":{"self":[{"href":"https:\/\/www.ginefiv.com\/it\/wp-json\/wp\/v2\/pages\/4706","targetHints":{"allow":["GET"]}}],"collection":[{"href":"https:\/\/www.ginefiv.com\/it\/wp-json\/wp\/v2\/pages"}],"about":[{"href":"https:\/\/www.ginefiv.com\/it\/wp-json\/wp\/v2\/types\/page"}],"author":[{"embeddable":true,"href":"https:\/\/www.ginefiv.com\/it\/wp-json\/wp\/v2\/users\/1"}],"replies":[{"embeddable":true,"href":"https:\/\/www.ginefiv.com\/it\/wp-json\/wp\/v2\/comments?post=4706"}],"version-history":[{"count":0,"href":"https:\/\/www.ginefiv.com\/it\/wp-json\/wp\/v2\/pages\/4706\/revisions"}],"wp:featuredmedia":[{"embeddable":true,"href":"https:\/\/www.ginefiv.com\/it\/wp-json\/wp\/v2\/media\/2269"}],"wp:attachment":[{"href":"https:\/\/www.ginefiv.com\/it\/wp-json\/wp\/v2\/media?parent=4706"}],"curies":[{"name":"wp","href":"https:\/\/api.w.org\/{rel}","templated":true}]}}