











{"id":5735,"date":"2023-10-02T12:38:10","date_gmt":"2023-10-02T12:38:10","guid":{"rendered":"https:\/\/www.ginefiv.com\/programa-garantia-embarazo\/"},"modified":"2024-02-12T06:29:46","modified_gmt":"2024-02-12T06:29:46","slug":"programma-garanzia-gravidanza","status":"publish","type":"page","link":"https:\/\/www.ginefiv.com\/it\/programma-garanzia-gravidanza\/","title":{"rendered":"Programma di Garanzia"},"content":{"rendered":"<section class=\"page-cover has-thumbnail dark-theme\">   <div class=\"page-cover__container container\">     <div class=\"row\">       <div class=\"col-12 col-lg-8\">         <div class=\"page-cover__heading\">           <div class=\"page-cover__heading-wrapper\">                           <div class=\"page-cover__heading-title heading-title title-display hero-title\">               <h1 class=\"title-display\">Programma di Garanzia di Gravidanza Ginefiv<\/h1>             <\/div>                            <div class=\"page-cover__heading-content text-lg\">                 <p>Alla <span style=\"font-weight: bold;\">clinica della fertilit\u00e0 Ginefiv<\/span> vogliamo che realizziate il vostro sogno di diventare madri. Ecco perch\u00e9 ci impegniamo a raggiungerlo entro 24 mesi, con il miglior <span style=\"font-weight: bold;\">programma di Garanzia di Gravidanza.<\/p>               <\/div>                                    <\/div>         <\/div>       <\/div>     <\/div>   <\/div>         <div class=\"parallax-trigger fullsize page-cover-thumbnail\" data-magic=\"parallax\">       <picture class=\"page-cover__picture parallax-trigger__item\" data-item=\"parallax-item\">         <img decoding=\"async\" src=\"https:\/\/www.ginefiv.com\/wp-content\/uploads\/2023\/10\/cabecera-03-1.jpg\" alt=\"Programma di Garanzia\">       <\/picture>     <\/div>     <\/section>   <section class=\"wp-block-breadcrumbs\">   <div class=\"content-wrapper\">     <ul>                   <li>               <a href=\"https:\/\/www.ginefiv.com\/it\/\" title=\"Ginefiv Espa\u00f1a\">                 Ginefiv              <\/a>             <\/li>                         <li>               <span class=\"current\" title=\"Programma di Garanzia\">                 Programma di Garanzia              <\/span>             <\/li>                 <\/ul>   <\/div> <\/section>   <section  class=\"image-text-block custom-block-spacing align-left\" data-magic=\"float-zigzag\">   <div class=\"container\">         <div class=\"row\">       <div class=\"img-col col-12 col-md-6\">                   <picture class=\"image-text-block__img-wrapper image-wrapper zigzag-element\">                         <img data-src=\"https:\/\/www.ginefiv.com\/wp-content\/uploads\/2023\/10\/garantia-01.webp\" alt=\"\">           <\/picture>               <\/div>       <div class=\"text-col col-12 col-md-6\">         <div class=\"image-text-block__text-wrapper text-heading-block zigzag-element\">           <div class=\"image-text-block__text-wrapper__content\">             <div class=\"text-block-wrapper\">                             <h2 class=\"title-display\">Che cos&#8217;\u00e8 il Programma Garanzia di Gravidanza?<\/h2> <ul> <li>Donne fino a 49 anni (et\u00e0 massima alla data di stipula del programma).<\/li> <li>In buona salute generale e ginecologica e senza controindicazioni mediche alla gravidanza.<\/li> <li>Impegnate a seguire sempre le linee guida del nostro team e a eseguire tutti i trattamenti inclusi nella garanzia.<\/li> <\/ul>               <p>Un programma che Le offre tutti i vantaggi dei nostri <a href=\"https:\/\/www.ginefiv.com\/it\/riproduzione-assistita\/ovodonazione\/\" rel=\"noopener\" target=\"_blank\">trattamenti di donazione di ovuli,<\/a> con il nostro impegno a ottenere una <span style=\"font-weight: bold; color: #438c89;\">gravidanza vitale entro 24 mesi.<\/span><\/p> <p>Questo programma di garanzia per la gravidanza \u00e8 particolarmente indicato per:<br \/>&nbsp;<\/p>             <\/div>                       <\/div>         <\/div>       <\/div>     <\/div>   <\/div>  <\/section>  <section  class=\"text-block background-light\">   <div class=\"container\">     <div class=\"row\">       <div class=\"col-12\">         <div class=\"text-block__text-wrapper text-heading-block alignment-left\" data-magic=\"appear-in\">                     <p><span style=\"font-weight: bold; color: #438c89;\">Solo la clinica Ginefiv pu\u00f2 impegnarsi in un programma di garanzia di gravidanza<\/span> in cui la nascita del bambino \u00e8 assicurata, poich\u00e9 disponiamo dei migliori <a href=\"https:\/\/www.ginefiv.com\/it\/tassi-successo\/\" rel=\"noopener\" target=\"_blank\">tassi di successo <\/a>di gravidanza e dei migliori laboratori e specialisti in procreazione <a href=\"https:\/\/www.ginefiv.com\/it\/riproduzione-assistita\/\" rel=\"noopener\" target=\"_blank\" id=\"__hsNewLink\">medicalmente assistita.<\/a><\/p> <p style=\"font-size: 15px;\">Inoltre,<span style=\"font-weight: bold; color: #438c89;\"> ci impegniamo costantemente nell&#8217;innovazione e nella ricerca<\/span>. Per tutti questi motivi, sappiamo di avere la migliore garanzia affinch\u00e9 i nostri pazienti possano realizzare il loro sogno di avere un figlio.<\/p> <p><\/span><\/p>                   <\/div>       <\/div>     <\/div>   <\/div>  <\/section>  <section  class=\"text-block background-light custom-block-spacing\">   <div class=\"container\">     <div class=\"row\">       <div class=\"col-12\">         <div class=\"text-block__text-wrapper text-heading-block alignment-left\" data-magic=\"appear-in\">                     <h2 class=\"title-display\">Qual \u00e8 esattamente la garanzia che Le offriamo?<\/h2> <p>Ci impegniamo a realizzare la Sua gravidanza e la nascita del Suo bambino e, per farlo, metteremo a vostra disposizione tutte le nostre conoscenze, esperienze e risorse tecniche e umane.<\/p> <p>Ci impegniamo a raggiungere questo obiettivo entro 24 mesi. In via eccezionale, se questo periodo viene superato per motivi indipendenti dalla volont\u00e0 del paziente, tale periodo pu\u00f2 essere rivisto a <span style=\"font-weight: bold;\">discrezione della direzione della clinica di riproduzione assistita.<\/span><\/p> <p>Se ci\u00f2 non avviene, Le rimborseremo l&#8217;intero importo pagato.<\/p>                   <\/div>       <\/div>     <\/div>   <\/div>  <\/section>  <section  class=\"text-block background-light custom-block-spacing\">   <div class=\"container\">     <div class=\"row\">       <div class=\"col-12\">         <div class=\"text-block__text-wrapper text-heading-block alignment-left\" data-magic=\"appear-in\">                     <h2 class=\"title-display\">Come si pu\u00f2 accedere a questa garanzia?<\/h2> <p>Per accedere al Programma di Garanzia di Gravidanza Ginefiv, \u00e8 necessario sottoporsi a una <span style=\"font-weight: bold; color: #438c89;\">valutazione personalizzata <\/span>in consultazione con uno specialista del team medico Ginefiv.<\/p> <p>Il criterio medico sar\u00e0 sempre quello prevalente in termini di accesso al trattamento.<\/p>                   <\/div>       <\/div>     <\/div>   <\/div>  <\/section>  <section  class=\"text-block background-light custom-block-spacing\">   <div class=\"container\">     <div class=\"row\">       <div class=\"col-12\">         <div class=\"text-block__text-wrapper text-heading-block alignment-left\" data-magic=\"appear-in\">                     <h2 class=\"title-display\">Cosa chiediamo in cambio?<\/h2> <p><span style=\"color: #438c89;\"><strong>FIDUCIA:<\/strong><\/span><span> che si seguano tutte le raccomandazioni terapeutiche indicate dall&#8217;\u00e9quipe medica.<\/span>.<\/p> <p><span style=\"color: #438c89;\"><strong>COMPROMISO:<\/strong> <\/span>che ci sia continuit\u00e0 nel trattamento; che non venga abbandonato per lunghi periodi di tempo.<\/p> <p><span style=\"color: #438c89;\"><strong>VERITA&#8217;:<\/strong> C<\/span>he ci fornisca informazioni veritiere sulla sua storia clinica, sui trattamenti precedenti e sui risultati degli esami effettuati.<\/p>                   <\/div>       <\/div>     <\/div>   <\/div>  <\/section>  <section  class=\"image-text-block custom-block-spacing align-left\" data-magic=\"float-zigzag\">   <div class=\"container\">         <div class=\"row\">       <div class=\"img-col col-12 col-md-6\">                   <picture class=\"image-text-block__img-wrapper image-wrapper zigzag-element\">                         <img data-src=\"https:\/\/www.ginefiv.com\/wp-content\/uploads\/2023\/10\/garantia-02-540x380.webp\" alt=\"\">           <\/picture>               <\/div>       <div class=\"text-col col-12 col-md-6\">         <div class=\"image-text-block__text-wrapper text-heading-block zigzag-element\">           <div class=\"image-text-block__text-wrapper__content\">             <div class=\"text-block-wrapper\">                             <h2 class=\"title-display\">Quanto costa la Garanzia di Gravidanza?<\/h2>               <p>Il Programma Ginefiv di Garanzia di Gravidanza costa 17.350 euro*.<\/p> <p>Questo prezzo non \u00e8 compatibile con le convenzioni stipulate con compagnie e gruppi assicurativi e l&#8217;intero importo deve essere pagato prima dell&#8217;inizio del trattamento.<\/p> <p><span style=\"font-weight: bold;\">(*) Prezzo finanziabile al 100% <\/span><span style=\"font-weight: normal;\">(consultare le condizioni).<\/span><\/p>             <\/div>                       <\/div>         <\/div>       <\/div>     <\/div>   <\/div>  <\/section>  <section  class=\"text-block background-light custom-block-spacing\">   <div class=\"container\">     <div class=\"row\">       <div class=\"col-12\">         <div class=\"text-block__text-wrapper text-heading-block alignment-left\" data-magic=\"appear-in\">                     <h2 class=\"title-display\">Cosa comprende la garanzia?<\/h2> <p>Il Programma Ginefiv di Garanzia di Gravidanza comprende i seguenti concetti:<\/p> <ul> <li>Tutti i controlli medici e genetici dei donatori.<\/li> <li>Conservazione del DNA del donatore.<\/li> <li>Crioconservazione degli embrioni ottenuti durante il periodo di validit\u00e0 della garanzia.<\/li> <li>Tutte le tecniche di laboratorio che possono essere indicate.<\/li> <li>Il congelamento e la conservazione dei campioni di sperma durante l&#8217;intero periodo di garanzia.<\/li> <li>Tutti i transfer di embrioni congelati generati durante i trattamenti.<\/li> <\/ul>                   <\/div>       <\/div>     <\/div>   <\/div>  <\/section>  <section  class=\"text-block background-light custom-block-spacing\">   <div class=\"container\">     <div class=\"row\">       <div class=\"col-12\">         <div class=\"text-block__text-wrapper text-heading-block alignment-left\" data-magic=\"appear-in\">                     <h2 class=\"title-display\">Cosa non \u00e8 incluso?<\/h2> <p>I seguenti servizi non sono inclusi nel Programma Ginefiv di Garanzia di Gravidanza e saranno pertanto pagati secondo le tariffe in vigore:<\/p> <ul> <li>Consultazioni e test prima di stipulare la garanzia.<\/li> <li>Esami diagnostici finalizzati al trattamento del fallimento dell&#8217;impianto, che possono essere necessari nel caso in cui non si verifichi una gravidanza dopo i primi transfer.<\/li> <li>Esami genetici o cromosomici che potrebbero essere necessari durante il trattamento.<\/li> <li>Procedure chirurgiche e diagnostiche, come isteroscopia o laparoscopia e curettage.<\/li> <li>Esami e trattamenti andrologici, ad eccezione del seminogramma.<\/li> <li>Ottenere gli spermatozoi direttamente dal testicolo mediante biopsia (TESE) o la loro crioconservazione e mantenimento.<\/li> <li>Campione di sperma di un donatore, se necessario.<\/li> <li>Parto, controlli e follow-up ostetrico della gravidanza dopo la prima visita di controllo gestazionale.Test di compatibilit\u00e0 genetica (GCT).<\/li> <li>Il mantenimento degli embrioni in eccesso dopo la fine del programma di garanzia.<\/li> <li>Rimborso degli interessi maturati sul finanziamento bancario, se richiesto.<\/li> <\/ul>                   <\/div>       <\/div>     <\/div>   <\/div>  <\/section>   <div class=\"wp-block-columns is-layout-flex wp-container-core-columns-is-layout-28f84493 wp-block-columns-is-layout-flex\"> <div class=\"wp-block-column wp-column-is-centred is-layout-flow wp-block-column-is-layout-flow\" style=\"flex-basis:610px\"> <h3 class=\"wp-block-heading has-text-align-center\" id=\"fissare\">Fissa un appuntamento con uno specialista<\/h3>    <p class=\"has-text-align-center\">Richieda di avere una consulenza in clinica o per videoconferenza, l&#8217;opzione che sia pi\u00fa conveniente per Lei<\/p>    <div class=\"wp-block-buttons is-content-justification-center is-layout-flex wp-container-core-buttons-is-layout-a89b3969 wp-block-buttons-is-layout-flex\"> <div class=\"wp-block-button\"><a class=\"wp-block-button__link has-orange-background-color has-background wp-element-button\" href=\"https:\/\/www.ginefiv.com\/it\/solicita-informacion\/\" style=\"border-radius:5px\">Contatteci<\/a><\/div> <\/div> <\/div> <\/div>    <section> \t<div class=\"cta-block-container\"> \t\t<div class=\"cta-block-container__title\"> \t\t\t<p><h2>Ha qualche<br \/> dubbio?<\/p> <h2> <\/p> \t\t<\/div> \t\t<div class=\"cta-block-container__separator d-none d-md-flex\"> \t\t\t<picture> \t\t\t\t<img decoding=\"async\" class=\"separator__img\" src=\"https:\/\/www.ginefiv.com\/wp-content\/themes\/wac-theme\/assets\/images\/icons\/cta-separator.webp\" alt=\"\"> \t\t\t<\/picture> \t\t<\/div> \t\t<div class=\"cta-block-container__icons-row\"> \t\t\t\t\t\t\t<div class=\"actions\"> \t\t\t\t\t<picture class=\"action__thumbnail\"> \t\t\t\t\t\t<img decoding=\"async\" class=\"action__img\" src=\"https:\/\/www.ginefiv.com\/wp-content\/themes\/wac-theme\/assets\/images\/icons\/cta-phone.webp\" alt=\"\"> \t\t\t\t\t<\/picture> \t\t\t\t\t<div class=\"action__text\"> \t\t\t\t\t\t\t\t\t\t\t\t\t<a class=\"action__text\" href=\"tel:+34 917 888 088\" target=\"_blank\"> \t\t\t\t\t\t\t\t<p> \t\t\t\t\t\t\t\t\tLl\u00e1manos gratis al <br><strong>+34 917 888 088<\/strong>\t\t\t\t\t\t\t\t<\/p> \t\t\t\t\t\t\t<\/a> \t\t\t\t\t\t\t\t\t\t\t<\/div> \t\t\t\t<\/div> \t\t\t\t\t\t\t<div class=\"actions\"> \t\t\t\t\t<picture class=\"action__thumbnail\"> \t\t\t\t\t\t<img decoding=\"async\" class=\"action__img\" src=\"https:\/\/www.ginefiv.com\/wp-content\/themes\/wac-theme\/assets\/images\/icons\/cta-clinics.webp\" alt=\"\"> \t\t\t\t\t<\/picture> \t\t\t\t\t<a class=\"action__text permalink underlined\" href=\"https:\/\/www.ginefiv.com\/clinicas\/\"> \t\t\t\t\t\t<p>Venga a visitarci nelle<\/p> \t\t\t\t\t\t<strong>nostre cliniche<\/strong> \t\t\t\t\t<\/a> \t\t\t\t<\/div> \t\t\t\t\t\t\t<div class=\"actions\"> \t\t\t\t\t<picture class=\"action__thumbnail\"> \t\t\t\t\t\t<img decoding=\"async\" class=\"action__img\" src=\"https:\/\/www.ginefiv.com\/wp-content\/themes\/wac-theme\/assets\/images\/icons\/cta-appointment.webp\" alt=\"\"> \t\t\t\t\t<\/picture> \t\t\t\t\t<a class=\"action__text permalink underlined\" href=\"https:\/\/www.ginefiv.com\/it\/prendi-un-appuntamento\/\"> \t\t\t\t\t\t<p>Chieda un<\/p> \t\t\t\t\t\t<strong>appuntamento<\/strong> \t\t\t\t\t<\/a> \t\t\t\t<\/div> \t\t\t\t\t<\/div> \t<\/div> <\/section>","protected":false},"excerpt":{"rendered":"","protected":false},"author":1,"featured_media":2324,"parent":0,"menu_order":0,"comment_status":"closed","ping_status":"closed","template":"","meta":{"_acf_changed":false,"footnotes":""},"class_list":["post-5735","page","type-page","status-publish","has-post-thumbnail","hentry"],"acf":[],"yoast_head":"<!-- This site is optimized with the Yoast SEO plugin v27.0 - https:\/\/yoast.com\/product\/yoast-seo-wordpress\/ -->\n<title>Programma di Garanzia | Ginefiv Espa\u00f1a<\/title>\n<meta name=\"robots\" content=\"index, follow, max-snippet:-1, max-image-preview:large, max-video-preview:-1\" \/>\n<link rel=\"canonical\" href=\"https:\/\/www.ginefiv.com\/it\/programma-garanzia-gravidanza\/\" \/>\n<meta property=\"og:locale\" content=\"it_IT\" \/>\n<meta property=\"og:type\" content=\"article\" \/>\n<meta property=\"og:title\" content=\"Programma di Garanzia | Ginefiv Espa\u00f1a\" \/>\n<meta property=\"og:url\" content=\"https:\/\/www.ginefiv.com\/it\/programma-garanzia-gravidanza\/\" \/>\n<meta property=\"og:site_name\" content=\"Ginefiv Espa\u00f1a\" \/>\n<meta property=\"article:modified_time\" content=\"2024-02-12T06:29:46+00:00\" \/>\n<meta property=\"og:image\" content=\"https:\/\/www.ginefiv.com\/wp-content\/uploads\/2023\/10\/cabecera-03-1.jpg\" \/>\n\t<meta property=\"og:image:width\" content=\"1920\" \/>\n\t<meta property=\"og:image:height\" content=\"675\" \/>\n\t<meta property=\"og:image:type\" content=\"image\/jpeg\" \/>\n<meta name=\"twitter:card\" content=\"summary_large_image\" \/>\n<meta name=\"twitter:label1\" content=\"Tempo di lettura stimato\" \/>\n\t<meta name=\"twitter:data1\" content=\"1 minuto\" \/>\n<script type=\"application\/ld+json\" class=\"yoast-schema-graph\">{\"@context\":\"https:\/\/schema.org\",\"@graph\":[{\"@type\":\"WebPage\",\"@id\":\"https:\/\/www.ginefiv.com\/it\/programma-garanzia-gravidanza\/\",\"url\":\"https:\/\/www.ginefiv.com\/it\/programma-garanzia-gravidanza\/\",\"name\":\"Programma di Garanzia | Ginefiv Espa\u00f1a\",\"isPartOf\":{\"@id\":\"https:\/\/www.ginefiv.com\/it\/#website\"},\"primaryImageOfPage\":{\"@id\":\"https:\/\/www.ginefiv.com\/it\/programma-garanzia-gravidanza\/#primaryimage\"},\"image\":{\"@id\":\"https:\/\/www.ginefiv.com\/it\/programma-garanzia-gravidanza\/#primaryimage\"},\"thumbnailUrl\":\"https:\/\/www.ginefiv.com\/wp-content\/uploads\/2023\/10\/cabecera-03-1.jpg\",\"datePublished\":\"2023-10-02T12:38:10+00:00\",\"dateModified\":\"2024-02-12T06:29:46+00:00\",\"breadcrumb\":{\"@id\":\"https:\/\/www.ginefiv.com\/it\/programma-garanzia-gravidanza\/#breadcrumb\"},\"inLanguage\":\"it-IT\",\"potentialAction\":[{\"@type\":\"ReadAction\",\"target\":[\"https:\/\/www.ginefiv.com\/it\/programma-garanzia-gravidanza\/\"]}]},{\"@type\":\"ImageObject\",\"inLanguage\":\"it-IT\",\"@id\":\"https:\/\/www.ginefiv.com\/it\/programma-garanzia-gravidanza\/#primaryimage\",\"url\":\"https:\/\/www.ginefiv.com\/wp-content\/uploads\/2023\/10\/cabecera-03-1.jpg\",\"contentUrl\":\"https:\/\/www.ginefiv.com\/wp-content\/uploads\/2023\/10\/cabecera-03-1.jpg\",\"width\":1920,\"height\":675},{\"@type\":\"BreadcrumbList\",\"@id\":\"https:\/\/www.ginefiv.com\/it\/programma-garanzia-gravidanza\/#breadcrumb\",\"itemListElement\":[{\"@type\":\"ListItem\",\"position\":1,\"name\":\"Home\",\"item\":\"https:\/\/www.ginefiv.com\/it\/\"},{\"@type\":\"ListItem\",\"position\":2,\"name\":\"Programma di Garanzia\"}]},{\"@type\":\"WebSite\",\"@id\":\"https:\/\/www.ginefiv.com\/it\/#website\",\"url\":\"https:\/\/www.ginefiv.com\/it\/\",\"name\":\"Ginefiv Espa\u00f1a\",\"description\":\"Ginefiv, tu cl\u00ednica de reproducci\u00f3n asistida. 35 a\u00f1os de experiencia en inseminaci\u00f3n artificial y fecundaci\u00f3n in vitro\",\"publisher\":{\"@id\":\"https:\/\/www.ginefiv.com\/it\/#organization\"},\"potentialAction\":[{\"@type\":\"SearchAction\",\"target\":{\"@type\":\"EntryPoint\",\"urlTemplate\":\"https:\/\/www.ginefiv.com\/it\/?s={search_term_string}\"},\"query-input\":{\"@type\":\"PropertyValueSpecification\",\"valueRequired\":true,\"valueName\":\"search_term_string\"}}],\"inLanguage\":\"it-IT\"},{\"@type\":\"Organization\",\"@id\":\"https:\/\/www.ginefiv.com\/it\/#organization\",\"name\":\"Ginefiv\",\"url\":\"https:\/\/www.ginefiv.com\/it\/\",\"logo\":{\"@type\":\"ImageObject\",\"inLanguage\":\"it-IT\",\"@id\":\"https:\/\/www.ginefiv.com\/it\/#\/schema\/logo\/image\/\",\"url\":\"https:\/\/www.ginefiv.com\/wp-content\/uploads\/2023\/12\/descarga.png\",\"contentUrl\":\"https:\/\/www.ginefiv.com\/wp-content\/uploads\/2023\/12\/descarga.png\",\"width\":437,\"height\":115,\"caption\":\"Ginefiv\"},\"image\":{\"@id\":\"https:\/\/www.ginefiv.com\/it\/#\/schema\/logo\/image\/\"}}]}<\/script>\n<!-- \/ Yoast SEO plugin. -->","yoast_head_json":{"title":"Programma di Garanzia | Ginefiv Espa\u00f1a","robots":{"index":"index","follow":"follow","max-snippet":"max-snippet:-1","max-image-preview":"max-image-preview:large","max-video-preview":"max-video-preview:-1"},"canonical":"https:\/\/www.ginefiv.com\/it\/programma-garanzia-gravidanza\/","og_locale":"it_IT","og_type":"article","og_title":"Programma di Garanzia | Ginefiv Espa\u00f1a","og_url":"https:\/\/www.ginefiv.com\/it\/programma-garanzia-gravidanza\/","og_site_name":"Ginefiv Espa\u00f1a","article_modified_time":"2024-02-12T06:29:46+00:00","og_image":[{"width":1920,"height":675,"url":"https:\/\/www.ginefiv.com\/wp-content\/uploads\/2023\/10\/cabecera-03-1.jpg","type":"image\/jpeg"}],"twitter_card":"summary_large_image","twitter_misc":{"Tempo di lettura stimato":"1 minuto"},"schema":{"@context":"https:\/\/schema.org","@graph":[{"@type":"WebPage","@id":"https:\/\/www.ginefiv.com\/it\/programma-garanzia-gravidanza\/","url":"https:\/\/www.ginefiv.com\/it\/programma-garanzia-gravidanza\/","name":"Programma di Garanzia | Ginefiv Espa\u00f1a","isPartOf":{"@id":"https:\/\/www.ginefiv.com\/it\/#website"},"primaryImageOfPage":{"@id":"https:\/\/www.ginefiv.com\/it\/programma-garanzia-gravidanza\/#primaryimage"},"image":{"@id":"https:\/\/www.ginefiv.com\/it\/programma-garanzia-gravidanza\/#primaryimage"},"thumbnailUrl":"https:\/\/www.ginefiv.com\/wp-content\/uploads\/2023\/10\/cabecera-03-1.jpg","datePublished":"2023-10-02T12:38:10+00:00","dateModified":"2024-02-12T06:29:46+00:00","breadcrumb":{"@id":"https:\/\/www.ginefiv.com\/it\/programma-garanzia-gravidanza\/#breadcrumb"},"inLanguage":"it-IT","potentialAction":[{"@type":"ReadAction","target":["https:\/\/www.ginefiv.com\/it\/programma-garanzia-gravidanza\/"]}]},{"@type":"ImageObject","inLanguage":"it-IT","@id":"https:\/\/www.ginefiv.com\/it\/programma-garanzia-gravidanza\/#primaryimage","url":"https:\/\/www.ginefiv.com\/wp-content\/uploads\/2023\/10\/cabecera-03-1.jpg","contentUrl":"https:\/\/www.ginefiv.com\/wp-content\/uploads\/2023\/10\/cabecera-03-1.jpg","width":1920,"height":675},{"@type":"BreadcrumbList","@id":"https:\/\/www.ginefiv.com\/it\/programma-garanzia-gravidanza\/#breadcrumb","itemListElement":[{"@type":"ListItem","position":1,"name":"Home","item":"https:\/\/www.ginefiv.com\/it\/"},{"@type":"ListItem","position":2,"name":"Programma di Garanzia"}]},{"@type":"WebSite","@id":"https:\/\/www.ginefiv.com\/it\/#website","url":"https:\/\/www.ginefiv.com\/it\/","name":"Ginefiv Espa\u00f1a","description":"Ginefiv, tu cl\u00ednica de reproducci\u00f3n asistida. 35 a\u00f1os de experiencia en inseminaci\u00f3n artificial y fecundaci\u00f3n in vitro","publisher":{"@id":"https:\/\/www.ginefiv.com\/it\/#organization"},"potentialAction":[{"@type":"SearchAction","target":{"@type":"EntryPoint","urlTemplate":"https:\/\/www.ginefiv.com\/it\/?s={search_term_string}"},"query-input":{"@type":"PropertyValueSpecification","valueRequired":true,"valueName":"search_term_string"}}],"inLanguage":"it-IT"},{"@type":"Organization","@id":"https:\/\/www.ginefiv.com\/it\/#organization","name":"Ginefiv","url":"https:\/\/www.ginefiv.com\/it\/","logo":{"@type":"ImageObject","inLanguage":"it-IT","@id":"https:\/\/www.ginefiv.com\/it\/#\/schema\/logo\/image\/","url":"https:\/\/www.ginefiv.com\/wp-content\/uploads\/2023\/12\/descarga.png","contentUrl":"https:\/\/www.ginefiv.com\/wp-content\/uploads\/2023\/12\/descarga.png","width":437,"height":115,"caption":"Ginefiv"},"image":{"@id":"https:\/\/www.ginefiv.com\/it\/#\/schema\/logo\/image\/"}}]}},"_links":{"self":[{"href":"https:\/\/www.ginefiv.com\/it\/wp-json\/wp\/v2\/pages\/5735","targetHints":{"allow":["GET"]}}],"collection":[{"href":"https:\/\/www.ginefiv.com\/it\/wp-json\/wp\/v2\/pages"}],"about":[{"href":"https:\/\/www.ginefiv.com\/it\/wp-json\/wp\/v2\/types\/page"}],"author":[{"embeddable":true,"href":"https:\/\/www.ginefiv.com\/it\/wp-json\/wp\/v2\/users\/1"}],"replies":[{"embeddable":true,"href":"https:\/\/www.ginefiv.com\/it\/wp-json\/wp\/v2\/comments?post=5735"}],"version-history":[{"count":0,"href":"https:\/\/www.ginefiv.com\/it\/wp-json\/wp\/v2\/pages\/5735\/revisions"}],"wp:featuredmedia":[{"embeddable":true,"href":"https:\/\/www.ginefiv.com\/it\/wp-json\/wp\/v2\/media\/2324"}],"wp:attachment":[{"href":"https:\/\/www.ginefiv.com\/it\/wp-json\/wp\/v2\/media?parent=5735"}],"curies":[{"name":"wp","href":"https:\/\/api.w.org\/{rel}","templated":true}]}}