











{"id":5766,"date":"2023-10-02T12:51:25","date_gmt":"2023-10-02T12:51:25","guid":{"rendered":"https:\/\/www.ginefiv.com\/precios\/"},"modified":"2024-09-06T11:02:16","modified_gmt":"2024-09-06T11:02:16","slug":"prezzi","status":"publish","type":"page","link":"https:\/\/www.ginefiv.com\/it\/prezzi\/","title":{"rendered":"Prezzi"},"content":{"rendered":"<div class=\"wp-block-cover\" style=\"min-height:80vh;aspect-ratio:unset;\"><span aria-hidden=\"true\" class=\"wp-block-cover__background has-background-dim-40 has-background-dim\"><\/span><img loading=\"lazy\" decoding=\"async\" width=\"1920\" height=\"1488\" class=\"wp-block-cover__image-background wp-image-16496\" alt=\"\" src=\"https:\/\/www.ginefiv.com\/wp-content\/uploads\/2024\/02\/precios2.jpg\" style=\"object-position:50% 30%\" data-object-fit=\"cover\" data-object-position=\"50% 30%\" srcset=\"https:\/\/www.ginefiv.com\/wp-content\/uploads\/2024\/02\/precios2.jpg 1920w, https:\/\/www.ginefiv.com\/wp-content\/uploads\/2024\/02\/precios2-300x233.jpg 300w, https:\/\/www.ginefiv.com\/wp-content\/uploads\/2024\/02\/precios2-1024x794.jpg 1024w, https:\/\/www.ginefiv.com\/wp-content\/uploads\/2024\/02\/precios2-768x595.jpg 768w\" sizes=\"auto, (max-width: 1920px) 100vw, 1920px\" \/><div class=\"wp-block-cover__inner-container is-layout-constrained wp-block-cover-is-layout-constrained\"> <div class=\"wp-block-columns is-layout-flex wp-container-core-columns-is-layout-28f84493 wp-block-columns-is-layout-flex\"> <div class=\"wp-block-column is-layout-flow wp-block-column-is-layout-flow\" style=\"flex-basis:66.66%\"> <h1 class=\"wp-block-heading\">Prezzi della procreazione medicalmente assistita presso Ginefiv<\/h1>    <p class=\"has-medium-font-size\">I prezzi dei trattamenti di procreazione medicalmente assistita presso Ginefiv riflettono i nostri sforzi per offrire la massima qualit\u00e0 tecnica ed eccellenza medica ai prezzi pi\u00f9 accessibili.<\/p> <\/div>    <div class=\"wp-block-column is-layout-flow wp-block-column-is-layout-flow\" style=\"flex-basis:33.33%\"><\/div> <\/div> <\/div><\/div>   <div class=\"yoast-breadcrumbs\"><span><span><a href=\"https:\/\/www.ginefiv.com\/it\/\">Home<\/a><\/span> &gt; <span class=\"breadcrumb_last\" aria-current=\"page\">Prezzi<\/span><\/span><\/div>  <section  class=\"image-text-block custom-block-spacing align-left\" data-magic=\"float-zigzag\">   <div class=\"container\">         <div class=\"row\">       <div class=\"img-col col-12 col-md-6\">                   <picture class=\"image-text-block__img-wrapper image-wrapper zigzag-element\">                         <img data-src=\"https:\/\/www.ginefiv.com\/wp-content\/uploads\/2023\/10\/embarazo-turner-sindrome-540x380.webp\" alt=\"\">           <\/picture>               <\/div>       <div class=\"text-col col-12 col-md-6\">         <div class=\"image-text-block__text-wrapper text-heading-block zigzag-element\">           <div class=\"image-text-block__text-wrapper__content\">             <div class=\"text-block-wrapper\">                                           <p>Se Lei si sta chiedendo quanto costa un trattamento di procreazione medicalmente assistita, non esiti a contattarci e a richiedere un preventivo personalizzato. Dopo aver valutato il Suo caso, La spiegheremo qual \u00e8 il trattamento di fertilit\u00e0 pi\u00f9 adatto a Lei e quali sono le diverse tariffe e opzioni di pagamento disponibili.<\/p> <p>Il preventivo sar\u00e0 completamente personalizzato e non vincolante. Anche la visita in una delle nostre cliniche Ginefiv \u00e8 gratuita.<\/p>             <\/div>                       <\/div>         <\/div>       <\/div>     <\/div>   <\/div>  <\/section>   <div class=\"wp-block-columns is-layout-flex wp-container-core-columns-is-layout-28f84493 wp-block-columns-is-layout-flex\"> <div class=\"wp-block-column wp-column-is-centred is-layout-flow wp-block-column-is-layout-flow\" style=\"flex-basis:750px\"> <h2 class=\"wp-block-heading has-text-align-center\">Non \u00e8 sicura del trattamento pi\u00f9 adatto a Lei?<\/h2>    <p class=\"has-text-align-center\">Clicchi qui per scoprire quale trattamento di fertilit\u00e0 \u00e8 pi\u00f9 adatto a Lei e per richiedere il Suo preventivo personalizzato e informazioni sulle opzioni di pagamento. La invieremo un&#8217;e-mail con l&#8217;indicazione del prezzo del trattamento di fertilit\u00e0 pi\u00f9 adatto a Lei e tutte le informazioni necessarie al riguardo.<\/p> <\/div> <\/div>    <div class=\"wp-block-group container is-layout-constrained wp-block-group-is-layout-constrained\"> <p><iframe style=\"border: none; transform: translateZ(0px); width: 100%; height: 100%; overflow: hidden; border-radius: 8px;min-height:600px;\" title=\"Prediagnostico V3\" src=\"https:\/\/form.typeform.com\/to\/uOgJV2Wr?typeform-embed-id=5095784172430124&amp;typeform-embed=embed-widget&amp;typeform-source=ginefiv.com&amp;typeform-medium=embed-sdk&amp;typeform-medium-version=next&amp;embed-opacity=100&amp;typeform-embed-no-heading=true#prediagnostico3_it=prediagnostico3_it\" data-testid=\"iframe\"><\/iframe><\/p> <\/div>   <section  class=\"image-text-block custom-block-spacing align-right\" data-magic=\"float-zigzag\">   <div class=\"container\">         <div class=\"row\">       <div class=\"img-col col-12 col-md-6\">                   <picture class=\"image-text-block__img-wrapper image-wrapper zigzag-element\">                         <img data-src=\"https:\/\/www.ginefiv.com\/wp-content\/uploads\/2023\/10\/shutterstock_1305333748-540x380.webp\" alt=\"\">           <\/picture>               <\/div>       <div class=\"text-col col-12 col-md-6\">         <div class=\"image-text-block__text-wrapper text-heading-block zigzag-element\">           <div class=\"image-text-block__text-wrapper__content\">             <div class=\"text-block-wrapper\">                                           <p>Clicchi qui per scoprire quale trattamento di fertilit\u00e0 \u00e8 pi\u00f9 adatto a Lei e per richiedere il Suo preventivo personalizzato e informazioni sulle opzioni di pagamento. La invieremo un&#8217;e-mail con l&#8217;indicazione del prezzo del trattamento di fertilit\u00e0 pi\u00f9 adatto a Lei e tutte le informazioni necessarie al riguardo. <\/p>             <\/div>                       <\/div>         <\/div>       <\/div>     <\/div>   <\/div>  <\/section>","protected":false},"excerpt":{"rendered":"<p>Non \u00e8 sicura del trattamento pi\u00f9 adatto a Lei? Clicchi qui per scoprire quale trattamento di fertilit\u00e0 \u00e8 pi\u00f9 adatto&#8230;<\/p>\n","protected":false},"author":1,"featured_media":2347,"parent":0,"menu_order":0,"comment_status":"closed","ping_status":"closed","template":"","meta":{"_acf_changed":false,"footnotes":""},"class_list":["post-5766","page","type-page","status-publish","has-post-thumbnail","hentry"],"acf":[],"yoast_head":"<!-- This site is optimized with the Yoast SEO plugin v27.0 - https:\/\/yoast.com\/product\/yoast-seo-wordpress\/ -->\n<title>Prezzi e finanziamenti per la riproduzione assistita - Ginefiv | Ginefiv Espa\u00f1a<\/title>\n<meta name=\"description\" content=\"L&#039;obiettivo di Ginefiv \u00e8 quello di offrire trattamenti di riproduzione assistita della massima qualit\u00e0 a prezzi ragionevoli. Finanziamo fino al 100% del tuo trattamento\" \/>\n<meta name=\"robots\" content=\"index, follow, max-snippet:-1, max-image-preview:large, max-video-preview:-1\" \/>\n<link rel=\"canonical\" href=\"https:\/\/www.ginefiv.com\/it\/prezzi\/\" \/>\n<meta property=\"og:locale\" content=\"it_IT\" \/>\n<meta property=\"og:type\" content=\"article\" \/>\n<meta property=\"og:title\" content=\"Prezzi e finanziamenti per la riproduzione assistita - Ginefiv | Ginefiv Espa\u00f1a\" \/>\n<meta property=\"og:description\" content=\"L&#039;obiettivo di Ginefiv \u00e8 quello di offrire trattamenti di riproduzione assistita della massima qualit\u00e0 a prezzi ragionevoli. Finanziamo fino al 100% del tuo trattamento\" \/>\n<meta property=\"og:url\" content=\"https:\/\/www.ginefiv.com\/it\/prezzi\/\" \/>\n<meta property=\"og:site_name\" content=\"Ginefiv Espa\u00f1a\" \/>\n<meta property=\"article:modified_time\" content=\"2024-09-06T11:02:16+00:00\" \/>\n<meta property=\"og:image\" content=\"https:\/\/www.ginefiv.com\/wp-content\/uploads\/2023\/10\/precios-1024x793.png\" \/>\n\t<meta property=\"og:image:width\" content=\"1024\" \/>\n\t<meta property=\"og:image:height\" content=\"793\" \/>\n\t<meta property=\"og:image:type\" content=\"image\/png\" \/>\n<meta name=\"twitter:card\" content=\"summary_large_image\" \/>\n<meta name=\"twitter:label1\" content=\"Tempo di lettura stimato\" \/>\n\t<meta name=\"twitter:data1\" content=\"2 minuti\" \/>\n<script type=\"application\/ld+json\" class=\"yoast-schema-graph\">{\"@context\":\"https:\/\/schema.org\",\"@graph\":[{\"@type\":\"WebPage\",\"@id\":\"https:\/\/www.ginefiv.com\/it\/prezzi\/\",\"url\":\"https:\/\/www.ginefiv.com\/it\/prezzi\/\",\"name\":\"Prezzi e finanziamenti per la riproduzione assistita - Ginefiv | Ginefiv Espa\u00f1a\",\"isPartOf\":{\"@id\":\"https:\/\/www.ginefiv.com\/it\/#website\"},\"primaryImageOfPage\":{\"@id\":\"https:\/\/www.ginefiv.com\/it\/prezzi\/#primaryimage\"},\"image\":{\"@id\":\"https:\/\/www.ginefiv.com\/it\/prezzi\/#primaryimage\"},\"thumbnailUrl\":\"https:\/\/www.ginefiv.com\/wp-content\/uploads\/2023\/10\/precios.png\",\"datePublished\":\"2023-10-02T12:51:25+00:00\",\"dateModified\":\"2024-09-06T11:02:16+00:00\",\"description\":\"L'obiettivo di Ginefiv \u00e8 quello di offrire trattamenti di riproduzione assistita della massima qualit\u00e0 a prezzi ragionevoli. Finanziamo fino al 100% del tuo trattamento\",\"breadcrumb\":{\"@id\":\"https:\/\/www.ginefiv.com\/it\/prezzi\/#breadcrumb\"},\"inLanguage\":\"it-IT\",\"potentialAction\":[{\"@type\":\"ReadAction\",\"target\":[\"https:\/\/www.ginefiv.com\/it\/prezzi\/\"]}]},{\"@type\":\"ImageObject\",\"inLanguage\":\"it-IT\",\"@id\":\"https:\/\/www.ginefiv.com\/it\/prezzi\/#primaryimage\",\"url\":\"https:\/\/www.ginefiv.com\/wp-content\/uploads\/2023\/10\/precios.png\",\"contentUrl\":\"https:\/\/www.ginefiv.com\/wp-content\/uploads\/2023\/10\/precios.png\",\"width\":6000,\"height\":4647},{\"@type\":\"BreadcrumbList\",\"@id\":\"https:\/\/www.ginefiv.com\/it\/prezzi\/#breadcrumb\",\"itemListElement\":[{\"@type\":\"ListItem\",\"position\":1,\"name\":\"Home\",\"item\":\"https:\/\/www.ginefiv.com\/it\/\"},{\"@type\":\"ListItem\",\"position\":2,\"name\":\"Prezzi\"}]},{\"@type\":\"WebSite\",\"@id\":\"https:\/\/www.ginefiv.com\/it\/#website\",\"url\":\"https:\/\/www.ginefiv.com\/it\/\",\"name\":\"Ginefiv Espa\u00f1a\",\"description\":\"Ginefiv, tu cl\u00ednica de reproducci\u00f3n asistida. 35 a\u00f1os de experiencia en inseminaci\u00f3n artificial y fecundaci\u00f3n in vitro\",\"publisher\":{\"@id\":\"https:\/\/www.ginefiv.com\/it\/#organization\"},\"potentialAction\":[{\"@type\":\"SearchAction\",\"target\":{\"@type\":\"EntryPoint\",\"urlTemplate\":\"https:\/\/www.ginefiv.com\/it\/?s={search_term_string}\"},\"query-input\":{\"@type\":\"PropertyValueSpecification\",\"valueRequired\":true,\"valueName\":\"search_term_string\"}}],\"inLanguage\":\"it-IT\"},{\"@type\":\"Organization\",\"@id\":\"https:\/\/www.ginefiv.com\/it\/#organization\",\"name\":\"Ginefiv\",\"url\":\"https:\/\/www.ginefiv.com\/it\/\",\"logo\":{\"@type\":\"ImageObject\",\"inLanguage\":\"it-IT\",\"@id\":\"https:\/\/www.ginefiv.com\/it\/#\/schema\/logo\/image\/\",\"url\":\"https:\/\/www.ginefiv.com\/wp-content\/uploads\/2023\/12\/descarga.png\",\"contentUrl\":\"https:\/\/www.ginefiv.com\/wp-content\/uploads\/2023\/12\/descarga.png\",\"width\":437,\"height\":115,\"caption\":\"Ginefiv\"},\"image\":{\"@id\":\"https:\/\/www.ginefiv.com\/it\/#\/schema\/logo\/image\/\"}}]}<\/script>\n<!-- \/ Yoast SEO plugin. -->","yoast_head_json":{"title":"Prezzi e finanziamenti per la riproduzione assistita - Ginefiv | Ginefiv Espa\u00f1a","description":"L'obiettivo di Ginefiv \u00e8 quello di offrire trattamenti di riproduzione assistita della massima qualit\u00e0 a prezzi ragionevoli. Finanziamo fino al 100% del tuo trattamento","robots":{"index":"index","follow":"follow","max-snippet":"max-snippet:-1","max-image-preview":"max-image-preview:large","max-video-preview":"max-video-preview:-1"},"canonical":"https:\/\/www.ginefiv.com\/it\/prezzi\/","og_locale":"it_IT","og_type":"article","og_title":"Prezzi e finanziamenti per la riproduzione assistita - Ginefiv | Ginefiv Espa\u00f1a","og_description":"L'obiettivo di Ginefiv \u00e8 quello di offrire trattamenti di riproduzione assistita della massima qualit\u00e0 a prezzi ragionevoli. Finanziamo fino al 100% del tuo trattamento","og_url":"https:\/\/www.ginefiv.com\/it\/prezzi\/","og_site_name":"Ginefiv Espa\u00f1a","article_modified_time":"2024-09-06T11:02:16+00:00","og_image":[{"width":1024,"height":793,"url":"https:\/\/www.ginefiv.com\/wp-content\/uploads\/2023\/10\/precios-1024x793.png","type":"image\/png"}],"twitter_card":"summary_large_image","twitter_misc":{"Tempo di lettura stimato":"2 minuti"},"schema":{"@context":"https:\/\/schema.org","@graph":[{"@type":"WebPage","@id":"https:\/\/www.ginefiv.com\/it\/prezzi\/","url":"https:\/\/www.ginefiv.com\/it\/prezzi\/","name":"Prezzi e finanziamenti per la riproduzione assistita - Ginefiv | Ginefiv Espa\u00f1a","isPartOf":{"@id":"https:\/\/www.ginefiv.com\/it\/#website"},"primaryImageOfPage":{"@id":"https:\/\/www.ginefiv.com\/it\/prezzi\/#primaryimage"},"image":{"@id":"https:\/\/www.ginefiv.com\/it\/prezzi\/#primaryimage"},"thumbnailUrl":"https:\/\/www.ginefiv.com\/wp-content\/uploads\/2023\/10\/precios.png","datePublished":"2023-10-02T12:51:25+00:00","dateModified":"2024-09-06T11:02:16+00:00","description":"L'obiettivo di Ginefiv \u00e8 quello di offrire trattamenti di riproduzione assistita della massima qualit\u00e0 a prezzi ragionevoli. Finanziamo fino al 100% del tuo trattamento","breadcrumb":{"@id":"https:\/\/www.ginefiv.com\/it\/prezzi\/#breadcrumb"},"inLanguage":"it-IT","potentialAction":[{"@type":"ReadAction","target":["https:\/\/www.ginefiv.com\/it\/prezzi\/"]}]},{"@type":"ImageObject","inLanguage":"it-IT","@id":"https:\/\/www.ginefiv.com\/it\/prezzi\/#primaryimage","url":"https:\/\/www.ginefiv.com\/wp-content\/uploads\/2023\/10\/precios.png","contentUrl":"https:\/\/www.ginefiv.com\/wp-content\/uploads\/2023\/10\/precios.png","width":6000,"height":4647},{"@type":"BreadcrumbList","@id":"https:\/\/www.ginefiv.com\/it\/prezzi\/#breadcrumb","itemListElement":[{"@type":"ListItem","position":1,"name":"Home","item":"https:\/\/www.ginefiv.com\/it\/"},{"@type":"ListItem","position":2,"name":"Prezzi"}]},{"@type":"WebSite","@id":"https:\/\/www.ginefiv.com\/it\/#website","url":"https:\/\/www.ginefiv.com\/it\/","name":"Ginefiv Espa\u00f1a","description":"Ginefiv, tu cl\u00ednica de reproducci\u00f3n asistida. 35 a\u00f1os de experiencia en inseminaci\u00f3n artificial y fecundaci\u00f3n in vitro","publisher":{"@id":"https:\/\/www.ginefiv.com\/it\/#organization"},"potentialAction":[{"@type":"SearchAction","target":{"@type":"EntryPoint","urlTemplate":"https:\/\/www.ginefiv.com\/it\/?s={search_term_string}"},"query-input":{"@type":"PropertyValueSpecification","valueRequired":true,"valueName":"search_term_string"}}],"inLanguage":"it-IT"},{"@type":"Organization","@id":"https:\/\/www.ginefiv.com\/it\/#organization","name":"Ginefiv","url":"https:\/\/www.ginefiv.com\/it\/","logo":{"@type":"ImageObject","inLanguage":"it-IT","@id":"https:\/\/www.ginefiv.com\/it\/#\/schema\/logo\/image\/","url":"https:\/\/www.ginefiv.com\/wp-content\/uploads\/2023\/12\/descarga.png","contentUrl":"https:\/\/www.ginefiv.com\/wp-content\/uploads\/2023\/12\/descarga.png","width":437,"height":115,"caption":"Ginefiv"},"image":{"@id":"https:\/\/www.ginefiv.com\/it\/#\/schema\/logo\/image\/"}}]}},"_links":{"self":[{"href":"https:\/\/www.ginefiv.com\/it\/wp-json\/wp\/v2\/pages\/5766","targetHints":{"allow":["GET"]}}],"collection":[{"href":"https:\/\/www.ginefiv.com\/it\/wp-json\/wp\/v2\/pages"}],"about":[{"href":"https:\/\/www.ginefiv.com\/it\/wp-json\/wp\/v2\/types\/page"}],"author":[{"embeddable":true,"href":"https:\/\/www.ginefiv.com\/it\/wp-json\/wp\/v2\/users\/1"}],"replies":[{"embeddable":true,"href":"https:\/\/www.ginefiv.com\/it\/wp-json\/wp\/v2\/comments?post=5766"}],"version-history":[{"count":0,"href":"https:\/\/www.ginefiv.com\/it\/wp-json\/wp\/v2\/pages\/5766\/revisions"}],"wp:featuredmedia":[{"embeddable":true,"href":"https:\/\/www.ginefiv.com\/it\/wp-json\/wp\/v2\/media\/2347"}],"wp:attachment":[{"href":"https:\/\/www.ginefiv.com\/it\/wp-json\/wp\/v2\/media?parent=5766"}],"curies":[{"name":"wp","href":"https:\/\/api.w.org\/{rel}","templated":true}]}}