











{"id":8357,"date":"2023-09-26T12:55:13","date_gmt":"2023-09-26T12:55:13","guid":{"rendered":"https:\/\/www.ginefiv.com\/clinicas\/"},"modified":"2024-09-22T11:04:01","modified_gmt":"2024-09-22T11:04:01","slug":"cliniche","status":"publish","type":"page","link":"https:\/\/www.ginefiv.com\/it\/cliniche\/","title":{"rendered":"Cliniche di riproduzione assistita Ginefiv"},"content":{"rendered":"<div class=\"wp-block-cover\" style=\"min-height:80vh;aspect-ratio:unset;\"><span aria-hidden=\"true\" class=\"wp-block-cover__background has-background-dim-40 has-background-dim\"><\/span><img loading=\"lazy\" decoding=\"async\" width=\"2218\" height=\"1332\" class=\"wp-block-cover__image-background wp-image-1233\" alt=\"\" src=\"https:\/\/www.ginefiv.com\/wp-content\/uploads\/2023\/09\/madrid-centro-hero21.webp\" data-object-fit=\"cover\" srcset=\"https:\/\/www.ginefiv.com\/wp-content\/uploads\/2023\/09\/madrid-centro-hero21.webp 2218w, https:\/\/www.ginefiv.com\/wp-content\/uploads\/2023\/09\/madrid-centro-hero21-300x180.webp 300w, https:\/\/www.ginefiv.com\/wp-content\/uploads\/2023\/09\/madrid-centro-hero21-1024x615.webp 1024w, https:\/\/www.ginefiv.com\/wp-content\/uploads\/2023\/09\/madrid-centro-hero21-768x461.webp 768w\" sizes=\"auto, (max-width: 2218px) 100vw, 2218px\" \/><div class=\"wp-block-cover__inner-container is-layout-constrained wp-block-cover-is-layout-constrained\"> <div class=\"wp-block-columns is-layout-flex wp-container-core-columns-is-layout-28f84493 wp-block-columns-is-layout-flex\"> <div class=\"wp-block-column is-layout-flow wp-block-column-is-layout-flow\"> <h1 class=\"wp-block-heading\">Cliniche di riproduzione assistita Ginefiv<\/h1> <\/div>    <div class=\"wp-block-column is-layout-flow wp-block-column-is-layout-flow\"><\/div> <\/div> <\/div><\/div>    <section class=\"wp-block-breadcrumbs\">   <div class=\"content-wrapper\">     <ul>                   <li>               <a href=\"https:\/\/www.ginefiv.com\/it\/\" title=\"Ginefiv Espa\u00f1a\">                 Ginefiv              <\/a>             <\/li>                         <li>               <span class=\"current\" title=\"Cliniche di riproduzione assistita Ginefiv\">                 Cliniche di riproduzione assistita Ginefiv              <\/span>             <\/li>                 <\/ul>   <\/div> <\/section>    <section class=\"content-wrapper content-location\">    <div class=\"block-columns pb-4\">          <div class=\"wp-block-column\">       <h3 class=\"wp-block-heading\">         Barcelona      <\/h3>     <\/div>    <\/div>    <div class=\"wp-block-columns content-location--grid\">      <div class=\"wp-block-column\">       <div class=\"flex-location-item\">         <div class=\"flex-location-item--icon\">           <img decoding=\"async\" src=\"https:\/\/www.ginefiv.com\/wp-content\/themes\/wac-theme\/assets\/images\/icons\/clinic_address.webp\" alt=\"Address image\">         <\/div>         <div class=\"flex-location-item--desc\">           <p class=\"pb-2\"><strong>Indirizzo<\/strong><\/p>           Gran V\u00eda de Les Corts Catalanes, 456 \u2013 08015 Barcelona        <\/div>       <\/div>        <div class=\"flex-location-item\">       <div class=\"flex-location-item--icon\">           <img decoding=\"async\" src=\"https:\/\/www.ginefiv.com\/wp-content\/themes\/wac-theme\/assets\/images\/icons\/clinic_schedule.webp\" alt=\"Schedule image\">         <\/div>         <div class=\"flex-location-item--desc\">           <p class=\"pb-2\"><strong>Orario<\/strong><\/p>                       <p class=\"pb-0\">               <strong>Dal luned\u00ec al venerd\u00ec<\/strong>:               dalle 09:00h alle 19:30h            <\/p>                   <\/div>       <\/div>        <div class=\"flex-location-item\">         <div class=\"flex-location-item--icon\">           <img decoding=\"async\" src=\"https:\/\/www.ginefiv.com\/wp-content\/themes\/wac-theme\/assets\/images\/icons\/clinic_phone.webp\" alt=\"Contact image\">         <\/div>         <div class=\"flex-location-item--desc\">           <p class=\"pb-2\"><strong>Telefono<\/strong><\/p>                       <p class=\"pb-0\">               <strong>Orario di apertura dal luned\u00ec al venerd\u00ec dalle 9:00h alle 21:00h<\/strong>               <br>               (+34) 917 888 088              <br><br>             <\/p>                   <\/div>       <\/div>      <\/div>      <div class=\"wp-block-column\">       <iframe src=\"https:\/\/www.google.com\/maps\/embed?pb=!1m18!1m12!1m3!1d2993.781357392319!2d2.1523738765658007!3d41.37883479652481!2m3!1f0!2f0!3f0!3m2!1i1024!2i768!4f13.1!3m3!1m2!1s0x12a4a3ec97e0d613%3A0xb00c48b33152ca3d!2sCl%C3%ADnica%20Ginefiv%20Barcelona%20-%20Cl%C3%ADnica%20de%20Reproducci%C3%B3n%20Asistida%20(Fertilidad%3A%20Fecunfaci%C3%B3n%20in%20vitro%2C%20Inseminaci%C3%B3n%20Artificial)!5e0!3m2!1sit!2sit!4v1717509387199!5m2!1sit!2sit\" width=\"600\" height=\"450\" allowfullscreen=\"\" loading=\"lazy\" referrerpolicy=\"no-referrer-when-downgrade\"><\/iframe>    <\/div>    <\/div>  <\/section>   <section class=\"content-wrapper content-location\">    <div class=\"block-columns pb-4\">          <div class=\"wp-block-column\">       <h3 class=\"wp-block-heading\">         Madrid Centro      <\/h3>     <\/div>    <\/div>    <div class=\"wp-block-columns content-location--grid\">      <div class=\"wp-block-column\">       <div class=\"flex-location-item\">         <div class=\"flex-location-item--icon\">           <img decoding=\"async\" src=\"https:\/\/www.ginefiv.com\/wp-content\/themes\/wac-theme\/assets\/images\/icons\/clinic_address.webp\" alt=\"Address image\">         <\/div>         <div class=\"flex-location-item--desc\">           <p class=\"pb-2\"><strong>Indirizzo<\/strong><\/p>           C\/ Zurbano, 51 &#8211; 28010, Madrid        <\/div>       <\/div>        <div class=\"flex-location-item\">       <div class=\"flex-location-item--icon\">           <img decoding=\"async\" src=\"https:\/\/www.ginefiv.com\/wp-content\/themes\/wac-theme\/assets\/images\/icons\/clinic_schedule.webp\" alt=\"Schedule image\">         <\/div>         <div class=\"flex-location-item--desc\">           <p class=\"pb-2\"><strong>Orario<\/strong><\/p>                       <p class=\"pb-0\">               <strong>Dal luned\u00ec al venerd\u00ec<\/strong>:               dalle 8:00h alle 22:00h            <\/p>                       <p class=\"pb-0\">               <strong>Sabato e domenica<\/strong>:               dalle 10:00h alle 13:00h            <\/p>                       <p class=\"pb-0\">               <strong>Orari del servizio di assistenza ai pacienti<\/strong>:               Dal luned\u00ec al vinerd\u00ec dalle 9:00h alle 19:00h            <\/p>                   <\/div>       <\/div>        <div class=\"flex-location-item\">         <div class=\"flex-location-item--icon\">           <img decoding=\"async\" src=\"https:\/\/www.ginefiv.com\/wp-content\/themes\/wac-theme\/assets\/images\/icons\/clinic_phone.webp\" alt=\"Contact image\">         <\/div>         <div class=\"flex-location-item--desc\">           <p class=\"pb-2\"><strong>Telefono<\/strong><\/p>                       <p class=\"pb-0\">               <strong>Orario di servizio dal luned\u00ec al venerd\u00ec dalle 8:00h alle 21:00h<\/strong>               <br>               (+34) 915 197 541              <br><br>             <\/p>                       <p class=\"pb-0\">               <strong>Fax<\/strong>               <br>               914151426              <br><br>             <\/p>                   <\/div>       <\/div>      <\/div>      <div class=\"wp-block-column\">       <iframe src=\"https:\/\/www.google.com\/maps\/embed?pb=!1m18!1m12!1m3!1d3036.819428164564!2d-3.6959930234689025!3d40.434997154526656!2m3!1f0!2f0!3f0!3m2!1i1024!2i768!4f13.1!3m3!1m2!1s0xd4228f2970bfdaf%3A0x2cc1962b44f4ada3!2sCl%C3%ADnica%20Ginefiv!5e0!3m2!1sit!2sit!4v1717509491293!5m2!1sit!2sit\" width=\"600\" height=\"450\" allowfullscreen=\"\" loading=\"lazy\" referrerpolicy=\"no-referrer-when-downgrade\"><\/iframe>      <\/div>    <\/div>  <\/section>   <div class=\"wp-block-columns alignfull mb-0 has-pale-peach-background-color has-background is-layout-flex wp-container-core-columns-is-layout-f0342b05 wp-block-columns-is-layout-flex\" style=\"margin-top:0;margin-bottom:0\"> <div class=\"wp-block-column is-layout-flow wp-block-column-is-layout-flow\"> <div class=\"wp-block-columns is-layout-flex wp-container-core-columns-is-layout-28f84493 wp-block-columns-is-layout-flex\" id=\"ginefiv-maternity\"> <div class=\"wp-block-column is-vertically-aligned-center is-layout-flow wp-block-column-is-layout-flow\"> <h2 class=\"wp-block-heading\">Maternit\u00e0 Ginefiv<\/h2>    <p class=\"has-medium-font-size\">Il programma di garanzia della gravidanza quello garantisce la nascita del tuo bambino o ti rimborseremo i soldi.<\/p>    <div class=\"wp-block-buttons is-layout-flex wp-block-buttons-is-layout-flex\"> <div class=\"wp-block-button\"><a class=\"wp-block-button__link has-turquoise-teal-background-color has-background wp-element-button\" href=\"https:\/\/www.ginefiv.com\/it\/riproduzione-assistita\/ginefiv-maternity\/\" style=\"border-radius:10px\">Conosci Ginefiv Maternity<\/a><\/div> <\/div> <\/div>    <div class=\"wp-block-column is-layout-flow wp-block-column-is-layout-flow\"> <figure class=\"wp-block-image size-full is-style-rounded\"><img loading=\"lazy\" decoding=\"async\" width=\"640\" height=\"474\" src=\"https:\/\/www.ginefiv.com\/wp-content\/uploads\/2024\/09\/imagen-para-el-banner.jpg\" alt=\"\" class=\"wp-image-34174\" srcset=\"https:\/\/www.ginefiv.com\/wp-content\/uploads\/2024\/09\/imagen-para-el-banner.jpg 640w, https:\/\/www.ginefiv.com\/wp-content\/uploads\/2024\/09\/imagen-para-el-banner-300x222.jpg 300w\" sizes=\"auto, (max-width: 640px) 100vw, 640px\" \/><\/figure> <\/div> <\/div> <\/div> <\/div>    <div class=\"wp-block-columns alignfull has-turquoise-teal-background-color has-background is-layout-flex wp-container-core-columns-is-layout-28f84493 wp-block-columns-is-layout-flex\"> <div class=\"wp-block-column is-layout-flow wp-block-column-is-layout-flow\"> <section class=\"grid-icons-block content-wrapper\">        <div class=\"grid-icon\">             <picture class=\"grid-icon__thumbnail\">         <img loading=\"lazy\" decoding=\"async\" width=\"700\" height=\"700\" src=\"https:\/\/www.ginefiv.com\/wp-content\/uploads\/2023\/10\/35anos.png\" class=\"attachment-large size-large\" alt=\"\" srcset=\"https:\/\/www.ginefiv.com\/wp-content\/uploads\/2023\/10\/35anos.png 700w, https:\/\/www.ginefiv.com\/wp-content\/uploads\/2023\/10\/35anos-300x300.png 300w, https:\/\/www.ginefiv.com\/wp-content\/uploads\/2023\/10\/35anos-150x150.png 150w, https:\/\/www.ginefiv.com\/wp-content\/uploads\/2023\/10\/35anos-420x420.png 420w\" sizes=\"auto, (max-width: 700px) 100vw, 700px\" \/>      <\/picture>             <div class=\"grid-icon__text\">         35 anni di esperienza      <\/div>     <\/div>         <div class=\"grid-icon\">             <picture class=\"grid-icon__thumbnail\">         <img loading=\"lazy\" decoding=\"async\" width=\"700\" height=\"700\" src=\"https:\/\/www.ginefiv.com\/wp-content\/uploads\/2023\/10\/mano-cruz.png\" class=\"attachment-large size-large\" alt=\"\" srcset=\"https:\/\/www.ginefiv.com\/wp-content\/uploads\/2023\/10\/mano-cruz.png 700w, https:\/\/www.ginefiv.com\/wp-content\/uploads\/2023\/10\/mano-cruz-300x300.png 300w, https:\/\/www.ginefiv.com\/wp-content\/uploads\/2023\/10\/mano-cruz-150x150.png 150w, https:\/\/www.ginefiv.com\/wp-content\/uploads\/2023\/10\/mano-cruz-420x420.png 420w\" sizes=\"auto, (max-width: 700px) 100vw, 700px\" \/>      <\/picture>             <div class=\"grid-icon__text\">         Seguridad garantizada      <\/div>     <\/div>         <div class=\"grid-icon\">             <picture class=\"grid-icon__thumbnail\">         <img loading=\"lazy\" decoding=\"async\" width=\"700\" height=\"700\" src=\"https:\/\/www.ginefiv.com\/wp-content\/uploads\/2023\/10\/auriculares.png\" class=\"attachment-large size-large\" alt=\"\" srcset=\"https:\/\/www.ginefiv.com\/wp-content\/uploads\/2023\/10\/auriculares.png 700w, https:\/\/www.ginefiv.com\/wp-content\/uploads\/2023\/10\/auriculares-300x300.png 300w, https:\/\/www.ginefiv.com\/wp-content\/uploads\/2023\/10\/auriculares-150x150.png 150w, https:\/\/www.ginefiv.com\/wp-content\/uploads\/2023\/10\/auriculares-420x420.png 420w\" sizes=\"auto, (max-width: 700px) 100vw, 700px\" \/>      <\/picture>             <div class=\"grid-icon__text\">         Assistenza personalizzata      <\/div>     <\/div>         <div class=\"grid-icon\">             <picture class=\"grid-icon__thumbnail\">         <img loading=\"lazy\" decoding=\"async\" width=\"700\" height=\"700\" src=\"https:\/\/www.ginefiv.com\/wp-content\/uploads\/2023\/10\/ovulo.png\" class=\"attachment-large size-large\" alt=\"\" srcset=\"https:\/\/www.ginefiv.com\/wp-content\/uploads\/2023\/10\/ovulo.png 700w, https:\/\/www.ginefiv.com\/wp-content\/uploads\/2023\/10\/ovulo-300x300.png 300w, https:\/\/www.ginefiv.com\/wp-content\/uploads\/2023\/10\/ovulo-150x150.png 150w, https:\/\/www.ginefiv.com\/wp-content\/uploads\/2023\/10\/ovulo-420x420.png 420w\" sizes=\"auto, (max-width: 700px) 100vw, 700px\" \/>      <\/picture>             <div class=\"grid-icon__text\">         Tecnologia in prima linea      <\/div>     <\/div>         <div class=\"grid-icon\">             <picture class=\"grid-icon__thumbnail\">         <img loading=\"lazy\" decoding=\"async\" width=\"700\" height=\"700\" src=\"https:\/\/www.ginefiv.com\/wp-content\/uploads\/2023\/10\/medalla.png\" class=\"attachment-large size-large\" alt=\"\" srcset=\"https:\/\/www.ginefiv.com\/wp-content\/uploads\/2023\/10\/medalla.png 700w, https:\/\/www.ginefiv.com\/wp-content\/uploads\/2023\/10\/medalla-300x300.png 300w, https:\/\/www.ginefiv.com\/wp-content\/uploads\/2023\/10\/medalla-150x150.png 150w, https:\/\/www.ginefiv.com\/wp-content\/uploads\/2023\/10\/medalla-420x420.png 420w\" sizes=\"auto, (max-width: 700px) 100vw, 700px\" \/>      <\/picture>             <div class=\"grid-icon__text\">         Alte percentuali di successo      <\/div>     <\/div>         <div class=\"grid-icon\">             <picture class=\"grid-icon__thumbnail\">         <img loading=\"lazy\" decoding=\"async\" width=\"700\" height=\"700\" src=\"https:\/\/www.ginefiv.com\/wp-content\/uploads\/2023\/10\/mano-ok.png\" class=\"attachment-large size-large\" alt=\"\" srcset=\"https:\/\/www.ginefiv.com\/wp-content\/uploads\/2023\/10\/mano-ok.png 700w, https:\/\/www.ginefiv.com\/wp-content\/uploads\/2023\/10\/mano-ok-300x300.png 300w, https:\/\/www.ginefiv.com\/wp-content\/uploads\/2023\/10\/mano-ok-150x150.png 150w, https:\/\/www.ginefiv.com\/wp-content\/uploads\/2023\/10\/mano-ok-420x420.png 420w\" sizes=\"auto, (max-width: 700px) 100vw, 700px\" \/>      <\/picture>             <div class=\"grid-icon__text\">         Tariffe economiche      <\/div>     <\/div>     <\/section><\/div> <\/div>","protected":false},"excerpt":{"rendered":"","protected":false},"author":1,"featured_media":1237,"parent":0,"menu_order":0,"comment_status":"closed","ping_status":"closed","template":"","meta":{"_acf_changed":false,"footnotes":""},"class_list":["post-8357","page","type-page","status-publish","has-post-thumbnail","hentry"],"acf":[],"yoast_head":"<!-- This site is optimized with the Yoast SEO plugin v27.0 - https:\/\/yoast.com\/product\/yoast-seo-wordpress\/ -->\n<title>Cliniche di riproduzione assistita Ginefiv | Ginefiv Espa\u00f1a<\/title>\n<meta name=\"description\" content=\"En Ginefiv encontrar\u00e1s el confort y la \u00faltima tecnolog\u00eda que forman parte de nuestra identidad desde hace m\u00e1s de 30 a\u00f1os.\" \/>\n<meta name=\"robots\" content=\"index, follow, max-snippet:-1, max-image-preview:large, max-video-preview:-1\" \/>\n<link rel=\"canonical\" href=\"https:\/\/www.ginefiv.com\/it\/cliniche\/\" \/>\n<meta property=\"og:locale\" content=\"it_IT\" \/>\n<meta property=\"og:type\" content=\"article\" \/>\n<meta property=\"og:title\" content=\"Cliniche di riproduzione assistita Ginefiv | Ginefiv Espa\u00f1a\" \/>\n<meta property=\"og:description\" content=\"En Ginefiv encontrar\u00e1s el confort y la \u00faltima tecnolog\u00eda que forman parte de nuestra identidad desde hace m\u00e1s de 30 a\u00f1os.\" \/>\n<meta property=\"og:url\" content=\"https:\/\/www.ginefiv.com\/it\/cliniche\/\" \/>\n<meta property=\"og:site_name\" content=\"Ginefiv Espa\u00f1a\" \/>\n<meta property=\"article:modified_time\" content=\"2024-09-22T11:04:01+00:00\" \/>\n<meta property=\"og:image\" content=\"https:\/\/www.ginefiv.com\/wp-content\/uploads\/2023\/09\/madrid-centro-hero21.webp\" \/>\n\t<meta property=\"og:image:width\" content=\"2218\" \/>\n\t<meta property=\"og:image:height\" content=\"1332\" \/>\n\t<meta property=\"og:image:type\" content=\"image\/webp\" \/>\n<meta name=\"twitter:card\" content=\"summary_large_image\" \/>\n<meta name=\"twitter:label1\" content=\"Tempo di lettura stimato\" \/>\n\t<meta name=\"twitter:data1\" content=\"2 minuti\" \/>\n<script type=\"application\/ld+json\" class=\"yoast-schema-graph\">{\"@context\":\"https:\/\/schema.org\",\"@graph\":[{\"@type\":\"WebPage\",\"@id\":\"https:\/\/www.ginefiv.com\/it\/cliniche\/\",\"url\":\"https:\/\/www.ginefiv.com\/it\/cliniche\/\",\"name\":\"Cliniche di riproduzione assistita Ginefiv | Ginefiv Espa\u00f1a\",\"isPartOf\":{\"@id\":\"https:\/\/www.ginefiv.com\/it\/#website\"},\"primaryImageOfPage\":{\"@id\":\"https:\/\/www.ginefiv.com\/it\/cliniche\/#primaryimage\"},\"image\":{\"@id\":\"https:\/\/www.ginefiv.com\/it\/cliniche\/#primaryimage\"},\"thumbnailUrl\":\"https:\/\/www.ginefiv.com\/wp-content\/uploads\/2023\/09\/madrid-centro-hero21.webp\",\"datePublished\":\"2023-09-26T12:55:13+00:00\",\"dateModified\":\"2024-09-22T11:04:01+00:00\",\"description\":\"En Ginefiv encontrar\u00e1s el confort y la \u00faltima tecnolog\u00eda que forman parte de nuestra identidad desde hace m\u00e1s de 30 a\u00f1os.\",\"breadcrumb\":{\"@id\":\"https:\/\/www.ginefiv.com\/it\/cliniche\/#breadcrumb\"},\"inLanguage\":\"it-IT\",\"potentialAction\":[{\"@type\":\"ReadAction\",\"target\":[\"https:\/\/www.ginefiv.com\/it\/cliniche\/\"]}]},{\"@type\":\"ImageObject\",\"inLanguage\":\"it-IT\",\"@id\":\"https:\/\/www.ginefiv.com\/it\/cliniche\/#primaryimage\",\"url\":\"https:\/\/www.ginefiv.com\/wp-content\/uploads\/2023\/09\/madrid-centro-hero21.webp\",\"contentUrl\":\"https:\/\/www.ginefiv.com\/wp-content\/uploads\/2023\/09\/madrid-centro-hero21.webp\",\"width\":2218,\"height\":1332},{\"@type\":\"BreadcrumbList\",\"@id\":\"https:\/\/www.ginefiv.com\/it\/cliniche\/#breadcrumb\",\"itemListElement\":[{\"@type\":\"ListItem\",\"position\":1,\"name\":\"Home\",\"item\":\"https:\/\/www.ginefiv.com\/it\/\"},{\"@type\":\"ListItem\",\"position\":2,\"name\":\"Cliniche di riproduzione assistita Ginefiv\"}]},{\"@type\":\"WebSite\",\"@id\":\"https:\/\/www.ginefiv.com\/it\/#website\",\"url\":\"https:\/\/www.ginefiv.com\/it\/\",\"name\":\"Ginefiv Espa\u00f1a\",\"description\":\"Ginefiv, tu cl\u00ednica de reproducci\u00f3n asistida. 35 a\u00f1os de experiencia en inseminaci\u00f3n artificial y fecundaci\u00f3n in vitro\",\"publisher\":{\"@id\":\"https:\/\/www.ginefiv.com\/it\/#organization\"},\"potentialAction\":[{\"@type\":\"SearchAction\",\"target\":{\"@type\":\"EntryPoint\",\"urlTemplate\":\"https:\/\/www.ginefiv.com\/it\/?s={search_term_string}\"},\"query-input\":{\"@type\":\"PropertyValueSpecification\",\"valueRequired\":true,\"valueName\":\"search_term_string\"}}],\"inLanguage\":\"it-IT\"},{\"@type\":\"Organization\",\"@id\":\"https:\/\/www.ginefiv.com\/it\/#organization\",\"name\":\"Ginefiv\",\"url\":\"https:\/\/www.ginefiv.com\/it\/\",\"logo\":{\"@type\":\"ImageObject\",\"inLanguage\":\"it-IT\",\"@id\":\"https:\/\/www.ginefiv.com\/it\/#\/schema\/logo\/image\/\",\"url\":\"https:\/\/www.ginefiv.com\/wp-content\/uploads\/2023\/12\/descarga.png\",\"contentUrl\":\"https:\/\/www.ginefiv.com\/wp-content\/uploads\/2023\/12\/descarga.png\",\"width\":437,\"height\":115,\"caption\":\"Ginefiv\"},\"image\":{\"@id\":\"https:\/\/www.ginefiv.com\/it\/#\/schema\/logo\/image\/\"}}]}<\/script>\n<!-- \/ Yoast SEO plugin. -->","yoast_head_json":{"title":"Cliniche di riproduzione assistita Ginefiv | Ginefiv Espa\u00f1a","description":"En Ginefiv encontrar\u00e1s el confort y la \u00faltima tecnolog\u00eda que forman parte de nuestra identidad desde hace m\u00e1s de 30 a\u00f1os.","robots":{"index":"index","follow":"follow","max-snippet":"max-snippet:-1","max-image-preview":"max-image-preview:large","max-video-preview":"max-video-preview:-1"},"canonical":"https:\/\/www.ginefiv.com\/it\/cliniche\/","og_locale":"it_IT","og_type":"article","og_title":"Cliniche di riproduzione assistita Ginefiv | Ginefiv Espa\u00f1a","og_description":"En Ginefiv encontrar\u00e1s el confort y la \u00faltima tecnolog\u00eda que forman parte de nuestra identidad desde hace m\u00e1s de 30 a\u00f1os.","og_url":"https:\/\/www.ginefiv.com\/it\/cliniche\/","og_site_name":"Ginefiv Espa\u00f1a","article_modified_time":"2024-09-22T11:04:01+00:00","og_image":[{"width":2218,"height":1332,"url":"https:\/\/www.ginefiv.com\/wp-content\/uploads\/2023\/09\/madrid-centro-hero21.webp","type":"image\/webp"}],"twitter_card":"summary_large_image","twitter_misc":{"Tempo di lettura stimato":"2 minuti"},"schema":{"@context":"https:\/\/schema.org","@graph":[{"@type":"WebPage","@id":"https:\/\/www.ginefiv.com\/it\/cliniche\/","url":"https:\/\/www.ginefiv.com\/it\/cliniche\/","name":"Cliniche di riproduzione assistita Ginefiv | Ginefiv Espa\u00f1a","isPartOf":{"@id":"https:\/\/www.ginefiv.com\/it\/#website"},"primaryImageOfPage":{"@id":"https:\/\/www.ginefiv.com\/it\/cliniche\/#primaryimage"},"image":{"@id":"https:\/\/www.ginefiv.com\/it\/cliniche\/#primaryimage"},"thumbnailUrl":"https:\/\/www.ginefiv.com\/wp-content\/uploads\/2023\/09\/madrid-centro-hero21.webp","datePublished":"2023-09-26T12:55:13+00:00","dateModified":"2024-09-22T11:04:01+00:00","description":"En Ginefiv encontrar\u00e1s el confort y la \u00faltima tecnolog\u00eda que forman parte de nuestra identidad desde hace m\u00e1s de 30 a\u00f1os.","breadcrumb":{"@id":"https:\/\/www.ginefiv.com\/it\/cliniche\/#breadcrumb"},"inLanguage":"it-IT","potentialAction":[{"@type":"ReadAction","target":["https:\/\/www.ginefiv.com\/it\/cliniche\/"]}]},{"@type":"ImageObject","inLanguage":"it-IT","@id":"https:\/\/www.ginefiv.com\/it\/cliniche\/#primaryimage","url":"https:\/\/www.ginefiv.com\/wp-content\/uploads\/2023\/09\/madrid-centro-hero21.webp","contentUrl":"https:\/\/www.ginefiv.com\/wp-content\/uploads\/2023\/09\/madrid-centro-hero21.webp","width":2218,"height":1332},{"@type":"BreadcrumbList","@id":"https:\/\/www.ginefiv.com\/it\/cliniche\/#breadcrumb","itemListElement":[{"@type":"ListItem","position":1,"name":"Home","item":"https:\/\/www.ginefiv.com\/it\/"},{"@type":"ListItem","position":2,"name":"Cliniche di riproduzione assistita Ginefiv"}]},{"@type":"WebSite","@id":"https:\/\/www.ginefiv.com\/it\/#website","url":"https:\/\/www.ginefiv.com\/it\/","name":"Ginefiv Espa\u00f1a","description":"Ginefiv, tu cl\u00ednica de reproducci\u00f3n asistida. 35 a\u00f1os de experiencia en inseminaci\u00f3n artificial y fecundaci\u00f3n in vitro","publisher":{"@id":"https:\/\/www.ginefiv.com\/it\/#organization"},"potentialAction":[{"@type":"SearchAction","target":{"@type":"EntryPoint","urlTemplate":"https:\/\/www.ginefiv.com\/it\/?s={search_term_string}"},"query-input":{"@type":"PropertyValueSpecification","valueRequired":true,"valueName":"search_term_string"}}],"inLanguage":"it-IT"},{"@type":"Organization","@id":"https:\/\/www.ginefiv.com\/it\/#organization","name":"Ginefiv","url":"https:\/\/www.ginefiv.com\/it\/","logo":{"@type":"ImageObject","inLanguage":"it-IT","@id":"https:\/\/www.ginefiv.com\/it\/#\/schema\/logo\/image\/","url":"https:\/\/www.ginefiv.com\/wp-content\/uploads\/2023\/12\/descarga.png","contentUrl":"https:\/\/www.ginefiv.com\/wp-content\/uploads\/2023\/12\/descarga.png","width":437,"height":115,"caption":"Ginefiv"},"image":{"@id":"https:\/\/www.ginefiv.com\/it\/#\/schema\/logo\/image\/"}}]}},"_links":{"self":[{"href":"https:\/\/www.ginefiv.com\/it\/wp-json\/wp\/v2\/pages\/8357","targetHints":{"allow":["GET"]}}],"collection":[{"href":"https:\/\/www.ginefiv.com\/it\/wp-json\/wp\/v2\/pages"}],"about":[{"href":"https:\/\/www.ginefiv.com\/it\/wp-json\/wp\/v2\/types\/page"}],"author":[{"embeddable":true,"href":"https:\/\/www.ginefiv.com\/it\/wp-json\/wp\/v2\/users\/1"}],"replies":[{"embeddable":true,"href":"https:\/\/www.ginefiv.com\/it\/wp-json\/wp\/v2\/comments?post=8357"}],"version-history":[{"count":0,"href":"https:\/\/www.ginefiv.com\/it\/wp-json\/wp\/v2\/pages\/8357\/revisions"}],"wp:featuredmedia":[{"embeddable":true,"href":"https:\/\/www.ginefiv.com\/it\/wp-json\/wp\/v2\/media\/1237"}],"wp:attachment":[{"href":"https:\/\/www.ginefiv.com\/it\/wp-json\/wp\/v2\/media?parent=8357"}],"curies":[{"name":"wp","href":"https:\/\/api.w.org\/{rel}","templated":true}]}}