











{"id":8713,"date":"2023-10-26T14:16:49","date_gmt":"2023-10-26T14:16:49","guid":{"rendered":"https:\/\/www.ginefiv.com\/trabaja-con-nosotros\/"},"modified":"2024-05-22T12:10:45","modified_gmt":"2024-05-22T12:10:45","slug":"trabaja-con-nosotros","status":"publish","type":"page","link":"https:\/\/www.ginefiv.com\/it\/trabaja-con-nosotros\/","title":{"rendered":"Lavorare alla Ginefiv"},"content":{"rendered":"<div class=\"wp-block-cover alignfull\" style=\"min-height:20vh;aspect-ratio:unset;\"><span aria-hidden=\"true\" class=\"wp-block-cover__background has-background-dim-40 has-background-dim\"><\/span><img loading=\"lazy\" decoding=\"async\" width=\"1444\" height=\"970\" src=\"https:\/\/www.ginefiv.com\/wp-content\/uploads\/2023\/08\/antes-tratamiento.webp\" class=\"wp-block-cover__image-background wp-post-image\" alt=\"\" data-object-fit=\"cover\" srcset=\"https:\/\/www.ginefiv.com\/wp-content\/uploads\/2023\/08\/antes-tratamiento.webp 1444w, https:\/\/www.ginefiv.com\/wp-content\/uploads\/2023\/08\/antes-tratamiento-300x202.webp 300w, https:\/\/www.ginefiv.com\/wp-content\/uploads\/2023\/08\/antes-tratamiento-1024x688.webp 1024w, https:\/\/www.ginefiv.com\/wp-content\/uploads\/2023\/08\/antes-tratamiento-768x516.webp 768w\" sizes=\"auto, (max-width: 1444px) 100vw, 1444px\" \/><div class=\"wp-block-cover__inner-container is-layout-constrained wp-block-cover-is-layout-constrained\"> <p class=\"has-text-align-center has-large-font-size\"><\/p> <\/div><\/div>    <section  class=\"form-shortcodes-block background-accent-lightest custom-block-padding\">     <div class=\"container\">         <div class=\"row\">             <div class=\"col-12\">                 <div class=\"form-shortcodes-block__text-wrapper\">                                         <div class=\"text-wrapper__text-content\">                         <h1 class=\"title-display\">Lavorare alla Ginefiv<\/h1> <p>Volete unirvi a noi? Formar parte del nostro gruppo significa appartenere ad uno dei gruppi di specialisti della riproduzione assistita con pi\u00f9 esperienza e di riconosciuto prestigio a livello nazionale e internazionale e condividere l\u2019entusiasmo e l\u2019impegno quotidiano per consentire ai nostri pazienti di raggiungere il loro principale traguardo: avere un figlio.<\/p> <p>Da compilare gentilmente il modulo e contatteremo tra poco.<\/p> <p>&nbsp;<\/p>                     <\/div>                 <\/div>                                      <div class=\"form-shortcodes-block__shortcode-wrapper\">                          <div class=\"wpcf7 no-js\" id=\"wpcf7-f8634-o1\" lang=\"it-IT\" dir=\"ltr\" data-wpcf7-id=\"8634\"> <div class=\"screen-reader-response\"><p role=\"status\" aria-live=\"polite\" aria-atomic=\"true\"><\/p> <ul><\/ul><\/div> <form action=\"\/it\/wp-json\/wp\/v2\/pages\/8713#wpcf7-f8634-o1\" method=\"post\" class=\"wpcf7-form init\" aria-label=\"Modulo di contatto\" enctype=\"multipart\/form-data\" novalidate=\"novalidate\" data-status=\"init\"> <fieldset class=\"hidden-fields-container\"><input type=\"hidden\" name=\"_wpcf7\" value=\"8634\" \/><input type=\"hidden\" name=\"_wpcf7_version\" value=\"6.1.5\" \/><input type=\"hidden\" name=\"_wpcf7_locale\" value=\"it_IT\" \/><input type=\"hidden\" name=\"_wpcf7_unit_tag\" value=\"wpcf7-f8634-o1\" \/><input type=\"hidden\" name=\"_wpcf7_container_post\" value=\"0\" \/><input type=\"hidden\" name=\"_wpcf7_posted_data_hash\" value=\"\" \/><input type=\"hidden\" name=\"_wpcf7_recaptcha_response\" value=\"\" \/> <\/fieldset> <div class=\"content-form\">   <div class=\"field-grid-2\">     <div class=\"field\">       <label for=\"firstname\">Nome <span class=\"form-required-decorator\">*<\/span><\/label>       <span class=\"wpcf7-form-control-wrap\" data-name=\"firstname\"><input size=\"40\" maxlength=\"400\" class=\"wpcf7-form-control wpcf7-text wpcf7-validates-as-required\" aria-required=\"true\" aria-invalid=\"false\" value=\"\" type=\"text\" name=\"firstname\" \/><\/span>     <\/div>     <div class=\"field\">       <label for=\"lastname\">Cognome <span class=\"form-required-decorator\">*<\/span><\/label>       <span class=\"wpcf7-form-control-wrap\" data-name=\"lastname\"><input size=\"40\" maxlength=\"400\" class=\"wpcf7-form-control wpcf7-text wpcf7-validates-as-required\" aria-required=\"true\" aria-invalid=\"false\" value=\"\" type=\"text\" name=\"lastname\" \/><\/span>     <\/div>   <\/div>   <div class=\"field\">     <label for=\"email\">Email <span class=\"form-required-decorator\">*<\/span><\/label>     <span class=\"wpcf7-form-control-wrap\" data-name=\"email\"><input size=\"40\" maxlength=\"400\" class=\"wpcf7-form-control wpcf7-email wpcf7-validates-as-required wpcf7-text wpcf7-validates-as-email\" autocomplete=\"email\" aria-required=\"true\" aria-invalid=\"false\" value=\"\" type=\"email\" name=\"email\" \/><\/span>   <\/div>   <div class=\"field\">     <label for=\"perfil\">Profil<\/label>     <span class=\"wpcf7-form-control-wrap\" data-name=\"perfil\"><select class=\"wpcf7-form-control wpcf7-select\" aria-invalid=\"false\" name=\"perfil\"><option value=\"\">&#8212;Seleziona un&#039;opzione&#8212;<\/option><option value=\"Bi\u00f3logo(a)\">Bi\u00f3logo(a)<\/option><option value=\"Ginec\u00f3logo(a)\">Ginec\u00f3logo(a)<\/option><option value=\"Enfermero(a)\">Enfermero(a)<\/option><option value=\"Administrativo\">Administrativo<\/option><option value=\"Auxiliar\">Auxiliar<\/option><\/select><\/span>   <\/div>   <div class=\"field\">     <label for=\"adjuntar_curriculum\">Adjunta curr\u00edculum <span class=\"form-required-decorator\">*<\/span><\/label>     <span class=\"wpcf7-form-control-wrap\" data-name=\"adjuntar_curriculum\"><input size=\"40\" class=\"wpcf7-form-control wpcf7-file wpcf7-validates-as-required\" accept=\".pdf\" aria-required=\"true\" aria-invalid=\"false\" type=\"file\" name=\"adjuntar_curriculum\" \/><\/span>   <\/div>   <div class=\"field\">     <label for=\"carta_de_presentacion\">Targeta de presentaci\u00f3 <span class=\"form-required-decorator\">*<\/span><\/label>     <span class=\"wpcf7-form-control-wrap\" data-name=\"carta_de_presentacion\"><textarea cols=\"40\" rows=\"10\" maxlength=\"2000\" class=\"wpcf7-form-control wpcf7-textarea wpcf7-validates-as-required col-12\" aria-required=\"true\" aria-invalid=\"false\" name=\"carta_de_presentacion\"><\/textarea><\/span>   <\/div>   <div class=\"field\">     <span class=\"wpcf7-form-control-wrap\" data-name=\"legal_consent\"><span class=\"wpcf7-form-control wpcf7-acceptance\"><span class=\"wpcf7-list-item\"><label><input type=\"checkbox\" name=\"legal_consent\" value=\"1\" class=\"checkbox\" aria-invalid=\"false\" \/><span class=\"wpcf7-list-item-label\">Ho letto e accetto informativa sulla <a href=\"https:\/\/www.ginefiv.com\/it\/protezione-dei-dati\/\" target=\"_blank\">privacy<\/a> e <a href=\"https:\/\/www.ginefiv.com\/it\/aviso-legal\/\" target=\"_blank\">note legali<\/a><span class=\"form-required-decorator\">*<\/span><\/span><\/label><\/span><\/span><\/span>   <\/div>   <p>     Al hacer clic en Enviar, aceptas que Ginefiv almacene y procese la informaci\u00f3n personal suministrada arriba para proporcionarte el contenido solicitado.   <\/p>   <input class=\"wpcf7-form-control wpcf7-hidden\" id=\"form-name\" value=\"work_with_us_it\" type=\"hidden\" name=\"form-name\" \/>   <input type=\"hidden\" name=\"utm_campaign\" value=\"\" \/>    <input type=\"hidden\" name=\"utm_source\" value=\"\" \/>   <input type=\"hidden\" name=\"utm_medium\" value=\"\" \/>   <input type=\"hidden\" name=\"utm_term\" value=\"\" \/>   <input type=\"hidden\" name=\"utm_content\" value=\"\" \/>   <input type=\"hidden\" name=\"gclid\" value=\"\" \/>   <input class=\"wpcf7-form-control wpcf7-submit has-spinner\" type=\"submit\" value=\"Spedire\" \/> <\/div><div class=\"wpcf7-response-output\" aria-hidden=\"true\"><\/div> <\/form> <\/div>                     <\/div>                             <\/div>         <\/div>     <\/div> <\/section>   <section> \t<div class=\"cta-block-container\"> \t\t<div class=\"cta-block-container__title\"> \t\t\t<p><h2>Ha qualche<br \/> dubbio?<\/h2> <\/p> \t\t<\/div> \t\t<div class=\"cta-block-container__separator d-none d-md-flex\"> \t\t\t<picture> \t\t\t\t<img decoding=\"async\" class=\"separator__img\" src=\"https:\/\/www.ginefiv.com\/wp-content\/themes\/wac-theme\/assets\/images\/icons\/cta-separator.webp\" alt=\"\"> \t\t\t<\/picture> \t\t<\/div> \t\t<div class=\"cta-block-container__icons-row\"> \t\t\t\t\t\t\t<div class=\"actions\"> \t\t\t\t\t<picture class=\"action__thumbnail\"> \t\t\t\t\t\t<img decoding=\"async\" class=\"action__img\" src=\"https:\/\/www.ginefiv.com\/wp-content\/themes\/wac-theme\/assets\/images\/icons\/cta-phone.webp\" alt=\"\"> \t\t\t\t\t<\/picture> \t\t\t\t\t<div class=\"action__text\"> \t\t\t\t\t\t\t\t\t\t\t\t\t<a class=\"action__text\" href=\"tel:+34 917 888 088\" target=\"_blank\"> \t\t\t\t\t\t\t\t<p> \t\t\t\t\t\t\t\t\tChiama gratis <br><strong>+34 917 888 088<\/strong>\t\t\t\t\t\t\t\t<\/p> \t\t\t\t\t\t\t<\/a> \t\t\t\t\t\t\t\t\t\t\t<\/div> \t\t\t\t<\/div> \t\t\t\t\t\t\t<div class=\"actions\"> \t\t\t\t\t<picture class=\"action__thumbnail\"> \t\t\t\t\t\t<img decoding=\"async\" class=\"action__img\" src=\"https:\/\/www.ginefiv.com\/wp-content\/themes\/wac-theme\/assets\/images\/icons\/cta-clinics.webp\" alt=\"\"> \t\t\t\t\t<\/picture> \t\t\t\t\t<a class=\"action__text permalink underlined\" href=\"https:\/\/www.ginefiv.com\/clinicas\/\"> \t\t\t\t\t\t<p>Venga a visitarci nelle<\/p> \t\t\t\t\t\t<strong>nostre cliniche<\/strong> \t\t\t\t\t<\/a> \t\t\t\t<\/div> \t\t\t\t\t\t\t<div class=\"actions\"> \t\t\t\t\t<picture class=\"action__thumbnail\"> \t\t\t\t\t\t<img decoding=\"async\" class=\"action__img\" src=\"https:\/\/www.ginefiv.com\/wp-content\/themes\/wac-theme\/assets\/images\/icons\/cta-appointment.webp\" alt=\"\"> \t\t\t\t\t<\/picture> \t\t\t\t\t<a class=\"action__text permalink underlined\" href=\"https:\/\/www.ginefiv.com\/it\/prendi-un-appuntamento\/\"> \t\t\t\t\t\t<p>Chieda un<\/p> \t\t\t\t\t\t<strong>appuntamento<\/strong> \t\t\t\t\t<\/a> \t\t\t\t<\/div> \t\t\t\t\t<\/div> \t<\/div> <\/section>","protected":false},"excerpt":{"rendered":"","protected":false},"author":1,"featured_media":1050,"parent":0,"menu_order":0,"comment_status":"closed","ping_status":"closed","template":"","meta":{"_acf_changed":false,"footnotes":""},"class_list":["post-8713","page","type-page","status-publish","has-post-thumbnail","hentry"],"acf":[],"yoast_head":"<!-- This site is optimized with the Yoast SEO plugin v27.0 - https:\/\/yoast.com\/product\/yoast-seo-wordpress\/ -->\n<title>Lavorare alla Ginefiv | Ginefiv Espa\u00f1a<\/title>\n<meta name=\"robots\" content=\"index, follow, max-snippet:-1, max-image-preview:large, max-video-preview:-1\" \/>\n<link rel=\"canonical\" href=\"https:\/\/www.ginefiv.com\/it\/trabaja-con-nosotros\/\" \/>\n<meta property=\"og:locale\" content=\"it_IT\" \/>\n<meta property=\"og:type\" content=\"article\" \/>\n<meta property=\"og:title\" content=\"Lavorare alla Ginefiv | Ginefiv Espa\u00f1a\" \/>\n<meta property=\"og:url\" content=\"https:\/\/www.ginefiv.com\/it\/trabaja-con-nosotros\/\" \/>\n<meta property=\"og:site_name\" content=\"Ginefiv Espa\u00f1a\" \/>\n<meta property=\"article:modified_time\" content=\"2024-05-22T12:10:45+00:00\" \/>\n<meta property=\"og:image\" content=\"https:\/\/www.ginefiv.com\/wp-content\/uploads\/2023\/08\/antes-tratamiento.webp\" \/>\n\t<meta property=\"og:image:width\" content=\"1444\" \/>\n\t<meta property=\"og:image:height\" content=\"970\" \/>\n\t<meta property=\"og:image:type\" content=\"image\/webp\" \/>\n<meta name=\"twitter:card\" content=\"summary_large_image\" \/>\n<meta name=\"twitter:label1\" content=\"Tempo di lettura stimato\" \/>\n\t<meta name=\"twitter:data1\" content=\"1 minuto\" \/>\n<script type=\"application\/ld+json\" class=\"yoast-schema-graph\">{\"@context\":\"https:\/\/schema.org\",\"@graph\":[{\"@type\":\"WebPage\",\"@id\":\"https:\/\/www.ginefiv.com\/it\/trabaja-con-nosotros\/\",\"url\":\"https:\/\/www.ginefiv.com\/it\/trabaja-con-nosotros\/\",\"name\":\"Lavorare alla Ginefiv | Ginefiv Espa\u00f1a\",\"isPartOf\":{\"@id\":\"https:\/\/www.ginefiv.com\/it\/#website\"},\"primaryImageOfPage\":{\"@id\":\"https:\/\/www.ginefiv.com\/it\/trabaja-con-nosotros\/#primaryimage\"},\"image\":{\"@id\":\"https:\/\/www.ginefiv.com\/it\/trabaja-con-nosotros\/#primaryimage\"},\"thumbnailUrl\":\"https:\/\/www.ginefiv.com\/wp-content\/uploads\/2023\/08\/antes-tratamiento.webp\",\"datePublished\":\"2023-10-26T14:16:49+00:00\",\"dateModified\":\"2024-05-22T12:10:45+00:00\",\"breadcrumb\":{\"@id\":\"https:\/\/www.ginefiv.com\/it\/trabaja-con-nosotros\/#breadcrumb\"},\"inLanguage\":\"it-IT\",\"potentialAction\":[{\"@type\":\"ReadAction\",\"target\":[\"https:\/\/www.ginefiv.com\/it\/trabaja-con-nosotros\/\"]}]},{\"@type\":\"ImageObject\",\"inLanguage\":\"it-IT\",\"@id\":\"https:\/\/www.ginefiv.com\/it\/trabaja-con-nosotros\/#primaryimage\",\"url\":\"https:\/\/www.ginefiv.com\/wp-content\/uploads\/2023\/08\/antes-tratamiento.webp\",\"contentUrl\":\"https:\/\/www.ginefiv.com\/wp-content\/uploads\/2023\/08\/antes-tratamiento.webp\",\"width\":1444,\"height\":970},{\"@type\":\"BreadcrumbList\",\"@id\":\"https:\/\/www.ginefiv.com\/it\/trabaja-con-nosotros\/#breadcrumb\",\"itemListElement\":[{\"@type\":\"ListItem\",\"position\":1,\"name\":\"Home\",\"item\":\"https:\/\/www.ginefiv.com\/it\/\"},{\"@type\":\"ListItem\",\"position\":2,\"name\":\"Lavorare alla Ginefiv\"}]},{\"@type\":\"WebSite\",\"@id\":\"https:\/\/www.ginefiv.com\/it\/#website\",\"url\":\"https:\/\/www.ginefiv.com\/it\/\",\"name\":\"Ginefiv Espa\u00f1a\",\"description\":\"Ginefiv, tu cl\u00ednica de reproducci\u00f3n asistida. 35 a\u00f1os de experiencia en inseminaci\u00f3n artificial y fecundaci\u00f3n in vitro\",\"publisher\":{\"@id\":\"https:\/\/www.ginefiv.com\/it\/#organization\"},\"potentialAction\":[{\"@type\":\"SearchAction\",\"target\":{\"@type\":\"EntryPoint\",\"urlTemplate\":\"https:\/\/www.ginefiv.com\/it\/?s={search_term_string}\"},\"query-input\":{\"@type\":\"PropertyValueSpecification\",\"valueRequired\":true,\"valueName\":\"search_term_string\"}}],\"inLanguage\":\"it-IT\"},{\"@type\":\"Organization\",\"@id\":\"https:\/\/www.ginefiv.com\/it\/#organization\",\"name\":\"Ginefiv\",\"url\":\"https:\/\/www.ginefiv.com\/it\/\",\"logo\":{\"@type\":\"ImageObject\",\"inLanguage\":\"it-IT\",\"@id\":\"https:\/\/www.ginefiv.com\/it\/#\/schema\/logo\/image\/\",\"url\":\"https:\/\/www.ginefiv.com\/wp-content\/uploads\/2023\/12\/descarga.png\",\"contentUrl\":\"https:\/\/www.ginefiv.com\/wp-content\/uploads\/2023\/12\/descarga.png\",\"width\":437,\"height\":115,\"caption\":\"Ginefiv\"},\"image\":{\"@id\":\"https:\/\/www.ginefiv.com\/it\/#\/schema\/logo\/image\/\"}}]}<\/script>\n<!-- \/ Yoast SEO plugin. -->","yoast_head_json":{"title":"Lavorare alla Ginefiv | Ginefiv Espa\u00f1a","robots":{"index":"index","follow":"follow","max-snippet":"max-snippet:-1","max-image-preview":"max-image-preview:large","max-video-preview":"max-video-preview:-1"},"canonical":"https:\/\/www.ginefiv.com\/it\/trabaja-con-nosotros\/","og_locale":"it_IT","og_type":"article","og_title":"Lavorare alla Ginefiv | Ginefiv Espa\u00f1a","og_url":"https:\/\/www.ginefiv.com\/it\/trabaja-con-nosotros\/","og_site_name":"Ginefiv Espa\u00f1a","article_modified_time":"2024-05-22T12:10:45+00:00","og_image":[{"width":1444,"height":970,"url":"https:\/\/www.ginefiv.com\/wp-content\/uploads\/2023\/08\/antes-tratamiento.webp","type":"image\/webp"}],"twitter_card":"summary_large_image","twitter_misc":{"Tempo di lettura stimato":"1 minuto"},"schema":{"@context":"https:\/\/schema.org","@graph":[{"@type":"WebPage","@id":"https:\/\/www.ginefiv.com\/it\/trabaja-con-nosotros\/","url":"https:\/\/www.ginefiv.com\/it\/trabaja-con-nosotros\/","name":"Lavorare alla Ginefiv | Ginefiv Espa\u00f1a","isPartOf":{"@id":"https:\/\/www.ginefiv.com\/it\/#website"},"primaryImageOfPage":{"@id":"https:\/\/www.ginefiv.com\/it\/trabaja-con-nosotros\/#primaryimage"},"image":{"@id":"https:\/\/www.ginefiv.com\/it\/trabaja-con-nosotros\/#primaryimage"},"thumbnailUrl":"https:\/\/www.ginefiv.com\/wp-content\/uploads\/2023\/08\/antes-tratamiento.webp","datePublished":"2023-10-26T14:16:49+00:00","dateModified":"2024-05-22T12:10:45+00:00","breadcrumb":{"@id":"https:\/\/www.ginefiv.com\/it\/trabaja-con-nosotros\/#breadcrumb"},"inLanguage":"it-IT","potentialAction":[{"@type":"ReadAction","target":["https:\/\/www.ginefiv.com\/it\/trabaja-con-nosotros\/"]}]},{"@type":"ImageObject","inLanguage":"it-IT","@id":"https:\/\/www.ginefiv.com\/it\/trabaja-con-nosotros\/#primaryimage","url":"https:\/\/www.ginefiv.com\/wp-content\/uploads\/2023\/08\/antes-tratamiento.webp","contentUrl":"https:\/\/www.ginefiv.com\/wp-content\/uploads\/2023\/08\/antes-tratamiento.webp","width":1444,"height":970},{"@type":"BreadcrumbList","@id":"https:\/\/www.ginefiv.com\/it\/trabaja-con-nosotros\/#breadcrumb","itemListElement":[{"@type":"ListItem","position":1,"name":"Home","item":"https:\/\/www.ginefiv.com\/it\/"},{"@type":"ListItem","position":2,"name":"Lavorare alla Ginefiv"}]},{"@type":"WebSite","@id":"https:\/\/www.ginefiv.com\/it\/#website","url":"https:\/\/www.ginefiv.com\/it\/","name":"Ginefiv Espa\u00f1a","description":"Ginefiv, tu cl\u00ednica de reproducci\u00f3n asistida. 35 a\u00f1os de experiencia en inseminaci\u00f3n artificial y fecundaci\u00f3n in vitro","publisher":{"@id":"https:\/\/www.ginefiv.com\/it\/#organization"},"potentialAction":[{"@type":"SearchAction","target":{"@type":"EntryPoint","urlTemplate":"https:\/\/www.ginefiv.com\/it\/?s={search_term_string}"},"query-input":{"@type":"PropertyValueSpecification","valueRequired":true,"valueName":"search_term_string"}}],"inLanguage":"it-IT"},{"@type":"Organization","@id":"https:\/\/www.ginefiv.com\/it\/#organization","name":"Ginefiv","url":"https:\/\/www.ginefiv.com\/it\/","logo":{"@type":"ImageObject","inLanguage":"it-IT","@id":"https:\/\/www.ginefiv.com\/it\/#\/schema\/logo\/image\/","url":"https:\/\/www.ginefiv.com\/wp-content\/uploads\/2023\/12\/descarga.png","contentUrl":"https:\/\/www.ginefiv.com\/wp-content\/uploads\/2023\/12\/descarga.png","width":437,"height":115,"caption":"Ginefiv"},"image":{"@id":"https:\/\/www.ginefiv.com\/it\/#\/schema\/logo\/image\/"}}]}},"_links":{"self":[{"href":"https:\/\/www.ginefiv.com\/it\/wp-json\/wp\/v2\/pages\/8713","targetHints":{"allow":["GET"]}}],"collection":[{"href":"https:\/\/www.ginefiv.com\/it\/wp-json\/wp\/v2\/pages"}],"about":[{"href":"https:\/\/www.ginefiv.com\/it\/wp-json\/wp\/v2\/types\/page"}],"author":[{"embeddable":true,"href":"https:\/\/www.ginefiv.com\/it\/wp-json\/wp\/v2\/users\/1"}],"replies":[{"embeddable":true,"href":"https:\/\/www.ginefiv.com\/it\/wp-json\/wp\/v2\/comments?post=8713"}],"version-history":[{"count":0,"href":"https:\/\/www.ginefiv.com\/it\/wp-json\/wp\/v2\/pages\/8713\/revisions"}],"wp:featuredmedia":[{"embeddable":true,"href":"https:\/\/www.ginefiv.com\/it\/wp-json\/wp\/v2\/media\/1050"}],"wp:attachment":[{"href":"https:\/\/www.ginefiv.com\/it\/wp-json\/wp\/v2\/media?parent=8713"}],"curies":[{"name":"wp","href":"https:\/\/api.w.org\/{rel}","templated":true}]}}